{"id":13,"date":"2022-08-24T10:27:58","date_gmt":"2022-08-24T10:27:58","guid":{"rendered":"https:\/\/bestpeanutmachine.com\/?page_id=13"},"modified":"2022-08-25T06:36:11","modified_gmt":"2022-08-25T06:36:11","slug":"about-us","status":"publish","type":"page","link":"https:\/\/bestpeanutmachine.com\/es\/about-us\/","title":{"rendered":"Sobre nosotros"},"content":{"rendered":"<p>Taizy Machinery Co., Ltd es una empresa global que se integra con la fabricaci\u00f3n y el marketing de forma independiente, que posee un equipo de t\u00e9cnicos profesionales, un taller de fabricaci\u00f3n moderno y la \u00faltima tecnolog\u00eda de procesamiento de man\u00ed. Estamos dedicados a pr\u00e1cticas sostenibles y anticipamos las necesidades de nuestros clientes en t\u00e9rminos de productos de calidad y precios asequibles. Hasta ahora, nuestras m\u00e1quinas procesadoras de man\u00ed y todo tipo de l\u00edneas de man\u00ed se han exportado a m\u00e1s de 80 pa\u00edses y regiones del mundo, como Rusia, Arabia Saudita, Israel, Ghana, Sud\u00e1n, Singapur, Malasia, Nigeria, Nepal, Bangladesh, Sri Lanka, Pa\u00edses Bajos, Kazajst\u00e1n, Australia, Estados Unidos, Brasil, Cuba, Colombia, Chile, M\u00e9xico, Venezuela, Per\u00fa, Filipinas, Sud\u00e1frica, Turqu\u00eda, etc.<\/p>    <p>Nuestros productos cubren una gama completamente completa de m\u00e1quinas procesadoras de man\u00ed, como m\u00e1quinas para semillas de man\u00ed, m\u00e1quinas cosechadoras de man\u00ed, m\u00e1quinas recolectoras de man\u00ed, m\u00e1quinas peladoras de man\u00ed, m\u00e1quinas descascaradoras de man\u00ed, m\u00e1quinas trituradoras de man\u00ed, l\u00edneas de producci\u00f3n de mantequilla de man\u00ed, etc. Todas nuestras m\u00e1quinas est\u00e1n dise\u00f1adas y fabricado seg\u00fan est\u00e1ndares internacionales. Adem\u00e1s, contamos con personal altamente calificado para garantizar la entrega r\u00e1pida y la maravillosa calidad de nuestras m\u00e1quinas. Hoy en d\u00eda, nuestras m\u00e1quinas para fabricar man\u00ed se han exportado con \u00e9xito a 80 pa\u00edses y regiones. <\/p>    <h2 class=\"wp-block-heading\" id=\"h-certificates\">Certificados <\/h2>    <figure class=\"wp-block-image size-large\"><img decoding=\"async\" src=\"https:\/\/cnricemill.com\/wp-content\/uploads\/2022\/08\/certificate-1024x323-1.jpg\" alt=\"\"\/><\/figure>","protected":false},"excerpt":{"rendered":"<p>Taizy Machinery Co., Ltd is a global enterprise that is integrated with manufacturing and marketing independently, which owns professional technicians&#8217; team, a modern manufacturing workshop, and the newest peanut processing technology. We are devoted to sustainable practices and anticipates the need of our customers in terms of quality products and affordable price. Until now, our [&hellip;]<\/p>\n","protected":false},"author":1,"featured_media":0,"parent":0,"menu_order":0,"comment_status":"closed","ping_status":"closed","template":"","meta":{"footnotes":""},"class_list":["post-13","page","type-page","status-publish","hentry"],"_links":{"self":[{"href":"https:\/\/bestpeanutmachine.com\/es\/wp-json\/wp\/v2\/pages\/13","targetHints":{"allow":["GET"]}}],"collection":[{"href":"https:\/\/bestpeanutmachine.com\/es\/wp-json\/wp\/v2\/pages"}],"about":[{"href":"https:\/\/bestpeanutmachine.com\/es\/wp-json\/wp\/v2\/types\/page"}],"author":[{"embeddable":true,"href":"https:\/\/bestpeanutmachine.com\/es\/wp-json\/wp\/v2\/users\/1"}],"replies":[{"embeddable":true,"href":"https:\/\/bestpeanutmachine.com\/es\/wp-json\/wp\/v2\/comments?post=13"}],"version-history":[{"count":0,"href":"https:\/\/bestpeanutmachine.com\/es\/wp-json\/wp\/v2\/pages\/13\/revisions"}],"wp:attachment":[{"href":"https:\/\/bestpeanutmachine.com\/es\/wp-json\/wp\/v2\/media?parent=13"}],"curies":[{"name":"wp","href":"https:\/\/api.w.org\/{rel}","templated":true}]}}