{"id":1003,"date":"2026-01-27T17:43:30","date_gmt":"2026-01-27T09:43:30","guid":{"rendered":"https:\/\/bestpeanutmachine.com\/?post_type=product&#038;p=1003"},"modified":"2026-01-28T17:57:06","modified_gmt":"2026-01-28T09:57:06","slug":"macadamia-opening-machine","status":"publish","type":"product","link":"https:\/\/bestpeanutmachine.com\/es\/product\/macadamia-opening-machine\/","title":{"rendered":"M\u00e1quina de apertura de macadamia"},"content":{"rendered":"<p class=\"translation-block\">La <strong>m\u00e1quina de apertura de macadamias<\/strong> se utiliza para cortar autom\u00e1ticamente las macadamias antes de cascar o procesamiento adicional. La profundidad de corte es ajustable y el ancho de corte m\u00e1ximo est\u00e1 entre 200 y 330 mm, con una salida que puede alcanzar 50-90 kg\/h.<\/p>    <figure class=\"wp-block-embed aligncenter is-type-video is-provider-youtube wp-block-embed-youtube wp-embed-aspect-16-9 wp-has-aspect-ratio\"><div class=\"wp-block-embed__wrapper\"> <iframe loading=\"lazy\" title=\"M\u00e1quina de apertura de macadamia totalmente autom\u00e1tica para un descascarado eficiente Contacto:  8617703863868\" width=\"500\" height=\"281\" src=\"https:\/\/www.youtube.com\/embed\/LX7ewMfcwro?feature=oembed\" frameborder=\"0\" allow=\"accelerometer; autoplay; clipboard-write; encrypted-media; gyroscope; picture-in-picture; web-share\" referrerpolicy=\"strict-origin-when-cross-origin\" allowfullscreen><\/iframe> <\/div><figcaption class=\"wp-element-caption\">Funcionamiento de la m\u00e1quina de apertura de macadamia<\/figcaption><\/figure>    <h2 class=\"wp-block-heading\"><strong>Principales ventajas de la m\u00e1quina de apertura de macadamias<\/strong><\/h2>    <ol class=\"wp-block-list\"> <li>Esta m\u00e1quina de apertura de macadamias features un sistema operativo totalmente autom\u00e1tico, permitiendo que una persona realice todo el trabajo, reduciendo eficazmente los costos laborales.<\/li>    <li>La profundidad de corte y la anchura de apertura son ajustables de forma independiente, para adaptarse a requisitos de procesamiento posteriores.<\/li>    <li>Alta precisi\u00f3n de descascarillado, con una profundidad y anchura de apertura consistentes, permitiendo la venta directa de las nueces.<\/li>    <li>Puede mejorar la eficiencia de descascarado y preparar las nueces para el procesamiento posterior, manteniendo eficazmente la integridad del n\u00facleo.<\/li> <\/ol>   <div class=\"wp-block-image\"> <figure class=\"aligncenter size-full\"><img loading=\"lazy\" decoding=\"async\" width=\"720\" height=\"540\" src=\"https:\/\/bestpeanutmachine.com\/wp-content\/uploads\/2026\/01\/XGKK-21-macadamia-opener.webp\" alt=\"Aperturador XGKK-21 de macadamias\" class=\"wp-image-1013\" srcset=\"https:\/\/bestpeanutmachine.com\/wp-content\/uploads\/2026\/01\/XGKK-21-macadamia-opener.webp 720w, https:\/\/bestpeanutmachine.com\/wp-content\/uploads\/2026\/01\/XGKK-21-macadamia-opener-300x225.webp 300w, https:\/\/bestpeanutmachine.com\/wp-content\/uploads\/2026\/01\/XGKK-21-macadamia-opener-16x12.webp 16w\" sizes=\"auto, (max-width: 720px) 100vw, 720px\" \/><figcaption class=\"wp-element-caption\">Aperturador XGKK-21 de macadamias<\/figcaption><\/figure> <\/div>   <h2 class=\"wp-block-heading\"><strong>Principio de funcionamiento de una abertura comercial de macadamias<\/strong><\/h2>    <ol class=\"wp-block-list\"> <li><strong>Ajuste<\/strong>: La profundidad de corte, el \u00e1ngulo y la velocidad est\u00e1n preajustados seg\u00fan el tama\u00f1o de las nueces.<\/li>    <li><strong>Alimentaci\u00f3n<\/strong>: Las macadamias se introducen en la m\u00e1quina a trav\u00e9s de la boca de alimentaci\u00f3n (se puede usar un ascensor para alimentaci\u00f3n autom\u00e1tica).<\/li>    <li><strong>Posicionamiento<\/strong>: Las nueces se fijan y alinean para un corte preciso.<\/li>    <li><strong>Corte<\/strong>: El modelo est\u00e1ndar utiliza hojas de corte neum\u00e1ticas para realizar un corte circular de 360\u00b0 en la c\u00e1scara.<\/li>    <li><strong>Descarga<\/strong>: Las nueces pre-cascarilladas se descargan, y la macadamia procesada se recoger\u00e1 en la salida.<\/li> <\/ol>    <h2 class=\"wp-block-heading\"><strong>Tipos y par\u00e1metros de la m\u00e1quina de apertura de macadamias<\/strong><\/h2>    <figure class=\"wp-block-table\"><table class=\"has-fixed-layout\"><tbody><tr><td>Modelo<\/td><td class=\"has-text-align-center\" data-align=\"center\">XGKK-10 <\/td><td class=\"has-text-align-center\" data-align=\"center\">XGKK-21<\/td><\/tr><tr><td>Fuente de alimentaci\u00f3n<\/td><td class=\"has-text-align-center\" data-align=\"center\">220V \/ 50Hz, Monof\u00e1sico<\/td><td class=\"has-text-align-center\" data-align=\"center\">380V \/ 50Hz, tres fases<\/td><\/tr><tr><td>Potencia del motor principal<\/td><td class=\"has-text-align-center\" data-align=\"center\">2.2 kW<\/td><td class=\"has-text-align-center\" data-align=\"center\">3 kW<\/td><\/tr><tr><td>Capacidad<\/td><td class=\"has-text-align-center\" data-align=\"center\">50 kg\/h<\/td><td class=\"has-text-align-center\" data-align=\"center\">90 kg\/h<\/td><\/tr><tr><td>Peso<\/td><td class=\"has-text-align-center\" data-align=\"center\">250 kg<\/td><td class=\"has-text-align-center\" data-align=\"center\">500 kg<\/td><\/tr><tr><td>Tama\u00f1o de la m\u00e1quina<\/td><td class=\"has-text-align-center\" data-align=\"center\">1200 \u00d7 700 \u00d7 1100 mm<\/td><td class=\"has-text-align-center\" data-align=\"center\">1500 \u00d7 950 \u00d7 1150 mm<\/td><\/tr><tr><td>Tama\u00f1o de empaque<\/td><td class=\"has-text-align-center\" data-align=\"center\">1350 \u00d7 850 \u00d7 1300 mm<\/td><td class=\"has-text-align-center\" data-align=\"center\">1650 \u00d7 1100 \u00d7 1350 mm<\/td><\/tr><\/tbody><\/table><figcaption class=\"wp-element-caption\">especificaci\u00f3n detallada de la hendidora de macadamias<\/figcaption><\/figure>    <p>El XGKK-10 utiliza accionamiento neum\u00e1tico, combinando presi\u00f3n de aire y control mec\u00e1nico. Tiene una huella peque\u00f1a y es adecuado para plantas de procesamiento de nueces de macadamia con requisitos de producci\u00f3n bajos y donde se necesita un pre-procesamiento simple.<\/p>    <figure class=\"wp-block-gallery has-nested-images columns-default is-cropped wp-block-gallery-2 is-layout-flex wp-block-gallery-is-layout-flex\"> <figure class=\"wp-block-image size-large\"><img loading=\"lazy\" decoding=\"async\" width=\"540\" height=\"720\" data-id=\"1008\" src=\"https:\/\/bestpeanutmachine.com\/wp-content\/uploads\/2026\/01\/cost-effective-macadamia-opening-machine.webp\" alt=\"m\u00e1quina de apertura de macadamias rentable\" class=\"wp-image-1008\" srcset=\"https:\/\/bestpeanutmachine.com\/wp-content\/uploads\/2026\/01\/cost-effective-macadamia-opening-machine.webp 540w, https:\/\/bestpeanutmachine.com\/wp-content\/uploads\/2026\/01\/cost-effective-macadamia-opening-machine-225x300.webp 225w, https:\/\/bestpeanutmachine.com\/wp-content\/uploads\/2026\/01\/cost-effective-macadamia-opening-machine-9x12.webp 9w\" sizes=\"auto, (max-width: 540px) 100vw, 540px\" \/><figcaption class=\"wp-element-caption\">m\u00e1quina de apertura de macadamias rentable<\/figcaption><\/figure>    <figure class=\"wp-block-image size-large\"><img loading=\"lazy\" decoding=\"async\" width=\"540\" height=\"720\" data-id=\"1009\" src=\"https:\/\/bestpeanutmachine.com\/wp-content\/uploads\/2026\/01\/industrial-macadamia-slitting-machine.webp\" alt=\"m\u00e1quina de hendidura industrial de macadamias\" class=\"wp-image-1009\" srcset=\"https:\/\/bestpeanutmachine.com\/wp-content\/uploads\/2026\/01\/industrial-macadamia-slitting-machine.webp 540w, https:\/\/bestpeanutmachine.com\/wp-content\/uploads\/2026\/01\/industrial-macadamia-slitting-machine-225x300.webp 225w, https:\/\/bestpeanutmachine.com\/wp-content\/uploads\/2026\/01\/industrial-macadamia-slitting-machine-9x12.webp 9w\" sizes=\"auto, (max-width: 540px) 100vw, 540px\" \/><figcaption class=\"wp-element-caption\">m\u00e1quina de hendidura industrial de macadamias<\/figcaption><\/figure> <\/figure>    <p>La XGKK-21 utiliza un sistema h\u00edbrido electromec\u00e1nico avanzado, empleando programas de control autom\u00e1ticos para un procesamiento preciso. Ofrece mayor eficiencia y mayor rendimiento, y puede integrarse en l\u00edneas de producci\u00f3n para mejoras de la l\u00ednea.<\/p>    <figure class=\"wp-block-gallery has-nested-images columns-default is-cropped wp-block-gallery-3 is-layout-flex wp-block-gallery-is-layout-flex\"> <figure class=\"wp-block-image size-large\"><img loading=\"lazy\" decoding=\"async\" width=\"720\" height=\"540\" data-id=\"1011\" src=\"https:\/\/bestpeanutmachine.com\/wp-content\/uploads\/2026\/01\/commercial-macadamia-opening-equipment.webp\" alt=\"equipos comerciales de apertura de macadamias\" class=\"wp-image-1011\" srcset=\"https:\/\/bestpeanutmachine.com\/wp-content\/uploads\/2026\/01\/commercial-macadamia-opening-equipment.webp 720w, https:\/\/bestpeanutmachine.com\/wp-content\/uploads\/2026\/01\/commercial-macadamia-opening-equipment-300x225.webp 300w, https:\/\/bestpeanutmachine.com\/wp-content\/uploads\/2026\/01\/commercial-macadamia-opening-equipment-16x12.webp 16w\" sizes=\"auto, (max-width: 720px) 100vw, 720px\" \/><figcaption class=\"wp-element-caption\">equipos comerciales de apertura de macadamias<\/figcaption><\/figure>    <figure class=\"wp-block-image size-large\"><img loading=\"lazy\" decoding=\"async\" width=\"720\" height=\"540\" data-id=\"1010\" src=\"https:\/\/bestpeanutmachine.com\/wp-content\/uploads\/2026\/01\/macadamia-cutting-open-machine.webp\" alt=\"M\u00e1quina para abrir macadamias\" class=\"wp-image-1010\" srcset=\"https:\/\/bestpeanutmachine.com\/wp-content\/uploads\/2026\/01\/macadamia-cutting-open-machine.webp 720w, https:\/\/bestpeanutmachine.com\/wp-content\/uploads\/2026\/01\/macadamia-cutting-open-machine-300x225.webp 300w, https:\/\/bestpeanutmachine.com\/wp-content\/uploads\/2026\/01\/macadamia-cutting-open-machine-16x12.webp 16w\" sizes=\"auto, (max-width: 720px) 100vw, 720px\" \/><figcaption class=\"wp-element-caption\">M\u00e1quina para abrir macadamias<\/figcaption><\/figure> <\/figure>    <p>If you&#8217;re unsure which machine is best suited for your needs, please contact us and provide details about your raw materials and requirements. Our professional sales team will recommend the most suitable machine for you.<\/p>    <h2 class=\"wp-block-heading\"><strong>Aplicaciones de equipos autom\u00e1ticos de apertura de macadamias<\/strong><\/h2>    <p>Las m\u00e1quinas de hendidura de nuez de macadamia se utilizan ampliamente en plantas de procesamiento primario de macadamias y en f\u00e1bricas de exportaci\u00f3n y clasificaci\u00f3n de nueces. Esta m\u00e1quina b\u00e1sica de procesamiento es ideal para plantaciones de macadamia con instalaciones de procesamiento en sitio, ayud\u00e1ndolas a completar el procesamiento inicial y obtener precios de compra m\u00e1s altos.<\/p>    <p>Adem\u00e1s, nuestras m\u00e1quinas de apertura de macadamia tambi\u00e9n son adecuadas para procesadores peque\u00f1os y medianos y para l\u00edneas de procesamiento industrial de nueces de macadamia a gran escala, y pueden integrarse con equipos de descascarado, clasificaci\u00f3n y envasado.<\/p>    <p>Las macadamias que ya han sido crackeadas tienen menos probabilidades de da\u00f1arse durante la c\u00e1scara, resultando en una mayor eficiencia de procesamiento. <\/p>    <figure class=\"wp-block-gallery has-nested-images columns-default is-cropped wp-block-gallery-4 is-layout-flex wp-block-gallery-is-layout-flex\"> <figure class=\"wp-block-image size-large\"><img loading=\"lazy\" decoding=\"async\" width=\"720\" height=\"540\" data-id=\"1014\" src=\"https:\/\/bestpeanutmachine.com\/wp-content\/uploads\/2026\/01\/macadamia-nuts-with-slits.webp\" alt=\"macadamias con ranuras\" class=\"wp-image-1014\" srcset=\"https:\/\/bestpeanutmachine.com\/wp-content\/uploads\/2026\/01\/macadamia-nuts-with-slits.webp 720w, https:\/\/bestpeanutmachine.com\/wp-content\/uploads\/2026\/01\/macadamia-nuts-with-slits-300x225.webp 300w, https:\/\/bestpeanutmachine.com\/wp-content\/uploads\/2026\/01\/macadamia-nuts-with-slits-16x12.webp 16w\" sizes=\"auto, (max-width: 720px) 100vw, 720px\" \/><figcaption class=\"wp-element-caption\">macadamias con ranuras<\/figcaption><\/figure>    <figure class=\"wp-block-image size-large\"><img loading=\"lazy\" decoding=\"async\" width=\"720\" height=\"540\" data-id=\"1015\" src=\"https:\/\/bestpeanutmachine.com\/wp-content\/uploads\/2026\/01\/shelled-macadamia-nuts.webp\" alt=\"macadamias casadas\" class=\"wp-image-1015\" srcset=\"https:\/\/bestpeanutmachine.com\/wp-content\/uploads\/2026\/01\/shelled-macadamia-nuts.webp 720w, https:\/\/bestpeanutmachine.com\/wp-content\/uploads\/2026\/01\/shelled-macadamia-nuts-300x225.webp 300w, https:\/\/bestpeanutmachine.com\/wp-content\/uploads\/2026\/01\/shelled-macadamia-nuts-16x12.webp 16w\" sizes=\"auto, (max-width: 720px) 100vw, 720px\" \/><figcaption class=\"wp-element-caption\">macadamias casadas<\/figcaption><\/figure> <\/figure>    <h2 class=\"wp-block-heading\"><strong>Preguntas frecuentes \u2013 M\u00e1quina de apertura de macadamias<\/strong><\/h2>   <div id=\"rank-math-faq\" class=\"rank-math-block\"> <div class=\"rank-math-list\"> <div id=\"faq-question-1769482612140\" class=\"rank-math-list-item\"> <h3 class=\"rank-math-question\"><strong>\u00bfCu\u00e1l es el prop\u00f3sito de abrir las macadamias antes de cascar?<\/strong><\/h3> <div class=\"rank-math-answer\">  <p>El pre-abierto crea una ranura controlada que facilita, acelera y hace m\u00e1s seguro la fisura de la c\u00e1scara del n\u00facleo.<\/p>  <\/div> <\/div> <div id=\"faq-question-1769482653015\" class=\"rank-math-list-item\"> <h3 class=\"rank-math-question\"><strong>\u00bfUna sola m\u00e1quina puede manejar diferentes tama\u00f1os de macadamias?<\/strong><\/h3> <div class=\"rank-math-answer\">  <p>S\u00ed, la profundidad de corte y el \u00e1ngulo pueden ajustarse para adaptarse a diferentes tama\u00f1os de macadamias.<\/p>  <\/div> <\/div> <div id=\"faq-question-1769482696834\" class=\"rank-math-list-item\"> <h3 class=\"rank-math-question\"><strong>\u00bfPor qu\u00e9 usar una m\u00e1quina de corte circular?<\/strong><\/h3> <div class=\"rank-math-answer\">  <p>El dise\u00f1o de corte circular distribuye la fuerza de manera uniforme, reduciendo significativamente la rotura del n\u00facleo durante el proceso de corte.<\/p>  <\/div> <\/div> <div id=\"faq-question-1769482868664\" class=\"rank-math-list-item\"> <h3 class=\"rank-math-question\"><strong>\u00bfCu\u00e1l es el \u00e1ngulo m\u00e1ximo de apertura de la m\u00e1quina?<\/strong><\/h3> <div class=\"rank-math-answer\">  <p>XGKK-10: ajustable hasta 200 grados<br \/>XGKK-21: ajustable hasta 330 grados<\/p>  <\/div> <\/div> <\/div> <\/div>  <div class=\"wp-block-image\"> <figure class=\"aligncenter size-large\"><img loading=\"lazy\" decoding=\"async\" width=\"1024\" height=\"846\" src=\"https:\/\/bestpeanutmachine.com\/wp-content\/uploads\/2026\/01\/XGKK-10-macadamia-slitting-machine-1024x846.webp\" alt=\"XGKK-10  m\u00e1quina de hendidura de macadamias\" class=\"wp-image-1012\" srcset=\"https:\/\/bestpeanutmachine.com\/wp-content\/uploads\/2026\/01\/XGKK-10-macadamia-slitting-machine-1024x846.webp 1024w, https:\/\/bestpeanutmachine.com\/wp-content\/uploads\/2026\/01\/XGKK-10-macadamia-slitting-machine-300x248.webp 300w, https:\/\/bestpeanutmachine.com\/wp-content\/uploads\/2026\/01\/XGKK-10-macadamia-slitting-machine-768x634.webp 768w, https:\/\/bestpeanutmachine.com\/wp-content\/uploads\/2026\/01\/XGKK-10-macadamia-slitting-machine-15x12.webp 15w, https:\/\/bestpeanutmachine.com\/wp-content\/uploads\/2026\/01\/XGKK-10-macadamia-slitting-machine.webp 1080w\" sizes=\"auto, (max-width: 1024px) 100vw, 1024px\" \/><figcaption class=\"wp-element-caption\">XGKK-10  m\u00e1quina de hendidura de macadamias<\/figcaption><\/figure> <\/div>   <p>La m\u00e1quina de apertura de macadamias es un equipo esencial en el procesamiento moderno de nueces de macadamia. Si planea construir o actualizar una l\u00ednea de procesamiento de macadamias, elegir la m\u00e1quina de craqueo adecuada es un paso crucial para mejorar la eficiencia y mejorar la calidad del producto.<\/p>    <p>Cont\u00e1ctenos y deje que Taizy le ayude a dise\u00f1ar la soluci\u00f3n de producci\u00f3n de procesamiento de nueces m\u00e1s adecuada.<\/p>    <p>Equipo relacionado de macadamias: <\/p>    <ul class=\"wp-block-list\"> <li><a href=\"https:\/\/bestpeanutmachine.com\/es\/product\/2-3t-h-hazelnut-almond-shelling-line\/\">L\u00ednea de descascado de macadamias<\/a><\/li>    <li><a href=\"https:\/\/bestpeanutmachine.com\/es\/product\/nut-sorting-machine-for-almonds\/\">M\u00e1quina de Clasificaci\u00f3n de Nueces<\/a><\/li>    <li><a href=\"https:\/\/bestpeanutmachine.com\/es\/product\/nut-chopping-machine\/\">M\u00e1quina de Picado de Nueces<\/a><\/li> <\/ul>","protected":false},"excerpt":{"rendered":"<p>This professional nut cracking machine, specifically designed for automatically cracking macadamia nuts, features adjustable cracking depth and high processing efficiency, helping to reduce kernel damage and improve the production efficiency of macadamia nut processing lines.<\/p>","protected":false},"author":1,"featured_media":1017,"parent":0,"template":"","tags":[77,84],"product-type":[76,6],"class_list":["post-1003","product","type-product","status-publish","has-post-thumbnail","hentry","tag-almond","tag-macadamia","product-type-other-nuts-machine","product-type-product"],"_links":{"self":[{"href":"https:\/\/bestpeanutmachine.com\/es\/wp-json\/wp\/v2\/product\/1003","targetHints":{"allow":["GET"]}}],"collection":[{"href":"https:\/\/bestpeanutmachine.com\/es\/wp-json\/wp\/v2\/product"}],"about":[{"href":"https:\/\/bestpeanutmachine.com\/es\/wp-json\/wp\/v2\/types\/product"}],"author":[{"embeddable":true,"href":"https:\/\/bestpeanutmachine.com\/es\/wp-json\/wp\/v2\/users\/1"}],"wp:featuredmedia":[{"embeddable":true,"href":"https:\/\/bestpeanutmachine.com\/es\/wp-json\/wp\/v2\/media\/1017"}],"wp:attachment":[{"href":"https:\/\/bestpeanutmachine.com\/es\/wp-json\/wp\/v2\/media?parent=1003"}],"wp:term":[{"taxonomy":"post_tag","embeddable":true,"href":"https:\/\/bestpeanutmachine.com\/es\/wp-json\/wp\/v2\/tags?post=1003"},{"taxonomy":"product-type","embeddable":true,"href":"https:\/\/bestpeanutmachine.com\/es\/wp-json\/wp\/v2\/product-type?post=1003"}],"curies":[{"name":"wp","href":"https:\/\/api.w.org\/{rel}","templated":true}]}}