{"id":1112,"date":"2026-02-06T14:19:53","date_gmt":"2026-02-06T06:19:53","guid":{"rendered":"https:\/\/bestpeanutmachine.com\/?post_type=product&#038;p=1112"},"modified":"2026-02-10T17:59:05","modified_gmt":"2026-02-10T09:59:05","slug":"oil-extraction-machine-nut-opressing","status":"publish","type":"product","link":"https:\/\/bestpeanutmachine.com\/es\/product\/oil-extraction-machine-nut-opressing\/","title":{"rendered":"M\u00e1quina de extracci\u00f3n de aceite hidr\u00e1ulico de alta presi\u00f3n"},"content":{"rendered":"<p class=\"translation-block\">La <strong>m\u00e1quina de extracci\u00f3n de aceite <\/strong>utiliza un m\u00e9todo de prensado puramente f\u00edsico, que puede prensar en fr\u00edo semillas de s\u00e9samo y ma\u00edz, as\u00ed como prensar en caliente nueces, aceitunas y nueces de macadamia. La m\u00e1quina funciona a hasta 60 MPa, extrayendo el aceite de manera eficiente mientras preserva los nutrientes y el sabor.<\/p>    <p>Su producci\u00f3n por hora var\u00eda de 12 a 180 kg dependiendo del modelo, con una temperatura de calentamiento controlable entre 70\u2103 y 90\u2103. La m\u00e1quina de aceite de prensado en fr\u00edo es f\u00e1cil de operar con un manual de instrucciones sencillo. Una persona puede operar de 3 a 4 unidades al mismo tiempo.<\/p>    <figure class=\"wp-block-embed aligncenter is-type-video is-provider-youtube wp-block-embed-youtube wp-embed-aspect-16-9 wp-has-aspect-ratio\"><div class=\"wp-block-embed__wrapper\"> <iframe loading=\"lazy\" title=\"M\u00e1quina de prensa hidr\u00e1ulica de alta presi\u00f3n para nueces, aceitunas y extracci\u00f3n de aceites condimentados!  8617703863868\" width=\"500\" height=\"281\" src=\"https:\/\/www.youtube.com\/embed\/JRrwClzesUs?feature=oembed\" frameborder=\"0\" allow=\"accelerometer; autoplay; clipboard-write; encrypted-media; gyroscope; picture-in-picture; web-share\" referrerpolicy=\"strict-origin-when-cross-origin\" allowfullscreen><\/iframe> <\/div><figcaption class=\"wp-element-caption\">video de trabajo de la m\u00e1quina de prensa de aceite de s\u00e9samo<\/figcaption><\/figure>    <h2 class=\"wp-block-heading\"><strong>Ventajas clave de la m\u00e1quina de extracci\u00f3n de aceite<\/strong><\/h2>    <ol class=\"wp-block-list\"> <li>La m\u00e1quina de prensa de aceite Taizy tiene una alta tasa de extracci\u00f3n de aceite: 43%\u201347% para semillas de s\u00e9samo y 50%\u201360% para nueces.<\/li>    <li>La calidad del aceite es excelente, utilizando un proceso de prensado en fr\u00edo para maximizar la conservaci\u00f3n de nutrientes y compuestos activos. Produce aceite claro con poca impureza y tortas de alto valor.<\/li>    <li>Equipado con un sistema de ultra alta presi\u00f3n, su presi\u00f3n m\u00e1xima puede alcanzar 60 MPa, proporcionando una fuerza de prensado continua y estable, adecuada para materiales oleosos duros y blandos.<\/li>    <li>Puede realizar prensado en caliente y en fr\u00edo simult\u00e1neamente con una amplia gama de aplicaciones.<\/li>    <li>Esta m\u00e1quina de extracci\u00f3n de aceite utiliza un dise\u00f1o mecatr\u00f3nico, tiene una baja tasa de fallos, un alto grado de automatizaci\u00f3n y puede ser operada por una sola persona.<\/li> <\/ol>   <div class=\"wp-block-image\"> <figure class=\"aligncenter size-full\"><img loading=\"lazy\" decoding=\"async\" width=\"720\" height=\"540\" src=\"https:\/\/bestpeanutmachine.com\/wp-content\/uploads\/2026\/02\/oil-press-machine.webp\" alt=\"m\u00e1quina de prensa de aceite\" class=\"wp-image-1127\" srcset=\"https:\/\/bestpeanutmachine.com\/wp-content\/uploads\/2026\/02\/oil-press-machine.webp 720w, https:\/\/bestpeanutmachine.com\/wp-content\/uploads\/2026\/02\/oil-press-machine-300x225.webp 300w, https:\/\/bestpeanutmachine.com\/wp-content\/uploads\/2026\/02\/oil-press-machine-16x12.webp 16w\" sizes=\"auto, (max-width: 720px) 100vw, 720px\" \/><figcaption class=\"wp-element-caption\">m\u00e1quina de prensa de aceite<\/figcaption><\/figure> <\/div>   <h2 class=\"wp-block-heading\"><strong>Principio de funcionamiento de la m\u00e1quina de extracci\u00f3n de aceite<\/strong><\/h2>    <p class=\"translation-block\">Esta m\u00e1quina de extracci\u00f3n de aceite funciona seg\u00fan el <strong>principio de transmisi\u00f3n de presi\u00f3n est\u00e1tica l\u00edquida<\/strong>. Utiliza aceite hidr\u00e1ulico como medio de transmisi\u00f3n de presi\u00f3n, y un sistema hidr\u00e1ulico de ultra alta presi\u00f3n aplica presi\u00f3n uniforme a las materias de aceite.<\/p>    <p class=\"translation-block\">Las semillas oleaginosas se extraen mediante <strong>prensado f\u00edsico puro<\/strong>, maximizando la extracci\u00f3n de aceites naturales sin a\u00f1adir ning\u00fan aditivo qu\u00edmico.<\/p>    <p class=\"translation-block\">The entire system consists of a <strong>hydraulic power unit and a sealed pressing chamber<\/strong>, forming a closed-loop hydraulic circuit. This ensures that the hydraulic oil circulates continuously within the system, significantly extending the machine&#8217;s lifespan.<\/p>    <p>Este sistema permite que la m\u00e1quina controle autom\u00e1ticamente la presi\u00f3n durante la operaci\u00f3n. Cuando la presi\u00f3n alcanza 55\u201360 MPa, la m\u00e1quina se detiene autom\u00e1ticamente. Cuando la presi\u00f3n disminuye, la m\u00e1quina se reinicia autom\u00e1ticamente, asegurando una extracci\u00f3n de aceite eficiente y segura.<\/p>    <figure class=\"wp-block-gallery has-nested-images columns-default is-cropped wp-block-gallery-2 is-layout-flex wp-block-gallery-is-layout-flex\"> <figure class=\"wp-block-image size-large\"><img loading=\"lazy\" decoding=\"async\" width=\"720\" height=\"540\" data-id=\"1132\" src=\"https:\/\/bestpeanutmachine.com\/wp-content\/uploads\/2026\/02\/avocado-oil-press-machine.webp\" alt=\"m\u00e1quina de prensa de aceite de aguacate\" class=\"wp-image-1132\" srcset=\"https:\/\/bestpeanutmachine.com\/wp-content\/uploads\/2026\/02\/avocado-oil-press-machine.webp 720w, https:\/\/bestpeanutmachine.com\/wp-content\/uploads\/2026\/02\/avocado-oil-press-machine-300x225.webp 300w, https:\/\/bestpeanutmachine.com\/wp-content\/uploads\/2026\/02\/avocado-oil-press-machine-16x12.webp 16w\" sizes=\"auto, (max-width: 720px) 100vw, 720px\" \/><figcaption class=\"wp-element-caption\">m\u00e1quina de prensa de aceite de aguacate<\/figcaption><\/figure>    <figure class=\"wp-block-image size-large\"><img loading=\"lazy\" decoding=\"async\" width=\"720\" height=\"540\" data-id=\"1133\" src=\"https:\/\/bestpeanutmachine.com\/wp-content\/uploads\/2026\/02\/hydraulic-cold-press-oil-machine.webp\" alt=\"m\u00e1quina hidr\u00e1ulica de prensado en fr\u00edo de aceite\" class=\"wp-image-1133\" srcset=\"https:\/\/bestpeanutmachine.com\/wp-content\/uploads\/2026\/02\/hydraulic-cold-press-oil-machine.webp 720w, https:\/\/bestpeanutmachine.com\/wp-content\/uploads\/2026\/02\/hydraulic-cold-press-oil-machine-300x225.webp 300w, https:\/\/bestpeanutmachine.com\/wp-content\/uploads\/2026\/02\/hydraulic-cold-press-oil-machine-16x12.webp 16w\" sizes=\"auto, (max-width: 720px) 100vw, 720px\" \/><figcaption class=\"wp-element-caption\">m\u00e1quina hidr\u00e1ulica de prensado en fr\u00edo de aceite<\/figcaption><\/figure> <\/figure>    <h2 class=\"wp-block-heading\"><strong>\u00bfC\u00f3mo usar la m\u00e1quina de prensa de aceite?<\/strong><\/h2>    <p>Paso 1: Encienda la alimentaci\u00f3n y verifique las luces indicadoras. (Para el primer uso, encienda y apague la m\u00e1quina 10 veces para purgar el aire del sistema hidr\u00e1ulico y configure la temperatura de calefacci\u00f3n entre 50\u201360\u00b0C.)<\/p>    <p>Paso 2: Levante cuidadosamente el pist\u00f3n (sin exceder la altura segura) y coloque una almohadilla de filtro de algod\u00f3n en la parte inferior.<br>Agregue el aceite tostado y coloque otra almohadilla de algod\u00f3n y la placa de presi\u00f3n.<\/p>    <p>Paso 3: Inicie la m\u00e1quina y comience a prensar. Despu\u00e9s de 2\u20133 ciclos de presi\u00f3n, retire la torta de aceite y libere lentamente la presi\u00f3n.<\/p>    <p class=\"translation-block\"><strong>Nota<\/strong>: Antes de comenzar el siguiente ciclo, baje completamente el pist\u00f3n. La bolsa del filtro de aceite generalmente necesita ser reemplazada despu\u00e9s de unos usos.<\/p>    <figure class=\"wp-block-gallery has-nested-images columns-default is-cropped wp-block-gallery-3 is-layout-flex wp-block-gallery-is-layout-flex\"> <figure class=\"wp-block-image size-large\"><img loading=\"lazy\" decoding=\"async\" width=\"540\" height=\"720\" data-id=\"1124\" src=\"https:\/\/bestpeanutmachine.com\/wp-content\/uploads\/2026\/02\/oil-filter-bag.webp\" alt=\"Bolsa de filtro de aceite\" class=\"wp-image-1124\" srcset=\"https:\/\/bestpeanutmachine.com\/wp-content\/uploads\/2026\/02\/oil-filter-bag.webp 540w, https:\/\/bestpeanutmachine.com\/wp-content\/uploads\/2026\/02\/oil-filter-bag-225x300.webp 225w, https:\/\/bestpeanutmachine.com\/wp-content\/uploads\/2026\/02\/oil-filter-bag-9x12.webp 9w\" sizes=\"auto, (max-width: 540px) 100vw, 540px\" \/><figcaption class=\"wp-element-caption\">Bolsa de filtro de aceite<\/figcaption><\/figure>    <figure class=\"wp-block-image size-large\"><img loading=\"lazy\" decoding=\"async\" width=\"540\" height=\"720\" data-id=\"1125\" src=\"https:\/\/bestpeanutmachine.com\/wp-content\/uploads\/2026\/02\/pressure-plate.webp\" alt=\"placa de presi\u00f3n\" class=\"wp-image-1125\" srcset=\"https:\/\/bestpeanutmachine.com\/wp-content\/uploads\/2026\/02\/pressure-plate.webp 540w, https:\/\/bestpeanutmachine.com\/wp-content\/uploads\/2026\/02\/pressure-plate-225x300.webp 225w, https:\/\/bestpeanutmachine.com\/wp-content\/uploads\/2026\/02\/pressure-plate-9x12.webp 9w\" sizes=\"auto, (max-width: 540px) 100vw, 540px\" \/><figcaption class=\"wp-element-caption\">placa de presi\u00f3n<\/figcaption><\/figure>    <figure class=\"wp-block-image size-large\"><img loading=\"lazy\" decoding=\"async\" width=\"540\" height=\"720\" data-id=\"1126\" src=\"https:\/\/bestpeanutmachine.com\/wp-content\/uploads\/2026\/02\/pressure-relief-valve.webp\" alt=\"v\u00e1lvula de alivio de presi\u00f3n\" class=\"wp-image-1126\" srcset=\"https:\/\/bestpeanutmachine.com\/wp-content\/uploads\/2026\/02\/pressure-relief-valve.webp 540w, https:\/\/bestpeanutmachine.com\/wp-content\/uploads\/2026\/02\/pressure-relief-valve-225x300.webp 225w, https:\/\/bestpeanutmachine.com\/wp-content\/uploads\/2026\/02\/pressure-relief-valve-9x12.webp 9w\" sizes=\"auto, (max-width: 540px) 100vw, 540px\" \/><figcaption class=\"wp-element-caption\">v\u00e1lvula de alivio de presi\u00f3n<\/figcaption><\/figure> <\/figure>    <h2 class=\"wp-block-heading\">Especificaciones t\u00e9cnicas de la m\u00e1quina de extracci\u00f3n de aceite<\/h2>    <p>Ofrecemos una variedad de estilos para adaptarse a diferentes necesidades de producci\u00f3n. Puede elegir seg\u00fan sus necesidades reales de producci\u00f3n.<\/p>    <p>Si no est\u00e1 seguro de qu\u00e9 opci\u00f3n es la mejor para usted, proporcione sus materias primas y requisitos de producci\u00f3n, y nuestros profesionales le ofrecer\u00e1n una soluci\u00f3n basada en su informaci\u00f3n.<\/p>    <figure class=\"wp-block-table aligncenter\"><table class=\"has-fixed-layout\"><thead><tr><th>Modelo<\/th><th>TZ-150<\/th><th>TZ-180<\/th><th>TZ-230<\/th><th>TZ-260<\/th><th>TZ-320<\/th><th>TZ-360<\/th><th>TZ-415<\/th><th>TZ-460<\/th><\/tr><\/thead><tbody><tr><td>Capacidad<\/td><td>12kg\/h<\/td><td>20kg\/h<\/td><td>40kg\/h<\/td><td>60kg\/h<\/td><td>70kg\/h<\/td><td>90kg\/h<\/td><td>120kg\/h<\/td><td>180kg\/h<\/td><\/tr><tr><td>Barril <br>capacidad<\/td><td>2kg<\/td><td>4kg<\/td><td>8kg<\/td><td>12kg<\/td><td>17.5kg<\/td><td>22.5kg<\/td><td>30kg<\/td><td>45kg<\/td><\/tr><tr><td>Torta de aceite <br>di\u00e1metro <\/td><td>155mm<\/td><td>192mm<\/td><td>242mm<\/td><td>268mm<\/td><td>323mm<\/td><td>370mm<\/td><td>415mm<\/td><td>460mm<\/td><\/tr><tr><td>Motor <br>potencia<\/td><td>0.75 kW<\/td><td>1.5 kW<\/td><td>1.5 kW<\/td><td>1.5 kW<\/td><td>2.2 kW<\/td><td>2.2 kW<\/td><td>2.2 kW<\/td><td>3 kW<\/td><\/tr><tr><td>Calefacci\u00f3n <br>potencia<\/td><td>600 W<\/td><td>720 W<\/td><td>850 W<\/td><td>950 W<\/td><td>1100 W<\/td><td>1250 W<\/td><td>1500 W<\/td><td>2000 W<\/td><\/tr><tr><td>Calefacci\u00f3n <br>temperatura <\/td><td>70\u201390\u2103<\/td><td>70\u201390\u2103<\/td><td>70\u201390\u2103<\/td><td>70\u201390\u2103<\/td><td>70\u201390\u2103<\/td><td>70\u201390\u2103<\/td><td>70\u201390\u2103<\/td><td>70\u201390\u2103<\/td><\/tr><tr><td>En funcionamiento <br>presi\u00f3n <\/td><td>55\u201360MPa<\/td><td>55\u201360MPa<\/td><td>55\u201360MPa<\/td><td>55\u201360MPa<\/td><td>55\u201360MPa<\/td><td>55\u201360MPa<\/td><td>55\u201360MPa<\/td><td>55\u201360MPa<\/td><\/tr><tr><td>Peso <\/td><td>240 kilos<\/td><td>550kg<\/td><td>950kg<\/td><td>1200 kg<\/td><td>1700kg<\/td><td>2000kg<\/td><td>2200kg<\/td><td>3000kg<\/td><\/tr><\/tbody><\/table><figcaption class=\"wp-element-caption\">par\u00e1metros de la m\u00e1quina de extracci\u00f3n de aceite<\/figcaption><\/figure>    <p class=\"translation-block\"><strong>Nota<\/strong>: La tasa real de extracci\u00f3n de aceite puede variar dependiendo de la calidad de la materia prima, contenido de humedad y m\u00e9todo de prensado (prensado en fr\u00edo o en caliente).<\/p>    <figure class=\"wp-block-gallery has-nested-images columns-default is-cropped wp-block-gallery-4 is-layout-flex wp-block-gallery-is-layout-flex\"> <figure class=\"wp-block-image size-large\"><img loading=\"lazy\" decoding=\"async\" width=\"720\" height=\"540\" data-id=\"1128\" src=\"https:\/\/bestpeanutmachine.com\/wp-content\/uploads\/2026\/02\/cold-press-oil-extraction-machine.webp\" alt=\"m\u00e1quina de extracci\u00f3n de aceite en fr\u00edo\" class=\"wp-image-1128\" srcset=\"https:\/\/bestpeanutmachine.com\/wp-content\/uploads\/2026\/02\/cold-press-oil-extraction-machine.webp 720w, https:\/\/bestpeanutmachine.com\/wp-content\/uploads\/2026\/02\/cold-press-oil-extraction-machine-300x225.webp 300w, https:\/\/bestpeanutmachine.com\/wp-content\/uploads\/2026\/02\/cold-press-oil-extraction-machine-16x12.webp 16w\" sizes=\"auto, (max-width: 720px) 100vw, 720px\" \/><figcaption class=\"wp-element-caption\">m\u00e1quina de extracci\u00f3n de aceite en fr\u00edo<\/figcaption><\/figure>    <figure class=\"wp-block-image size-large\"><img loading=\"lazy\" decoding=\"async\" width=\"720\" height=\"540\" data-id=\"1129\" src=\"https:\/\/bestpeanutmachine.com\/wp-content\/uploads\/2026\/02\/cold-press-oil-machine.webp\" alt=\"m\u00e1quina de prensado en fr\u00edo de aceite\" class=\"wp-image-1129\" srcset=\"https:\/\/bestpeanutmachine.com\/wp-content\/uploads\/2026\/02\/cold-press-oil-machine.webp 720w, https:\/\/bestpeanutmachine.com\/wp-content\/uploads\/2026\/02\/cold-press-oil-machine-300x225.webp 300w, https:\/\/bestpeanutmachine.com\/wp-content\/uploads\/2026\/02\/cold-press-oil-machine-16x12.webp 16w\" sizes=\"auto, (max-width: 720px) 100vw, 720px\" \/><figcaption class=\"wp-element-caption\">m\u00e1quina de prensado en fr\u00edo de aceite<\/figcaption><\/figure> <\/figure>    <h2 class=\"wp-block-heading\"><strong>Amplio rango de aplicaciones de la m\u00e1quina de extracci\u00f3n de aceite<\/strong><\/h2>    <p>Esta prensa de aceite soporta m\u00e9todos de prensado en caliente y en fr\u00edo y es adecuada para una variedad de materias primas:<\/p>    <p class=\"translation-block\"><strong>Aceite comestible prensado en caliente:<\/strong><\/p>    <ul class=\"wp-block-list\"> <li>S\u00e9samo<\/li>    <li>Lino<\/li>    <li>Cacahuetes<\/li>    <li>Germen de trigo<\/li>    <li>Germen de ma\u00edz<\/li> <\/ul>    <p class=\"translation-block\"><strong>Aceites saludables de prensado en fr\u00edo:<\/strong><\/p>    <ul class=\"wp-block-list\"> <li>Nueces<\/li>    <li>Nueces de pino<\/li>    <li>Almendras<\/li>    <li>Semillas de girasol<\/li>    <li>Aceitunas<\/li>    <li>Nueces de macadamia<\/li>    <li>Semillas de camelia<\/li> <\/ul>    <p class=\"translation-block\"><strong>Extracci\u00f3n de aceite de especias y hierbas:<\/strong><\/p>    <ul class=\"wp-block-list\"> <li>Semillas de Sichuan<\/li>    <li>Semillas de mostaza<\/li>    <li>Semillas de perilla<\/li>    <li>Hierbas de medicina tradicional china<\/li> <\/ul>   <div class=\"wp-block-image\"> <figure class=\"aligncenter size-full\"><img loading=\"lazy\" decoding=\"async\" width=\"720\" height=\"540\" src=\"https:\/\/bestpeanutmachine.com\/wp-content\/uploads\/2026\/02\/applications-of-oil-press-machine.webp\" alt=\"aplicaciones de la m\u00e1quina de prensa de aceite\" class=\"wp-image-1121\" srcset=\"https:\/\/bestpeanutmachine.com\/wp-content\/uploads\/2026\/02\/applications-of-oil-press-machine.webp 720w, https:\/\/bestpeanutmachine.com\/wp-content\/uploads\/2026\/02\/applications-of-oil-press-machine-300x225.webp 300w, https:\/\/bestpeanutmachine.com\/wp-content\/uploads\/2026\/02\/applications-of-oil-press-machine-16x12.webp 16w\" sizes=\"auto, (max-width: 720px) 100vw, 720px\" \/><figcaption class=\"wp-element-caption\">aplicaciones de la m\u00e1quina de prensa de aceite<\/figcaption><\/figure> <\/div>   <p>A continuaci\u00f3n se muestra una tabla que indica la tasa de aceite de algunos materiales:<\/p>    <figure class=\"wp-block-table aligncenter\"><table class=\"has-fixed-layout\"><thead><tr><th>Materia prima<\/th><th>Rango de extracci\u00f3n de aceite<\/th><\/tr><\/thead><tbody><tr><td>Semillas de s\u00e9samo<\/td><td>43% \u2013 47%<\/td><\/tr><tr><td>N\u00facleos de nuez<\/td><td>50% \u2013 60%<\/td><\/tr><tr><td>N\u00facleos de cacahuete<\/td><td>18% \u2013 22%<\/td><\/tr><tr><td>Semillas de t\u00e9 (semillas de camelia)<\/td><td>25% \u2013 29%<\/td><\/tr><\/tbody><\/table><figcaption class=\"wp-element-caption\">Materiales comunes y tasa de extracci\u00f3n de aceite<\/figcaption><\/figure>    <h2 class=\"wp-block-heading\">\u00bfC\u00f3mo usar una prensa de aceite de forma segura?<\/h2>    <ol class=\"wp-block-list\"> <li>Despu\u00e9s de un mes de uso en una m\u00e1quina nueva, el aceite hidr\u00e1ulico debe filtrarse a fondo y limpiar el tanque de aceite. Luego, el aceite hidr\u00e1ulico debe cambiarse anualmente.<\/li>    <li>Para garantizar la operaci\u00f3n segura del sistema el\u00e9ctrico, se deben tomar medidas de protecci\u00f3n a tierra.<\/li>    <li>El sistema hidr\u00e1ulico de esta m\u00e1quina es de ultra alta presi\u00f3n, con una presi\u00f3n m\u00e1xima de 60 MPa. Est\u00e1 estrictamente prohibido operar con sobrepresi\u00f3n.<\/li>    <li>Las semillas de aceite tostadas deben ventilarse antes de prensar; de lo contrario, puede ocurrir una explosi\u00f3n de gas durante la prensado, lo que podr\u00eda causar lesiones graves.<\/li>    <li>Despu\u00e9s de que las semillas de aceite se prensan secas, el torta de aceite debe retirarse inmediatamente; de lo contrario, puede ocurrir una explosi\u00f3n de gas si se deja demasiado tiempo.<\/li> <\/ol>   <div class=\"wp-block-image\"> <figure class=\"aligncenter size-full\"><img loading=\"lazy\" decoding=\"async\" width=\"720\" height=\"540\" src=\"https:\/\/bestpeanutmachine.com\/wp-content\/uploads\/2026\/02\/nut-oil-press-machines.webp\" alt=\"m\u00e1quinas de prensa de aceite de nueces\" class=\"wp-image-1130\" srcset=\"https:\/\/bestpeanutmachine.com\/wp-content\/uploads\/2026\/02\/nut-oil-press-machines.webp 720w, https:\/\/bestpeanutmachine.com\/wp-content\/uploads\/2026\/02\/nut-oil-press-machines-300x225.webp 300w, https:\/\/bestpeanutmachine.com\/wp-content\/uploads\/2026\/02\/nut-oil-press-machines-16x12.webp 16w\" sizes=\"auto, (max-width: 720px) 100vw, 720px\" \/><figcaption class=\"wp-element-caption\">m\u00e1quinas de prensa de aceite de nueces<\/figcaption><\/figure> <\/div>   <h2 class=\"wp-block-heading\"><strong>Causas y soluciones para fallos de la m\u00e1quina<\/strong><\/h2>    <p>If the nut oil press machine&#8217;s pressure gauge pointer does not rise, or if it cannot reach high pressure, the following are some possible problems and their solutions:<\/p>    <figure class=\"wp-block-table\"><table><thead><tr><th>Causa posible<\/th><th>Soluci\u00f3n<\/th><\/tr><\/thead><tbody><tr><td>La materia extra\u00f1a entra en la bomba, impidiendo que la bola de acero en la v\u00e1lvula de entrada vuelva a su posici\u00f3n original<\/td><td>El sello de aceite dentro del cilindro hidr\u00e1ulico est\u00e1 da\u00f1ado<\/td><\/tr><tr><td>Limpie las part\u00edculas extra\u00f1as dentro de la bomba y reempl\u00e1celas por aceite hidr\u00e1ulico limpio<\/td><td>Desmonte la v\u00e1lvula manual en la estaci\u00f3n de bombeo y limpie la v\u00e1lvula manual<\/td><\/tr><tr><td>El pist\u00f3n est\u00e1 severamente desgastado<\/td><td>Reemplace con un nuevo sello de aceite<\/td><\/tr><tr><td>Las juntas del tubo de aceite gotean y el sellado no es herm\u00e9tico<\/td><td>Reemplace los componentes de sellado y apriete los tornillos de forma segura<\/td><\/tr><tr><td>El man\u00f3metro est\u00e1 da\u00f1ado y la aguja no se mueve<\/td><td>Reemplace con un nuevo pist\u00f3n<\/td><\/tr><tr><td>El man\u00f3metro est\u00e1 da\u00f1ado y la aguja no se mueve<\/td><td>Reemplace con un man\u00f3metro nuevo<\/td><\/tr><\/tbody><\/table><figcaption class=\"wp-element-caption\">Problemas comunes y soluciones de la m\u00e1quina de prensa de semillas<\/figcaption><\/figure>   <div class=\"wp-block-image\"> <figure class=\"aligncenter size-full\"><img loading=\"lazy\" decoding=\"async\" width=\"720\" height=\"540\" src=\"https:\/\/bestpeanutmachine.com\/wp-content\/uploads\/2026\/02\/seed-oil-press-machine.webp\" alt=\"m\u00e1quina de prensa de semillas\" class=\"wp-image-1131\" srcset=\"https:\/\/bestpeanutmachine.com\/wp-content\/uploads\/2026\/02\/seed-oil-press-machine.webp 720w, https:\/\/bestpeanutmachine.com\/wp-content\/uploads\/2026\/02\/seed-oil-press-machine-300x225.webp 300w, https:\/\/bestpeanutmachine.com\/wp-content\/uploads\/2026\/02\/seed-oil-press-machine-16x12.webp 16w\" sizes=\"auto, (max-width: 720px) 100vw, 720px\" \/><figcaption class=\"wp-element-caption\">m\u00e1quina de prensa de semillas<\/figcaption><\/figure> <\/div>   <p>Si busca prensas de aceite confiables para producci\u00f3n de aceite en fr\u00edo o en caliente, cont\u00e1ctenos para m\u00e1s informaci\u00f3n y descuentos.<\/p>    <p class=\"translation-block\">Si desea producir mayores cantidades de aceite comercial, recomendamos esta prensa de aceite: <a href=\"https:\/\/bestpeanutmachine.com\/es\/product\/peanut-oil-extraction-machine\/\">M\u00e1quina de extracci\u00f3n de aceite de cacahuete<\/a>, que tambi\u00e9n ofrece un sistema de extracci\u00f3n en fr\u00edo y en caliente.<\/p>","protected":false},"excerpt":{"rendered":"<p>This oil extraction machine uses ultra-high-pressure hydraulic technology to produce high-quality edible oil through pure physical pressing. Supporting both cold press and hot press processes can extract peanut oil, olive oil, and sesame oil, etc.<\/p>","protected":false},"author":1,"featured_media":1120,"parent":0,"template":"","tags":[77,80,11],"product-type":[76,6],"class_list":["post-1112","product","type-product","status-publish","has-post-thumbnail","hentry","tag-almond","tag-cocoa","tag-peanut","product-type-other-nuts-machine","product-type-product"],"_links":{"self":[{"href":"https:\/\/bestpeanutmachine.com\/es\/wp-json\/wp\/v2\/product\/1112","targetHints":{"allow":["GET"]}}],"collection":[{"href":"https:\/\/bestpeanutmachine.com\/es\/wp-json\/wp\/v2\/product"}],"about":[{"href":"https:\/\/bestpeanutmachine.com\/es\/wp-json\/wp\/v2\/types\/product"}],"author":[{"embeddable":true,"href":"https:\/\/bestpeanutmachine.com\/es\/wp-json\/wp\/v2\/users\/1"}],"wp:featuredmedia":[{"embeddable":true,"href":"https:\/\/bestpeanutmachine.com\/es\/wp-json\/wp\/v2\/media\/1120"}],"wp:attachment":[{"href":"https:\/\/bestpeanutmachine.com\/es\/wp-json\/wp\/v2\/media?parent=1112"}],"wp:term":[{"taxonomy":"post_tag","embeddable":true,"href":"https:\/\/bestpeanutmachine.com\/es\/wp-json\/wp\/v2\/tags?post=1112"},{"taxonomy":"product-type","embeddable":true,"href":"https:\/\/bestpeanutmachine.com\/es\/wp-json\/wp\/v2\/product-type?post=1112"}],"curies":[{"name":"wp","href":"https:\/\/api.w.org\/{rel}","templated":true}]}}