{"id":1139,"date":"2026-02-09T14:37:46","date_gmt":"2026-02-09T06:37:46","guid":{"rendered":"https:\/\/bestpeanutmachine.com\/?post_type=product&#038;p=1139"},"modified":"2026-02-09T14:48:20","modified_gmt":"2026-02-09T06:48:20","slug":"pistachio-grinder-machine","status":"publish","type":"product","link":"https:\/\/bestpeanutmachine.com\/es\/product\/pistachio-grinder-machine\/","title":{"rendered":"M\u00e1quina de moler pistachos"},"content":{"rendered":"<p class=\"translation-block\">Nuestra <strong>m\u00e1quina de molienda de pistacho<\/strong> puede producir 400-500 kg de pasta de pistacho pura por hora. Gracias a su buena eficiencia y materiales de alta calidad (acero inoxidable 304), se ha convertido en una m\u00e1quina preferida para la producci\u00f3n industrial de pasta de pistacho.<\/p>    <p>Adem\u00e1s, puede utilizarse para producir mantequilla de cacahuete, mantequilla de almendra, salsa picante, salsa de tomate, etc. Su amplia gama de aplicaciones la hace popular entre f\u00e1bricas alimentarias y fabricantes de chocolate en Estados Unidos, Turqu\u00eda, Emiratos \u00c1rabes Unidos y la mayor\u00eda de los dem\u00e1s pa\u00edses.<\/p>    <figure class=\"wp-block-embed aligncenter is-type-video is-provider-youtube wp-block-embed-youtube wp-embed-aspect-16-9 wp-has-aspect-ratio\"><div class=\"wp-block-embed__wrapper\"> <iframe loading=\"lazy\" title=\"M\u00e1quina para elaborar pasta de pistacho | C\u00f3mo hacer pasta de pistacho paso a paso Contacto:  8617703863868\" width=\"500\" height=\"281\" src=\"https:\/\/www.youtube.com\/embed\/6Zx85c-Aolk?feature=oembed\" frameborder=\"0\" allow=\"accelerometer; autoplay; clipboard-write; encrypted-media; gyroscope; picture-in-picture; web-share\" referrerpolicy=\"strict-origin-when-cross-origin\" allowfullscreen><\/iframe> <\/div><figcaption class=\"wp-element-caption\">v\u00eddeo de funcionamiento de la m\u00e1quina de molienda de pistacho<\/figcaption><\/figure>    <h2 class=\"wp-block-heading\"><strong>\u00bfCu\u00e1les son los puntos destacados de la m\u00e1quina de molienda de pistacho?<\/strong><\/h2>    <ol class=\"wp-block-list\"> <li><strong>Adecuado para producci\u00f3n comercial<\/strong>: Esta m\u00e1quina de molienda de frutos secos tiene una capacidad de producci\u00f3n de 400-500 kg\/hora, lo que la hace ideal para l\u00edneas de producci\u00f3n de pasta de pistacho de media a gran escala, proporcionando una producci\u00f3n estable y continua para f\u00e1bricas y talleres.<\/li>    <li><strong>Material apto para uso alimentario<\/strong>: El cuerpo principal de la m\u00e1quina de producci\u00f3n de mantequilla de cacahuete Taizy est\u00e1 hecho de acero inoxidable SUS304, que no s\u00f3lo es resistente a la corrosi\u00f3n sino tambi\u00e9n f\u00e1cil de limpiar y mantener. El rotor y el est\u00e1tor est\u00e1n hechos de material 9Cr18 (alta dureza y excelente resistencia al desgaste).<\/li>    <li><strong>Proporcionar molienda fina y <\/strong><span style=\"box-sizing: border-box; margin: 0px; padding: 0px;\"><strong>una textura suave<\/strong>: This pistachio grinder machine&#8217;s rotation speed reaches 2950 rpm, producing a fine, uniform pistachio paste with no visible<\/span> part\u00edculas, preservando al mismo tiempo el color, sabor y contenido de aceite naturales de los pistachos.<\/li>    <li><strong>Dise\u00f1o compacto y f\u00e1cil operaci\u00f3n<\/strong>: The pistachio paste machine&#8217;s overall dimensions are only 960 \u00d7 500 \u00d7 1150 mm, with a 30-liter hopper, enabling continuous feeding without clogging. This machine is especially suitable for factories with limited processing space.<\/li> <\/ol>    <figure class=\"wp-block-gallery has-nested-images columns-default is-cropped wp-block-gallery-2 is-layout-flex wp-block-gallery-is-layout-flex\"> <figure class=\"wp-block-image size-full\"><img loading=\"lazy\" decoding=\"async\" width=\"720\" height=\"540\" data-id=\"1165\" src=\"https:\/\/bestpeanutmachine.com\/wp-content\/uploads\/2026\/02\/details-of-pistachio-paste-machine.webp\" alt=\"detalles de la m\u00e1quina de pasta de pistacho\" class=\"wp-image-1165\" srcset=\"https:\/\/bestpeanutmachine.com\/wp-content\/uploads\/2026\/02\/details-of-pistachio-paste-machine.webp 720w, https:\/\/bestpeanutmachine.com\/wp-content\/uploads\/2026\/02\/details-of-pistachio-paste-machine-300x225.webp 300w, https:\/\/bestpeanutmachine.com\/wp-content\/uploads\/2026\/02\/details-of-pistachio-paste-machine-16x12.webp 16w\" sizes=\"auto, (max-width: 720px) 100vw, 720px\" \/><figcaption class=\"wp-element-caption\">detalles de la m\u00e1quina de pasta de pistacho<\/figcaption><\/figure>    <figure class=\"wp-block-image size-full\"><img loading=\"lazy\" decoding=\"async\" width=\"720\" height=\"540\" data-id=\"1164\" src=\"https:\/\/bestpeanutmachine.com\/wp-content\/uploads\/2026\/02\/pistachio-paste-maker-machine.webp\" alt=\"m\u00e1quina elaboradora de pasta de pistacho\" class=\"wp-image-1164\" srcset=\"https:\/\/bestpeanutmachine.com\/wp-content\/uploads\/2026\/02\/pistachio-paste-maker-machine.webp 720w, https:\/\/bestpeanutmachine.com\/wp-content\/uploads\/2026\/02\/pistachio-paste-maker-machine-300x225.webp 300w, https:\/\/bestpeanutmachine.com\/wp-content\/uploads\/2026\/02\/pistachio-paste-maker-machine-16x12.webp 16w\" sizes=\"auto, (max-width: 720px) 100vw, 720px\" \/><figcaption class=\"wp-element-caption\">m\u00e1quina elaboradora de pasta de pistacho<\/figcaption><\/figure> <\/figure>    <h2 class=\"wp-block-heading\"><strong>Par\u00e1metros t\u00e9cnicos de la m\u00e1quina para elaborar pasta de pistacho<\/strong><\/h2>    <figure class=\"wp-block-table\"><table class=\"has-fixed-layout\"><thead><tr><th>Art\u00edculo<\/th><th>Especificaci\u00f3n<\/th><\/tr><\/thead><tbody><tr><td>Modelo<\/td><td>SL-180<\/td><\/tr><tr><td>Capacidad<\/td><td>400\u2013500 kg\/h<\/td><\/tr><tr><td>Fuerza<\/td><td>18.5 kW<\/td><\/tr><tr><td>Voltaje<\/td><td>380V, 50Hz, 3 fases<\/td><\/tr><tr><td>Velocidad<\/td><td>2950 r\/min<\/td><\/tr><tr><td>Peso<\/td><td>350 kg<\/td><\/tr><tr><td>Tama\u00f1o<\/td><td>960 \u00d7 500 \u00d7 1150 mm<\/td><\/tr><tr><td>Volumen de la tolva<\/td><td>30 L<\/td><\/tr><tr><td>Material del cuerpo principal<\/td><td>Acero inoxidable SUS304<\/td><\/tr><tr><td>Material del rotor y del est\u00e1tor<\/td><td>material 9Cr18<\/td><\/tr><\/tbody><\/table><figcaption class=\"wp-element-caption\">par\u00e1metros de la m\u00e1quina de molienda de pistacho<\/figcaption><\/figure>    <figure class=\"wp-block-gallery has-nested-images columns-default is-cropped wp-block-gallery-3 is-layout-flex wp-block-gallery-is-layout-flex\"> <figure class=\"wp-block-image size-full\"><img loading=\"lazy\" decoding=\"async\" width=\"720\" height=\"540\" data-id=\"1163\" src=\"https:\/\/bestpeanutmachine.com\/wp-content\/uploads\/2026\/02\/Internal-structure-of-pistachio-paste-machine.webp\" alt=\"Estructura interna de la m\u00e1quina de pasta de pistacho\" class=\"wp-image-1163\" srcset=\"https:\/\/bestpeanutmachine.com\/wp-content\/uploads\/2026\/02\/Internal-structure-of-pistachio-paste-machine.webp 720w, https:\/\/bestpeanutmachine.com\/wp-content\/uploads\/2026\/02\/Internal-structure-of-pistachio-paste-machine-300x225.webp 300w, https:\/\/bestpeanutmachine.com\/wp-content\/uploads\/2026\/02\/Internal-structure-of-pistachio-paste-machine-16x12.webp 16w\" sizes=\"auto, (max-width: 720px) 100vw, 720px\" \/><figcaption class=\"wp-element-caption\">Estructura interna de la m\u00e1quina de pasta de pistacho<\/figcaption><\/figure>    <figure class=\"wp-block-image size-full\"><img loading=\"lazy\" decoding=\"async\" width=\"720\" height=\"540\" data-id=\"1162\" src=\"https:\/\/bestpeanutmachine.com\/wp-content\/uploads\/2026\/02\/internal-workings-of-pistachio-grinding-machine.webp\" alt=\"funcionamiento interno de la m\u00e1quina de molienda de pistacho\" class=\"wp-image-1162\" srcset=\"https:\/\/bestpeanutmachine.com\/wp-content\/uploads\/2026\/02\/internal-workings-of-pistachio-grinding-machine.webp 720w, https:\/\/bestpeanutmachine.com\/wp-content\/uploads\/2026\/02\/internal-workings-of-pistachio-grinding-machine-300x225.webp 300w, https:\/\/bestpeanutmachine.com\/wp-content\/uploads\/2026\/02\/internal-workings-of-pistachio-grinding-machine-16x12.webp 16w\" sizes=\"auto, (max-width: 720px) 100vw, 720px\" \/><figcaption class=\"wp-element-caption\">funcionamiento interno de la m\u00e1quina de molienda de pistacho<\/figcaption><\/figure> <\/figure>    <p>Este es uno de nuestros modelos m\u00e1s vendidos y pr\u00e1cticos. Si necesita un modelo m\u00e1s peque\u00f1o o uno con mayor capacidad de producci\u00f3n, por favor ind\u00edquenos sus requisitos y le recomendaremos la m\u00e1quina para elaborar pasta de pistacho m\u00e1s adecuada para usted.<\/p>    <figure class=\"wp-block-gallery has-nested-images columns-default is-cropped wp-block-gallery-4 is-layout-flex wp-block-gallery-is-layout-flex\"> <figure class=\"wp-block-image size-full\"><img loading=\"lazy\" decoding=\"async\" width=\"720\" height=\"540\" data-id=\"1160\" src=\"https:\/\/bestpeanutmachine.com\/wp-content\/uploads\/2026\/02\/pistachio-butter-machine.webp\" alt=\"m\u00e1quina para mantequilla de pistacho\" class=\"wp-image-1160\" srcset=\"https:\/\/bestpeanutmachine.com\/wp-content\/uploads\/2026\/02\/pistachio-butter-machine.webp 720w, https:\/\/bestpeanutmachine.com\/wp-content\/uploads\/2026\/02\/pistachio-butter-machine-300x225.webp 300w, https:\/\/bestpeanutmachine.com\/wp-content\/uploads\/2026\/02\/pistachio-butter-machine-16x12.webp 16w\" sizes=\"auto, (max-width: 720px) 100vw, 720px\" \/><figcaption class=\"wp-element-caption\">m\u00e1quina para mantequilla de pistacho<\/figcaption><\/figure>    <figure class=\"wp-block-image size-full\"><img loading=\"lazy\" decoding=\"async\" width=\"720\" height=\"540\" data-id=\"1161\" src=\"https:\/\/bestpeanutmachine.com\/wp-content\/uploads\/2026\/02\/commercial-pistachio-grinding-machine.webp\" alt=\"m\u00e1quina comercial de molienda de pistacho\" class=\"wp-image-1161\" srcset=\"https:\/\/bestpeanutmachine.com\/wp-content\/uploads\/2026\/02\/commercial-pistachio-grinding-machine.webp 720w, https:\/\/bestpeanutmachine.com\/wp-content\/uploads\/2026\/02\/commercial-pistachio-grinding-machine-300x225.webp 300w, https:\/\/bestpeanutmachine.com\/wp-content\/uploads\/2026\/02\/commercial-pistachio-grinding-machine-16x12.webp 16w\" sizes=\"auto, (max-width: 720px) 100vw, 720px\" \/><figcaption class=\"wp-element-caption\">m\u00e1quina comercial de molienda de pistacho<\/figcaption><\/figure> <\/figure>    <h2 class=\"wp-block-heading\"><strong>\u00bfEs rentable invertir en una m\u00e1quina para fabricar mantequilla de pistacho?<\/strong><\/h2>    <p>Los productos de pistacho se consideran un alimento premium en el mercado. La pasta de pistacho tiene un alto valor a\u00f1adido y su demanda est\u00e1 en crecimiento en las industrias de reposter\u00eda, postres y helados.<\/p>    <p>Muchos clientes comienzan produciendo pasta de pistacho y luego se expanden a productos como chocolate, rellenos para reposter\u00eda o mantequillas de frutos secos con marca propia. <\/p>    <p>Por ejemplo, el famoso chocolate de Dub\u00e1i con relleno de pistacho es un ejemplo destacado. Esta innovaci\u00f3n lo hizo popular en todo el mundo y gener\u00f3 importantes rendimientos de la inversi\u00f3n.<\/p>    <p>Esta m\u00e1quina de molienda de pistacho es altamente eficiente y duradera, y puede actualizarse para conectarse con l\u00edneas de producci\u00f3n, lo que la convierte en una excelente opci\u00f3n para peque\u00f1as inversiones cuando los presupuestos iniciales son limitados.<\/p>    <figure class=\"wp-block-gallery has-nested-images columns-default is-cropped wp-block-gallery-5 is-layout-flex wp-block-gallery-is-layout-flex\"> <figure class=\"wp-block-image size-large\"><img loading=\"lazy\" decoding=\"async\" width=\"720\" height=\"540\" data-id=\"1166\" src=\"https:\/\/bestpeanutmachine.com\/wp-content\/uploads\/2026\/02\/pistachio-butter.webp\" alt=\"mantequilla de pistacho\" class=\"wp-image-1166\" srcset=\"https:\/\/bestpeanutmachine.com\/wp-content\/uploads\/2026\/02\/pistachio-butter.webp 720w, https:\/\/bestpeanutmachine.com\/wp-content\/uploads\/2026\/02\/pistachio-butter-300x225.webp 300w, https:\/\/bestpeanutmachine.com\/wp-content\/uploads\/2026\/02\/pistachio-butter-16x12.webp 16w\" sizes=\"auto, (max-width: 720px) 100vw, 720px\" \/><figcaption class=\"wp-element-caption\">mantequilla de pistacho<\/figcaption><\/figure>    <figure class=\"wp-block-image size-large\"><img loading=\"lazy\" decoding=\"async\" width=\"720\" height=\"540\" data-id=\"1180\" src=\"https:\/\/bestpeanutmachine.com\/wp-content\/uploads\/2026\/02\/pistachio-butter-filled-chocolate.webp\" alt=\"chocolate relleno de mantequilla de pistacho\" class=\"wp-image-1180\" srcset=\"https:\/\/bestpeanutmachine.com\/wp-content\/uploads\/2026\/02\/pistachio-butter-filled-chocolate.webp 720w, https:\/\/bestpeanutmachine.com\/wp-content\/uploads\/2026\/02\/pistachio-butter-filled-chocolate-300x225.webp 300w, https:\/\/bestpeanutmachine.com\/wp-content\/uploads\/2026\/02\/pistachio-butter-filled-chocolate-16x12.webp 16w\" sizes=\"auto, (max-width: 720px) 100vw, 720px\" \/><figcaption class=\"wp-element-caption\">chocolate relleno de mantequilla de pistacho<\/figcaption><\/figure> <\/figure>    <h2 class=\"wp-block-heading\"><strong>\u00bfC\u00f3mo hacer pasta de pistacho?<\/strong><\/h2>    <p>La elaboraci\u00f3n de pasta de pistacho de alta calidad requiere no s\u00f3lo una m\u00e1quina de molienda de pistacho, sino tambi\u00e9n un preprocesamiento adecuado. <\/p>    <p class=\"translation-block\">Si la materia prima son los corazones de pistacho, deben tostarse en una <a href=\"https:\/\/bestpeanutmachine.com\/es\/product\/peanut-roasting-machine\/\">m\u00e1quina tostadora de frutos secos<\/a> antes de moler. El tostado realza el aroma y el sabor y ayuda a que los pistachos liberen sus aceites naturales durante el proceso de molienda, aumentando la fragancia.<\/p>   <div class=\"wp-block-image\"> <figure class=\"aligncenter size-full\"><img loading=\"lazy\" decoding=\"async\" width=\"720\" height=\"540\" src=\"https:\/\/bestpeanutmachine.com\/wp-content\/uploads\/2026\/01\/commercial-nut-roaster-machine.webp\" alt=\"m\u00e1quina comercial de tueste de frutos secos\" class=\"wp-image-779\" srcset=\"https:\/\/bestpeanutmachine.com\/wp-content\/uploads\/2026\/01\/commercial-nut-roaster-machine.webp 720w, https:\/\/bestpeanutmachine.com\/wp-content\/uploads\/2026\/01\/commercial-nut-roaster-machine-300x225.webp 300w, https:\/\/bestpeanutmachine.com\/wp-content\/uploads\/2026\/01\/commercial-nut-roaster-machine-16x12.webp 16w\" sizes=\"auto, (max-width: 720px) 100vw, 720px\" \/><figcaption class=\"wp-element-caption\">m\u00e1quina comercial de tueste de frutos secos<\/figcaption><\/figure> <\/div>   <p>Los pistachos tostados se colocan luego en una m\u00e1quina de molienda, donde un sistema rotor-est\u00e1tor de alta velocidad tritura y emulsiona los frutos secos, produciendo finalmente una pasta de pistacho suave y fina. Esta combinaci\u00f3n de tostado y molienda es el m\u00e9todo m\u00e1s com\u00fan para la producci\u00f3n comercial de pasta de pistacho.<\/p>    <p class=\"translation-block\">Si su materia prima son pistachos sin c\u00e1scara, tambi\u00e9n disponemos de m\u00e1quinas descascarilladoras de pistacho para ayudarle a preprocesar los frutos secos. Para requisitos m\u00e1s altos respecto a la textura y el color, y si es necesario pelar, recomendamos una <a href=\"https:\/\/bestpeanutmachine.com\/es\/product\/wet-type-almond-skin-peeler-machine\/\">m\u00e1quina peladora de frutos secos tipo h\u00famedo<\/a>.<\/p>   <div class=\"wp-block-image\"> <figure class=\"aligncenter size-full\"><img loading=\"lazy\" decoding=\"async\" width=\"720\" height=\"540\" src=\"https:\/\/bestpeanutmachine.com\/wp-content\/uploads\/2026\/01\/wet-type-peanut-skin-peeling-machine.webp\" alt=\"m\u00e1quina peladora de piel de cacahuete en h\u00famedo\" class=\"wp-image-897\" srcset=\"https:\/\/bestpeanutmachine.com\/wp-content\/uploads\/2026\/01\/wet-type-peanut-skin-peeling-machine.webp 720w, https:\/\/bestpeanutmachine.com\/wp-content\/uploads\/2026\/01\/wet-type-peanut-skin-peeling-machine-300x225.webp 300w, https:\/\/bestpeanutmachine.com\/wp-content\/uploads\/2026\/01\/wet-type-peanut-skin-peeling-machine-16x12.webp 16w\" sizes=\"auto, (max-width: 720px) 100vw, 720px\" \/><figcaption class=\"wp-element-caption\">m\u00e1quina peladora de piel de cacahuete en h\u00famedo<\/figcaption><\/figure> <\/div>   <p>Las soluciones de procesamiento de frutos secos pueden personalizarse seg\u00fan sus materias primas y los requisitos del producto terminado. Cont\u00e1ctenos para un presupuesto detallado.<\/p>    <h2 class=\"wp-block-heading\"><strong>\u00bfPor qu\u00e9 la pasta de pistacho es tan popular?<\/strong><\/h2>    <p>La pasta de pistacho es incre\u00edblemente vers\u00e1til e indispensable en postres y reposter\u00eda, pudi\u00e9ndose utilizar en:<\/p>    <ul class=\"wp-block-list\"> <li>Fabricaci\u00f3n de chocolate (barras de chocolate con pistacho, rellenos),<\/li>    <li>Productos horneados (rellenos para pasteles, boller\u00eda y galletas),<\/li>    <li>Helados y gelato (sabor pistacho premium),<\/li>    <li>Mantequillas y untables de frutos secos para el uso cotidiano en el hogar,<\/li>    <li>Decoraci\u00f3n y producci\u00f3n de postres y caramelos relacionados con el pistacho.<\/li> <\/ul>    <p>Su textura fina y calidad consistente la hacen adecuada tanto para producci\u00f3n alimentaria artesanal como industrial, aportando un color y sabor m\u00e1s intensos a los productos alimentarios.<\/p>    <figure class=\"wp-block-gallery has-nested-images columns-default is-cropped wp-block-gallery-6 is-layout-flex wp-block-gallery-is-layout-flex\"> <figure class=\"wp-block-image size-full\"><img loading=\"lazy\" decoding=\"async\" width=\"720\" height=\"540\" data-id=\"1167\" src=\"https:\/\/bestpeanutmachine.com\/wp-content\/uploads\/2026\/02\/pistachio-flavored-cake-1.webp\" alt=\"pastel con sabor a pistacho\" class=\"wp-image-1167\" srcset=\"https:\/\/bestpeanutmachine.com\/wp-content\/uploads\/2026\/02\/pistachio-flavored-cake-1.webp 720w, https:\/\/bestpeanutmachine.com\/wp-content\/uploads\/2026\/02\/pistachio-flavored-cake-1-300x225.webp 300w, https:\/\/bestpeanutmachine.com\/wp-content\/uploads\/2026\/02\/pistachio-flavored-cake-1-16x12.webp 16w\" sizes=\"auto, (max-width: 720px) 100vw, 720px\" \/><figcaption class=\"wp-element-caption\">pastel con sabor a pistacho<\/figcaption><\/figure>    <figure class=\"wp-block-image size-full\"><img loading=\"lazy\" decoding=\"async\" width=\"720\" height=\"540\" data-id=\"1168\" src=\"https:\/\/bestpeanutmachine.com\/wp-content\/uploads\/2026\/02\/pistachio-filled-bread-1.webp\" alt=\"pan relleno de pistacho\" class=\"wp-image-1168\" srcset=\"https:\/\/bestpeanutmachine.com\/wp-content\/uploads\/2026\/02\/pistachio-filled-bread-1.webp 720w, https:\/\/bestpeanutmachine.com\/wp-content\/uploads\/2026\/02\/pistachio-filled-bread-1-300x225.webp 300w, https:\/\/bestpeanutmachine.com\/wp-content\/uploads\/2026\/02\/pistachio-filled-bread-1-16x12.webp 16w\" sizes=\"auto, (max-width: 720px) 100vw, 720px\" \/><figcaption class=\"wp-element-caption\">pan relleno de pistacho<\/figcaption><\/figure> <\/figure>    <h2 class=\"wp-block-heading\"><strong>Caso de cliente exitoso: producci\u00f3n de pasta de pistacho en Turqu\u00eda<\/strong><\/h2>    <p>A food processing client from Turkey planned to expand their pistachio product business, focusing on developing pistachio paste and baking fillings. After market research, they chose Taizy&#8217;s pistachio grinder machine. Their reasons for choosing this pistachio grinding machine were as follows:<\/p>    <ul class=\"wp-block-list\"> <li>Abundante suministro local de pistachos<\/li>    <li>La necesidad de una pasta fina y cremosa para la producci\u00f3n de chocolate y postres<\/li>    <li>Capacidad de producci\u00f3n estable adecuada para producci\u00f3n a largo plazo<\/li> <\/ul>    <p>After production, we received the client&#8217;s material to conduct machine testing on this pistachio grinder machine. The product perfectly meets his needs. So we make strict packaging, then ship it to Turkey before the planned time.<\/p>    <figure class=\"wp-block-gallery has-nested-images columns-2 is-cropped wp-block-gallery-7 is-layout-flex wp-block-gallery-is-layout-flex\"> <figure class=\"wp-block-image size-full\"><img loading=\"lazy\" decoding=\"async\" width=\"720\" height=\"540\" data-id=\"1169\" src=\"https:\/\/bestpeanutmachine.com\/wp-content\/uploads\/2026\/02\/clients-test-run-materials.webp\" alt=\"materiales de la prueba de funcionamiento del cliente\" class=\"wp-image-1169\" srcset=\"https:\/\/bestpeanutmachine.com\/wp-content\/uploads\/2026\/02\/clients-test-run-materials.webp 720w, https:\/\/bestpeanutmachine.com\/wp-content\/uploads\/2026\/02\/clients-test-run-materials-300x225.webp 300w, https:\/\/bestpeanutmachine.com\/wp-content\/uploads\/2026\/02\/clients-test-run-materials-16x12.webp 16w\" sizes=\"auto, (max-width: 720px) 100vw, 720px\" \/><figcaption class=\"wp-element-caption\">client&#8217;s test run materials<\/figcaption><\/figure>    <figure class=\"wp-block-image size-full\"><img loading=\"lazy\" decoding=\"async\" width=\"720\" height=\"540\" data-id=\"1170\" src=\"https:\/\/bestpeanutmachine.com\/wp-content\/uploads\/2026\/02\/client-tested-finished-product.webp\" alt=\"producto terminado probado por el cliente\" class=\"wp-image-1170\" srcset=\"https:\/\/bestpeanutmachine.com\/wp-content\/uploads\/2026\/02\/client-tested-finished-product.webp 720w, https:\/\/bestpeanutmachine.com\/wp-content\/uploads\/2026\/02\/client-tested-finished-product-300x225.webp 300w, https:\/\/bestpeanutmachine.com\/wp-content\/uploads\/2026\/02\/client-tested-finished-product-16x12.webp 16w\" sizes=\"auto, (max-width: 720px) 100vw, 720px\" \/><figcaption class=\"wp-element-caption\">producto terminado probado por el cliente<\/figcaption><\/figure>    <figure class=\"wp-block-image size-full\"><img loading=\"lazy\" decoding=\"async\" width=\"720\" height=\"540\" data-id=\"1171\" src=\"https:\/\/bestpeanutmachine.com\/wp-content\/uploads\/2026\/02\/pistachio-paste-machine-with-scratch-resistant-packaging.webp\" alt=\"m\u00e1quina de pasta de pistacho con embalaje resistente a los ara\u00f1azos\" class=\"wp-image-1171\" srcset=\"https:\/\/bestpeanutmachine.com\/wp-content\/uploads\/2026\/02\/pistachio-paste-machine-with-scratch-resistant-packaging.webp 720w, https:\/\/bestpeanutmachine.com\/wp-content\/uploads\/2026\/02\/pistachio-paste-machine-with-scratch-resistant-packaging-300x225.webp 300w, https:\/\/bestpeanutmachine.com\/wp-content\/uploads\/2026\/02\/pistachio-paste-machine-with-scratch-resistant-packaging-16x12.webp 16w\" sizes=\"auto, (max-width: 720px) 100vw, 720px\" \/><figcaption class=\"wp-element-caption\">m\u00e1quina de pasta de pistacho con embalaje resistente a los ara\u00f1azos<\/figcaption><\/figure>    <figure class=\"wp-block-image size-full\"><img loading=\"lazy\" decoding=\"async\" width=\"720\" height=\"540\" data-id=\"1172\" src=\"https:\/\/bestpeanutmachine.com\/wp-content\/uploads\/2026\/02\/wooden-packaging-for-pistachio-paste-machine.webp\" alt=\"embalaje de madera para la m\u00e1quina de pasta de pistacho\" class=\"wp-image-1172\" srcset=\"https:\/\/bestpeanutmachine.com\/wp-content\/uploads\/2026\/02\/wooden-packaging-for-pistachio-paste-machine.webp 720w, https:\/\/bestpeanutmachine.com\/wp-content\/uploads\/2026\/02\/wooden-packaging-for-pistachio-paste-machine-300x225.webp 300w, https:\/\/bestpeanutmachine.com\/wp-content\/uploads\/2026\/02\/wooden-packaging-for-pistachio-paste-machine-16x12.webp 16w\" sizes=\"auto, (max-width: 720px) 100vw, 720px\" \/><figcaption class=\"wp-element-caption\">embalaje de madera para la m\u00e1quina de pasta de pistacho<\/figcaption><\/figure> <\/figure>    <p>La inversi\u00f3n en la m\u00e1quina de pasta de pistacho aument\u00f3 significativamente la eficiencia de producci\u00f3n al mismo tiempo que redujo la mano de obra y los costes de producci\u00f3n. Esto les ayud\u00f3 a lanzar con \u00e9xito su l\u00ednea de productos de pasta de pistacho y a ganar nuevas oportunidades de negocio.<\/p>    <h2 class=\"wp-block-heading\"><strong>\u00a1Cont\u00e1ctenos para iniciar su nuevo negocio!<\/strong><\/h2>    <p>Si busca una m\u00e1quina de molienda de pistacho fiable, apta para uso alimentario y de alta capacidad, el modelo SL-180 es una excelente opci\u00f3n. Cont\u00e1ctenos y obtendr\u00e1:  <\/p>    <ul class=\"wp-block-list\"> <li>Sugerencias para la selecci\u00f3n de la m\u00e1quina<\/li>    <li>Asesoramiento t\u00e9cnico<\/li>    <li>Soporte postventa<\/li> <\/ul>","protected":false},"excerpt":{"rendered":"<p>This pistachio grinding machine is designed for commercial pistachio paste production. It has a capacity of 400-500 kg\/hour, is made of SUS304 stainless steel, and features a high-speed rotor-stator system to produce finely textured pistachio paste, widely used in the chocolate, baking, and ice cream industries.<\/p>","protected":false},"author":1,"featured_media":1173,"parent":0,"template":"","tags":[77,86],"product-type":[76,6],"class_list":["post-1139","product","type-product","status-publish","has-post-thumbnail","hentry","tag-almond","tag-pistachio","product-type-other-nuts-machine","product-type-product"],"_links":{"self":[{"href":"https:\/\/bestpeanutmachine.com\/es\/wp-json\/wp\/v2\/product\/1139","targetHints":{"allow":["GET"]}}],"collection":[{"href":"https:\/\/bestpeanutmachine.com\/es\/wp-json\/wp\/v2\/product"}],"about":[{"href":"https:\/\/bestpeanutmachine.com\/es\/wp-json\/wp\/v2\/types\/product"}],"author":[{"embeddable":true,"href":"https:\/\/bestpeanutmachine.com\/es\/wp-json\/wp\/v2\/users\/1"}],"wp:featuredmedia":[{"embeddable":true,"href":"https:\/\/bestpeanutmachine.com\/es\/wp-json\/wp\/v2\/media\/1173"}],"wp:attachment":[{"href":"https:\/\/bestpeanutmachine.com\/es\/wp-json\/wp\/v2\/media?parent=1139"}],"wp:term":[{"taxonomy":"post_tag","embeddable":true,"href":"https:\/\/bestpeanutmachine.com\/es\/wp-json\/wp\/v2\/tags?post=1139"},{"taxonomy":"product-type","embeddable":true,"href":"https:\/\/bestpeanutmachine.com\/es\/wp-json\/wp\/v2\/product-type?post=1139"}],"curies":[{"name":"wp","href":"https:\/\/api.w.org\/{rel}","templated":true}]}}