{"id":1182,"date":"2026-02-11T14:33:11","date_gmt":"2026-02-11T06:33:11","guid":{"rendered":"https:\/\/bestpeanutmachine.com\/?post_type=product&#038;p=1182"},"modified":"2026-02-11T14:42:12","modified_gmt":"2026-02-11T06:42:12","slug":"pistachio-shelling-machine","status":"publish","type":"product","link":"https:\/\/bestpeanutmachine.com\/es\/product\/pistachio-shelling-machine\/","title":{"rendered":"M\u00e1quina descascaradora de pistachos"},"content":{"rendered":"<p class=\"translation-block\">La <strong>m\u00e1quina de pelado de pistachos<\/strong> est\u00e1 dise\u00f1ada para eliminar eficientemente la c\u00e1scara dura de los pistachos preservando la integridad del n\u00facleo. Con una tasa de pelado de hasta el 95% y una tasa de rotura inferior al 8%, puede procesar hasta 120 kg de pistachos crudos por hora.<\/p>    <figure class=\"wp-block-embed aligncenter is-type-video is-provider-youtube wp-block-embed-youtube wp-embed-aspect-16-9 wp-has-aspect-ratio\"><div class=\"wp-block-embed__wrapper\"> <iframe loading=\"lazy\" title=\"M\u00e1quina autom\u00e1tica de pelado de pistachos de 120 kg\/h | Tasa de pelado del 95% Contacto:  8617703863868\" width=\"500\" height=\"281\" src=\"https:\/\/www.youtube.com\/embed\/B6yKBL61DP0?feature=oembed\" frameborder=\"0\" allow=\"accelerometer; autoplay; clipboard-write; encrypted-media; gyroscope; picture-in-picture; web-share\" referrerpolicy=\"strict-origin-when-cross-origin\" allowfullscreen><\/iframe> <\/div><figcaption class=\"wp-element-caption\">video de trabajo de la m\u00e1quina de pelado de pistachos<\/figcaption><\/figure>    <h2 class=\"wp-block-heading\"><strong>\u00bfPor qu\u00e9 usar una m\u00e1quina de pelado de pistachos Taizy para procesar pistachos?<\/strong><\/h2>    <ol class=\"wp-block-list\"> <li>La m\u00e1quina de pelado de pistachos destaca por su alta eficiencia y estabilidad, logrando una tasa de pelado de hasta el 95%.<\/li>    <li>La m\u00e1quina de descascarado de pistachos Taizy produce solo un 8% de n\u00facleos rotos.<\/li>    <li>Equipada con un motor de velocidad ajustable de 2.6 kW, la m\u00e1quina es adecuada para pelar pistachos de varios tama\u00f1os.<\/li>    <li>Construida con acero inoxidable duradero, la m\u00e1quina no solo es resistente a la corrosi\u00f3n sino tambi\u00e9n higi\u00e9nica y f\u00e1cil de limpiar.<\/li> <\/ol>   <div class=\"wp-block-image\"> <figure class=\"aligncenter size-full\"><img loading=\"lazy\" decoding=\"async\" width=\"720\" height=\"540\" src=\"https:\/\/bestpeanutmachine.com\/wp-content\/uploads\/2026\/02\/automatic-pistachio-shelling-machine.webp\" alt=\"m\u00e1quina autom\u00e1tica de pelado de pistachos\" class=\"wp-image-1191\" srcset=\"https:\/\/bestpeanutmachine.com\/wp-content\/uploads\/2026\/02\/automatic-pistachio-shelling-machine.webp 720w, https:\/\/bestpeanutmachine.com\/wp-content\/uploads\/2026\/02\/automatic-pistachio-shelling-machine-300x225.webp 300w, https:\/\/bestpeanutmachine.com\/wp-content\/uploads\/2026\/02\/automatic-pistachio-shelling-machine-16x12.webp 16w\" sizes=\"auto, (max-width: 720px) 100vw, 720px\" \/><figcaption class=\"wp-element-caption\">m\u00e1quina autom\u00e1tica de pelado de pistachos<\/figcaption><\/figure> <\/div>   <h2 class=\"wp-block-heading\"><strong>\u00bfC\u00f3mo funciona una m\u00e1quina de eliminaci\u00f3n de c\u00e1scaras de pistacho?<\/strong> <strong>\u00bfc\u00f3mo funciona?<\/strong><\/h2>    <p class=\"translation-block\">La m\u00e1quina de pelado de pistachos utiliza un sistema mec\u00e1nico controlable de ruptura de c\u00e1scaras. Su flujo de trabajo incluye: <strong>alimentaci\u00f3n \u2192 ruptura de c\u00e1scaras \u2192 cribado<\/strong>.<\/p>    <p>Un motor de velocidad ajustable impulsa los rodillos internos o componentes de ruptura de c\u00e1scaras para romper las c\u00e1scaras mediante fricci\u00f3n y presi\u00f3n sin da\u00f1ar los n\u00facleos.<\/p>    <p>El sistema de cribado vibratorio separa las c\u00e1scaras de los n\u00facleos y los descarga por diferentes salidas. (Los n\u00facleos recolectados finalmente pueden contener algunas c\u00e1scaras. Recomendamos usar un tamiz para un cribado adicional.)<\/p>    <p>Los n\u00facleos de pistacho limpios pueden procesarse a\u00fan m\u00e1s, como pelarlos o molerlos. Este proceso mec\u00e1nico de pelado garantiza una alta tasa de apertura de c\u00e1scaras y da\u00f1os m\u00ednimos en los n\u00facleos.<\/p>    <h2 class=\"wp-block-heading\"><strong>Par\u00e1metros t\u00e9cnicos de la m\u00e1quina de pelado de pistachos<\/strong><\/h2>    <figure class=\"wp-block-table\"><table class=\"has-fixed-layout\"><tbody><tr><td>Fuerza<\/td><td>2.6kw<\/td><\/tr><tr><td>Voltaje<\/td><td>380V \/ 50Hz<\/td><\/tr><tr><td>Capacidad<\/td><td>120kg\/h<\/td><\/tr><tr><td>Tasa de pelado<\/td><td>95%<\/td><\/tr><tr><td>tasa rota<\/td><td>8%<\/td><\/tr><tr><td>Material<\/td><td>Acero inoxidable<\/td><\/tr><tr><td>Tama\u00f1o de la m\u00e1quina<\/td><td>3.2 \u00d7 1 \u00d7 1.9m<\/td><\/tr><tr><td>Tama\u00f1o de empaque<\/td><td>3.7 \u00d7 1.1 \u00d7 2m<\/td><\/tr><tr><td>Peso<\/td><td>Aprox. 260kg<\/td><\/tr><\/tbody><\/table><figcaption class=\"wp-element-caption\">especificaci\u00f3n de la m\u00e1quina de descascarado de pistachos<\/figcaption><\/figure>    <figure class=\"wp-block-gallery aligncenter has-nested-images columns-default is-cropped wp-block-gallery-2 is-layout-flex wp-block-gallery-is-layout-flex\"> <figure class=\"wp-block-image size-full\"><img loading=\"lazy\" decoding=\"async\" width=\"720\" height=\"540\" data-id=\"1192\" src=\"https:\/\/bestpeanutmachine.com\/wp-content\/uploads\/2026\/02\/pistachio-huller-machine.webp\" alt=\"m\u00e1quina de descascarado de pistachos\" class=\"wp-image-1192\" srcset=\"https:\/\/bestpeanutmachine.com\/wp-content\/uploads\/2026\/02\/pistachio-huller-machine.webp 720w, https:\/\/bestpeanutmachine.com\/wp-content\/uploads\/2026\/02\/pistachio-huller-machine-300x225.webp 300w, https:\/\/bestpeanutmachine.com\/wp-content\/uploads\/2026\/02\/pistachio-huller-machine-16x12.webp 16w\" sizes=\"auto, (max-width: 720px) 100vw, 720px\" \/><figcaption class=\"wp-element-caption\">m\u00e1quina de descascarado de pistachos<\/figcaption><\/figure>    <figure class=\"wp-block-image size-full\"><img loading=\"lazy\" decoding=\"async\" width=\"720\" height=\"540\" data-id=\"1197\" src=\"https:\/\/bestpeanutmachine.com\/wp-content\/uploads\/2026\/02\/pistachio-shell-removing-machine.webp\" alt=\"m\u00e1quina de eliminaci\u00f3n de c\u00e1scaras de pistacho\" class=\"wp-image-1197\" srcset=\"https:\/\/bestpeanutmachine.com\/wp-content\/uploads\/2026\/02\/pistachio-shell-removing-machine.webp 720w, https:\/\/bestpeanutmachine.com\/wp-content\/uploads\/2026\/02\/pistachio-shell-removing-machine-300x225.webp 300w, https:\/\/bestpeanutmachine.com\/wp-content\/uploads\/2026\/02\/pistachio-shell-removing-machine-16x12.webp 16w\" sizes=\"auto, (max-width: 720px) 100vw, 720px\" \/><figcaption class=\"wp-element-caption\">m\u00e1quina de eliminaci\u00f3n de c\u00e1scaras de pistacho<\/figcaption><\/figure> <\/figure>    <h2 class=\"wp-block-heading\"><strong>Aplicaciones de la m\u00e1quina de pelado de pistachos<\/strong><\/h2>    <p>Esta m\u00e1quina se usa ampliamente en l\u00edneas de producci\u00f3n de frutos secos y snacks, y en la preparaci\u00f3n de ingredientes para reposter\u00eda y confiter\u00eda. <\/p>    <p>Los pistachos pelados pueden cortarse en trozos, tiras, molerse en polvo o hacerse en pasta. Su excelente color y aroma \u00fanico los convierten en ingredientes muy buscados en postres y reposter\u00eda.<\/p>    <figure class=\"wp-block-gallery has-nested-images columns-default is-cropped wp-block-gallery-3 is-layout-flex wp-block-gallery-is-layout-flex\"> <figure class=\"wp-block-image size-large\"><img loading=\"lazy\" decoding=\"async\" width=\"720\" height=\"540\" data-id=\"1202\" src=\"https:\/\/bestpeanutmachine.com\/wp-content\/uploads\/2026\/02\/pistachio-bread.webp\" alt=\"pan de pistacho\" class=\"wp-image-1202\" srcset=\"https:\/\/bestpeanutmachine.com\/wp-content\/uploads\/2026\/02\/pistachio-bread.webp 720w, https:\/\/bestpeanutmachine.com\/wp-content\/uploads\/2026\/02\/pistachio-bread-300x225.webp 300w, https:\/\/bestpeanutmachine.com\/wp-content\/uploads\/2026\/02\/pistachio-bread-16x12.webp 16w\" sizes=\"auto, (max-width: 720px) 100vw, 720px\" \/><figcaption class=\"wp-element-caption\">pan de pistacho<\/figcaption><\/figure>    <figure class=\"wp-block-image size-large\"><img loading=\"lazy\" decoding=\"async\" width=\"720\" height=\"540\" data-id=\"1203\" src=\"https:\/\/bestpeanutmachine.com\/wp-content\/uploads\/2026\/02\/pistachio-cookies.webp\" alt=\"galletas de pistacho\" class=\"wp-image-1203\" srcset=\"https:\/\/bestpeanutmachine.com\/wp-content\/uploads\/2026\/02\/pistachio-cookies.webp 720w, https:\/\/bestpeanutmachine.com\/wp-content\/uploads\/2026\/02\/pistachio-cookies-300x225.webp 300w, https:\/\/bestpeanutmachine.com\/wp-content\/uploads\/2026\/02\/pistachio-cookies-16x12.webp 16w\" sizes=\"auto, (max-width: 720px) 100vw, 720px\" \/><figcaption class=\"wp-element-caption\">galletas de pistacho<\/figcaption><\/figure> <\/figure>    <h2 class=\"wp-block-heading\"><strong>Otras m\u00e1quinas de frutos secos compatibles<\/strong><\/h2>    <p>La m\u00e1quina de pelado puede usarse junto con el siguiente equipo para producir otros productos de frutos secos de mayor valor agregado:<\/p>    <h3 class=\"wp-block-heading\"><strong><a href=\"https:\/\/bestpeanutmachine.com\/es\/product\/nut-sorting-machine-for-almonds\/\">M\u00e1quina de clasificaci\u00f3n de frutos secos<\/a> : Se usa para clasificar y eliminar impurezas<\/strong><\/h3>    <ol class=\"wp-block-list\"> <li>Se utiliza para eliminar residuos de c\u00e1scara.<\/li>    <li>El clasificaci\u00f3n puede mejorar significativamente la pureza de los granos.<\/li> <\/ol>    <figure class=\"wp-block-gallery has-nested-images columns-default is-cropped wp-block-gallery-4 is-layout-flex wp-block-gallery-is-layout-flex\"> <figure class=\"wp-block-image size-large\"><img loading=\"lazy\" decoding=\"async\" width=\"720\" height=\"540\" data-id=\"918\" src=\"https:\/\/bestpeanutmachine.com\/wp-content\/uploads\/2026\/01\/3-Level-sorting-screen-almond-grading-machine.webp\" alt=\"m\u00e1quina de clasificaci\u00f3n de almendras con pantalla de clasificaci\u00f3n\" class=\"wp-image-918\" srcset=\"https:\/\/bestpeanutmachine.com\/wp-content\/uploads\/2026\/01\/3-Level-sorting-screen-almond-grading-machine.webp 720w, https:\/\/bestpeanutmachine.com\/wp-content\/uploads\/2026\/01\/3-Level-sorting-screen-almond-grading-machine-300x225.webp 300w, https:\/\/bestpeanutmachine.com\/wp-content\/uploads\/2026\/01\/3-Level-sorting-screen-almond-grading-machine-16x12.webp 16w\" sizes=\"auto, (max-width: 720px) 100vw, 720px\" \/><figcaption class=\"wp-element-caption\">m\u00e1quina de clasificaci\u00f3n de almendras con pantalla de clasificaci\u00f3n<\/figcaption><\/figure>    <figure class=\"wp-block-image size-large\"><img loading=\"lazy\" decoding=\"async\" width=\"720\" height=\"540\" data-id=\"1198\" src=\"https:\/\/bestpeanutmachine.com\/wp-content\/uploads\/2026\/02\/pistachio-quality-screening.webp\" alt=\"selecci\u00f3n de calidad de pistachos\" class=\"wp-image-1198\" srcset=\"https:\/\/bestpeanutmachine.com\/wp-content\/uploads\/2026\/02\/pistachio-quality-screening.webp 720w, https:\/\/bestpeanutmachine.com\/wp-content\/uploads\/2026\/02\/pistachio-quality-screening-300x225.webp 300w, https:\/\/bestpeanutmachine.com\/wp-content\/uploads\/2026\/02\/pistachio-quality-screening-16x12.webp 16w\" sizes=\"auto, (max-width: 720px) 100vw, 720px\" \/><figcaption class=\"wp-element-caption\">selecci\u00f3n de calidad de pistachos<\/figcaption><\/figure> <\/figure>    <h3 class=\"wp-block-heading\"><strong><a href=\"https:\/\/bestpeanutmachine.com\/es\/product\/wet-type-almond-skin-peeler-machine\/\">M\u00e1quina de pelado de pistachos<\/a> : Elimina la piel roja exterior de los n\u00facleos de pistacho<\/strong><\/h3>    <ol class=\"wp-block-list\"> <li>Despu\u00e9s del pelado, produce n\u00facleos de color verde brillante para el mercado de alta gama.<\/li>    <li>Esto puede eliminar la astringencia antes de un procesamiento adicional, mejorando la calidad del producto.<\/li> <\/ol>    <figure class=\"wp-block-gallery has-nested-images columns-default is-cropped wp-block-gallery-5 is-layout-flex wp-block-gallery-is-layout-flex\"> <figure class=\"wp-block-image size-large\"><img loading=\"lazy\" decoding=\"async\" width=\"720\" height=\"540\" data-id=\"897\" src=\"https:\/\/bestpeanutmachine.com\/wp-content\/uploads\/2026\/01\/wet-type-peanut-skin-peeling-machine.webp\" alt=\"m\u00e1quina peladora de piel de cacahuete en h\u00famedo\" class=\"wp-image-897\" srcset=\"https:\/\/bestpeanutmachine.com\/wp-content\/uploads\/2026\/01\/wet-type-peanut-skin-peeling-machine.webp 720w, https:\/\/bestpeanutmachine.com\/wp-content\/uploads\/2026\/01\/wet-type-peanut-skin-peeling-machine-300x225.webp 300w, https:\/\/bestpeanutmachine.com\/wp-content\/uploads\/2026\/01\/wet-type-peanut-skin-peeling-machine-16x12.webp 16w\" sizes=\"auto, (max-width: 720px) 100vw, 720px\" \/><figcaption class=\"wp-element-caption\">m\u00e1quina peladora de piel de cacahuete en h\u00famedo<\/figcaption><\/figure>    <figure class=\"wp-block-image size-large\"><img loading=\"lazy\" decoding=\"async\" width=\"720\" height=\"540\" data-id=\"1199\" src=\"https:\/\/bestpeanutmachine.com\/wp-content\/uploads\/2026\/02\/pistachios-after-peeling.webp\" alt=\"pistachos despu\u00e9s del pelado\" class=\"wp-image-1199\" srcset=\"https:\/\/bestpeanutmachine.com\/wp-content\/uploads\/2026\/02\/pistachios-after-peeling.webp 720w, https:\/\/bestpeanutmachine.com\/wp-content\/uploads\/2026\/02\/pistachios-after-peeling-300x225.webp 300w, https:\/\/bestpeanutmachine.com\/wp-content\/uploads\/2026\/02\/pistachios-after-peeling-16x12.webp 16w\" sizes=\"auto, (max-width: 720px) 100vw, 720px\" \/><figcaption class=\"wp-element-caption\">pistachos despu\u00e9s del pelado<\/figcaption><\/figure> <\/figure>    <h3 class=\"wp-block-heading\"><strong><a href=\"https:\/\/bestpeanutmachine.com\/es\/product\/pistachio-grinder-machine\/\">Molino de pistachos<\/a> : Produce mantequilla de pistacho<\/strong><\/h3>    <ol class=\"wp-block-list\"> <li>Se utiliza en las industrias de panader\u00eda, helader\u00eda y confiter\u00eda.<\/li>    <li>Pueden mezclarse con n\u00facleos de pistacho para crear una mantequilla de frutos secos con sabor.<\/li> <\/ol>    <figure class=\"wp-block-gallery has-nested-images columns-default is-cropped wp-block-gallery-6 is-layout-flex wp-block-gallery-is-layout-flex\"> <figure class=\"wp-block-image size-large\"><img loading=\"lazy\" decoding=\"async\" width=\"720\" height=\"540\" data-id=\"1164\" src=\"https:\/\/bestpeanutmachine.com\/wp-content\/uploads\/2026\/02\/pistachio-paste-maker-machine.webp\" alt=\"m\u00e1quina elaboradora de pasta de pistacho\" class=\"wp-image-1164\" srcset=\"https:\/\/bestpeanutmachine.com\/wp-content\/uploads\/2026\/02\/pistachio-paste-maker-machine.webp 720w, https:\/\/bestpeanutmachine.com\/wp-content\/uploads\/2026\/02\/pistachio-paste-maker-machine-300x225.webp 300w, https:\/\/bestpeanutmachine.com\/wp-content\/uploads\/2026\/02\/pistachio-paste-maker-machine-16x12.webp 16w\" sizes=\"auto, (max-width: 720px) 100vw, 720px\" \/><figcaption class=\"wp-element-caption\">m\u00e1quina elaboradora de pasta de pistacho<\/figcaption><\/figure>    <figure class=\"wp-block-image size-large\"><img loading=\"lazy\" decoding=\"async\" width=\"720\" height=\"540\" data-id=\"1200\" src=\"https:\/\/bestpeanutmachine.com\/wp-content\/uploads\/2026\/02\/pistachio-paste-1.webp\" alt=\"pasta de pistacho\" class=\"wp-image-1200\" srcset=\"https:\/\/bestpeanutmachine.com\/wp-content\/uploads\/2026\/02\/pistachio-paste-1.webp 720w, https:\/\/bestpeanutmachine.com\/wp-content\/uploads\/2026\/02\/pistachio-paste-1-300x225.webp 300w, https:\/\/bestpeanutmachine.com\/wp-content\/uploads\/2026\/02\/pistachio-paste-1-16x12.webp 16w\" sizes=\"auto, (max-width: 720px) 100vw, 720px\" \/><figcaption class=\"wp-element-caption\">pasta de pistacho<\/figcaption><\/figure> <\/figure>    <h3 class=\"wp-block-heading\"><strong><a href=\"http:\/\/Peanut &amp; Almond Strip Cutting Machine\">M\u00e1quina de corte de tiras de pistacho<\/a> : Corta los n\u00facleos de pistacho en tiras<\/strong><\/h3>    <ol class=\"wp-block-list\"> <li>Las tiras de pistacho se sirven con panes o postres de alta gama.<\/li>    <li>Pueden enriquecer la textura y apariencia de los alimentos.<\/li> <\/ol>    <figure class=\"wp-block-gallery has-nested-images columns-default is-cropped wp-block-gallery-7 is-layout-flex wp-block-gallery-is-layout-flex\"> <figure class=\"wp-block-image size-large\"><img loading=\"lazy\" decoding=\"async\" width=\"720\" height=\"540\" data-id=\"1002\" src=\"https:\/\/bestpeanutmachine.com\/wp-content\/uploads\/2026\/01\/almond-strip-cutting-machine.webp\" alt=\"m\u00e1quina de corte de tiras de frutos secos\" class=\"wp-image-1002\" srcset=\"https:\/\/bestpeanutmachine.com\/wp-content\/uploads\/2026\/01\/almond-strip-cutting-machine.webp 720w, https:\/\/bestpeanutmachine.com\/wp-content\/uploads\/2026\/01\/almond-strip-cutting-machine-300x225.webp 300w, https:\/\/bestpeanutmachine.com\/wp-content\/uploads\/2026\/01\/almond-strip-cutting-machine-16x12.webp 16w\" sizes=\"auto, (max-width: 720px) 100vw, 720px\" \/><figcaption class=\"wp-element-caption\">m\u00e1quina de corte de tiras de frutos secos<\/figcaption><\/figure>    <figure class=\"wp-block-image size-large\"><img loading=\"lazy\" decoding=\"async\" width=\"720\" height=\"540\" data-id=\"1001\" src=\"https:\/\/bestpeanutmachine.com\/wp-content\/uploads\/2026\/01\/pistachio-strips.webp\" alt=\"Tiras de pistacho\" class=\"wp-image-1001\" srcset=\"https:\/\/bestpeanutmachine.com\/wp-content\/uploads\/2026\/01\/pistachio-strips.webp 720w, https:\/\/bestpeanutmachine.com\/wp-content\/uploads\/2026\/01\/pistachio-strips-300x225.webp 300w, https:\/\/bestpeanutmachine.com\/wp-content\/uploads\/2026\/01\/pistachio-strips-16x12.webp 16w\" sizes=\"auto, (max-width: 720px) 100vw, 720px\" \/><figcaption class=\"wp-element-caption\">Tiras de pistacho<\/figcaption><\/figure> <\/figure>    <h2 class=\"wp-block-heading\"><strong>L\u00ednea de producci\u00f3n de pelado de pistachos a peque\u00f1a escala<\/strong><\/h2>    <p>Una l\u00ednea de producci\u00f3n t\u00edpica de procesamiento de pistachos en peque\u00f1a escala incluye: un elevador de alimentaci\u00f3n, una m\u00e1quina de pelado de pistachos y una criba vibratoria. Este es el equipo m\u00e1s b\u00e1sico, que maneja eficientemente tareas como pelado y cribado de pistachos.<\/p>    <p>Si tiene otros requisitos avanzados de procesamiento, puede especificar sus necesidades de producto o resultados deseados, y nuestro equipo profesional dise\u00f1ar\u00e1 la soluci\u00f3n m\u00e1s adecuada para usted.<\/p>    <figure class=\"wp-block-gallery has-nested-images columns-default is-cropped wp-block-gallery-8 is-layout-flex wp-block-gallery-is-layout-flex\"><div class=\"wp-block-image\"> <figure class=\"aligncenter size-large\"><img loading=\"lazy\" decoding=\"async\" width=\"720\" height=\"540\" data-id=\"1193\" src=\"https:\/\/bestpeanutmachine.com\/wp-content\/uploads\/2026\/02\/pistachio-shelling-production-line.webp\" alt=\"l\u00ednea de producci\u00f3n de pelado de pistachos\" class=\"wp-image-1193\" srcset=\"https:\/\/bestpeanutmachine.com\/wp-content\/uploads\/2026\/02\/pistachio-shelling-production-line.webp 720w, https:\/\/bestpeanutmachine.com\/wp-content\/uploads\/2026\/02\/pistachio-shelling-production-line-300x225.webp 300w, https:\/\/bestpeanutmachine.com\/wp-content\/uploads\/2026\/02\/pistachio-shelling-production-line-16x12.webp 16w\" sizes=\"auto, (max-width: 720px) 100vw, 720px\" \/><figcaption class=\"wp-element-caption\">l\u00ednea de producci\u00f3n de pelado de pistachos<\/figcaption><\/figure> <\/div><\/figure>    <h2 class=\"wp-block-heading\"><strong>\u00bfC\u00f3mo elegir un fabricante confiable de m\u00e1quinas de pelado de pistachos?<\/strong><\/h2>    <p>Al elegir un fabricante confiable de m\u00e1quinas de pelado de pistachos, considere los siguientes factores:<\/p>    <ol class=\"wp-block-list\"> <li>Experiencia en producci\u00f3n: Los proveedores con a\u00f1os de experiencia en fabricaci\u00f3n de equipos de procesamiento de frutos secos son m\u00e1s profesionales.<\/li>    <li>Casos reales de clientes: La instalaci\u00f3n y los comentarios de los clientes proporcionan mejores retroalimentaciones.<\/li>    <li>Soporte t\u00e9cnico: Aseg\u00farese de que el fabricante proporcione orientaci\u00f3n en instalaci\u00f3n, capacitaci\u00f3n en operaci\u00f3n, etc.<\/li>    <li>Certificaci\u00f3n de calidad: Verifique si la m\u00e1quina cumple con los est\u00e1ndares de seguridad alimentaria y exportaci\u00f3n.<\/li> <\/ol>    <p>Adem\u00e1s, un fabricante confiable no solo proporciona equipos, sino tambi\u00e9n soluciones completas de procesamiento. Por lo tanto, para el comprador, encontrar un socio confiable requiere una evaluaci\u00f3n cuidadosa desde m\u00faltiples perspectivas.<\/p>    <p class=\"translation-block\"><strong>Taizy Machinery<\/strong>, una f\u00e1brica especializada en equipos de fabricaci\u00f3n de frutos secos durante m\u00e1s de una d\u00e9cada, cuenta con una gran cantidad de estudios de casos globales y amplia experiencia en importaci\u00f3n\/exportaci\u00f3n. Nuestro objetivo es ofrecer a nuestros clientes m\u00e1quinas de alta calidad, rentables y servicios integrales.<\/p>    <figure class=\"wp-block-gallery has-nested-images columns-default is-cropped wp-block-gallery-9 is-layout-flex wp-block-gallery-is-layout-flex\"> <figure class=\"wp-block-image size-full\"><img loading=\"lazy\" decoding=\"async\" width=\"720\" height=\"540\" data-id=\"1196\" src=\"https:\/\/bestpeanutmachine.com\/wp-content\/uploads\/2026\/02\/pistachio-hulling-machine.webp\" alt=\"\" class=\"wp-image-1196\" srcset=\"https:\/\/bestpeanutmachine.com\/wp-content\/uploads\/2026\/02\/pistachio-hulling-machine.webp 720w, https:\/\/bestpeanutmachine.com\/wp-content\/uploads\/2026\/02\/pistachio-hulling-machine-300x225.webp 300w, https:\/\/bestpeanutmachine.com\/wp-content\/uploads\/2026\/02\/pistachio-hulling-machine-16x12.webp 16w\" sizes=\"auto, (max-width: 720px) 100vw, 720px\" \/><figcaption class=\"wp-element-caption\">m\u00e1quina de pelado de pistachos<\/figcaption><\/figure>    <figure class=\"wp-block-image size-large\"><img loading=\"lazy\" decoding=\"async\" width=\"720\" height=\"540\" data-id=\"1195\" src=\"https:\/\/bestpeanutmachine.com\/wp-content\/uploads\/2026\/02\/Taizy-factory.webp\" alt=\"F\u00e1brica Taizy\" class=\"wp-image-1195\" srcset=\"https:\/\/bestpeanutmachine.com\/wp-content\/uploads\/2026\/02\/Taizy-factory.webp 720w, https:\/\/bestpeanutmachine.com\/wp-content\/uploads\/2026\/02\/Taizy-factory-300x225.webp 300w, https:\/\/bestpeanutmachine.com\/wp-content\/uploads\/2026\/02\/Taizy-factory-16x12.webp 16w\" sizes=\"auto, (max-width: 720px) 100vw, 720px\" \/><figcaption class=\"wp-element-caption\">F\u00e1brica Taizy<\/figcaption><\/figure> <\/figure>    <p>Si tiene alguna duda sobre nuestra m\u00e1quina de pelado de pistachos, cont\u00e1ctenos para obtener m\u00e1s detalles.<\/p>","protected":false},"excerpt":{"rendered":"<p>This pistachio shelling machine efficiently removes pistachio shells with a shelling rate of up to 95% and a breakage rate of only 8%. It can also be integrated with screening machines, peeling machines, and pistachio grinders to create a complete small-scale pistachio production line.<\/p>","protected":false},"author":1,"featured_media":1201,"parent":0,"template":"","tags":[77,84,86],"product-type":[76,6],"class_list":["post-1182","product","type-product","status-publish","has-post-thumbnail","hentry","tag-almond","tag-macadamia","tag-pistachio","product-type-other-nuts-machine","product-type-product"],"_links":{"self":[{"href":"https:\/\/bestpeanutmachine.com\/es\/wp-json\/wp\/v2\/product\/1182","targetHints":{"allow":["GET"]}}],"collection":[{"href":"https:\/\/bestpeanutmachine.com\/es\/wp-json\/wp\/v2\/product"}],"about":[{"href":"https:\/\/bestpeanutmachine.com\/es\/wp-json\/wp\/v2\/types\/product"}],"author":[{"embeddable":true,"href":"https:\/\/bestpeanutmachine.com\/es\/wp-json\/wp\/v2\/users\/1"}],"wp:featuredmedia":[{"embeddable":true,"href":"https:\/\/bestpeanutmachine.com\/es\/wp-json\/wp\/v2\/media\/1201"}],"wp:attachment":[{"href":"https:\/\/bestpeanutmachine.com\/es\/wp-json\/wp\/v2\/media?parent=1182"}],"wp:term":[{"taxonomy":"post_tag","embeddable":true,"href":"https:\/\/bestpeanutmachine.com\/es\/wp-json\/wp\/v2\/tags?post=1182"},{"taxonomy":"product-type","embeddable":true,"href":"https:\/\/bestpeanutmachine.com\/es\/wp-json\/wp\/v2\/product-type?post=1182"}],"curies":[{"name":"wp","href":"https:\/\/api.w.org\/{rel}","templated":true}]}}