{"id":1208,"date":"2026-02-24T13:37:56","date_gmt":"2026-02-24T05:37:56","guid":{"rendered":"https:\/\/bestpeanutmachine.com\/?post_type=product&#038;p=1208"},"modified":"2026-02-25T11:00:20","modified_gmt":"2026-02-25T03:00:20","slug":"peanut-cleaning-machine","status":"publish","type":"product","link":"https:\/\/bestpeanutmachine.com\/es\/product\/peanut-cleaning-machine\/","title":{"rendered":"M\u00e1quina de limpieza de man\u00ed | M\u00e1quina de lavado de n\u00facleo de nuez"},"content":{"rendered":"<p class=\"translation-block\">La <strong>m\u00e1quina de limpieza de cacahuetes de tambor<\/strong> Taizy est\u00e1 dise\u00f1ada espec\u00edficamente para la limpieza por aspersi\u00f3n continua de materiales granulares. Ayuda eficazmente a eliminar polvo, suciedad y impurezas superficiales de los cacahuetes antes de que ingresen a procesos como tostado, molienda, recubrimiento o prensado de aceite.<\/p>    <p>Esta m\u00e1quina puede procesar de 1 a 1,5 toneladas de semillas de cacahuete por hora. Los frutos secos procesados pueden luego ser utilizados en procesos adicionales, como recubrimiento de cacahuete y producci\u00f3n de mantequilla de cacahuete, para mejorar la calidad del producto final.<\/p>    <figure class=\"wp-block-embed aligncenter is-type-video is-provider-youtube wp-block-embed-youtube wp-embed-aspect-16-9 wp-has-aspect-ratio\"><div class=\"wp-block-embed__wrapper\"> <iframe loading=\"lazy\" title=\"M\u00e1quina rotatoria de limpieza de semillas de cacahuete \u2013 Alta eficiencia en lavado por aspersi\u00f3n Contacto\uff1a 8617703863868\" width=\"500\" height=\"281\" src=\"https:\/\/www.youtube.com\/embed\/HQ4NItyi3m0?feature=oembed\" frameborder=\"0\" allow=\"accelerometer; autoplay; clipboard-write; encrypted-media; gyroscope; picture-in-picture; web-share\" referrerpolicy=\"strict-origin-when-cross-origin\" allowfullscreen><\/iframe> <\/div><figcaption class=\"wp-element-caption\">video de trabajo de la m\u00e1quina de limpieza de cacahuetes<\/figcaption><\/figure>    <h2 class=\"wp-block-heading\"><strong>Principio de funcionamiento de la m\u00e1quina de limpieza de cacahuetes<\/strong><\/h2>    <p>Esta m\u00e1quina de limpieza de cacahuetes emplea una estructura de tambor giratorio y est\u00e1 equipada con un sistema de aspersi\u00f3n de agua interno. Su proceso de trabajo es el siguiente:<\/p>    <ol class=\"wp-block-list\"> <li>Las semillas de cacahuete se introducen en el tambor giratorio.<\/li>    <li>Los rociadores de alta presi\u00f3n dentro del tambor pulverizan continuamente agua.<\/li>    <li>Mientras el tambor gira, los cacahuetes se vuelcan hacia adelante.<\/li>    <li>Se eliminan polvo, barro y peque\u00f1as impurezas mediante fricci\u00f3n y lavado con aspersi\u00f3n.<\/li>    <li>Los cacahuetes limpios se descargan autom\u00e1ticamente por la salida.<\/li> <\/ol>    <p>La combinaci\u00f3n de fricci\u00f3n por rodadura y lavado con aspersi\u00f3n de agua garantiza una limpieza exhaustiva sin da\u00f1ar las semillas de cacahuete. Este dise\u00f1o es especialmente adecuado para materiales granulares que requieren limpieza superficial.<\/p>    <h2 class=\"wp-block-heading\"><strong>Principales ventajas de la m\u00e1quina de limpieza de semillas de cacahuete<\/strong><\/h2>    <ol class=\"wp-block-list\"> <li>El dise\u00f1o de producci\u00f3n continua permite que este equipo funcione sin interrupciones, lo que lo hace adecuado para plantas de procesamiento de tama\u00f1o medio a grande.<\/li>    <li>El m\u00e9todo de limpieza por tambor previene eficazmente la rotura de las semillas de cacahuete, manteniendo la integridad del producto.<\/li>    <li>Es adecuada para materiales granulares, incluyendo cacahuetes, frijoles, nueces, semillas y otros productos agr\u00edcolas similares.<\/li>    <li>Nuestra m\u00e1quina de limpieza de cacahuetes est\u00e1 fabricada con acero inoxidable duradero, cuya estructura es sencilla y f\u00e1cil de limpiar despu\u00e9s de su uso.<\/li> <\/ol>    <figure class=\"wp-block-gallery has-nested-images columns-default is-cropped wp-block-gallery-2 is-layout-flex wp-block-gallery-is-layout-flex\"> <figure class=\"wp-block-image size-large\"><img loading=\"lazy\" decoding=\"async\" width=\"720\" height=\"540\" data-id=\"1223\" src=\"https:\/\/bestpeanutmachine.com\/wp-content\/uploads\/2026\/02\/peanut-kernel-washing-machine.webp\" alt=\"m\u00e1quina de lavado de semillas de cacahuete\" class=\"wp-image-1223\" srcset=\"https:\/\/bestpeanutmachine.com\/wp-content\/uploads\/2026\/02\/peanut-kernel-washing-machine.webp 720w, https:\/\/bestpeanutmachine.com\/wp-content\/uploads\/2026\/02\/peanut-kernel-washing-machine-300x225.webp 300w, https:\/\/bestpeanutmachine.com\/wp-content\/uploads\/2026\/02\/peanut-kernel-washing-machine-16x12.webp 16w\" sizes=\"auto, (max-width: 720px) 100vw, 720px\" \/><figcaption class=\"wp-element-caption\">m\u00e1quina de lavado de semillas de cacahuete<\/figcaption><\/figure>    <figure class=\"wp-block-image size-large\"><img loading=\"lazy\" decoding=\"async\" width=\"720\" height=\"540\" data-id=\"1215\" src=\"https:\/\/bestpeanutmachine.com\/wp-content\/uploads\/2026\/02\/groundnut-kernel-washing-machine.webp\" alt=\"m\u00e1quina de lavado de semillas de cacahuete\" class=\"wp-image-1215\" srcset=\"https:\/\/bestpeanutmachine.com\/wp-content\/uploads\/2026\/02\/groundnut-kernel-washing-machine.webp 720w, https:\/\/bestpeanutmachine.com\/wp-content\/uploads\/2026\/02\/groundnut-kernel-washing-machine-300x225.webp 300w, https:\/\/bestpeanutmachine.com\/wp-content\/uploads\/2026\/02\/groundnut-kernel-washing-machine-16x12.webp 16w\" sizes=\"auto, (max-width: 720px) 100vw, 720px\" \/><figcaption class=\"wp-element-caption\">m\u00e1quina de lavado de semillas de cacahuete<\/figcaption><\/figure> <\/figure>    <h2 class=\"wp-block-heading\"><strong>Par\u00e1metros t\u00e9cnicos de la m\u00e1quina de lavado de semillas de cacahuete<\/strong><\/h2>    <figure class=\"wp-block-table\"><table class=\"has-fixed-layout\"><tbody><tr><td>Capacidad<\/td><td>1\u20131.5 t\/h<\/td><\/tr><tr><td>Tama\u00f1o de la m\u00e1quina<\/td><td>2500\u00d7800\u00d71600 mm<\/td><\/tr><tr><td>Potencia principal<\/td><td>1.1 KW<\/td><\/tr><tr><td>Potencia de la bomba de agua<\/td><td>0.75 KW<\/td><\/tr><tr><td>Tipo de producci\u00f3n<\/td><td>Operaci\u00f3n continua<\/td><\/tr><tr><td>Equipo auxiliar<\/td><td>Se requiere elevador de deflectores<\/td><\/tr><\/tbody><\/table><figcaption class=\"wp-element-caption\">Especificaci\u00f3n de la m\u00e1quina de limpieza de cacahuetes<\/figcaption><\/figure>    <p>Su eficiencia de producci\u00f3n depende en gran medida de la alimentaci\u00f3n manual del material. Si requiere un alto grado de automatizaci\u00f3n, puede optar por combinarla con una m\u00e1quina de alimentaci\u00f3n autom\u00e1tica. Si desea integrar esta m\u00e1quina en su l\u00ednea de producci\u00f3n existente, cont\u00e1ctenos para opciones de configuraci\u00f3n relevantes.<\/p>   <div class=\"wp-block-image\"> <figure class=\"aligncenter size-full\"><img loading=\"lazy\" decoding=\"async\" width=\"720\" height=\"540\" src=\"https:\/\/bestpeanutmachine.com\/wp-content\/uploads\/2026\/02\/groundnut-kernel-cleaner.webp\" alt=\"limpiador de semillas de cacahuete\" class=\"wp-image-1216\" srcset=\"https:\/\/bestpeanutmachine.com\/wp-content\/uploads\/2026\/02\/groundnut-kernel-cleaner.webp 720w, https:\/\/bestpeanutmachine.com\/wp-content\/uploads\/2026\/02\/groundnut-kernel-cleaner-300x225.webp 300w, https:\/\/bestpeanutmachine.com\/wp-content\/uploads\/2026\/02\/groundnut-kernel-cleaner-16x12.webp 16w\" sizes=\"auto, (max-width: 720px) 100vw, 720px\" \/><figcaption class=\"wp-element-caption\">limpiador de semillas de cacahuete<\/figcaption><\/figure> <\/div>   <h2 class=\"wp-block-heading\"><strong>Aplicaciones de esta m\u00e1quina limpiadora de semillas de cacahuete en l\u00edneas de producci\u00f3n<\/strong><\/h2>    <p>Las m\u00e1quinas de lavado de cacahuetes se utilizan ampliamente en las siguientes l\u00edneas de procesamiento:<\/p>    <h3 class=\"wp-block-heading\"><strong><a href=\"https:\/\/bestpeanutmachine.com\/es\/product\/peanut-butter-production-line\/\">L\u00ednea de producci\u00f3n de mantequilla de man\u00ed<\/a><\/strong><\/h3>    <p>Los cacahuetes deben lavarse antes de tostarlos y molerlos. Este paso ayuda a:<\/p>    <ul class=\"wp-block-list\"> <li>Prevenir la contaminaci\u00f3n del equipo de tostado<\/li>    <li>Mejorar la calidad de la mantequilla de cacahuete<\/li>    <li>Prevenir que la mantequilla de cacahuete terminada se oscurezca demasiado<\/li>    <li>Asegurar un molido m\u00e1s suave y mejor sabor<\/li> <\/ul>    <figure class=\"wp-block-gallery has-nested-images columns-default is-cropped wp-block-gallery-3 is-layout-flex wp-block-gallery-is-layout-flex\"> <figure class=\"wp-block-image size-large\"><img loading=\"lazy\" decoding=\"async\" width=\"720\" height=\"540\" data-id=\"1221\" src=\"https:\/\/bestpeanutmachine.com\/wp-content\/uploads\/2026\/02\/peanut-butter.webp\" alt=\"mantequilla de man\u00ed\" class=\"wp-image-1221\" srcset=\"https:\/\/bestpeanutmachine.com\/wp-content\/uploads\/2026\/02\/peanut-butter.webp 720w, https:\/\/bestpeanutmachine.com\/wp-content\/uploads\/2026\/02\/peanut-butter-300x225.webp 300w, https:\/\/bestpeanutmachine.com\/wp-content\/uploads\/2026\/02\/peanut-butter-16x12.webp 16w\" sizes=\"auto, (max-width: 720px) 100vw, 720px\" \/><figcaption class=\"wp-element-caption\">mantequilla de man\u00ed<\/figcaption><\/figure>    <figure class=\"wp-block-image size-large\"><img loading=\"lazy\" decoding=\"async\" width=\"720\" height=\"540\" data-id=\"808\" src=\"https:\/\/bestpeanutmachine.com\/wp-content\/uploads\/2022\/08\/300-kgh-peanut-butter-production-line.webp\" alt=\"L\u00ednea de producci\u00f3n de mantequilla de cacahuete de 300 kg\/h\" class=\"wp-image-808\" srcset=\"https:\/\/bestpeanutmachine.com\/wp-content\/uploads\/2022\/08\/300-kgh-peanut-butter-production-line.webp 720w, https:\/\/bestpeanutmachine.com\/wp-content\/uploads\/2022\/08\/300-kgh-peanut-butter-production-line-300x225.webp 300w, https:\/\/bestpeanutmachine.com\/wp-content\/uploads\/2022\/08\/300-kgh-peanut-butter-production-line-16x12.webp 16w\" sizes=\"auto, (max-width: 720px) 100vw, 720px\" \/><figcaption class=\"wp-element-caption\">L\u00ednea de producci\u00f3n de mantequilla de cacahuete de 300 kg\/h<\/figcaption><\/figure> <\/figure>    <h3 class=\"wp-block-heading\"><strong><a href=\"https:\/\/bestpeanutmachine.com\/es\/product\/coated-peanut-production-line\/\">L\u00ednea de producci\u00f3n de cacahuetes recubiertos<\/a><\/strong><\/h3>    <p>En la producci\u00f3n de cacahuetes recubiertos (cacahuetes sazonados):<\/p>    <ul class=\"wp-block-list\"> <li>Una superficie limpia de cacahuete garantiza una mejor adherencia del recubrimiento<\/li>    <li>Mejorar la apariencia y uniformidad del producto<\/li> <\/ul>    <figure class=\"wp-block-gallery has-nested-images columns-default is-cropped wp-block-gallery-4 is-layout-flex wp-block-gallery-is-layout-flex\"> <figure class=\"wp-block-image size-large\"><img loading=\"lazy\" decoding=\"async\" width=\"720\" height=\"540\" data-id=\"1222\" src=\"https:\/\/bestpeanutmachine.com\/wp-content\/uploads\/2026\/02\/sugar-coated-peanut.webp\" alt=\"cacahuete cubierto de az\u00facar\" class=\"wp-image-1222\" srcset=\"https:\/\/bestpeanutmachine.com\/wp-content\/uploads\/2026\/02\/sugar-coated-peanut.webp 720w, https:\/\/bestpeanutmachine.com\/wp-content\/uploads\/2026\/02\/sugar-coated-peanut-300x225.webp 300w, https:\/\/bestpeanutmachine.com\/wp-content\/uploads\/2026\/02\/sugar-coated-peanut-16x12.webp 16w\" sizes=\"auto, (max-width: 720px) 100vw, 720px\" \/><figcaption class=\"wp-element-caption\">cacahuete cubierto de az\u00facar<\/figcaption><\/figure>    <figure class=\"wp-block-image size-large\"><img loading=\"lazy\" decoding=\"async\" width=\"720\" height=\"540\" data-id=\"554\" src=\"https:\/\/bestpeanutmachine.com\/wp-content\/uploads\/2025\/10\/coated-peanut-production-line-1.webp\" alt=\"l\u00ednea de producci\u00f3n de man\u00ed recubierto\" class=\"wp-image-554\" srcset=\"https:\/\/bestpeanutmachine.com\/wp-content\/uploads\/2025\/10\/coated-peanut-production-line-1.webp 720w, https:\/\/bestpeanutmachine.com\/wp-content\/uploads\/2025\/10\/coated-peanut-production-line-1-300x225.webp 300w, https:\/\/bestpeanutmachine.com\/wp-content\/uploads\/2025\/10\/coated-peanut-production-line-1-16x12.webp 16w\" sizes=\"auto, (max-width: 720px) 100vw, 720px\" \/><figcaption class=\"wp-element-caption\">l\u00ednea de producci\u00f3n de man\u00ed recubierto<\/figcaption><\/figure> <\/figure>    <p>Adem\u00e1s, esta m\u00e1quina de lavado de semillas de cacahuete tambi\u00e9n puede lavar soja, cacao, d\u00e1tiles rojos y muchos otros tipos de nueces granulares. Si tiene otras necesidades de procesamiento, cont\u00e1ctenos. Nuestro equipo de ventas profesional recomendar\u00e1 la m\u00e1quina m\u00e1s adecuada seg\u00fan su material y requisitos de producci\u00f3n.<\/p>    <figure class=\"wp-block-gallery has-nested-images columns-2 is-cropped wp-block-gallery-5 is-layout-flex wp-block-gallery-is-layout-flex\"> <figure class=\"wp-block-image size-large\"><img loading=\"lazy\" decoding=\"async\" width=\"720\" height=\"540\" data-id=\"1219\" src=\"https:\/\/bestpeanutmachine.com\/wp-content\/uploads\/2026\/02\/soybean.webp\" alt=\"soja\" class=\"wp-image-1219\" srcset=\"https:\/\/bestpeanutmachine.com\/wp-content\/uploads\/2026\/02\/soybean.webp 720w, https:\/\/bestpeanutmachine.com\/wp-content\/uploads\/2026\/02\/soybean-300x225.webp 300w, https:\/\/bestpeanutmachine.com\/wp-content\/uploads\/2026\/02\/soybean-16x12.webp 16w\" sizes=\"auto, (max-width: 720px) 100vw, 720px\" \/><figcaption class=\"wp-element-caption\">soja<\/figcaption><\/figure>    <figure class=\"wp-block-image size-large\"><img loading=\"lazy\" decoding=\"async\" width=\"720\" height=\"540\" data-id=\"1220\" src=\"https:\/\/bestpeanutmachine.com\/wp-content\/uploads\/2026\/02\/groundnut.webp\" alt=\"Man\u00ed\" class=\"wp-image-1220\" srcset=\"https:\/\/bestpeanutmachine.com\/wp-content\/uploads\/2026\/02\/groundnut.webp 720w, https:\/\/bestpeanutmachine.com\/wp-content\/uploads\/2026\/02\/groundnut-300x225.webp 300w, https:\/\/bestpeanutmachine.com\/wp-content\/uploads\/2026\/02\/groundnut-16x12.webp 16w\" sizes=\"auto, (max-width: 720px) 100vw, 720px\" \/><figcaption class=\"wp-element-caption\">Man\u00ed<\/figcaption><\/figure>    <figure class=\"wp-block-image size-large\"><img loading=\"lazy\" decoding=\"async\" width=\"720\" height=\"540\" data-id=\"1217\" src=\"https:\/\/bestpeanutmachine.com\/wp-content\/uploads\/2026\/02\/cocoa-bean.webp\" alt=\"grano de cacao\" class=\"wp-image-1217\" srcset=\"https:\/\/bestpeanutmachine.com\/wp-content\/uploads\/2026\/02\/cocoa-bean.webp 720w, https:\/\/bestpeanutmachine.com\/wp-content\/uploads\/2026\/02\/cocoa-bean-300x225.webp 300w, https:\/\/bestpeanutmachine.com\/wp-content\/uploads\/2026\/02\/cocoa-bean-16x12.webp 16w\" sizes=\"auto, (max-width: 720px) 100vw, 720px\" \/><figcaption class=\"wp-element-caption\">grano de cacao<\/figcaption><\/figure>    <figure class=\"wp-block-image size-large\"><img loading=\"lazy\" decoding=\"async\" width=\"720\" height=\"540\" data-id=\"1218\" src=\"https:\/\/bestpeanutmachine.com\/wp-content\/uploads\/2026\/02\/red-dates.webp\" alt=\"d\u00e1tiles rojos\" class=\"wp-image-1218\" srcset=\"https:\/\/bestpeanutmachine.com\/wp-content\/uploads\/2026\/02\/red-dates.webp 720w, https:\/\/bestpeanutmachine.com\/wp-content\/uploads\/2026\/02\/red-dates-300x225.webp 300w, https:\/\/bestpeanutmachine.com\/wp-content\/uploads\/2026\/02\/red-dates-16x12.webp 16w\" sizes=\"auto, (max-width: 720px) 100vw, 720px\" \/><figcaption class=\"wp-element-caption\">d\u00e1tiles rojos<\/figcaption><\/figure> <\/figure>    <h2 class=\"wp-block-heading\"><strong>\u00bfPor qu\u00e9 es esencial una m\u00e1quina de limpieza de cacahuetes?<\/strong><\/h2>    <p>Una limpieza inadecuada de las semillas de cacahuete durante el procesamiento de otros productos puede provocar acumulaci\u00f3n de polvo en la m\u00e1quina de tostado y acelerar el desgaste del equipo de molienda. El producto final puede no cumplir con los est\u00e1ndares de higiene.<\/p>    <p>Investing in a professional peanut washing machine not only extends the equipment&#8217;s lifespan but also significantly impacts the quality of the final product. If you have strict quality control requirements and high standards for your products, investing in this machine is an excellent choice.<\/p>    <p>Si est\u00e1 construyendo o actualizando una planta de procesamiento de cacahuetes, esta m\u00e1quina de limpieza de cacahuetes ser\u00e1 una opci\u00f3n pr\u00e1ctica y econ\u00f3mica. \u00a1Cont\u00e1ctenos para una cotizaci\u00f3n!<\/p>","protected":false},"excerpt":{"rendered":"<p>This peanut cleaning machine uses a rotary drum and internal spray system to remove dust and soil from peanuts efficiently. With 1\u20131.5 tons per hour capacity, it is ideal for peanut butter production lines, coated peanut processing, and other granular material washing applications.<\/p>","protected":false},"author":1,"featured_media":1214,"parent":0,"template":"","tags":[12,11],"product-type":[69,6],"class_list":["post-1208","product","type-product","status-publish","has-post-thumbnail","hentry","tag-groundnut","tag-peanut","product-type-peanut-machine","product-type-product"],"_links":{"self":[{"href":"https:\/\/bestpeanutmachine.com\/es\/wp-json\/wp\/v2\/product\/1208","targetHints":{"allow":["GET"]}}],"collection":[{"href":"https:\/\/bestpeanutmachine.com\/es\/wp-json\/wp\/v2\/product"}],"about":[{"href":"https:\/\/bestpeanutmachine.com\/es\/wp-json\/wp\/v2\/types\/product"}],"author":[{"embeddable":true,"href":"https:\/\/bestpeanutmachine.com\/es\/wp-json\/wp\/v2\/users\/1"}],"wp:featuredmedia":[{"embeddable":true,"href":"https:\/\/bestpeanutmachine.com\/es\/wp-json\/wp\/v2\/media\/1214"}],"wp:attachment":[{"href":"https:\/\/bestpeanutmachine.com\/es\/wp-json\/wp\/v2\/media?parent=1208"}],"wp:term":[{"taxonomy":"post_tag","embeddable":true,"href":"https:\/\/bestpeanutmachine.com\/es\/wp-json\/wp\/v2\/tags?post=1208"},{"taxonomy":"product-type","embeddable":true,"href":"https:\/\/bestpeanutmachine.com\/es\/wp-json\/wp\/v2\/product-type?post=1208"}],"curies":[{"name":"wp","href":"https:\/\/api.w.org\/{rel}","templated":true}]}}