{"id":1229,"date":"2026-02-25T14:47:06","date_gmt":"2026-02-25T06:47:06","guid":{"rendered":"https:\/\/bestpeanutmachine.com\/?post_type=product&#038;p=1229"},"modified":"2026-02-27T17:56:53","modified_gmt":"2026-02-27T09:56:53","slug":"chestnut-roaster-machine","status":"publish","type":"product","link":"https:\/\/bestpeanutmachine.com\/es\/product\/chestnut-roaster-machine\/","title":{"rendered":"M\u00e1quina de tostar casta\u00f1as"},"content":{"rendered":"<p class=\"translation-block\">La <strong>m\u00e1quina de asar casta\u00f1as<\/strong> es un sistema comercial de tostado en tambor dise\u00f1ado para tostar de manera uniforme casta\u00f1as, cacahuetes, semillas y otros productos de snack, de 15 a 75 kg por lote. Utiliza calefacci\u00f3n controlada y rotaci\u00f3n continua del tambor para garantizar que los alimentos se horneen de manera uniforme sin quemarse.<\/p>    <p>Con opciones de calefacci\u00f3n flexibles (gas o el\u00e9ctrica) y m\u00faltiples opciones de material (acero al carbono o acero inoxidable), es ideal tanto para tiendas de tostado en inicio como para negocios de snacks en expansi\u00f3n.<\/p>    <figure class=\"wp-block-embed aligncenter is-type-video is-provider-youtube wp-block-embed-youtube wp-embed-aspect-16-9 wp-has-aspect-ratio\"><div class=\"wp-block-embed__wrapper\"> <iframe loading=\"lazy\" title=\"Chestnut Roaster Machine | Gas &amp; Electric Drum Roasting Process Contact: +8617703863868\" width=\"500\" height=\"281\" src=\"https:\/\/www.youtube.com\/embed\/2sYTPtqRL0s?feature=oembed\" frameborder=\"0\" allow=\"accelerometer; autoplay; clipboard-write; encrypted-media; gyroscope; picture-in-picture; web-share\" referrerpolicy=\"strict-origin-when-cross-origin\" allowfullscreen><\/iframe> <\/div><figcaption class=\"wp-element-caption\">video de trabajo de la m\u00e1quina de tostar casta\u00f1as peque\u00f1a<\/figcaption><\/figure>    <h2 class=\"wp-block-heading\"><strong>Principales ventajas de la m\u00e1quina de tostar semillas de girasol<\/strong><\/h2>    <ul class=\"wp-block-list\"> <li>Esta m\u00e1quina de tostar casta\u00f1as ofrece dos m\u00e9todos de calefacci\u00f3n: gas y el\u00e9ctrico. Funciona de manera limpia, es f\u00e1cil de instalar y proporciona un control de temperatura estable, lo que la hace adecuada para diversos entornos.<\/li>    <li>Puede estar hecha de acero al carbono o acero inoxidable. Cada material tiene sus propias caracter\u00edsticas y diferencias de precio. Taizy recomienda usar el modelo de acero inoxidable para entornos alimentarios comerciales.<\/li>    <li>Dependiendo del modelo, puede producir de 15 a 75 kg por lote, lo que permite a los operadores hornear peque\u00f1as cantidades de producto bajo demanda y ampliar su l\u00ednea de productos sin comprar nuevo equipo.<\/li> <\/ul>   <div class=\"wp-block-image\"> <figure class=\"aligncenter size-full\"><img loading=\"lazy\" decoding=\"async\" width=\"720\" height=\"540\" src=\"https:\/\/bestpeanutmachine.com\/wp-content\/uploads\/2026\/02\/nut-roasting-machine.webp\" alt=\"m\u00e1quina de tostar nueces\" class=\"wp-image-1235\" srcset=\"https:\/\/bestpeanutmachine.com\/wp-content\/uploads\/2026\/02\/nut-roasting-machine.webp 720w, https:\/\/bestpeanutmachine.com\/wp-content\/uploads\/2026\/02\/nut-roasting-machine-300x225.webp 300w, https:\/\/bestpeanutmachine.com\/wp-content\/uploads\/2026\/02\/nut-roasting-machine-16x12.webp 16w\" sizes=\"auto, (max-width: 720px) 100vw, 720px\" \/><figcaption class=\"wp-element-caption\">m\u00e1quina de tostar nueces<\/figcaption><\/figure> <\/div>   <h2 class=\"wp-block-heading\"><strong>Principio de funcionamiento de la m\u00e1quina de tostar cacahuetes<\/strong><\/h2>    <p>La m\u00e1quina comercial de tostar cacahuetes Taizy utiliza un sistema de calefacci\u00f3n por tambor rotatorio, que calienta uniformemente el tambor de tostado mediante un quemador de gas o elemento calefactor el\u00e9ctrico. A medida que el tambor gira continuamente, las casta\u00f1as o cacahuetes se vuelcan y se tuestan de manera uniforme.<\/p>    <p>A built-in temperature controller of this machine allows for the adjustment of the roasting temperature according to different products. After roasting, the drum&#8217;s special structure allows for automatic unloading, facilitating easy discharge.<\/p>    <h2 class=\"wp-block-heading\"><strong>Especificaciones de la m\u00e1quina de tostar nueces peque\u00f1a<\/strong><\/h2>    <p>Nuestras m\u00e1quinas comerciales de tostado de casta\u00f1as est\u00e1n disponibles en varios modelos para satisfacer diferentes necesidades de producci\u00f3n, principalmente divididos en tres tipos: 50, 100 y 200.<\/p>    <h3 class=\"wp-block-heading\"><strong>M\u00e1quina de tostado de almendras modelo 50<\/strong><\/h3>    <figure class=\"wp-block-table\"><table class=\"has-fixed-layout\"><tbody><tr><td>Capacidad<\/td><td>Aproximadamente 15 kg de casta\u00f1as por lote<\/td><\/tr><tr><td>Tiempo de calentamiento<\/td><td>Calefacci\u00f3n a gas: 20-25 minutos<br>Calefacci\u00f3n el\u00e9ctrica: 30-40 minutos<\/td><\/tr><tr><td>\u00c1reas de aplicaci\u00f3n<\/td><td>Adecuado para peque\u00f1as tiendas de snacks y mostradores minoristas.<\/td><\/tr><\/tbody><\/table><figcaption class=\"wp-element-caption\">Par\u00e1metros del tostador de nueces en peque\u00f1a escala modelo 50<\/figcaption><\/figure>    <h3 class=\"wp-block-heading\"><strong>M\u00e1quina de tostado de casta\u00f1as modelo 100<\/strong><\/h3>    <figure class=\"wp-block-table\"><table class=\"has-fixed-layout\"><tbody><tr><td>Capacidad<\/td><td>Aproximadamente 40 kg de casta\u00f1as por lote<\/td><\/tr><tr><td>Tiempo de calentamiento<\/td><td>Calefacci\u00f3n a gas: Aproximadamente 20 minutos<br>Calefacci\u00f3n el\u00e9ctrica: Aproximadamente 30-40 minutos<\/td><\/tr><tr><td>\u00c1reas de aplicaci\u00f3n<\/td><td>Adecuado para panader\u00edas de tama\u00f1o medio.<\/td><\/tr><\/tbody><\/table><figcaption class=\"wp-element-caption\">Especificaciones de la m\u00e1quina de tostado de anacardos modelo 100<\/figcaption><\/figure>    <h3 class=\"wp-block-heading\"> <strong>M\u00e1quina de tostado en tambor modelo 200<\/strong><\/h3>    <figure class=\"wp-block-table\"><table class=\"has-fixed-layout\"><tbody><tr><td>Capacidad<\/td><td>Aproximadamente 75 kg de casta\u00f1as por lote<\/td><\/tr><tr><td>Tiempo de calentamiento<\/td><td>Calefacci\u00f3n a gas: Aproximadamente 20-25 minutos<br>Calefacci\u00f3n el\u00e9ctrica: Aproximadamente 35-40 minutos<\/td><\/tr><tr><td>\u00c1reas de aplicaci\u00f3n<\/td><td>Dise\u00f1ado para tiendas de snacks de alta demanda <br>o aplicaciones semi-industriales.<\/td><\/tr><\/tbody><\/table><figcaption class=\"wp-element-caption\">Par\u00e1metros t\u00e9cnicos de la m\u00e1quina de tostar nueces modelo 200<\/figcaption><\/figure>    <p>Las siguientes sugerencias se aplican para elegir entre los dos m\u00e9todos de calefacci\u00f3n:<\/p>    <ol class=\"wp-block-list\"> <li><strong>Calefacci\u00f3n a gas<\/strong> es m\u00e1s r\u00e1pido y eficiente en energ\u00eda, adecuado para tostado en grandes vol\u00famenes.<\/li>    <li><strong>Calefacci\u00f3n el\u00e9ctrica<\/strong> permite un control preciso de la temperatura, lo que lo convierte en una opci\u00f3n ideal para entornos comerciales interiores.<\/li> <\/ol>   <div class=\"wp-block-image\"> <figure class=\"aligncenter size-full\"><img loading=\"lazy\" decoding=\"async\" width=\"720\" height=\"540\" src=\"https:\/\/bestpeanutmachine.com\/wp-content\/uploads\/2026\/02\/commercial-chestnut-roaster-machine.webp\" alt=\"m\u00e1quina comercial de tostar casta\u00f1as\" class=\"wp-image-1236\" srcset=\"https:\/\/bestpeanutmachine.com\/wp-content\/uploads\/2026\/02\/commercial-chestnut-roaster-machine.webp 720w, https:\/\/bestpeanutmachine.com\/wp-content\/uploads\/2026\/02\/commercial-chestnut-roaster-machine-300x225.webp 300w, https:\/\/bestpeanutmachine.com\/wp-content\/uploads\/2026\/02\/commercial-chestnut-roaster-machine-16x12.webp 16w\" sizes=\"auto, (max-width: 720px) 100vw, 720px\" \/><figcaption class=\"wp-element-caption\">m\u00e1quina comercial de tostar casta\u00f1as<\/figcaption><\/figure> <\/div>   <p>If you still don&#8217;t know which one is better for your business, you can ask us. We will introduce the most suitable one depending on your real needs.<\/p>    <h2 class=\"wp-block-heading\"><strong>\u00bfPor qu\u00e9 invertir en una m\u00e1quina de tostar casta\u00f1as?<\/strong><\/h2>    <ol class=\"wp-block-list\"> <li>Esta m\u00e1quina es m\u00e1s r\u00e1pida que el tostado tradicional con carb\u00f3n.<\/li>    <li>Garantiza una calidad constante en cada lote.<\/li>    <li>Cada lote puede ser tostado en lotes de 15-75 kg, satisfaciendo necesidades comerciales.<\/li> <\/ol>    <p>This commercial chestnut roasting machine is more than just a baking device, and it&#8217;s an ideal solution for snack entrepreneurs to improve production efficiency and profitability.<\/p>   <div class=\"wp-block-image\"> <figure class=\"aligncenter size-full\"><img loading=\"lazy\" decoding=\"async\" width=\"720\" height=\"540\" src=\"https:\/\/bestpeanutmachine.com\/wp-content\/uploads\/2026\/02\/cashew-nut-roaster-machine.webp\" alt=\"m\u00e1quina de tostar cacahuetes\" class=\"wp-image-1237\" srcset=\"https:\/\/bestpeanutmachine.com\/wp-content\/uploads\/2026\/02\/cashew-nut-roaster-machine.webp 720w, https:\/\/bestpeanutmachine.com\/wp-content\/uploads\/2026\/02\/cashew-nut-roaster-machine-300x225.webp 300w, https:\/\/bestpeanutmachine.com\/wp-content\/uploads\/2026\/02\/cashew-nut-roaster-machine-16x12.webp 16w\" sizes=\"auto, (max-width: 720px) 100vw, 720px\" \/><figcaption class=\"wp-element-caption\">m\u00e1quina de tostar cacahuetes<\/figcaption><\/figure> <\/div>   <h2 class=\"wp-block-heading\"><strong>Caso de \u00e9xito: expansi\u00f3n de la tienda de snacks en Malasia<\/strong><\/h2>    <p>El propietario de una tienda de snacks en Malasia hab\u00eda estado usando una m\u00e1quina de tostado semiautom\u00e1tica para tostar casta\u00f1as y cacahuetes. Pero la producci\u00f3n era lenta y, a medida que aumentaba el volumen de pedidos, decidi\u00f3 actualizar su equipo.<\/p>    <p>Despu\u00e9s de invertir en una tostadora de casta\u00f1as de gas modelo 100 de Taizy, redujo el tiempo de tostado a 20 minutos y asegur\u00f3 un color y sabor consistentes en el producto.<\/p>    <p>La automatizaci\u00f3n mejorada redujo los costos laborales, y el propietario pudo ampliar su gama de productos para incluir cacahuetes tostados, nueces con sabor y casta\u00f1as de temporada, comenzando a suministrar a supermercados cercanos.<\/p>    <p>Finalmente, su negocio evolucion\u00f3 de un peque\u00f1o puesto callejero a una planta estable de tostado y procesamiento mayorista y minorista, logrando una actualizaci\u00f3n industrial exitosa.<\/p>    <figure class=\"wp-block-gallery has-nested-images columns-default is-cropped wp-block-gallery-2 is-layout-flex wp-block-gallery-is-layout-flex\"> <figure class=\"wp-block-image size-large\"><img loading=\"lazy\" decoding=\"async\" width=\"720\" height=\"540\" data-id=\"1233\" src=\"https:\/\/bestpeanutmachine.com\/wp-content\/uploads\/2026\/02\/sugar-roasted-chestnuts.webp\" alt=\"casta\u00f1as asadas con az\u00facar\" class=\"wp-image-1233\" srcset=\"https:\/\/bestpeanutmachine.com\/wp-content\/uploads\/2026\/02\/sugar-roasted-chestnuts.webp 720w, https:\/\/bestpeanutmachine.com\/wp-content\/uploads\/2026\/02\/sugar-roasted-chestnuts-300x225.webp 300w, https:\/\/bestpeanutmachine.com\/wp-content\/uploads\/2026\/02\/sugar-roasted-chestnuts-16x12.webp 16w\" sizes=\"auto, (max-width: 720px) 100vw, 720px\" \/><figcaption class=\"wp-element-caption\">casta\u00f1as asadas con az\u00facar<\/figcaption><\/figure>    <figure class=\"wp-block-image size-large\"><img loading=\"lazy\" decoding=\"async\" width=\"720\" height=\"540\" data-id=\"1234\" src=\"https:\/\/bestpeanutmachine.com\/wp-content\/uploads\/2026\/02\/upgraded-roasted-nuts-snack-shop.webp\" alt=\"tienda de snacks de nueces tostadas mejorada\" class=\"wp-image-1234\" srcset=\"https:\/\/bestpeanutmachine.com\/wp-content\/uploads\/2026\/02\/upgraded-roasted-nuts-snack-shop.webp 720w, https:\/\/bestpeanutmachine.com\/wp-content\/uploads\/2026\/02\/upgraded-roasted-nuts-snack-shop-300x225.webp 300w, https:\/\/bestpeanutmachine.com\/wp-content\/uploads\/2026\/02\/upgraded-roasted-nuts-snack-shop-16x12.webp 16w\" sizes=\"auto, (max-width: 720px) 100vw, 720px\" \/><figcaption class=\"wp-element-caption\">tienda de snacks de nueces tostadas mejorada<\/figcaption><\/figure> <\/figure>    <p>Las m\u00e1quinas Taizy est\u00e1n dedicadas a ayudar a las personas a lograr la m\u00e1xima automatizaci\u00f3n y brindar soporte t\u00e9cnico a largo plazo para el desarrollo empresarial. Por favor, cont\u00e1ctenos para obtener informaci\u00f3n m\u00e1s detallada si tiene alguna necesidad.<\/p>    <p>M\u00e1s equipos de procesamiento de nueces: <\/p>    <ul class=\"wp-block-list\"> <li><a href=\"https:\/\/bestpeanutmachine.com\/es\/product\/peanut-coating-machine\/\">M\u00e1quina de recubrimiento de man\u00ed<\/a><\/li>    <li><a href=\"https:\/\/bestpeanutmachine.com\/es\/product\/peanut-roasting-machine\/\">M\u00e1quina tostadora de man\u00ed<\/a><\/li> <\/ul>","protected":false},"excerpt":{"rendered":"<p>This chestnut roaster is a commercial rotary drum roasting system designed for snack shops and food businesses. It can be equipped with gas or electric heating to quickly and evenly roast chestnuts, peanuts, and various nuts. With a single roasting capacity of 15-75 kg, it is constructed from durable cast iron or food-grade stainless steel and is suitable for long-term commercial use.<\/p>","protected":false},"author":1,"featured_media":1238,"parent":0,"template":"","tags":[77,80,86],"product-type":[76,6],"class_list":["post-1229","product","type-product","status-publish","has-post-thumbnail","hentry","tag-almond","tag-cocoa","tag-pistachio","product-type-other-nuts-machine","product-type-product"],"_links":{"self":[{"href":"https:\/\/bestpeanutmachine.com\/es\/wp-json\/wp\/v2\/product\/1229","targetHints":{"allow":["GET"]}}],"collection":[{"href":"https:\/\/bestpeanutmachine.com\/es\/wp-json\/wp\/v2\/product"}],"about":[{"href":"https:\/\/bestpeanutmachine.com\/es\/wp-json\/wp\/v2\/types\/product"}],"author":[{"embeddable":true,"href":"https:\/\/bestpeanutmachine.com\/es\/wp-json\/wp\/v2\/users\/1"}],"wp:featuredmedia":[{"embeddable":true,"href":"https:\/\/bestpeanutmachine.com\/es\/wp-json\/wp\/v2\/media\/1238"}],"wp:attachment":[{"href":"https:\/\/bestpeanutmachine.com\/es\/wp-json\/wp\/v2\/media?parent=1229"}],"wp:term":[{"taxonomy":"post_tag","embeddable":true,"href":"https:\/\/bestpeanutmachine.com\/es\/wp-json\/wp\/v2\/tags?post=1229"},{"taxonomy":"product-type","embeddable":true,"href":"https:\/\/bestpeanutmachine.com\/es\/wp-json\/wp\/v2\/product-type?post=1229"}],"curies":[{"name":"wp","href":"https:\/\/api.w.org\/{rel}","templated":true}]}}