{"id":1274,"date":"2026-03-04T14:48:22","date_gmt":"2026-03-04T06:48:22","guid":{"rendered":"https:\/\/bestpeanutmachine.com\/?post_type=product&#038;p=1274"},"modified":"2026-03-04T17:27:12","modified_gmt":"2026-03-04T09:27:12","slug":"combined-peanut-shelling-unit","status":"publish","type":"product","link":"https:\/\/bestpeanutmachine.com\/es\/product\/combined-peanut-shelling-unit\/","title":{"rendered":"Unidad de descascarado de cacahuetes con sistema de limpieza y clasificaci\u00f3n"},"content":{"rendered":"<p class=\"translation-block\">La <strong>unidad de descascarado de cacahuetes<\/strong> integra los sistemas de limpieza y descascarado en una sola unidad, formando una soluci\u00f3n de procesamiento completa que incluye funciones de limpieza, descascarado y separaci\u00f3n. Cuenta con una tasa de limpieza \u226599%, una tasa de descascarado \u226599%, una tasa de p\u00e9rdida \u22640.5% y una tasa de rotura \u22645%.<\/p>    <p>Primero elimina las impurezas pesadas y ligeras de los cacahuetes, luego realiza un descascarado en varias etapas. El contenido de humedad del cacahuete debe ser inferior al 10% para garantizar una alta tasa de descascarado y una baja tasa de rotura. Se utiliza especialmente en \u00e1reas productoras de cacahuetes (regiones monta\u00f1osas, accidentadas y de suelo arenoso).<\/p>    <figure class=\"wp-block-embed aligncenter is-type-video is-provider-youtube wp-block-embed-youtube wp-embed-aspect-16-9 wp-has-aspect-ratio\"><div class=\"wp-block-embed__wrapper\"> <iframe loading=\"lazy\" title=\"L\u00ednea de procesamiento industrial de cacahuetes de 8000kg\/h, unidad combinada de descascarado de cacahuetes. Contacto:  8617703863868\" width=\"500\" height=\"281\" src=\"https:\/\/www.youtube.com\/embed\/CP013EhPJHc?feature=oembed\" frameborder=\"0\" allow=\"accelerometer; autoplay; clipboard-write; encrypted-media; gyroscope; picture-in-picture; web-share\" referrerpolicy=\"strict-origin-when-cross-origin\" allowfullscreen><\/iframe> <\/div><figcaption class=\"wp-element-caption\">video de funcionamiento de la unidad de descascarado de cacahuetes<\/figcaption><\/figure>    <h2 class=\"wp-block-heading\"><strong>Ventajas significativas de la unidad de descascarado de cacahuetes<\/strong><\/h2>    <ol class=\"wp-block-list\"> <li>Nuestra unidad de descascarado de cacahuetes consta de dos partes: un sistema de eliminaci\u00f3n de impurezas y un sistema de descascarado de cacahuetes. Esta estructura garantiza la limpieza de las materias primas antes del descascarado, mejorando la calidad final.<\/li>    <li>Esta m\u00e1quina de descascarado de cacahuetes presenta un dise\u00f1o de descascarado de tres rodillos que pela la c\u00e1scara capa por capa. La separaci\u00f3n ajustable entre los rodillos y la rejilla c\u00f3ncava garantiza una tasa de descascarado de \u226599% y una tasa de rotura de \u22645%.<\/li>    <li>El sistema de descascarado est\u00e1 equipado con pantallas de clasificaci\u00f3n multicapa para separar los granos y las c\u00e1scaras, mejorando la eficiencia general.<\/li>    <li>Su secci\u00f3n de limpieza y eliminaci\u00f3n de impurezas est\u00e1 equipada con una pantalla vibratoria y un ventilador grande, que utiliza un sistema de flujo de aire potente para eliminar c\u00e1scaras de cacahuete y peque\u00f1as impurezas.<\/li>    <li>La secci\u00f3n de descascarado est\u00e1 equipada con un sistema de re-descascarado autom\u00e1tico, que puede clasificar y volver a descascarar autom\u00e1ticamente los cacahuetes parcialmente descascarados, mejorando significativamente la tasa de descascarado.<\/li> <\/ol>    <figure class=\"wp-block-gallery has-nested-images columns-default is-cropped wp-block-gallery-2 is-layout-flex wp-block-gallery-is-layout-flex\"> <figure class=\"wp-block-image size-large\"><img loading=\"lazy\" decoding=\"async\" width=\"720\" height=\"540\" data-id=\"1287\" src=\"https:\/\/bestpeanutmachine.com\/wp-content\/uploads\/2026\/03\/grading-screens.webp\" alt=\"Pantallas de clasificaci\u00f3n\" class=\"wp-image-1287\" srcset=\"https:\/\/bestpeanutmachine.com\/wp-content\/uploads\/2026\/03\/grading-screens.webp 720w, https:\/\/bestpeanutmachine.com\/wp-content\/uploads\/2026\/03\/grading-screens-300x225.webp 300w, https:\/\/bestpeanutmachine.com\/wp-content\/uploads\/2026\/03\/grading-screens-16x12.webp 16w\" sizes=\"auto, (max-width: 720px) 100vw, 720px\" \/><figcaption class=\"wp-element-caption\">Pantallas de clasificaci\u00f3n<\/figcaption><\/figure>    <figure class=\"wp-block-image size-large\"><img loading=\"lazy\" decoding=\"async\" width=\"720\" height=\"540\" data-id=\"1288\" src=\"https:\/\/bestpeanutmachine.com\/wp-content\/uploads\/2026\/03\/peanut-shell-removing-machine.webp\" alt=\"m\u00e1quina para quitar la c\u00e1scara de cacahuetes\" class=\"wp-image-1288\" srcset=\"https:\/\/bestpeanutmachine.com\/wp-content\/uploads\/2026\/03\/peanut-shell-removing-machine.webp 720w, https:\/\/bestpeanutmachine.com\/wp-content\/uploads\/2026\/03\/peanut-shell-removing-machine-300x225.webp 300w, https:\/\/bestpeanutmachine.com\/wp-content\/uploads\/2026\/03\/peanut-shell-removing-machine-16x12.webp 16w\" sizes=\"auto, (max-width: 720px) 100vw, 720px\" \/><figcaption class=\"wp-element-caption\">m\u00e1quina para quitar la c\u00e1scara de cacahuetes<\/figcaption><\/figure> <\/figure>    <h2 class=\"wp-block-heading\"><strong>Modelos de la m\u00e1quina de eliminaci\u00f3n de c\u00e1scaras de cacahuete y par\u00e1metros t\u00e9cnicos<\/strong><\/h2>    <figure class=\"wp-block-table\"><table class=\"has-fixed-layout\"><thead><tr><th>Modelo<\/th><th>6BHX-35000<\/th><th>6BHX-28000<\/th><th>6BHX-20000<\/th><th>6BHX-3500<\/th><th>6BHX-1500<\/th><\/tr><\/thead><tbody><tr><td>Capacidad <\/td><td>\u22658000kg\/h<\/td><td>\u22656000kg\/h<\/td><td>\u22655000kg\/h<\/td><td>\u22652000kg\/h<\/td><td>\u22651000kg\/h<\/td><\/tr><tr><td>Tasa de limpieza<\/td><td>\u226599%<\/td><td>\u226599%<\/td><td>\u226599(%<\/td><td>\u226599%<\/td><td>\u226599%<\/td><\/tr><tr><td>Tasa de pelado<\/td><td>\u226599%<\/td><td>\u226599%<\/td><td>\u226599%<\/td><td>\u226599%<\/td><td>\u226599%<\/td><\/tr><tr><td>Tasa de p\u00e9rdida<\/td><td>\u22640.5%<\/td><td>\u22640.5%<\/td><td>\u22640.5%<\/td><td>\u22640.5%<\/td><td>\u22640.5%<\/td><\/tr><tr><td>Tasa de rotura<\/td><td>\u22645%<\/td><td>\u22645%<\/td><td>\u22645%<\/td><td>\u22645%<\/td><td>\u22645%<\/td><\/tr><tr><td>Humedad <\/td><td>10%<\/td><td>10%<\/td><td>10%<\/td><td>10%<\/td><td>10%<\/td><\/tr><\/tbody><\/table><figcaption class=\"wp-element-caption\">par\u00e1metros de la unidad de descascarado de cacahuetes<\/figcaption><\/figure>    <figure class=\"wp-block-gallery has-nested-images columns-default is-cropped wp-block-gallery-3 is-layout-flex wp-block-gallery-is-layout-flex\"> <figure class=\"wp-block-image size-large\"><img loading=\"lazy\" decoding=\"async\" width=\"720\" height=\"540\" data-id=\"1281\" src=\"https:\/\/bestpeanutmachine.com\/wp-content\/uploads\/2026\/03\/6BHX-1500-peanut-shelling-machine.webp\" alt=\"M\u00e1quina de descascarado de cacahuetes 6BHX-1500\" class=\"wp-image-1281\" srcset=\"https:\/\/bestpeanutmachine.com\/wp-content\/uploads\/2026\/03\/6BHX-1500-peanut-shelling-machine.webp 720w, https:\/\/bestpeanutmachine.com\/wp-content\/uploads\/2026\/03\/6BHX-1500-peanut-shelling-machine-300x225.webp 300w, https:\/\/bestpeanutmachine.com\/wp-content\/uploads\/2026\/03\/6BHX-1500-peanut-shelling-machine-16x12.webp 16w\" sizes=\"auto, (max-width: 720px) 100vw, 720px\" \/><figcaption class=\"wp-element-caption\">M\u00e1quina de descascarado de cacahuetes 6BHX-1500<\/figcaption><\/figure>    <figure class=\"wp-block-image size-large\"><img loading=\"lazy\" decoding=\"async\" width=\"720\" height=\"540\" data-id=\"1282\" src=\"https:\/\/bestpeanutmachine.com\/wp-content\/uploads\/2026\/03\/6BHX-3500-peanut-shelling-processing-line.webp\" alt=\"L\u00ednea de procesamiento de descascarado de cacahuetes 6BHX-3500\" class=\"wp-image-1282\" srcset=\"https:\/\/bestpeanutmachine.com\/wp-content\/uploads\/2026\/03\/6BHX-3500-peanut-shelling-processing-line.webp 720w, https:\/\/bestpeanutmachine.com\/wp-content\/uploads\/2026\/03\/6BHX-3500-peanut-shelling-processing-line-300x225.webp 300w, https:\/\/bestpeanutmachine.com\/wp-content\/uploads\/2026\/03\/6BHX-3500-peanut-shelling-processing-line-16x12.webp 16w\" sizes=\"auto, (max-width: 720px) 100vw, 720px\" \/><figcaption class=\"wp-element-caption\">L\u00ednea de procesamiento de descascarado de cacahuetes 6BHX-3500<\/figcaption><\/figure> <\/figure>    <p>Suitable for different production scales from 1 ton\/hour to 8 tons\/hour. If you don&#8217;t know which one is more suitable for your requirements, contact us for professional advice.<\/p>    <figure class=\"wp-block-gallery has-nested-images columns-default is-cropped wp-block-gallery-4 is-layout-flex wp-block-gallery-is-layout-flex\"> <figure class=\"wp-block-image size-large\"><img loading=\"lazy\" decoding=\"async\" width=\"720\" height=\"540\" data-id=\"1284\" src=\"https:\/\/bestpeanutmachine.com\/wp-content\/uploads\/2026\/03\/6BHX-20000-groundnut-shelling-plant.webp\" alt=\"Planta de descascarado de cacahuetes 6BHX-20000\" class=\"wp-image-1284\" srcset=\"https:\/\/bestpeanutmachine.com\/wp-content\/uploads\/2026\/03\/6BHX-20000-groundnut-shelling-plant.webp 720w, https:\/\/bestpeanutmachine.com\/wp-content\/uploads\/2026\/03\/6BHX-20000-groundnut-shelling-plant-300x225.webp 300w, https:\/\/bestpeanutmachine.com\/wp-content\/uploads\/2026\/03\/6BHX-20000-groundnut-shelling-plant-16x12.webp 16w\" sizes=\"auto, (max-width: 720px) 100vw, 720px\" \/><figcaption class=\"wp-element-caption\">Planta de descascarado de cacahuetes 6BHX-20000<\/figcaption><\/figure>    <figure class=\"wp-block-image size-large\"><img loading=\"lazy\" decoding=\"async\" width=\"720\" height=\"540\" data-id=\"1285\" src=\"https:\/\/bestpeanutmachine.com\/wp-content\/uploads\/2026\/03\/6BHX-28000-peanut-shelling-unit.webp\" alt=\"Unidad de descascarado de cacahuetes 6BHX-28000\" class=\"wp-image-1285\" srcset=\"https:\/\/bestpeanutmachine.com\/wp-content\/uploads\/2026\/03\/6BHX-28000-peanut-shelling-unit.webp 720w, https:\/\/bestpeanutmachine.com\/wp-content\/uploads\/2026\/03\/6BHX-28000-peanut-shelling-unit-300x225.webp 300w, https:\/\/bestpeanutmachine.com\/wp-content\/uploads\/2026\/03\/6BHX-28000-peanut-shelling-unit-16x12.webp 16w\" sizes=\"auto, (max-width: 720px) 100vw, 720px\" \/><figcaption class=\"wp-element-caption\">Unidad de descascarado de cacahuetes 6BHX-28000<\/figcaption><\/figure>    <figure class=\"wp-block-image size-large\"><img loading=\"lazy\" decoding=\"async\" width=\"720\" height=\"540\" data-id=\"1283\" src=\"https:\/\/bestpeanutmachine.com\/wp-content\/uploads\/2026\/03\/6BHX-35000-peanut-shell-removing-machine.webp\" alt=\"M\u00e1quina de descascarado de cacahuetes 6BHX-35000\" class=\"wp-image-1283\" srcset=\"https:\/\/bestpeanutmachine.com\/wp-content\/uploads\/2026\/03\/6BHX-35000-peanut-shell-removing-machine.webp 720w, https:\/\/bestpeanutmachine.com\/wp-content\/uploads\/2026\/03\/6BHX-35000-peanut-shell-removing-machine-300x225.webp 300w, https:\/\/bestpeanutmachine.com\/wp-content\/uploads\/2026\/03\/6BHX-35000-peanut-shell-removing-machine-16x12.webp 16w\" sizes=\"auto, (max-width: 720px) 100vw, 720px\" \/><figcaption class=\"wp-element-caption\">M\u00e1quina de descascarado de cacahuetes 6BHX-35000<\/figcaption><\/figure> <\/figure>    <h2 class=\"wp-block-heading\"><strong>Estructura y funci\u00f3n de la m\u00e1quina de descascarado de cacahuetes<\/strong><\/h2>    <h3 class=\"wp-block-heading\"><strong>Estructura del sistema de limpieza<\/strong><\/h3>    <p class=\"translation-block\"><strong>Componentes<\/strong>:<\/p>    <ul class=\"wp-block-list\"> <li>Motor<\/li>    <li>Tolva de alimentaci\u00f3n<\/li>    <li>Pantalla de clasificaci\u00f3n<\/li>    <li>Cig\u00fce\u00f1al<\/li>    <li>Ventilador de vac\u00edo<\/li>    <li>Dispositivo de transporte por aire<\/li> <\/ul>    <p class=\"translation-block\"><strong>Funciones<\/strong>:<\/p>    <ol class=\"wp-block-list\"> <li>Eliminaci\u00f3n de impurezas pesadas (piedras, terrones de tierra)<\/li>    <li>Eliminaci\u00f3n de impurezas ligeras (polvo, hojas, paja)<\/li>    <li>Protecci\u00f3n de los rodillos de descascarado<\/li>    <li>Mejorando la calidad del cacahuete<\/li> <\/ol>    <h3 class=\"wp-block-heading\"><strong>Estructura del sistema de descascarado<\/strong><\/h3>    <p class=\"translation-block\"><strong>Componentes<\/strong>:<\/p>    <ul class=\"wp-block-list\"> <li>Motor<\/li>    <li>Tolva de alimentaci\u00f3n<\/li>    <li>Rodillos de descascarado (I, II, III)<\/li>    <li>Rejilla c\u00f3ncava<\/li>    <li>Pantalla de clasificaci\u00f3n y selecci\u00f3n<\/li>    <li>Cig\u00fce\u00f1al<\/li>    <li>Ventilador de vac\u00edo<\/li>    <li>Dispositivo de transporte A<\/li>    <li>Dispositivo de transporte B<\/li> <\/ul>    <p class=\"translation-block\"><strong>Funciones<\/strong>:<\/p>    <ol class=\"wp-block-list\"> <li>Utilizando la fricci\u00f3n entre los rodillos con patr\u00f3n y la rejilla c\u00f3ncava para descascar cacahuetes<\/li>    <li>Separar el grano de la c\u00e1scara<\/li>    <li>Realizando autom\u00e1ticamente un segundo descascarado en cacahuetes no procesados<\/li>    <li>Minimizando la rotura<\/li> <\/ol>   <div class=\"wp-block-image\"> <figure class=\"aligncenter size-full\"><img loading=\"lazy\" decoding=\"async\" width=\"720\" height=\"540\" src=\"https:\/\/bestpeanutmachine.com\/wp-content\/uploads\/2026\/03\/structure-of-peanut-shelling-processing-line.webp\" alt=\"estructura de la l\u00ednea de procesamiento de descascarado de cacahuetes\" class=\"wp-image-1280\" srcset=\"https:\/\/bestpeanutmachine.com\/wp-content\/uploads\/2026\/03\/structure-of-peanut-shelling-processing-line.webp 720w, https:\/\/bestpeanutmachine.com\/wp-content\/uploads\/2026\/03\/structure-of-peanut-shelling-processing-line-300x225.webp 300w, https:\/\/bestpeanutmachine.com\/wp-content\/uploads\/2026\/03\/structure-of-peanut-shelling-processing-line-16x12.webp 16w\" sizes=\"auto, (max-width: 720px) 100vw, 720px\" \/><figcaption class=\"wp-element-caption\">estructura de la l\u00ednea de procesamiento de descascarado de cacahuetes<\/figcaption><\/figure> <\/div>   <ol class=\"wp-block-list\"> <li><strong>Agujero de alimentaci\u00f3n<\/strong>: Coloca el cacahuete all\u00ed.<\/li>    <li><strong>M\u00e1quina deshuesadora<\/strong>: Eliminar piedras y otras impurezas en los cacahuetes.<\/li>    <li><strong>Transportador<\/strong>: Transferir los cacahuetes a la m\u00e1quina de descascarado.<\/li>    <li><strong>Agujero de descarga<\/strong>: Salida de semillas de cacahuete.<\/li>    <li><strong>Descascador<\/strong>: Elimina la c\u00e1scara del cacahuete.<\/li> <\/ol>    <h2 class=\"wp-block-heading\"><strong>Principio de funcionamiento de la unidad de descascarado de cacahuetes<\/strong><\/h2>    <h3 class=\"wp-block-heading\"><strong>Paso 1: Eliminaci\u00f3n de impurezas<\/strong><\/h3>    <p>: Los cacahuetes crudos entran en la tolva de alimentaci\u00f3n y luego en la pantalla de clasificaci\u00f3n. Bajo la acci\u00f3n de la vibraci\u00f3n del cig\u00fce\u00f1al y el flujo de aire del ventilador de succi\u00f3n, las impurezas m\u00e1s pesadas (piedras, terrones de tierra) son expulsadas por la salida de impurezas, mientras que las impurezas m\u00e1s ligeras (polvo, hojas) son aspiradas por el ventilador.<\/p>    <p>: Finalmente, los cacahuetes limpios entran en el sistema de transporte de aire y son transportados al sistema de descascarado.<\/p>    <h3 class=\"wp-block-heading\"><strong>Paso 2: Descascara en tres etapas<\/strong><\/h3>    <p>Los cacahuetes entran en el rodillo de descascarado I \u2192 Descascara primario<\/p>    <p>Los cacahuetes sin c\u00e1scara entran en el rodillo II \u2192 Descascara secundario<\/p>    <p>Los cacahuetes restantes entran en el rodillo III \u2192 Descascara terciario<\/p>    <p>Principio de descascarado de la m\u00e1quina: El descascarado se logra mediante fricci\u00f3n repetida entre los rodillos y la rejilla c\u00f3ncava.<\/p>    <h3 class=\"wp-block-heading\"><strong>Paso 3: Clasificaci\u00f3n y separaci\u00f3n<\/strong><\/h3>    <p>Despu\u00e9s de que la mezcla entra en la pantalla de clasificaci\u00f3n, las c\u00e1scaras exteriores son expulsadas por el ventilador, mientras que los granos son expulsados por la salida. Los cacahuetes sin c\u00e1scara se separan y se devuelven autom\u00e1ticamente para un segundo descascarado. Este ciclo puede lograr una tasa de eliminaci\u00f3n de c\u00e1scaras de hasta el 99%.<\/p>    <h2 class=\"wp-block-heading\"><strong>Aplicaciones de esta m\u00e1quina<\/strong><\/h2>    <p>Esta l\u00ednea de procesamiento de descascarado de cacahuetes se usa frecuentemente en \u00e1reas productoras de cacahuetes, especialmente en regiones monta\u00f1osas, accidentadas y de suelo arenoso, para descascarar cacahuetes, eliminar impurezas y lograr un descascarado efectivo.<\/p>    <p>Adem\u00e1s, es especialmente adecuada para \u00e1reas productoras de cacahuetes, plantas de procesamiento de semillas, f\u00e1bricas comerciales, cooperativas agr\u00edcolas y empresas orientadas a la exportaci\u00f3n que requieren granos de cacahuete limpios, uniformes y de alta calidad.<\/p>    <figure class=\"wp-block-gallery has-nested-images columns-default is-cropped wp-block-gallery-5 is-layout-flex wp-block-gallery-is-layout-flex\"> <figure class=\"wp-block-image size-large\"><img loading=\"lazy\" decoding=\"async\" width=\"720\" height=\"540\" data-id=\"1290\" src=\"https:\/\/bestpeanutmachine.com\/wp-content\/uploads\/2026\/03\/peanut-farm.webp\" alt=\"granja de cacahuetes\" class=\"wp-image-1290\" srcset=\"https:\/\/bestpeanutmachine.com\/wp-content\/uploads\/2026\/03\/peanut-farm.webp 720w, https:\/\/bestpeanutmachine.com\/wp-content\/uploads\/2026\/03\/peanut-farm-300x225.webp 300w, https:\/\/bestpeanutmachine.com\/wp-content\/uploads\/2026\/03\/peanut-farm-16x12.webp 16w\" sizes=\"auto, (max-width: 720px) 100vw, 720px\" \/><figcaption class=\"wp-element-caption\">granja de cacahuetes<\/figcaption><\/figure>    <figure class=\"wp-block-image size-large\"><img loading=\"lazy\" decoding=\"async\" width=\"720\" height=\"540\" data-id=\"1289\" src=\"https:\/\/bestpeanutmachine.com\/wp-content\/uploads\/2026\/03\/industrial-peanut-factory.webp\" alt=\"f\u00e1brica industrial de cacahuetes\" class=\"wp-image-1289\" srcset=\"https:\/\/bestpeanutmachine.com\/wp-content\/uploads\/2026\/03\/industrial-peanut-factory.webp 720w, https:\/\/bestpeanutmachine.com\/wp-content\/uploads\/2026\/03\/industrial-peanut-factory-300x225.webp 300w, https:\/\/bestpeanutmachine.com\/wp-content\/uploads\/2026\/03\/industrial-peanut-factory-16x12.webp 16w\" sizes=\"auto, (max-width: 720px) 100vw, 720px\" \/><figcaption class=\"wp-element-caption\">f\u00e1brica industrial de cacahuetes<\/figcaption><\/figure> <\/figure>    <p>Si buscas una soluci\u00f3n confiable, escalable y a largo plazo para el procesamiento de cacahuetes, entonces una unidad de descascarado de cacahuetes es una inversi\u00f3n ideal para mejorar la eficiencia, reducir p\u00e9rdidas y aumentar la competitividad en el mercado. \u00a1Cont\u00e1ctanos para la lista de precios!<\/p>    <p>M\u00e1s equipos de procesamiento adecuados para fincas de cacahuetes:<\/p>    <ul class=\"wp-block-list\"> <li><a href=\"https:\/\/bestpeanutmachine.com\/es\/product\/peanut-picker-machine\/\">M\u00e1quina recolectora de man\u00ed<\/a><\/li>    <li><a href=\"https:\/\/bestpeanutmachine.com\/es\/product\/peanut-harvesting-machine\/\">M\u00e1quina cosechadora de man\u00ed<\/a><\/li>    <li><a href=\"https:\/\/bestpeanutmachine.com\/es\/product\/peanut-planter-machine\/\">M\u00e1quina sembradora de cacahuetes para una agricultura eficiente<\/a><\/li> <\/ul>","protected":false},"excerpt":{"rendered":"<p>This peanut shelling machine integrates impurity removal and three-stage shelling technology, achieving a shelling and cleaning rate of \u226599% and a breakage rate of \u22640.5%. It is suitable for large-scale factories and peanut-growing areas for the initial processing of peanuts.<\/p>","protected":false},"author":1,"featured_media":1286,"parent":0,"template":"","tags":[11],"product-type":[69,6],"class_list":["post-1274","product","type-product","status-publish","has-post-thumbnail","hentry","tag-peanut","product-type-peanut-machine","product-type-product"],"_links":{"self":[{"href":"https:\/\/bestpeanutmachine.com\/es\/wp-json\/wp\/v2\/product\/1274","targetHints":{"allow":["GET"]}}],"collection":[{"href":"https:\/\/bestpeanutmachine.com\/es\/wp-json\/wp\/v2\/product"}],"about":[{"href":"https:\/\/bestpeanutmachine.com\/es\/wp-json\/wp\/v2\/types\/product"}],"author":[{"embeddable":true,"href":"https:\/\/bestpeanutmachine.com\/es\/wp-json\/wp\/v2\/users\/1"}],"wp:featuredmedia":[{"embeddable":true,"href":"https:\/\/bestpeanutmachine.com\/es\/wp-json\/wp\/v2\/media\/1286"}],"wp:attachment":[{"href":"https:\/\/bestpeanutmachine.com\/es\/wp-json\/wp\/v2\/media?parent=1274"}],"wp:term":[{"taxonomy":"post_tag","embeddable":true,"href":"https:\/\/bestpeanutmachine.com\/es\/wp-json\/wp\/v2\/tags?post=1274"},{"taxonomy":"product-type","embeddable":true,"href":"https:\/\/bestpeanutmachine.com\/es\/wp-json\/wp\/v2\/product-type?post=1274"}],"curies":[{"name":"wp","href":"https:\/\/api.w.org\/{rel}","templated":true}]}}