{"id":1298,"date":"2026-03-11T15:20:57","date_gmt":"2026-03-11T07:20:57","guid":{"rendered":"https:\/\/bestpeanutmachine.com\/?post_type=product&#038;p=1298"},"modified":"2026-03-12T08:52:36","modified_gmt":"2026-03-12T00:52:36","slug":"hazelnut-opening-line","status":"publish","type":"product","link":"https:\/\/bestpeanutmachine.com\/es\/product\/hazelnut-opening-line\/","title":{"rendered":"L\u00ednea de apertura de avellana para un procesamiento eficiente de avellanas"},"content":{"rendered":"<p class=\"translation-block\">La <strong>l\u00ednea de apertura de avellanas<\/strong> se utiliza para hacer una peque\u00f1a abertura en la superficie de una avellana entera sin da\u00f1ar el n\u00facleo. Las avellanas con c\u00e1scara son m\u00e1s f\u00e1ciles de tostar, sazonar y envasar, lo que hace que este m\u00e9todo de procesamiento sea ampliamente utilizado en la industria alimentaria.<\/p>    <p>La capacidad de las l\u00edneas de producci\u00f3n de descascarado de avellanas puede ajustarse seg\u00fan diferentes configuraciones, desde 250 kg\/h hasta 600 kg\/h, para satisfacer las necesidades de plantas de procesamiento de avellanas peque\u00f1as y medianas.<\/p>    <figure class=\"wp-block-embed aligncenter is-type-video is-provider-youtube wp-block-embed-youtube wp-embed-aspect-16-9 wp-has-aspect-ratio\"><div class=\"wp-block-embed__wrapper\"> <iframe loading=\"lazy\" title=\"Proceso de trabajo de la l\u00ednea de apertura de avellanas | M\u00e1quina de apertura de avellanas 250\u2013600kg\/h Contacto: 8617703863868\" width=\"500\" height=\"281\" src=\"https:\/\/www.youtube.com\/embed\/Is0RZlw_i6k?feature=oembed\" frameborder=\"0\" allow=\"accelerometer; autoplay; clipboard-write; encrypted-media; gyroscope; picture-in-picture; web-share\" referrerpolicy=\"strict-origin-when-cross-origin\" allowfullscreen><\/iframe> <\/div><figcaption class=\"wp-element-caption\">video de trabajo de la l\u00ednea de apertura de avellanas<\/figcaption><\/figure>    <h2 class=\"wp-block-heading\"><strong>Ventajas de usar una l\u00ednea de descascarado de avellanas<\/strong><\/h2>    <ol class=\"wp-block-list\"> <li>Esta l\u00ednea de procesamiento de avellanas combina tecnolog\u00eda de calentamiento por vapor y extrusi\u00f3n mec\u00e1nica, asegurando una tasa de \u00e9xito de descascarado m\u00e1s alta mientras protege los n\u00facleos de las avellanas.<\/li>    <li>Toda la l\u00ednea utiliza un sistema de transporte integrado, que permite una alimentaci\u00f3n y descarga continuas, reduciendo efectivamente los costos laborales.<\/li>    <li>Es una l\u00ednea de producci\u00f3n totalmente automatizada que puede conectarse f\u00e1cilmente a secadoras de avellanas, tostadoras, etc., formando una l\u00ednea de procesamiento completa de avellanas.<\/li>    <li>Toda la l\u00ednea de apertura de avellanas est\u00e1 hecha de acero inoxidable 201, y el disco de extrusi\u00f3n y las placas laterales son de acero inoxidable 2Cr13. Tambi\u00e9n se ofrece personalizaci\u00f3n para cumplir con otros requisitos.<\/li> <\/ol>   <div class=\"wp-block-image\"> <figure class=\"aligncenter size-full\"><img loading=\"lazy\" decoding=\"async\" width=\"720\" height=\"540\" src=\"https:\/\/bestpeanutmachine.com\/wp-content\/uploads\/2026\/03\/automatic-hazelnut-opening-line.webp\" alt=\"L\u00ednea autom\u00e1tica de apertura de avellanas\" class=\"wp-image-1310\" srcset=\"https:\/\/bestpeanutmachine.com\/wp-content\/uploads\/2026\/03\/automatic-hazelnut-opening-line.webp 720w, https:\/\/bestpeanutmachine.com\/wp-content\/uploads\/2026\/03\/automatic-hazelnut-opening-line-300x225.webp 300w, https:\/\/bestpeanutmachine.com\/wp-content\/uploads\/2026\/03\/automatic-hazelnut-opening-line-16x12.webp 16w\" sizes=\"auto, (max-width: 720px) 100vw, 720px\" \/><figcaption class=\"wp-element-caption\">L\u00ednea autom\u00e1tica de apertura de avellanas<\/figcaption><\/figure> <\/div>   <h2 class=\"wp-block-heading\"><strong>Equipo b\u00e1sico de una l\u00ednea de apertura de avellanas<\/strong><\/h2>    <p>Una l\u00ednea de producci\u00f3n est\u00e1ndar de descascarado de avellanas consta principalmente de tres equipos principales.<\/p>    <h3 class=\"wp-block-heading\"><strong>Elevador de alimentaci\u00f3n<\/strong><\/h3>    <p>It is responsible for conveying soaked hazelnuts into the machine&#8217;s hopper, ensuring a stable flow of hazelnuts into the sheller while controlling the feeding speed to prevent machine blockage caused by uneven feeding.<\/p>   <div class=\"wp-block-image\"> <figure class=\"aligncenter size-full\"><img loading=\"lazy\" decoding=\"async\" width=\"720\" height=\"540\" src=\"https:\/\/bestpeanutmachine.com\/wp-content\/uploads\/2026\/03\/feed-elevator.webp\" alt=\"Elevador de alimentaci\u00f3n\" class=\"wp-image-1309\" srcset=\"https:\/\/bestpeanutmachine.com\/wp-content\/uploads\/2026\/03\/feed-elevator.webp 720w, https:\/\/bestpeanutmachine.com\/wp-content\/uploads\/2026\/03\/feed-elevator-300x225.webp 300w, https:\/\/bestpeanutmachine.com\/wp-content\/uploads\/2026\/03\/feed-elevator-16x12.webp 16w\" sizes=\"auto, (max-width: 720px) 100vw, 720px\" \/><figcaption class=\"wp-element-caption\">Elevador de alimentaci\u00f3n<\/figcaption><\/figure> <\/div>   <h3 class=\"wp-block-heading\"><strong>M\u00e1quina de apertura de avellanas<\/strong><\/h3>    <p>Este es el equipo principal de toda la l\u00ednea de producci\u00f3n, que contiene m\u00faltiples canales de procesamiento y utiliza tecnolog\u00eda de descascarado asistido por vapor para abrir las avellanas.<\/p>   <div class=\"wp-block-image\"> <figure class=\"aligncenter size-full\"><img loading=\"lazy\" decoding=\"async\" width=\"720\" height=\"540\" src=\"https:\/\/bestpeanutmachine.com\/wp-content\/uploads\/2026\/03\/hazelnut-opening-machine.webp\" alt=\"M\u00e1quina de apertura de avellanas\" class=\"wp-image-1311\" srcset=\"https:\/\/bestpeanutmachine.com\/wp-content\/uploads\/2026\/03\/hazelnut-opening-machine.webp 720w, https:\/\/bestpeanutmachine.com\/wp-content\/uploads\/2026\/03\/hazelnut-opening-machine-300x225.webp 300w, https:\/\/bestpeanutmachine.com\/wp-content\/uploads\/2026\/03\/hazelnut-opening-machine-16x12.webp 16w\" sizes=\"auto, (max-width: 720px) 100vw, 720px\" \/><figcaption class=\"wp-element-caption\">M\u00e1quina de apertura de avellanas<\/figcaption><\/figure> <\/div>   <h3 class=\"wp-block-heading\"><strong>Transportador de descarga<\/strong><\/h3>    <p>Despu\u00e9s del descascarado, las avellanas caen autom\u00e1ticamente en la cinta transportadora de descarga. La cinta transporta las avellanas procesadas a la siguiente etapa de procesamiento.<\/p>   <div class=\"wp-block-image\"> <figure class=\"aligncenter size-full\"><img loading=\"lazy\" decoding=\"async\" width=\"720\" height=\"540\" src=\"https:\/\/bestpeanutmachine.com\/wp-content\/uploads\/2026\/03\/discharge-conveyor.webp\" alt=\"Transportador de descarga\" class=\"wp-image-1312\" srcset=\"https:\/\/bestpeanutmachine.com\/wp-content\/uploads\/2026\/03\/discharge-conveyor.webp 720w, https:\/\/bestpeanutmachine.com\/wp-content\/uploads\/2026\/03\/discharge-conveyor-300x225.webp 300w, https:\/\/bestpeanutmachine.com\/wp-content\/uploads\/2026\/03\/discharge-conveyor-16x12.webp 16w\" sizes=\"auto, (max-width: 720px) 100vw, 720px\" \/><figcaption class=\"wp-element-caption\">Transportador de descarga<\/figcaption><\/figure> <\/div>   <h2 class=\"wp-block-heading\"><strong>Otros equipos opcionales para l\u00edneas de producci\u00f3n de descascarado de avellanas<\/strong><\/h2>    <p>Para mejorar la eficiencia del procesamiento y la calidad del descascarado, Taizy tambi\u00e9n ofrece equipos adicionales que se pueden integrar en la l\u00ednea de apertura de avellanas:<\/p>    <h3 class=\"wp-block-heading\"><strong>Tanque de remojo de avellanas<\/strong><\/h3>    <p>Las c\u00e1scaras de avellana tienen una estructura porosa, similar a la madera. La remojo permite que el agua penetre en la c\u00e1scara, facilitando su apertura sin da\u00f1ar el n\u00facleo.<\/p>    <p>Ofrecemos sistemas personalizados de tanques de remojo para este proceso, que pueden integrarse en l\u00edneas de producci\u00f3n automatizadas de grado industrial para procesamiento de grandes lotes de avellanas.<\/p>    <figure class=\"wp-block-gallery aligncenter has-nested-images columns-default is-cropped wp-block-gallery-2 is-layout-flex wp-block-gallery-is-layout-flex\"> <figure class=\"wp-block-image size-large\"><img loading=\"lazy\" decoding=\"async\" width=\"720\" height=\"540\" data-id=\"1307\" src=\"https:\/\/bestpeanutmachine.com\/wp-content\/uploads\/2026\/03\/hazelnut-soaking-tank.webp\" alt=\"Tanque de remojo de avellanas\" class=\"wp-image-1307\" srcset=\"https:\/\/bestpeanutmachine.com\/wp-content\/uploads\/2026\/03\/hazelnut-soaking-tank.webp 720w, https:\/\/bestpeanutmachine.com\/wp-content\/uploads\/2026\/03\/hazelnut-soaking-tank-300x225.webp 300w, https:\/\/bestpeanutmachine.com\/wp-content\/uploads\/2026\/03\/hazelnut-soaking-tank-16x12.webp 16w\" sizes=\"auto, (max-width: 720px) 100vw, 720px\" \/><figcaption class=\"wp-element-caption\">Tanque de remojo de avellanas<\/figcaption><\/figure>    <figure class=\"wp-block-image size-large\"><img loading=\"lazy\" decoding=\"async\" width=\"720\" height=\"540\" data-id=\"1308\" src=\"https:\/\/bestpeanutmachine.com\/wp-content\/uploads\/2026\/03\/hazelnut-pretreatment-soaking-line.webp\" alt=\"L\u00ednea de pretratamiento y remojo de avellanas\" class=\"wp-image-1308\" srcset=\"https:\/\/bestpeanutmachine.com\/wp-content\/uploads\/2026\/03\/hazelnut-pretreatment-soaking-line.webp 720w, https:\/\/bestpeanutmachine.com\/wp-content\/uploads\/2026\/03\/hazelnut-pretreatment-soaking-line-300x225.webp 300w, https:\/\/bestpeanutmachine.com\/wp-content\/uploads\/2026\/03\/hazelnut-pretreatment-soaking-line-16x12.webp 16w\" sizes=\"auto, (max-width: 720px) 100vw, 720px\" \/><figcaption class=\"wp-element-caption\">L\u00ednea de pretratamiento y remojo de avellanas<\/figcaption><\/figure> <\/figure>    <h3 class=\"wp-block-heading\"><strong><a href=\"https:\/\/bestpeanutmachine.com\/es\/product\/peanut-roasting-machine\/\">Tostadora de nueces<\/a><\/strong><\/h3>    <p>Despu\u00e9s del descascarado, las avellanas deben tostarse tras el secado al aire para mantener su textura crujiente, un paso esencial en el procesamiento de snacks.<\/p>    <p>Taizy&#8217;s continuous roasting machine can be integrated into the entire hazelnut opening line and is suitable for roasting nuts, drying grains, and other food products.<\/p>    <figure class=\"wp-block-gallery has-nested-images columns-default is-cropped wp-block-gallery-3 is-layout-flex wp-block-gallery-is-layout-flex\"> <figure class=\"wp-block-image size-large\"><img loading=\"lazy\" decoding=\"async\" width=\"720\" height=\"540\" data-id=\"780\" src=\"https:\/\/bestpeanutmachine.com\/wp-content\/uploads\/2026\/01\/roasted-peanut-machine.webp\" alt=\"m\u00e1quina de man\u00ed tostado\" class=\"wp-image-780\" srcset=\"https:\/\/bestpeanutmachine.com\/wp-content\/uploads\/2026\/01\/roasted-peanut-machine.webp 720w, https:\/\/bestpeanutmachine.com\/wp-content\/uploads\/2026\/01\/roasted-peanut-machine-300x225.webp 300w, https:\/\/bestpeanutmachine.com\/wp-content\/uploads\/2026\/01\/roasted-peanut-machine-16x12.webp 16w\" sizes=\"auto, (max-width: 720px) 100vw, 720px\" \/><figcaption class=\"wp-element-caption\">m\u00e1quina de man\u00ed tostado<\/figcaption><\/figure>    <figure class=\"wp-block-image size-large\"><img loading=\"lazy\" decoding=\"async\" width=\"720\" height=\"540\" data-id=\"779\" src=\"https:\/\/bestpeanutmachine.com\/wp-content\/uploads\/2026\/01\/commercial-nut-roaster-machine.webp\" alt=\"m\u00e1quina comercial de tueste de frutos secos\" class=\"wp-image-779\" srcset=\"https:\/\/bestpeanutmachine.com\/wp-content\/uploads\/2026\/01\/commercial-nut-roaster-machine.webp 720w, https:\/\/bestpeanutmachine.com\/wp-content\/uploads\/2026\/01\/commercial-nut-roaster-machine-300x225.webp 300w, https:\/\/bestpeanutmachine.com\/wp-content\/uploads\/2026\/01\/commercial-nut-roaster-machine-16x12.webp 16w\" sizes=\"auto, (max-width: 720px) 100vw, 720px\" \/><figcaption class=\"wp-element-caption\">m\u00e1quina comercial de tueste de frutos secos<\/figcaption><\/figure> <\/figure>    <h2 class=\"wp-block-heading\">Principios de funcionamiento de la l\u00ednea de procesamiento de avellanas<\/h2>    <p>Las c\u00e1scaras de avellana est\u00e1n compuestas principalmente por lignocelulosa. Debido a esta estructura porosa, las c\u00e1scaras de avellana pueden absorber humedad y reaccionar a cambios de temperatura.<\/p>    <p>Por lo tanto, antes de ingresar a la m\u00e1quina de descascarado, las avellanas deben remojarse en agua tibia a aproximadamente 50 \u00b0C durante unos 30 minutos para obtener resultados \u00f3ptimos. El remojo hace que las c\u00e1scaras de las avellanas sean m\u00e1s el\u00e1sticas y reduce su fragilidad, permitiendo abrirlas sin agrietarlas.<\/p>    <p>Durante el procesamiento, el generador de vapor de la m\u00e1quina de descascarado transfiere eficazmente el calor a la superficie de las c\u00e1scaras de las avellanas, suavizando los componentes lignina y hemicelulosa en su interior. Por lo tanto, las c\u00e1scaras de avellana son m\u00e1s f\u00e1ciles de deformar, prepar\u00e1ndolas para la apertura posterior.<\/p>    <p>El abrelatas de avellanas aplica presi\u00f3n mec\u00e1nica a las avellanas al pasar por la placa de extrusi\u00f3n. Debido a que las c\u00e1scaras de las avellanas han sido suavizadas por vapor, la presi\u00f3n crea concentraciones de estr\u00e9s localizadas, resultando en l\u00edneas de grietas controladas en las c\u00e1scaras y un producto m\u00e1s est\u00e9tico.<\/p>    <p>Al mismo tiempo, la intensidad del vapor debe controlarse estrictamente al usar esta l\u00ednea para mantener un equilibrio entre suavizado de la c\u00e1scara y protecci\u00f3n del n\u00facleo.<\/p>    <ul class=\"wp-block-list\"> <li>Vapor excesivo: La c\u00e1scara puede volverse demasiado blanda y el calor puede transferirse al n\u00facleo, da\u00f1\u00e1ndolo potencialmente.<\/li>    <li>Vapor insuficiente: La c\u00e1scara permanece fr\u00e1gil, las grietas ser\u00e1n irregulares y aumentar\u00e1 la tasa de da\u00f1o.<\/li> <\/ul>    <p>Sin embargo, durante la instalaci\u00f3n de esta l\u00ednea de apertura de avellanas, nuestros t\u00e9cnicos brindar\u00e1n soporte t\u00e9cnico continuo y un manual de usuario completo para ayudar a los clientes a usar la m\u00e1quina de manera m\u00e1s efectiva.<\/p>    <h2 class=\"wp-block-heading\"><strong>Par\u00e1metros t\u00e9cnicos de la l\u00ednea de descascarado de avellanas<\/strong><\/h2>    <p>Ofrecemos tres soluciones b\u00e1sicas para diferentes requisitos de capacidad de producci\u00f3n, con los siguientes par\u00e1metros:<\/p>    <h3 class=\"wp-block-heading\"><strong>Dos conjuntos con 10 canales<\/strong><\/h3>    <figure class=\"wp-block-table\"><table class=\"has-fixed-layout\"><tbody><tr><td>Capacidad de procesamiento<\/td><td class=\"has-text-align-center\" data-align=\"center\">250\u2013300 kg\/h<\/td><\/tr><tr><td>Potencia total<\/td><td class=\"has-text-align-center\" data-align=\"center\">13.1 kW<\/td><\/tr><tr><td>Evaporaci\u00f3n de vapor<\/td><td class=\"has-text-align-center\" data-align=\"center\">70\u201390 kg\/h<\/td><\/tr><tr><td>Consumo de gas natural<\/td><td class=\"has-text-align-center\" data-align=\"center\">5 metros c\u00fabicos\/hora<\/td><\/tr><tr><td>Consumo de GLP<\/td><td class=\"has-text-align-center\" data-align=\"center\">3.5 kg\/h<\/td><\/tr><\/tbody><\/table><figcaption class=\"wp-element-caption\">par\u00e1metros de la l\u00ednea de apertura de avellanas con 10 canales<\/figcaption><\/figure>    <h3 class=\"wp-block-heading\"><strong>Tres conjuntos con 15 canales<\/strong><\/h3>    <figure class=\"wp-block-table\"><table class=\"has-fixed-layout\"><tbody><tr><td>Capacidad de procesamiento<\/td><td class=\"has-text-align-center\" data-align=\"center\">350\u2013450 kg\/h<\/td><\/tr><tr><td>Potencia total<\/td><td class=\"has-text-align-center\" data-align=\"center\">16 kW<\/td><\/tr><tr><td>Evaporaci\u00f3n de vapor<\/td><td class=\"has-text-align-center\" data-align=\"center\">80\u2013110 kg\/h<\/td><\/tr><tr><td>Consumo de gas natural<\/td><td class=\"has-text-align-center\" data-align=\"center\">7 metros c\u00fabicos\/hora<\/td><\/tr><tr><td>Consumo de GLP<\/td><td class=\"has-text-align-center\" data-align=\"center\">5 kg\/h<\/td><\/tr><\/tbody><\/table><figcaption class=\"wp-element-caption\">par\u00e1metros de la l\u00ednea de procesamiento de avellanas con 15 canales<\/figcaption><\/figure>    <h3 class=\"wp-block-heading\"><strong>Cuatro conjuntos con 20 canales<\/strong><\/h3>    <figure class=\"wp-block-table\"><table class=\"has-fixed-layout\"><tbody><tr><td>Capacidad de procesamiento<\/td><td class=\"has-text-align-center\" data-align=\"center\">500\u2013600 kg\/h<\/td><\/tr><tr><td>Potencia total<\/td><td class=\"has-text-align-center\" data-align=\"center\">18 kW<\/td><\/tr><tr><td>Evaporaci\u00f3n de vapor<\/td><td class=\"has-text-align-center\" data-align=\"center\">80\u2013110 kg\/h<\/td><\/tr><tr><td>Consumo de gas natural<\/td><td class=\"has-text-align-center\" data-align=\"center\">7 metros c\u00fabicos\/hora<\/td><\/tr><tr><td>Consumo de GLP<\/td><td class=\"has-text-align-center\" data-align=\"center\">5 kg\/h<\/td><\/tr><\/tbody><\/table><figcaption class=\"wp-element-caption\">Especificaci\u00f3n de la m\u00e1quina de apertura de avellanas con 20 canales<\/figcaption><\/figure>   <div class=\"wp-block-image\"> <figure class=\"aligncenter size-full\"><img loading=\"lazy\" decoding=\"async\" width=\"720\" height=\"540\" src=\"https:\/\/bestpeanutmachine.com\/wp-content\/uploads\/2026\/03\/hazelnut-opening-production-line.webp\" alt=\"L\u00ednea de producci\u00f3n de apertura de avellanas\" class=\"wp-image-1306\" srcset=\"https:\/\/bestpeanutmachine.com\/wp-content\/uploads\/2026\/03\/hazelnut-opening-production-line.webp 720w, https:\/\/bestpeanutmachine.com\/wp-content\/uploads\/2026\/03\/hazelnut-opening-production-line-300x225.webp 300w, https:\/\/bestpeanutmachine.com\/wp-content\/uploads\/2026\/03\/hazelnut-opening-production-line-16x12.webp 16w\" sizes=\"auto, (max-width: 720px) 100vw, 720px\" \/><figcaption class=\"wp-element-caption\">L\u00ednea de producci\u00f3n de apertura de avellanas<\/figcaption><\/figure> <\/div>   <p>Adem\u00e1s, el marco principal de esta l\u00ednea de apertura de avellanas est\u00e1 hecho de acero inoxidable 201, y las piezas mecanizadas y las placas laterales son de acero al carbono. Los rodamientos y los sujetadores son componentes est\u00e1ndar de la industria.<\/p>    <p>Las dimensiones del equipo son las siguientes:<\/p>    <ul class=\"wp-block-list\"> <li>Longitud: 11 metros<\/li>    <li>Ancho: 1.2 metros<\/li>    <li>Altura: 2 metros<\/li> <\/ul>    <p>La capacidad de procesamiento por canal es aproximadamente 0.5 kg\/min, y la producci\u00f3n por unidad es aproximadamente 150 kg\/h (basado en dos grupos de 10 canales). Si estas opciones no satisfacen sus necesidades, puede contactarnos y proporcionar su informaci\u00f3n precisa, y dise\u00f1aremos la soluci\u00f3n m\u00e1s adecuada para usted.<\/p>    <h2 class=\"wp-block-heading\"><strong>Casos de \u00e9xito de clientes con l\u00ednea de descascarado de avellanas<\/strong><\/h2>    <h3 class=\"wp-block-heading\">Clientes de Uzbekist\u00e1n visitan la f\u00e1brica y ordenan una l\u00ednea de producci\u00f3n de apertura de avellanas<\/h3>    <p>Una empresa de procesamiento de avellanas de Uzbekist\u00e1n visit\u00f3 nuestra f\u00e1brica para inspeccionar nuestra l\u00ednea de producci\u00f3n de descascarado de avellanas. Despu\u00e9s de probar la m\u00e1quina, el cliente expres\u00f3 satisfacci\u00f3n con la tasa de descascarado y la baja tasa de rotura del n\u00facleo, y orden\u00f3 una l\u00ednea de producci\u00f3n.<\/p>    <p>After using it for a period of time, they provided us with feedback and photos of their processed hazelnut products, expressing their positive feedback on the product&#8217;s performance.<\/p>    <figure class=\"wp-block-embed aligncenter is-type-video is-provider-youtube wp-block-embed-youtube wp-embed-aspect-16-9 wp-has-aspect-ratio\"><div class=\"wp-block-embed__wrapper\"> <iframe loading=\"lazy\" title=\"Cliente de Uzbekist\u00e1n prueba l\u00ednea de producci\u00f3n de m\u00e1quina de apertura de avellanas Contacto:  8617703863868\" width=\"500\" height=\"281\" src=\"https:\/\/www.youtube.com\/embed\/KOBuvit81kM?feature=oembed\" frameborder=\"0\" allow=\"accelerometer; autoplay; clipboard-write; encrypted-media; gyroscope; picture-in-picture; web-share\" referrerpolicy=\"strict-origin-when-cross-origin\" allowfullscreen><\/iframe> <\/div><figcaption class=\"wp-element-caption\">Cliente de Uzbekist\u00e1n prueba l\u00ednea de producci\u00f3n de m\u00e1quina de apertura de avellanas<\/figcaption><\/figure>    <h3 class=\"wp-block-heading\"><strong>Un cliente indonesio env\u00eda muestras para probar la l\u00ednea de apertura de avellanas personalizada<\/strong><\/h3>    <p>Un cliente indonesio envi\u00f3 muestras de avellanas a nuestra f\u00e1brica para pruebas. Durante la prueba, las avellanas fueron remojadas y luego procesadas en la l\u00ednea de descascarado. <\/p>    <p>Toda la l\u00ednea funcion\u00f3 de manera estable, produciendo avellanas con aberturas uniformes. El cliente qued\u00f3 impresionado con la tecnolog\u00eda de descascarado asistido por vapor y confirm\u00f3 su pedido tras la prueba.<\/p>    <figure class=\"wp-block-gallery has-nested-images columns-default is-cropped wp-block-gallery-4 is-layout-flex wp-block-gallery-is-layout-flex\"> <figure class=\"wp-block-image size-large\"><img loading=\"lazy\" decoding=\"async\" width=\"720\" height=\"540\" data-id=\"1304\" src=\"https:\/\/bestpeanutmachine.com\/wp-content\/uploads\/2026\/03\/indonesian-customers-nut-samples.webp\" alt=\"muestras de nueces del cliente indonesio\" class=\"wp-image-1304\" srcset=\"https:\/\/bestpeanutmachine.com\/wp-content\/uploads\/2026\/03\/indonesian-customers-nut-samples.webp 720w, https:\/\/bestpeanutmachine.com\/wp-content\/uploads\/2026\/03\/indonesian-customers-nut-samples-300x225.webp 300w, https:\/\/bestpeanutmachine.com\/wp-content\/uploads\/2026\/03\/indonesian-customers-nut-samples-16x12.webp 16w\" sizes=\"auto, (max-width: 720px) 100vw, 720px\" \/><figcaption class=\"wp-element-caption\">muestras de nueces del cliente indonesio<\/figcaption><\/figure>    <figure class=\"wp-block-image size-large\"><img loading=\"lazy\" decoding=\"async\" width=\"720\" height=\"540\" data-id=\"1305\" src=\"https:\/\/bestpeanutmachine.com\/wp-content\/uploads\/2026\/03\/machine-trial-run-by-indonesian-customer.webp\" alt=\"Prueba de m\u00e1quina por cliente indonesio\" class=\"wp-image-1305\" srcset=\"https:\/\/bestpeanutmachine.com\/wp-content\/uploads\/2026\/03\/machine-trial-run-by-indonesian-customer.webp 720w, https:\/\/bestpeanutmachine.com\/wp-content\/uploads\/2026\/03\/machine-trial-run-by-indonesian-customer-300x225.webp 300w, https:\/\/bestpeanutmachine.com\/wp-content\/uploads\/2026\/03\/machine-trial-run-by-indonesian-customer-16x12.webp 16w\" sizes=\"auto, (max-width: 720px) 100vw, 720px\" \/><figcaption class=\"wp-element-caption\">Prueba de m\u00e1quina por cliente indonesio<\/figcaption><\/figure> <\/figure>    <p>Si desea producir nueces pero tiene dificultades para encontrar soluciones y maquinaria adecuadas, cont\u00e1ctenos para obtener m\u00e1s informaci\u00f3n sobre personalizaci\u00f3n.<\/p>    <p class=\"translation-block\"><strong>Otras l\u00edneas de producci\u00f3n de nueces<\/strong>:<\/p>    <ul class=\"wp-block-list\"> <li><a href=\"https:\/\/bestpeanutmachine.com\/es\/product\/peanut-butter-production-line\/\">L\u00ednea de producci\u00f3n de mantequilla de nueces<\/a><\/li>    <li><a href=\"https:\/\/bestpeanutmachine.com\/es\/product\/2-3t-h-hazelnut-almond-shelling-line\/\">L\u00ednea autom\u00e1tica de descascarado de nueces<\/a><\/li> <\/ul>    <p><\/p>","protected":false},"excerpt":{"rendered":"<p>Hazelnut shelling production lines are designed to open hazelnuts completely without damaging the kernels, making them suitable for subsequent processing such as roasting, drying, or flavoring. This efficient solution is ideal for modern hazelnut processing plants. With automated feeding, steam-assisted shelling, and continuous discharge, the system ensures high productivity and low hazelnut kernel damage.<\/p>","protected":false},"author":1,"featured_media":1314,"parent":0,"template":"","tags":[77],"product-type":[60],"class_list":["post-1298","product","type-product","status-publish","has-post-thumbnail","hentry","tag-almond","product-type-production-line"],"_links":{"self":[{"href":"https:\/\/bestpeanutmachine.com\/es\/wp-json\/wp\/v2\/product\/1298","targetHints":{"allow":["GET"]}}],"collection":[{"href":"https:\/\/bestpeanutmachine.com\/es\/wp-json\/wp\/v2\/product"}],"about":[{"href":"https:\/\/bestpeanutmachine.com\/es\/wp-json\/wp\/v2\/types\/product"}],"author":[{"embeddable":true,"href":"https:\/\/bestpeanutmachine.com\/es\/wp-json\/wp\/v2\/users\/1"}],"wp:featuredmedia":[{"embeddable":true,"href":"https:\/\/bestpeanutmachine.com\/es\/wp-json\/wp\/v2\/media\/1314"}],"wp:attachment":[{"href":"https:\/\/bestpeanutmachine.com\/es\/wp-json\/wp\/v2\/media?parent=1298"}],"wp:term":[{"taxonomy":"post_tag","embeddable":true,"href":"https:\/\/bestpeanutmachine.com\/es\/wp-json\/wp\/v2\/tags?post=1298"},{"taxonomy":"product-type","embeddable":true,"href":"https:\/\/bestpeanutmachine.com\/es\/wp-json\/wp\/v2\/product-type?post=1298"}],"curies":[{"name":"wp","href":"https:\/\/api.w.org\/{rel}","templated":true}]}}