{"id":1362,"date":"2026-04-02T14:42:31","date_gmt":"2026-04-02T06:42:31","guid":{"rendered":"https:\/\/bestpeanutmachine.com\/?post_type=product&#038;p=1362"},"modified":"2026-04-02T14:50:51","modified_gmt":"2026-04-02T06:50:51","slug":"macadamia-nut-shelling-machine","status":"publish","type":"product","link":"https:\/\/bestpeanutmachine.com\/es\/product\/macadamia-nut-shelling-machine\/","title":{"rendered":"M\u00e1quina descascaradora de nueces de macadamia"},"content":{"rendered":"<p class=\"translation-block\">Esta <strong>m\u00e1quina descascaradora de nuez de macadamia<\/strong> est\u00e1 dise\u00f1ada espec\u00edficamente para partir r\u00e1pidamente y de manera eficiente las nueces de macadamia. Con una alta capacidad de producci\u00f3n de 300\u2013400 kg\/h y una huella compacta (dimensiones: 1650\u00d7800\u00d71200 mm), es ideal para instalaciones de procesamiento de frutos secos peque\u00f1as a medianas.<\/p>    <p>Su tolva de alimentaci\u00f3n, cuerpo del tamiz y pantallas est\u00e1n todos fabricados en acero inoxidable 304, y est\u00e1 impulsada por un motor de 2.45 kW para garantizar un rendimiento de descascarado estable y consistente. Adem\u00e1s de nueces de macadamia, este equipo tambi\u00e9n puede procesar otros frutos secos, como almendras y avellanas.<\/p>    <h2 class=\"wp-block-heading\"><strong>Ventajas de esta m\u00e1quina descascaradora de nuez de macadamia<\/strong><\/h2>    <ul class=\"wp-block-list\"> <li><strong>Alta eficiencia<\/strong>: La capacidad de descascarado alcanza hasta 400 kg por hora.<\/li>    <li><strong>Durabilidad robusta<\/strong>: Fabricado en acero inoxidable 304, garantizando durabilidad y cumplimiento con las normas de seguridad alimentaria.<\/li>    <li><strong>Descascarado preciso<\/strong>: Caracter\u00edsticas de ajuste de espacio para minimizar da\u00f1os en los granos.<\/li>    <li><strong>Aplicaci\u00f3n vers\u00e1til<\/strong>: Adecuado para nueces de macadamia, almendras, nueces de Brasil y otros frutos secos de c\u00e1scara dura.<\/li>    <li><strong>Dise\u00f1o enfocado en la seguridad<\/strong>: Equipado con m\u00faltiples mecanismos de protecci\u00f3n para garantizar un funcionamiento seguro y confiable.<\/li> <\/ul>    <figure class=\"wp-block-gallery aligncenter has-nested-images columns-default is-cropped wp-block-gallery-2 is-layout-flex wp-block-gallery-is-layout-flex\"> <figure class=\"wp-block-image size-full\"><img loading=\"lazy\" decoding=\"async\" width=\"720\" height=\"540\" data-id=\"1378\" src=\"https:\/\/bestpeanutmachine.com\/wp-content\/uploads\/2026\/04\/electric-motor-of-almond-sheller-machine.webp\" alt=\"motor el\u00e9ctrico de la m\u00e1quina descascaradora de almendras\" class=\"wp-image-1378\" srcset=\"https:\/\/bestpeanutmachine.com\/wp-content\/uploads\/2026\/04\/electric-motor-of-almond-sheller-machine.webp 720w, https:\/\/bestpeanutmachine.com\/wp-content\/uploads\/2026\/04\/electric-motor-of-almond-sheller-machine-300x225.webp 300w, https:\/\/bestpeanutmachine.com\/wp-content\/uploads\/2026\/04\/electric-motor-of-almond-sheller-machine-16x12.webp 16w\" sizes=\"auto, (max-width: 720px) 100vw, 720px\" \/><figcaption class=\"wp-element-caption\">motor el\u00e9ctrico de la m\u00e1quina descascaradora de almendras<\/figcaption><\/figure>    <figure class=\"wp-block-image size-full\"><img loading=\"lazy\" decoding=\"async\" width=\"720\" height=\"540\" data-id=\"1379\" src=\"https:\/\/bestpeanutmachine.com\/wp-content\/uploads\/2026\/04\/seive-of-nut-cracker-machine.webp\" alt=\"Tamiz de la m\u00e1quina descascaradora de frutos secos\" class=\"wp-image-1379\" srcset=\"https:\/\/bestpeanutmachine.com\/wp-content\/uploads\/2026\/04\/seive-of-nut-cracker-machine.webp 720w, https:\/\/bestpeanutmachine.com\/wp-content\/uploads\/2026\/04\/seive-of-nut-cracker-machine-300x225.webp 300w, https:\/\/bestpeanutmachine.com\/wp-content\/uploads\/2026\/04\/seive-of-nut-cracker-machine-16x12.webp 16w\" sizes=\"auto, (max-width: 720px) 100vw, 720px\" \/><figcaption class=\"wp-element-caption\">Tamiz de la m\u00e1quina descascaradora de frutos secos<\/figcaption><\/figure> <\/figure>    <h2 class=\"wp-block-heading\"><strong>Especificaciones t\u00e9cnicas de la m\u00e1quina descascaradora de nuez de macadamia<\/strong><\/h2>    <figure class=\"wp-block-table\"><table class=\"has-fixed-layout\"><thead><tr><th>Par\u00e1metro<\/th><th>Especificaci\u00f3n<\/th><\/tr><\/thead><tbody><tr><td><strong>Fuerza<\/strong><\/td><td>2.45 kW<\/td><\/tr><tr><td><strong>Voltaje \/ Frecuencia<\/strong><\/td><td>380V, 50Hz, trif\u00e1sico<\/td><\/tr><tr><td><strong>Capacidad<\/strong><\/td><td>300\u2013400 kg\/h<\/td><\/tr><tr><td><strong>Tama\u00f1o de la m\u00e1quina (L\u00d7An\u00d7Al)<\/strong><\/td><td>1650 \u00d7 800 \u00d7 1200 mm<\/td><\/tr><tr><td><strong>Peso<\/strong><\/td><td>280 kg<\/td><\/tr><tr><td><strong>Material (Tolva \/ Tamiz \/ Malla)<\/strong><\/td><td>Acero inoxidable 304<\/td><\/tr><\/tbody><\/table><figcaption class=\"wp-element-caption\">par\u00e1metros de la m\u00e1quina descascaradora de nuez de macadamia<\/figcaption><\/figure>   <div class=\"wp-block-image\"> <figure class=\"aligncenter size-full\"><img loading=\"lazy\" decoding=\"async\" width=\"720\" height=\"540\" src=\"https:\/\/bestpeanutmachine.com\/wp-content\/uploads\/2026\/04\/macadamia-nuts-cracking-machine.webp\" alt=\"m\u00e1quina para descascarar nueces de macadamia\" class=\"wp-image-1376\" srcset=\"https:\/\/bestpeanutmachine.com\/wp-content\/uploads\/2026\/04\/macadamia-nuts-cracking-machine.webp 720w, https:\/\/bestpeanutmachine.com\/wp-content\/uploads\/2026\/04\/macadamia-nuts-cracking-machine-300x225.webp 300w, https:\/\/bestpeanutmachine.com\/wp-content\/uploads\/2026\/04\/macadamia-nuts-cracking-machine-16x12.webp 16w\" sizes=\"auto, (max-width: 720px) 100vw, 720px\" \/><figcaption class=\"wp-element-caption\">m\u00e1quina para descascarar nueces de macadamia<\/figcaption><\/figure> <\/div>   <h2 class=\"wp-block-heading\"><strong>\u00bfC\u00f3mo funciona la m\u00e1quina descascaradora de nueces de macadamia?<\/strong><\/h2>    <p>El principio de funcionamiento de una m\u00e1quina descascaradora de nuez de macadamia combina la aplicaci\u00f3n de presi\u00f3n mec\u00e1nica con tecnolog\u00eda de cribado. Las nueces a procesar se introducen en una tolva. <\/p>    <p>Posteriormente, un mecanismo mec\u00e1nico accionado por motor aplica presi\u00f3n para abrir las c\u00e1scaras duras sin da\u00f1ar los granos en su interior. <\/p>    <p>Inmediatamente despu\u00e9s, un sistema de cribado separa las c\u00e1scaras rotas de los granos intactos, asegurando una tasa de p\u00e9rdida extremadamente baja y un rendimiento notablemente alto del producto terminado.<\/p>    <p>Las caracter\u00edsticas clave de este principio operativo incluyen:<\/p>    <ul class=\"wp-block-list\"> <li><strong>Alimentaci\u00f3n por tolva<\/strong> \u2014 Capaz de contener un gran volumen de nueces de macadamia, permitiendo un procesamiento continuo e ininterrumpido.<\/li>    <li><strong>Descascarado mec\u00e1nico<\/strong> \u2014 Aplica presi\u00f3n precisa mediante componentes giratorios para abrir las c\u00e1scaras de manera eficiente.<\/li>    <li><strong>Separaci\u00f3n por cribado<\/strong> \u2014 Filtra y elimina las c\u00e1scaras rotas asegurando que los granos permanezcan intactos.<\/li> <\/ul>    <h2 class=\"wp-block-heading\"><strong>\u00bfC\u00f3mo elegir una m\u00e1quina descascaradora de nuez de macadamia?<\/strong><\/h2>    <p>When selecting a macadamia nut shelling machine, there are numerous factors to consider, as these significantly impact a factory&#8217;s actual production efficiency and profitability:<\/p>    <ol class=\"wp-block-list\"> <li>Seleccionar equipos con capacidad de procesamiento que se ajuste a sus requisitos diarios de producci\u00f3n.<\/li>    <li>En general, se recomienda elegir equipos fabricados en acero inoxidable.<\/li>    <li>Recomendamos seleccionar modelos equipados con pantallas o rodillos ajustables; esto garantiza un descascarado eficiente y minimiza el da\u00f1o a los granos.<\/li>    <li>Optar por m\u00e1quinas con sistemas de control f\u00e1ciles de usar, puntos de acceso dise\u00f1ados inteligentemente para mantenimiento e inspecci\u00f3n, y caracter\u00edsticas de seguridad robustas ayudar\u00e1 a reducir efectivamente los tiempos de inactividad.<\/li> <\/ol>   <div class=\"wp-block-image\"> <figure class=\"aligncenter size-full\"><img loading=\"lazy\" decoding=\"async\" width=\"720\" height=\"540\" src=\"https:\/\/bestpeanutmachine.com\/wp-content\/uploads\/2026\/04\/industrial-macadamia-nut-cracker-machine.webp\" alt=\"m\u00e1quina descascaradora industrial de nueces de macadamia\" class=\"wp-image-1377\" srcset=\"https:\/\/bestpeanutmachine.com\/wp-content\/uploads\/2026\/04\/industrial-macadamia-nut-cracker-machine.webp 720w, https:\/\/bestpeanutmachine.com\/wp-content\/uploads\/2026\/04\/industrial-macadamia-nut-cracker-machine-300x225.webp 300w, https:\/\/bestpeanutmachine.com\/wp-content\/uploads\/2026\/04\/industrial-macadamia-nut-cracker-machine-16x12.webp 16w\" sizes=\"auto, (max-width: 720px) 100vw, 720px\" \/><figcaption class=\"wp-element-caption\">m\u00e1quina descascaradora industrial de nueces de macadamia<\/figcaption><\/figure> <\/div>   <h2 class=\"wp-block-heading\"><strong>Gu\u00eda de usuario de la m\u00e1quina descascaradora de nuez de macadamia<\/strong><\/h2>    <p>Operar la m\u00e1quina descascaradora de nueces de macadamia es notablemente simple:<\/p>    <ul class=\"wp-block-list\"> <li>Preparar las nueces \u2014 Lavarlas y secarlas para evitar que se obstruyan.<\/li>    <li>Ajustar la separaci\u00f3n \u2014 Configurar los par\u00e1metros de la m\u00e1quina descascaradora de nueces de macadamia seg\u00fan el tama\u00f1o y dureza de las nueces.<\/li>    <li>Cargar la tolva \u2014 Evitar sobrellenar la tolva para garantizar una eficiencia operativa \u00f3ptima.<\/li>    <li>Iniciar la m\u00e1quina \u2014 El motor aplicar\u00e1 presi\u00f3n continua y uniforme para abrir las c\u00e1scaras.<\/li>    <li>Recolectar los granos y c\u00e1scaras \u2014 Utilizar el sistema de cribado para separar los granos descascarados de los fragmentos de c\u00e1scara.<\/li> <\/ul>    <p class=\"translation-block\">Siguiendo estos pasos, puede maximizar la producci\u00f3n minimizando el da\u00f1o a los granos. Adem\u00e1s, se puede usar una <a href=\"https:\/\/bestpeanutmachine.com\/es\/product\/macadamia-opening-machine\/\">m\u00e1quina pre-cortadora de nueces<\/a> para pre-tratar las nueces. Esto no solo acelera el proceso de descascarado, sino que tambi\u00e9n reduce efectivamente la tasa de rotura de los granos.<\/p>   <div class=\"wp-block-image\"> <figure class=\"aligncenter size-full\"><img loading=\"lazy\" decoding=\"async\" width=\"720\" height=\"540\" src=\"https:\/\/bestpeanutmachine.com\/wp-content\/uploads\/2026\/04\/macadamia-nut-shell-cracker-machine.webp\" alt=\"m\u00e1quina descascaradora de nuez de macadamia\" class=\"wp-image-1375\" srcset=\"https:\/\/bestpeanutmachine.com\/wp-content\/uploads\/2026\/04\/macadamia-nut-shell-cracker-machine.webp 720w, https:\/\/bestpeanutmachine.com\/wp-content\/uploads\/2026\/04\/macadamia-nut-shell-cracker-machine-300x225.webp 300w, https:\/\/bestpeanutmachine.com\/wp-content\/uploads\/2026\/04\/macadamia-nut-shell-cracker-machine-16x12.webp 16w\" sizes=\"auto, (max-width: 720px) 100vw, 720px\" \/><figcaption class=\"wp-element-caption\">m\u00e1quina descascaradora de nuez de macadamia<\/figcaption><\/figure> <\/div>   <h2 class=\"wp-block-heading\"><strong>Preguntas frecuentes sobre la m\u00e1quina descascaradora industrial de nuez de macadamia<\/strong><\/h2>   <div id=\"rank-math-faq\" class=\"rank-math-block\"> <div class=\"rank-math-list\"> <div id=\"faq-question-1775109812208\" class=\"rank-math-list-item\"> <h3 class=\"rank-math-question\">\u00bfPuede esta m\u00e1quina descascaradora de almendras procesar otros tipos de frutos secos?<\/h3> <div class=\"rank-math-answer\">  <p>S\u00ed. Muchas m\u00e1quinas descascaradoras de nuez de macadamia tambi\u00e9n pueden partir almendras, nueces, nueces de Brasil, pacanas y otros frutos secos de c\u00e1scara dura \u2014 siempre que tengan configuraciones de espacio ajustables y accesorios de tamiz compatibles.<\/p>  <\/div> <\/div> <div id=\"faq-question-1775109829052\" class=\"rank-math-list-item\"> <h3 class=\"rank-math-question\">\u00bfLa m\u00e1quina de descascarado da\u00f1ar\u00e1 los granos de macadamia?<\/h3> <div class=\"rank-math-answer\">  <p>Una m\u00e1quina de descascarado de calidad est\u00e1 dise\u00f1ada para minimizar la rotura de granos. Las configuraciones ajustables permiten a los operadores optimizar para el tama\u00f1o y dureza de la nuez. Con el ajuste adecuado, el da\u00f1o a los granos puede mantenerse muy bajo.<\/p>  <\/div> <\/div> <div id=\"faq-question-1775109879451\" class=\"rank-math-list-item\"> <h3 class=\"rank-math-question\">\u00bfQu\u00e9 materiales se utilizan en la construcci\u00f3n de la m\u00e1quina descascaradora de nuez de macadamia?<\/h3> <div class=\"rank-math-answer\">  <p>Las m\u00e1quinas descascaradoras de almendras de alta calidad generalmente usan acero inoxidable 304 para la tolva, el cuerpo del tamiz y la malla. Esto garantiza seguridad alimentaria, resistencia a la corrosi\u00f3n y larga vida \u00fatil.<\/p>  <\/div> <\/div> <div id=\"faq-question-1775109912022\" class=\"rank-math-list-item\"> <h3 class=\"rank-math-question\">\u00bfCu\u00e1les son los problemas comunes y c\u00f3mo se pueden solucionar?<\/h3> <div class=\"rank-math-answer\">  <p>Baja tasa de descascarado \u2192 Ajustar la separaci\u00f3n o reducir la velocidad de alimentaci\u00f3n.<br \/>Alta rotura de granos \u2192 Reducir la presi\u00f3n o modificar la configuraci\u00f3n.<br \/>Vibraci\u00f3n de la m\u00e1quina \u2192 Asegurar una instalaci\u00f3n estable y verificar que los tornillos est\u00e9n apretados.<\/p>  <\/div> <\/div> <div id=\"faq-question-1775109954348\" class=\"rank-math-list-item\"> <h3 class=\"rank-math-question\">\u00bfProporcionan soporte de instalaci\u00f3n o servicios de capacitaci\u00f3n?<\/h3> <div class=\"rank-math-answer\">  <p>Taizy ofrece servicios postventa como gu\u00eda remota de instalaci\u00f3n, soporte en videos en l\u00ednea y consulta t\u00e9cnica.<\/p>  <\/div> <\/div> <div id=\"faq-question-1775110046485\" class=\"rank-math-list-item\"> <h3 class=\"rank-math-question\">\u00bfC\u00f3mo limpio la m\u00e1quina descascaradora de nueces de macadamia despu\u00e9s de usarla?<\/h3> <div class=\"rank-math-answer\">  <p>Primero, apague la energ\u00eda y desconecte la fuente de alimentaci\u00f3n. Luego, retire las nueces y c\u00e1scaras residuales, y use un cepillo de cerdas suaves para limpiar el tamiz y la tolva. Finalmente, limpie las superficies con un limpiador apto para alimentos y aseg\u00farese de que todos los componentes est\u00e9n completamente secos antes del pr\u00f3ximo uso.<\/p>  <\/div> <\/div> <\/div> <\/div>   <h2 class=\"wp-block-heading\"><strong>Proveedor de m\u00e1quinas de procesamiento de frutos secos Taizy-Profesional<\/strong><\/h2>    <p>Para cualquier procesador de frutos secos que busque mejorar la eficiencia, reducir costos laborales y mantener la alta calidad de sus granos, una m\u00e1quina descascaradora de nuez de macadamia representa una inversi\u00f3n clave.<\/p>    <p>Con su construcci\u00f3n robusta, tecnolog\u00eda avanzada de descascarado y amplia aplicabilidad, este equipo ofrece una soluci\u00f3n confiable para partir frutos secos de c\u00e1scara dura, asegurando al mismo tiempo la seguridad operativa y minimizando la p\u00e9rdida de producto.<\/p>    <p class=\"translation-block\">Por favor, cont\u00e1ctenos para detalles precisos de precios. Si est\u00e1 interesado en una l\u00ednea completa de procesamiento de nueces de macadamia, haga clic aqu\u00ed para ver las especificaciones t\u00e9cnicas m\u00e1s precisas: <a href=\"https:\/\/bestpeanutmachine.com\/es\/product\/2-3t-h-hazelnut-almond-shelling-line\/\">L\u00ednea de procesamiento profundo de macadamia<\/a>.<\/p>","protected":false},"excerpt":{"rendered":"<p>A high-performance macadamia nut shelling machine, specifically designed for the rapid and efficient shelling of hard-shelled nuts. Constructed from stainless steel and featuring adjustable settings, it is ideally suited for medium-scale production requirements.<\/p>","protected":false},"author":1,"featured_media":1374,"parent":0,"template":"","tags":[77],"product-type":[76,6],"class_list":["post-1362","product","type-product","status-publish","has-post-thumbnail","hentry","tag-almond","product-type-other-nuts-machine","product-type-product"],"_links":{"self":[{"href":"https:\/\/bestpeanutmachine.com\/es\/wp-json\/wp\/v2\/product\/1362","targetHints":{"allow":["GET"]}}],"collection":[{"href":"https:\/\/bestpeanutmachine.com\/es\/wp-json\/wp\/v2\/product"}],"about":[{"href":"https:\/\/bestpeanutmachine.com\/es\/wp-json\/wp\/v2\/types\/product"}],"author":[{"embeddable":true,"href":"https:\/\/bestpeanutmachine.com\/es\/wp-json\/wp\/v2\/users\/1"}],"wp:featuredmedia":[{"embeddable":true,"href":"https:\/\/bestpeanutmachine.com\/es\/wp-json\/wp\/v2\/media\/1374"}],"wp:attachment":[{"href":"https:\/\/bestpeanutmachine.com\/es\/wp-json\/wp\/v2\/media?parent=1362"}],"wp:term":[{"taxonomy":"post_tag","embeddable":true,"href":"https:\/\/bestpeanutmachine.com\/es\/wp-json\/wp\/v2\/tags?post=1362"},{"taxonomy":"product-type","embeddable":true,"href":"https:\/\/bestpeanutmachine.com\/es\/wp-json\/wp\/v2\/product-type?post=1362"}],"curies":[{"name":"wp","href":"https:\/\/api.w.org\/{rel}","templated":true}]}}