{"id":1397,"date":"2026-04-21T14:24:31","date_gmt":"2026-04-21T06:24:31","guid":{"rendered":"https:\/\/bestpeanutmachine.com\/?post_type=product&#038;p=1397"},"modified":"2026-04-21T17:44:57","modified_gmt":"2026-04-21T09:44:57","slug":"nut-packaging-machine","status":"publish","type":"product","link":"https:\/\/bestpeanutmachine.com\/es\/product\/nut-packaging-machine\/","title":{"rendered":"M\u00e1quina de embalaje de nueces"},"content":{"rendered":"<p class=\"translation-block\">Una <strong>m\u00e1quina de embalaje de nueces<\/strong> es un sistema automatizado dise\u00f1ado para pesar, llenar, sellar y cortar bolsas de embalaje, adecuado para varios tipos de nueces, incluyendo cacahuetes, almendras y avellanas.<\/p>    <p>Esta m\u00e1quina rotatoria de envasado de gr\u00e1nulos es especialmente adecuada para productos granulares con buenas caracter\u00edsticas de flujo, que integra sistemas mec\u00e1nicos y electr\u00f3nicos para ejecutar autom\u00e1ticamente todo el proceso, desde la alimentaci\u00f3n del material hasta la salida de las bolsas terminadas.<\/p>    <figure class=\"wp-block-embed aligncenter is-type-video is-provider-youtube wp-block-embed-youtube wp-embed-aspect-16-9 wp-has-aspect-ratio\"><div class=\"wp-block-embed__wrapper\"> <iframe loading=\"lazy\" title=\"Nut Packaging Machine Working Process | Rotary Granule Packing Machine for Peanuts &amp; Almonds\" width=\"500\" height=\"281\" src=\"https:\/\/www.youtube.com\/embed\/0KpAwMMxtrE?feature=oembed\" frameborder=\"0\" allow=\"accelerometer; autoplay; clipboard-write; encrypted-media; gyroscope; picture-in-picture; web-share\" referrerpolicy=\"strict-origin-when-cross-origin\" allowfullscreen><\/iframe> <\/div><figcaption class=\"wp-element-caption\">video de trabajo de la m\u00e1quina de embalaje de cacahuetes<\/figcaption><\/figure>    <h2 class=\"wp-block-heading\"><strong>Ventajas clave de la m\u00e1quina de embalaje de nueces<\/strong><\/h2>    <ol class=\"wp-block-list\"> <li>La mesa giratoria distribuye con precisi\u00f3n el material en porciones individuales seg\u00fan un peso preestablecido. Los tolvas de diferentes tama\u00f1os pueden ajustarse o intercambiarse para adaptarse a diversos requisitos de embalaje.<\/li>    <li>Este equipo de embalaje cuenta con una interfaz de pantalla t\u00e1ctil LCD de 5 pulgadas que es intuitiva y f\u00e1cil de operar, permitiendo que incluso los principiantes la dominen r\u00e1pidamente. El sistema soporta interfaces en chino e ingl\u00e9s.<\/li>    <li>Nuestra m\u00e1quina de embalaje de nueces est\u00e1 equipada con un sistema de seguimiento fotoel\u00e9ctrico que mide con precisi\u00f3n la longitud de la bolsa y garantiza un corte preciso de la pel\u00edcula, asegurando una apariencia consistente y est\u00e9tica en los paquetes terminados.<\/li>    <li>Taizy ofrece varias opciones de sellado, incluyendo sellos traseros, sellos en tres lados y en cuatro lados. Si se requieren m\u00faltiples estilos de embalaje, la unidad de formaci\u00f3n de bolsas debe intercambiarse en consecuencia.<\/li>    <li>Realiza todo el proceso de embalaje autom\u00e1ticamente, incluyendo formaci\u00f3n de bolsas, llenado, conteo, sellado y corte, logrando una automatizaci\u00f3n completa en todas las etapas.<\/li>    <li>Como cliente de Taizy, tienes acceso a una variedad de funciones opcionales y servicios de personalizaci\u00f3n, incluyendo codificaci\u00f3n de fecha, envasado con gas nitr\u00f3geno, creaci\u00f3n de muescas de f\u00e1cil rasgado y sistemas de envasado en bolsas continuas.<\/li> <\/ol>    <figure class=\"wp-block-gallery has-nested-images columns-2 is-cropped wp-block-gallery-2 is-layout-flex wp-block-gallery-is-layout-flex\"> <figure class=\"wp-block-image size-large\"><img loading=\"lazy\" decoding=\"async\" width=\"720\" height=\"540\" data-id=\"1404\" src=\"https:\/\/bestpeanutmachine.com\/wp-content\/uploads\/2026\/04\/turntable.webp\" alt=\"mesa giratoria\" class=\"wp-image-1404\" srcset=\"https:\/\/bestpeanutmachine.com\/wp-content\/uploads\/2026\/04\/turntable.webp 720w, https:\/\/bestpeanutmachine.com\/wp-content\/uploads\/2026\/04\/turntable-300x225.webp 300w, https:\/\/bestpeanutmachine.com\/wp-content\/uploads\/2026\/04\/turntable-16x12.webp 16w\" sizes=\"auto, (max-width: 720px) 100vw, 720px\" \/><figcaption class=\"wp-element-caption\">mesa giratoria<\/figcaption><\/figure>    <figure class=\"wp-block-image size-large\"><img loading=\"lazy\" decoding=\"async\" width=\"720\" height=\"540\" data-id=\"1402\" src=\"https:\/\/bestpeanutmachine.com\/wp-content\/uploads\/2026\/04\/LCD-touchscreen.webp\" alt=\"Pantalla t\u00e1ctil LCD\" class=\"wp-image-1402\" srcset=\"https:\/\/bestpeanutmachine.com\/wp-content\/uploads\/2026\/04\/LCD-touchscreen.webp 720w, https:\/\/bestpeanutmachine.com\/wp-content\/uploads\/2026\/04\/LCD-touchscreen-300x225.webp 300w, https:\/\/bestpeanutmachine.com\/wp-content\/uploads\/2026\/04\/LCD-touchscreen-16x12.webp 16w\" sizes=\"auto, (max-width: 720px) 100vw, 720px\" \/><figcaption class=\"wp-element-caption\">Pantalla t\u00e1ctil LCD<\/figcaption><\/figure>    <figure class=\"wp-block-image size-large\"><img loading=\"lazy\" decoding=\"async\" width=\"720\" height=\"540\" data-id=\"1403\" src=\"https:\/\/bestpeanutmachine.com\/wp-content\/uploads\/2026\/04\/former.webp\" alt=\"antiguo\" class=\"wp-image-1403\" srcset=\"https:\/\/bestpeanutmachine.com\/wp-content\/uploads\/2026\/04\/former.webp 720w, https:\/\/bestpeanutmachine.com\/wp-content\/uploads\/2026\/04\/former-300x225.webp 300w, https:\/\/bestpeanutmachine.com\/wp-content\/uploads\/2026\/04\/former-16x12.webp 16w\" sizes=\"auto, (max-width: 720px) 100vw, 720px\" \/><figcaption class=\"wp-element-caption\">antiguo<\/figcaption><\/figure>    <figure class=\"wp-block-image size-full\"><img loading=\"lazy\" decoding=\"async\" width=\"720\" height=\"540\" data-id=\"1409\" src=\"https:\/\/bestpeanutmachine.com\/wp-content\/uploads\/2026\/04\/peanut-packaging-machine.webp\" alt=\"m\u00e1quina de embalaje de cacahuetes\" class=\"wp-image-1409\" srcset=\"https:\/\/bestpeanutmachine.com\/wp-content\/uploads\/2026\/04\/peanut-packaging-machine.webp 720w, https:\/\/bestpeanutmachine.com\/wp-content\/uploads\/2026\/04\/peanut-packaging-machine-300x225.webp 300w, https:\/\/bestpeanutmachine.com\/wp-content\/uploads\/2026\/04\/peanut-packaging-machine-16x12.webp 16w\" sizes=\"auto, (max-width: 720px) 100vw, 720px\" \/><figcaption class=\"wp-element-caption\">m\u00e1quina de embalaje de cacahuetes<\/figcaption><\/figure> <\/figure>    <h2 class=\"wp-block-heading\"><strong>Estructura de la unidad principal de la m\u00e1quina de embalaje de nueces<\/strong><\/h2>    <ul class=\"wp-block-list\"> <li><strong>Tolva<\/strong>Almacenando material y transportando frutos secos a la m\u00e1quina.<\/li>    <li><strong>Mesa giratoria<\/strong>Distribuyendo con precisi\u00f3n el material en cada bolsa de embalaje.<\/li>    <li><strong>Dispositivo de formaci\u00f3n<\/strong>Dando forma a la pel\u00edcula en una bolsa seg\u00fan el ancho establecido.<\/li>    <li><strong>Bobina de pel\u00edcula<\/strong>Apoyando y sosteniendo la pel\u00edcula de embalaje.<\/li>    <li><strong>Palanca de control de pel\u00edcula<\/strong>Medici\u00f3n y regulaci\u00f3n de la longitud de alimentaci\u00f3n de la pel\u00edcula.<\/li>    <li><strong>Sistema de vibraci\u00f3n<\/strong>Asegurando un transporte suave y preciso del material.<\/li>    <li><strong>Tubo de calefacci\u00f3n<\/strong>Proporcionando energ\u00eda t\u00e9rmica para facilitar el sellado.<\/li> <\/ul>    <h2 class=\"wp-block-heading\"><strong>Par\u00e1metros t\u00e9cnicos de la m\u00e1quina de embalaje de nueces<\/strong><\/h2>    <figure class=\"wp-block-table\"><table class=\"has-fixed-layout\"><thead><tr><th>Modelo<\/th><th class=\"has-text-align-center\" data-align=\"center\">TZ-320<\/th><th class=\"has-text-align-center\" data-align=\"center\">TZ-450 <\/th><\/tr><\/thead><tbody><tr><td>Estilo de bolsa<\/td><td class=\"has-text-align-center\" data-align=\"center\">Sello trasero \/ Sello en tres lados<\/td><td class=\"has-text-align-center\" data-align=\"center\">Sello trasero \/ Sello en tres lados<\/td><\/tr><tr><td>Velocidad de envasado<\/td><td class=\"has-text-align-center\" data-align=\"center\">20\u201380 bolsas\/min<\/td><td class=\"has-text-align-center\" data-align=\"center\">20\u201380 bolsas\/min<\/td><\/tr><tr><td>Fuerza<\/td><td class=\"has-text-align-center\" data-align=\"center\">1.8 kW<\/td><td class=\"has-text-align-center\" data-align=\"center\">2.2 kW<\/td><\/tr><tr><td>Peso<\/td><td class=\"has-text-align-center\" data-align=\"center\">250 kg<\/td><td class=\"has-text-align-center\" data-align=\"center\">420 kg<\/td><\/tr><tr><td>Dimensiones<\/td><td class=\"has-text-align-center\" data-align=\"center\">650 \u00d7 1050 \u00d7 1950 mm<\/td><td class=\"has-text-align-center\" data-align=\"center\">750 \u00d7 750 \u00d7 2100 mm<\/td><\/tr><tr><td>Ancho m\u00e1ximo de pel\u00edcula<\/td><td class=\"has-text-align-center\" data-align=\"center\">\u2264 30 cm<\/td><td class=\"has-text-align-center\" data-align=\"center\">\u2264 43 cm<\/td><\/tr><tr><td>Rango de embalaje<\/td><td class=\"has-text-align-center\" data-align=\"center\">\u2264 200 g<\/td><td class=\"has-text-align-center\" data-align=\"center\">\u2264 600 g<\/td><\/tr><tr><td>Material de la m\u00e1quina<\/td><td class=\"has-text-align-center\" data-align=\"center\">Acero inoxidable<\/td><td class=\"has-text-align-center\" data-align=\"center\">Acero inoxidable<\/td><\/tr><\/tbody><\/table><figcaption class=\"wp-element-caption\">Especificaciones de la m\u00e1quina de embalaje de nueces<\/figcaption><\/figure>   <div class=\"wp-block-image\"> <figure class=\"aligncenter size-full\"><img decoding=\"async\" src=\"https:\/\/bestpeanutmachine.com\/wp-content\/uploads\/2026\/04\/nuts-filling-packaging-machines-1.webp\" alt=\"m\u00e1quinas de llenado y embalaje de nueces\" class=\"wp-image-1407\"\/><figcaption class=\"wp-element-caption\">m\u00e1quinas de llenado y embalaje de nueces<\/figcaption><\/figure> <\/div>   <h2 class=\"wp-block-heading\"><strong>Aplicaciones de la m\u00e1quina de embalaje de snacks de nueces<\/strong><\/h2>    <p>Esta m\u00e1quina de embalaje de nueces es ampliamente aplicable a diversos productos alimenticios granulares y semi-granulares de flujo libre, siendo especialmente \u00fatil en las industrias de nueces y snacks.<\/p>    <p>The nuts packaging machine features a combined design incorporating a &#8220;rotary metering system + vibratory feeding + high-precision photoelectric control.&#8221; Consequently, it delivers exceptional performance when handling nuts and similar food items.<\/p>    <p>Su mecanismo suave de manejo de materiales minimiza las tasas de rotura de nueces, como almendras y anacardos, asegurando que los productos mantengan su apariencia est\u00e9tica y atractiva en su embalaje minorista.<\/p>    <p>El proceso de embalaje completamente cerrado y automatizado minimiza el contacto directo entre los operadores humanos y los productos alimenticios, cumpliendo as\u00ed con los estrictos est\u00e1ndares de higiene requeridos para entornos de producci\u00f3n de grado alimenticio.<\/p>    <p>Al integrar sin problemas precisi\u00f3n, operaci\u00f3n de alta velocidad y capacidades de protecci\u00f3n del producto, esta m\u00e1quina de embalaje de nueces resuelve eficazmente los desaf\u00edos complejos inherentes al embalaje de alimentos.<\/p>   <div class=\"wp-block-image\"> <figure class=\"aligncenter size-full\"><img loading=\"lazy\" decoding=\"async\" width=\"720\" height=\"540\" src=\"https:\/\/bestpeanutmachine.com\/wp-content\/uploads\/2026\/04\/peanut-snacks.webp\" alt=\"snacks de cacahuete\" class=\"wp-image-1400\" srcset=\"https:\/\/bestpeanutmachine.com\/wp-content\/uploads\/2026\/04\/peanut-snacks.webp 720w, https:\/\/bestpeanutmachine.com\/wp-content\/uploads\/2026\/04\/peanut-snacks-300x225.webp 300w, https:\/\/bestpeanutmachine.com\/wp-content\/uploads\/2026\/04\/peanut-snacks-16x12.webp 16w\" sizes=\"auto, (max-width: 720px) 100vw, 720px\" \/><figcaption class=\"wp-element-caption\">snacks de cacahuete<\/figcaption><\/figure> <\/div>   <h2 class=\"wp-block-heading\"><strong>\u00bfC\u00f3mo elegir la m\u00e1quina de embalaje de nueces adecuada?<\/strong><\/h2>    <p>Al comprar una m\u00e1quina de embalaje de nueces, considere los siguientes factores para asegurarse de seleccionar el equipo m\u00e1s adecuado:<\/p>    <ol class=\"wp-block-list\"> <li><strong>Peso de embalaje:<\/strong> Si tu formato de embalaje implica paquetes peque\u00f1os (\u2264200g), el Modelo 320 es la mejor opci\u00f3n. Si necesitas paquetes de tama\u00f1o medio (\u2264600g), el Modelo 450 ser\u00eda m\u00e1s adecuado para tus necesidades.<\/li>    <li><strong>Dimensiones de la bolsa y ancho de la pel\u00edcula:<\/strong> Estos factores tambi\u00e9n son cruciales. Puedes proporcionarnos tus requisitos espec\u00edficos respecto al ancho de la pel\u00edcula de embalaje, y el personal profesional de Taizy te ayudar\u00e1 a seleccionar el modelo de m\u00e1quina correspondiente.<\/li>    <li><strong>Fluidez del producto: <\/strong>Aseg\u00farate de que tus nueces o productos recubiertos tengan buena fluidez para lograr resultados \u00f3ptimos de embalaje. Si tus productos son pegajosos o tienes requisitos espec\u00edficos adicionales de embalaje, podemos recomendarte m\u00e1quinas de envasado granular alternativas que se adapten mejor a tus necesidades.<\/li>    <li><strong>Funciones opcionales:<\/strong> Una vez que hayas determinado el modelo adecuado de m\u00e1quina, decide si necesitas funciones adicionales, como envasado con nitr\u00f3geno, impresi\u00f3n de fecha o una funci\u00f3n de bolsa de f\u00e1cil rasgado.<\/li>    <li><strong>Producci\u00f3n:<\/strong> Si tienes altas exigencias en cuanto a la producci\u00f3n, te recomendamos combinar la m\u00e1quina de embalaje con un alimentador elevador. Esto no solo acelera la velocidad de alimentaci\u00f3n, sino que tambi\u00e9n previene bloqueos potenciales causados por una alimentaci\u00f3n manual desigual.<\/li> <\/ol>   <div class=\"wp-block-image\"> <figure class=\"aligncenter size-full\"><img loading=\"lazy\" decoding=\"async\" width=\"720\" height=\"540\" src=\"https:\/\/bestpeanutmachine.com\/wp-content\/uploads\/2026\/04\/nuts-packaging-machine-with-elevator.webp\" alt=\"m\u00e1quina de embalaje de nueces con elevador\" class=\"wp-image-1406\" srcset=\"https:\/\/bestpeanutmachine.com\/wp-content\/uploads\/2026\/04\/nuts-packaging-machine-with-elevator.webp 720w, https:\/\/bestpeanutmachine.com\/wp-content\/uploads\/2026\/04\/nuts-packaging-machine-with-elevator-300x225.webp 300w, https:\/\/bestpeanutmachine.com\/wp-content\/uploads\/2026\/04\/nuts-packaging-machine-with-elevator-16x12.webp 16w\" sizes=\"auto, (max-width: 720px) 100vw, 720px\" \/><figcaption class=\"wp-element-caption\">m\u00e1quina de embalaje de nueces con elevador<\/figcaption><\/figure> <\/div>   <p>Ya seas un procesador a peque\u00f1a escala o una empresa alimentaria en crecimiento, este equipo te permitir\u00e1 lograr operaciones de embalaje automatizadas, precisas e higi\u00e9nicas, aumentando significativamente tu productividad y competitividad en el mercado.<\/p>    <p>Si tienes alg\u00fan requisito, contacta con Taizy. Te recomendaremos la m\u00e1quina de embalaje m\u00e1s adecuada seg\u00fan tus necesidades espec\u00edficas.<\/p>    <p>Podr\u00edas estar interesado en esto:<\/p>    <div class=\"wp-block-media-text is-stacked-on-mobile\"><figure class=\"wp-block-media-text__media\"><img loading=\"lazy\" decoding=\"async\" width=\"720\" height=\"540\" src=\"https:\/\/bestpeanutmachine.com\/wp-content\/uploads\/2023\/05\/peanut-coating-machine.jpg\" alt=\"m\u00e1quina de recubrimiento de man\u00ed\" class=\"wp-image-148 size-full\" srcset=\"https:\/\/bestpeanutmachine.com\/wp-content\/uploads\/2023\/05\/peanut-coating-machine.jpg 720w, https:\/\/bestpeanutmachine.com\/wp-content\/uploads\/2023\/05\/peanut-coating-machine-300x225.jpg 300w\" sizes=\"auto, (max-width: 720px) 100vw, 720px\" \/><\/figure><div class=\"wp-block-media-text__content\"> <p><a href=\"https:\/\/bestpeanutmachine.com\/es\/product\/peanut-coating-machine\/\">M\u00e1quina de recubrimiento de man\u00ed<\/a><\/p>    <p>Puede ayudarte a cubrir los cacahuetes con salsa de chocolate u otros condimentos para hacer snacks de cacahuete crujientes.<\/p> <\/div><\/div>    <div class=\"wp-block-media-text has-media-on-the-right is-stacked-on-mobile\"><div class=\"wp-block-media-text__content\"> <p><a href=\"https:\/\/bestpeanutmachine.com\/es\/product\/peanut-roasting-machine\/\">M\u00e1quina tostadora de man\u00ed<\/a><\/p>    <p>As one of the most widely used pieces of nut processing equipment, the peanut roasting machine imparts a rich, earthy flavor to peanut snacks, thereby greatly enhancing the nuts&#8217; natural aroma.<\/p> <\/div><figure class=\"wp-block-media-text__media\"><img loading=\"lazy\" decoding=\"async\" width=\"720\" height=\"540\" src=\"https:\/\/bestpeanutmachine.com\/wp-content\/uploads\/2022\/08\/peanut-roaster-machine-for-sale.jpg\" alt=\"Vendo maquina tostadora de man\u00ed\" class=\"wp-image-78 size-full\" srcset=\"https:\/\/bestpeanutmachine.com\/wp-content\/uploads\/2022\/08\/peanut-roaster-machine-for-sale.jpg 720w, https:\/\/bestpeanutmachine.com\/wp-content\/uploads\/2022\/08\/peanut-roaster-machine-for-sale-300x225.jpg 300w\" sizes=\"auto, (max-width: 720px) 100vw, 720px\" \/><\/figure><\/div>","protected":false},"excerpt":{"rendered":"<p>Looking for an efficient nut packaging machine? This rotary granule packing machine offers accurate weighing, fast speed, and reliable sealing\u2014ideal for packaging peanuts, coated nuts, almonds, and hazelnuts.<\/p>","protected":false},"author":1,"featured_media":1408,"parent":0,"template":"","tags":[11],"product-type":[88,6],"class_list":["post-1397","product","type-product","status-publish","has-post-thumbnail","hentry","tag-peanut","product-type-nuts-packaging-machine","product-type-product"],"_links":{"self":[{"href":"https:\/\/bestpeanutmachine.com\/es\/wp-json\/wp\/v2\/product\/1397","targetHints":{"allow":["GET"]}}],"collection":[{"href":"https:\/\/bestpeanutmachine.com\/es\/wp-json\/wp\/v2\/product"}],"about":[{"href":"https:\/\/bestpeanutmachine.com\/es\/wp-json\/wp\/v2\/types\/product"}],"author":[{"embeddable":true,"href":"https:\/\/bestpeanutmachine.com\/es\/wp-json\/wp\/v2\/users\/1"}],"wp:featuredmedia":[{"embeddable":true,"href":"https:\/\/bestpeanutmachine.com\/es\/wp-json\/wp\/v2\/media\/1408"}],"wp:attachment":[{"href":"https:\/\/bestpeanutmachine.com\/es\/wp-json\/wp\/v2\/media?parent=1397"}],"wp:term":[{"taxonomy":"post_tag","embeddable":true,"href":"https:\/\/bestpeanutmachine.com\/es\/wp-json\/wp\/v2\/tags?post=1397"},{"taxonomy":"product-type","embeddable":true,"href":"https:\/\/bestpeanutmachine.com\/es\/wp-json\/wp\/v2\/product-type?post=1397"}],"curies":[{"name":"wp","href":"https:\/\/api.w.org\/{rel}","templated":true}]}}