{"id":142,"date":"2023-05-29T16:36:00","date_gmt":"2023-05-29T08:36:00","guid":{"rendered":"https:\/\/bestpeanutmachine.com\/?post_type=product&#038;p=142"},"modified":"2025-08-28T10:25:15","modified_gmt":"2025-08-28T02:25:15","slug":"peanut-coating-machine","status":"publish","type":"product","link":"https:\/\/bestpeanutmachine.com\/es\/product\/peanut-coating-machine\/","title":{"rendered":"M\u00e1quina de recubrimiento de man\u00ed"},"content":{"rendered":"<p class=\"translation-block\">La \u200b<strong>M\u00e1quina de Recubrimiento de Cacahuetes<\/strong> es una soluci\u00f3n de ingenier\u00eda de precisi\u00f3n para fabricantes de alimentos que buscan elevar la producci\u00f3n de snacks con recubrimientos sabrosos consistentes y de alta calidad. <\/p>    <p>Dise\u00f1ada para automatizar todo el proceso de recubrimiento, esta m\u00e1quina garantiza una distribuci\u00f3n uniforme de recubrimientos, desde chocolate y az\u00facar hasta especias saladas o esmaltes personalizados, en man\u00ed en una precisi\u00f3n excepcional. <\/p>    <figure class=\"wp-block-embed is-type-video is-provider-youtube wp-block-embed-youtube wp-embed-aspect-16-9 wp-has-aspect-ratio\"><div class=\"wp-block-embed__wrapper\"> <iframe loading=\"lazy\" title=\"C\u00f3mo usar una m\u00e1quina de recubrimiento de man\u00ed para deliciosos bocadillos #peanut #groundNut #FoodMachine\" width=\"500\" height=\"281\" src=\"https:\/\/www.youtube.com\/embed\/dNJ5aIpsIho?feature=oembed\" frameborder=\"0\" allow=\"accelerometer; autoplay; clipboard-write; encrypted-media; gyroscope; picture-in-picture; web-share\" referrerpolicy=\"strict-origin-when-cross-origin\" allowfullscreen><\/iframe> <\/div><figcaption class=\"wp-element-caption\">Video de trabajo de la m\u00e1quina de recubrimiento de man\u00ed<\/figcaption><\/figure>    <p>Su tambor giratorio robusto, equipado con paletas ajustables y boquillas en aerosol, gira suavemente el man\u00ed mientras aplica recubrimientos de manera uniforme, minimizando los desechos y maximizando la adherencia al sabor. <\/p>    <p class=\"translation-block\">Con una \u200b<strong>capacidad de 100\u2013120 kg\/h<\/strong>, esta unidad vers\u00e1til se adapta a operaciones de peque\u00f1a y mediana escala, optimizando flujos de trabajo mientras mantiene estrictos est\u00e1ndares de higiene a trav\u00e9s de su construcci\u00f3n en acero inoxidable de grado alimenticio. <\/p>    <figure class=\"wp-block-image size-full\"><img loading=\"lazy\" decoding=\"async\" width=\"720\" height=\"540\" src=\"https:\/\/bestpeanutmachine.com\/wp-content\/uploads\/2023\/05\/coated-peanut-machine.jpg\" alt=\"m\u00e1quina de recubrimiento de man\u00ed comercial\" class=\"wp-image-147\" srcset=\"https:\/\/bestpeanutmachine.com\/wp-content\/uploads\/2023\/05\/coated-peanut-machine.jpg 720w, https:\/\/bestpeanutmachine.com\/wp-content\/uploads\/2023\/05\/coated-peanut-machine-300x225.jpg 300w\" sizes=\"auto, (max-width: 720px) 100vw, 720px\" \/><figcaption class=\"wp-element-caption\">m\u00e1quina de recubrimiento de man\u00ed comercial<\/figcaption><\/figure>    <h2 class=\"wp-block-heading\">Principio de funcionamiento de una m\u00e1quina recubridora de man\u00ed. <\/h2>    <div class=\"wp-block-media-text is-stacked-on-mobile\"><figure class=\"wp-block-media-text__media\"><img loading=\"lazy\" decoding=\"async\" width=\"720\" height=\"540\" src=\"https:\/\/bestpeanutmachine.com\/wp-content\/uploads\/2023\/05\/commercial-groundnut-coating-machine.webp\" alt=\"m\u00e1quina comercial de recubrimiento de man\u00ed\" class=\"wp-image-198 size-full\" srcset=\"https:\/\/bestpeanutmachine.com\/wp-content\/uploads\/2023\/05\/commercial-groundnut-coating-machine.webp 720w, https:\/\/bestpeanutmachine.com\/wp-content\/uploads\/2023\/05\/commercial-groundnut-coating-machine-300x225.webp 300w, https:\/\/bestpeanutmachine.com\/wp-content\/uploads\/2023\/05\/commercial-groundnut-coating-machine-16x12.webp 16w\" sizes=\"auto, (max-width: 720px) 100vw, 720px\" \/><\/figure><div class=\"wp-block-media-text__content\"> <ul class=\"wp-block-list\"> <li><strong>Cargando<\/strong>. Los cacahuetes se alimentan a la m\u00e1quina a trav\u00e9s de una tolva o sistema de transporte, calibrados para manejar las capacidades hasta<strong>100\u2013120 kg\/h<\/strong>, asegurando un procesamiento de lotes eficiente.<\/li>    <li>\u200b<strong>Rotaci\u00f3n de tambores<\/strong>. Los cacahuetes ingresan a un tambor o vaso giratorio, donde la rotaci\u00f3n suave pero consistente previene el da\u00f1o mientras promueve un movimiento uniforme. Las velocidades de rotaci\u00f3n ajustables acomodan diferentes tama\u00f1os de man\u00ed y viscosidades de recubrimiento.<\/li> <\/ul> <\/div><\/div>    <div class=\"wp-block-media-text has-media-on-the-right is-stacked-on-mobile\"><div class=\"wp-block-media-text__content\"> <ul class=\"wp-block-list\"> <li><strong>Aplicaci\u00f3n de recubrimiento<\/strong>. Los recubrimientos l\u00edquidos o en polvo (por ejemplo, chocolate, especias, jarabe) se aplican a trav\u00e9s de boquillas o dispensadores de pulverizaci\u00f3n de precisi\u00f3n, atomizando l\u00edquidos en nieblas finas o dispersando uniformemente mezclas secas para la cobertura de la superficie completa durante la ca\u00edda.<\/li>    <li><strong>Mezcla y adhesi\u00f3n<\/strong>. El movimiento de volteo garantiza que los cacahuetes chocen, incrustando los recubrimientos sin problemas. Las paletas o deflectores incorporados intensifican la agitaci\u00f3n, erradican los grupos y garantizan el grosor de la capa uniforme.<\/li> <\/ul> <\/div><figure class=\"wp-block-media-text__media\"><img loading=\"lazy\" decoding=\"async\" width=\"720\" height=\"540\" src=\"https:\/\/bestpeanutmachine.com\/wp-content\/uploads\/2023\/05\/Peanut-Coating-Machine-for-business.webp\" alt=\"M\u00e1quina de recubrimiento de man\u00ed para empresas\" class=\"wp-image-199 size-full\" srcset=\"https:\/\/bestpeanutmachine.com\/wp-content\/uploads\/2023\/05\/Peanut-Coating-Machine-for-business.webp 720w, https:\/\/bestpeanutmachine.com\/wp-content\/uploads\/2023\/05\/Peanut-Coating-Machine-for-business-300x225.webp 300w, https:\/\/bestpeanutmachine.com\/wp-content\/uploads\/2023\/05\/Peanut-Coating-Machine-for-business-16x12.webp 16w\" sizes=\"auto, (max-width: 720px) 100vw, 720px\" \/><\/figure><\/div>    <div class=\"wp-block-media-text is-stacked-on-mobile\"><figure class=\"wp-block-media-text__media\"><img loading=\"lazy\" decoding=\"async\" width=\"720\" height=\"540\" src=\"https:\/\/bestpeanutmachine.com\/wp-content\/uploads\/2023\/05\/automatic-groundnut-coating-machine.webp\" alt=\"m\u00e1quina autom\u00e1tica de recubrimiento de man\u00ed\" class=\"wp-image-197 size-full\" srcset=\"https:\/\/bestpeanutmachine.com\/wp-content\/uploads\/2023\/05\/automatic-groundnut-coating-machine.webp 720w, https:\/\/bestpeanutmachine.com\/wp-content\/uploads\/2023\/05\/automatic-groundnut-coating-machine-300x225.webp 300w, https:\/\/bestpeanutmachine.com\/wp-content\/uploads\/2023\/05\/automatic-groundnut-coating-machine-16x12.webp 16w\" sizes=\"auto, (max-width: 720px) 100vw, 720px\" \/><\/figure><div class=\"wp-block-media-text__content\"> <ul class=\"wp-block-list\"> <li><strong>Flujo de aire y secado<\/strong>. Un sistema de flujo de aire incorporado ofrece aire dirigido para despojar el exceso de recubrimiento y acelerar el secado, asegurando una textura n\u00edtida y una superficie no pegajosa mientras se extiende la vida \u00fatil del estante.<\/li>    <li><strong>Controles personalizados<\/strong>. Los operadores ajustan la velocidad del tambor, la temperatura, la intensidad de pulverizaci\u00f3n y el flujo de aire a trav\u00e9s de un panel intuitivo, lo que permite ajustes en tiempo real al grosor de recubrimiento, textura y ciclos de secado para una ejecuci\u00f3n precisa de las recetas.<\/li> <\/ul> <\/div><\/div>    <div class=\"wp-block-media-text has-media-on-the-right is-stacked-on-mobile\"><div class=\"wp-block-media-text__content\"> <ul class=\"wp-block-list\"> <li><strong>Descarga y embalaje<\/strong>. Los cacahuetes recubiertos terminados salen a trav\u00e9s de una rampa de descarga, listos para empaques inmediatos o procesamiento adicional (por ejemplo, enfriamiento, condimento). El flujo de trabajo perfecto minimiza el tiempo de inactividad y maximiza el rendimiento.<\/li> <\/ul> <\/div><figure class=\"wp-block-media-text__media\"><img loading=\"lazy\" decoding=\"async\" width=\"720\" height=\"540\" src=\"https:\/\/bestpeanutmachine.com\/wp-content\/uploads\/2023\/05\/peanut-coating-machine-price.webp\" alt=\"precio de la m\u00e1quina de recubrimiento de man\u00ed\" class=\"wp-image-304 size-full\" srcset=\"https:\/\/bestpeanutmachine.com\/wp-content\/uploads\/2023\/05\/peanut-coating-machine-price.webp 720w, https:\/\/bestpeanutmachine.com\/wp-content\/uploads\/2023\/05\/peanut-coating-machine-price-300x225.webp 300w, https:\/\/bestpeanutmachine.com\/wp-content\/uploads\/2023\/05\/peanut-coating-machine-price-16x12.webp 16w\" sizes=\"auto, (max-width: 720px) 100vw, 720px\" \/><\/figure><\/div>    <p>Al combinar la precisi\u00f3n mec\u00e1nica, la automatizaci\u00f3n ajustable y la construcci\u00f3n higi\u00e9nica de grado alimenticio, la m\u00e1quina garantiza al man\u00ed recubierto de alta calidad con desechos m\u00ednimos, atendiendo las demandas de producci\u00f3n de bocadillos artesanales e industriales.<\/p>    <h2 class=\"wp-block-heading\">Aplicaciones de una m\u00e1quina recubridora de man\u00ed <\/h2>    <p>La m\u00e1quina de recubrimiento de man\u00ed es un activo vers\u00e1til en la industria de procesamiento de alimentos, lo que permite la creaci\u00f3n de una amplia gama de bocadillos recubiertos adaptados a las preferencias de los consumidores y las demandas del mercado. Sus aplicaciones abarcan m\u00faltiples sectores:<\/p>    <div class=\"wp-block-media-text is-stacked-on-mobile\"><figure class=\"wp-block-media-text__media\"><img loading=\"lazy\" decoding=\"async\" width=\"720\" height=\"540\" src=\"https:\/\/bestpeanutmachine.com\/wp-content\/uploads\/2023\/05\/applications-of-peanut-coating-machine.jpg\" alt=\"Aplicaciones de la m\u00e1quina de recubrimiento de man\u00ed.\" class=\"wp-image-144 size-full\" srcset=\"https:\/\/bestpeanutmachine.com\/wp-content\/uploads\/2023\/05\/applications-of-peanut-coating-machine.jpg 720w, https:\/\/bestpeanutmachine.com\/wp-content\/uploads\/2023\/05\/applications-of-peanut-coating-machine-300x225.jpg 300w\" sizes=\"auto, (max-width: 720px) 100vw, 720px\" \/><\/figure><div class=\"wp-block-media-text__content\"> <ul class=\"wp-block-list\"> <li><strong>Producci\u00f3n de bocadillos con sabor<\/strong> <ul class=\"wp-block-list\"> <li>\u200b<strong>Variantes dulces<\/strong>. Cubra los man\u00ed con chocolate, caramelo, miel o az\u00facar para golosinas confitadas.<\/li>    <li>\u200b<strong>Opciones sabrosas y picantes<\/strong>. Aplique condimentos como sal, barbacoa, chile o queso en polvo para crear bocadillos audaces y salados.<\/li>    <li>\u200b<strong>Mezclas innovadoras<\/strong>. Experimente con sabores de fusi\u00f3n (por ejemplo, miel-arrendra, sal de chocolate-mar) para atender a los nicho de los mercados.<\/li> <\/ul> <\/li> <\/ul> <\/div><\/div>    <div class=\"wp-block-media-text has-media-on-the-right is-stacked-on-mobile\"><div class=\"wp-block-media-text__content\"> <ul class=\"wp-block-list\"> <li><strong>Confiter\u00eda y panader\u00eda ingredientes<\/strong> <ul class=\"wp-block-list\"> <li>Suministra cacahuetes recubiertos como ingredientes para helados, postres o productos horneados (por ejemplo, galletas, pasteles).<\/li>    <li>Producir man\u00ed ba\u00f1ado en chocolate para cajas de regalo gourmet o golosinas con temas navide\u00f1os.<\/li> <\/ul> <\/li> <\/ul> <\/div><figure class=\"wp-block-media-text__media\"><img loading=\"lazy\" decoding=\"async\" width=\"720\" height=\"540\" src=\"https:\/\/bestpeanutmachine.com\/wp-content\/uploads\/2023\/05\/chocolate-peanuts.webp\" alt=\"cacahuetes de chocolate\" class=\"wp-image-200 size-full\" srcset=\"https:\/\/bestpeanutmachine.com\/wp-content\/uploads\/2023\/05\/chocolate-peanuts.webp 720w, https:\/\/bestpeanutmachine.com\/wp-content\/uploads\/2023\/05\/chocolate-peanuts-300x225.webp 300w, https:\/\/bestpeanutmachine.com\/wp-content\/uploads\/2023\/05\/chocolate-peanuts-16x12.webp 16w\" sizes=\"auto, (max-width: 720px) 100vw, 720px\" \/><\/figure><\/div>    <div class=\"wp-block-media-text is-stacked-on-mobile\"><figure class=\"wp-block-media-text__media\"><img loading=\"lazy\" decoding=\"async\" width=\"720\" height=\"540\" src=\"https:\/\/bestpeanutmachine.com\/wp-content\/uploads\/2023\/05\/coated-peanut.webp\" alt=\"man\u00ed recubierto\" class=\"wp-image-201 size-full\" srcset=\"https:\/\/bestpeanutmachine.com\/wp-content\/uploads\/2023\/05\/coated-peanut.webp 720w, https:\/\/bestpeanutmachine.com\/wp-content\/uploads\/2023\/05\/coated-peanut-300x225.webp 300w, https:\/\/bestpeanutmachine.com\/wp-content\/uploads\/2023\/05\/coated-peanut-16x12.webp 16w\" sizes=\"auto, (max-width: 720px) 100vw, 720px\" \/><\/figure><div class=\"wp-block-media-text__content\"> <ul class=\"wp-block-list\"> <li>\u200b<strong>Fabricaci\u00f3n a escala industrial<\/strong> <ul class=\"wp-block-list\"> <li>Apoya la producci\u00f3n de alto volumen para supermercados, mercados de exportaci\u00f3n o marcas de etiqueta privada con una calidad consistente.<\/li>    <li>Adaptarse a recetas personalizadas o formulaciones privadas, ideales para asociaciones OEM\/ODM.<\/li> <\/ul> <\/li>    <li>\u200b<strong>Dietas especializadas<\/strong> <ul class=\"wp-block-list\"> <li>Cree recubrimientos veganos, sin gluten o bajos en az\u00facar para alinearse con las tendencias diet\u00e9ticas.<\/li> <\/ul> <\/li> <\/ul> <\/div><\/div>    <p class=\"translation-block\">Equipado con \u200b<strong>construcci\u00f3n de acero inoxidable de grado alimenticio<\/strong> y par\u00e1metros ajustables, la m\u00e1quina asegura el cumplimiento de los est\u00e1ndares de higiene mientras se adapta a diversas texturas, viscosidades y tama\u00f1os de lote. <\/p>    <p>Desde nuevas empresas de bocadillos artesanales hasta procesadores de alimentos a gran escala, permite a las empresas innovar, escalar de manera eficiente y cumplir con los gustos de consumo en evoluci\u00f3n con los productos de man\u00ed recubiertos premium.<\/p>    <h2 class=\"wp-block-heading\">Par\u00e1metros de la m\u00e1quina recubridora de man\u00ed.<\/h2>    <figure class=\"wp-block-table\"><table><tbody><tr><td>Modelo<\/td><td>TZ-800<\/td><td>TZ-900<\/td><\/tr><tr><td>Di\u00e1metro de la sart\u00e9n<\/td><td>Di\u00e1metro exterior: 777 mm<br>Di\u00e1metro interior: 700 mm<\/td><td>900 mm<\/td><\/tr><tr><td>Capacidad<\/td><td>100 kg\/h<\/td><td>120 kg\/h<\/td><\/tr><tr><td>Fuerza<\/td><td>1,5 kw<\/td><td>1,5 kw<\/td><\/tr><tr><td>Dimensi\u00f3n<\/td><td>1000 mm \u00d7 900 mm \u00d7 1100 mm<\/td><td>1100 mm \u00d7 900 mm \u00d7 1500 mm<\/td><\/tr><tr><td>Peso<\/td><td>200 kilos<\/td><td>220 kilos<\/td><\/tr><tr><td>Potencia de calentamiento el\u00e9ctrico<\/td><td>6kw<\/td><td>8kw<\/td><\/tr><\/tbody><\/table><figcaption class=\"wp-element-caption\">Par\u00e1metros de la m\u00e1quina de recubrimiento de man\u00ed<\/figcaption><\/figure>    <h2 class=\"wp-block-heading\">L\u00ednea de producci\u00f3n autom\u00e1tica de m\u00e1quinas para fabricar man\u00ed recubierto <\/h2>    <p>Esta l\u00ednea integrada optimiza la fabricaci\u00f3n de man\u00ed recubierta a gran escala con precisi\u00f3n y eficiencia. Las etapas clave incluyen:<\/p>    <div class=\"wp-block-media-text is-stacked-on-mobile\"><figure class=\"wp-block-media-text__media\"><img loading=\"lazy\" decoding=\"async\" width=\"720\" height=\"540\" src=\"https:\/\/bestpeanutmachine.com\/wp-content\/uploads\/2023\/05\/coated-peanut-production-line.jpg\" alt=\"l\u00ednea de producci\u00f3n de man\u00ed recubierto\" class=\"wp-image-145 size-full\" srcset=\"https:\/\/bestpeanutmachine.com\/wp-content\/uploads\/2023\/05\/coated-peanut-production-line.jpg 720w, https:\/\/bestpeanutmachine.com\/wp-content\/uploads\/2023\/05\/coated-peanut-production-line-300x225.jpg 300w\" sizes=\"auto, (max-width: 720px) 100vw, 720px\" \/><\/figure><div class=\"wp-block-media-text__content\"> <ul class=\"wp-block-list\"> <li><strong>Limpieza y clasificaci\u00f3n<\/strong>\u00a0-Elimina las impurezas para las nueces de calidad superior.<\/li>    <li>\u200b<strong><a href=\"https:\/\/bestpeanutmachine.com\/es\/product\/peanut-roasting-machine\/\">Asado<\/a><\/strong>\u00a0- Los perfiles de temperatura ajustables mejoran el sabor y la textura.<\/li>    <li>\u200b<strong>Revestimiento<\/strong>\u00a0- Core Machine aplica chocolate, especias o esmaltes a trav\u00e9s de boquillas o dispensadores de aerosol, asegurando una cobertura uniforme en un tambor giratorio.<\/li>    <li>\u200b<strong>Enfriamiento\/secado<\/strong>\u00a0- Estabiliza los recubrimientos para la crujiente y la vida \u00fatil.<\/li>    <li>\u200b<strong>Embalaje<\/strong>\u00a0- Porci\u00f3n de sistemas automatizados en man\u00ed en bolsas o contenedores a granel.<\/li> <\/ul> <\/div><\/div>    <p>Dise\u00f1ado para marcas de confiter\u00eda y fabricantes de refrigerios, esta soluci\u00f3n llave en mano ofrece productos consistentes y listos para el mercado con desechos m\u00ednimos y escalabilidad r\u00e1pida.<\/p>    <h2 class=\"wp-block-heading\">Un caso exitoso de m\u00e1quina recubridora de man\u00ed<\/h2>    <p>En Arabia Saudita, una empresa de procesamiento de alimentos mejor\u00f3 la eficiencia de producci\u00f3n y la calidad del producto utilizando nuestra avanzada m\u00e1quina de recubrimiento de man\u00ed. Su velocidad de rotaci\u00f3n ajustable y su configuraci\u00f3n de pulverizaci\u00f3n precisa aseguraron recubrimientos uniformes, mejorando el sabor y la apariencia de man\u00ed. <\/p>    <p>Las caracter\u00edsticas de automatizaci\u00f3n y personalizaci\u00f3n de la m\u00e1quina permitieron una f\u00e1cil escala de la producci\u00f3n al tiempo que mantienen altos est\u00e1ndares. Esta inversi\u00f3n aument\u00f3 la eficiencia operativa y le dio a la compa\u00f1\u00eda una ventaja del mercado, destacando los beneficios de la tecnolog\u00eda moderna de recubrimiento de man\u00ed.<\/p>    <figure class=\"wp-block-image size-large\"><img loading=\"lazy\" decoding=\"async\" width=\"720\" height=\"540\" src=\"https:\/\/bestpeanutmachine.com\/wp-content\/uploads\/2023\/05\/Peanut-Coating-Machine-for-sale.webp\" alt=\"M\u00e1quina de recubrimiento de man\u00ed a la venta\" class=\"wp-image-203\" srcset=\"https:\/\/bestpeanutmachine.com\/wp-content\/uploads\/2023\/05\/Peanut-Coating-Machine-for-sale.webp 720w, https:\/\/bestpeanutmachine.com\/wp-content\/uploads\/2023\/05\/Peanut-Coating-Machine-for-sale-300x225.webp 300w, https:\/\/bestpeanutmachine.com\/wp-content\/uploads\/2023\/05\/Peanut-Coating-Machine-for-sale-16x12.webp 16w\" sizes=\"auto, (max-width: 720px) 100vw, 720px\" \/><figcaption class=\"wp-element-caption\">M\u00e1quina de recubrimiento de man\u00ed a la venta<\/figcaption><\/figure>    <h2 class=\"wp-block-heading\">\u00a1Deja tu mensaje!<\/h2>    <p class=\"translation-block\">Estamos comprometidos a proporcionar a nuestros clientes las soluciones de recubrimiento de <a href=\"https:\/\/en.wikipedia.org\/wiki\/Groundnut\" data-type=\"link\" data-id=\"https:\/\/en.wikipedia.org\/wiki\/Groundnut\" target=\"_blank\" rel=\"noopener\">cacahuetes<\/a> de la m\u00e1s alta calidad. Si tiene alguna pregunta o desea obtener m\u00e1s informaci\u00f3n sobre nuestra m\u00e1quina de recubrimiento de cacahuetes, no dude en dejar un mensaje a continuaci\u00f3n. Nuestro equipo se pondr\u00e1 en contacto con usted r\u00e1pidamente para brindar asistencia y apoyo profesional. <\/p>    <p>Esperamos colaborar con usted para mejorar la eficiencia de su producci\u00f3n y la calidad del producto. \u00a1Deje su informaci\u00f3n a continuaci\u00f3n y perm\u00edtanos ayudarlo a alcanzar la excelencia en sus objetivos de producci\u00f3n!<\/p>    <figure class=\"wp-block-image size-full\"><img loading=\"lazy\" decoding=\"async\" width=\"720\" height=\"540\" src=\"https:\/\/bestpeanutmachine.com\/wp-content\/uploads\/2023\/05\/nut-coating-machine.webp\" alt=\"m\u00e1quina de recubrimiento de nueces\" class=\"wp-image-303\" srcset=\"https:\/\/bestpeanutmachine.com\/wp-content\/uploads\/2023\/05\/nut-coating-machine.webp 720w, https:\/\/bestpeanutmachine.com\/wp-content\/uploads\/2023\/05\/nut-coating-machine-300x225.webp 300w, https:\/\/bestpeanutmachine.com\/wp-content\/uploads\/2023\/05\/nut-coating-machine-16x12.webp 16w\" sizes=\"auto, (max-width: 720px) 100vw, 720px\" \/><figcaption class=\"wp-element-caption\">m\u00e1quina de recubrimiento de nueces<\/figcaption><\/figure>","protected":false},"excerpt":{"rendered":"<p>La m\u00e1quina de recubrimiento de man\u00ed es una soluci\u00f3n dise\u00f1ada con precisi\u00f3n para los fabricantes de alimentos que buscan elevar la producci\u00f3n de bocadillos con recubrimientos con sabor consistentes y de alta calidad. <\/p>","protected":false},"author":1,"featured_media":148,"parent":0,"template":"","tags":[13,12,11],"product-type":[69,6],"class_list":["post-142","product","type-product","status-publish","has-post-thumbnail","hentry","tag-coating-machine","tag-groundnut","tag-peanut","product-type-peanut-machine","product-type-product"],"_links":{"self":[{"href":"https:\/\/bestpeanutmachine.com\/es\/wp-json\/wp\/v2\/product\/142","targetHints":{"allow":["GET"]}}],"collection":[{"href":"https:\/\/bestpeanutmachine.com\/es\/wp-json\/wp\/v2\/product"}],"about":[{"href":"https:\/\/bestpeanutmachine.com\/es\/wp-json\/wp\/v2\/types\/product"}],"author":[{"embeddable":true,"href":"https:\/\/bestpeanutmachine.com\/es\/wp-json\/wp\/v2\/users\/1"}],"wp:featuredmedia":[{"embeddable":true,"href":"https:\/\/bestpeanutmachine.com\/es\/wp-json\/wp\/v2\/media\/148"}],"wp:attachment":[{"href":"https:\/\/bestpeanutmachine.com\/es\/wp-json\/wp\/v2\/media?parent=142"}],"wp:term":[{"taxonomy":"post_tag","embeddable":true,"href":"https:\/\/bestpeanutmachine.com\/es\/wp-json\/wp\/v2\/tags?post=142"},{"taxonomy":"product-type","embeddable":true,"href":"https:\/\/bestpeanutmachine.com\/es\/wp-json\/wp\/v2\/product-type?post=142"}],"curies":[{"name":"wp","href":"https:\/\/api.w.org\/{rel}","templated":true}]}}