{"id":33,"date":"2022-08-25T02:28:06","date_gmt":"2022-08-24T18:28:06","guid":{"rendered":"https:\/\/bestpeanutmachine.com\/?post_type=product&#038;p=33"},"modified":"2025-08-28T10:25:41","modified_gmt":"2025-08-28T02:25:41","slug":"peanut-harvesting-machine","status":"publish","type":"product","link":"https:\/\/bestpeanutmachine.com\/es\/product\/peanut-harvesting-machine\/","title":{"rendered":"M\u00e1quina cosechadora de man\u00ed"},"content":{"rendered":"<p class=\"translation-block\">La <strong>m\u00e1quina cosechadora de cacahuetes<\/strong> est\u00e1 especialmente dise\u00f1ada para desenterrar cacahuetes de la tierra. Generalmente, la cosechadora de cacahuetes se monta en un tractor de 20 ~35hp. Puede cosechar cacahuetes de forma autom\u00e1tica y eficiente. <\/p>    <p>La cosechadora de man\u00ed tiene una eficiencia bastante alta y puede procesar un \u00e1rea de 1300 ~ 2000 metros cuadrados. Adem\u00e1s, esta m\u00e1quina tiene una tasa de rotura muy baja, inferior a 1%. Al mismo tiempo, el equipo de recolecci\u00f3n de man\u00ed tiene una tasa de limpieza superior a 95%. <\/p>    <p>Tambi\u00e9n ahorra energ\u00eda y tiene un precio asequible. La m\u00e1quina es muy adecuada para sus granjas. Si est\u00e1 buscando una peque\u00f1a cosechadora de man\u00ed confiable, cont\u00e1ctenos para obtener una lista de precios gratuita.<\/p>    <figure class=\"wp-block-embed is-type-video is-provider-youtube wp-block-embed-youtube wp-embed-aspect-16-9 wp-has-aspect-ratio\"><div class=\"wp-block-embed__wrapper\"> <iframe loading=\"lazy\" title=\"El arte del mantenimiento: mantener las cosechadoras de man\u00ed funcionando sin problemas #farming #peanut #groundnut\" width=\"500\" height=\"281\" src=\"https:\/\/www.youtube.com\/embed\/uj-5wb4jFbk?start=44&#038;feature=oembed\" frameborder=\"0\" allow=\"accelerometer; autoplay; clipboard-write; encrypted-media; gyroscope; picture-in-picture; web-share\" referrerpolicy=\"strict-origin-when-cross-origin\" allowfullscreen><\/iframe> <\/div><figcaption class=\"wp-element-caption\">V\u00eddeo de funcionamiento de la m\u00e1quina recolectora de man\u00ed<\/figcaption><\/figure>    <h2 class=\"wp-block-heading\" id=\"h-benefits-of-taizy-groundnut-harvester-machine\">Beneficios de la m\u00e1quina cosechadora de man\u00ed TAIZY<\/h2>    <ol class=\"wp-block-list\"> <li>La m\u00e1quina cosechadora de man\u00ed puede operarse de manera flexible incluso en campos acuosos para satisfacer diferentes condiciones del campo.<\/li>    <li>\u00a0Despu\u00e9s de la cosecha sin impurezas, la criba vibratoria desempe\u00f1a un papel esencial en la recolecci\u00f3n del man\u00ed y puede hacer que el producto sea m\u00e1s limpio.<\/li>    <li>La cosechadora de man\u00ed a la venta tiene una alta eficiencia de trabajo y ahorra mucho tiempo de mano de obra. Mientras tanto, podemos operar la m\u00e1quina f\u00e1cilmente.<\/li>    <li>La tasa de recolecci\u00f3n de la cosechadora autom\u00e1tica de man\u00ed es \u2265 98%, alta eficiencia.<\/li>    <li>Al palear la tierra en un \u00e1ngulo espec\u00edfico, la hoja afilada puede cosechar completamente la fruta. As\u00ed que no te preocupes porque todav\u00eda queda mucha fruta en el suelo.<\/li>    <li>Las pl\u00e1ntulas de man\u00ed se cosechan y se transportan r\u00e1pidamente a la salida trasera mediante cadenas de rodillos para evitar que caigan al suelo. \u00a0<\/li> <\/ol>    <figure class=\"wp-block-image size-full\"><img loading=\"lazy\" decoding=\"async\" width=\"720\" height=\"540\" src=\"https:\/\/bestpeanutmachine.com\/wp-content\/uploads\/2022\/08\/peanut-harvester-machine.jpg\" alt=\"m\u00e1quina cosechadora de man\u00ed\" class=\"wp-image-84\" srcset=\"https:\/\/bestpeanutmachine.com\/wp-content\/uploads\/2022\/08\/peanut-harvester-machine.jpg 720w, https:\/\/bestpeanutmachine.com\/wp-content\/uploads\/2022\/08\/peanut-harvester-machine-300x225.jpg 300w\" sizes=\"auto, (max-width: 720px) 100vw, 720px\" \/><figcaption class=\"wp-element-caption\">m\u00e1quina cosechadora de man\u00ed<\/figcaption><\/figure>    <h2 class=\"wp-block-heading\" id=\"h-parameters-of-taizy-peanut-harvesting-machine\">Par\u00e1metros de la m\u00e1quina cosechadora de man\u00ed TAIZY<\/h2>    <figure class=\"wp-block-table\"><table><tbody><tr><td>Modelo<\/td><td>HS-800<\/td><\/tr><tr><td>Fuerza<\/td><td>Tractor de 20-35 CV<\/td><\/tr><tr><td>Capacidad<\/td><td>1300-2000m2\/hora<\/td><\/tr><tr><td>Ancho de cosecha<\/td><td>800 mm<\/td><\/tr><tr><td>Peso<\/td><td>280 kilos<\/td><\/tr><tr><td>Tama\u00f1o<\/td><td>2100*1050*1030mm<\/td><\/tr><tr><td>Tasa de embalaje<\/td><td>\u226598%<\/td><\/tr><tr><td>Tasa de ruptura<\/td><td>\u22641%<\/td><\/tr><tr><td>Tasa de limpieza<\/td><td>\u226595%<\/td><\/tr><tr><td>Ancho de la cosechadora<\/td><td>dos filas<\/td><\/tr><tr><td>Distancia entre filas<\/td><td>750-850 mm<\/td><\/tr><tr><td>Distancia entre filas<\/td><td>180-250 mm<\/td><\/tr><tr><td>Dimensi\u00f3n<\/td><td>2100*1050*1030mm<\/td><\/tr><\/tbody><\/table><figcaption class=\"wp-element-caption\">Par\u00e1metros de la m\u00e1quina cosechadora de man\u00ed<\/figcaption><\/figure>    <h2 class=\"wp-block-heading\" id=\"h-what-machine-is-used-to-harvest-peanuts\">\u00bfQu\u00e9 m\u00e1quina se utiliza para cosechar man\u00ed?<\/h2>    <p>La m\u00e1quina cosechadora de man\u00ed est\u00e1 dise\u00f1ada para cosechar man\u00ed autom\u00e1ticamente. En resumen, el principio de funcionamiento es recoger man\u00ed del suelo con una pala. <\/p>    <p>Despu\u00e9s de una serie de acciones, la mayor\u00eda de los trozos de tierra se rompen y los cacahuetes con enredaderas se esparcen por los campos. La cosechadora de man\u00ed tiene las caracter\u00edsticas de alta eficiencia, rendimiento estable y f\u00e1cil operaci\u00f3n.<\/p>    <figure class=\"wp-block-image size-full\"><img loading=\"lazy\" decoding=\"async\" width=\"720\" height=\"540\" src=\"https:\/\/bestpeanutmachine.com\/wp-content\/uploads\/2022\/08\/ground-nut-harvesting-equipment.jpg\" alt=\"equipo de recolecci\u00f3n de man\u00ed\" class=\"wp-image-85\" srcset=\"https:\/\/bestpeanutmachine.com\/wp-content\/uploads\/2022\/08\/ground-nut-harvesting-equipment.jpg 720w, https:\/\/bestpeanutmachine.com\/wp-content\/uploads\/2022\/08\/ground-nut-harvesting-equipment-300x225.jpg 300w\" sizes=\"auto, (max-width: 720px) 100vw, 720px\" \/><figcaption class=\"wp-element-caption\">equipo de recolecci\u00f3n de man\u00ed<\/figcaption><\/figure>    <h2 class=\"wp-block-heading\" id=\"h-how-does-a-peanut-harvester-work\">\u00bfC\u00f3mo funciona una cosechadora de man\u00ed?<\/h2>    <p>Durante la operaci\u00f3n, la pala recoge el man\u00ed junto con la tierra. Bajo la acci\u00f3n de la rueda de lanzamiento y de la rueda de transferencia, la tierra se rompe y se filtra parcialmente. Luego, se expulsa continuamente mediante los dedos de 3 ruedas indexadoras. <\/p>    <p>Los finos terrones de tierra y las part\u00edculas de tierra rotas se descargan a trav\u00e9s de la rejilla de varilla curva. Las vainas de man\u00ed y una peque\u00f1a cantidad de ra\u00edces finas y tierra fina se arrojan a la criba oscilante. La tierra fina se expulsa a trav\u00e9s de los agujeros del tamiz. Las vainas de man\u00ed se deslizan a trav\u00e9s del colador hacia la caja de fruta.<\/p>    <figure class=\"wp-block-gallery has-nested-images columns-default is-cropped wp-block-gallery-2 is-layout-flex wp-block-gallery-is-layout-flex\"> <figure class=\"wp-block-image size-large\"><img loading=\"lazy\" decoding=\"async\" width=\"720\" height=\"540\" data-id=\"236\" src=\"https:\/\/bestpeanutmachine.com\/wp-content\/uploads\/2022\/08\/automatic-Peanut-Harvesting-Machine.webp\" alt=\"Cosechadora autom\u00e1tica de man\u00ed\" class=\"wp-image-236\" srcset=\"https:\/\/bestpeanutmachine.com\/wp-content\/uploads\/2022\/08\/automatic-Peanut-Harvesting-Machine.webp 720w, https:\/\/bestpeanutmachine.com\/wp-content\/uploads\/2022\/08\/automatic-Peanut-Harvesting-Machine-300x225.webp 300w, https:\/\/bestpeanutmachine.com\/wp-content\/uploads\/2022\/08\/automatic-Peanut-Harvesting-Machine-16x12.webp 16w\" sizes=\"auto, (max-width: 720px) 100vw, 720px\" \/><figcaption class=\"wp-element-caption\">Cosechadora autom\u00e1tica de man\u00ed<\/figcaption><\/figure>    <figure class=\"wp-block-image size-large\"><img loading=\"lazy\" decoding=\"async\" width=\"720\" height=\"540\" data-id=\"237\" src=\"https:\/\/bestpeanutmachine.com\/wp-content\/uploads\/2022\/08\/best-Peanut-Harvesting-Machine.webp\" alt=\"La mejor m\u00e1quina cosechadora de man\u00ed\" class=\"wp-image-237\" srcset=\"https:\/\/bestpeanutmachine.com\/wp-content\/uploads\/2022\/08\/best-Peanut-Harvesting-Machine.webp 720w, https:\/\/bestpeanutmachine.com\/wp-content\/uploads\/2022\/08\/best-Peanut-Harvesting-Machine-300x225.webp 300w, https:\/\/bestpeanutmachine.com\/wp-content\/uploads\/2022\/08\/best-Peanut-Harvesting-Machine-16x12.webp 16w\" sizes=\"auto, (max-width: 720px) 100vw, 720px\" \/><figcaption class=\"wp-element-caption\">La mejor m\u00e1quina cosechadora de man\u00ed<\/figcaption><\/figure> <\/figure>    <p>Esta cosechadora es adecuada para suelos franco arenosos con un contenido de humedad de 10% a 18%. Otro tipo de cosechadora de man\u00ed en rama se utiliza para cosechar man\u00ed en rama recta. Su pala excavadora recoge los cacahuetes junto con la tierra, sube hasta la cadena de elevaci\u00f3n, suelta algunos terrones y los canaliza, luego los entrega a las ruedas divisorias delanteras y traseras y a la rejilla de rejilla curva. <\/p>    <p>Despu\u00e9s de algunos lanzamientos, la mayor\u00eda de los trozos de tierra se rompen y separan, y los cacahuetes con enredaderas se env\u00edan a la cadena transportadora horizontal para ser esparcidos en los campos cosechados.\u00a0\u00a0\u00a0\u00a0<\/p>    <h2 class=\"wp-block-heading\">Comienza tu negocio ahora<\/h2>    <figure class=\"wp-block-gallery has-nested-images columns-default is-cropped wp-block-gallery-3 is-layout-flex wp-block-gallery-is-layout-flex\"> <figure class=\"wp-block-image size-large\"><img loading=\"lazy\" decoding=\"async\" width=\"720\" height=\"540\" data-id=\"238\" src=\"https:\/\/bestpeanutmachine.com\/wp-content\/uploads\/2022\/08\/commercial-Peanut-Harvesting-Machine.webp\" alt=\"M\u00e1quina cosechadora de man\u00ed comercial\" class=\"wp-image-238\" srcset=\"https:\/\/bestpeanutmachine.com\/wp-content\/uploads\/2022\/08\/commercial-Peanut-Harvesting-Machine.webp 720w, https:\/\/bestpeanutmachine.com\/wp-content\/uploads\/2022\/08\/commercial-Peanut-Harvesting-Machine-300x225.webp 300w, https:\/\/bestpeanutmachine.com\/wp-content\/uploads\/2022\/08\/commercial-Peanut-Harvesting-Machine-16x12.webp 16w\" sizes=\"auto, (max-width: 720px) 100vw, 720px\" \/><figcaption class=\"wp-element-caption\">M\u00e1quina cosechadora de man\u00ed comercial<\/figcaption><\/figure>    <figure class=\"wp-block-image size-large\"><img loading=\"lazy\" decoding=\"async\" width=\"720\" height=\"540\" data-id=\"239\" src=\"https:\/\/bestpeanutmachine.com\/wp-content\/uploads\/2022\/08\/Peanut-Harvesting-Machine-for-business.webp\" alt=\"M\u00e1quina cosechadora de man\u00ed para empresas\" class=\"wp-image-239\" srcset=\"https:\/\/bestpeanutmachine.com\/wp-content\/uploads\/2022\/08\/Peanut-Harvesting-Machine-for-business.webp 720w, https:\/\/bestpeanutmachine.com\/wp-content\/uploads\/2022\/08\/Peanut-Harvesting-Machine-for-business-300x225.webp 300w, https:\/\/bestpeanutmachine.com\/wp-content\/uploads\/2022\/08\/Peanut-Harvesting-Machine-for-business-16x12.webp 16w\" sizes=\"auto, (max-width: 720px) 100vw, 720px\" \/><figcaption class=\"wp-element-caption\">M\u00e1quina cosechadora de man\u00ed para empresas<\/figcaption><\/figure> <\/figure>    <p class=\"translation-block\">La m\u00e1quina cosechadora de cacahuetes es ideal para la <a href=\"https:\/\/en.wikipedia.org\/wiki\/Harvest\" data-type=\"link\" data-id=\"https:\/\/en.wikipedia.org\/wiki\/Harvest\" target=\"_blank\" rel=\"noopener\">cosecha<\/a> de cacahuetes a gran escala. Tiene caracter\u00edsticas de alta eficiencia, larga vida \u00fatil y buen rendimiento. La m\u00e1quina cosechadora de cacahuetes es un gran equipo para sus granjas. Esta cosechadora de man\u00ed de dos filas a la venta de TAIZY es bastante popular. Y se ha exportado con \u00e9xito a m\u00e1s de 30 pa\u00edses y regiones. <\/p>    <p class=\"translation-block\">Adem\u00e1s, ofrecemos una gama completa de m\u00e1quinas para cacahuetes, incluidas <a href=\"https:\/\/bestpeanutmachine.com\/es\/product\/peanut-picker-machine\/\" data-type=\"link\" data-id=\"https:\/\/bestpeanutmachine.com\/product\/peanut-picker-machine\/\">m\u00e1quinas recolectoras de cacahuetes<\/a>, <a href=\"https:\/\/bestpeanutmachine.com\/es\/product\/peanut-shelling-machine\/\" data-type=\"link\" data-id=\"https:\/\/bestpeanutmachine.com\/product\/peanut-shelling-machine\/\">m\u00e1quinas descascarilladoras de cacahuetes<\/a>, <a href=\"https:\/\/bestpeanutmachine.com\/es\/product\/peanut-peeling-machine\/\" data-type=\"link\" data-id=\"https:\/\/bestpeanutmachine.com\/product\/peanut-peeling-machine\/\">m\u00e1quinas peladoras de cacahuetes<\/a>, <a href=\"https:\/\/bestpeanutmachine.com\/es\/product\/peanut-roasting-machine\/\" data-type=\"link\" data-id=\"https:\/\/bestpeanutmachine.com\/product\/peanut-roasting-machine\/\">m\u00e1quinas tostadoras de cacahuetes<\/a>, etc. Todas nuestras m\u00e1quinas gozan de buena calidad y entrega r\u00e1pida. Bienvenido a contactarnos para obtener el mejor precio.<\/p>","protected":false},"excerpt":{"rendered":"<p>La m\u00e1quina recolectora de man\u00ed est\u00e1 especialmente dise\u00f1ada para desenterrar man\u00ed del suelo. Generalmente, la cosechadora de man\u00ed est\u00e1 montada en un tractor con 20 ~35hp. Puede cosechar man\u00ed de forma autom\u00e1tica y eficiente. <\/p>","protected":false},"author":1,"featured_media":83,"parent":0,"template":"","tags":[12,14,11,8],"product-type":[6,69],"class_list":["post-33","product","type-product","status-publish","has-post-thumbnail","hentry","tag-groundnut","tag-harvester","tag-peanut","tag-peanut-processing-machine","product-type-product","product-type-peanut-machine"],"_links":{"self":[{"href":"https:\/\/bestpeanutmachine.com\/es\/wp-json\/wp\/v2\/product\/33","targetHints":{"allow":["GET"]}}],"collection":[{"href":"https:\/\/bestpeanutmachine.com\/es\/wp-json\/wp\/v2\/product"}],"about":[{"href":"https:\/\/bestpeanutmachine.com\/es\/wp-json\/wp\/v2\/types\/product"}],"author":[{"embeddable":true,"href":"https:\/\/bestpeanutmachine.com\/es\/wp-json\/wp\/v2\/users\/1"}],"wp:featuredmedia":[{"embeddable":true,"href":"https:\/\/bestpeanutmachine.com\/es\/wp-json\/wp\/v2\/media\/83"}],"wp:attachment":[{"href":"https:\/\/bestpeanutmachine.com\/es\/wp-json\/wp\/v2\/media?parent=33"}],"wp:term":[{"taxonomy":"post_tag","embeddable":true,"href":"https:\/\/bestpeanutmachine.com\/es\/wp-json\/wp\/v2\/tags?post=33"},{"taxonomy":"product-type","embeddable":true,"href":"https:\/\/bestpeanutmachine.com\/es\/wp-json\/wp\/v2\/product-type?post=33"}],"curies":[{"name":"wp","href":"https:\/\/api.w.org\/{rel}","templated":true}]}}