{"id":35,"date":"2022-08-25T02:30:34","date_gmt":"2022-08-24T18:30:34","guid":{"rendered":"https:\/\/bestpeanutmachine.com\/?post_type=product&#038;p=35"},"modified":"2025-08-28T10:27:22","modified_gmt":"2025-08-28T02:27:22","slug":"peanut-peeling-machine","status":"publish","type":"product","link":"https:\/\/bestpeanutmachine.com\/es\/product\/peanut-peeling-machine\/","title":{"rendered":"Peladora de man\u00ed"},"content":{"rendered":"<p>La m\u00e1quina peladora de man\u00ed ofrece alta eficiencia y bajo desperdicio, lo que la convierte en el equipo ideal para quitar la piel del man\u00ed. Esta m\u00e1quina utiliza tecnolog\u00eda avanzada para lograr un pelado r\u00e1pido y uniforme mediante m\u00e9todos de pelado y fricci\u00f3n, asegurando que los cacahuetes permanezcan intactos. Su dise\u00f1o simple y compacto ocupa un espacio m\u00ednimo, lo que facilita su operaci\u00f3n y mantenimiento. <\/p>    <p>Adecuada para empresas procesadoras de alimentos de todos los tama\u00f1os, la m\u00e1quina peladora de man\u00ed no solo mejora la eficiencia de la producci\u00f3n sino que tambi\u00e9n reduce significativamente los costos de mano de obra, lo que la convierte en una herramienta indispensable en la industria procesadora de man\u00ed. Es una parte bastante importante de la l\u00ednea de elaboraci\u00f3n de mantequilla de man\u00ed y de la l\u00ednea de elaboraci\u00f3n de man\u00ed recubierto. <\/p>    <p>Como proveedor integral de m\u00e1quinas peladoras de man\u00ed, ofrecemos m\u00e1quinas peladoras de man\u00ed est\u00e1ndar y personalizadas con buen rendimiento y precios asequibles. Bienvenido a contactarnos para beneficiar su negocio.<\/p>    <figure class=\"wp-block-embed is-type-video is-provider-youtube wp-block-embed-youtube wp-embed-aspect-16-9 wp-has-aspect-ratio\"><div class=\"wp-block-embed__wrapper\"> <iframe loading=\"lazy\" title=\"Perfecci\u00f3n del man\u00ed: lograr resultados consistentes con nuestra m\u00e1quina peladora de vanguardia #peanuts\" width=\"500\" height=\"281\" src=\"https:\/\/www.youtube.com\/embed\/SPfiZD0FZFY?start=5&#038;feature=oembed\" frameborder=\"0\" allow=\"accelerometer; autoplay; clipboard-write; encrypted-media; gyroscope; picture-in-picture; web-share\" referrerpolicy=\"strict-origin-when-cross-origin\" allowfullscreen><\/iframe> <\/div><figcaption class=\"wp-element-caption\">V\u00eddeo de funcionamiento de la m\u00e1quina peladora de man\u00ed<\/figcaption><\/figure>    <h2 class=\"wp-block-heading\" id=\"h-what-is-peanut-peeling-machine\">Peladora de man\u00ed para empresas.<\/h2>    <p>La m\u00e1quina peladora de man\u00ed est\u00e1 dise\u00f1ada espec\u00edficamente para eliminar la piel roja del man\u00ed de forma autom\u00e1tica y eficiente, agilizando el proceso de producci\u00f3n. <\/p>    <p>El man\u00ed pelado producido por esta m\u00e1quina se puede utilizar en una amplia gama de productos, incluidos pasteles de man\u00ed, leche de man\u00ed, man\u00ed frito, caramelo de man\u00ed, man\u00ed aromatizado, prote\u00edna de man\u00ed en polvo y man\u00ed en salsa. <\/p>    <p>Al incorporar una m\u00e1quina peladora de man\u00ed a sus operaciones, las empresas pueden mejorar significativamente la productividad y la calidad del producto, asegurando un suministro constante de man\u00ed pelado de alta calidad para diversas aplicaciones culinarias y comerciales.<\/p>    <figure class=\"wp-block-image size-full\"><img loading=\"lazy\" decoding=\"async\" width=\"720\" height=\"540\" src=\"https:\/\/bestpeanutmachine.com\/wp-content\/uploads\/2022\/08\/peanut-peeler-machine.jpg\" alt=\"maquina peladora de man\u00ed\" class=\"wp-image-63\" srcset=\"https:\/\/bestpeanutmachine.com\/wp-content\/uploads\/2022\/08\/peanut-peeler-machine.jpg 720w, https:\/\/bestpeanutmachine.com\/wp-content\/uploads\/2022\/08\/peanut-peeler-machine-300x225.jpg 300w\" sizes=\"auto, (max-width: 720px) 100vw, 720px\" \/><figcaption class=\"wp-element-caption\">M\u00e1quina peladora de man\u00ed a la venta<\/figcaption><\/figure>    <h2 class=\"wp-block-heading\" id=\"h-features-of-peanut-peeler-machine\">Caracter\u00edsticas de la m\u00e1quina peladora de man\u00ed<\/h2>    <ol class=\"wp-block-list\" style=\"list-style-type:1\"> <li>La m\u00e1quina peladora de man\u00ed tiene una estructura simple y un dise\u00f1o razonable, por lo que es f\u00e1cil de operar y mantener.<\/li>    <li>Tiene una alta tasa de pelado, alta eficiencia y no contamina.<\/li>    <li>El man\u00ed pelado tiene m\u00faltiples usos, como leche de man\u00ed, pastel de man\u00ed, man\u00ed rebozado, man\u00ed frito, prote\u00edna de man\u00ed en polvo, etc.<\/li>    <li>La m\u00e1quina para quitar habilidades de man\u00ed tiene los beneficios de ahorrar energ\u00eda, ser respetuosa con el medio ambiente y ahorrar mano de obra.<\/li>    <li>Todas las m\u00e1quinas utilizan acero inoxidable, apto para uso alimentario y duradero.<\/li>    <li>Tenemos una gran capacidad para proporcionar equipos de pelado de man\u00ed est\u00e1ndar y personalizados.<\/li> <\/ol>    <figure class=\"wp-block-gallery has-nested-images columns-default is-cropped wp-block-gallery-2 is-layout-flex wp-block-gallery-is-layout-flex\"> <figure class=\"wp-block-image size-large\"><img loading=\"lazy\" decoding=\"async\" width=\"720\" height=\"540\" data-id=\"243\" src=\"https:\/\/bestpeanutmachine.com\/wp-content\/uploads\/2022\/08\/groundnut-peeler.webp\" alt=\"pelador de man\u00ed\" class=\"wp-image-243\" srcset=\"https:\/\/bestpeanutmachine.com\/wp-content\/uploads\/2022\/08\/groundnut-peeler.webp 720w, https:\/\/bestpeanutmachine.com\/wp-content\/uploads\/2022\/08\/groundnut-peeler-300x225.webp 300w, https:\/\/bestpeanutmachine.com\/wp-content\/uploads\/2022\/08\/groundnut-peeler-16x12.webp 16w\" sizes=\"auto, (max-width: 720px) 100vw, 720px\" \/><figcaption class=\"wp-element-caption\">pelador de man\u00ed<\/figcaption><\/figure>    <figure class=\"wp-block-image size-large\"><img loading=\"lazy\" decoding=\"async\" width=\"720\" height=\"540\" data-id=\"244\" src=\"https:\/\/bestpeanutmachine.com\/wp-content\/uploads\/2022\/08\/groundnut-peeling-machine.webp\" alt=\"peladora de man\u00ed\" class=\"wp-image-244\" srcset=\"https:\/\/bestpeanutmachine.com\/wp-content\/uploads\/2022\/08\/groundnut-peeling-machine.webp 720w, https:\/\/bestpeanutmachine.com\/wp-content\/uploads\/2022\/08\/groundnut-peeling-machine-300x225.webp 300w, https:\/\/bestpeanutmachine.com\/wp-content\/uploads\/2022\/08\/groundnut-peeling-machine-16x12.webp 16w\" sizes=\"auto, (max-width: 720px) 100vw, 720px\" \/><figcaption class=\"wp-element-caption\">peladora de man\u00ed<\/figcaption><\/figure> <\/figure>    <h2 class=\"wp-block-heading\" id=\"h-parameters-of-taizy-peanut-peeling-machine\">Par\u00e1metros de la peladora de man\u00ed Taizy<\/h2>    <figure class=\"wp-block-table\"><table><tbody><tr><td>Modelo<\/td><td>Capacidad (kg\/h)<\/td><td>Admirador<br>Potencia (kW)<\/td><td>Admirador<br>Potencia (kilovatios)<\/td><td>Voltaje(v)<\/td><td>tasa de trilla (%)<\/td><td>Frecuencia (HZ)<\/td><td>Dimensi\u00f3n (mm)<\/td><\/tr><tr><td>TP-1<\/td><td>200-300<\/td><td>0.55<\/td><td>0.37<\/td><td>380\/220<\/td><td>\u226598<\/td><td>50<\/td><td>1100*400*1100<\/td><\/tr><tr><td>TP-2<\/td><td>400-500<\/td><td>0.55*2<\/td><td>0.37<\/td><td>380\/220<\/td><td>\u226598<\/td><td>50<\/td><td>1100*700*1100<\/td><\/tr><tr><td>TP-3<\/td><td>600-800<\/td><td>0.55*3<\/td><td>0.37<\/td><td>380\/220<\/td><td>\u226598<\/td><td>50<\/td><td>1100*1000*1100<\/td><\/tr><tr><td>TP-4<\/td><td>800-1000<\/td><td>0.55*4<\/td><td>0.37<\/td><td>380\/220<\/td><td>\u226598<\/td><td>50<\/td><td>1100*1400*1100<\/td><\/tr><\/tbody><\/table><figcaption class=\"wp-element-caption\">Par\u00e1metros de la m\u00e1quina peladora de man\u00ed<\/figcaption><\/figure>    <h2 class=\"wp-block-heading\" id=\"h-structure-details-of-roasted-peanut-peeling-machine\">Detalles de la estructura de la m\u00e1quina peladora de man\u00ed tostado.<\/h2>    <p>La m\u00e1quina peladora de man\u00ed consta de una unidad de potencia (motor, polea, correa, cojinete, etc.), bastidor, entrada, rodillo pelador (rodillo de acero o rodillo de arena), ventilador de succi\u00f3n, etc. Sistema de escape y criba vibratoria. <\/p>    <figure class=\"wp-block-image size-full\"><img loading=\"lazy\" decoding=\"async\" width=\"810\" height=\"391\" src=\"https:\/\/bestpeanutmachine.com\/wp-content\/uploads\/2022\/08\/peanut-skin-removing-machine-details.jpg\" alt=\"Detalles de la m\u00e1quina para quitar la piel de man\u00ed\" class=\"wp-image-64\" srcset=\"https:\/\/bestpeanutmachine.com\/wp-content\/uploads\/2022\/08\/peanut-skin-removing-machine-details.jpg 810w, https:\/\/bestpeanutmachine.com\/wp-content\/uploads\/2022\/08\/peanut-skin-removing-machine-details-300x145.jpg 300w, https:\/\/bestpeanutmachine.com\/wp-content\/uploads\/2022\/08\/peanut-skin-removing-machine-details-768x371.jpg 768w\" sizes=\"auto, (max-width: 810px) 100vw, 810px\" \/><figcaption class=\"wp-element-caption\">Detalles de la m\u00e1quina para quitar la piel de man\u00ed<\/figcaption><\/figure>    <h2 class=\"wp-block-heading\" id=\"h-is-there-machines-for-peeling-groundnut\">\u00bfC\u00f3mo pelan los cacahuetes en las f\u00e1bricas?<\/h2>    <p>Cuando el equipo funciona, rueda y transfiere el material con fricci\u00f3n a diferentes velocidades. Cuando la humedad del man\u00ed tostado es inferior a 5% (para evitar que se queme), es el mejor momento para pelarlo. <\/p>    <p>En este punto, el sistema de escape de la peladora succiona la piel rojiza del man\u00ed. Una criba vibratoria retira los brotes de man\u00ed. Aproximadamente 6% de los granos de man\u00ed se dividen en dos partes.<\/p>    <p class=\"translation-block\">En t\u00e9rminos de eficiencia y alto rendimiento, la m\u00e1quina descascarilladora de cacahuetes comercial es la forma m\u00e1s ideal para las f\u00e1bricas. Y tambi\u00e9n es la forma m\u00e1s f\u00e1cil de pelar <a href=\"https:\/\/en.wikipedia.org\/wiki\/Groundnut\" data-type=\"link\" data-id=\"https:\/\/en.wikipedia.org\/wiki\/Groundnut\" target=\"_blank\" rel=\"noopener\">cacahuetes<\/a>. Comparado con el m\u00e9todo manual de descascarillado de cacahuetes, es s\u00faper eficiente y muy excelente.<\/p>    <figure class=\"wp-block-image size-full\"><img loading=\"lazy\" decoding=\"async\" width=\"720\" height=\"540\" src=\"https:\/\/bestpeanutmachine.com\/wp-content\/uploads\/2022\/08\/peanut-peeler-factory.jpg\" alt=\"f\u00e1brica de peladoras de man\u00ed\" class=\"wp-image-65\" srcset=\"https:\/\/bestpeanutmachine.com\/wp-content\/uploads\/2022\/08\/peanut-peeler-factory.jpg 720w, https:\/\/bestpeanutmachine.com\/wp-content\/uploads\/2022\/08\/peanut-peeler-factory-300x225.jpg 300w\" sizes=\"auto, (max-width: 720px) 100vw, 720px\" \/><figcaption class=\"wp-element-caption\">f\u00e1brica de peladoras de man\u00ed<\/figcaption><\/figure>    <h2 class=\"wp-block-heading\">Caso de \u00e9xito de m\u00e1quina peladora de man\u00ed<\/h2>    <p>En un caso exitoso reciente, una empresa l\u00edder en procesamiento de alimentos en Vietnam integr\u00f3 nuestra m\u00e1quina peladora de man\u00ed en su l\u00ednea de producci\u00f3n. La alta eficiencia de la m\u00e1quina y el suave m\u00e9todo de pelado dieron como resultado un aumento en la producci\u00f3n y una reducci\u00f3n significativa de los costos laborales. El pelado uniforme y sin da\u00f1os conserv\u00f3 la calidad del man\u00ed, mejorando la calidad general del producto. <\/p>    <p>Esta implementaci\u00f3n exitosa demuestra la confiabilidad y efectividad de la m\u00e1quina, lo que la convierte en un activo valioso para las empresas de procesamiento de man\u00ed que buscan mejorar la productividad y los est\u00e1ndares del producto.<\/p>    <figure class=\"wp-block-gallery has-nested-images columns-default is-cropped wp-block-gallery-3 is-layout-flex wp-block-gallery-is-layout-flex\"> <figure class=\"wp-block-image size-large\"><img loading=\"lazy\" decoding=\"async\" width=\"720\" height=\"540\" data-id=\"245\" src=\"https:\/\/bestpeanutmachine.com\/wp-content\/uploads\/2022\/08\/groundnut-skin-remover.webp\" alt=\"removedor de piel de man\u00ed\" class=\"wp-image-245\" srcset=\"https:\/\/bestpeanutmachine.com\/wp-content\/uploads\/2022\/08\/groundnut-skin-remover.webp 720w, https:\/\/bestpeanutmachine.com\/wp-content\/uploads\/2022\/08\/groundnut-skin-remover-300x225.webp 300w, https:\/\/bestpeanutmachine.com\/wp-content\/uploads\/2022\/08\/groundnut-skin-remover-16x12.webp 16w\" sizes=\"auto, (max-width: 720px) 100vw, 720px\" \/><figcaption class=\"wp-element-caption\">removedor de piel de man\u00ed<\/figcaption><\/figure>    <figure class=\"wp-block-image size-large\"><img loading=\"lazy\" decoding=\"async\" width=\"720\" height=\"540\" data-id=\"246\" src=\"https:\/\/bestpeanutmachine.com\/wp-content\/uploads\/2022\/08\/Peanut-Peeling-Machine-for-sale.webp\" alt=\"M\u00e1quina peladora de man\u00ed a la venta\" class=\"wp-image-246\" srcset=\"https:\/\/bestpeanutmachine.com\/wp-content\/uploads\/2022\/08\/Peanut-Peeling-Machine-for-sale.webp 720w, https:\/\/bestpeanutmachine.com\/wp-content\/uploads\/2022\/08\/Peanut-Peeling-Machine-for-sale-300x225.webp 300w, https:\/\/bestpeanutmachine.com\/wp-content\/uploads\/2022\/08\/Peanut-Peeling-Machine-for-sale-16x12.webp 16w\" sizes=\"auto, (max-width: 720px) 100vw, 720px\" \/><figcaption class=\"wp-element-caption\">M\u00e1quina peladora de man\u00ed a la venta<\/figcaption><\/figure> <\/figure>    <h2 class=\"wp-block-heading\">Cont\u00e1ctenos hoy para iniciar su negocio <\/h2>    <p>La m\u00e1quina peladora de man\u00ed o la peladora de man\u00ed es importante para las plantas procesadoras de man\u00ed o las f\u00e1bricas de alimentos. Puede mejorar enormemente su productividad y beneficiar a su negocio. El proceso de pelado de man\u00ed es necesario para la producci\u00f3n de snacks de man\u00ed. <\/p>    <p class=\"translation-block\">Como fabricante profesional de m\u00e1quinas procesadoras de cacahuetes, ofrecemos una gama completa de m\u00e1quinas para cacahuetes, como m\u00e1quinas cosechadoras de cacahuetes, recolectoras de cacahuetes, descascarilladoras de cacahuetes, <a href=\"https:\/\/bestpeanutmachine.com\/es\/product\/peanut-roasting-machine\/\">m\u00e1quina tostadora de cacahuetes<\/a>, <a href=\"https:\/\/bestpeanutmachine.com\/es\/product\/peanut-oil-extraction-machine\/\">m\u00e1quina extractora de aceite de cacahuete<\/a>, etc. <\/p>    <p>Todas nuestras m\u00e1quinas est\u00e1n dise\u00f1adas y producidas de acuerdo con los est\u00e1ndares internacionales. Adem\u00e1s, ofrecemos un s\u00f3lido servicio personalizado para satisfacer sus demandas espec\u00edficas.<\/p>    <figure class=\"wp-block-gallery has-nested-images columns-default is-cropped wp-block-gallery-4 is-layout-flex wp-block-gallery-is-layout-flex\"> <figure class=\"wp-block-image size-large\"><img loading=\"lazy\" decoding=\"async\" width=\"720\" height=\"540\" data-id=\"247\" src=\"https:\/\/bestpeanutmachine.com\/wp-content\/uploads\/2022\/08\/Peanut-Peeling-Machine.webp\" alt=\"Peladora de man\u00ed\" class=\"wp-image-247\" srcset=\"https:\/\/bestpeanutmachine.com\/wp-content\/uploads\/2022\/08\/Peanut-Peeling-Machine.webp 720w, https:\/\/bestpeanutmachine.com\/wp-content\/uploads\/2022\/08\/Peanut-Peeling-Machine-300x225.webp 300w, https:\/\/bestpeanutmachine.com\/wp-content\/uploads\/2022\/08\/Peanut-Peeling-Machine-16x12.webp 16w\" sizes=\"auto, (max-width: 720px) 100vw, 720px\" \/><figcaption class=\"wp-element-caption\">Peladora de man\u00ed<\/figcaption><\/figure>    <figure class=\"wp-block-image size-large\"><img loading=\"lazy\" decoding=\"async\" width=\"720\" height=\"540\" data-id=\"248\" src=\"https:\/\/bestpeanutmachine.com\/wp-content\/uploads\/2022\/08\/peanut-skin-removing-machine.webp\" alt=\"m\u00e1quina para quitar la piel de man\u00ed\" class=\"wp-image-248\" srcset=\"https:\/\/bestpeanutmachine.com\/wp-content\/uploads\/2022\/08\/peanut-skin-removing-machine.webp 720w, https:\/\/bestpeanutmachine.com\/wp-content\/uploads\/2022\/08\/peanut-skin-removing-machine-300x225.webp 300w, https:\/\/bestpeanutmachine.com\/wp-content\/uploads\/2022\/08\/peanut-skin-removing-machine-16x12.webp 16w\" sizes=\"auto, (max-width: 720px) 100vw, 720px\" \/><figcaption class=\"wp-element-caption\">m\u00e1quina para quitar la piel de man\u00ed<\/figcaption><\/figure> <\/figure>","protected":false},"excerpt":{"rendered":"<p>La m\u00e1quina peladora de man\u00ed ofrece alta eficiencia y bajo desperdicio, lo que la convierte en el equipo ideal para quitar la piel del man\u00ed.<\/p>","protected":false},"author":1,"featured_media":62,"parent":0,"template":"","tags":[12,11,8],"product-type":[6,69],"class_list":["post-35","product","type-product","status-publish","has-post-thumbnail","hentry","tag-groundnut","tag-peanut","tag-peanut-processing-machine","product-type-product","product-type-peanut-machine"],"_links":{"self":[{"href":"https:\/\/bestpeanutmachine.com\/es\/wp-json\/wp\/v2\/product\/35","targetHints":{"allow":["GET"]}}],"collection":[{"href":"https:\/\/bestpeanutmachine.com\/es\/wp-json\/wp\/v2\/product"}],"about":[{"href":"https:\/\/bestpeanutmachine.com\/es\/wp-json\/wp\/v2\/types\/product"}],"author":[{"embeddable":true,"href":"https:\/\/bestpeanutmachine.com\/es\/wp-json\/wp\/v2\/users\/1"}],"wp:featuredmedia":[{"embeddable":true,"href":"https:\/\/bestpeanutmachine.com\/es\/wp-json\/wp\/v2\/media\/62"}],"wp:attachment":[{"href":"https:\/\/bestpeanutmachine.com\/es\/wp-json\/wp\/v2\/media?parent=35"}],"wp:term":[{"taxonomy":"post_tag","embeddable":true,"href":"https:\/\/bestpeanutmachine.com\/es\/wp-json\/wp\/v2\/tags?post=35"},{"taxonomy":"product-type","embeddable":true,"href":"https:\/\/bestpeanutmachine.com\/es\/wp-json\/wp\/v2\/product-type?post=35"}],"curies":[{"name":"wp","href":"https:\/\/api.w.org\/{rel}","templated":true}]}}