{"id":37,"date":"2022-08-25T02:33:00","date_gmt":"2022-08-24T18:33:00","guid":{"rendered":"https:\/\/bestpeanutmachine.com\/?post_type=product&#038;p=37"},"modified":"2025-08-28T10:27:45","modified_gmt":"2025-08-28T02:27:45","slug":"peanut-picker-machine","status":"publish","type":"product","link":"https:\/\/bestpeanutmachine.com\/es\/product\/peanut-picker-machine\/","title":{"rendered":"M\u00e1quina recolectora de man\u00ed"},"content":{"rendered":"<p class=\"translation-block\"><strong>La m\u00e1quina recolectora de man\u00ed<\/strong> se utiliza para recoger los frutos de man\u00ed despu\u00e9s de la cosecha. Es un gran equipo de procesamiento de man\u00ed para los agricultores. Tiene caracter\u00edsticas de super eficiencia, rendimiento estable y larga vida \u00fatil. La <strong>m\u00e1quina de recolecci\u00f3n de cacahuetes<\/strong> mejorar\u00e1 enormemente su productividad y ahorrar\u00e1 su mano de obra. <\/p>    <p>La capacidad de las recolectoras de man\u00ed a la venta es de 800 kg a 1100 kg por hora. Proporcionamos est\u00e1ndares s\u00f3lidos y m\u00e1quinas personalizadas para sus necesidades. Est\u00e1 disponible un motor el\u00e9ctrico o un motor di\u00e9sel. Por lo que puede combinar con diferentes entornos de uso.<\/p>    <p>Adem\u00e1s, la m\u00e1quina tiene una tasa de recolecci\u00f3n de 99% y la tasa de rotura es inferior a 1%. Ser\u00e1 una ayuda perfecta para sus granjas de man\u00ed. \u00bfEst\u00e1s interesado en esta m\u00e1quina? Cont\u00e1ctenos para obtener una lista de precios gratuita. &nbsp;&nbsp;<\/p>    <figure class=\"wp-block-embed is-type-video is-provider-youtube wp-block-embed-youtube wp-embed-aspect-16-9 wp-has-aspect-ratio\"><div class=\"wp-block-embed__wrapper\"> <iframe loading=\"lazy\" title=\"Cosecha de man\u00ed simplificada: mejores pr\u00e1cticas con un recolector de man\u00ed #peanut #man\u00ed #farming\" width=\"500\" height=\"281\" src=\"https:\/\/www.youtube.com\/embed\/wmhkLU3XioA?feature=oembed\" frameborder=\"0\" allow=\"accelerometer; autoplay; clipboard-write; encrypted-media; gyroscope; picture-in-picture; web-share\" referrerpolicy=\"strict-origin-when-cross-origin\" allowfullscreen><\/iframe> <\/div><figcaption class=\"wp-element-caption\">V\u00eddeo de funcionamiento de la m\u00e1quina recolectora de man\u00ed<\/figcaption><\/figure>    <h2 class=\"wp-block-heading\" id=\"h-what-is-a-peanut-picker\">M\u00e1quina de recolectador de man\u00ed en venta<\/h2>    <div class=\"wp-block-media-text is-stacked-on-mobile\"><figure class=\"wp-block-media-text__media\"><img loading=\"lazy\" decoding=\"async\" width=\"720\" height=\"540\" src=\"https:\/\/bestpeanutmachine.com\/wp-content\/uploads\/2022\/08\/small-peanut-picking-machine.jpg\" alt=\"peque\u00f1a m\u00e1quina recolectora de man\u00ed\" class=\"wp-image-90 size-full\" srcset=\"https:\/\/bestpeanutmachine.com\/wp-content\/uploads\/2022\/08\/small-peanut-picking-machine.jpg 720w, https:\/\/bestpeanutmachine.com\/wp-content\/uploads\/2022\/08\/small-peanut-picking-machine-300x225.jpg 300w\" sizes=\"auto, (max-width: 720px) 100vw, 720px\" \/><\/figure><div class=\"wp-block-media-text__content\"> <ul class=\"wp-block-list\"> <li><strong>Selecci\u00f3n de man\u00ed eficiente<\/strong> - Dise\u00f1ado para separar la fruta de man\u00ed de las pl\u00e1ntulas de forma r\u00e1pida y f\u00e1cil.<\/li>    <li><strong>Moderno y automatizado<\/strong> - Un gran avance en el procesamiento de man\u00ed, aline\u00e1ndose con la tendencia de la agricultura automatizada.<\/li>    <li><strong>Mayor eficiencia<\/strong> - Supera con creces las selecciones de man\u00ed manuales tradicionales en velocidad y productividad.<\/li> <\/ul> <\/div><\/div>    <div class=\"wp-block-media-text has-media-on-the-right is-stacked-on-mobile\"><div class=\"wp-block-media-text__content\"> <ul class=\"wp-block-list\"> <li><strong>Dos modelos disponibles<\/strong>: <ul class=\"wp-block-list\"> <li><strong>Peque\u00f1a m\u00e1quina de recolecci\u00f3n de man\u00ed<\/strong> -Capacidad de 800-1000 kg por hora.<\/li>    <li><strong>M\u00e1quina de recolecci\u00f3n de man\u00ed grande<\/strong> - Capacidad de 1100 kg por hora.<\/li> <\/ul> <\/li>    <li><strong>Alta calidad y asequibilidad<\/strong> - M\u00e1quinas duraderas con precios competitivos.<\/li> <\/ul> <\/div><figure class=\"wp-block-media-text__media\"><img loading=\"lazy\" decoding=\"async\" width=\"720\" height=\"540\" src=\"https:\/\/bestpeanutmachine.com\/wp-content\/uploads\/2022\/08\/large-capacity-peanut-picker-1.jpg\" alt=\"recolector de man\u00ed de gran capacidad\" class=\"wp-image-95 size-full\" srcset=\"https:\/\/bestpeanutmachine.com\/wp-content\/uploads\/2022\/08\/large-capacity-peanut-picker-1.jpg 720w, https:\/\/bestpeanutmachine.com\/wp-content\/uploads\/2022\/08\/large-capacity-peanut-picker-1-300x225.jpg 300w\" sizes=\"auto, (max-width: 720px) 100vw, 720px\" \/><\/figure><\/div>    <h2 class=\"wp-block-heading\" id=\"h-features-of-groundnut-picker-machine\">Caracter\u00edsticas de la m\u00e1quina recolectora de man\u00ed. <\/h2>    <div class=\"wp-block-media-text is-stacked-on-mobile\"><figure class=\"wp-block-media-text__media\"><img loading=\"lazy\" decoding=\"async\" width=\"720\" height=\"540\" src=\"https:\/\/bestpeanutmachine.com\/wp-content\/uploads\/2022\/08\/groundnut-picking-machine-for-business.webp\" alt=\"m\u00e1quina recolectora de man\u00ed para empresas\" class=\"wp-image-227 size-full\" srcset=\"https:\/\/bestpeanutmachine.com\/wp-content\/uploads\/2022\/08\/groundnut-picking-machine-for-business.webp 720w, https:\/\/bestpeanutmachine.com\/wp-content\/uploads\/2022\/08\/groundnut-picking-machine-for-business-300x225.webp 300w, https:\/\/bestpeanutmachine.com\/wp-content\/uploads\/2022\/08\/groundnut-picking-machine-for-business-16x12.webp 16w\" sizes=\"auto, (max-width: 720px) 100vw, 720px\" \/><\/figure><div class=\"wp-block-media-text__content\"> <ul class=\"wp-block-list\"> <li><strong class=\"\">Ventilador de viento fuerte optimizado<\/strong>. Efectivamente elimina las impurezas durante el proceso de selecci\u00f3n, asegurando las frutas de man\u00ed m\u00e1s limpias.<\/li>    <li><strong class=\"\">Neum\u00e1ticos anchos<\/strong>. Proporcione una excelente estabilidad para la m\u00e1quina cuando opere en terrenos agr\u00edcolas desiguales.<\/li>    <li><strong class=\"\">Rendimiento de transmisi\u00f3n estable<\/strong>. Asegura la transmisi\u00f3n de potencia suave y confiable, reduciendo las fallas mec\u00e1nicas y la mejora de la eficiencia laboral.<\/li>    <li><strong class=\"\">Dos bares de apoyo en la entrada<\/strong>. Mejore la estabilidad general de la m\u00e1quina, evitando que se incline durante la operaci\u00f3n.<\/li> <\/ul> <\/div><\/div>    <div class=\"wp-block-media-text has-media-on-the-right is-stacked-on-mobile\"><div class=\"wp-block-media-text__content\"> <ul class=\"wp-block-list\"> <li><strong class=\"\">Abertura de alimentaci\u00f3n m\u00e1s amplia<\/strong>. Permite el transporte autom\u00e1tico de las pl\u00e1ntulas de man\u00ed, minimizando la intervenci\u00f3n manual y el aumento de la velocidad de procesamiento.<\/li>    <li><strong class=\"\">Ruedas<\/strong>. Ahorre significativamente la mano de obra al permitir un movimiento f\u00e1cil y el transporte de la m\u00e1quina alrededor de la granja.<\/li>    <li><strong class=\"\">Fijaci\u00f3n de tornillo en forma de U<\/strong>. Ofrece m\u00e1s flexibilidad y conveniencia en la instalaci\u00f3n y ajuste, adapt\u00e1ndose a diferentes condiciones de trabajo.<\/li>    <li><strong class=\"\">Embolsas y carga autom\u00e1ticas<\/strong>. Simplifica enormemente el proceso posterior a la cosecha, y el desmontaje flexible del selector de man\u00ed facilita el mantenimiento y el almacenamiento.<\/li> <\/ul> <\/div><figure class=\"wp-block-media-text__media\"><img loading=\"lazy\" decoding=\"async\" width=\"720\" height=\"540\" src=\"https:\/\/bestpeanutmachine.com\/wp-content\/uploads\/2022\/08\/groundnut-picking-machine.webp\" alt=\"m\u00e1quina recolectora de man\u00ed\" class=\"wp-image-228 size-full\" srcset=\"https:\/\/bestpeanutmachine.com\/wp-content\/uploads\/2022\/08\/groundnut-picking-machine.webp 720w, https:\/\/bestpeanutmachine.com\/wp-content\/uploads\/2022\/08\/groundnut-picking-machine-300x225.webp 300w, https:\/\/bestpeanutmachine.com\/wp-content\/uploads\/2022\/08\/groundnut-picking-machine-16x12.webp 16w\" sizes=\"auto, (max-width: 720px) 100vw, 720px\" \/><\/figure><\/div>    <h2 class=\"wp-block-heading\" id=\"h-how-does-a-peanut-picker-work\">\u00bfC\u00f3mo funciona un recolector de man\u00ed?<\/h2>    <div class=\"wp-block-media-text is-stacked-on-mobile\"><figure class=\"wp-block-media-text__media\"><img loading=\"lazy\" decoding=\"async\" width=\"720\" height=\"540\" src=\"https:\/\/bestpeanutmachine.com\/wp-content\/uploads\/2022\/08\/Peanut-Picker-Machine-with-good-price.webp\" alt=\"M\u00e1quina recolectora de man\u00ed a buen precio\" class=\"wp-image-231 size-full\" srcset=\"https:\/\/bestpeanutmachine.com\/wp-content\/uploads\/2022\/08\/Peanut-Picker-Machine-with-good-price.webp 720w, https:\/\/bestpeanutmachine.com\/wp-content\/uploads\/2022\/08\/Peanut-Picker-Machine-with-good-price-300x225.webp 300w, https:\/\/bestpeanutmachine.com\/wp-content\/uploads\/2022\/08\/Peanut-Picker-Machine-with-good-price-16x12.webp 16w\" sizes=\"auto, (max-width: 720px) 100vw, 720px\" \/><\/figure><div class=\"wp-block-media-text__content\"> <ul class=\"wp-block-list\"> <li><strong>Activaci\u00f3n de la fuente de energ\u00eda<\/strong> - La m\u00e1quina es conducida por un motor el\u00e9ctrico o un motor diesel.<\/li>    <li><strong>Alimentaci\u00f3n de man\u00ed<\/strong> - Los cacahuetes ingresan al sistema de recolecci\u00f3n de frutas a trav\u00e9s de la entrada.<\/li>    <li><strong>Mecanismo de selecci\u00f3n de tambores<\/strong> - La biela de tambor giratoria separa los cacahuetes de los tallos con flujo de aire.<\/li>    <li><strong>Proceso de separaci\u00f3n<\/strong> - Las frutas y los escombros caen a trav\u00e9s de los agujeros de Intaglio en la pantalla vibratoria.<\/li> <\/ul> <\/div><\/div>    <div class=\"wp-block-media-text has-media-on-the-right is-stacked-on-mobile\"><div class=\"wp-block-media-text__content\"> <ul class=\"wp-block-list\"> <li><strong>Descarga de tallo<\/strong> - Los tallos separados salen a trav\u00e9s del puerto de descarga.<\/li>    <li><strong>Eliminaci\u00f3n de escombros<\/strong> - Las frutas callejeras en la pantalla vibratoria se mueven al puerto de succi\u00f3n del ventilador, donde se descargan escombros.<\/li>    <li><strong>Colecci\u00f3n de man\u00ed limpio<\/strong> - Los cacahuetes limpios se seleccionan y recolectan, completando el proceso.<\/li> <\/ul> <\/div><figure class=\"wp-block-media-text__media\"><img loading=\"lazy\" decoding=\"async\" width=\"720\" height=\"540\" src=\"https:\/\/bestpeanutmachine.com\/wp-content\/uploads\/2022\/08\/Peanut-Picker-Machine.webp\" alt=\"M\u00e1quina recolectora de man\u00ed\" class=\"wp-image-232 size-full\" srcset=\"https:\/\/bestpeanutmachine.com\/wp-content\/uploads\/2022\/08\/Peanut-Picker-Machine.webp 720w, https:\/\/bestpeanutmachine.com\/wp-content\/uploads\/2022\/08\/Peanut-Picker-Machine-300x225.webp 300w, https:\/\/bestpeanutmachine.com\/wp-content\/uploads\/2022\/08\/Peanut-Picker-Machine-16x12.webp 16w\" sizes=\"auto, (max-width: 720px) 100vw, 720px\" \/><\/figure><\/div>    <h2 class=\"wp-block-heading\" id=\"h-small-type-peanut-picker-parameters\">Par\u00e1metros del recolector de man\u00ed de tipo peque\u00f1o<\/h2>    <figure class=\"wp-block-table\"><table><tbody><tr><td>Modelo<\/td><td>5HZ-600<\/td><\/tr><tr><td>Tama\u00f1o<\/td><td>1960*1500*1370mm<\/td><\/tr><tr><td>Peso<\/td><td>150 kilos<\/td><\/tr><tr><td>Fuerza<\/td><td>Motor de 7,5 kW, motor di\u00e9sel de 10HP<\/td><\/tr><tr><td>Capacidad<\/td><td>800-1000kg\/h<\/td><\/tr><tr><td>Tasa de recolecci\u00f3n<\/td><td>&gt;99%<\/td><\/tr><tr><td>tasa de ruptura<\/td><td>&lt;1%<\/td><\/tr><tr><td>Tasa de impureza<\/td><td>&lt;1%<\/td><\/tr><tr><td>40HQ<\/td><td>45\u00a0juegos<\/td><\/tr><\/tbody><\/table><figcaption class=\"wp-element-caption\">Par\u00e1metros de la m\u00e1quina recolectora de man\u00ed<\/figcaption><\/figure>    <figure class=\"wp-block-image size-full\"><img loading=\"lazy\" decoding=\"async\" width=\"720\" height=\"540\" src=\"https:\/\/bestpeanutmachine.com\/wp-content\/uploads\/2022\/08\/small-peanut-picker-features.jpg\" alt=\"Caracter\u00edsticas del peque\u00f1o recolector de man\u00ed.\" class=\"wp-image-96\" srcset=\"https:\/\/bestpeanutmachine.com\/wp-content\/uploads\/2022\/08\/small-peanut-picker-features.jpg 720w, https:\/\/bestpeanutmachine.com\/wp-content\/uploads\/2022\/08\/small-peanut-picker-features-300x225.jpg 300w\" sizes=\"auto, (max-width: 720px) 100vw, 720px\" \/><figcaption class=\"wp-element-caption\">Caracter\u00edsticas del peque\u00f1o recolector de man\u00ed.<\/figcaption><\/figure>    <h2 class=\"wp-block-heading\" id=\"h-large-capacity-peanut-picker-machine\">M\u00e1quina recolectora de man\u00ed de gran capacidad<\/h2>    <figure class=\"wp-block-table\"><table><tbody><tr><td>Modelo<\/td><td>5HZ-1800<\/td><\/tr><tr><td>Fuerza<\/td><td>25-37kw<\/td><\/tr><tr><td>Velocidad de rotaci\u00f3n del rodillo.<\/td><td>550 rpm<\/td><\/tr><tr><td>Tasa de p\u00e9rdida<\/td><td>\u22641%<\/td><\/tr><tr><td>tasa rota<\/td><td>\u22643%<\/td><\/tr><tr><td>Tasa de impureza<\/td><td>\u22642%<\/td><\/tr><tr><td>Capacidad<\/td><td>1100 kg\/h (man\u00ed h\u00famedo)<\/td><\/tr><tr><td>Dimensi\u00f3n de entrada<\/td><td>1100*700mm<\/td><\/tr><tr><td>Las dimensiones de la pantalla.<\/td><td>1050 mm<\/td><\/tr><tr><td>Peso<\/td><td>720 kilos<\/td><\/tr><tr><td>El modelo de separaci\u00f3n y limpieza.<\/td><td>Criba vibratoria y ventilador de tiro.<\/td><\/tr><tr><td>La dimensi\u00f3n de la pantalla.<\/td><td>3340*640mm<\/td><\/tr><tr><td>Dimensi\u00f3n de la m\u00e1quina<\/td><td>5800*2100*1900mm<\/td><\/tr><tr><td>El di\u00e1metro del rodillo.<\/td><td>600 mm<\/td><\/tr><tr><td>La longitud del rodillo<\/td><td>1800 mm<\/td><\/tr><tr><td>Potencia de la unidad de capacidad<\/td><td>\u226530 kg\/kWh<\/td><\/tr><\/tbody><\/table><figcaption class=\"wp-element-caption\">Par\u00e1metros de la m\u00e1quina recolectora de man\u00ed.<\/figcaption><\/figure>    <figure class=\"wp-block-image size-full\"><img loading=\"lazy\" decoding=\"async\" width=\"720\" height=\"540\" src=\"https:\/\/bestpeanutmachine.com\/wp-content\/uploads\/2022\/08\/large-groundnut-picking-machine.jpg\" alt=\"gran m\u00e1quina recolectora de man\u00ed\" class=\"wp-image-97\" srcset=\"https:\/\/bestpeanutmachine.com\/wp-content\/uploads\/2022\/08\/large-groundnut-picking-machine.jpg 720w, https:\/\/bestpeanutmachine.com\/wp-content\/uploads\/2022\/08\/large-groundnut-picking-machine-300x225.jpg 300w\" sizes=\"auto, (max-width: 720px) 100vw, 720px\" \/><figcaption class=\"wp-element-caption\">gran m\u00e1quina recolectora de man\u00ed<\/figcaption><\/figure>    <h2 class=\"wp-block-heading\" id=\"h-what-is-the-peanut-picker-machine-price\">\u00bfCu\u00e1l es el precio de la m\u00e1quina recolectora de man\u00ed?<\/h2>    <p>Los precios de las m\u00e1quinas recolectoras de man\u00ed var\u00edan debido a diversos par\u00e1metros, materiales y estructuras. Por tanto, el coste de un recolector de man\u00ed no es el mismo. Y apoyamos s\u00f3lidos servicios de personalizaci\u00f3n para satisfacer sus demandas espec\u00edficas. As\u00ed habr\u00e1 una cotizaci\u00f3n espec\u00edfica y detallada para sus requerimientos, como tipos, modelos, sistemas de energ\u00eda, materiales, etc. <\/p>    <p>Adem\u00e1s, el precio de la m\u00e1quina recolectora de man\u00ed est\u00e1 estrechamente relacionado con muchos factores externos, como el costo de env\u00edo y el tipo de cambio internacional. Entonces es complejo. Cu\u00e9ntenos sus necesidades y le sugeriremos la m\u00e1quina m\u00e1s adecuada y le ofreceremos el mejor y \u00faltimo precio.<\/p>    <figure class=\"wp-block-gallery has-nested-images columns-default is-cropped wp-block-gallery-2 is-layout-flex wp-block-gallery-is-layout-flex\"> <figure class=\"wp-block-image size-large\"><img loading=\"lazy\" decoding=\"async\" width=\"720\" height=\"540\" data-id=\"229\" src=\"https:\/\/bestpeanutmachine.com\/wp-content\/uploads\/2022\/08\/Peanut-Picker-Machine-for-sale.webp\" alt=\"M\u00e1quina recolectora de man\u00ed a la venta\" class=\"wp-image-229\" srcset=\"https:\/\/bestpeanutmachine.com\/wp-content\/uploads\/2022\/08\/Peanut-Picker-Machine-for-sale.webp 720w, https:\/\/bestpeanutmachine.com\/wp-content\/uploads\/2022\/08\/Peanut-Picker-Machine-for-sale-300x225.webp 300w, https:\/\/bestpeanutmachine.com\/wp-content\/uploads\/2022\/08\/Peanut-Picker-Machine-for-sale-16x12.webp 16w\" sizes=\"auto, (max-width: 720px) 100vw, 720px\" \/><figcaption class=\"wp-element-caption\">M\u00e1quina recolectora de man\u00ed a la venta<\/figcaption><\/figure>    <figure class=\"wp-block-image size-large\"><img loading=\"lazy\" decoding=\"async\" width=\"720\" height=\"540\" data-id=\"230\" src=\"https:\/\/bestpeanutmachine.com\/wp-content\/uploads\/2022\/08\/peanut-picker-price.webp\" alt=\"precio del recolector de man\u00ed\" class=\"wp-image-230\" srcset=\"https:\/\/bestpeanutmachine.com\/wp-content\/uploads\/2022\/08\/peanut-picker-price.webp 720w, https:\/\/bestpeanutmachine.com\/wp-content\/uploads\/2022\/08\/peanut-picker-price-300x225.webp 300w, https:\/\/bestpeanutmachine.com\/wp-content\/uploads\/2022\/08\/peanut-picker-price-16x12.webp 16w\" sizes=\"auto, (max-width: 720px) 100vw, 720px\" \/><figcaption class=\"wp-element-caption\">precio del recolector de man\u00ed<\/figcaption><\/figure> <\/figure>    <h2 class=\"wp-block-heading\">\u00a1Deja tu mensaje!<\/h2>    <p class=\"translation-block\">La m\u00e1quina recolectora de man\u00ed no solo es eficiente y duradera, sino tambi\u00e9n f\u00e1cil de operar, lo que la convierte en una opci\u00f3n ideal para sus necesidades de cosecha de man\u00ed. Para mejorar a\u00fan m\u00e1s la eficiencia de su procesamiento de man\u00ed, recomendamos combinarla con nuestra <a href=\"https:\/\/bestpeanutmachine.com\/es\/product\/peanut-shelling-machine\/\" data-type=\"link\" data-id=\"https:\/\/bestpeanutmachine.com\/product\/peanut-shelling-machine\/\">M\u00e1quina de descascarado de man\u00ed<\/a> y <a href=\"https:\/\/bestpeanutmachine.com\/es\/product\/peanut-roasting-machine\/\" data-type=\"link\" data-id=\"https:\/\/bestpeanutmachine.com\/product\/peanut-roasting-machine\/\">M\u00e1quina de tostado de man\u00ed<\/a>. <\/p>    <p>Esta combinaci\u00f3n proporciona un flujo de trabajo fluido desde la cosecha hasta el procesamiento, lo que aumenta significativamente la eficiencia de la producci\u00f3n y garantiza la calidad y el rendimiento de sus productos de man\u00ed. <\/p>    <p class=\"translation-block\">Cont\u00e1ctenos hoy para obtener m\u00e1s informaci\u00f3n y experimentar la conveniencia y eficiencia de nuestras completas <a href=\"https:\/\/en.wikipedia.org\/wiki\/Peanut\" data-type=\"link\" data-id=\"https:\/\/en.wikipedia.org\/wiki\/Peanut\" target=\"_blank\" rel=\"noopener\">soluciones de procesamiento de man\u00ed<\/a>.<\/p>    <figure class=\"wp-block-image size-full\"><img loading=\"lazy\" decoding=\"async\" width=\"720\" height=\"540\" src=\"https:\/\/bestpeanutmachine.com\/wp-content\/uploads\/2022\/08\/groundnut-picker.webp\" alt=\"recolector de man\u00ed\" class=\"wp-image-233\" srcset=\"https:\/\/bestpeanutmachine.com\/wp-content\/uploads\/2022\/08\/groundnut-picker.webp 720w, https:\/\/bestpeanutmachine.com\/wp-content\/uploads\/2022\/08\/groundnut-picker-300x225.webp 300w, https:\/\/bestpeanutmachine.com\/wp-content\/uploads\/2022\/08\/groundnut-picker-16x12.webp 16w\" sizes=\"auto, (max-width: 720px) 100vw, 720px\" \/><figcaption class=\"wp-element-caption\">recolector de man\u00ed<\/figcaption><\/figure>","protected":false},"excerpt":{"rendered":"<p>La m\u00e1quina recolectora de man\u00ed se utiliza para recolectar frutos de man\u00ed despu\u00e9s de la cosecha. Es un excelente equipo de procesamiento de man\u00ed para los agricultores. <\/p>","protected":false},"author":1,"featured_media":87,"parent":0,"template":"","tags":[22,8],"product-type":[6,69],"class_list":["post-37","product","type-product","status-publish","has-post-thumbnail","hentry","tag-peanut-picker","tag-peanut-processing-machine","product-type-product","product-type-peanut-machine"],"_links":{"self":[{"href":"https:\/\/bestpeanutmachine.com\/es\/wp-json\/wp\/v2\/product\/37","targetHints":{"allow":["GET"]}}],"collection":[{"href":"https:\/\/bestpeanutmachine.com\/es\/wp-json\/wp\/v2\/product"}],"about":[{"href":"https:\/\/bestpeanutmachine.com\/es\/wp-json\/wp\/v2\/types\/product"}],"author":[{"embeddable":true,"href":"https:\/\/bestpeanutmachine.com\/es\/wp-json\/wp\/v2\/users\/1"}],"wp:featuredmedia":[{"embeddable":true,"href":"https:\/\/bestpeanutmachine.com\/es\/wp-json\/wp\/v2\/media\/87"}],"wp:attachment":[{"href":"https:\/\/bestpeanutmachine.com\/es\/wp-json\/wp\/v2\/media?parent=37"}],"wp:term":[{"taxonomy":"post_tag","embeddable":true,"href":"https:\/\/bestpeanutmachine.com\/es\/wp-json\/wp\/v2\/tags?post=37"},{"taxonomy":"product-type","embeddable":true,"href":"https:\/\/bestpeanutmachine.com\/es\/wp-json\/wp\/v2\/product-type?post=37"}],"curies":[{"name":"wp","href":"https:\/\/api.w.org\/{rel}","templated":true}]}}