{"id":377,"date":"2025-08-28T16:02:34","date_gmt":"2025-08-28T08:02:34","guid":{"rendered":"https:\/\/bestpeanutmachine.com\/?post_type=product&#038;p=377"},"modified":"2025-09-08T11:35:36","modified_gmt":"2025-09-08T03:35:36","slug":"peanut-powder-machine","status":"publish","type":"product","link":"https:\/\/bestpeanutmachine.com\/es\/product\/peanut-powder-machine\/","title":{"rendered":"M\u00e1quina de Polvo de Cacahuate Para Moler Anacardos"},"content":{"rendered":"<p class=\"translation-block\">Taizy <strong>peanut powder machine<\/strong> es una m\u00e1quina industrial de moler para fabricar polvo de frutos secos, como cacahuete, anacardo, almendra, etc. Puede producir 200-600 kg de polvo de 30 mallas por hora, por lo que siempre es una parte indispensable de diversas l\u00edneas de producci\u00f3n de alimentos de frutos secos.<\/p>    <p>La m\u00e1quina ocupa solo una peque\u00f1a superficie y es f\u00e1cil de operar. Por ello, es popular entre las f\u00e1bricas de procesamiento de alimentos de varios pa\u00edses, como India, EE. UU., Canad\u00e1 y Australia.<\/p>    <h2 class=\"wp-block-heading\"><strong>V\u00eddeo de prueba de la m\u00e1quina trituradora de cacahuetes<\/strong><\/h2>    <p>Esta m\u00e1quina de molienda de polvo de cacahuete solo puede procesar cacahuetes pelados y otras nueces. Aqu\u00ed hay un video de nuestra f\u00e1brica sobre el funcionamiento de la m\u00e1quina de polvo de cacahuete.<\/p>    <figure class=\"wp-block-embed is-type-video is-provider-youtube wp-block-embed-youtube wp-embed-aspect-16-9 wp-has-aspect-ratio\"><div class=\"wp-block-embed__wrapper\"> <iframe loading=\"lazy\" title=\"\ud83e\udd5c Molinillo de polvo de man\u00ed para panader\u00eda y aperitivos | M\u00e1quina industrial de molienda de nueces #peanutpowder\" width=\"500\" height=\"281\" src=\"https:\/\/www.youtube.com\/embed\/F2I767Nd9lc?feature=oembed\" frameborder=\"0\" allow=\"accelerometer; autoplay; clipboard-write; encrypted-media; gyroscope; picture-in-picture; web-share\" referrerpolicy=\"strict-origin-when-cross-origin\" allowfullscreen><\/iframe> <\/div><figcaption class=\"wp-element-caption\">video de funcionamiento de la m\u00e1quina de polvo de cacahuete<\/figcaption><\/figure>    <h2 class=\"wp-block-heading\"><strong>Ventajas de la m\u00e1quina de polvo de cacahuete Taizy<\/strong><\/h2>    <ol class=\"wp-block-list\"> <li>Esta m\u00e1quina multifuncional de moler nueces puede<strong> procesar materiales oleosos<\/strong>, como s\u00e9samo, cacahuete, etc.<\/li>    <li>En comparaci\u00f3n con el molido manual, esta m\u00e1quina <strong>ofrece mayor producci\u00f3n por hora,<\/strong> 200-600kg\/h, y permite operaci\u00f3n continua. Solo necesita una vez de molido, obtendr\u00e1 el producto terminado.<\/li>    <li>El molinillo de harina de almendra presenta <strong>velocidad ajustable y finura personalizable<\/strong>, por lo que es adecuada para diversas aplicaciones alimentarias (por ejemplo, horneado, polvo de prote\u00edna).<\/li>    <li>El resultado <strong>polvo uniforme de malla 30 <\/strong>cumple perfectamente con los requisitos de procesamiento de las industrias de panader\u00eda, confiter\u00eda y condimentos.<\/li>    <li>M\u00e1quina de moler anacardos Taizy <strong>puede ser personalizada con material 304<\/strong>, asegurando eficazmente la seguridad alimentaria y satisfaciendo las necesidades de m\u00e1quinas de alta calidad.<\/li>    <li>Dise\u00f1ada para f\u00e1bricas peque\u00f1as y medianas, cocinas comerciales y startups, esta peque\u00f1a pero de alto volumen de moler <strong>puede estar equipado con ruedas para facilitar la movilidad<\/strong>.<\/li> <\/ol>   <div class=\"wp-block-image\"> <figure class=\"aligncenter size-full\"><img loading=\"lazy\" decoding=\"async\" width=\"720\" height=\"540\" src=\"https:\/\/bestpeanutmachine.com\/wp-content\/uploads\/2025\/08\/peanut-powder-processing-machine-with-wheels.webp\" alt=\"m\u00e1quina de procesamiento de polvo de cacahuete con ruedas\" class=\"wp-image-383\" srcset=\"https:\/\/bestpeanutmachine.com\/wp-content\/uploads\/2025\/08\/peanut-powder-processing-machine-with-wheels.webp 720w, https:\/\/bestpeanutmachine.com\/wp-content\/uploads\/2025\/08\/peanut-powder-processing-machine-with-wheels-300x225.webp 300w, https:\/\/bestpeanutmachine.com\/wp-content\/uploads\/2025\/08\/peanut-powder-processing-machine-with-wheels-16x12.webp 16w\" sizes=\"auto, (max-width: 720px) 100vw, 720px\" \/><figcaption class=\"wp-element-caption\">m\u00e1quina de procesamiento de polvo de cacahuete con ruedas<\/figcaption><\/figure> <\/div>   <h2 class=\"wp-block-heading\"><strong>Especificaci\u00f3n de la m\u00e1quina para hacer polvo de almendra<\/strong><\/h2>    <figure class=\"wp-block-table\"><table class=\"has-fixed-layout\"><tbody><tr><td>Fuerza<\/td><td class=\"has-text-align-center\" data-align=\"center\">3 KW<\/td><\/tr><tr><td>Capacidad<\/td><td class=\"has-text-align-center\" data-align=\"center\">200-600 kg\/h<\/td><\/tr><tr><td>Voltaje<\/td><td class=\"has-text-align-center\" data-align=\"center\">380 V<\/td><\/tr><tr><td>Frecuencia<\/td><td class=\"has-text-align-center\" data-align=\"center\">50 HZ<\/td><\/tr><tr><td>Dimensiones<\/td><td class=\"has-text-align-center\" data-align=\"center\">1200x1050x1400 mm<\/td><\/tr><tr><td>Finura<\/td><td class=\"has-text-align-center\" data-align=\"center\">Aproximadamente 30 malla<\/td><\/tr><tr><td>Materiales<\/td><td class=\"has-text-align-center\" data-align=\"center\">SUS201, personalizaci\u00f3n opcional SUS304<\/td><\/tr><\/tbody><\/table><figcaption class=\"wp-element-caption\">par\u00e1metros t\u00e9cnicos de la m\u00e1quina de molienda de polvo de cacahuete<\/figcaption><\/figure>    <h2 class=\"wp-block-heading\"><strong>Principio de funcionamiento de la m\u00e1quina de molienda de polvo de cacahuete<\/strong><\/h2>    <p>La m\u00e1quina adopta una estructura de trituraci\u00f3n de tres etapas para producir un polvo de nuez uniforme:<\/p>    <ul class=\"wp-block-list\"> <li>Las dos primeras etapas utilizan rodillos dentados (rodillos estriados) para pre-moler y romper los cacahuetes en gr\u00e1nulos m\u00e1s peque\u00f1os.<\/li>    <li>La etapa final utiliza rodillos lisos para moler y frotar los cacahuetes triturados en polvo fino.<\/li> <\/ul>    <p>Cada etapa tiene dos rodillos, y hay un total de seis rodillos en este molino de harina de almendra. Este dise\u00f1o proporciona una trituraci\u00f3n progresiva y un molido fino, lo que resulta en un tama\u00f1o de part\u00edcula estable para hacer un tama\u00f1o uniforme de polvo.<\/p>    <p>Si solo utiliza la placa y separa los rodillos de molienda, el producto terminado ser\u00e1 granular por encima de 2 mm, pero el tama\u00f1o no ser\u00e1 tan uniforme.<\/p>    <figure class=\"wp-block-gallery has-nested-images columns-default is-cropped wp-block-gallery-2 is-layout-flex wp-block-gallery-is-layout-flex\"> <figure class=\"wp-block-image size-large\"><img loading=\"lazy\" decoding=\"async\" width=\"720\" height=\"540\" data-id=\"384\" src=\"https:\/\/bestpeanutmachine.com\/wp-content\/uploads\/2025\/08\/first-two-stage-of-cashew-grinding-machine.webp\" alt=\"primeras dos etapas de la m\u00e1quina de moler anacardo\" class=\"wp-image-384\" srcset=\"https:\/\/bestpeanutmachine.com\/wp-content\/uploads\/2025\/08\/first-two-stage-of-cashew-grinding-machine.webp 720w, https:\/\/bestpeanutmachine.com\/wp-content\/uploads\/2025\/08\/first-two-stage-of-cashew-grinding-machine-300x225.webp 300w, https:\/\/bestpeanutmachine.com\/wp-content\/uploads\/2025\/08\/first-two-stage-of-cashew-grinding-machine-16x12.webp 16w\" sizes=\"auto, (max-width: 720px) 100vw, 720px\" \/><figcaption class=\"wp-element-caption\">primeras dos etapas de la m\u00e1quina de moler anacardo<\/figcaption><\/figure>    <figure class=\"wp-block-image size-full\"><img loading=\"lazy\" decoding=\"async\" width=\"720\" height=\"540\" data-id=\"386\" src=\"https:\/\/bestpeanutmachine.com\/wp-content\/uploads\/2025\/08\/final-stage-of-almond-flour-grinder.webp\" alt=\"etapa final del molino de harina de almendra\" class=\"wp-image-386\" srcset=\"https:\/\/bestpeanutmachine.com\/wp-content\/uploads\/2025\/08\/final-stage-of-almond-flour-grinder.webp 720w, https:\/\/bestpeanutmachine.com\/wp-content\/uploads\/2025\/08\/final-stage-of-almond-flour-grinder-300x225.webp 300w, https:\/\/bestpeanutmachine.com\/wp-content\/uploads\/2025\/08\/final-stage-of-almond-flour-grinder-16x12.webp 16w\" sizes=\"auto, (max-width: 720px) 100vw, 720px\" \/><figcaption class=\"wp-element-caption\">etapa final del molino de harina de almendra<\/figcaption><\/figure> <\/figure>    <h2 class=\"wp-block-heading\"><strong>Aplicaciones de la m\u00e1quina de polvo de cacahuete<\/strong><\/h2>    <p>Sabemos que las m\u00e1quinas de procesamiento de harina de cacahuete pueden moler nueces en un polvo fino, pero \u00bfpor qu\u00e9 son tan populares la harina de cacahuete y la harina de anacardo?<br>Peanut flour is commonly used in snacks, sauces, and peanut butter bases. Therefore, it&#8217;s essential equipment for peanut food processing plants.<\/p>    <p>Los productos procesados por nuestra m\u00e1quina para hacer polvo de cacahuete tambi\u00e9n pueden usarse para recubrimientos de frutos secos en productos horneados, caramelos y postres. Por lo tanto, algunos proveedores de ingredientes para panader\u00eda suelen solicitar esta m\u00e1quina para completar su l\u00ednea de producci\u00f3n.<\/p>    <p>En la industria de bebidas, las bebidas a base de frutos secos, como la leche de cacahuete y la leche en polvo de almendra, requieren harina de frutos secos como ingrediente. Algunas marcas usan esta m\u00e1quina para el preprocesamiento y obtener polvo de cacahuete, dando a sus bebidas un sabor m\u00e1s refinado.<\/p>    <figure class=\"wp-block-gallery has-nested-images columns-2 is-cropped wp-block-gallery-3 is-layout-flex wp-block-gallery-is-layout-flex\"> <figure class=\"wp-block-image size-large\"><img loading=\"lazy\" decoding=\"async\" width=\"720\" height=\"540\" data-id=\"388\" src=\"https:\/\/bestpeanutmachine.com\/wp-content\/uploads\/2025\/08\/peanut-butter.webp\" alt=\"mantequilla de man\u00ed\" class=\"wp-image-388\" srcset=\"https:\/\/bestpeanutmachine.com\/wp-content\/uploads\/2025\/08\/peanut-butter.webp 720w, https:\/\/bestpeanutmachine.com\/wp-content\/uploads\/2025\/08\/peanut-butter-300x225.webp 300w, https:\/\/bestpeanutmachine.com\/wp-content\/uploads\/2025\/08\/peanut-butter-16x12.webp 16w\" sizes=\"auto, (max-width: 720px) 100vw, 720px\" \/><figcaption class=\"wp-element-caption\">mantequilla de man\u00ed<\/figcaption><\/figure>    <figure class=\"wp-block-image size-large\"><img loading=\"lazy\" decoding=\"async\" width=\"720\" height=\"540\" data-id=\"387\" src=\"https:\/\/bestpeanutmachine.com\/wp-content\/uploads\/2025\/08\/almond-flour-cake.webp\" alt=\"pastel de harina de almendra\" class=\"wp-image-387\" srcset=\"https:\/\/bestpeanutmachine.com\/wp-content\/uploads\/2025\/08\/almond-flour-cake.webp 720w, https:\/\/bestpeanutmachine.com\/wp-content\/uploads\/2025\/08\/almond-flour-cake-300x225.webp 300w, https:\/\/bestpeanutmachine.com\/wp-content\/uploads\/2025\/08\/almond-flour-cake-16x12.webp 16w\" sizes=\"auto, (max-width: 720px) 100vw, 720px\" \/><figcaption class=\"wp-element-caption\">pastel de harina de almendra<\/figcaption><\/figure>    <figure class=\"wp-block-image size-large\"><img loading=\"lazy\" decoding=\"async\" width=\"720\" height=\"540\" data-id=\"389\" src=\"https:\/\/bestpeanutmachine.com\/wp-content\/uploads\/2025\/08\/peanut-milk.webp\" alt=\"leche de cacahuete\" class=\"wp-image-389\" srcset=\"https:\/\/bestpeanutmachine.com\/wp-content\/uploads\/2025\/08\/peanut-milk.webp 720w, https:\/\/bestpeanutmachine.com\/wp-content\/uploads\/2025\/08\/peanut-milk-300x225.webp 300w, https:\/\/bestpeanutmachine.com\/wp-content\/uploads\/2025\/08\/peanut-milk-16x12.webp 16w\" sizes=\"auto, (max-width: 720px) 100vw, 720px\" \/><figcaption class=\"wp-element-caption\">leche de cacahuete<\/figcaption><\/figure>    <figure class=\"wp-block-image size-large\"><img loading=\"lazy\" decoding=\"async\" width=\"720\" height=\"540\" data-id=\"390\" src=\"https:\/\/bestpeanutmachine.com\/wp-content\/uploads\/2025\/08\/peanut-protein-powder.webp\" alt=\"polvo de prote\u00edna de cacahuete\" class=\"wp-image-390\" srcset=\"https:\/\/bestpeanutmachine.com\/wp-content\/uploads\/2025\/08\/peanut-protein-powder.webp 720w, https:\/\/bestpeanutmachine.com\/wp-content\/uploads\/2025\/08\/peanut-protein-powder-300x225.webp 300w, https:\/\/bestpeanutmachine.com\/wp-content\/uploads\/2025\/08\/peanut-protein-powder-16x12.webp 16w\" sizes=\"auto, (max-width: 720px) 100vw, 720px\" \/><figcaption class=\"wp-element-caption\">polvo de prote\u00edna de cacahuete<\/figcaption><\/figure> <\/figure>    <p>Si est\u00e1 interesado en este tipo de m\u00e1quina o tiene alguna pregunta al respecto, por favor cont\u00e1cteme y d\u00edgame sus dudas. Le proporcionaremos una cuota gratuita y una lista de modelos.<\/p>    <p class=\"translation-block\">Tambi\u00e9n ofrecemos la <a href=\"https:\/\/bestpeanutmachine.com\/es\/product\/peanut-butter-production-line\/\">l\u00ednea de producci\u00f3n de mantequilla de cacahuete<\/a> que incluye este equipo. Si desea obtener m\u00e1s informaci\u00f3n sobre las l\u00edneas de producci\u00f3n de mantequilla de cacahuete, por favor cont\u00e1ctenos directamente.<\/p>","protected":false},"excerpt":{"rendered":"<p>La m\u00e1quina de polvo de cacahuete Taizy es una trituradora industrial para fabricar polvo de frutos secos, como: cacahuete, anacardo, almendra, etc. Puede producir 200-600 kg de polvo de malla 30 por hora. Es popular entre las f\u00e1bricas de procesamiento de alimentos en varios pa\u00edses, como India, Estados Unidos, Canad\u00e1 y Australia.<\/p>","protected":false},"author":1,"featured_media":382,"parent":0,"template":"","tags":[11],"product-type":[69,6],"class_list":["post-377","product","type-product","status-publish","has-post-thumbnail","hentry","tag-peanut","product-type-peanut-machine","product-type-product"],"_links":{"self":[{"href":"https:\/\/bestpeanutmachine.com\/es\/wp-json\/wp\/v2\/product\/377","targetHints":{"allow":["GET"]}}],"collection":[{"href":"https:\/\/bestpeanutmachine.com\/es\/wp-json\/wp\/v2\/product"}],"about":[{"href":"https:\/\/bestpeanutmachine.com\/es\/wp-json\/wp\/v2\/types\/product"}],"author":[{"embeddable":true,"href":"https:\/\/bestpeanutmachine.com\/es\/wp-json\/wp\/v2\/users\/1"}],"wp:featuredmedia":[{"embeddable":true,"href":"https:\/\/bestpeanutmachine.com\/es\/wp-json\/wp\/v2\/media\/382"}],"wp:attachment":[{"href":"https:\/\/bestpeanutmachine.com\/es\/wp-json\/wp\/v2\/media?parent=377"}],"wp:term":[{"taxonomy":"post_tag","embeddable":true,"href":"https:\/\/bestpeanutmachine.com\/es\/wp-json\/wp\/v2\/tags?post=377"},{"taxonomy":"product-type","embeddable":true,"href":"https:\/\/bestpeanutmachine.com\/es\/wp-json\/wp\/v2\/product-type?post=377"}],"curies":[{"name":"wp","href":"https:\/\/api.w.org\/{rel}","templated":true}]}}