{"id":39,"date":"2022-08-25T02:35:43","date_gmt":"2022-08-24T18:35:43","guid":{"rendered":"https:\/\/bestpeanutmachine.com\/?post_type=product&#038;p=39"},"modified":"2025-11-05T17:15:59","modified_gmt":"2025-11-05T09:15:59","slug":"peanut-shelling-machine","status":"publish","type":"product","link":"https:\/\/bestpeanutmachine.com\/es\/product\/peanut-shelling-machine\/","title":{"rendered":"M\u00e1quina descascaradora de man\u00ed"},"content":{"rendered":"<p class=\"translation-block\">Nuestra <strong>M\u00e1quina de descascarado de cacahuetes<\/strong> ofrece un procesamiento de alta eficiencia de 200 a 800 kg por hora, garantizando un descascarado de cacahuetes confiable y automatizado. Fabricada en acero inoxidable, ofrece durabilidad, resistencia a la corrosi\u00f3n y operaci\u00f3n estable.<\/p>    <p>Adecuada para producci\u00f3n a peque\u00f1a y gran escala, puede funcionar de forma independiente o integrarse en l\u00edneas de mantequilla de cacahuete y tostado.<\/p>    <p>La m\u00e1quina mantiene una alta integridad del n\u00facleo, haciendo que los cacahuetes sean ideales para la producci\u00f3n de mantequilla, caramelos, aceite y pasteler\u00eda, mientras que las c\u00e1scaras pueden ser reutilizadas como combustible de biomasa, apoyando una econom\u00eda de cero residuos.<\/p>    <p>\u00a1El\u00edjanos por eficiencia, fiabilidad y sostenibilidad!<\/p>    <figure class=\"wp-block-embed is-type-video is-provider-youtube wp-block-embed-youtube wp-embed-aspect-16-9 wp-has-aspect-ratio\"><div class=\"wp-block-embed__wrapper\"> <iframe loading=\"lazy\" title=\"Optimice su proceso: c\u00f3mo utilizar la m\u00e1quina descascaradora de man\u00ed #agriculture #farming #peanut #groundnut\" width=\"500\" height=\"281\" src=\"https:\/\/www.youtube.com\/embed\/3OmrrTGSkqc?start=2&#038;feature=oembed\" frameborder=\"0\" allow=\"accelerometer; autoplay; clipboard-write; encrypted-media; gyroscope; picture-in-picture; web-share\" referrerpolicy=\"strict-origin-when-cross-origin\" allowfullscreen><\/iframe> <\/div><figcaption class=\"wp-element-caption\">Video de trabajo de la m\u00e1quina de bombardeo de man\u00ed<\/figcaption><\/figure>    <h2 class=\"wp-block-heading\">M\u00e1quina descascaradora de man\u00ed a la venta<\/h2>    <p>La serie de desgranadoras de man\u00ed consta de cuatro modelos: TBH200, TBH400, TBH800 y 6BHD-800D. Cada modelo ofrece compatibilidad con motores el\u00e9ctricos, de gasolina o di\u00e9sel, lo que garantiza su idoneidad para granjas de todos los tama\u00f1os.<\/p>    <h3 class=\"wp-block-heading\"><strong>TBH200: Filar de man\u00ed de nivel de entrada eficiente<\/strong><\/h3>    <div class=\"wp-block-media-text is-stacked-on-mobile\"><figure class=\"wp-block-media-text__media\"><img loading=\"lazy\" decoding=\"async\" width=\"720\" height=\"540\" src=\"https:\/\/bestpeanutmachine.com\/wp-content\/uploads\/2022\/08\/TBH200-peanut-shelling-machine.webp\" alt=\"Desgranadora de man\u00ed TBH200\" class=\"wp-image-215 size-full\" srcset=\"https:\/\/bestpeanutmachine.com\/wp-content\/uploads\/2022\/08\/TBH200-peanut-shelling-machine.webp 720w, https:\/\/bestpeanutmachine.com\/wp-content\/uploads\/2022\/08\/TBH200-peanut-shelling-machine-300x225.webp 300w, https:\/\/bestpeanutmachine.com\/wp-content\/uploads\/2022\/08\/TBH200-peanut-shelling-machine-16x12.webp 16w\" sizes=\"auto, (max-width: 720px) 100vw, 720px\" \/><\/figure><div class=\"wp-block-media-text__content\"> <ul class=\"wp-block-list\"> <li><strong>Modelo de nivel de entrada TBH200.<\/strong> Dise\u00f1ado para la eliminaci\u00f3n eficiente de la concha de man\u00ed. <\/li>    <li><strong>Productividad mejorada.<\/strong> Mejora la eficiencia operativa. <\/li>    <li><strong>Ideal para granjas peque\u00f1as a medianas.<\/strong> Proporciona una soluci\u00f3n de bombardeo confiable y f\u00e1cil de usar.<\/li> <\/ul> <\/div><\/div>    <h3 class=\"wp-block-heading\"><strong>TBH400: Filar de man\u00ed de rango medio efectivo<\/strong><\/h3>    <div class=\"wp-block-media-text has-media-on-the-right is-stacked-on-mobile\"><div class=\"wp-block-media-text__content\"> <ul class=\"wp-block-list\"> <li><strong>Modelo de rango medio TBH400.<\/strong> Actualizado de TBH200 con caracter\u00edsticas mejoradas. <\/li>    <li><strong>Pantalla adicional.<\/strong> Mejora la capacidad de tamizado para una mejor eficiencia de bombardeo. <\/li>    <li><strong>Rendimiento confiable.<\/strong> Asegura operaciones de bombardeo eficientes y consistentes.<\/li> <\/ul> <\/div><figure class=\"wp-block-media-text__media\"><img loading=\"lazy\" decoding=\"async\" width=\"720\" height=\"540\" src=\"https:\/\/bestpeanutmachine.com\/wp-content\/uploads\/2022\/08\/TBH400-groundnut-sheller.webp\" alt=\"Desgranadora de man\u00ed TBH400\" class=\"wp-image-216 size-full\" srcset=\"https:\/\/bestpeanutmachine.com\/wp-content\/uploads\/2022\/08\/TBH400-groundnut-sheller.webp 720w, https:\/\/bestpeanutmachine.com\/wp-content\/uploads\/2022\/08\/TBH400-groundnut-sheller-300x225.webp 300w, https:\/\/bestpeanutmachine.com\/wp-content\/uploads\/2022\/08\/TBH400-groundnut-sheller-16x12.webp 16w\" sizes=\"auto, (max-width: 720px) 100vw, 720px\" \/><\/figure><\/div>    <h3 class=\"wp-block-heading\"><strong>TBH800: Beller de man\u00ed de alto rendimiento para producci\u00f3n a gran escala<\/strong><\/h3>    <div class=\"wp-block-media-text is-stacked-on-mobile\"><figure class=\"wp-block-media-text__media\"><img loading=\"lazy\" decoding=\"async\" width=\"720\" height=\"540\" src=\"https:\/\/bestpeanutmachine.com\/wp-content\/uploads\/2022\/08\/TBH800-peanut-shelling-machine.webp\" alt=\"M\u00e1quina peladora de man\u00ed TBH800\" class=\"wp-image-217 size-full\" srcset=\"https:\/\/bestpeanutmachine.com\/wp-content\/uploads\/2022\/08\/TBH800-peanut-shelling-machine.webp 720w, https:\/\/bestpeanutmachine.com\/wp-content\/uploads\/2022\/08\/TBH800-peanut-shelling-machine-300x225.webp 300w, https:\/\/bestpeanutmachine.com\/wp-content\/uploads\/2022\/08\/TBH800-peanut-shelling-machine-16x12.webp 16w\" sizes=\"auto, (max-width: 720px) 100vw, 720px\" \/><\/figure><div class=\"wp-block-media-text__content\"> <ul class=\"wp-block-list\"> <li><strong>Modelo de alta gama TBH800.<\/strong> El m\u00e1s avanzado de man\u00ed de nuestra serie. <\/li>    <li><strong>Funci\u00f3n de bombardeo secundario.<\/strong> Mejora la eficiencia y la salida del bombardeo. <\/li>    <li><strong>Pantallas duales y contenedores de alimentaci\u00f3n.<\/strong> Mejora la capacidad de procesamiento y la precisi\u00f3n. <\/li>    <li><strong>Ideal para granjas e industrias a gran escala.<\/strong> Dise\u00f1ado para el procesamiento de man\u00ed de alto volumen. <\/li>    <li><strong>Rendimiento superior.<\/strong> Asegura la m\u00e1xima eficiencia para operaciones extensas.<\/li> <\/ul> <\/div><\/div>    <h3 class=\"wp-block-heading\"><strong>6bhd-800d: vers\u00e1til y eficiente Peanut Sheller<\/strong><\/h3>    <div class=\"wp-block-media-text has-media-on-the-right is-stacked-on-mobile\"><div class=\"wp-block-media-text__content\"> <ul class=\"wp-block-list\"> <li><strong>Modelo multifuncional 6BHD-800D.<\/strong> Sheller de man\u00ed vers\u00e1til con capacidades mejoradas. <\/li>    <li><strong>Dise\u00f1o actualizable.<\/strong> Se puede equipar con un marco y neum\u00e1ticos grandes para una mejor estabilidad y movilidad. <\/li>    <li><strong>Adaptable para varias aplicaciones.<\/strong> Adecuado para diferentes escenarios de bombardeo. <\/li>    <li><strong>Rendimiento eficiente.<\/strong> Ofrece una soluci\u00f3n de bombardeo confiable y de alta salida.<\/li> <\/ul> <\/div><figure class=\"wp-block-media-text__media\"><img loading=\"lazy\" decoding=\"async\" width=\"720\" height=\"540\" src=\"https:\/\/bestpeanutmachine.com\/wp-content\/uploads\/2022\/08\/groudnut-shell-removing-machine.webp\" alt=\"m\u00e1quina para quitar la c\u00e1scara de man\u00ed\" class=\"wp-image-218 size-full\" srcset=\"https:\/\/bestpeanutmachine.com\/wp-content\/uploads\/2022\/08\/groudnut-shell-removing-machine.webp 720w, https:\/\/bestpeanutmachine.com\/wp-content\/uploads\/2022\/08\/groudnut-shell-removing-machine-300x225.webp 300w, https:\/\/bestpeanutmachine.com\/wp-content\/uploads\/2022\/08\/groudnut-shell-removing-machine-16x12.webp 16w\" sizes=\"auto, (max-width: 720px) 100vw, 720px\" \/><\/figure><\/div>    <h2 class=\"wp-block-heading\" id=\"h-how-does-peanut-shelling-machine-work\">\u00bfC\u00f3mo funciona la m\u00e1quina peladora de man\u00ed?<\/h2>    <p class=\"translation-block\">La m\u00e1quina de descortezado de cacahuates opera a trav\u00e9s de un <strong>proceso automatizado de cuatro etapas<\/strong> dise\u00f1ado para maximizar la eficiencia y la precisi\u00f3n del descortezado mientras minimiza el da\u00f1o al n\u00facleo. Aqu\u00ed hay un desglose paso a paso:<\/p>    <div class=\"wp-block-media-text is-stacked-on-mobile\"><figure class=\"wp-block-media-text__media\"><img loading=\"lazy\" decoding=\"async\" width=\"720\" height=\"540\" src=\"https:\/\/bestpeanutmachine.com\/wp-content\/uploads\/2022\/08\/groundnut-sheller-factory.jpg\" alt=\"f\u00e1brica de desgranadoras de man\u00ed\" class=\"wp-image-69 size-full\" srcset=\"https:\/\/bestpeanutmachine.com\/wp-content\/uploads\/2022\/08\/groundnut-sheller-factory.jpg 720w, https:\/\/bestpeanutmachine.com\/wp-content\/uploads\/2022\/08\/groundnut-sheller-factory-300x225.jpg 300w\" sizes=\"auto, (max-width: 720px) 100vw, 720px\" \/><\/figure><div class=\"wp-block-media-text__content\"> <p class=\"translation-block\"><strong>Descortezado por tambor de malla gruesa-fina<\/strong><\/p>    <ul class=\"wp-block-list\"> <li>Los cacahuetes se alimentan al tambor giratorio equipado con<strong>barras de archivo gruesas<\/strong>&nbsp;y un<strong>superficie de Intaglio fija<\/strong>.<\/li>    <li>La fricci\u00f3n rodante entre las barras y la superficie se abre las conchas sin aplastar los n\u00facleos.<\/li> <\/ul>    <p class=\"translation-block\"><strong>Separaci\u00f3n de c\u00e1scara y n\u00facleo mediante flujo de aire<\/strong><\/p>    <ul class=\"wp-block-list\"> <li>La mezcla agrietada de conchas y n\u00facleos cae a trav\u00e9s de la cuadr\u00edcula del tambor en un conducto.<\/li>    <li>Un<strong>ventilador de alta velocidad<\/strong>&nbsp;Sopla conchas livianas hacia afuera para la recolecci\u00f3n, mientras que los n\u00facleos m\u00e1s pesados \u200b\u200bproceden a la siguiente etapa.<\/li> <\/ul> <\/div><\/div>    <div class=\"wp-block-media-text has-media-on-the-right is-stacked-on-mobile\"><div class=\"wp-block-media-text__content\"> <p class=\"translation-block\"><strong>Purificaci\u00f3n por gravedad<\/strong><\/p>    <ul class=\"wp-block-list\"> <li>La mezcla restante entra en un<strong>separador de gravedad<\/strong>.<\/li>    <li>\u200b<strong>N\u00facleos completos<\/strong>&nbsp;(m\u00e1s denso) se elevan hacia arriba a la salida de descarga para envases inmediatos o procesamiento adicional.<\/li>    <li>\u200b<strong>Man\u00ed sin c\u00e1scara o parcialmente con c\u00e1scara<\/strong>&nbsp;(m\u00e1s ligero) Baja hacia abajo en un ascensor para volver a procesar.<\/li> <\/ul>    <p class=\"translation-block\"><strong>Re-descortezado en circuito cerrado<\/strong><\/p>    <ul class=\"wp-block-list\"> <li>El ascensor transporta cacahetes condenados<strong>tambor de cuadr\u00edcula fina<\/strong>&nbsp;para una ronda secundaria de deshilates.<\/li>    <li>Este ciclo se repite hasta<strong>98%+ eficiencia de bombardeo<\/strong>&nbsp;se logra, asegurando un desperdicio m\u00ednimo.<\/li> <\/ul> <\/div><figure class=\"wp-block-media-text__media\"><img loading=\"lazy\" decoding=\"async\" width=\"720\" height=\"540\" src=\"https:\/\/bestpeanutmachine.com\/wp-content\/uploads\/2022\/08\/peanut-skin-remover.webp\" alt=\"removedor de piel de man\u00ed\" class=\"wp-image-220 size-full\" srcset=\"https:\/\/bestpeanutmachine.com\/wp-content\/uploads\/2022\/08\/peanut-skin-remover.webp 720w, https:\/\/bestpeanutmachine.com\/wp-content\/uploads\/2022\/08\/peanut-skin-remover-300x225.webp 300w, https:\/\/bestpeanutmachine.com\/wp-content\/uploads\/2022\/08\/peanut-skin-remover-16x12.webp 16w\" sizes=\"auto, (max-width: 720px) 100vw, 720px\" \/><\/figure><\/div>    <p>Ideal para granjas comerciales y plantas de procesamiento, esta m\u00e1quina transforma los cacahuetes crudos en n\u00facleos de alta calidad con velocidad y confiabilidad inigualables.<\/p>    <h2 class=\"wp-block-heading\" id=\"h-features-of-peanut-sheller-machine\">Caracter\u00edsticas de la m\u00e1quina desgranadora de man\u00ed<\/h2>    <div class=\"wp-block-media-text is-stacked-on-mobile\"><figure class=\"wp-block-media-text__media\"><img loading=\"lazy\" decoding=\"async\" width=\"720\" height=\"540\" src=\"https:\/\/bestpeanutmachine.com\/wp-content\/uploads\/2022\/08\/peanut-sheller-machine.jpg\" alt=\"m\u00e1quina descascaradora de man\u00ed\" class=\"wp-image-68 size-full\" srcset=\"https:\/\/bestpeanutmachine.com\/wp-content\/uploads\/2022\/08\/peanut-sheller-machine.jpg 720w, https:\/\/bestpeanutmachine.com\/wp-content\/uploads\/2022\/08\/peanut-sheller-machine-300x225.jpg 300w\" sizes=\"auto, (max-width: 720px) 100vw, 720px\" \/><\/figure><div class=\"wp-block-media-text__content\"> <ul class=\"wp-block-list\"> <li><strong>Rentable y de alto rendimiento.<\/strong> El Peanut Sheller combina asequibilidad con excelente calidad y eficiencia excepcional, lo que garantiza un gran valor para su inversi\u00f3n. <\/li>    <li><strong>Dise\u00f1o f\u00e1cil de usar.<\/strong> Con su estructura simple y su dise\u00f1o bien pensado, la m\u00e1quina es f\u00e1cil de operar y mantener, por lo que es ideal tanto para los usuarios principales y experimentados. <\/li>    <li><strong>Compacto y ahorro de espacio.<\/strong> El tama\u00f1o peque\u00f1o de la m\u00e1quina le permite caber en espacios ajustados, perfecto para uso en el hogar y configuraciones de producci\u00f3n m\u00e1s peque\u00f1as.<\/li> <\/ul> <\/div><\/div>    <div class=\"wp-block-media-text has-media-on-the-right is-stacked-on-mobile\"><div class=\"wp-block-media-text__content\"> <ul class=\"wp-block-list\"> <li><strong>Eficiencia de casco excepcional.<\/strong> Con una tasa de casco superior a 98%, esta m\u00e1quina garantiza resultados de alta calidad y salida maximizada. <\/li>    <li><strong>M\u00faltiples opciones de energ\u00eda.<\/strong> Ya sea que prefiera un motor el\u00e9ctrico, motor diesel o motor de gasolina, ofrecemos una gama de opciones de energ\u00eda para satisfacer sus necesidades operativas. <\/li>    <li><strong>Personalizaci\u00f3n disponible.<\/strong> Ofrecemos servicios de personalizaci\u00f3n robustos para adaptar la m\u00e1quina a sus requisitos espec\u00edficos, asegurando un rendimiento \u00f3ptimo para sus demandas de producci\u00f3n \u00fanicas.<\/li> <\/ul> <\/div><figure class=\"wp-block-media-text__media\"><img loading=\"lazy\" decoding=\"async\" width=\"720\" height=\"540\" src=\"https:\/\/bestpeanutmachine.com\/wp-content\/uploads\/2022\/08\/groundnut-shell-removing-machine.webp\" alt=\"m\u00e1quina para quitar c\u00e1scaras de man\u00ed\" class=\"wp-image-219 size-full\" srcset=\"https:\/\/bestpeanutmachine.com\/wp-content\/uploads\/2022\/08\/groundnut-shell-removing-machine.webp 720w, https:\/\/bestpeanutmachine.com\/wp-content\/uploads\/2022\/08\/groundnut-shell-removing-machine-300x225.webp 300w, https:\/\/bestpeanutmachine.com\/wp-content\/uploads\/2022\/08\/groundnut-shell-removing-machine-16x12.webp 16w\" sizes=\"auto, (max-width: 720px) 100vw, 720px\" \/><\/figure><\/div>    <h2 class=\"wp-block-heading\" id=\"h-parameters-of-taizy-peanut-shelling-machine\">Par\u00e1metros de la m\u00e1quina de bombardeo de man\u00ed<\/h2>    <figure class=\"wp-block-table\"><table><tbody><tr><td>Modelo<\/td><td>Capacidad<\/td><td>Fuerza<\/td><td>Peso<\/td><td>Tama\u00f1o<\/td><\/tr><tr><td>TBH-200<\/td><td>200kg\/h<\/td><td>Motor de 2,2 kW, motor de gasolina 170F, motor di\u00e9sel de 6 CV<\/td><td>40kg<\/td><td>650*560*1000mm<\/td><\/tr><tr><td>TBH-400<\/td><td>300-400kg\/h<\/td><td>Motor de 3kW, motor de gasolina 170F, motor di\u00e9sel de 8hp<\/td><td>\/<\/td><td>\/<\/td><\/tr><tr><td>TBH-800<\/td><td>600-800kg\/hora<\/td><td>Motor de 3kW O motor de gasolina 170F, motor di\u00e9sel de 8hp<\/td><td>160kg<\/td><td>1330*750*1570mm<\/td><\/tr><tr><td>6BHD-800B<\/td><td>600-800kg\/hora<\/td><td>Motor de 2,2-3,0 kW<\/td><td>160kg<\/td><td>1330*750*1570mm<\/td><\/tr><\/tbody><\/table><figcaption class=\"wp-element-caption\">Par\u00e1metros de la m\u00e1quina descascaradora de man\u00ed<\/figcaption><\/figure>    <h2 class=\"wp-block-heading\" id=\"h-what-is-the-best-way-to-shell-peanuts\">Estructura de la m\u00e1quina para quitar la c\u00e1scara de man\u00ed<\/h2>    <figure class=\"wp-block-image size-full\"><img loading=\"lazy\" decoding=\"async\" width=\"720\" height=\"540\" src=\"https:\/\/bestpeanutmachine.com\/wp-content\/uploads\/2022\/08\/peanut-sheller-machine-structure.webp\" alt=\"estructura de la m\u00e1quina desgranadora de man\u00ed\" class=\"wp-image-221\" srcset=\"https:\/\/bestpeanutmachine.com\/wp-content\/uploads\/2022\/08\/peanut-sheller-machine-structure.webp 720w, https:\/\/bestpeanutmachine.com\/wp-content\/uploads\/2022\/08\/peanut-sheller-machine-structure-300x225.webp 300w, https:\/\/bestpeanutmachine.com\/wp-content\/uploads\/2022\/08\/peanut-sheller-machine-structure-16x12.webp 16w\" sizes=\"auto, (max-width: 720px) 100vw, 720px\" \/><figcaption class=\"wp-element-caption\">estructura de la m\u00e1quina desgranadora de man\u00ed<\/figcaption><\/figure>    <h2 class=\"wp-block-heading\">Cont\u00e1ctenos<\/h2>    <p class=\"translation-block\">Nuestra <strong>m\u00e1quina de descortezado de cacahuates<\/strong> asegura alta eficiencia, una alta tasa de descortezado y un da\u00f1o m\u00ednimo al n\u00facleo, lo que la convierte en una excelente opci\u00f3n para negocios de procesamiento de <a href=\"https:\/\/en.wikipedia.org\/wiki\/Peanut\" data-type=\"link\" data-id=\"https:\/\/en.wikipedia.org\/wiki\/Peanut\" target=\"_blank\" rel=\"noopener\">cacahuate<\/a>. Dise\u00f1ada para durabilidad y facilidad de uso, esta m\u00e1quina mejora la productividad mientras mantiene la calidad de los cacahuates descortezados. <\/p>    <p class=\"translation-block\">Adem\u00e1s de los descortezadores de cacahuates, tambi\u00e9n ofrecemos una amplia gama de <strong>m\u00e1quinas de procesamiento de cacahuates<\/strong>, incluyendo <a href=\"https:\/\/bestpeanutmachine.com\/es\/product\/peanut-butter-production-line\/\" data-type=\"link\" data-id=\"https:\/\/bestpeanutmachine.com\/product\/peanut-butter-production-line\/\">m\u00e1quinas de mantequilla de cacahuate<\/a>, <a href=\"https:\/\/bestpeanutmachine.com\/es\/product\/peanut-roasting-machine\/\" data-type=\"link\" data-id=\"https:\/\/bestpeanutmachine.com\/product\/peanut-roasting-machine\/\">m\u00e1quinas de tostado de cacahuate<\/a>, y <a href=\"https:\/\/bestpeanutmachine.com\/es\/product\/peanut-oil-extraction-machine\/\" data-type=\"link\" data-id=\"https:\/\/bestpeanutmachine.com\/product\/peanut-oil-extraction-machine\/\">m\u00e1quinas de extracci\u00f3n de aceite de cacahuate<\/a>. \u00a1Cont\u00e1ctenos hoy para m\u00e1s detalles y un presupuesto personalizado!<\/p>","protected":false},"excerpt":{"rendered":"<p>Nuestra m\u00e1quina de bombardeo de man\u00ed ofrece un procesamiento de alta eficiencia de 200\u2013800 kg por hora, asegurando el desinflamiento de man\u00ed confiable y automatizado.<\/p>","protected":false},"author":1,"featured_media":67,"parent":0,"template":"","tags":[8],"product-type":[6,69],"class_list":["post-39","product","type-product","status-publish","has-post-thumbnail","hentry","tag-peanut-processing-machine","product-type-product","product-type-peanut-machine"],"_links":{"self":[{"href":"https:\/\/bestpeanutmachine.com\/es\/wp-json\/wp\/v2\/product\/39","targetHints":{"allow":["GET"]}}],"collection":[{"href":"https:\/\/bestpeanutmachine.com\/es\/wp-json\/wp\/v2\/product"}],"about":[{"href":"https:\/\/bestpeanutmachine.com\/es\/wp-json\/wp\/v2\/types\/product"}],"author":[{"embeddable":true,"href":"https:\/\/bestpeanutmachine.com\/es\/wp-json\/wp\/v2\/users\/1"}],"wp:featuredmedia":[{"embeddable":true,"href":"https:\/\/bestpeanutmachine.com\/es\/wp-json\/wp\/v2\/media\/67"}],"wp:attachment":[{"href":"https:\/\/bestpeanutmachine.com\/es\/wp-json\/wp\/v2\/media?parent=39"}],"wp:term":[{"taxonomy":"post_tag","embeddable":true,"href":"https:\/\/bestpeanutmachine.com\/es\/wp-json\/wp\/v2\/tags?post=39"},{"taxonomy":"product-type","embeddable":true,"href":"https:\/\/bestpeanutmachine.com\/es\/wp-json\/wp\/v2\/product-type?post=39"}],"curies":[{"name":"wp","href":"https:\/\/api.w.org\/{rel}","templated":true}]}}