{"id":403,"date":"2025-09-12T11:59:57","date_gmt":"2025-09-12T03:59:57","guid":{"rendered":"https:\/\/bestpeanutmachine.com\/?post_type=product&#038;p=403"},"modified":"2026-01-14T16:24:59","modified_gmt":"2026-01-14T08:24:59","slug":"peanut-butter-grinder-machine","status":"publish","type":"product","link":"https:\/\/bestpeanutmachine.com\/es\/product\/peanut-butter-grinder-machine\/","title":{"rendered":"M\u00e1quina de moler mantequilla de man\u00ed"},"content":{"rendered":"<p class=\"translation-block\">La <strong>m\u00e1quina de moler mantequilla de cacahuete<\/strong> Taizy se utiliza especialmente para moler cacahuetes, semillas de s\u00e9samo, almendras, anacardos y otros frutos secos en salsas finas. Est\u00e1 equipada con un cabezal de molienda de acero inoxidable 9Cr18, que dota al producto final de una textura suave y delicada, cumpliendo perfectamente los requisitos de alimentos de alta calidad.<\/p>    <p>Ofrecemos distintos modelos con capacidades de producci\u00f3n de 10 a 5000 kg\/h. Ya sea que quiera iniciar su propio taller peque\u00f1o o ampliar la producci\u00f3n, podemos satisfacer perfectamente sus necesidades. La m\u00e1quina de moler mantequilla de cacahuete se ha vendido en todo el mundo y ha contribuido al desarrollo del procesamiento de alimentos en Filipinas, Kenia, Zimbabue, India y otros pa\u00edses.<\/p>    <figure class=\"wp-block-embed is-type-video is-provider-youtube wp-block-embed-youtube wp-embed-aspect-16-9 wp-has-aspect-ratio\"><div class=\"wp-block-embed__wrapper\"> <iframe loading=\"lazy\" title=\"\ud83e\udd5c\ud83c\udf36M\u00e1quina Molinillo de Man\u00ed y Chile | Equipo de Molienda de Nueces y Especias de Alta Eficiencia\" width=\"500\" height=\"281\" src=\"https:\/\/www.youtube.com\/embed\/ND0DQ5Vnre0?feature=oembed\" frameborder=\"0\" allow=\"accelerometer; autoplay; clipboard-write; encrypted-media; gyroscope; picture-in-picture; web-share\" referrerpolicy=\"strict-origin-when-cross-origin\" allowfullscreen><\/iframe> <\/div><figcaption class=\"wp-element-caption\">v\u00eddeo de funcionamiento de la m\u00e1quina trituradora de mantequilla de cacahuete<\/figcaption><\/figure>    <h2 class=\"wp-block-heading\"><strong>Ventajas de la m\u00e1quina para moler mantequilla de cacahuete<\/strong><\/h2>    <ul class=\"wp-block-list\"> <li>Utilizamos cabezales de molienda de acero inoxidable 9Cr18 con mayor dureza, lo que no solo mantiene los cabezales afilados, haciendo el producto m\u00e1s delicado y suave, sino que tambi\u00e9n facilita el uso prolongado y la limpieza.<\/li>    <li>Las dem\u00e1s partes de la m\u00e1quina tambi\u00e9n est\u00e1n hechas de acero inoxidable para evitar eficazmente la oxidaci\u00f3n causada por la humedad durante el molido de alimentos y garantizar la inocuidad alimentaria.<\/li>    <li>El dise\u00f1o especial y el uso de materiales por parte de Taizy mejoran la precisi\u00f3n de toda la producci\u00f3n, haciendo que la separaci\u00f3n de molienda de la cabeza de trituraci\u00f3n sea m\u00e1s uniforme. La mantequilla de cacahuete producida tiene part\u00edculas m\u00e1s finas y un mejor sabor.<\/li>    <li>Nuestra m\u00e1quina trituradora de mantequilla de man\u00ed tiene una amplia gama de aplicaciones. Adem\u00e1s de moler nueces regulares, tambi\u00e9n puede producir salsa de chile, mermelada, salsa de carne y leche de coco, etc.<\/li> <\/ul>   <div class=\"wp-block-image\"> <figure class=\"aligncenter size-full\"><img loading=\"lazy\" decoding=\"async\" width=\"720\" height=\"540\" src=\"https:\/\/bestpeanutmachine.com\/wp-content\/uploads\/2025\/09\/commercial-peanut-butter-machine-1.webp\" alt=\"m\u00e1quina comercial para mantequilla de man\u00ed\" class=\"wp-image-828\" srcset=\"https:\/\/bestpeanutmachine.com\/wp-content\/uploads\/2025\/09\/commercial-peanut-butter-machine-1.webp 720w, https:\/\/bestpeanutmachine.com\/wp-content\/uploads\/2025\/09\/commercial-peanut-butter-machine-1-300x225.webp 300w, https:\/\/bestpeanutmachine.com\/wp-content\/uploads\/2025\/09\/commercial-peanut-butter-machine-1-16x12.webp 16w\" sizes=\"auto, (max-width: 720px) 100vw, 720px\" \/><figcaption class=\"wp-element-caption\">m\u00e1quina comercial para mantequilla de man\u00ed<\/figcaption><\/figure> <\/div>   <h2 class=\"wp-block-heading\"><strong>Estructura de la m\u00e1quina de fabricaci\u00f3n de mantequilla de cacahuete<\/strong><\/h2>    <p>Nuestra m\u00e1quina trituradora de mantequilla de cacahuete es un molino coloidal. Sus principios de funcionamiento principales son el cizallamiento, la vibraci\u00f3n de alta frecuencia y las fuerzas de fricci\u00f3n para convertir el material en una pasta. Consta principalmente de la tolva, el estator y el rotor (cabezal de molienda), el motor y el sistema de transmisi\u00f3n, la salida de descarga, el bastidor de la m\u00e1quina y la carcasa exterior.<\/p>    <ul class=\"wp-block-list\"> <li>La tolva est\u00e1 dise\u00f1ada como un embudo para facilitar la alimentaci\u00f3n. Tambi\u00e9n previene eficazmente el derrame de grandes cantidades de material durante las operaciones.<\/li>    <li>Su componente central, el cabezal de molienda, est\u00e1 hecho de acero inoxidable de alta dureza y la separaci\u00f3n entre estator y rotor es ajustable para controlar la finura de la mantequilla de cacahuete.<\/li>    <li>La alimentaci\u00f3n para impulsar el cabezal de molienda es t\u00edpicamente trif\u00e1sica de 380 V, 50 Hz. Ofrecemos diferentes modelos con varias potencias de motor, que van desde un peque\u00f1o modelo de 1,5 kW hasta un modelo de grado industrial de 90 kW.<\/li>    <li>La salida de descarga puede dise\u00f1arse para conectarse directamente a un tanque de recolecci\u00f3n, contenedor de almacenamiento o sistema de llenado. Si tiene otras necesidades personalizadas, tambi\u00e9n puede dec\u00edrnoslo.<\/li>    <li>El bastidor de la m\u00e1quina est\u00e1 normalmente construido en acero inoxidable de grado 201 o superior para mayor durabilidad y seguridad alimentaria.<\/li> <\/ul>    <figure class=\"wp-block-gallery has-nested-images columns-2 is-cropped wp-block-gallery-2 is-layout-flex wp-block-gallery-is-layout-flex\"> <figure class=\"wp-block-image size-full\"><img loading=\"lazy\" decoding=\"async\" width=\"720\" height=\"540\" data-id=\"419\" src=\"https:\/\/bestpeanutmachine.com\/wp-content\/uploads\/2025\/09\/hooper-of-peanut-butter-machine.webp\" alt=\"tolva de la m\u00e1quina de mantequilla de cacahuete\" class=\"wp-image-419\" srcset=\"https:\/\/bestpeanutmachine.com\/wp-content\/uploads\/2025\/09\/hooper-of-peanut-butter-machine.webp 720w, https:\/\/bestpeanutmachine.com\/wp-content\/uploads\/2025\/09\/hooper-of-peanut-butter-machine-300x225.webp 300w, https:\/\/bestpeanutmachine.com\/wp-content\/uploads\/2025\/09\/hooper-of-peanut-butter-machine-16x12.webp 16w\" sizes=\"auto, (max-width: 720px) 100vw, 720px\" \/><figcaption class=\"wp-element-caption\">tolva de la m\u00e1quina de mantequilla de cacahuete<\/figcaption><\/figure>    <figure class=\"wp-block-image size-full\"><img loading=\"lazy\" decoding=\"async\" width=\"720\" height=\"540\" data-id=\"420\" src=\"https:\/\/bestpeanutmachine.com\/wp-content\/uploads\/2025\/09\/interior-structure-of-peanut-butter-grinding-machine.webp\" alt=\"estructura interior de la m\u00e1quina de moler mantequilla de cacahuete\" class=\"wp-image-420\" srcset=\"https:\/\/bestpeanutmachine.com\/wp-content\/uploads\/2025\/09\/interior-structure-of-peanut-butter-grinding-machine.webp 720w, https:\/\/bestpeanutmachine.com\/wp-content\/uploads\/2025\/09\/interior-structure-of-peanut-butter-grinding-machine-300x225.webp 300w, https:\/\/bestpeanutmachine.com\/wp-content\/uploads\/2025\/09\/interior-structure-of-peanut-butter-grinding-machine-16x12.webp 16w\" sizes=\"auto, (max-width: 720px) 100vw, 720px\" \/><figcaption class=\"wp-element-caption\">estructura interior de la m\u00e1quina de moler mantequilla de cacahuete<\/figcaption><\/figure>    <figure class=\"wp-block-image size-full\"><img loading=\"lazy\" decoding=\"async\" width=\"720\" height=\"540\" data-id=\"421\" src=\"https:\/\/bestpeanutmachine.com\/wp-content\/uploads\/2025\/09\/electric-motor-of-nut-butter-machine.webp\" alt=\"motor el\u00e9ctrico de la m\u00e1quina de mantequilla de frutos secos\" class=\"wp-image-421\" srcset=\"https:\/\/bestpeanutmachine.com\/wp-content\/uploads\/2025\/09\/electric-motor-of-nut-butter-machine.webp 720w, https:\/\/bestpeanutmachine.com\/wp-content\/uploads\/2025\/09\/electric-motor-of-nut-butter-machine-300x225.webp 300w, https:\/\/bestpeanutmachine.com\/wp-content\/uploads\/2025\/09\/electric-motor-of-nut-butter-machine-16x12.webp 16w\" sizes=\"auto, (max-width: 720px) 100vw, 720px\" \/><figcaption class=\"wp-element-caption\">motor el\u00e9ctrico de la m\u00e1quina de mantequilla de frutos secos<\/figcaption><\/figure>    <figure class=\"wp-block-image size-full\"><img loading=\"lazy\" decoding=\"async\" width=\"720\" height=\"540\" data-id=\"422\" src=\"https:\/\/bestpeanutmachine.com\/wp-content\/uploads\/2025\/09\/peanut-butter-making-machine-1.webp\" alt=\"m\u00e1quina para hacer mantequilla de man\u00ed\" class=\"wp-image-422\" srcset=\"https:\/\/bestpeanutmachine.com\/wp-content\/uploads\/2025\/09\/peanut-butter-making-machine-1.webp 720w, https:\/\/bestpeanutmachine.com\/wp-content\/uploads\/2025\/09\/peanut-butter-making-machine-1-300x225.webp 300w, https:\/\/bestpeanutmachine.com\/wp-content\/uploads\/2025\/09\/peanut-butter-making-machine-1-16x12.webp 16w\" sizes=\"auto, (max-width: 720px) 100vw, 720px\" \/><figcaption class=\"wp-element-caption\">m\u00e1quina para hacer mantequilla de man\u00ed<\/figcaption><\/figure> <\/figure>    <h2 class=\"wp-block-heading\"><strong>Par\u00e1metros detallados de la m\u00e1quina de fabricaci\u00f3n de mantequilla de cacahuete<\/strong><\/h2>    <p>Ofrecemos una variedad de modelos para que elija y, si tiene requisitos especiales, tambi\u00e9n podemos ofrecer servicio de personalizaci\u00f3n.<\/p>    <figure class=\"wp-block-table\"><table><tbody><tr><td>Modelo<\/td><td class=\"has-text-align-center\" data-align=\"center\">Voltaje<\/td><td class=\"has-text-align-center\" data-align=\"center\">Fuerza<\/td><td class=\"has-text-align-center\" data-align=\"center\">Capacidad<\/td><td class=\"has-text-align-center\" data-align=\"center\">Peso<\/td><td class=\"has-text-align-center\" data-align=\"center\">Dimensi\u00f3n<\/td><\/tr><tr><td>TZ-50<\/td><td class=\"has-text-align-center\" data-align=\"center\">380 V\/50 Hz<\/td><td class=\"has-text-align-center\" data-align=\"center\">1,5 kW<\/td><td class=\"has-text-align-center\" data-align=\"center\">10\u201330 kg\/h<\/td><td class=\"has-text-align-center\" data-align=\"center\">65 kg<\/td><td class=\"has-text-align-center\" data-align=\"center\">610*400*700 mm<\/td><\/tr><tr><td>TZ-80<\/td><td class=\"has-text-align-center\" data-align=\"center\">380 V\/50 Hz<\/td><td class=\"has-text-align-center\" data-align=\"center\">4 kW<\/td><td class=\"has-text-align-center\" data-align=\"center\">50\u2013100 kg\/h<\/td><td class=\"has-text-align-center\" data-align=\"center\">170 kg<\/td><td class=\"has-text-align-center\" data-align=\"center\">850*450*930 mm<\/td><\/tr><tr><td>TZ-110<\/td><td class=\"has-text-align-center\" data-align=\"center\">380 V\/50 Hz<\/td><td class=\"has-text-align-center\" data-align=\"center\">7,5 kW<\/td><td class=\"has-text-align-center\" data-align=\"center\">100\u2013200 kg\/h<\/td><td class=\"has-text-align-center\" data-align=\"center\">220 kilos<\/td><td class=\"has-text-align-center\" data-align=\"center\">850*450*1050 mm<\/td><\/tr><tr><td>TZ-130<\/td><td class=\"has-text-align-center\" data-align=\"center\">380 V\/50 Hz<\/td><td class=\"has-text-align-center\" data-align=\"center\">11 kW<\/td><td class=\"has-text-align-center\" data-align=\"center\">200\u2013300 kg\/h<\/td><td class=\"has-text-align-center\" data-align=\"center\">350 kg<\/td><td class=\"has-text-align-center\" data-align=\"center\">100*500*1100 mm<\/td><\/tr><tr><td>TZ-180<\/td><td class=\"has-text-align-center\" data-align=\"center\">380 V\/50 Hz<\/td><td class=\"has-text-align-center\" data-align=\"center\">18,5 kW<\/td><td class=\"has-text-align-center\" data-align=\"center\">500\u2013800 kg\/h<\/td><td class=\"has-text-align-center\" data-align=\"center\">440 kg<\/td><td class=\"has-text-align-center\" data-align=\"center\">610*400*700 mm<\/td><\/tr><tr><td>TZ-220<\/td><td class=\"has-text-align-center\" data-align=\"center\">380 V\/50 Hz<\/td><td class=\"has-text-align-center\" data-align=\"center\">30 kW<\/td><td class=\"has-text-align-center\" data-align=\"center\">600\u2013900 kg\/h<\/td><td class=\"has-text-align-center\" data-align=\"center\">580 kg<\/td><td class=\"has-text-align-center\" data-align=\"center\">610*400*700 mm<\/td><\/tr><tr><td>TZ-240<\/td><td class=\"has-text-align-center\" data-align=\"center\">380 V\/50 Hz<\/td><td class=\"has-text-align-center\" data-align=\"center\">37\/45 kW<\/td><td class=\"has-text-align-center\" data-align=\"center\">1000-1500 kg\/h<\/td><td class=\"has-text-align-center\" data-align=\"center\">800 kg<\/td><td class=\"has-text-align-center\" data-align=\"center\">610*400*700 mm<\/td><\/tr><tr><td>TZ-300<\/td><td class=\"has-text-align-center\" data-align=\"center\">380 V\/50 Hz<\/td><td class=\"has-text-align-center\" data-align=\"center\">75\/90 kW<\/td><td class=\"has-text-align-center\" data-align=\"center\">3000\u20135000 kg\/h<\/td><td class=\"has-text-align-center\" data-align=\"center\">1200 kg<\/td><td class=\"has-text-align-center\" data-align=\"center\">610*400*700 mm<\/td><\/tr><\/tbody><\/table><figcaption class=\"wp-element-caption\">par\u00e1metros de la m\u00e1quina trituradora de mantequilla de cacahuete<\/figcaption><\/figure>   <div class=\"wp-block-image\"> <figure class=\"aligncenter size-full\"><img loading=\"lazy\" decoding=\"async\" width=\"720\" height=\"540\" src=\"https:\/\/bestpeanutmachine.com\/wp-content\/uploads\/2025\/09\/industrial-peanut-butter-making-machine.webp\" alt=\"m\u00e1quina para hacer mantequilla de man\u00ed\" class=\"wp-image-423\" srcset=\"https:\/\/bestpeanutmachine.com\/wp-content\/uploads\/2025\/09\/industrial-peanut-butter-making-machine.webp 720w, https:\/\/bestpeanutmachine.com\/wp-content\/uploads\/2025\/09\/industrial-peanut-butter-making-machine-300x225.webp 300w, https:\/\/bestpeanutmachine.com\/wp-content\/uploads\/2025\/09\/industrial-peanut-butter-making-machine-16x12.webp 16w\" sizes=\"auto, (max-width: 720px) 100vw, 720px\" \/><figcaption class=\"wp-element-caption\">m\u00e1quina para hacer mantequilla de man\u00ed<\/figcaption><\/figure> <\/div>   <h2 class=\"wp-block-heading\"><strong>Aplicaci\u00f3n de la m\u00e1quina para moler mantequilla de frutos secos<\/strong><\/h2>    <p>La m\u00e1quina de moler mantequilla de cacahuete Taizy se utiliza ampliamente en f\u00e1bricas de alimentos. La m\u00e1quina comercial de mantequilla de cacahuete se emplea principalmente en la producci\u00f3n de mantequillas de frutos secos: mantequilla de cacahuete, almendra, anacardo, avellana y pistacho.<\/p>    <p>Sin embargo, algunas plantas de mermelada lo usan para moler ketchup y otras mermeladas de fruta. Tambi\u00e9n tenemos clientes que poseen una empresa de condimentos y usan estas m\u00e1quinas para moler pasta de aguacate, pur\u00e9 de cebolla, pasta de chile, pasta de ajo, pasta de jengibre y pasta de mostaza.<\/p>   <div class=\"wp-block-image\"> <figure class=\"aligncenter size-full\"><img loading=\"lazy\" decoding=\"async\" width=\"720\" height=\"540\" src=\"https:\/\/bestpeanutmachine.com\/wp-content\/uploads\/2025\/09\/applications-of-peanut-butter-grinding-machine.webp\" alt=\"aplicaciones de la m\u00e1quina de molienda de mantequilla de cacahuete\" class=\"wp-image-424\" srcset=\"https:\/\/bestpeanutmachine.com\/wp-content\/uploads\/2025\/09\/applications-of-peanut-butter-grinding-machine.webp 720w, https:\/\/bestpeanutmachine.com\/wp-content\/uploads\/2025\/09\/applications-of-peanut-butter-grinding-machine-300x225.webp 300w, https:\/\/bestpeanutmachine.com\/wp-content\/uploads\/2025\/09\/applications-of-peanut-butter-grinding-machine-16x12.webp 16w\" sizes=\"auto, (max-width: 720px) 100vw, 720px\" \/><figcaption class=\"wp-element-caption\">aplicaciones de la m\u00e1quina de molienda de mantequilla de cacahuete<\/figcaption><\/figure> <\/div>   <h2 class=\"wp-block-heading\"><strong>Precio de la m\u00e1quina de moler mantequilla de cacahuete<\/strong><\/h2>    <p>El precio de los molinos para mantequilla de cacahuete fluct\u00faa significativamente; los modelos peque\u00f1os cuestan solo unos pocos cientos de d\u00f3lares, mientras que los modelos industriales pueden costar miles de d\u00f3lares. El precio aqu\u00ed incluye los costes de embalaje y env\u00edo. Si necesita accesorios adicionales, deben ser personalizados por la f\u00e1brica y tendr\u00e1n un coste extra.<\/p>    <p>Aqu\u00ed hay algunas razones que influir\u00e1n en el precio:<\/p>    <ol class=\"wp-block-list\"> <li>La capacidad decidir\u00e1 principalmente el precio de la m\u00e1quina. Cuanto mayor sea la producci\u00f3n por hora, mayor ser\u00e1 el precio.<\/li>    <li>Acero inoxidable, componentes de alta calidad, rodamientos duraderos, sellos de calidad, etc. Estos decidir\u00e1n la calidad de la m\u00e1quina. Si encuentra dos m\u00e1quinas trituradoras de frutos secos con precios similares, pero sus precios var\u00edan ampliamente, la estructura interna de esta m\u00e1quina puede ser diferente.<\/li>    <li>Marcas conocidas y servicio excelente suelen costar m\u00e1s, pero generalmente ofrecen mejor valor a largo plazo. Es una inversi\u00f3n estable para su negocio. <\/li> <\/ol>    <p>Algunos de nuestros clientes han sido tratados por f\u00e1bricas de bajo precio que ofrecen productos de calidad incre\u00edblemente mala. Despu\u00e9s, nos eligieron como su socio comercial a largo plazo para garantizar la calidad de las m\u00e1quinas. Para ellos, la calidad es m\u00e1s importante que el precio. <\/p>   <div class=\"wp-block-image\"> <figure class=\"aligncenter size-full\"><img loading=\"lazy\" decoding=\"async\" width=\"720\" height=\"540\" src=\"https:\/\/bestpeanutmachine.com\/wp-content\/uploads\/2025\/09\/peanut-butter-machine-1.webp\" alt=\"m\u00e1quina de mantequilla de cacahuete\" class=\"wp-image-425\" srcset=\"https:\/\/bestpeanutmachine.com\/wp-content\/uploads\/2025\/09\/peanut-butter-machine-1.webp 720w, https:\/\/bestpeanutmachine.com\/wp-content\/uploads\/2025\/09\/peanut-butter-machine-1-300x225.webp 300w, https:\/\/bestpeanutmachine.com\/wp-content\/uploads\/2025\/09\/peanut-butter-machine-1-16x12.webp 16w\" sizes=\"auto, (max-width: 720px) 100vw, 720px\" \/><figcaption class=\"wp-element-caption\">m\u00e1quina de mantequilla de cacahuete<\/figcaption><\/figure> <\/div>   <h2 class=\"wp-block-heading\"><strong>\u00bfPor qu\u00e9 elegir a Taizy como su proveedor de productos?<\/strong><\/h2>    <ul class=\"wp-block-list\"> <li>Tenemos nuestra propia f\u00e1brica y el precio que ofrecemos es muy rentable.<\/li>    <li>Nos enfocamos en la calidad. Un proceso de producci\u00f3n totalmente transparente y un servicio postventa a largo plazo nos han valido muchos clientes recurrentes.<\/li>    <li>Somos una marca de exportaci\u00f3n de reconocido prestigio de un proveedor chino de m\u00e1quinas de procesamiento de alimentos, con servicios de embalaje y transporte completos y consolidados.<\/li> <\/ul>    <p class=\"translation-block\">Cont\u00e1ctenos para conocer la cuota gratuita para la m\u00e1quina de moler mantequilla de cacahuete que le interese. Para una f\u00e1brica industrial de alimentos, tambi\u00e9n ofrecemos una l\u00ednea de producci\u00f3n completa para fabricar mantequilla de cacahuete. Si desea m\u00e1s detalles, haga clic aqu\u00ed: <a href=\"https:\/\/bestpeanutmachine.com\/es\/product\/peanut-butter-production-line\/\">L\u00ednea de producci\u00f3n de mantequilla de cacahuete<\/a>.<\/p>    <figure class=\"wp-block-gallery has-nested-images columns-default is-cropped wp-block-gallery-3 is-layout-flex wp-block-gallery-is-layout-flex\"> <figure class=\"wp-block-image size-large\"><img loading=\"lazy\" decoding=\"async\" width=\"720\" height=\"540\" data-id=\"826\" src=\"https:\/\/bestpeanutmachine.com\/wp-content\/uploads\/2025\/09\/best-peanut-butter-machine-factory.webp\" alt=\"mejor f\u00e1brica de m\u00e1quinas de mantequilla de man\u00ed\" class=\"wp-image-826\" srcset=\"https:\/\/bestpeanutmachine.com\/wp-content\/uploads\/2025\/09\/best-peanut-butter-machine-factory.webp 720w, https:\/\/bestpeanutmachine.com\/wp-content\/uploads\/2025\/09\/best-peanut-butter-machine-factory-300x225.webp 300w, https:\/\/bestpeanutmachine.com\/wp-content\/uploads\/2025\/09\/best-peanut-butter-machine-factory-16x12.webp 16w\" sizes=\"auto, (max-width: 720px) 100vw, 720px\" \/><figcaption class=\"wp-element-caption\">mejor f\u00e1brica de m\u00e1quinas de mantequilla de man\u00ed<\/figcaption><\/figure>    <figure class=\"wp-block-image size-large\"><img loading=\"lazy\" decoding=\"async\" width=\"720\" height=\"540\" data-id=\"827\" src=\"https:\/\/bestpeanutmachine.com\/wp-content\/uploads\/2025\/09\/peanut-butter-making-machine-in-stock.webp\" alt=\"m\u00e1quina de hacer mantequilla de man\u00ed en stock\" class=\"wp-image-827\" srcset=\"https:\/\/bestpeanutmachine.com\/wp-content\/uploads\/2025\/09\/peanut-butter-making-machine-in-stock.webp 720w, https:\/\/bestpeanutmachine.com\/wp-content\/uploads\/2025\/09\/peanut-butter-making-machine-in-stock-300x225.webp 300w, https:\/\/bestpeanutmachine.com\/wp-content\/uploads\/2025\/09\/peanut-butter-making-machine-in-stock-16x12.webp 16w\" sizes=\"auto, (max-width: 720px) 100vw, 720px\" \/><figcaption class=\"wp-element-caption\">m\u00e1quina de hacer mantequilla de man\u00ed en stock<\/figcaption><\/figure> <\/figure>","protected":false},"excerpt":{"rendered":"<p>Esta trituradora de mantequilla de cacahuete est\u00e1 dise\u00f1ada para elaborar mantequilla de cacahuete, salsa picante y mermelada. Tritura las materias primas hasta obtener una pasta con una capacidad de producci\u00f3n que va desde 10 kg\/h hasta 5000 kg\/h, satisfaciendo las necesidades de f\u00e1bricas alimentarias de todos los tama\u00f1os.<\/p>","protected":false},"author":1,"featured_media":417,"parent":0,"template":"","tags":[11,75],"product-type":[69,6],"class_list":["post-403","product","type-product","status-publish","has-post-thumbnail","hentry","tag-peanut","tag-peanut-butter","product-type-peanut-machine","product-type-product"],"_links":{"self":[{"href":"https:\/\/bestpeanutmachine.com\/es\/wp-json\/wp\/v2\/product\/403","targetHints":{"allow":["GET"]}}],"collection":[{"href":"https:\/\/bestpeanutmachine.com\/es\/wp-json\/wp\/v2\/product"}],"about":[{"href":"https:\/\/bestpeanutmachine.com\/es\/wp-json\/wp\/v2\/types\/product"}],"author":[{"embeddable":true,"href":"https:\/\/bestpeanutmachine.com\/es\/wp-json\/wp\/v2\/users\/1"}],"wp:featuredmedia":[{"embeddable":true,"href":"https:\/\/bestpeanutmachine.com\/es\/wp-json\/wp\/v2\/media\/417"}],"wp:attachment":[{"href":"https:\/\/bestpeanutmachine.com\/es\/wp-json\/wp\/v2\/media?parent=403"}],"wp:term":[{"taxonomy":"post_tag","embeddable":true,"href":"https:\/\/bestpeanutmachine.com\/es\/wp-json\/wp\/v2\/tags?post=403"},{"taxonomy":"product-type","embeddable":true,"href":"https:\/\/bestpeanutmachine.com\/es\/wp-json\/wp\/v2\/product-type?post=403"}],"curies":[{"name":"wp","href":"https:\/\/api.w.org\/{rel}","templated":true}]}}