{"id":432,"date":"2025-09-16T15:43:11","date_gmt":"2025-09-16T07:43:11","guid":{"rendered":"https:\/\/bestpeanutmachine.com\/?post_type=product&#038;p=432"},"modified":"2025-09-16T15:44:27","modified_gmt":"2025-09-16T07:44:27","slug":"almond-slicer-machine","status":"publish","type":"product","link":"https:\/\/bestpeanutmachine.com\/es\/product\/almond-slicer-machine\/","title":{"rendered":"M\u00e1quina rebanadora de almendras para frutos secos y corte de cacahuetes"},"content":{"rendered":"<p class=\"translation-block\">Taizy <strong>m\u00e1quina cortadora de almendras<\/strong> es adecuada para cortar cacahuetes, almendras, avellanas y otros frutos secos. El grosor de las l\u00e1minas de frutos secos se puede ajustar entre 0,3 mm y 2 mm seg\u00fan los requisitos espec\u00edficos.<\/p>    <p>Puede alcanzar una producci\u00f3n de 50-300kg\/h para satisfacer las necesidades de la mayor\u00eda de las empresas en todo el mundo. Se ha exportado a Estados Unidos, Canad\u00e1, Italia, Alemania y otros pa\u00edses.<\/p>    <p>Nuestras cuchillas para esta m\u00e1quina formadora de l\u00e1minas de cacahuete est\u00e1n fabricadas en acero r\u00e1pido de alta calidad, garantizando un filo afilado y una larga vida \u00fatil. La cubierta exterior est\u00e1 construida en acero inoxidable, cumpliendo las normas de higiene alimentaria.<\/p>    <h2 class=\"wp-block-heading\"><strong>Ventajas de la m\u00e1quina rebanadora autom\u00e1tica de almendras<\/strong><\/h2>    <ul class=\"wp-block-list\"> <li>Con una capacidad de 50\u2013200 kg por hora, velocidad ajustable (100\u2013700 r\/min) y presi\u00f3n neum\u00e1tica fiable (0,3\u20130,4 MPa), esta m\u00e1quina cortadora de frutos secos asegura una operaci\u00f3n estable para producci\u00f3n continua, pudiendo satisfacer las necesidades de producci\u00f3n comercial.<\/li>    <li>La m\u00e1quina formadora de l\u00e1minas de frutos secos Taziy est\u00e1 equipada con un dispositivo de alimentaci\u00f3n neum\u00e1tica y una parte de corte. La parte de alimentaci\u00f3n neum\u00e1tica puede presionar suavemente los frutos secos hacia el disco de cuchillas, asegurando una producci\u00f3n eficiente y estable y reduciendo el desperdicio de material.<\/li>    <li>Todo el cuerpo de la m\u00e1quina cortadora de almendras est\u00e1 construido en acero inoxidable, cumpliendo plenamente las normas de higiene y seguridad alimentaria, siendo f\u00e1cil de limpiar y mantener.<\/li>    <li>Esta m\u00e1quina cortadora de cacahuetes tiene una variedad de aplicaciones para almendras, nueces de macadamia, anacardos y nueces, y se utiliza ampliamente en la industria de procesamiento de alimentos.<\/li>    <li>El grosor de la rebanada se puede ajustar f\u00e1cilmente entre 0,3 mm y 2 mm, lo que garantiza un corte uniforme para una variedad de necesidades de producci\u00f3n, desde panader\u00eda hasta elaboraci\u00f3n de aperitivos.<\/li> <\/ul>   <div class=\"wp-block-image\"> <figure class=\"aligncenter size-full\"><img loading=\"lazy\" decoding=\"async\" width=\"720\" height=\"540\" src=\"https:\/\/bestpeanutmachine.com\/wp-content\/uploads\/2025\/09\/peanut-slicing-machine.webp\" alt=\"m\u00e1quina de cortar cacahuetes\" class=\"wp-image-436\" srcset=\"https:\/\/bestpeanutmachine.com\/wp-content\/uploads\/2025\/09\/peanut-slicing-machine.webp 720w, https:\/\/bestpeanutmachine.com\/wp-content\/uploads\/2025\/09\/peanut-slicing-machine-300x225.webp 300w, https:\/\/bestpeanutmachine.com\/wp-content\/uploads\/2025\/09\/peanut-slicing-machine-16x12.webp 16w\" sizes=\"auto, (max-width: 720px) 100vw, 720px\" \/><figcaption class=\"wp-element-caption\">m\u00e1quina de cortar cacahuetes<\/figcaption><\/figure> <\/div>   <h2 class=\"wp-block-heading\"><strong>Par\u00e1metros t\u00e9cnicos de la m\u00e1quina rebanadora comercial de almendras<\/strong><\/h2>    <figure class=\"wp-block-table\"><table class=\"has-fixed-layout\"><tbody><tr><td>Modelo<\/td><td class=\"has-text-align-center\" data-align=\"center\">TZ-2<\/td><td class=\"has-text-align-center\" data-align=\"center\">TZ-3<\/td><\/tr><tr><td>Fuerza<\/td><td class=\"has-text-align-center\" data-align=\"center\">1,5 kw<\/td><td class=\"has-text-align-center\" data-align=\"center\">2,2 kw<\/td><\/tr><tr><td>Velocidad de la cuchilla<\/td><td class=\"has-text-align-center\" data-align=\"center\">100-700r\/min<\/td><td class=\"has-text-align-center\" data-align=\"center\">0-600r\/min<\/td><\/tr><tr><td>Presi\u00f3n de aire<\/td><td class=\"has-text-align-center\" data-align=\"center\">0,3-0,4Mpa<\/td><td class=\"has-text-align-center\" data-align=\"center\">\/<\/td><\/tr><tr><td>Capacidad<\/td><td class=\"has-text-align-center\" data-align=\"center\">50-200kg\/h<\/td><td class=\"has-text-align-center\" data-align=\"center\">200-300kg\/h<\/td><\/tr><tr><td>Grosor de la rebanada<\/td><td class=\"has-text-align-center\" data-align=\"center\">0,3-2mm \u00a0<\/td><td class=\"has-text-align-center\" data-align=\"center\">0,5-1,2mm<\/td><\/tr><tr><td>Dimensi\u00f3n<\/td><td class=\"has-text-align-center\" data-align=\"center\">1000*550*1500mm<\/td><td class=\"has-text-align-center\" data-align=\"center\">650*600*1100mm<\/td><\/tr><tr><td>Peso<\/td><td class=\"has-text-align-center\" data-align=\"center\">150kg<\/td><td class=\"has-text-align-center\" data-align=\"center\">170 kg \u00a0<\/td><\/tr><\/tbody><\/table><figcaption class=\"wp-element-caption\">par\u00e1metros de la m\u00e1quina autom\u00e1tica cortadora de almendras<\/figcaption><\/figure>   <div class=\"wp-block-image\"> <figure class=\"aligncenter size-full\"><img loading=\"lazy\" decoding=\"async\" width=\"720\" height=\"540\" src=\"https:\/\/bestpeanutmachine.com\/wp-content\/uploads\/2025\/09\/nut-slicer-machine.webp\" alt=\"m\u00e1quina cortadora de frutos secos\" class=\"wp-image-438\" srcset=\"https:\/\/bestpeanutmachine.com\/wp-content\/uploads\/2025\/09\/nut-slicer-machine.webp 720w, https:\/\/bestpeanutmachine.com\/wp-content\/uploads\/2025\/09\/nut-slicer-machine-300x225.webp 300w, https:\/\/bestpeanutmachine.com\/wp-content\/uploads\/2025\/09\/nut-slicer-machine-16x12.webp 16w\" sizes=\"auto, (max-width: 720px) 100vw, 720px\" \/><figcaption class=\"wp-element-caption\">m\u00e1quina cortadora de frutos secos<\/figcaption><\/figure> <\/div>   <h2 class=\"wp-block-heading\"><strong>Principio de funcionamiento y caracter\u00edsticas estructurales de la m\u00e1quina rebanadora de badam<\/strong><\/h2>    <p>El cortador de anacardos funciona principalmente mediante un sistema de alimentaci\u00f3n neum\u00e1tico y las cuchillas de corte giratorias. Todo el proceso es simple y eficiente: <\/p>    <p>Alimentaci\u00f3n de frutos secos\u2192Presi\u00f3n neum\u00e1tica\u2192Corte con cuchilla\u2192Salida del producto<\/p>    <ol class=\"wp-block-list\"> <li>La tolva de alimentaci\u00f3n est\u00e1 dise\u00f1ada en forma c\u00f3nica, tipo embudo, con una apertura amplia en la parte superior y una salida estrecha en la parte inferior, lo que permite cargar f\u00e1cilmente una gran cantidad de frutos secos mientras se garantiza que se gu\u00eden de forma controlada y estable.<\/li>    <li>El sistema neum\u00e1tico de esta m\u00e1quina cortadora de almendras aplica una presi\u00f3n de aire uniforme para empujar los materiales hacia la cuchilla giratoria. Esto evita una alimentaci\u00f3n desigual y garantiza un funcionamiento suave.<\/li>    <li>La cuchilla de corte est\u00e1 hecha de acero r\u00e1pido de primera calidad, garantizando bordes de corte afilados y una larga vida \u00fatil. Esto permite que la m\u00e1quina corte frutos secos duros como nueces de macadamia y anacardos con suavidad y sin deformaci\u00f3n.<\/li>    <li>Nuestra boca de descarga est\u00e1 dise\u00f1ada con una gran apertura y superficie lisa, lo que garantiza que las l\u00e1minas de frutos secos salgan r\u00e1pidamente sin obstruirse ni pegarse. Mientras tanto, su dise\u00f1o bajo permite a los operarios colocar f\u00e1cilmente una bandeja, contenedor o transportador bajo la salida, haciendo la recogida r\u00e1pida y eficiente.<\/li> <\/ol>    <figure class=\"wp-block-gallery has-nested-images columns-default is-cropped wp-block-gallery-2 is-layout-flex wp-block-gallery-is-layout-flex\"> <figure class=\"wp-block-image size-large\"><img loading=\"lazy\" decoding=\"async\" width=\"720\" height=\"540\" data-id=\"439\" src=\"https:\/\/bestpeanutmachine.com\/wp-content\/uploads\/2025\/09\/discharge-port.webp\" alt=\"salida de la m\u00e1quina cortadora de almendras\" class=\"wp-image-439\" srcset=\"https:\/\/bestpeanutmachine.com\/wp-content\/uploads\/2025\/09\/discharge-port.webp 720w, https:\/\/bestpeanutmachine.com\/wp-content\/uploads\/2025\/09\/discharge-port-300x225.webp 300w, https:\/\/bestpeanutmachine.com\/wp-content\/uploads\/2025\/09\/discharge-port-16x12.webp 16w\" sizes=\"auto, (max-width: 720px) 100vw, 720px\" \/><figcaption class=\"wp-element-caption\">salida de la m\u00e1quina cortadora de almendras <\/figcaption><\/figure>    <figure class=\"wp-block-image size-large\"><img loading=\"lazy\" decoding=\"async\" width=\"720\" height=\"540\" data-id=\"440\" src=\"https:\/\/bestpeanutmachine.com\/wp-content\/uploads\/2025\/09\/processed-peanut-slice.webp\" alt=\"rebanada de cacahuete procesada\" class=\"wp-image-440\" srcset=\"https:\/\/bestpeanutmachine.com\/wp-content\/uploads\/2025\/09\/processed-peanut-slice.webp 720w, https:\/\/bestpeanutmachine.com\/wp-content\/uploads\/2025\/09\/processed-peanut-slice-300x225.webp 300w, https:\/\/bestpeanutmachine.com\/wp-content\/uploads\/2025\/09\/processed-peanut-slice-16x12.webp 16w\" sizes=\"auto, (max-width: 720px) 100vw, 720px\" \/><figcaption class=\"wp-element-caption\">rebanada de cacahuete procesada<\/figcaption><\/figure> <\/figure>    <h2 class=\"wp-block-heading\"><strong>Cashew slice cutting machine&#8217;s application<\/strong><\/h2>    <p class=\"translation-block\">La m\u00e1quina cortadora de almendras puede cortar f\u00e1cilmente nueces de macadamia, almendras, cacahuetes, pi\u00f1ones, nueces, etc., en l\u00e1minas finas y uniformes. Las l\u00e1minas de <a href=\"https:\/\/en.wikipedia.org\/wiki\/Nut_(fruit)\" target=\"_blank\" rel=\"noopener\">frutos secos<\/a> procesadas se usar\u00e1n para elaborar pan o galletas, lo que puede aportar un sabor m\u00e1s rico a los productos horneados. Por ello, algunas panader\u00edas eligen las m\u00e1quinas formadoras de l\u00e1minas de frutos secos para procesar frutos secos frescos para postres y pasteler\u00eda y obtener una calidad \u00f3ptima.<\/p>    <p>Adem\u00e1s, muchas f\u00e1bricas procesadoras de frutos secos tambi\u00e9n compran m\u00e1quinas de gran capacidad para llevar a cabo el procesado alimentario. Tras cortar, secar y sazonar, las l\u00e1minas de frutos secos se envasan y venden en supermercados o tiendas minoristas, convirti\u00e9ndose en un alimento popular rico en prote\u00ednas en el \u00e1rea de comida r\u00e1pida.<\/p>    <figure class=\"wp-block-gallery has-nested-images columns-default is-cropped wp-block-gallery-3 is-layout-flex wp-block-gallery-is-layout-flex\"> <figure class=\"wp-block-image size-large\"><img loading=\"lazy\" decoding=\"async\" width=\"720\" height=\"540\" data-id=\"435\" src=\"https:\/\/bestpeanutmachine.com\/wp-content\/uploads\/2025\/09\/toasted-almond-slices-for-baking.webp\" alt=\"l\u00e1minas de almendra tostadas para reposter\u00eda\" class=\"wp-image-435\" srcset=\"https:\/\/bestpeanutmachine.com\/wp-content\/uploads\/2025\/09\/toasted-almond-slices-for-baking.webp 720w, https:\/\/bestpeanutmachine.com\/wp-content\/uploads\/2025\/09\/toasted-almond-slices-for-baking-300x225.webp 300w, https:\/\/bestpeanutmachine.com\/wp-content\/uploads\/2025\/09\/toasted-almond-slices-for-baking-16x12.webp 16w\" sizes=\"auto, (max-width: 720px) 100vw, 720px\" \/><figcaption class=\"wp-element-caption\">l\u00e1minas de almendra tostadas para reposter\u00eda<\/figcaption><\/figure>    <figure class=\"wp-block-image size-large\"><img loading=\"lazy\" decoding=\"async\" width=\"720\" height=\"540\" data-id=\"434\" src=\"https:\/\/bestpeanutmachine.com\/wp-content\/uploads\/2025\/09\/almond-slice-cake.webp\" alt=\"pastel de l\u00e1minas de almendra\" class=\"wp-image-434\" srcset=\"https:\/\/bestpeanutmachine.com\/wp-content\/uploads\/2025\/09\/almond-slice-cake.webp 720w, https:\/\/bestpeanutmachine.com\/wp-content\/uploads\/2025\/09\/almond-slice-cake-300x225.webp 300w, https:\/\/bestpeanutmachine.com\/wp-content\/uploads\/2025\/09\/almond-slice-cake-16x12.webp 16w\" sizes=\"auto, (max-width: 720px) 100vw, 720px\" \/><figcaption class=\"wp-element-caption\">pastel de l\u00e1minas de almendra<\/figcaption><\/figure> <\/figure>    <h2 class=\"wp-block-heading\"><strong>Precauciones para la m\u00e1quina cortadora de l\u00e1minas de cacahuete<\/strong><\/h2>    <ol class=\"wp-block-list\"> <li>Los frutos secos a cortar deben contener cierta cantidad de humedad. Si los n\u00facleos est\u00e1n demasiado secos, deben remojarse y luego secarse al aire antes de cortar. Si los n\u00facleos est\u00e1n demasiado secos, las l\u00e1minas se romper\u00e1n con facilidad. <\/li>    <li>Los materiales deben clasificarse cuidadosamente. Si contienen residuos como arena y piedras, pueden astillar el filo de la cuchilla.<\/li>    <li>La presi\u00f3n de funcionamiento del cilindro de la m\u00e1quina cortadora de almendras no debe ajustarse demasiado alta. La presi\u00f3n de aire ideal est\u00e1 entre 0,3-0,4 MPa. Si es demasiado baja, las l\u00e1minas se romper\u00e1n y los productos quedar\u00e1n incompletos. Si es demasiado alta, la cuchilla vibrar\u00e1, resultando en un grosor de rebanada desigual.<\/li> <\/ol>    <h2 class=\"wp-block-heading\"><strong>Preguntas frecuentes sobre la m\u00e1quina rebanadora de frutos secos<\/strong><\/h2>   <div id=\"rank-math-faq\" class=\"rank-math-block\"> <div class=\"rank-math-list\"> <div id=\"faq-question-1758003177036\" class=\"rank-math-list-item\"> <h3 class=\"rank-math-question\">\u00bfC\u00f3mo ajustar el grosor de la rebanada\uff1f<\/h3> <div class=\"rank-math-answer\">  <p>Instalamos una tuerca de bloqueo en la m\u00e1quina. Puede girar la manija en el sentido de las agujas del reloj para aumentar el grosor final y viceversa. El grosor aumenta o disminuye aproximadamente 1,5 mm por rotaci\u00f3n.<\/p>  <\/div> <\/div> <div id=\"faq-question-1758003429183\" class=\"rank-math-list-item\"> <h3 class=\"rank-math-question\">\u00bfPuedo procesar otros materiales adem\u00e1s de almendras y cacahuetes?<\/h3> <div class=\"rank-math-answer\">  <p>Por supuesto, casi todos los productos de frutos secos pueden procesarse con esta m\u00e1quina cortadora de almendras.<\/p>  <\/div> <\/div> <div id=\"faq-question-1758003595946\" class=\"rank-math-list-item\"> <h3 class=\"rank-math-question\">\u00bfPuedo usar frutos secos secos para cortar?<\/h3> <div class=\"rank-math-answer\">  <p>No recomendamos hacerlo. Ser\u00e1 mejor si el material tiene cierta cantidad de humedad, lo que no solo mejorar\u00e1 el producto terminado, sino que tambi\u00e9n causar\u00e1 menos desgaste en la cuchilla.<\/p>  <\/div> <\/div> <div id=\"faq-question-1758003733160\" class=\"rank-math-list-item\"> <h3 class=\"rank-math-question\">\u00bfCu\u00e1l es el proceso de compra del producto?<\/h3> <div class=\"rank-math-answer\">  <p>Si est\u00e1 interesado en nuestros productos, puede contactar directamente con nuestro servicio de atenci\u00f3n al cliente, y ella le ayudar\u00e1 a ponerse en contacto con el equipo de ventas para recomendar el tipo de m\u00e1quina que mejor se adapte a sus requisitos.<\/p>  <\/div> <\/div> <div id=\"faq-question-1758003862192\" class=\"rank-math-list-item\"> <h3 class=\"rank-math-question\">\u00bfCu\u00e1l es el precio de esta m\u00e1quina cortadora de almendras?<\/h3> <div class=\"rank-math-answer\">  <p>El precio medio de esta m\u00e1quina es de varios miles de d\u00f3lares. Debido a la incertidumbre sobre los m\u00e9todos de env\u00edo y si hay requisitos personalizados, no hay un precio espec\u00edfico.<\/p>  <\/div> <\/div> <\/div> <\/div>  <div class=\"wp-block-image\"> <figure class=\"aligncenter size-full\"><img loading=\"lazy\" decoding=\"async\" width=\"720\" height=\"540\" src=\"https:\/\/bestpeanutmachine.com\/wp-content\/uploads\/2025\/09\/almond-slicing-machine.webp\" alt=\"m\u00e1quina cortadora de almendras\" class=\"wp-image-441\" srcset=\"https:\/\/bestpeanutmachine.com\/wp-content\/uploads\/2025\/09\/almond-slicing-machine.webp 720w, https:\/\/bestpeanutmachine.com\/wp-content\/uploads\/2025\/09\/almond-slicing-machine-300x225.webp 300w, https:\/\/bestpeanutmachine.com\/wp-content\/uploads\/2025\/09\/almond-slicing-machine-16x12.webp 16w\" sizes=\"auto, (max-width: 720px) 100vw, 720px\" \/><figcaption class=\"wp-element-caption\">m\u00e1quina cortadora de almendras<\/figcaption><\/figure> <\/div>   <p>Si desea consultar el precio espec\u00edfico, puede contactar con nuestro servicio de atenci\u00f3n al cliente. Le proporcionar\u00e1n una lista de precios completa.<\/p>    <p>Otros equipos:<\/p>    <ul class=\"wp-block-list\"> <li><a href=\"https:\/\/bestpeanutmachine.com\/es\/product\/peanut-powder-machine\/\">M\u00e1quina de polvo de cacahuete<\/a><\/li>    <li><a href=\"https:\/\/bestpeanutmachine.com\/es\/product\/peanut-butter-grinder-machine\/\">M\u00e1quina de moler mantequilla de man\u00ed<\/a><\/li>    <li><a href=\"https:\/\/bestpeanutmachine.com\/es\/product\/peanut-coating-machine\/\">M\u00e1quina de recubrimiento de man\u00ed<\/a><\/li> <\/ul>    <p><\/p>","protected":false},"excerpt":{"rendered":"<p>La m\u00e1quina cortadora de almendras es uno de los equipos m\u00e1s \u00fatiles que puede cortar almendras, cacahuetes, nueces y otros frutos secos en finas l\u00e1minas, y es utilizada por muchas f\u00e1bricas de procesamiento de frutos secos en todo el mundo.<\/p>","protected":false},"author":1,"featured_media":447,"parent":0,"template":"","tags":[77,11,78],"product-type":[76,6],"class_list":["post-432","product","type-product","status-publish","has-post-thumbnail","hentry","tag-almond","tag-peanut","tag-slice","product-type-other-nuts-machine","product-type-product"],"_links":{"self":[{"href":"https:\/\/bestpeanutmachine.com\/es\/wp-json\/wp\/v2\/product\/432","targetHints":{"allow":["GET"]}}],"collection":[{"href":"https:\/\/bestpeanutmachine.com\/es\/wp-json\/wp\/v2\/product"}],"about":[{"href":"https:\/\/bestpeanutmachine.com\/es\/wp-json\/wp\/v2\/types\/product"}],"author":[{"embeddable":true,"href":"https:\/\/bestpeanutmachine.com\/es\/wp-json\/wp\/v2\/users\/1"}],"wp:featuredmedia":[{"embeddable":true,"href":"https:\/\/bestpeanutmachine.com\/es\/wp-json\/wp\/v2\/media\/447"}],"wp:attachment":[{"href":"https:\/\/bestpeanutmachine.com\/es\/wp-json\/wp\/v2\/media?parent=432"}],"wp:term":[{"taxonomy":"post_tag","embeddable":true,"href":"https:\/\/bestpeanutmachine.com\/es\/wp-json\/wp\/v2\/tags?post=432"},{"taxonomy":"product-type","embeddable":true,"href":"https:\/\/bestpeanutmachine.com\/es\/wp-json\/wp\/v2\/product-type?post=432"}],"curies":[{"name":"wp","href":"https:\/\/api.w.org\/{rel}","templated":true}]}}