{"id":456,"date":"2025-09-26T16:59:59","date_gmt":"2025-09-26T08:59:59","guid":{"rendered":"https:\/\/bestpeanutmachine.com\/?post_type=product&#038;p=456"},"modified":"2025-10-11T09:10:02","modified_gmt":"2025-10-11T01:10:02","slug":"2t-cocoa-paste-production-line","status":"publish","type":"product","link":"https:\/\/bestpeanutmachine.com\/es\/product\/2t-cocoa-paste-production-line\/","title":{"rendered":"L\u00ednea de producci\u00f3n de pasta de cacao 2t"},"content":{"rendered":"<p class=\"translation-block\">Taizy ya est\u00e1 disponible para producir una <strong>l\u00ednea de producci\u00f3n de pasta de cacao Industrial-grade<\/strong> para la f\u00e1brica de procesamiento de granos de cacao de alta calidad. Todo el proceso incluye tostar, pelar, astillar, moler y mezclar.<\/p>    <p>Nuestra l\u00ednea de producci\u00f3n est\u00e1 fabricada en acero inoxidable de alta calidad y tiene una capacidad de salida de hasta 2000 kg\/h. Si tiene altos requisitos para la calidad de la masa de cacao, nuestra l\u00ednea de producci\u00f3n puede producir productos con una finura normal de 100-200 malla.<\/p>    <p>Nuestras m\u00e1quinas se exportan a otras regiones, incluyendo Europa del Norte, Asia y Norteam\u00e9rica. Algunas f\u00e1bricas de chocolate artesanal de alto nivel las usan a menudo para el procesamiento a gran escala de pasta de cacao. Si tienes alg\u00fan requisito especial, por favor contacta con nosotros.<\/p>    <h2 class=\"wp-block-heading\"><strong>Aspectos destacados de la l\u00ednea de producci\u00f3n de pasta de cacao completamente autom\u00e1tica<\/strong><\/h2>    <ul class=\"wp-block-list\"> <li>La l\u00ednea de producci\u00f3n de pasta de cacao Taizy abarca el flujo completo de procesamiento, que incluye alimentaci\u00f3n, tueste, pelado, molienda, desgasificaci\u00f3n al vac\u00edo, mezcla y almacenamiento. Todo el proceso es totalmente autom\u00e1tico con un centro de control dedicado para facilitar su operaci\u00f3n.<\/li>    <li>Las m\u00e1quinas de nuestra l\u00ednea de producci\u00f3n est\u00e1n construidas en acero inoxidable apto para uso alimentario, ofrecen durabilidad y larga vida \u00fatil, permitiendo procesamiento continuo y producci\u00f3n estable. Nuestras m\u00e1quinas cuentan con certificaciones CE y SONCAP para garantizar su calidad.<\/li>    <li>Nuestra f\u00e1brica se ha especializado en tecnolog\u00eda de molienda de frutos secos durante d\u00e9cadas, y nuestras m\u00e1quinas producen una pasta de cacao uniforme y fina con una finura de hasta 200 mallas. Si tienes un nivel de calidad m\u00e1s alto, tambi\u00e9n puedes contactarnos para obtener soluciones de producci\u00f3n ideales.<\/li> <\/ul>    <h2 class=\"wp-block-heading\"><strong>Principales m\u00e1quinas en la l\u00ednea de producci\u00f3n de masa de cacao<\/strong><\/h2>    <p class=\"translation-block\">Nuestra l\u00ednea de producci\u00f3n de pasta de cacao de 2t<strong> <\/strong>incluye m\u00e1quinas insustituibles: silos de alimentaci\u00f3n de acero inoxidable, elevadores, una m\u00e1quina de tueste y enfriamiento, molinos de habas de cacao, un homogenizador, tanques de mezcla, tanques de desgasificaci\u00f3n al vac\u00edo y tanques de almacenamiento.<\/p>   <div class=\"wp-block-image\"> <figure class=\"aligncenter size-full\"><img loading=\"lazy\" decoding=\"async\" width=\"720\" height=\"540\" src=\"https:\/\/bestpeanutmachine.com\/wp-content\/uploads\/2025\/09\/cocoa-mass-production-line-diagram.webp\" alt=\"diagrama de la l\u00ednea de producci\u00f3n de masa de cacao\" class=\"wp-image-492\" srcset=\"https:\/\/bestpeanutmachine.com\/wp-content\/uploads\/2025\/09\/cocoa-mass-production-line-diagram.webp 720w, https:\/\/bestpeanutmachine.com\/wp-content\/uploads\/2025\/09\/cocoa-mass-production-line-diagram-300x225.webp 300w, https:\/\/bestpeanutmachine.com\/wp-content\/uploads\/2025\/09\/cocoa-mass-production-line-diagram-16x12.webp 16w\" sizes=\"auto, (max-width: 720px) 100vw, 720px\" \/><figcaption class=\"wp-element-caption\">diagrama de la l\u00ednea de producci\u00f3n de masa de cacao<\/figcaption><\/figure> <\/div>   <p>Aqu\u00ed hay una introducci\u00f3n detallada de algunas m\u00e1quinas clave:<\/p>    <h3 class=\"wp-block-heading\"><strong>1. M\u00e1quina de tueste y enfriamiento<\/strong><\/h3>    <p>Este tostador es un nuevo tipo de m\u00e1quina de tueste (secado) multifunci\u00f3n para cacao, granos, frutos secos, etc. La temperatura se ajusta autom\u00e1ticamente con diversas opciones de fuente de calor, como el\u00e9ctrica, de gas y otros m\u00e9todos de calefacci\u00f3n.<\/p>    <p>Su principio de funcionamiento es utilizar el ventilador de circulaci\u00f3n para intercambiar calor, realizar horneado con flujo de aire fuerte y mejorar la eficiencia de horneado. En la parte trasera del equipo, se establece la zona de enfriamiento para lograr un enfriamiento r\u00e1pido.<\/p>    <figure class=\"wp-block-table\"><table class=\"has-fixed-layout\"><tbody><tr><td>Potencia de transmisi\u00f3n<\/td><td class=\"has-text-align-center\" data-align=\"center\">80KW<\/td><\/tr><tr><td>Potencia de calefacci\u00f3n<\/td><td class=\"has-text-align-center\" data-align=\"center\">1150KW<\/td><\/tr><tr><td>Consumo de gas<\/td><td class=\"has-text-align-center\" data-align=\"center\">100-120kg\/h<\/td><\/tr><tr><td>Espesor de material<\/td><td class=\"has-text-align-center\" data-align=\"center\">50-60mm<\/td><\/tr><tr><td>Capacidad de producto<\/td><td class=\"has-text-align-center\" data-align=\"center\">5t\/h<\/td><\/tr><tr><td>Dimensiones<\/td><td class=\"has-text-align-center\" data-align=\"center\">40000mm*3000mm*2600mm<\/td><\/tr><\/tbody><\/table><figcaption class=\"wp-element-caption\">especificaciones de la m\u00e1quina tostadora de cacao<\/figcaption><\/figure>    <figure class=\"wp-block-gallery has-nested-images columns-default is-cropped wp-block-gallery-2 is-layout-flex wp-block-gallery-is-layout-flex\"> <figure class=\"wp-block-image size-large\"><img loading=\"lazy\" decoding=\"async\" width=\"720\" height=\"540\" data-id=\"493\" src=\"https:\/\/bestpeanutmachine.com\/wp-content\/uploads\/2025\/09\/roasting-and-cooling-machine.webp\" alt=\"m\u00e1quina de tueste y enfriamiento\" class=\"wp-image-493\" srcset=\"https:\/\/bestpeanutmachine.com\/wp-content\/uploads\/2025\/09\/roasting-and-cooling-machine.webp 720w, https:\/\/bestpeanutmachine.com\/wp-content\/uploads\/2025\/09\/roasting-and-cooling-machine-300x225.webp 300w, https:\/\/bestpeanutmachine.com\/wp-content\/uploads\/2025\/09\/roasting-and-cooling-machine-16x12.webp 16w\" sizes=\"auto, (max-width: 720px) 100vw, 720px\" \/><figcaption class=\"wp-element-caption\">m\u00e1quina de tueste y enfriamiento<\/figcaption><\/figure>    <figure class=\"wp-block-image size-large\"><img loading=\"lazy\" decoding=\"async\" width=\"720\" height=\"540\" data-id=\"494\" src=\"https:\/\/bestpeanutmachine.com\/wp-content\/uploads\/2025\/09\/structure-of-roasting-machine.webp\" alt=\"estructura de la m\u00e1quina de tostado\" class=\"wp-image-494\" srcset=\"https:\/\/bestpeanutmachine.com\/wp-content\/uploads\/2025\/09\/structure-of-roasting-machine.webp 720w, https:\/\/bestpeanutmachine.com\/wp-content\/uploads\/2025\/09\/structure-of-roasting-machine-300x225.webp 300w, https:\/\/bestpeanutmachine.com\/wp-content\/uploads\/2025\/09\/structure-of-roasting-machine-16x12.webp 16w\" sizes=\"auto, (max-width: 720px) 100vw, 720px\" \/><figcaption class=\"wp-element-caption\">estructura de la m\u00e1quina de tostado<\/figcaption><\/figure> <\/figure>    <h3 class=\"wp-block-heading\"><strong>2. M\u00e1quina peladora de habas de cacao<\/strong><\/h3>    <p>Esta m\u00e1quina desgranadora est\u00e1 formada por un rodillo de pelado, un ventilador y una parte de clasificaci\u00f3n por gravedad. La parte de clasificaci\u00f3n por gravedad est\u00e1 equipada con tres capas de mallas, que pueden tamizar y eliminar eficazmente la c\u00e1scara, y la tasa de eliminaci\u00f3n puede superar &gt;99%.<\/p>    <p>Las pieles de desecho son luego recogidas por un separador cicl\u00f3nico, que no solo protege el entorno de trabajo sino que tambi\u00e9n garantiza materiales m\u00e1s limpios.<\/p>    <figure class=\"wp-block-table\"><table class=\"has-fixed-layout\"><tbody><tr><td>Modelo<\/td><td class=\"has-text-align-center\" data-align=\"center\">HB-2<\/td><\/tr><tr><td>Capacidad<\/td><td class=\"has-text-align-center\" data-align=\"center\">1t\/h<\/td><\/tr><tr><td>Potencia del motor<\/td><td class=\"has-text-align-center\" data-align=\"center\">4.4KW<\/td><\/tr><tr><td>Potencia del ventilador<\/td><td class=\"has-text-align-center\" data-align=\"center\">2.2KW<\/td><\/tr><tr><td>Voltaje<\/td><td class=\"has-text-align-center\" data-align=\"center\">380V 50HZ<\/td><\/tr><tr><td>Tasa de eliminaci\u00f3n<\/td><td class=\"has-text-align-center\" data-align=\"center\">&gt;99%<\/td><\/tr><tr><td>Tama\u00f1o<\/td><td class=\"has-text-align-center\" data-align=\"center\">1900mm*1000mm*1400mm<\/td><\/tr><tr><td>Peso<\/td><td class=\"has-text-align-center\" data-align=\"center\">300kg<\/td><\/tr><\/tbody><\/table><figcaption class=\"wp-element-caption\">par\u00e1metros de la m\u00e1quina peladora de cacao<\/figcaption><\/figure>    <figure class=\"wp-block-gallery has-nested-images columns-default is-cropped wp-block-gallery-3 is-layout-flex wp-block-gallery-is-layout-flex\"> <figure class=\"wp-block-image size-large\"><img loading=\"lazy\" decoding=\"async\" width=\"720\" height=\"540\" data-id=\"495\" src=\"https:\/\/bestpeanutmachine.com\/wp-content\/uploads\/2025\/09\/cocoa-bean-peeling-machine.webp\" alt=\"m\u00e1quina peladora de cacao\" class=\"wp-image-495\" srcset=\"https:\/\/bestpeanutmachine.com\/wp-content\/uploads\/2025\/09\/cocoa-bean-peeling-machine.webp 720w, https:\/\/bestpeanutmachine.com\/wp-content\/uploads\/2025\/09\/cocoa-bean-peeling-machine-300x225.webp 300w, https:\/\/bestpeanutmachine.com\/wp-content\/uploads\/2025\/09\/cocoa-bean-peeling-machine-16x12.webp 16w\" sizes=\"auto, (max-width: 720px) 100vw, 720px\" \/><figcaption class=\"wp-element-caption\">m\u00e1quina peladora de cacao<\/figcaption><\/figure>    <figure class=\"wp-block-image size-large\"><img loading=\"lazy\" decoding=\"async\" width=\"720\" height=\"540\" data-id=\"496\" src=\"https:\/\/bestpeanutmachine.com\/wp-content\/uploads\/2025\/09\/interior-of-peeler-machine.webp\" alt=\"interior de la m\u00e1quina afieltradora\" class=\"wp-image-496\" srcset=\"https:\/\/bestpeanutmachine.com\/wp-content\/uploads\/2025\/09\/interior-of-peeler-machine.webp 720w, https:\/\/bestpeanutmachine.com\/wp-content\/uploads\/2025\/09\/interior-of-peeler-machine-300x225.webp 300w, https:\/\/bestpeanutmachine.com\/wp-content\/uploads\/2025\/09\/interior-of-peeler-machine-16x12.webp 16w\" sizes=\"auto, (max-width: 720px) 100vw, 720px\" \/><figcaption class=\"wp-element-caption\">interior de la m\u00e1quina afieltradora<\/figcaption><\/figure> <\/figure>    <h3 class=\"wp-block-heading\"><strong>3. Molinillo de pasta de cacao<\/strong><\/h3>    <p class=\"translation-block\">La cabeza de molienda de nuestra <a href=\"https:\/\/bestpeanutmachine.com\/es\/product\/peanut-butter-grinder-machine\/\">m\u00e1quina de molino<\/a> est\u00e1 hecha de acero inoxidable 9Cr18, y la carcasa de la m\u00e1quina es de acero inoxidable 201. La m\u00e1quina tiene una eficiencia de trabajo muy alta, y para l\u00edneas de producci\u00f3n grandes, generalmente puede alcanzar 3t-5t\/h.<\/p>    <figure class=\"wp-block-table\"><table class=\"has-fixed-layout\"><tbody><tr><td>Modelo<\/td><td class=\"has-text-align-center\" data-align=\"center\">TZ-220<\/td><\/tr><tr><td>Voltaje<\/td><td class=\"has-text-align-center\" data-align=\"center\">380V\/50HZ<\/td><\/tr><tr><td>Fuerza<\/td><td class=\"has-text-align-center\" data-align=\"center\">30 kW<\/td><\/tr><tr><td>Capacidad<\/td><td class=\"has-text-align-center\" data-align=\"center\">600-900 kg\/h<\/td><\/tr><tr><td>Peso<\/td><td class=\"has-text-align-center\" data-align=\"center\">580 kg<\/td><\/tr><tr><td>Tama\u00f1o<\/td><td class=\"has-text-align-center\" data-align=\"center\">1080mm*600mm*1350mm<\/td><\/tr><\/tbody><\/table><figcaption class=\"wp-element-caption\">Especificaciones de la molienda de cacao<\/figcaption><\/figure>    <figure class=\"wp-block-gallery has-nested-images columns-default is-cropped wp-block-gallery-4 is-layout-flex wp-block-gallery-is-layout-flex\"> <figure class=\"wp-block-image size-large\"><img loading=\"lazy\" decoding=\"async\" width=\"720\" height=\"540\" data-id=\"497\" src=\"https:\/\/bestpeanutmachine.com\/wp-content\/uploads\/2025\/09\/cocoa-paste-grinder.webp\" alt=\"Molino de pasta de cacao\" class=\"wp-image-497\" srcset=\"https:\/\/bestpeanutmachine.com\/wp-content\/uploads\/2025\/09\/cocoa-paste-grinder.webp 720w, https:\/\/bestpeanutmachine.com\/wp-content\/uploads\/2025\/09\/cocoa-paste-grinder-300x225.webp 300w, https:\/\/bestpeanutmachine.com\/wp-content\/uploads\/2025\/09\/cocoa-paste-grinder-16x12.webp 16w\" sizes=\"auto, (max-width: 720px) 100vw, 720px\" \/><figcaption class=\"wp-element-caption\">Molino de pasta de cacao<\/figcaption><\/figure>    <figure class=\"wp-block-image size-large\"><img loading=\"lazy\" decoding=\"async\" width=\"720\" height=\"540\" data-id=\"498\" src=\"https:\/\/bestpeanutmachine.com\/wp-content\/uploads\/2025\/09\/cocoa-mass-grinder.webp\" alt=\"Molino de masa de cacao\" class=\"wp-image-498\" srcset=\"https:\/\/bestpeanutmachine.com\/wp-content\/uploads\/2025\/09\/cocoa-mass-grinder.webp 720w, https:\/\/bestpeanutmachine.com\/wp-content\/uploads\/2025\/09\/cocoa-mass-grinder-300x225.webp 300w, https:\/\/bestpeanutmachine.com\/wp-content\/uploads\/2025\/09\/cocoa-mass-grinder-16x12.webp 16w\" sizes=\"auto, (max-width: 720px) 100vw, 720px\" \/><figcaption class=\"wp-element-caption\">Molino de masa de cacao<\/figcaption><\/figure> <\/figure>    <h3 class=\"wp-block-heading\"><strong>4.  Homogeneizador de masa de cacao<\/strong><\/h3>    <p>El homogeneizador de pasta de cacao puede descomponer completamente las part\u00edculas en la pasta de cacao y dispersarlas de manera uniforme, haciendo que el producto tenga un sabor m\u00e1s delicado y suave, e incluso mejore el color y el brillo.<\/p>    <p>Adem\u00e1s, el proceso de homogeneizaci\u00f3n mantiene la mantequilla de cacao y las part\u00edculas mezcladas uniformemente, evitando la separaci\u00f3n o sedimentaci\u00f3n, lo que ayuda a que los productos se mantengan frescos por m\u00e1s tiempo.<\/p>    <figure class=\"wp-block-table\"><table class=\"has-fixed-layout\"><tbody><tr><td>Modelo<\/td><td class=\"has-text-align-center\" data-align=\"center\">JJ-2\/80<\/td><\/tr><tr><td>Fuerza<\/td><td class=\"has-text-align-center\" data-align=\"center\">37KW 380V<\/td><\/tr><tr><td>Caudal nominal<\/td><td class=\"has-text-align-center\" data-align=\"center\">2000L\/h<\/td><\/tr><tr><td>Voltaje nominal<\/td><td class=\"has-text-align-center\" data-align=\"center\">80Mpa<\/td><\/tr><tr><td>Usar voltaje <\/td><td class=\"has-text-align-center\" data-align=\"center\">65Mpa<\/td><\/tr><tr><td>Tama\u00f1o<\/td><td class=\"has-text-align-center\" data-align=\"center\">1350mm*1200mm*1520mm<\/td><\/tr><\/tbody><\/table><figcaption class=\"wp-element-caption\">par\u00e1metros del homogenizador de masa de cacao<\/figcaption><\/figure>    <figure class=\"wp-block-gallery has-nested-images columns-default is-cropped wp-block-gallery-5 is-layout-flex wp-block-gallery-is-layout-flex\"> <figure class=\"wp-block-image size-large\"><img loading=\"lazy\" decoding=\"async\" width=\"720\" height=\"540\" data-id=\"499\" src=\"https:\/\/bestpeanutmachine.com\/wp-content\/uploads\/2025\/09\/cocoa-mass-homogenizer.webp\" alt=\"homogeneizador de masa de cacao\" class=\"wp-image-499\" srcset=\"https:\/\/bestpeanutmachine.com\/wp-content\/uploads\/2025\/09\/cocoa-mass-homogenizer.webp 720w, https:\/\/bestpeanutmachine.com\/wp-content\/uploads\/2025\/09\/cocoa-mass-homogenizer-300x225.webp 300w, https:\/\/bestpeanutmachine.com\/wp-content\/uploads\/2025\/09\/cocoa-mass-homogenizer-16x12.webp 16w\" sizes=\"auto, (max-width: 720px) 100vw, 720px\" \/><figcaption class=\"wp-element-caption\">homogeneizador de masa de cacao<\/figcaption><\/figure>    <figure class=\"wp-block-image size-large\"><img loading=\"lazy\" decoding=\"async\" width=\"720\" height=\"540\" data-id=\"500\" src=\"https:\/\/bestpeanutmachine.com\/wp-content\/uploads\/2025\/09\/cocoa-paste-homogenizer.webp\" alt=\"Homogeneizador de pasta de cacao\" class=\"wp-image-500\" srcset=\"https:\/\/bestpeanutmachine.com\/wp-content\/uploads\/2025\/09\/cocoa-paste-homogenizer.webp 720w, https:\/\/bestpeanutmachine.com\/wp-content\/uploads\/2025\/09\/cocoa-paste-homogenizer-300x225.webp 300w, https:\/\/bestpeanutmachine.com\/wp-content\/uploads\/2025\/09\/cocoa-paste-homogenizer-16x12.webp 16w\" sizes=\"auto, (max-width: 720px) 100vw, 720px\" \/><figcaption class=\"wp-element-caption\">Homogeneizador de pasta de cacao<\/figcaption><\/figure> <\/figure>    <h2 class=\"wp-block-heading\"><strong>Todo el proceso de fabricaci\u00f3n de pasta de cacao<\/strong><\/h2>    <p>El proceso completo de producci\u00f3n de pasta de cacao es: tostado\u2192enfriamiento\u2192pelado\u2192molienda\u2192homogeneizaci\u00f3n\u2192mezclado\u2192almacenamiento. Si necesita servicios adicionales, como una l\u00ednea de envasado de pasta de cacao o pelado de frutos de cacao, suministramos las m\u00e1quinas correspondientes.<\/p>    <p>Nota: Durante la mezcla, se pueden a\u00f1adir diferentes materias primas y remover, que es el paso clave para producir diferentes tipos de pasta de cacao o pasta de chocolate.<\/p>   <div class=\"wp-block-image\"> <figure class=\"aligncenter size-full\"><img loading=\"lazy\" decoding=\"async\" width=\"720\" height=\"540\" src=\"https:\/\/bestpeanutmachine.com\/wp-content\/uploads\/2025\/09\/cocoa-mass-making-machine.webp\" alt=\"m\u00e1quina para hacer masa de cacao\" class=\"wp-image-503\" srcset=\"https:\/\/bestpeanutmachine.com\/wp-content\/uploads\/2025\/09\/cocoa-mass-making-machine.webp 720w, https:\/\/bestpeanutmachine.com\/wp-content\/uploads\/2025\/09\/cocoa-mass-making-machine-300x225.webp 300w, https:\/\/bestpeanutmachine.com\/wp-content\/uploads\/2025\/09\/cocoa-mass-making-machine-16x12.webp 16w\" sizes=\"auto, (max-width: 720px) 100vw, 720px\" \/><figcaption class=\"wp-element-caption\">m\u00e1quina para hacer masa de cacao<\/figcaption><\/figure> <\/div>   <h2 class=\"wp-block-heading\"><strong>Aplicaciones de la l\u00ednea de producci\u00f3n de licor de cacao<\/strong><\/h2>    <p>Esta l\u00ednea de producci\u00f3n de pasta de cacao se utiliza ampliamente en la industria del cacao y el chocolate, garantizando un suministro estable de grandes cantidades de licor de cacao fino y uniforme a las f\u00e1bricas de chocolate.<\/p>    <p>Adem\u00e1s, el licor de cacao producido tambi\u00e9n se puede utilizar para producir mantequilla de cacao y polvo de cacao. La masa de cacao se puede prensar en una prensa de aceite para separarse en mantequilla de cacao y torta de cacao, que es la base para hacer polvo de cacao.<\/p>    <p>Estos productos terminados tienen un amplio mercado en todo el mundo y proporcionan soporte de materias primas para una amplia gama de industrias como confiter\u00eda, panificaci\u00f3n, bebidas, productos l\u00e1cteos, cosm\u00e9ticos y farmac\u00e9uticos.<\/p>    <figure class=\"wp-block-gallery has-nested-images columns-default is-cropped wp-block-gallery-6 is-layout-flex wp-block-gallery-is-layout-flex\"> <figure class=\"wp-block-image size-full\"><img loading=\"lazy\" decoding=\"async\" width=\"720\" height=\"540\" data-id=\"502\" src=\"https:\/\/bestpeanutmachine.com\/wp-content\/uploads\/2025\/09\/chocolate-food.webp\" alt=\"alimento de chocolate\" class=\"wp-image-502\" srcset=\"https:\/\/bestpeanutmachine.com\/wp-content\/uploads\/2025\/09\/chocolate-food.webp 720w, https:\/\/bestpeanutmachine.com\/wp-content\/uploads\/2025\/09\/chocolate-food-300x225.webp 300w, https:\/\/bestpeanutmachine.com\/wp-content\/uploads\/2025\/09\/chocolate-food-16x12.webp 16w\" sizes=\"auto, (max-width: 720px) 100vw, 720px\" \/><figcaption class=\"wp-element-caption\">alimento de chocolate<\/figcaption><\/figure>    <figure class=\"wp-block-image size-large\"><img loading=\"lazy\" decoding=\"async\" width=\"720\" height=\"540\" data-id=\"501\" src=\"https:\/\/bestpeanutmachine.com\/wp-content\/uploads\/2025\/09\/cocoa-powder.webp\" alt=\"polvo de cacao\" class=\"wp-image-501\" srcset=\"https:\/\/bestpeanutmachine.com\/wp-content\/uploads\/2025\/09\/cocoa-powder.webp 720w, https:\/\/bestpeanutmachine.com\/wp-content\/uploads\/2025\/09\/cocoa-powder-300x225.webp 300w, https:\/\/bestpeanutmachine.com\/wp-content\/uploads\/2025\/09\/cocoa-powder-16x12.webp 16w\" sizes=\"auto, (max-width: 720px) 100vw, 720px\" \/><figcaption class=\"wp-element-caption\"><a href=\"https:\/\/en.wikipedia.org\/wiki\/Cocoa_solids\" target=\"_blank\" rel=\"noopener\">polvo de cacao<\/a><\/figcaption><\/figure> <\/figure>    <h2 class=\"wp-block-heading\"><strong>Caso exitoso del proyecto de la l\u00ednea de producci\u00f3n de pasta de cacao<\/strong><\/h2>    <p>Un cliente de T\u00fcrkiye buscaba una l\u00ednea de producci\u00f3n de masa de cacao totalmente autom\u00e1tica para actualizar su f\u00e1brica de chocolate y confiter\u00eda. Debido a la gran demanda de producci\u00f3n y altos requisitos de la m\u00e1quina, proporcionamos esta l\u00ednea de producci\u00f3n de 2t\/h.<\/p>    <p>El plan inicial no fue fluido. Nuestro cliente pregunt\u00f3 si nuestra l\u00ednea de producci\u00f3n pod\u00eda cumplir sus requisitos de finura, as\u00ed que quiso a\u00f1adir una m\u00e1quina de cribado para inspecci\u00f3n de calidad. Tras una ronda de pruebas, comprobamos que la finura puede cumplir los requisitos de producci\u00f3n, pero la m\u00e1quina de cribado realmente afect\u00f3 la eficiencia de producci\u00f3n.<\/p>    <p>Tras varias revisiones del plan, nuestro cliente finalmente decidi\u00f3 la inversi\u00f3n en el equipo principal.<\/p>    <figure class=\"wp-block-table\"><table class=\"has-fixed-layout\"><tbody><tr><td>M\u00e1quina<\/td><td class=\"has-text-align-center\" data-align=\"center\">Fuerza<\/td><td class=\"has-text-align-center\" data-align=\"center\">Cantidad<\/td><\/tr><tr><td>Elevador<\/td><td class=\"has-text-align-center\" data-align=\"center\">0,75 kw<\/td><td class=\"has-text-align-center\" data-align=\"center\">3<\/td><\/tr><tr><td>Tostador<\/td><td class=\"has-text-align-center\" data-align=\"center\">\/<\/td><td class=\"has-text-align-center\" data-align=\"center\">1<\/td><\/tr><tr><td>Tamiz de descarga<\/td><td class=\"has-text-align-center\" data-align=\"center\">1,1 kw<\/td><td class=\"has-text-align-center\" data-align=\"center\">1<\/td><\/tr><tr><td>Peladora de nueces<\/td><td class=\"has-text-align-center\" data-align=\"center\">4.4kw<\/td><td class=\"has-text-align-center\" data-align=\"center\">2<\/td><\/tr><tr><td>Colector de polvo<\/td><td class=\"has-text-align-center\" data-align=\"center\">\/<\/td><td class=\"has-text-align-center\" data-align=\"center\">1<\/td><\/tr><tr><td>Correa transportadora<\/td><td class=\"has-text-align-center\" data-align=\"center\">0.37kw<\/td><td class=\"has-text-align-center\" data-align=\"center\">1<\/td><\/tr><tr><td>Deposito de almacenamiento<\/td><td class=\"has-text-align-center\" data-align=\"center\">24kw+100kw<\/td><td class=\"has-text-align-center\" data-align=\"center\">3<\/td><\/tr><tr><td>Molino de nueces<\/td><td class=\"has-text-align-center\" data-align=\"center\">30kw<\/td><td class=\"has-text-align-center\" data-align=\"center\">6<\/td><\/tr><tr><td>Tanque de almacenamiento<\/td><td class=\"has-text-align-center\" data-align=\"center\">\/<\/td><td class=\"has-text-align-center\" data-align=\"center\">1<\/td><\/tr><tr><td>Bomba de rotor<\/td><td class=\"has-text-align-center\" data-align=\"center\">4kw + 7.5kw<\/td><td class=\"has-text-align-center\" data-align=\"center\">4<\/td><\/tr><tr><td>Tanque de mezcla<\/td><td class=\"has-text-align-center\" data-align=\"center\">7.5 + 24kw<\/td><td class=\"has-text-align-center\" data-align=\"center\">3<\/td><\/tr><tr><td>Tanque de vac\u00edo<\/td><td class=\"has-text-align-center\" data-align=\"center\">10 + 24kw<\/td><td class=\"has-text-align-center\" data-align=\"center\">1<\/td><\/tr><\/tbody><\/table><figcaption class=\"wp-element-caption\">lista final de m\u00e1quinas de la l\u00ednea de producci\u00f3n de pasta de cacao<\/figcaption><\/figure>    <p>Ahora, esta l\u00ednea de producci\u00f3n ha estado en operaci\u00f3n durante medio a\u00f1o, y nuestros clientes nos han dado buenos comentarios. Est\u00e1n planeando a\u00f1adir algunas m\u00e1quinas m\u00e1s de envasado para mejorar las capacidades generales de automatizaci\u00f3n de la f\u00e1brica.<\/p>    <p>Taizy es un fabricante profesional de m\u00e1quinas y l\u00edneas de procesamiento de frutos secos. Dise\u00f1aremos la soluci\u00f3n m\u00e1s adecuada para su empresa. Si tienes cualquier requisito y quieres preguntar otras cosas, por favor cont\u00e1ctanos. <\/p>    <p><\/p>","protected":false},"excerpt":{"rendered":"<p>Taizy proporciona una l\u00ednea de producci\u00f3n de pasta de cacao de 2t\/h para f\u00e1bricas de procesamiento de alimentos de cacao. Incluye el tostado, pelado y molido de la haba de cacao a masa de cacao. Tambi\u00e9n personalizaremos las soluciones m\u00e1s adecuadas para su negocio y requisitos.<\/p>","protected":false},"author":1,"featured_media":491,"parent":0,"template":"","tags":[80,79],"product-type":[60],"class_list":["post-456","product","type-product","status-publish","has-post-thumbnail","hentry","tag-cocoa","tag-cocoa-paste","product-type-production-line"],"_links":{"self":[{"href":"https:\/\/bestpeanutmachine.com\/es\/wp-json\/wp\/v2\/product\/456","targetHints":{"allow":["GET"]}}],"collection":[{"href":"https:\/\/bestpeanutmachine.com\/es\/wp-json\/wp\/v2\/product"}],"about":[{"href":"https:\/\/bestpeanutmachine.com\/es\/wp-json\/wp\/v2\/types\/product"}],"author":[{"embeddable":true,"href":"https:\/\/bestpeanutmachine.com\/es\/wp-json\/wp\/v2\/users\/1"}],"wp:featuredmedia":[{"embeddable":true,"href":"https:\/\/bestpeanutmachine.com\/es\/wp-json\/wp\/v2\/media\/491"}],"wp:attachment":[{"href":"https:\/\/bestpeanutmachine.com\/es\/wp-json\/wp\/v2\/media?parent=456"}],"wp:term":[{"taxonomy":"post_tag","embeddable":true,"href":"https:\/\/bestpeanutmachine.com\/es\/wp-json\/wp\/v2\/tags?post=456"},{"taxonomy":"product-type","embeddable":true,"href":"https:\/\/bestpeanutmachine.com\/es\/wp-json\/wp\/v2\/product-type?post=456"}],"curies":[{"name":"wp","href":"https:\/\/api.w.org\/{rel}","templated":true}]}}