{"id":514,"date":"2025-10-09T16:18:03","date_gmt":"2025-10-09T08:18:03","guid":{"rendered":"https:\/\/bestpeanutmachine.com\/?post_type=product&#038;p=514"},"modified":"2025-10-09T16:18:03","modified_gmt":"2025-10-09T08:18:03","slug":"cocoa-bean-peeling-machine","status":"publish","type":"product","link":"https:\/\/bestpeanutmachine.com\/es\/product\/cocoa-bean-peeling-machine\/","title":{"rendered":"M\u00e1quina de peeling de grano de cacao"},"content":{"rendered":"<p class=\"translation-block\">La m\u00e1quina de pelado de habas de cacao Taizy se utiliza para pelar habas de cacao tostadas. Su producto final son nibs de cacao claros sin piel. Esta m\u00e1quina tiene una tasa de pelado muy alta, que alcanza hasta 99%, con una amplia gama de capacidades de producci\u00f3n de 50 a 1000 kg\/h.<\/p>    <p>Nuestra m\u00e1quina venteadora de habas de cacao est\u00e1 principalmente hecha de acero inoxidable, convirti\u00e9ndola en una m\u00e1quina indispensable para plantas de procesamiento de habas de cacao y f\u00e1bricas de chocolate. Ghana, Per\u00fa, Indonesia y muchas otras f\u00e1bricas de procesamiento de habas de cacao han cooperado con nosotros.<\/p>    <h2 class=\"wp-block-heading\"><strong>Aspectos destacados de la m\u00e1quina despulpadora de cacao<\/strong><\/h2>    <ol class=\"wp-block-list\"> <li>La producci\u00f3n de nuestra m\u00e1quina peladora de habas de cacao var\u00eda de 50 a 1000 kg\/h debido a sus diferentes modelos. Por lo tanto, puede aplicarse a todas las situaciones, no solo en plantas peque\u00f1as, sino tambi\u00e9n en l\u00edneas de producci\u00f3n continuas a gran escala de pasta de cacao.<\/li>    <li>Su tasa de eliminaci\u00f3n es tan alta como 99%. Algunos modelos han a\u00f1adido una funci\u00f3n de tamizado, que puede reducir el contenido de nibs en la piel para evitar el desperdicio de productos finales.<\/li>    <li>Las tolvas superior e inferior, la carcasa de la m\u00e1quina, los rodillos y otras piezas que est\u00e1n en contacto con el material est\u00e1n hechas de acero inoxidable de alta calidad, garantizando un uso a largo plazo.<\/li>    <li> Nuestras m\u00e1quinas cuentan con certificaci\u00f3n CE y otros certificados internacionales de exportaci\u00f3n. Las m\u00e1quinas de pelado de habas de cacao producidas por nuestra f\u00e1brica est\u00e1n estrictamente controladas en calidad y con precios transparentes. <\/li> <\/ol>   <div class=\"wp-block-image\"> <figure class=\"aligncenter size-full\"><img loading=\"lazy\" decoding=\"async\" width=\"720\" height=\"540\" src=\"https:\/\/bestpeanutmachine.com\/wp-content\/uploads\/2025\/10\/automatic-cocoa-bean-peeler-machine.webp\" alt=\"m\u00e1quina autom\u00e1tica de pelado de habas de cacao\" class=\"wp-image-525\" srcset=\"https:\/\/bestpeanutmachine.com\/wp-content\/uploads\/2025\/10\/automatic-cocoa-bean-peeler-machine.webp 720w, https:\/\/bestpeanutmachine.com\/wp-content\/uploads\/2025\/10\/automatic-cocoa-bean-peeler-machine-300x225.webp 300w, https:\/\/bestpeanutmachine.com\/wp-content\/uploads\/2025\/10\/automatic-cocoa-bean-peeler-machine-16x12.webp 16w\" sizes=\"auto, (max-width: 720px) 100vw, 720px\" \/><figcaption class=\"wp-element-caption\">m\u00e1quina autom\u00e1tica de pelado de habas de cacao<\/figcaption><\/figure> <\/div>   <h2 class=\"wp-block-heading\"><strong>Estructura de la m\u00e1quina cribadora de granos de cacao<\/strong><\/h2>    <p>La m\u00e1quina Taizy de pelado de habas de cacao se compone principalmente de una tolva de alimentaci\u00f3n, un dispositivo de astillado por rodillos, un sistema de separaci\u00f3n de aire, un colector de cicl\u00f3n, un sistema de salida y un sistema de motor y control.<\/p>    <p>Al mismo tiempo, a medida que nuestro equipo t\u00e9cnico contin\u00faa investigando y actualizando la m\u00e1quina venteadora de habas de cacao, el nuevo modelo lanzado incluye un dispositivo de cribado especial, que puede hacer que el producto sea m\u00e1s limpio.<\/p>    <figure class=\"wp-block-gallery has-nested-images columns-default is-cropped wp-block-gallery-2 is-layout-flex wp-block-gallery-is-layout-flex\"> <figure class=\"wp-block-image size-large\"><img loading=\"lazy\" decoding=\"async\" width=\"720\" height=\"540\" data-id=\"531\" src=\"https:\/\/bestpeanutmachine.com\/wp-content\/uploads\/2025\/10\/winnowing-cocoa-beans-machine.webp\" alt=\"m\u00e1quina limpiadora de habas de cacao\" class=\"wp-image-531\" srcset=\"https:\/\/bestpeanutmachine.com\/wp-content\/uploads\/2025\/10\/winnowing-cocoa-beans-machine.webp 720w, https:\/\/bestpeanutmachine.com\/wp-content\/uploads\/2025\/10\/winnowing-cocoa-beans-machine-300x225.webp 300w, https:\/\/bestpeanutmachine.com\/wp-content\/uploads\/2025\/10\/winnowing-cocoa-beans-machine-16x12.webp 16w\" sizes=\"auto, (max-width: 720px) 100vw, 720px\" \/><figcaption class=\"wp-element-caption\">m\u00e1quina limpiadora de habas de cacao<\/figcaption><\/figure>    <figure class=\"wp-block-image size-large\"><img loading=\"lazy\" decoding=\"async\" width=\"720\" height=\"540\" data-id=\"527\" src=\"https:\/\/bestpeanutmachine.com\/wp-content\/uploads\/2025\/10\/feeding-hopper.webp\" alt=\"tolva de alimentaci\u00f3n de la m\u00e1quina de pelado de habas de cacao\" class=\"wp-image-527\" srcset=\"https:\/\/bestpeanutmachine.com\/wp-content\/uploads\/2025\/10\/feeding-hopper.webp 720w, https:\/\/bestpeanutmachine.com\/wp-content\/uploads\/2025\/10\/feeding-hopper-300x225.webp 300w, https:\/\/bestpeanutmachine.com\/wp-content\/uploads\/2025\/10\/feeding-hopper-16x12.webp 16w\" sizes=\"auto, (max-width: 720px) 100vw, 720px\" \/><figcaption class=\"wp-element-caption\">tolva de alimentaci\u00f3n<\/figcaption><\/figure>    <figure class=\"wp-block-image size-large\"><img loading=\"lazy\" decoding=\"async\" width=\"720\" height=\"540\" data-id=\"529\" src=\"https:\/\/bestpeanutmachine.com\/wp-content\/uploads\/2025\/10\/roller-device.webp\" alt=\"dispositivo de rodillo de la m\u00e1quina de pelado de habas de cacao\" class=\"wp-image-529\" srcset=\"https:\/\/bestpeanutmachine.com\/wp-content\/uploads\/2025\/10\/roller-device.webp 720w, https:\/\/bestpeanutmachine.com\/wp-content\/uploads\/2025\/10\/roller-device-300x225.webp 300w, https:\/\/bestpeanutmachine.com\/wp-content\/uploads\/2025\/10\/roller-device-16x12.webp 16w\" sizes=\"auto, (max-width: 720px) 100vw, 720px\" \/><figcaption class=\"wp-element-caption\">dispositivo de rodillo<\/figcaption><\/figure>    <figure class=\"wp-block-image size-large\"><img loading=\"lazy\" decoding=\"async\" width=\"720\" height=\"540\" data-id=\"530\" src=\"https:\/\/bestpeanutmachine.com\/wp-content\/uploads\/2025\/10\/vibrating-screen.webp\" alt=\"criba vibratoria de la m\u00e1quina de pelado de habas de cacao\" class=\"wp-image-530\" srcset=\"https:\/\/bestpeanutmachine.com\/wp-content\/uploads\/2025\/10\/vibrating-screen.webp 720w, https:\/\/bestpeanutmachine.com\/wp-content\/uploads\/2025\/10\/vibrating-screen-300x225.webp 300w, https:\/\/bestpeanutmachine.com\/wp-content\/uploads\/2025\/10\/vibrating-screen-16x12.webp 16w\" sizes=\"auto, (max-width: 720px) 100vw, 720px\" \/><figcaption class=\"wp-element-caption\">criba vibratoria<\/figcaption><\/figure>    <figure class=\"wp-block-image size-large\"><img loading=\"lazy\" decoding=\"async\" width=\"720\" height=\"540\" data-id=\"532\" src=\"https:\/\/bestpeanutmachine.com\/wp-content\/uploads\/2025\/10\/fans-and-pipes.webp\" alt=\"ventiladores y tuber\u00edas de la m\u00e1quina de pelado de habas de cacao\" class=\"wp-image-532\" srcset=\"https:\/\/bestpeanutmachine.com\/wp-content\/uploads\/2025\/10\/fans-and-pipes.webp 720w, https:\/\/bestpeanutmachine.com\/wp-content\/uploads\/2025\/10\/fans-and-pipes-300x225.webp 300w, https:\/\/bestpeanutmachine.com\/wp-content\/uploads\/2025\/10\/fans-and-pipes-16x12.webp 16w\" sizes=\"auto, (max-width: 720px) 100vw, 720px\" \/><figcaption class=\"wp-element-caption\">ventiladores y tuber\u00edas<\/figcaption><\/figure>    <figure class=\"wp-block-image size-large\"><img loading=\"lazy\" decoding=\"async\" width=\"720\" height=\"540\" data-id=\"528\" src=\"https:\/\/bestpeanutmachine.com\/wp-content\/uploads\/2025\/10\/outlet.webp\" alt=\"salida de la m\u00e1quina de pelado de habas de cacao\" class=\"wp-image-528\" srcset=\"https:\/\/bestpeanutmachine.com\/wp-content\/uploads\/2025\/10\/outlet.webp 720w, https:\/\/bestpeanutmachine.com\/wp-content\/uploads\/2025\/10\/outlet-300x225.webp 300w, https:\/\/bestpeanutmachine.com\/wp-content\/uploads\/2025\/10\/outlet-16x12.webp 16w\" sizes=\"auto, (max-width: 720px) 100vw, 720px\" \/><figcaption class=\"wp-element-caption\">salida<\/figcaption><\/figure> <\/figure>    <h2 class=\"wp-block-heading\"><strong>Principio de funcionamiento de la m\u00e1quina despulpadora de granos de cacao<\/strong><\/h2>    <p>El principio de funcionamiento de nuestra m\u00e1quina venteadora de habas de cacao es simple pero muy eficiente.<\/p>    <ul class=\"wp-block-list\"> <li>Primero, las habas de cacao se introducen uniformemente en el tolva. Si la m\u00e1quina de pelado de habas de cacao est\u00e1 en una l\u00ednea de producci\u00f3n, la tolva se conectar\u00e1 al ascensor.<\/li>    <li>Luego, las habas se pelan por la acci\u00f3n de rodillos de pelado y fricci\u00f3n, que aflojar\u00e1n y separar\u00e1n la piel.<\/li>    <li>Despu\u00e9s de eso, la mezcla cae sobre una criba vibratoria, que clasifica el material en diferentes partes seg\u00fan su peso.<\/li>    <li>Al mismo tiempo, los ventiladores utilizan flujo de aire para llevar las pieles separadas de cacao a un colector cicl\u00f3nico para su almacenamiento.<\/li>    <li>Finalmente, los nibs de cacao limpios se descargan por la salida. <\/li> <\/ul>    <h2 class=\"wp-block-heading\"><strong>3 tipos de m\u00e1quina despulpadora de granos de cacao Taizy<\/strong><\/h2>    <h3 class=\"wp-block-heading\"><strong>Tipo 1: m\u00e1quina despepitar y partir granos de cacao<\/strong><\/h3>    <p>Este tipo tiene una capacidad peque\u00f1a que oscila entre 50-200 kg\/h. Puede personalizarse con el colector de polvo y el equipo de ruedas, que son m\u00e1s adecuados para plantas de procesamiento peque\u00f1as con presupuestos limitados que solo desean procesar las habas de cacao de forma simple.<\/p>    <figure class=\"wp-block-table\"><table class=\"has-fixed-layout\"><tbody><tr><td>Modelo<\/td><td class=\"has-text-align-center\" data-align=\"center\">TZ-1<\/td><td class=\"has-text-align-center\" data-align=\"center\">TZ-2<\/td><\/tr><tr><td>Capacidad<\/td><td class=\"has-text-align-center\" data-align=\"center\">50-100 kg\/h<\/td><td class=\"has-text-align-center\" data-align=\"center\">200kg\/h<\/td><\/tr><tr><td>Voltaje<\/td><td class=\"has-text-align-center\" data-align=\"center\">380V50HZ<\/td><td class=\"has-text-align-center\" data-align=\"center\">380V<\/td><\/tr><tr><td>Potencia de la m\u00e1quina<\/td><td class=\"has-text-align-center\" data-align=\"center\">0.4KW<\/td><td class=\"has-text-align-center\" data-align=\"center\">0.75KW<\/td><\/tr><tr><td>Potencia del cicl\u00f3n<\/td><td class=\"has-text-align-center\" data-align=\"center\">0.37KW<\/td><td class=\"has-text-align-center\" data-align=\"center\">0.55KW<\/td><\/tr><tr><td>Tama\u00f1o<\/td><td class=\"has-text-align-center\" data-align=\"center\">1000mm*1000mm*1300mm<\/td><td class=\"has-text-align-center\" data-align=\"center\">1200mm*1100mm*1200mm<\/td><\/tr><tr><td>Tasa de pelado<\/td><td class=\"has-text-align-center\" data-align=\"center\">\uff1e98%<\/td><td class=\"has-text-align-center\" data-align=\"center\">\uff1e98%<\/td><\/tr><\/tbody><\/table><figcaption class=\"wp-element-caption\">especificaci\u00f3n de la m\u00e1quina de pelado y astillado de habas de cacao<\/figcaption><\/figure>    <figure class=\"wp-block-gallery has-nested-images columns-default is-cropped wp-block-gallery-3 is-layout-flex wp-block-gallery-is-layout-flex\"> <figure class=\"wp-block-image size-large\"><img loading=\"lazy\" decoding=\"async\" width=\"720\" height=\"540\" data-id=\"516\" src=\"https:\/\/bestpeanutmachine.com\/wp-content\/uploads\/2025\/10\/cocoa-bean-peeler-and-cracker.webp\" alt=\"pelador y astillador de habas de cacao\" class=\"wp-image-516\" srcset=\"https:\/\/bestpeanutmachine.com\/wp-content\/uploads\/2025\/10\/cocoa-bean-peeler-and-cracker.webp 720w, https:\/\/bestpeanutmachine.com\/wp-content\/uploads\/2025\/10\/cocoa-bean-peeler-and-cracker-300x225.webp 300w, https:\/\/bestpeanutmachine.com\/wp-content\/uploads\/2025\/10\/cocoa-bean-peeler-and-cracker-16x12.webp 16w\" sizes=\"auto, (max-width: 720px) 100vw, 720px\" \/><figcaption class=\"wp-element-caption\">pelador y astillador de habas de cacao<\/figcaption><\/figure>    <figure class=\"wp-block-image size-large\"><img loading=\"lazy\" decoding=\"async\" width=\"720\" height=\"540\" data-id=\"517\" src=\"https:\/\/bestpeanutmachine.com\/wp-content\/uploads\/2025\/10\/cocoa-bean-peeling-and-cracking-machine.webp\" alt=\"pelador y astillador de habas de cacao\" class=\"wp-image-517\" srcset=\"https:\/\/bestpeanutmachine.com\/wp-content\/uploads\/2025\/10\/cocoa-bean-peeling-and-cracking-machine.webp 720w, https:\/\/bestpeanutmachine.com\/wp-content\/uploads\/2025\/10\/cocoa-bean-peeling-and-cracking-machine-300x225.webp 300w, https:\/\/bestpeanutmachine.com\/wp-content\/uploads\/2025\/10\/cocoa-bean-peeling-and-cracking-machine-16x12.webp 16w\" sizes=\"auto, (max-width: 720px) 100vw, 720px\" \/><figcaption class=\"wp-element-caption\">pelador y astillador de habas de cacao<\/figcaption><\/figure> <\/figure>    <h3 class=\"wp-block-heading\"><strong>Tipo 2: separador de nibs de cacao<\/strong><\/h3>    <p>Esta m\u00e1quina de pelado de habas de cacao est\u00e1 equipada con una criba vibratoria de tres capas, que puede ajustar la velocidad del viento y el tama\u00f1o de la separaci\u00f3n entre piel y grano para separar completamente la piel y el n\u00facleo. Normalmente se utiliza en la l\u00ednea de producci\u00f3n.<\/p>    <figure class=\"wp-block-table\"><table class=\"has-fixed-layout\"><tbody><tr><td>Modelo<\/td><td class=\"has-text-align-center\" data-align=\"center\">Kt-1<\/td><td class=\"has-text-align-center\" data-align=\"center\">Kt-2<\/td><td class=\"has-text-align-center\" data-align=\"center\">Kt-3<\/td><\/tr><tr><td>Capacidad<\/td><td class=\"has-text-align-center\" data-align=\"center\">100kg\/h<\/td><td class=\"has-text-align-center\" data-align=\"center\">300 kg\/h<\/td><td class=\"has-text-align-center\" data-align=\"center\">400-500kg\/h<\/td><\/tr><tr><td>Voltaje<\/td><td class=\"has-text-align-center\" data-align=\"center\">380V<\/td><td class=\"has-text-align-center\" data-align=\"center\">380V<\/td><td class=\"has-text-align-center\" data-align=\"center\">380V<\/td><\/tr><tr><td>Potencia de la m\u00e1quina<\/td><td class=\"has-text-align-center\" data-align=\"center\">0.75KW<\/td><td class=\"has-text-align-center\" data-align=\"center\">0.75KW<\/td><td class=\"has-text-align-center\" data-align=\"center\">1.1KW<\/td><\/tr><tr><td>Potencia del cicl\u00f3n<\/td><td class=\"has-text-align-center\" data-align=\"center\">1.1KW<\/td><td class=\"has-text-align-center\" data-align=\"center\">1,5 kW<\/td><td class=\"has-text-align-center\" data-align=\"center\">2.2KW<\/td><\/tr><tr><td>Potencia de la criba vibratoria<\/td><td class=\"has-text-align-center\" data-align=\"center\">0.18KW<\/td><td class=\"has-text-align-center\" data-align=\"center\">0.18KW<\/td><td class=\"has-text-align-center\" data-align=\"center\">0.18KW<\/td><\/tr><tr><td>Tasa de pelado<\/td><td class=\"has-text-align-center\" data-align=\"center\">&gt;99%<\/td><td class=\"has-text-align-center\" data-align=\"center\">&gt;99%<\/td><td class=\"has-text-align-center\" data-align=\"center\">&gt;99%<\/td><\/tr><tr><td>Tama\u00f1o<\/td><td class=\"has-text-align-center\" data-align=\"center\">1400mm*600mm*1300mm<\/td><td class=\"has-text-align-center\" data-align=\"center\">1600mm*700mm*1400mm<\/td><td class=\"has-text-align-center\" data-align=\"center\">1600mm*1000mm*1400mm<\/td><\/tr><tr><td>Peso<\/td><td class=\"has-text-align-center\" data-align=\"center\">150kg<\/td><td class=\"has-text-align-center\" data-align=\"center\">200 kilos<\/td><td class=\"has-text-align-center\" data-align=\"center\">280 kilos<\/td><\/tr><\/tbody><\/table><figcaption class=\"wp-element-caption\">par\u00e1metros detallados del separador de nibs de cacao<\/figcaption><\/figure>    <figure class=\"wp-block-gallery has-nested-images columns-default is-cropped wp-block-gallery-4 is-layout-flex wp-block-gallery-is-layout-flex\"> <figure class=\"wp-block-image size-large\"><img loading=\"lazy\" decoding=\"async\" width=\"720\" height=\"540\" data-id=\"518\" src=\"https:\/\/bestpeanutmachine.com\/wp-content\/uploads\/2025\/10\/cocoa-bean-nibs-separating-machine.webp\" alt=\"m\u00e1quina separadora de nibs de haba de cacao\" class=\"wp-image-518\" srcset=\"https:\/\/bestpeanutmachine.com\/wp-content\/uploads\/2025\/10\/cocoa-bean-nibs-separating-machine.webp 720w, https:\/\/bestpeanutmachine.com\/wp-content\/uploads\/2025\/10\/cocoa-bean-nibs-separating-machine-300x225.webp 300w, https:\/\/bestpeanutmachine.com\/wp-content\/uploads\/2025\/10\/cocoa-bean-nibs-separating-machine-16x12.webp 16w\" sizes=\"auto, (max-width: 720px) 100vw, 720px\" \/><figcaption class=\"wp-element-caption\">m\u00e1quina separadora de nibs de haba de cacao<\/figcaption><\/figure>    <figure class=\"wp-block-image size-large\"><img loading=\"lazy\" decoding=\"async\" width=\"720\" height=\"540\" data-id=\"519\" src=\"https:\/\/bestpeanutmachine.com\/wp-content\/uploads\/2025\/10\/cocoa-bean-nibs-separator.webp\" alt=\"separador de nibs de cacao\" class=\"wp-image-519\" srcset=\"https:\/\/bestpeanutmachine.com\/wp-content\/uploads\/2025\/10\/cocoa-bean-nibs-separator.webp 720w, https:\/\/bestpeanutmachine.com\/wp-content\/uploads\/2025\/10\/cocoa-bean-nibs-separator-300x225.webp 300w, https:\/\/bestpeanutmachine.com\/wp-content\/uploads\/2025\/10\/cocoa-bean-nibs-separator-16x12.webp 16w\" sizes=\"auto, (max-width: 720px) 100vw, 720px\" \/><figcaption class=\"wp-element-caption\">separador de nibs de cacao<\/figcaption><\/figure> <\/figure>    <h3 class=\"wp-block-heading\"><strong>Tipo 3: m\u00e1quina de cribado de cacao<\/strong><\/h3>    <p>Este tipo de m\u00e1quina de pelado de habas de cacao tiene solo una capa de tamiz, pero est\u00e1 equipada con un tubo de vac\u00edo y un dispositivo de almacenamiento de recolecci\u00f3n en cicl\u00f3n. Tiene la mayor capacidad de producci\u00f3n, que puede alcanzar 1000 kg\/h.<\/p>    <figure class=\"wp-block-table\"><table class=\"has-fixed-layout\"><tbody><tr><td>Modelo<\/td><td class=\"has-text-align-center\" data-align=\"center\">HB-2<\/td><\/tr><tr><td>Capacidad<\/td><td class=\"has-text-align-center\" data-align=\"center\">1000 kg\/h<\/td><\/tr><tr><td>Voltaje<\/td><td class=\"has-text-align-center\" data-align=\"center\">4.4KW<\/td><\/tr><tr><td>Potencia de la m\u00e1quina<\/td><td class=\"has-text-align-center\" data-align=\"center\">2.2KW<\/td><\/tr><tr><td>Potencia del cicl\u00f3n<\/td><td class=\"has-text-align-center\" data-align=\"center\">380V50Hz<\/td><\/tr><tr><td>Tama\u00f1o<\/td><td class=\"has-text-align-center\" data-align=\"center\">1900mm*1000mm*1400mm<\/td><\/tr><tr><td>Peso<\/td><td class=\"has-text-align-center\" data-align=\"center\">300kg<\/td><\/tr><\/tbody><\/table><figcaption class=\"wp-element-caption\">Par\u00e1metros de la m\u00e1quina venteadora de habas de cacao<\/figcaption><\/figure>    <figure class=\"wp-block-gallery has-nested-images columns-default is-cropped wp-block-gallery-5 is-layout-flex wp-block-gallery-is-layout-flex\"> <figure class=\"wp-block-image size-large\"><img loading=\"lazy\" decoding=\"async\" width=\"720\" height=\"540\" data-id=\"520\" src=\"https:\/\/bestpeanutmachine.com\/wp-content\/uploads\/2025\/10\/cocoa-bean-winnower-machine.webp\" alt=\"maquina venteadora de habas de cacao\" class=\"wp-image-520\" srcset=\"https:\/\/bestpeanutmachine.com\/wp-content\/uploads\/2025\/10\/cocoa-bean-winnower-machine.webp 720w, https:\/\/bestpeanutmachine.com\/wp-content\/uploads\/2025\/10\/cocoa-bean-winnower-machine-300x225.webp 300w, https:\/\/bestpeanutmachine.com\/wp-content\/uploads\/2025\/10\/cocoa-bean-winnower-machine-16x12.webp 16w\" sizes=\"auto, (max-width: 720px) 100vw, 720px\" \/><figcaption class=\"wp-element-caption\">maquina venteadora de habas de cacao<\/figcaption><\/figure>    <figure class=\"wp-block-image size-large\"><img loading=\"lazy\" decoding=\"async\" width=\"720\" height=\"540\" data-id=\"521\" src=\"https:\/\/bestpeanutmachine.com\/wp-content\/uploads\/2025\/10\/cocoa-bean-winnowing-machine.webp\" alt=\"maquina venteadora de habas de cacao\" class=\"wp-image-521\" srcset=\"https:\/\/bestpeanutmachine.com\/wp-content\/uploads\/2025\/10\/cocoa-bean-winnowing-machine.webp 720w, https:\/\/bestpeanutmachine.com\/wp-content\/uploads\/2025\/10\/cocoa-bean-winnowing-machine-300x225.webp 300w, https:\/\/bestpeanutmachine.com\/wp-content\/uploads\/2025\/10\/cocoa-bean-winnowing-machine-16x12.webp 16w\" sizes=\"auto, (max-width: 720px) 100vw, 720px\" \/><figcaption class=\"wp-element-caption\">maquina venteadora de habas de cacao<\/figcaption><\/figure> <\/figure>    <p>Si no sabe qu\u00e9 tipo es m\u00e1s adecuado para su negocio, ser\u00e1 genial consultar con nosotros. Contamos con un equipo profesional, que puede brindarle el mejor consejo.<\/p>    <h2 class=\"wp-block-heading\"><strong>Aplicaci\u00f3n de la m\u00e1quina despulpadora de granos de cacao<\/strong><\/h2>    <p class=\"translation-block\">La m\u00e1quina de pelado de habas de cacao se utiliza ampliamente en las industrias de procesamiento de cacao y chocolate. Puede eliminar de manera eficiente las pieles de las habas de cacao tostadas o secas, produciendo nibs de cacao limpios para el procesamiento siguiente. Estos nibs son la materia prima para <a href=\"https:\/\/en.wikipedia.org\/wiki\/Chocolate_liquor\" target=\"_blank\" rel=\"noopener\">masa de cacao<\/a>, cacao en polvo y productos de chocolate.<\/p>    <p>Por lo tanto, este tipo de m\u00e1quina es adecuado para f\u00e1bricas de alimentos, l\u00edneas de producci\u00f3n de chocolate, molinos de polvo de cacao e incluso peque\u00f1as y medianas plantas de procesamiento en zonas de producci\u00f3n de habas de cacao para ayudar a las industrias a mejorar la calidad del producto, reducir la mano de obra y aumentar la capacidad de producci\u00f3n.<\/p>    <figure class=\"wp-block-gallery has-nested-images columns-default is-cropped wp-block-gallery-6 is-layout-flex wp-block-gallery-is-layout-flex\"> <figure class=\"wp-block-image size-large\"><img loading=\"lazy\" decoding=\"async\" width=\"720\" height=\"540\" data-id=\"522\" src=\"https:\/\/bestpeanutmachine.com\/wp-content\/uploads\/2025\/10\/chocolate-food-processing-factory.webp\" alt=\"f\u00e1brica de procesamiento de chocolate\" class=\"wp-image-522\" srcset=\"https:\/\/bestpeanutmachine.com\/wp-content\/uploads\/2025\/10\/chocolate-food-processing-factory.webp 720w, https:\/\/bestpeanutmachine.com\/wp-content\/uploads\/2025\/10\/chocolate-food-processing-factory-300x225.webp 300w, https:\/\/bestpeanutmachine.com\/wp-content\/uploads\/2025\/10\/chocolate-food-processing-factory-16x12.webp 16w\" sizes=\"auto, (max-width: 720px) 100vw, 720px\" \/><figcaption class=\"wp-element-caption\">f\u00e1brica de procesamiento de chocolate<\/figcaption><\/figure>    <figure class=\"wp-block-image size-large\"><img loading=\"lazy\" decoding=\"async\" width=\"720\" height=\"540\" data-id=\"523\" src=\"https:\/\/bestpeanutmachine.com\/wp-content\/uploads\/2025\/10\/cocoa-bean-origin-factory.webp\" alt=\"f\u00e1brica de origen de las habas de cacao\" class=\"wp-image-523\" srcset=\"https:\/\/bestpeanutmachine.com\/wp-content\/uploads\/2025\/10\/cocoa-bean-origin-factory.webp 720w, https:\/\/bestpeanutmachine.com\/wp-content\/uploads\/2025\/10\/cocoa-bean-origin-factory-300x225.webp 300w, https:\/\/bestpeanutmachine.com\/wp-content\/uploads\/2025\/10\/cocoa-bean-origin-factory-16x12.webp 16w\" sizes=\"auto, (max-width: 720px) 100vw, 720px\" \/><figcaption class=\"wp-element-caption\">f\u00e1brica de origen de las habas de cacao<\/figcaption><\/figure> <\/figure>    <p>Si est\u00e1 interesado en esta m\u00e1quina de pelado de habas de cacao, por favor cont\u00e1ctenos.<\/p>    <p class=\"translation-block\">Tambi\u00e9n ofrecemos la l\u00ednea de producci\u00f3n de masa de cacao y otros tipos de m\u00e1quinas de procesamiento de frutos secos. Si desea obtener m\u00e1s informaci\u00f3n, haga clic aqu\u00ed para obtenerla: <a href=\"https:\/\/bestpeanutmachine.com\/es\/product\/2t-cocoa-paste-production-line\/\">L\u00ednea de producci\u00f3n de pasta de cacao de 2t<\/a>.<\/p>","protected":false},"excerpt":{"rendered":"<p>Como m\u00e1quina necesaria en todas las plantas de producci\u00f3n de cacao, la m\u00e1quina de pelado de habas de cacao puede romper de manera eficaz las habas de cacao tostadas o secas y separar las pieles y los nibs con una tasa de &gt;99% y una capacidad de 50-1000 kg\/h.<\/p>","protected":false},"author":1,"featured_media":515,"parent":0,"template":"","tags":[80,81],"product-type":[76,6],"class_list":["post-514","product","type-product","status-publish","has-post-thumbnail","hentry","tag-cocoa","tag-cocoa-bean","product-type-other-nuts-machine","product-type-product"],"_links":{"self":[{"href":"https:\/\/bestpeanutmachine.com\/es\/wp-json\/wp\/v2\/product\/514","targetHints":{"allow":["GET"]}}],"collection":[{"href":"https:\/\/bestpeanutmachine.com\/es\/wp-json\/wp\/v2\/product"}],"about":[{"href":"https:\/\/bestpeanutmachine.com\/es\/wp-json\/wp\/v2\/types\/product"}],"author":[{"embeddable":true,"href":"https:\/\/bestpeanutmachine.com\/es\/wp-json\/wp\/v2\/users\/1"}],"wp:featuredmedia":[{"embeddable":true,"href":"https:\/\/bestpeanutmachine.com\/es\/wp-json\/wp\/v2\/media\/515"}],"wp:attachment":[{"href":"https:\/\/bestpeanutmachine.com\/es\/wp-json\/wp\/v2\/media?parent=514"}],"wp:term":[{"taxonomy":"post_tag","embeddable":true,"href":"https:\/\/bestpeanutmachine.com\/es\/wp-json\/wp\/v2\/tags?post=514"},{"taxonomy":"product-type","embeddable":true,"href":"https:\/\/bestpeanutmachine.com\/es\/wp-json\/wp\/v2\/product-type?post=514"}],"curies":[{"name":"wp","href":"https:\/\/api.w.org\/{rel}","templated":true}]}}