{"id":53,"date":"2022-08-26T07:10:37","date_gmt":"2022-08-25T23:10:37","guid":{"rendered":"https:\/\/bestpeanutmachine.com\/?post_type=product&#038;p=53"},"modified":"2026-03-31T10:19:42","modified_gmt":"2026-03-31T02:19:42","slug":"peanut-butter-production-line","status":"publish","type":"product","link":"https:\/\/bestpeanutmachine.com\/es\/product\/peanut-butter-production-line\/","title":{"rendered":"L\u00ednea de Producci\u00f3n de Mantequilla de Cacahuete de 300 kg\/h"},"content":{"rendered":"<p class=\"translation-block\">La <strong>l\u00ednea de producci\u00f3n de crema de cacahuete Taizy<\/strong> es una serie de equipos utilizados para hacer crema de cacahuete, abarcando el proceso completo de tostado, selecci\u00f3n, enfriamiento, pelado, molienda, mezcla, desgasificaci\u00f3n y envasado. Su capacidad de producci\u00f3n puede alcanzar 300 kg\/h.<\/p>    <p>Todas nuestras m\u00e1quinas est\u00e1n fabricadas con acero inoxidable de grado alimentario, que es duradero y tiene un rendimiento excelente. Adem\u00e1s, la l\u00ednea de procesamiento de mantequilla de cacahuete tiene las caracter\u00edsticas de alta automatizaci\u00f3n, f\u00e1cil operaci\u00f3n y excelente eficiencia. <\/p>    <p>Si no est\u00e1s seguro de si la l\u00ednea de producci\u00f3n es adecuada para la configuraci\u00f3n de tu f\u00e1brica, no dudes en ponerte en contacto con nosotros. Taizy estar\u00e1 encantado de proporcionarte la soluci\u00f3n m\u00e1s adecuada y rentable.<\/p>    <figure class=\"wp-block-embed aligncenter is-type-video is-provider-youtube wp-block-embed-youtube wp-embed-aspect-16-9 wp-has-aspect-ratio\"><div class=\"wp-block-embed__wrapper\"> <iframe loading=\"lazy\" title=\"\ud83e\udd5c300kg\/h L\u00ednea de Producci\u00f3n de Mantequilla de Cacahuete en Prueba de Funcionamiento | Demostraci\u00f3n de Todo el Proceso y de la M\u00e1quina de Llenado\uff01\" width=\"500\" height=\"281\" src=\"https:\/\/www.youtube.com\/embed\/ZE7tNtGVjuc?feature=oembed\" frameborder=\"0\" allow=\"accelerometer; autoplay; clipboard-write; encrypted-media; gyroscope; picture-in-picture; web-share\" referrerpolicy=\"strict-origin-when-cross-origin\" allowfullscreen><\/iframe> <\/div><figcaption class=\"wp-element-caption\">Video de prueba de la l\u00ednea de producci\u00f3n de mantequilla de cacahuete de 300 kg\/h<\/figcaption><\/figure>    <h2 class=\"wp-block-heading\" id=\"h-features-of-taizy-peanut-butter-production-line\"><strong>Caracter\u00edsticas de la l\u00ednea de producci\u00f3n de mantequilla de cacahuete de Taizy<\/strong><\/h2>    <ul class=\"wp-block-list\"> <li>La l\u00ednea de producci\u00f3n de crema de cacahuete utiliza tecnolog\u00eda internacional avanzada, y consta de una elevadora de alimentaci\u00f3n, tostadora de cacahuetes, transportador, enfriador, despelantador, m\u00e1quina de hacer mantequilla de cacahuete, bomba de mantequilla y m\u00e1quina de envasado.<\/li>    <li>La l\u00ednea de producci\u00f3n puede producir hasta 300 kg\/h, y la crema de cacahuete terminada es delicada. Todo el proceso de producci\u00f3n est\u00e1 hecho de acero inoxidable de grado alimentario, lo que no solo garantiza la vida \u00fatil de las m\u00e1quinas, sino que tambi\u00e9n cumple con los est\u00e1ndares internacionales de seguridad alimentaria.<\/li>    <li>Nuestras soluciones de problemas de la l\u00ednea de producci\u00f3n son muy flexibles. Contamos con t\u00e9cnicos profesionales que pueden ofrecerte el plan de producci\u00f3n m\u00e1s adecuado. Si tienes otros requisitos, tambi\u00e9n podemos personalizar tus requisitos exclusivos.<\/li> <\/ul>   <div class=\"wp-block-image\"> <figure class=\"aligncenter size-full\"><img loading=\"lazy\" decoding=\"async\" width=\"720\" height=\"540\" src=\"https:\/\/bestpeanutmachine.com\/wp-content\/uploads\/2022\/08\/peanut-butter-making-production-line.webp\" alt=\"l\u00ednea de producci\u00f3n de mantequilla de cacahuete\" class=\"wp-image-471\" srcset=\"https:\/\/bestpeanutmachine.com\/wp-content\/uploads\/2022\/08\/peanut-butter-making-production-line.webp 720w, https:\/\/bestpeanutmachine.com\/wp-content\/uploads\/2022\/08\/peanut-butter-making-production-line-300x225.webp 300w, https:\/\/bestpeanutmachine.com\/wp-content\/uploads\/2022\/08\/peanut-butter-making-production-line-16x12.webp 16w\" sizes=\"auto, (max-width: 720px) 100vw, 720px\" \/><figcaption class=\"wp-element-caption\">l\u00ednea de producci\u00f3n de mantequilla de cacahuete<\/figcaption><\/figure> <\/div>   <h2 class=\"wp-block-heading\" id=\"h-what-is-the-production-process-of-peanut-butter\"><strong>\u00bfCu\u00e1l es el proceso de producci\u00f3n de mantequilla de man\u00ed?<\/strong><\/h2>    <p>Esta l\u00ednea completa de producci\u00f3n de mantequilla de cacahuete consta de un ascensor, una m\u00e1quina de tostar cacahuetes, una m\u00e1quina de enfriamiento, una m\u00e1quina de pelado de cacahuetes, una m\u00e1quina de moler cacahuetes, un tanque de mezclado, un tanque de vac\u00edo, un tanque de almacenamiento y una m\u00e1quina de llenado de mantequilla de cacahuete. Cada m\u00e1quina tiene funciones importantes.<\/p>    <p>El proceso de producci\u00f3n completo de la l\u00ednea Taizy para hacer crema de cacahuete es el siguiente:<\/p>    <p class=\"translation-block\"><strong>Tostado de cacahuetes crudos \u2192 selecci\u00f3n \u2192 pelado \u2192 enfriamiento \u2192 molienda \u2192 mezcla \u2192 desgasificaci\u00f3n \u2192 llenado de mantequilla de cacahuete.<\/strong><\/p>    <figure class=\"wp-block-image size-full\"><img loading=\"lazy\" decoding=\"async\" width=\"720\" height=\"540\" src=\"https:\/\/bestpeanutmachine.com\/wp-content\/uploads\/2022\/08\/complete-peanut-butter-production-line.jpg\" alt=\"L\u00ednea completa de producci\u00f3n de mantequilla de man\u00ed.\" class=\"wp-image-58\" srcset=\"https:\/\/bestpeanutmachine.com\/wp-content\/uploads\/2022\/08\/complete-peanut-butter-production-line.jpg 720w, https:\/\/bestpeanutmachine.com\/wp-content\/uploads\/2022\/08\/complete-peanut-butter-production-line-300x225.jpg 300w\" sizes=\"auto, (max-width: 720px) 100vw, 720px\" \/><figcaption class=\"wp-element-caption\">L\u00ednea completa de producci\u00f3n de mantequilla de man\u00ed.<\/figcaption><\/figure>    <h2 class=\"wp-block-heading\" id=\"h-technical-data-of-peanut-butter-making-line\"><strong>Technical data and main machines&#8217; functions of this peanut butter making line<\/strong><\/h2>    <p>Aqu\u00ed est\u00e1n los par\u00e1metros simples de las m\u00e1quinas principales de la l\u00ednea de producci\u00f3n y sus funciones detalladas durante el proceso de crema de cacahuete.<\/p>    <figure class=\"wp-block-table\"><table><tbody><tr><td>Nombre<\/td><td>Capacidad (kg\/h)<\/td><td>Tama\u00f1o<\/td><td>Fuerza<\/td><\/tr><tr><td>tostador de man\u00ed<\/td><td>200kg\/h<\/td><td>1800*2200*1700mm<\/td><td>2,2 kw<\/td><\/tr><tr><td>cintur\u00f3n de entrega<\/td><td>200kg\/h<\/td><td>5000*900*850m m<\/td><td>1,1 kw<\/td><\/tr><tr><td>Peladora de man\u00ed<\/td><td>200kg\/h<\/td><td>1900*800*1400mm<\/td><td>1,85 kw<\/td><\/tr><tr><td>maquina de mantequilla de man\u00ed<\/td><td>200kg\/h<\/td><td>1100*750*1300mm<\/td><td>29,5 kw<\/td><\/tr><tr><td>bomba de pasta<\/td><td>50kg\/h*3<\/td><td>1500*250*250mm<\/td><td>1,5 kw<\/td><\/tr><tr><td>M\u00e1quina de enfriamiento de man\u00ed<\/td><td>200kg\/h<\/td><td>1000*1000*1700mm<\/td><td>2,2 kw<\/td><\/tr><tr><td>M\u00e1quina llenadora de man\u00ed<\/td><td>100-400 latas\/h<\/td><td>400*400*1400mm<\/td><td>1,1 kw<\/td><\/tr><\/tbody><\/table><figcaption class=\"wp-element-caption\">par\u00e1metros de las m\u00e1quinas principales de la l\u00ednea de producci\u00f3n de mantequilla de cacahuete<\/figcaption><\/figure>    <h3 class=\"wp-block-heading\"><strong>tostador de man\u00ed<\/strong><\/h3>    <div class=\"wp-block-media-text is-stacked-on-mobile\"><figure class=\"wp-block-media-text__media\"><img loading=\"lazy\" decoding=\"async\" width=\"720\" height=\"540\" src=\"https:\/\/bestpeanutmachine.com\/wp-content\/uploads\/2022\/08\/peanut-roaster.webp\" alt=\"tostadora de cacahuetes en la l\u00ednea de producci\u00f3n de crema de cacahuete\" class=\"wp-image-461 size-full\" srcset=\"https:\/\/bestpeanutmachine.com\/wp-content\/uploads\/2022\/08\/peanut-roaster.webp 720w, https:\/\/bestpeanutmachine.com\/wp-content\/uploads\/2022\/08\/peanut-roaster-300x225.webp 300w, https:\/\/bestpeanutmachine.com\/wp-content\/uploads\/2022\/08\/peanut-roaster-16x12.webp 16w\" sizes=\"auto, (max-width: 720px) 100vw, 720px\" \/><\/figure><div class=\"wp-block-media-text__content\"> <p>El tostador de cacahuetes usa aire caliente o calefacci\u00f3n el\u00e9ctrica para calentar uniformemente los cacahuetes, tost\u00e1ndolos, eliminando la humedad y realzando su sabor. Puedes elegir calefacci\u00f3n el\u00e9ctrica, aceite, gas o carb\u00f3n como fuente de calor, con una capacidad de producci\u00f3n que va desde 30 hasta 650 kg\/h.<\/p> <\/div><\/div>    <h3 class=\"wp-block-heading\"><strong>M\u00e1quina de enfriamiento de man\u00ed<\/strong><\/h3>    <div class=\"wp-block-media-text is-stacked-on-mobile\"><figure class=\"wp-block-media-text__media\"><img loading=\"lazy\" decoding=\"async\" width=\"720\" height=\"540\" src=\"https:\/\/bestpeanutmachine.com\/wp-content\/uploads\/2022\/08\/peanut-cooling-machine.webp\" alt=\"enfriador de cacahuete en la l\u00ednea de producci\u00f3n de crema de cacahuete\" class=\"wp-image-462 size-full\" srcset=\"https:\/\/bestpeanutmachine.com\/wp-content\/uploads\/2022\/08\/peanut-cooling-machine.webp 720w, https:\/\/bestpeanutmachine.com\/wp-content\/uploads\/2022\/08\/peanut-cooling-machine-300x225.webp 300w, https:\/\/bestpeanutmachine.com\/wp-content\/uploads\/2022\/08\/peanut-cooling-machine-16x12.webp 16w\" sizes=\"auto, (max-width: 720px) 100vw, 720px\" \/><\/figure><div class=\"wp-block-media-text__content\"> <p>El enfriamiento r\u00e1pido de los cacahuetes tostados evita que pierdan su sabor y aroma originales. Nuestras m\u00e1quinas de enfriamiento utilizan ventiladores para extraer aire caliente para un enfriamiento r\u00e1pido, haci\u00e9ndolas ideales para l\u00edneas de producci\u00f3n.<\/p> <\/div><\/div>    <h3 class=\"wp-block-heading\"><strong>Peladora de man\u00ed<\/strong><\/h3>    <div class=\"wp-block-media-text is-stacked-on-mobile\"><figure class=\"wp-block-media-text__media\"><img loading=\"lazy\" decoding=\"async\" width=\"720\" height=\"540\" src=\"https:\/\/bestpeanutmachine.com\/wp-content\/uploads\/2022\/08\/peanut-peeling-machine-1.webp\" alt=\"peladora de cacahuetes en la l\u00ednea de producci\u00f3n de crema de cacahuete\" class=\"wp-image-463 size-full\" srcset=\"https:\/\/bestpeanutmachine.com\/wp-content\/uploads\/2022\/08\/peanut-peeling-machine-1.webp 720w, https:\/\/bestpeanutmachine.com\/wp-content\/uploads\/2022\/08\/peanut-peeling-machine-1-300x225.webp 300w, https:\/\/bestpeanutmachine.com\/wp-content\/uploads\/2022\/08\/peanut-peeling-machine-1-16x12.webp 16w\" sizes=\"auto, (max-width: 720px) 100vw, 720px\" \/><\/figure><div class=\"wp-block-media-text__content\"> <p>La m\u00e1quina peladora de cacahuete Tiazy usa el principio de fricci\u00f3n de rodillos de goma o fricci\u00f3n de tambor para eliminar r\u00e1pidamente la piel roja del cacahuete. Su tasa de despulpado puede alcanzar 98% con una salida de 200-1000kg\/h.<\/p> <\/div><\/div>    <h3 class=\"wp-block-heading\"><strong>maquina de mantequilla de man\u00ed<\/strong><\/h3>    <div class=\"wp-block-media-text is-stacked-on-mobile\"><figure class=\"wp-block-media-text__media\"><img loading=\"lazy\" decoding=\"async\" width=\"720\" height=\"540\" src=\"https:\/\/bestpeanutmachine.com\/wp-content\/uploads\/2022\/08\/peanut-butter-grinding-machine.webp\" alt=\"molino de crema de cacahuete en la l\u00ednea de producci\u00f3n de crema de cacahuete\" class=\"wp-image-464 size-full\" srcset=\"https:\/\/bestpeanutmachine.com\/wp-content\/uploads\/2022\/08\/peanut-butter-grinding-machine.webp 720w, https:\/\/bestpeanutmachine.com\/wp-content\/uploads\/2022\/08\/peanut-butter-grinding-machine-300x225.webp 300w, https:\/\/bestpeanutmachine.com\/wp-content\/uploads\/2022\/08\/peanut-butter-grinding-machine-16x12.webp 16w\" sizes=\"auto, (max-width: 720px) 100vw, 720px\" \/><\/figure><div class=\"wp-block-media-text__content\"> <p>Ofrecemos diferentes modelos de m\u00e1quinas de crema de cacahuete con rangos de producci\u00f3n de 200 a 5000 kg\/h. El producto terminado est\u00e1 libre de part\u00edculas finas y tiene un sabor suave y delicado. La m\u00e1quina est\u00e1 fabricada en acero inoxidable de grado alimentario que puede cumplir la mayor\u00eda de los requisitos de producci\u00f3n.<\/p> <\/div><\/div>    <p>Adem\u00e1s de estas m\u00e1quinas, los tanques de mezcla, las m\u00e1quinas de desgasificado al vac\u00edo y las m\u00e1quinas de llenado de mantequilla de cacahuete tambi\u00e9n son componentes importantes. Completan el proceso de la l\u00ednea de producci\u00f3n y realmente proporcionan una gama completa de producci\u00f3n desde las materias primas hasta los productos.<\/p>    <p>Adem\u00e1s, ofrecemos dos tipos de m\u00e1quinas de llenado: la m\u00e1quina de llenado totalmente autom\u00e1tica y la m\u00e1quina de llenado semiautom\u00e1tica.<\/p>    <ul class=\"wp-block-list\"> <li>La m\u00e1quina de llenado de pasta de cacahuete totalmente autom\u00e1tica incluye todo el proceso de llenado, tapado, etiquetado al vac\u00edo, etc., lo que puede lograr la automatizaci\u00f3n completa de la l\u00ednea de producci\u00f3n y ahorrar recursos humanos, pero su precio ser\u00e1 alto.<\/li>    <li>La llenadora semiautom\u00e1tica de mantequilla de cacahuete suele ofrecer solo una funci\u00f3n de llenado, que se puede rellenar de forma cuantitativa, pero requiere la colocaci\u00f3n manual de los envases. Y, por supuesto, el equipo semiautom\u00e1tico cuesta menos.<\/li> <\/ul>    <figure class=\"wp-block-gallery has-nested-images columns-default is-cropped wp-block-gallery-2 is-layout-flex wp-block-gallery-is-layout-flex\"> <figure class=\"wp-block-image size-large\"><img loading=\"lazy\" decoding=\"async\" width=\"720\" height=\"540\" data-id=\"474\" src=\"https:\/\/bestpeanutmachine.com\/wp-content\/uploads\/2022\/08\/peanut-butter-filling-and-sealing-part.webp\" alt=\"zona de envasado y sellado de la crema de cacahuete\" class=\"wp-image-474\" srcset=\"https:\/\/bestpeanutmachine.com\/wp-content\/uploads\/2022\/08\/peanut-butter-filling-and-sealing-part.webp 720w, https:\/\/bestpeanutmachine.com\/wp-content\/uploads\/2022\/08\/peanut-butter-filling-and-sealing-part-300x225.webp 300w, https:\/\/bestpeanutmachine.com\/wp-content\/uploads\/2022\/08\/peanut-butter-filling-and-sealing-part-16x12.webp 16w\" sizes=\"auto, (max-width: 720px) 100vw, 720px\" \/><figcaption class=\"wp-element-caption\">zona de envasado y sellado de la crema de cacahuete<\/figcaption><\/figure>    <figure class=\"wp-block-image size-large\"><img loading=\"lazy\" decoding=\"async\" width=\"720\" height=\"540\" data-id=\"480\" src=\"https:\/\/bestpeanutmachine.com\/wp-content\/uploads\/2022\/08\/semi-auto-filling-machine.webp\" alt=\"m\u00e1quina de llenado semi-autom\u00e1tica\" class=\"wp-image-480\" srcset=\"https:\/\/bestpeanutmachine.com\/wp-content\/uploads\/2022\/08\/semi-auto-filling-machine.webp 720w, https:\/\/bestpeanutmachine.com\/wp-content\/uploads\/2022\/08\/semi-auto-filling-machine-300x225.webp 300w, https:\/\/bestpeanutmachine.com\/wp-content\/uploads\/2022\/08\/semi-auto-filling-machine-16x12.webp 16w\" sizes=\"auto, (max-width: 720px) 100vw, 720px\" \/><figcaption class=\"wp-element-caption\">m\u00e1quina de llenado semi-autom\u00e1tica<\/figcaption><\/figure> <\/figure>    <h2 class=\"wp-block-heading\" id=\"h-main-parts-of-the-peanut-butter-production-line\"><strong>Caso de \u00e9xito de la l\u00ednea de producci\u00f3n de crema de cacahuete<\/strong><\/h2>    <p>Un cliente de Santania personaliz\u00f3 nuestra l\u00ednea de producci\u00f3n de mantequilla de cacahuete semiautom\u00e1tica que incluye un molinillo de mantequilla de cacahuete, un tanque de mezcla de mantequilla de cacahuete, un tanque de almacenamiento de mantequilla de cacahuete y una m\u00e1quina de envasado autom\u00e1tico de mantequilla de cacahuete.<\/p>    <p>Son una cooperativa agropecuaria de tama\u00f1o medio que se centra en la producci\u00f3n de cacahuetes y el procesamiento de productos de cacahuete para la venta. Debido al espacio limitado, consultaron nuestras opiniones sobre la compra de m\u00e1quinas e realizaron inversiones importantes en m\u00e1quinas clave individuales.<\/p>    <p>Debido a los buenos resultados de ventas, decidieron ampliar la producci\u00f3n y actualizar la l\u00ednea de producci\u00f3n a un sistema de llenado totalmente autom\u00e1tico. Ahora su marca es muy popular localmente, ha entrado en supermercados y tiendas, y el volumen de pedidos tambi\u00e9n ha aumentado significativamente.<\/p>    <p>\u201cAhora es mucho m\u00e1s f\u00e1cil que antes. Estamos muy satisfechos con nuestra inversi\u00f3n en la producci\u00f3n de la m\u00e1quina, y la eficiencia de producci\u00f3n es asombrosa.\u201d<\/p>    <figure class=\"wp-block-gallery has-nested-images columns-2 is-cropped wp-block-gallery-3 is-layout-flex wp-block-gallery-is-layout-flex\"> <figure class=\"wp-block-image size-large\"><img loading=\"lazy\" decoding=\"async\" width=\"720\" height=\"540\" data-id=\"472\" src=\"https:\/\/bestpeanutmachine.com\/wp-content\/uploads\/2022\/08\/small-storage-tank.webp\" alt=\"peque\u00f1o tanque de almacenamiento\" class=\"wp-image-472\" srcset=\"https:\/\/bestpeanutmachine.com\/wp-content\/uploads\/2022\/08\/small-storage-tank.webp 720w, https:\/\/bestpeanutmachine.com\/wp-content\/uploads\/2022\/08\/small-storage-tank-300x225.webp 300w, https:\/\/bestpeanutmachine.com\/wp-content\/uploads\/2022\/08\/small-storage-tank-16x12.webp 16w\" sizes=\"auto, (max-width: 720px) 100vw, 720px\" \/><figcaption class=\"wp-element-caption\">peque\u00f1o tanque de almacenamiento<\/figcaption><\/figure>    <figure class=\"wp-block-image size-large\"><img loading=\"lazy\" decoding=\"async\" width=\"720\" height=\"540\" data-id=\"473\" src=\"https:\/\/bestpeanutmachine.com\/wp-content\/uploads\/2022\/08\/double-peanut-grinding-part.webp\" alt=\"doble parte de molienda de cacahuete\" class=\"wp-image-473\" srcset=\"https:\/\/bestpeanutmachine.com\/wp-content\/uploads\/2022\/08\/double-peanut-grinding-part.webp 720w, https:\/\/bestpeanutmachine.com\/wp-content\/uploads\/2022\/08\/double-peanut-grinding-part-300x225.webp 300w, https:\/\/bestpeanutmachine.com\/wp-content\/uploads\/2022\/08\/double-peanut-grinding-part-16x12.webp 16w\" sizes=\"auto, (max-width: 720px) 100vw, 720px\" \/><figcaption class=\"wp-element-caption\">doble parte de molienda de cacahuete<\/figcaption><\/figure>    <figure class=\"wp-block-image size-large\"><img loading=\"lazy\" decoding=\"async\" width=\"720\" height=\"540\" data-id=\"475\" src=\"https:\/\/bestpeanutmachine.com\/wp-content\/uploads\/2022\/08\/packaging-and-shipping-of-the-production-line.webp\" alt=\"empaque y env\u00edo de la l\u00ednea de producci\u00f3n\" class=\"wp-image-475\" srcset=\"https:\/\/bestpeanutmachine.com\/wp-content\/uploads\/2022\/08\/packaging-and-shipping-of-the-production-line.webp 720w, https:\/\/bestpeanutmachine.com\/wp-content\/uploads\/2022\/08\/packaging-and-shipping-of-the-production-line-300x225.webp 300w, https:\/\/bestpeanutmachine.com\/wp-content\/uploads\/2022\/08\/packaging-and-shipping-of-the-production-line-16x12.webp 16w\" sizes=\"auto, (max-width: 720px) 100vw, 720px\" \/><figcaption class=\"wp-element-caption\">empaque y env\u00edo de la l\u00ednea de producci\u00f3n<\/figcaption><\/figure>    <figure class=\"wp-block-image size-large\"><img loading=\"lazy\" decoding=\"async\" width=\"720\" height=\"540\" data-id=\"449\" src=\"https:\/\/bestpeanutmachine.com\/wp-content\/uploads\/2025\/09\/clientss-feedback-of-peanut-butter-machine.webp\" alt=\"Comentarios de los clientes sobre la m\u00e1quina de mantequilla de cacahuete\" class=\"wp-image-449\" srcset=\"https:\/\/bestpeanutmachine.com\/wp-content\/uploads\/2025\/09\/clientss-feedback-of-peanut-butter-machine.webp 720w, https:\/\/bestpeanutmachine.com\/wp-content\/uploads\/2025\/09\/clientss-feedback-of-peanut-butter-machine-300x225.webp 300w, https:\/\/bestpeanutmachine.com\/wp-content\/uploads\/2025\/09\/clientss-feedback-of-peanut-butter-machine-16x12.webp 16w\" sizes=\"auto, (max-width: 720px) 100vw, 720px\" \/><figcaption class=\"wp-element-caption\">retroalimentaci\u00f3n de los clientes sobre la m\u00e1quina de mantequilla de cacahuete<\/figcaption><\/figure> <\/figure>    <p>Taizy es un fabricante profesional de m\u00e1quinas de procesamiento de cacahuete. Si tienes alg\u00fan problema o quieres personalizar tu l\u00ednea de producci\u00f3n, cons\u00faltanos para obtener la cuota.<\/p>","protected":false},"excerpt":{"rendered":"<p>Si buscas una l\u00ednea de producci\u00f3n ideal de mantequilla de cacahuete, Taizy presenta esta soluci\u00f3n, que se puede adaptar para satisfacer tu necesidad real para tu negocio de alimentos de cacahuete.<\/p>","protected":false},"author":1,"featured_media":58,"parent":0,"template":"","tags":[11,8],"product-type":[60],"class_list":["post-53","product","type-product","status-publish","has-post-thumbnail","hentry","tag-peanut","tag-peanut-processing-machine","product-type-production-line"],"_links":{"self":[{"href":"https:\/\/bestpeanutmachine.com\/es\/wp-json\/wp\/v2\/product\/53","targetHints":{"allow":["GET"]}}],"collection":[{"href":"https:\/\/bestpeanutmachine.com\/es\/wp-json\/wp\/v2\/product"}],"about":[{"href":"https:\/\/bestpeanutmachine.com\/es\/wp-json\/wp\/v2\/types\/product"}],"author":[{"embeddable":true,"href":"https:\/\/bestpeanutmachine.com\/es\/wp-json\/wp\/v2\/users\/1"}],"wp:featuredmedia":[{"embeddable":true,"href":"https:\/\/bestpeanutmachine.com\/es\/wp-json\/wp\/v2\/media\/58"}],"wp:attachment":[{"href":"https:\/\/bestpeanutmachine.com\/es\/wp-json\/wp\/v2\/media?parent=53"}],"wp:term":[{"taxonomy":"post_tag","embeddable":true,"href":"https:\/\/bestpeanutmachine.com\/es\/wp-json\/wp\/v2\/tags?post=53"},{"taxonomy":"product-type","embeddable":true,"href":"https:\/\/bestpeanutmachine.com\/es\/wp-json\/wp\/v2\/product-type?post=53"}],"curies":[{"name":"wp","href":"https:\/\/api.w.org\/{rel}","templated":true}]}}