{"id":543,"date":"2025-10-16T16:53:56","date_gmt":"2025-10-16T08:53:56","guid":{"rendered":"https:\/\/bestpeanutmachine.com\/?post_type=product&#038;p=543"},"modified":"2026-01-20T14:08:32","modified_gmt":"2026-01-20T06:08:32","slug":"coated-peanut-production-line","status":"publish","type":"product","link":"https:\/\/bestpeanutmachine.com\/es\/product\/coated-peanut-production-line\/","title":{"rendered":"L\u00ednea de Producci\u00f3n de Cacahuetes Revestidos"},"content":{"rendered":"<p class=\"translation-block\">A<strong> l\u00ednea de producci\u00f3n de cacahuetes recubiertos<\/strong> se utiliza principalmente para recubrir cacahuetes rojos, frijoles grandes, almendras y otros frutos secos con az\u00facar, harina o condimentos, creando una variedad de snacks crujientes de cacahuete.<\/p>    <p>Esta l\u00ednea de producci\u00f3n puede producir cacahuetes en una variedad de sabores, incluyendo cacahuetes con miel, cacahuetes de chocolate, cacahuetes de mostaza y cacahuetes en polvo. Es ideal para el procesamiento de snacks en f\u00e1bricas peque\u00f1as y medianas o empresas emergentes.<\/p>    <h2 class=\"wp-block-heading\"><strong>Principales caracter\u00edsticas de la l\u00ednea de producci\u00f3n de man\u00ed recubierto Taizy<\/strong><\/h2>    <ul class=\"wp-block-list\"> <li>Taizy&#8217;s entire peanut coating line is <strong>fabricada en acero inoxidable<\/strong>, lo que resulta en un recubrimiento suave y uniforme, lo que facilita la limpieza y cumple con los est\u00e1ndares de higiene alimentaria, al mismo tiempo que es duradero y proporciona una larga vida \u00fatil.<\/li>    <li>La m\u00e1quina principal de toda la l\u00ednea de producci\u00f3n es la m\u00e1quina de recubrimiento de cacahuete, que utiliza un <strong>estructura de disco giratorio inclinado<\/strong>, permitiendo que los cacahuetes rueden y giren. Su velocidad de rotaci\u00f3n y el \u00e1ngulo del disco son ajustables para controlar el grosor del recubrimiento.<\/li>    <li>Toda nuestra l\u00ednea de producci\u00f3n <strong>se puede personalizar seg\u00fan diferentes necesidades<\/strong> y condiciones de la f\u00e1brica, con personal t\u00e9cnico profesional que lo guiar\u00e1 para crear el plan de producci\u00f3n m\u00e1s adecuado para su negocio.<\/li>    <li>Esta l\u00ednea de recubrimiento de cacahuete puede procesar no solo cacahuetes, sino tambi\u00e9n un <strong>amplio rango de otros aperitivos<\/strong>: almendras, anacardos, ejotes, garbanzos, soja y habas. Tambi\u00e9n puede producir frutos secos recubiertos de chocolate o az\u00facar, cacahuetes en polvo al estilo japon\u00e9s, frutos secos mixtos salados y picantes, y m\u00e1s.<\/li> <\/ul>    <h2 class=\"wp-block-heading\"><strong>Visi\u00f3n general de las m\u00e1quinas en la l\u00ednea completa de producci\u00f3n de man\u00ed recubierto<\/strong><\/h2>    <p>Una l\u00ednea de producci\u00f3n completa t\u00edpica de cacahuetes recubiertos consta de las siguientes etapas:<\/p>    <h3 class=\"wp-block-heading\"><strong>1. Tostador de man\u00ed<\/strong><\/h3>    <p>Este paso es una pre-preparaci\u00f3n de materias primas, que se utiliza para secar y tostar los cacahuetes crudos para obtener la textura deseada.<\/p>   <div class=\"wp-block-image\"> <figure class=\"aligncenter size-full\"><img loading=\"lazy\" decoding=\"async\" width=\"720\" height=\"540\" src=\"https:\/\/bestpeanutmachine.com\/wp-content\/uploads\/2025\/10\/roasting-machine.webp\" alt=\"m\u00e1quina tostadora de man\u00ed\" class=\"wp-image-545\" srcset=\"https:\/\/bestpeanutmachine.com\/wp-content\/uploads\/2025\/10\/roasting-machine.webp 720w, https:\/\/bestpeanutmachine.com\/wp-content\/uploads\/2025\/10\/roasting-machine-300x225.webp 300w, https:\/\/bestpeanutmachine.com\/wp-content\/uploads\/2025\/10\/roasting-machine-16x12.webp 16w\" sizes=\"auto, (max-width: 720px) 100vw, 720px\" \/><figcaption class=\"wp-element-caption\">m\u00e1quina tostadora de man\u00ed<\/figcaption><\/figure> <\/div>   <figure class=\"wp-block-table is-style-regular\"><table><tbody><tr><td>Modelo<\/td><td>Capacidad<\/td><td>Potencia del motor<\/td><td>Potencia de calefacci\u00f3n el\u00e9ctrica<\/td><td>Consumo de gas de calefacci\u00f3n<\/td><td>Tama\u00f1o<\/td><\/tr><tr><td>TZ-1<\/td><td>80-120kg\/hora<\/td><td>1,1 kw<\/td><td>22kw<\/td><td>2-3kg<\/td><td>3000mm*1200mm*1700mm<\/td><\/tr><tr><td>TZ-2<\/td><td>180-250kg\/h<\/td><td>2,2 kw<\/td><td>35kw<\/td><td>3-6kg<\/td><td>3000mm*2200mm*1700mm<\/td><\/tr><tr><td>TZ-3<\/td><td>280-350kg\/h<\/td><td>3.3kw<\/td><td>45kw<\/td><td>6-9kg<\/td><td>3000mm*3300mm*1700mm<\/td><\/tr><tr><td>TZ-4<\/td><td>380-450kg\/h<\/td><td>4.4kw<\/td><td>60kw<\/td><td>9-12kg<\/td><td>3000mm*4400mm*1700mm<\/td><\/tr><tr><td>TZ-5<\/td><td>500-650kg\/h<\/td><td>5.5kw<\/td><td>75kw<\/td><td>12-15kg<\/td><td>3000mm*5500mm*1700mm<\/td><\/tr><\/tbody><\/table><figcaption class=\"wp-element-caption\">par\u00e1metros del tostador de cacahuetes<\/figcaption><\/figure>    <h3 class=\"wp-block-heading\"><strong>2. Pelador de man\u00ed<\/strong><\/h3>    <p>Esta m\u00e1quina utiliza un proceso de pelado en seco para separar las pieles de cacahuete de los cacahuetes enteros, mejorando la calidad y el sabor del procesamiento de los aperitivos posteriores.<\/p>   <div class=\"wp-block-image\"> <figure class=\"aligncenter size-full\"><img loading=\"lazy\" decoding=\"async\" width=\"720\" height=\"540\" src=\"https:\/\/bestpeanutmachine.com\/wp-content\/uploads\/2025\/10\/peanut-peeler.webp\" alt=\"pelador de cacahuetes\" class=\"wp-image-546\" srcset=\"https:\/\/bestpeanutmachine.com\/wp-content\/uploads\/2025\/10\/peanut-peeler.webp 720w, https:\/\/bestpeanutmachine.com\/wp-content\/uploads\/2025\/10\/peanut-peeler-300x225.webp 300w, https:\/\/bestpeanutmachine.com\/wp-content\/uploads\/2025\/10\/peanut-peeler-16x12.webp 16w\" sizes=\"auto, (max-width: 720px) 100vw, 720px\" \/><figcaption class=\"wp-element-caption\">pelador de cacahuetes<\/figcaption><\/figure> <\/div>   <figure class=\"wp-block-table\"><table><tbody><tr><td>Modelo<\/td><td>Capacidad<\/td><td>Potencia del motor<\/td><td>Potencia del ventilador<\/td><td>Tama\u00f1o<\/td><td>Peso<\/td><\/tr><tr><td>HT-1<\/td><td>200-250kg\/h<\/td><td>\uff10.37kw(0.55kw220v)<\/td><td>0,55 kw<\/td><td>1200mm*500mm*1200mm<\/td><td>110kg<\/td><\/tr><tr><td>HT-2<\/td><td>400-500kg\/h<\/td><td>\uff10.37kw(0.55kw220v)<\/td><td>0,75 kw<\/td><td>1200mm*750mm*1200mm<\/td><td>200 kilos<\/td><\/tr><tr><td>HT-3<\/td><td>600-750kg\/h<\/td><td>\uff10.37kw(0.55kw220v)<\/td><td>1,1 kw<\/td><td>1200mm*1050mm*1200mm<\/td><td>280 kilos<\/td><\/tr><tr><td>HT-4<\/td><td>800-1000kg\/h<\/td><td>\uff10.37kw(0.55kw220v)<\/td><td>1,5 kw<\/td><td>1200mm*1400mm*1200mm<\/td><td>360kg<\/td><\/tr><\/tbody><\/table><figcaption class=\"wp-element-caption\">especificaci\u00f3n del pelador de cacahuetes<\/figcaption><\/figure>    <h3 class=\"wp-block-heading\"><strong>3. M\u00e1quina de recubrimiento de man\u00ed<\/strong><\/h3>    <p>Es un equipo cr\u00edtico para recubrir de forma uniforme cacahuetes con harina, pasta de chocolate, jarabe o condimentos.<\/p>   <div class=\"wp-block-image\"> <figure class=\"aligncenter size-full\"><img loading=\"lazy\" decoding=\"async\" width=\"720\" height=\"540\" src=\"https:\/\/bestpeanutmachine.com\/wp-content\/uploads\/2025\/10\/peanut-coating-machine.webp\" alt=\"m\u00e1quina de recubrimiento de man\u00ed\" class=\"wp-image-547\" srcset=\"https:\/\/bestpeanutmachine.com\/wp-content\/uploads\/2025\/10\/peanut-coating-machine.webp 720w, https:\/\/bestpeanutmachine.com\/wp-content\/uploads\/2025\/10\/peanut-coating-machine-300x225.webp 300w, https:\/\/bestpeanutmachine.com\/wp-content\/uploads\/2025\/10\/peanut-coating-machine-16x12.webp 16w\" sizes=\"auto, (max-width: 720px) 100vw, 720px\" \/><figcaption class=\"wp-element-caption\">m\u00e1quina de recubrimiento de man\u00ed<\/figcaption><\/figure> <\/div>   <figure class=\"wp-block-table\"><table><tbody><tr><td>Modelo<\/td><td>Velocidad de giro<\/td><td>Potencia del motor<\/td><td>Potencia del ventilador<\/td><td>Potencia de calefacci\u00f3n<\/td><td>Potencia de calentamiento por aire caliente<\/td><td>Capacidad<\/td><td>Tama\u00f1o<\/td><\/tr><tr><td>TZ-400<\/td><td>28r\/min<\/td><td>0.37kw<\/td><td>180kw<\/td><td>1kw<\/td><td>1kw<\/td><td>2-5kg\/lote<\/td><td>900mm*500mm*1450mm<\/td><\/tr><tr><td>TZ-600<\/td><td>28r\/min<\/td><td>0,75 kw<\/td><td>180kw<\/td><td>1kw<\/td><td>1kw<\/td><td>2-5kg\/lote<\/td><td>900mm*600mm*1450mm<\/td><\/tr><tr><td>TZ-800<\/td><td>28r\/min<\/td><td>0,75 kw<\/td><td>250kw<\/td><td>1kw<\/td><td>2kw<\/td><td>2-5kg\/lote<\/td><td>1000mm*800mm*1500mm<\/td><\/tr><tr><td>TZ-1000<\/td><td>28r\/min<\/td><td>0,75 kw<\/td><td>250kw<\/td><td>2kw<\/td><td>2kw<\/td><td>2-5kg\/lote<\/td><td>1200mm*1000mm*1700mm<\/td><\/tr><tr><td>TZ-1200<\/td><td>22 r\/min (inverter VFD ajustable)<\/td><td>1,1 kw<\/td><td>250kw<\/td><td>2kw<\/td><td>2kw<\/td><td>2-5kg\/lote<\/td><td>1300mm*1200mm*1800mm<\/td><\/tr><tr><td>TZ-1400<\/td><td>22 r\/min (inverter VFD ajustable)<\/td><td>1,5 kw<\/td><td>250kw<\/td><td>3kW<\/td><td>3kW<\/td><td>2-5kg\/lote<\/td><td>1550mm*1400mm*1850mm<\/td><\/tr><\/tbody><\/table><figcaption class=\"wp-element-caption\">par\u00e1metros de la m\u00e1quina de recubrimiento de cacahuetes Taizy<\/figcaption><\/figure>    <h3 class=\"wp-block-heading\"><strong>4. M\u00e1quina de sazonar man\u00ed <\/strong><\/h3>    <p>Mezcla varios condimentos, az\u00facar o sal para recubrir uniformemente los cacahuetes y realzar su sabor.<\/p>   <div class=\"wp-block-image\"> <figure class=\"aligncenter size-full\"><img loading=\"lazy\" decoding=\"async\" width=\"720\" height=\"540\" src=\"https:\/\/bestpeanutmachine.com\/wp-content\/uploads\/2025\/10\/seasoning-mixer.webp\" alt=\"mezclador de condimentos\" class=\"wp-image-548\" srcset=\"https:\/\/bestpeanutmachine.com\/wp-content\/uploads\/2025\/10\/seasoning-mixer.webp 720w, https:\/\/bestpeanutmachine.com\/wp-content\/uploads\/2025\/10\/seasoning-mixer-300x225.webp 300w, https:\/\/bestpeanutmachine.com\/wp-content\/uploads\/2025\/10\/seasoning-mixer-16x12.webp 16w\" sizes=\"auto, (max-width: 720px) 100vw, 720px\" \/><figcaption class=\"wp-element-caption\">mezclador de condimentos<\/figcaption><\/figure> <\/div>   <figure class=\"wp-block-table\"><table><tbody><tr><td>Modelo<\/td><td>TZ-80<\/td><td>TZ-100<\/td><\/tr><tr><td>Fuerza<\/td><td>1.5kw\/2.2kw<\/td><td>1.5kw\/2.2kw<\/td><\/tr><tr><td>Volumen<\/td><td>1.1CBM\/100kg<\/td><td>1.5CBM\/120kg<\/td><\/tr><tr><td>Velocidad de rotaci\u00f3n<\/td><td>27r\/min<\/td><td>27r\/min<\/td><\/tr><tr><td>Voltaje<\/td><td>220V\/380V<\/td><td>220V\/380V<\/td><\/tr><tr><td>Capacidad<\/td><td>0-35kg por lote<\/td><td>0-50kg por lote<\/td><\/tr><tr><td>Tama\u00f1o<\/td><td>1400mm*1200mm*1750mm<\/td><td>1400mm*1400mm*1850mm<\/td><\/tr><\/tbody><\/table><figcaption class=\"wp-element-caption\">par\u00e1metros de la m\u00e1quina de condimentos<\/figcaption><\/figure>    <h3 class=\"wp-block-heading\"><strong>5. Pulverizador de aceite<\/strong><\/h3>    <p>Esta m\u00e1quina aplica aceite de cocina de forma uniforme a los cacahuetes, realzando su brillo y facilitando el tostado.<\/p>   <div class=\"wp-block-image\"> <figure class=\"aligncenter size-full\"><img loading=\"lazy\" decoding=\"async\" width=\"720\" height=\"540\" src=\"https:\/\/bestpeanutmachine.com\/wp-content\/uploads\/2025\/10\/oil-sprayer.webp\" alt=\"sprayer de aceite\" class=\"wp-image-549\" srcset=\"https:\/\/bestpeanutmachine.com\/wp-content\/uploads\/2025\/10\/oil-sprayer.webp 720w, https:\/\/bestpeanutmachine.com\/wp-content\/uploads\/2025\/10\/oil-sprayer-300x225.webp 300w, https:\/\/bestpeanutmachine.com\/wp-content\/uploads\/2025\/10\/oil-sprayer-16x12.webp 16w\" sizes=\"auto, (max-width: 720px) 100vw, 720px\" \/><figcaption class=\"wp-element-caption\">sprayer de aceite<\/figcaption><\/figure> <\/div>   <h3 class=\"wp-block-heading\"><strong>6. Horno para tostar man\u00ed<\/strong><\/h3>    <p>Realiza un segundo asado de los cacahuetes recubiertos, aumentando su crujido y dando una superficie m\u00e1s completa.<\/p>   <div class=\"wp-block-image\"> <figure class=\"aligncenter size-full\"><img loading=\"lazy\" decoding=\"async\" width=\"720\" height=\"540\" src=\"https:\/\/bestpeanutmachine.com\/wp-content\/uploads\/2025\/10\/roaster-oven.webp\" alt=\"horno tostador\" class=\"wp-image-550\" srcset=\"https:\/\/bestpeanutmachine.com\/wp-content\/uploads\/2025\/10\/roaster-oven.webp 720w, https:\/\/bestpeanutmachine.com\/wp-content\/uploads\/2025\/10\/roaster-oven-300x225.webp 300w, https:\/\/bestpeanutmachine.com\/wp-content\/uploads\/2025\/10\/roaster-oven-16x12.webp 16w\" sizes=\"auto, (max-width: 720px) 100vw, 720px\" \/><figcaption class=\"wp-element-caption\">horno tostador<\/figcaption><\/figure> <\/div>   <figure class=\"wp-block-table\"><table><tbody><tr><td>Modelo<\/td><td class=\"has-text-align-center\" data-align=\"center\">TZ-1<\/td><td class=\"has-text-align-center\" data-align=\"center\">TZ-2<\/td><td class=\"has-text-align-center\" data-align=\"center\">TZ-3<\/td><\/tr><tr><td>Dimensiones de la bandeja<\/td><td class=\"has-text-align-center\" data-align=\"center\">960mm*960mm<\/td><td class=\"has-text-align-center\" data-align=\"center\">1200mm*1200mm<\/td><td class=\"has-text-align-center\" data-align=\"center\">1600mm*1600mm<\/td><\/tr><tr><td>Potencia del motor<\/td><td class=\"has-text-align-center\" data-align=\"center\">0.75kw\/380V<\/td><td class=\"has-text-align-center\" data-align=\"center\">0,75 kw<\/td><td class=\"has-text-align-center\" data-align=\"center\">1,5 kw<\/td><\/tr><tr><td>Potencia de calefacci\u00f3n<\/td><td class=\"has-text-align-center\" data-align=\"center\">24kw<\/td><td class=\"has-text-align-center\" data-align=\"center\">36kw<\/td><td class=\"has-text-align-center\" data-align=\"center\">48-60kw<\/td><\/tr><tr><td>Capacidad de producci\u00f3n<\/td><td class=\"has-text-align-center\" data-align=\"center\">50-80kg\/h<\/td><td class=\"has-text-align-center\" data-align=\"center\">80-100kg\/h<\/td><td class=\"has-text-align-center\" data-align=\"center\">40-80kg\/h<\/td><\/tr><tr><td>Tama\u00f1o de la m\u00e1quina<\/td><td class=\"has-text-align-center\" data-align=\"center\">2100mm*1700mm*1350mm<\/td><td class=\"has-text-align-center\" data-align=\"center\">2400mm*2000mm*1350mm<\/td><td class=\"has-text-align-center\" data-align=\"center\">3100mm*2250mm*1650mm<\/td><\/tr><\/tbody><\/table><figcaption class=\"wp-element-caption\">especificaci\u00f3n del horno de tostado de cacahuetes<\/figcaption><\/figure>    <h3 class=\"wp-block-heading\"><strong>7. Enfriador de man\u00ed<\/strong><\/h3>    <p>Se enfr\u00eda r\u00e1pidamente los cacahuetes, manteniendo su crujiente al tiempo que reduce el calor y facilita el empaquetado posterior.<\/p>   <div class=\"wp-block-image\"> <figure class=\"aligncenter size-full\"><img loading=\"lazy\" decoding=\"async\" width=\"720\" height=\"540\" src=\"https:\/\/bestpeanutmachine.com\/wp-content\/uploads\/2025\/10\/peanut-cooler.webp\" alt=\"enfriador de cacahuetes\" class=\"wp-image-551\" srcset=\"https:\/\/bestpeanutmachine.com\/wp-content\/uploads\/2025\/10\/peanut-cooler.webp 720w, https:\/\/bestpeanutmachine.com\/wp-content\/uploads\/2025\/10\/peanut-cooler-300x225.webp 300w, https:\/\/bestpeanutmachine.com\/wp-content\/uploads\/2025\/10\/peanut-cooler-16x12.webp 16w\" sizes=\"auto, (max-width: 720px) 100vw, 720px\" \/><figcaption class=\"wp-element-caption\">enfriador de cacahuetes<\/figcaption><\/figure> <\/div>   <p>Para la producci\u00f3n completa de snacks, Taizy tambi\u00e9n ofrece una m\u00e1quina de envasar para el empaquetado de gr\u00e1nulos. Si est\u00e1 interesado en la l\u00ednea de producci\u00f3n completa y quiere tener sus propias soluciones, \u00a1cont\u00e1ctenos!<\/p>    <h2 class=\"wp-block-heading\"><strong>Aplicaci\u00f3n de la l\u00ednea de frutos secos recubiertos de chocolate<\/strong><\/h2>    <p>La l\u00ednea de producci\u00f3n de cacahuetes recubiertos permite la producci\u00f3n continua de una variedad de aperitivos de cacahuete, incluidos cacahuetes cubiertos de az\u00facar, picantes, crujientes, etc. Despu\u00e9s del envasado, estos productos se venden directamente a supermercados, panader\u00edas, marcas de snacks en l\u00ednea e incluso se exportan a otros pa\u00edses.<\/p>    <p>Para peque\u00f1as y medianas empresas alimentarias, una l\u00ednea de recubrimiento de cacahuetes ofrece alta flexibilidad y f\u00e1cil operativa. Los productores pueden personalizar recetas de recubrimiento, ajustar la capacidad de producci\u00f3n y desarrollar snacks locales con sabores \u00fanicos.<\/p>    <p>Esta l\u00ednea de producci\u00f3n de cacahuetes recubiertos es ideal para startups, f\u00e1bricas locales de snacks y otros fabricantes de productos de cacahuete que se enfocan en construir marcas y mantener una calidad constante.<\/p>    <figure class=\"wp-block-gallery has-nested-images columns-default is-cropped wp-block-gallery-2 is-layout-flex wp-block-gallery-is-layout-flex\"> <figure class=\"wp-block-image size-large\"><img loading=\"lazy\" decoding=\"async\" width=\"720\" height=\"540\" data-id=\"552\" src=\"https:\/\/bestpeanutmachine.com\/wp-content\/uploads\/2025\/10\/coated-peanuts-snacks.webp\" alt=\"snacks de cacahuetes recubiertos\" class=\"wp-image-552\" srcset=\"https:\/\/bestpeanutmachine.com\/wp-content\/uploads\/2025\/10\/coated-peanuts-snacks.webp 720w, https:\/\/bestpeanutmachine.com\/wp-content\/uploads\/2025\/10\/coated-peanuts-snacks-300x225.webp 300w, https:\/\/bestpeanutmachine.com\/wp-content\/uploads\/2025\/10\/coated-peanuts-snacks-16x12.webp 16w\" sizes=\"auto, (max-width: 720px) 100vw, 720px\" \/><figcaption class=\"wp-element-caption\">snacks de cacahuetes recubiertos<\/figcaption><\/figure>    <figure class=\"wp-block-image size-large\"><img loading=\"lazy\" decoding=\"async\" width=\"720\" height=\"540\" data-id=\"553\" src=\"https:\/\/bestpeanutmachine.com\/wp-content\/uploads\/2025\/10\/sugar-coated-peanut.webp\" alt=\"cacahuete cubierto de az\u00facar\" class=\"wp-image-553\" srcset=\"https:\/\/bestpeanutmachine.com\/wp-content\/uploads\/2025\/10\/sugar-coated-peanut.webp 720w, https:\/\/bestpeanutmachine.com\/wp-content\/uploads\/2025\/10\/sugar-coated-peanut-300x225.webp 300w, https:\/\/bestpeanutmachine.com\/wp-content\/uploads\/2025\/10\/sugar-coated-peanut-16x12.webp 16w\" sizes=\"auto, (max-width: 720px) 100vw, 720px\" \/><figcaption class=\"wp-element-caption\">cacahuete cubierto de az\u00facar<\/figcaption><\/figure> <\/figure>    <h2 class=\"wp-block-heading\"><strong>Caso de \u00e9xito de exportaci\u00f3n de m\u00e1quinas autom\u00e1ticas para recubrimiento de man\u00ed a L\u00edbano<\/strong><\/h2>    <p>Como compa\u00f1\u00eda con m\u00e1s de diez a\u00f1os exportando maquinaria, Taizy ha recibido numerosos elogios y reconocimientos por sus servicios de alta calidad. La l\u00ednea de producci\u00f3n se ha exportado a f\u00e1bricas de procesamiento de alimentos, incluidas las de Italia, M\u00e1laga y Nippon Liya.<\/p>    <p>Aqu\u00ed hay un ejemplo donde exportamos nuestra l\u00ednea de producci\u00f3n de cacahuetes recubiertos a L\u00edbano, un lugar donde los snacks de frutos secos est\u00e1n bien desarrollados. Nuestros clientes son f\u00e1bricas de alimentos de tama\u00f1o medio en los canales de distribuci\u00f3n locales que producen snacks en bolsas y los suministran para las propias marcas de supermercados.<\/p>    <p>En funci\u00f3n de las necesidades de producci\u00f3n del cliente y las limitaciones de espacio de la f\u00e1brica, ofrecemos las siguientes soluciones: <\/p>    <figure class=\"wp-block-table\"><table class=\"has-fixed-layout\"><tbody><tr><td class=\"has-text-align-center\" data-align=\"center\"><a href=\"https:\/\/bestpeanutmachine.com\/es\/product\/peanut-roasting-machine\/\">tostador de cacahuetes<\/a><br><img loading=\"lazy\" decoding=\"async\" width=\"150\" height=\"113\" class=\"wp-image-545\" style=\"width: 150px;\" src=\"https:\/\/bestpeanutmachine.com\/wp-content\/uploads\/2025\/10\/roasting-machine.webp\" alt=\"m\u00e1quina tostadora de man\u00ed\" srcset=\"https:\/\/bestpeanutmachine.com\/wp-content\/uploads\/2025\/10\/roasting-machine.webp 720w, https:\/\/bestpeanutmachine.com\/wp-content\/uploads\/2025\/10\/roasting-machine-300x225.webp 300w, https:\/\/bestpeanutmachine.com\/wp-content\/uploads\/2025\/10\/roasting-machine-16x12.webp 16w\" sizes=\"auto, (max-width: 150px) 100vw, 150px\" \/><\/td><td>Model: TZ-50<br>Tama\u00f1o: 1.8*1.2*1.6m<br>Potencia del motor: 1.1kw<br>Capacidad: 50 kg\/lote<br>Voltaje: 380v 50hz trif\u00e1sico <br>Material: acero inoxidable interior<\/td><\/tr><tr><td class=\"has-text-align-center\" data-align=\"center\"><a href=\"https:\/\/bestpeanutmachine.com\/es\/product\/peanut-peeling-machine\/\">pelador de cacahuetes<\/a><br><img loading=\"lazy\" decoding=\"async\" width=\"150\" height=\"113\" class=\"wp-image-546\" style=\"width: 150px;\" src=\"https:\/\/bestpeanutmachine.com\/wp-content\/uploads\/2025\/10\/peanut-peeler.webp\" alt=\"pelador de cacahuetes\" srcset=\"https:\/\/bestpeanutmachine.com\/wp-content\/uploads\/2025\/10\/peanut-peeler.webp 720w, https:\/\/bestpeanutmachine.com\/wp-content\/uploads\/2025\/10\/peanut-peeler-300x225.webp 300w, https:\/\/bestpeanutmachine.com\/wp-content\/uploads\/2025\/10\/peanut-peeler-16x12.webp 16w\" sizes=\"auto, (max-width: 150px) 100vw, 150px\" \/><\/td><td>Tasa de finalizaci\u00f3n: 96%<br>Tasa de rotura de cacahuete: 6%<br>Capacidad: Aproximadamente 200-250kg\/h<br>Tama\u00f1o: 1100*400*1000mm<br>Funciones: Pelado de cacahuetes en seco<\/td><\/tr><tr><td class=\"has-text-align-center\" data-align=\"center\"><a href=\"https:\/\/bestpeanutmachine.com\/es\/product\/peanut-coating-machine\/\">m\u00e1quina de man\u00ed recubierta<\/a><br><img loading=\"lazy\" decoding=\"async\" width=\"150\" height=\"113\" class=\"wp-image-547\" style=\"width: 150px;\" src=\"https:\/\/bestpeanutmachine.com\/wp-content\/uploads\/2025\/10\/peanut-coating-machine.webp\" alt=\"m\u00e1quina de recubrimiento de man\u00ed\" srcset=\"https:\/\/bestpeanutmachine.com\/wp-content\/uploads\/2025\/10\/peanut-coating-machine.webp 720w, https:\/\/bestpeanutmachine.com\/wp-content\/uploads\/2025\/10\/peanut-coating-machine-300x225.webp 300w, https:\/\/bestpeanutmachine.com\/wp-content\/uploads\/2025\/10\/peanut-coating-machine-16x12.webp 16w\" sizes=\"auto, (max-width: 150px) 100vw, 150px\" \/><\/td><td>Di\u00e1metro: 1000mm<br>Capacidad: 50-70kg\/lote<br>Tiempo de recubrimiento: Seg\u00fan el proceso del cliente<br>Potencia: 1.1kw<br>Tama\u00f1o: 1200*1000*1300mm<\/td><\/tr><tr><td class=\"has-text-align-center\" data-align=\"center\">spray de l\u00edquido<br><img loading=\"lazy\" decoding=\"async\" width=\"150\" height=\"113\" class=\"wp-image-549\" style=\"width: 150px;\" src=\"https:\/\/bestpeanutmachine.com\/wp-content\/uploads\/2025\/10\/oil-sprayer.webp\" alt=\"sprayer de aceite\" srcset=\"https:\/\/bestpeanutmachine.com\/wp-content\/uploads\/2025\/10\/oil-sprayer.webp 720w, https:\/\/bestpeanutmachine.com\/wp-content\/uploads\/2025\/10\/oil-sprayer-300x225.webp 300w, https:\/\/bestpeanutmachine.com\/wp-content\/uploads\/2025\/10\/oil-sprayer-16x12.webp 16w\" sizes=\"auto, (max-width: 150px) 100vw, 150px\" \/><\/td><td>Di\u00e1metro: 1000mm<br>Capacidad: 50-70kg\/lote<br>Tiempo de recubrimiento: seg\u00fan el proceso del cliente.<br>Potencia: 1.1kw<br>Tama\u00f1o: 1200*1000*1300mm<\/td><\/tr><\/tbody><\/table><figcaption class=\"wp-element-caption\">informaci\u00f3n del programa en las m\u00e1quinas de fabricaci\u00f3n de cacahuetes recubiertos<\/figcaption><\/figure>    <p>Despu\u00e9s de la instalaci\u00f3n y pruebas, el cliente lanz\u00f3 con \u00e9xito cacahuetes cubiertos de miel y especias al mercado de snacks liban\u00e9s gracias a la producci\u00f3n estable y al sabor \u00fanico que proporcionaron.<\/p>    <p>Si quieres iniciar tu propia marca de frutos secos pero no sabes qu\u00e9 m\u00e1quinas necesitas, elige Taizy. \u00a1Insistimos en proporcionar las soluciones m\u00e1s adecuadas para emprendedores de todo el mundo!<\/p>","protected":false},"excerpt":{"rendered":"<p>La l\u00ednea de producci\u00f3n de cacahuetes recubiertos Taizy ofrece una soluci\u00f3n autom\u00e1tica e higi\u00e9nica para hacer cacahuetes crujientes recubiertos con diferentes sabores, que combina asado, pelado, recubrimiento, condimento, aspersi\u00f3n de aceite, horneado y enfriamiento en un proceso continuo.<\/p>","protected":false},"author":1,"featured_media":554,"parent":0,"template":"","tags":[11],"product-type":[60],"class_list":["post-543","product","type-product","status-publish","has-post-thumbnail","hentry","tag-peanut","product-type-production-line"],"_links":{"self":[{"href":"https:\/\/bestpeanutmachine.com\/es\/wp-json\/wp\/v2\/product\/543","targetHints":{"allow":["GET"]}}],"collection":[{"href":"https:\/\/bestpeanutmachine.com\/es\/wp-json\/wp\/v2\/product"}],"about":[{"href":"https:\/\/bestpeanutmachine.com\/es\/wp-json\/wp\/v2\/types\/product"}],"author":[{"embeddable":true,"href":"https:\/\/bestpeanutmachine.com\/es\/wp-json\/wp\/v2\/users\/1"}],"wp:featuredmedia":[{"embeddable":true,"href":"https:\/\/bestpeanutmachine.com\/es\/wp-json\/wp\/v2\/media\/554"}],"wp:attachment":[{"href":"https:\/\/bestpeanutmachine.com\/es\/wp-json\/wp\/v2\/media?parent=543"}],"wp:term":[{"taxonomy":"post_tag","embeddable":true,"href":"https:\/\/bestpeanutmachine.com\/es\/wp-json\/wp\/v2\/tags?post=543"},{"taxonomy":"product-type","embeddable":true,"href":"https:\/\/bestpeanutmachine.com\/es\/wp-json\/wp\/v2\/product-type?post=543"}],"curies":[{"name":"wp","href":"https:\/\/api.w.org\/{rel}","templated":true}]}}