{"id":577,"date":"2025-11-10T16:36:09","date_gmt":"2025-11-10T08:36:09","guid":{"rendered":"https:\/\/bestpeanutmachine.com\/?post_type=product&#038;p=577"},"modified":"2025-11-11T10:03:00","modified_gmt":"2025-11-11T02:03:00","slug":"peanut-digger-machine","status":"publish","type":"product","link":"https:\/\/bestpeanutmachine.com\/es\/product\/peanut-digger-machine\/","title":{"rendered":"M\u00e1quina excavadora de cacahuetes"},"content":{"rendered":"<p class=\"translation-block\">Para ayudar a resolver los desaf\u00edos de la cosecha de cacahuetes, Taizy ha lanzado tres tipos de <strong>excavadoras<\/strong> que logran una eficiencia de 0.33-0.99 hect\u00e1reas\/h con una baja tasa de da\u00f1o. Adem\u00e1s, esta m\u00e1quina utiliza el m\u00e9todo de transmisi\u00f3n de potencia PTO, que puede equiparse con un tractor de 15-70 caballos de fuerza.<\/p>    <p>Nuestra excavadora de cacahuetes es adaptable a diversos tipos de suelo (arenoso, rojo, negro y duro) y puede cosechar cacahuetes plantados en campos planos o en surcos. La m\u00e1quina es sencilla y f\u00e1cil de operar. Taizy ofrece un servicio postventa integral para ayudarte a resolver todos los problemas operativos y de mantenimiento.<\/p>    <figure class=\"wp-block-embed aligncenter is-type-video is-provider-youtube wp-block-embed-youtube wp-embed-aspect-16-9 wp-has-aspect-ratio\"><div class=\"wp-block-embed__wrapper\"> <iframe loading=\"lazy\" title=\"3 tipos de excavadoras de cacahuetes Taizy para todas las condiciones del suelo\" width=\"500\" height=\"281\" src=\"https:\/\/www.youtube.com\/embed\/RQajT3nZvJU?feature=oembed\" frameborder=\"0\" allow=\"accelerometer; autoplay; clipboard-write; encrypted-media; gyroscope; picture-in-picture; web-share\" referrerpolicy=\"strict-origin-when-cross-origin\" allowfullscreen><\/iframe> <\/div><figcaption class=\"wp-element-caption\">video de trabajo de la cosechadora de cacahuetes<\/figcaption><\/figure>    <h2 class=\"wp-block-heading\"><strong>Tres tipos de excavadoras de cacahuetes<\/strong><\/h2>    <h3 class=\"wp-block-heading\"><strong>Tipo 1<\/strong>: <strong>T\u00e9rminos de cadena simples<\/strong><\/h3>    <h4 class=\"wp-block-heading\"><strong>Aspectos destacados de la m\u00e1quina cosechadora de man\u00ed<\/strong><\/h4>    <p>Esta m\u00e1quina de cosecha de cacahuetes es ligera, requiere menos potencia del tractor. Utiliza un sistema de transmisi\u00f3n por cadena, que es f\u00e1cil de mantener y adecuado para \u00e1reas peque\u00f1as con suelo suelto o arenoso.<\/p>    <h4 class=\"wp-block-heading\"><strong>Modelos y par\u00e1metros de la excavadora de cacahuetes<\/strong><\/h4>    <figure class=\"wp-block-table\"><table class=\"has-fixed-layout\"><tbody><tr><td>Potencia de soporte<\/td><td class=\"has-text-align-center\" data-align=\"center\">\u226515 HP tractor de cuatro ruedas<\/td><\/tr><tr><td>Modo de siembra<\/td><td class=\"has-text-align-center\" data-align=\"center\">2 filas por surco (espaciado entre surcos de 65\u201375 cm)<\/td><\/tr><tr><td>Eficiencia de trabajo<\/td><td class=\"has-text-align-center\" data-align=\"center\">0.33\u20130.47 hect\u00e1reas\/hora<\/td><\/tr><tr><td>Sistema de transmisi\u00f3n<\/td><td class=\"has-text-align-center\" data-align=\"center\">Caja de cambios integrada<\/td><\/tr><\/tbody><\/table><figcaption class=\"wp-element-caption\">par\u00e1metros de la m\u00e1quina cosechadora de cacahuetes de tipo 1<\/figcaption><\/figure>    <figure class=\"wp-block-gallery has-nested-images columns-default is-cropped wp-block-gallery-2 is-layout-flex wp-block-gallery-is-layout-flex\"> <figure class=\"wp-block-image size-large\"><img loading=\"lazy\" decoding=\"async\" width=\"720\" height=\"540\" data-id=\"579\" src=\"https:\/\/bestpeanutmachine.com\/wp-content\/uploads\/2025\/11\/peanut-digger-for-sale.webp\" alt=\"peque\u00f1o excavador de cacahuetes \" class=\"wp-image-579\" srcset=\"https:\/\/bestpeanutmachine.com\/wp-content\/uploads\/2025\/11\/peanut-digger-for-sale.webp 720w, https:\/\/bestpeanutmachine.com\/wp-content\/uploads\/2025\/11\/peanut-digger-for-sale-300x225.webp 300w, https:\/\/bestpeanutmachine.com\/wp-content\/uploads\/2025\/11\/peanut-digger-for-sale-16x12.webp 16w\" sizes=\"auto, (max-width: 720px) 100vw, 720px\" \/><figcaption class=\"wp-element-caption\">peque\u00f1o excavador de cacahuetes <\/figcaption><\/figure>    <figure class=\"wp-block-image size-large\"><img loading=\"lazy\" decoding=\"async\" width=\"720\" height=\"540\" data-id=\"580\" src=\"https:\/\/bestpeanutmachine.com\/wp-content\/uploads\/2025\/11\/peanut-harvesting-machine.webp\" alt=\"m\u00e1quina cosechadora de man\u00ed\" class=\"wp-image-580\" srcset=\"https:\/\/bestpeanutmachine.com\/wp-content\/uploads\/2025\/11\/peanut-harvesting-machine.webp 720w, https:\/\/bestpeanutmachine.com\/wp-content\/uploads\/2025\/11\/peanut-harvesting-machine-300x225.webp 300w, https:\/\/bestpeanutmachine.com\/wp-content\/uploads\/2025\/11\/peanut-harvesting-machine-16x12.webp 16w\" sizes=\"auto, (max-width: 720px) 100vw, 720px\" \/><figcaption class=\"wp-element-caption\">m\u00e1quina cosechadora de man\u00ed<\/figcaption><\/figure> <\/figure>    <h3 class=\"wp-block-heading\"><strong>Tipo 2<\/strong>: <strong>Nuevo modelo 850<\/strong><\/h3>    <h4 class=\"wp-block-heading\"><strong>Aspectos destacados de la m\u00e1quina cosechadora de cacahuetes<\/strong><\/h4>    <p>Este tipo de cosechadora de cacahuetes presenta suspensi\u00f3n de tres puntos, lo que resulta en una transmisi\u00f3n m\u00e1s suave y menos deslizamiento y vibraci\u00f3n. Es especialmente adecuado para fincas medianas con suelo arcilloso o seco y duro.<\/p>    <h4 class=\"wp-block-heading\"><strong>Modelos y <strong>par\u00e1metros<\/strong> de la m\u00e1quina de cosecha de cacahuetes<\/strong><\/h4>    <figure class=\"wp-block-table\"><table class=\"has-fixed-layout\"><tbody><tr><td>Ancho de cosecha<\/td><td class=\"has-text-align-center\" data-align=\"center\">85 cm<\/td><\/tr><tr><td>Filas de trabajo<\/td><td class=\"has-text-align-center\" data-align=\"center\">2 filas<\/td><\/tr><tr><td>Potencia de soporte<\/td><td class=\"has-text-align-center\" data-align=\"center\">Tractor de 35\u201380 HP<\/td><\/tr><tr><td>Tipo de acoplamiento<\/td><td class=\"has-text-align-center\" data-align=\"center\">Suspensi\u00f3n de tres puntos<\/td><\/tr><tr><td>Profundidad de trabajo<\/td><td class=\"has-text-align-center\" data-align=\"center\">10\u201315 cm<\/td><\/tr><tr><td>Peso<\/td><td class=\"has-text-align-center\" data-align=\"center\">350 kg<\/td><\/tr><tr><td>Dimensiones<\/td><td class=\"has-text-align-center\" data-align=\"center\">2860*1150*1100 mm<\/td><\/tr><tr><td>Eficiencia de trabajo<\/td><td class=\"has-text-align-center\" data-align=\"center\">0.2\u20130.27 hect\u00e1reas\/hora<\/td><\/tr><\/tbody><\/table><figcaption class=\"wp-element-caption\">par\u00e1metros de la m\u00e1quina cosechadora de man\u00ed de tipo 2<\/figcaption><\/figure>    <figure class=\"wp-block-gallery has-nested-images columns-default is-cropped wp-block-gallery-3 is-layout-flex wp-block-gallery-is-layout-flex\"> <figure class=\"wp-block-image size-large\"><img loading=\"lazy\" decoding=\"async\" width=\"720\" height=\"540\" data-id=\"582\" src=\"https:\/\/bestpeanutmachine.com\/wp-content\/uploads\/2025\/11\/peanut-harvester-machine-for-sale.webp\" alt=\"m\u00e1quina cosechadora de man\u00ed \" class=\"wp-image-582\" srcset=\"https:\/\/bestpeanutmachine.com\/wp-content\/uploads\/2025\/11\/peanut-harvester-machine-for-sale.webp 720w, https:\/\/bestpeanutmachine.com\/wp-content\/uploads\/2025\/11\/peanut-harvester-machine-for-sale-300x225.webp 300w, https:\/\/bestpeanutmachine.com\/wp-content\/uploads\/2025\/11\/peanut-harvester-machine-for-sale-16x12.webp 16w\" sizes=\"auto, (max-width: 720px) 100vw, 720px\" \/><figcaption class=\"wp-element-caption\">mejor m\u00e1quina cosechadora de cacahuetes <\/figcaption><\/figure> <\/figure>    <h3 class=\"wp-block-heading\"><strong>Tipo 3: Cosechadora de cacahuete de gran venta<\/strong><\/h3>    <h4 class=\"wp-block-heading\"><strong>Aspectos destacados de la <strong>Man\u00ed<\/strong> m\u00e1quina excavadora<\/strong><\/h4>    <p>Este tipo de cosechadora de cacahuetes est\u00e1 equipado con un dispositivo de sacudida de suelo de doble etapa que separa eficazmente la tierra de los cacahuetes. La excavadora de cacahuetes Taizy presenta una estructura de marco de acero reforzado con soldadura reforzada, garantizando durabilidad y adaptabilidad a diversos terrenos y tipos de suelo.<\/p>    <h4 class=\"wp-block-heading\"><strong>Modelos y <strong>par\u00e1metros<\/strong> de la m\u00e1quina autom\u00e1tica de recolecci\u00f3n de cacahuetes<\/strong><\/h4>    <figure class=\"wp-block-table\"><table class=\"has-fixed-layout\"><tbody><tr><td>Modelo<\/td><td class=\"has-text-align-center\" data-align=\"center\">TZ-820<\/td><td class=\"has-text-align-center\" data-align=\"center\">TZ-900<\/td><td class=\"has-text-align-center\" data-align=\"center\">TZ-1650<\/td><\/tr><tr><td>Potencia de soporte<\/td><td class=\"has-text-align-center\" data-align=\"center\">Tractor de 25 HP<\/td><td class=\"has-text-align-center\" data-align=\"center\">Tractor de 40 HP<\/td><td class=\"has-text-align-center\" data-align=\"center\">Tractor de 70 HP<\/td><\/tr><tr><td>M\u00e9todo de transmisi\u00f3n<\/td><td class=\"has-text-align-center\" data-align=\"center\">Transmisi\u00f3n por eje de transmisi\u00f3n<\/td><td class=\"has-text-align-center\" data-align=\"center\">Transmisi\u00f3n por eje de transmisi\u00f3n<\/td><td class=\"has-text-align-center\" data-align=\"center\">Transmisi\u00f3n por eje de transmisi\u00f3n<\/td><\/tr><tr><td>Eficiencia de trabajo<\/td><td class=\"has-text-align-center\" data-align=\"center\">0.33\u20130.5 hect\u00e1reas\/hora<\/td><td class=\"has-text-align-center\" data-align=\"center\">0.4\u20130.5 hect\u00e1reas\/hora<\/td><td class=\"has-text-align-center\" data-align=\"center\">0.8\u20130.99 ha\/hora<\/td><\/tr><tr><td>Peso<\/td><td class=\"has-text-align-center\" data-align=\"center\">280 kg<\/td><td class=\"has-text-align-center\" data-align=\"center\">450 kg<\/td><td class=\"has-text-align-center\" data-align=\"center\">875 kg<\/td><\/tr><tr><td>Dimensiones<\/td><td class=\"has-text-align-center\" data-align=\"center\">2100*1050*1100 mm<\/td><td class=\"has-text-align-center\" data-align=\"center\">2800*1100*1200 mm<\/td><td class=\"has-text-align-center\" data-align=\"center\">2600*1650*1400 mm<\/td><\/tr><\/tbody><\/table><figcaption class=\"wp-element-caption\">par\u00e1metros del tipo 3 de cosechadora de cacahuetes<\/figcaption><\/figure>    <figure class=\"wp-block-gallery has-nested-images columns-default is-cropped wp-block-gallery-4 is-layout-flex wp-block-gallery-is-layout-flex\"> <figure class=\"wp-block-image size-large\"><img loading=\"lazy\" decoding=\"async\" width=\"720\" height=\"540\" data-id=\"583\" src=\"https:\/\/bestpeanutmachine.com\/wp-content\/uploads\/2025\/11\/groundnut-harvesting-machine.webp\" alt=\"m\u00e1quina cosechadora de man\u00ed\" class=\"wp-image-583\" srcset=\"https:\/\/bestpeanutmachine.com\/wp-content\/uploads\/2025\/11\/groundnut-harvesting-machine.webp 720w, https:\/\/bestpeanutmachine.com\/wp-content\/uploads\/2025\/11\/groundnut-harvesting-machine-300x225.webp 300w, https:\/\/bestpeanutmachine.com\/wp-content\/uploads\/2025\/11\/groundnut-harvesting-machine-16x12.webp 16w\" sizes=\"auto, (max-width: 720px) 100vw, 720px\" \/><figcaption class=\"wp-element-caption\">m\u00e1quina cosechadora de man\u00ed<\/figcaption><\/figure>    <figure class=\"wp-block-image size-large\"><img loading=\"lazy\" decoding=\"async\" width=\"720\" height=\"540\" data-id=\"584\" src=\"https:\/\/bestpeanutmachine.com\/wp-content\/uploads\/2025\/11\/peanut-combine-harvester-machine.webp\" alt=\"m\u00e1quina cosechadora de cacahuetes\" class=\"wp-image-584\" srcset=\"https:\/\/bestpeanutmachine.com\/wp-content\/uploads\/2025\/11\/peanut-combine-harvester-machine.webp 720w, https:\/\/bestpeanutmachine.com\/wp-content\/uploads\/2025\/11\/peanut-combine-harvester-machine-300x225.webp 300w, https:\/\/bestpeanutmachine.com\/wp-content\/uploads\/2025\/11\/peanut-combine-harvester-machine-16x12.webp 16w\" sizes=\"auto, (max-width: 720px) 100vw, 720px\" \/><figcaption class=\"wp-element-caption\">m\u00e1quina cosechadora de cacahuetes<\/figcaption><\/figure> <\/figure>    <h2 class=\"wp-block-heading\"><strong>\u00bfC\u00f3mo funciona la m\u00e1quina excavadora de cacahuetes?<\/strong><\/h2>    <p>Con la ayuda de la m\u00e1quina excavadora de cacahuetes, la cosecha de cacahuetes se ha simplificado en tres pasos sencillos, mejorando significativamente la eficiencia del trabajo y reduciendo en gran medida los costos laborales.<\/p>    <p>Paso 1: La parte frontal de la excavadora de cacahuetes cuenta con cuchillas afiladas que cortan el suelo, aflojando y levantando las plantas de cacahuete y sus ra\u00edces. La profundidad y el \u00e1ngulo de las cuchillas se pueden ajustar seg\u00fan las condiciones del suelo y la profundidad de crecimiento del cacahuete, asegurando que las vainas de cacahuete sean desenterradas intactas sin da\u00f1o.<\/p>    <p>Paso 2: Despu\u00e9s de ser levantados, los cacahuetes y la tierra pasar\u00e1n por un sistema de pantalla vibratoria. Las vibraciones fuertes pueden ayudar a sacudir el exceso de tierra mientras mantienen los cacahuetes intactos. Los cacahuetes limpios luego ingresar\u00e1n suavemente a la secci\u00f3n de transporte.<\/p>    <p>Paso 3: Este transportador de banda transportar\u00e1 y organizar\u00e1 ordenadamente los cacahuetes en la superficie del campo, lo que facilita el secado o la recolecci\u00f3n posterior por parte de los agricultores. Su velocidad se puede ajustar seg\u00fan las diferentes condiciones del campo y la velocidad del tractor.<\/p>    <h2 class=\"wp-block-heading\"><strong>\u00bfCu\u00e1nto cuesta una m\u00e1quina de cosecha de cacahuetes?<\/strong><\/h2>    <p>El rango de precios de las cosechadoras de cacahuetes es bastante amplio (aproximadamente entre US$1000 y m\u00e1s de US$5,000). Los siguientes factores pueden afectar significativamente el costo de la m\u00e1quina:<\/p>    <ul class=\"wp-block-list\"> <li>Cuanto mayor sea el n\u00famero de acres\/hora en que puede trabajar el excavador de cacahuetes y m\u00e1s amplio sea su \u00e1rea de trabajo, generalmente mayor ser\u00e1 el precio.<\/li>    <li>Su m\u00e9todo de transmisi\u00f3n y la complejidad estructural tambi\u00e9n afectan en gran medida el costo de la m\u00e1quina. Cuanto m\u00e1s complejo sea la estructura y m\u00e1s durables sean las piezas, mayor ser\u00e1 el costo.<\/li>    <li>Si se importa desde el extranjero, los costos de env\u00edo y aranceles variar\u00e1n seg\u00fan el pa\u00eds.<\/li>    <li>Las caracter\u00edsticas adicionales a\u00f1adidas a la mejora de la m\u00e1quina (como operaci\u00f3n en m\u00faltiples filas, ajuste autom\u00e1tico de profundidad, pantalla vibratoria, dispositivo de colocaci\u00f3n y dise\u00f1o anti-desviaci\u00f3n de cadena) aumentar\u00e1n el precio.<\/li> <\/ul>   <div class=\"wp-block-image\"> <figure class=\"aligncenter size-full\"><img loading=\"lazy\" decoding=\"async\" width=\"720\" height=\"540\" src=\"https:\/\/bestpeanutmachine.com\/wp-content\/uploads\/2025\/11\/peanut-harvester-machine.webp\" alt=\"m\u00e1quina cosechadora de man\u00ed\" class=\"wp-image-585\" srcset=\"https:\/\/bestpeanutmachine.com\/wp-content\/uploads\/2025\/11\/peanut-harvester-machine.webp 720w, https:\/\/bestpeanutmachine.com\/wp-content\/uploads\/2025\/11\/peanut-harvester-machine-300x225.webp 300w, https:\/\/bestpeanutmachine.com\/wp-content\/uploads\/2025\/11\/peanut-harvester-machine-16x12.webp 16w\" sizes=\"auto, (max-width: 720px) 100vw, 720px\" \/><figcaption class=\"wp-element-caption\">m\u00e1quina cosechadora de man\u00ed<\/figcaption><\/figure> <\/div>   <h2 class=\"wp-block-heading\"><strong>Aplicaciones de la excavadora de cacahuetes<\/strong><\/h2>    <p class=\"translation-block\">La cosechadora de cacahuetes se usa principalmente para una cosecha eficiente. Es adecuada para diversas condiciones del suelo, incluyendo suelo arenoso, <a href=\"https:\/\/en.wikipedia.org\/wiki\/Loam\" target=\"_blank\" rel=\"noopener\">suelo franco<\/a>, arcilla o suelo ligeramente h\u00famedo.<\/p>    <p>Taizy ofrece diferentes modelos adecuados para fincas de diferentes tama\u00f1os. Los modelos 820 o 900 son ideales para agricultores individuales o parcelas peque\u00f1as. El modelo 1650 es adecuado para fincas m\u00e1s grandes. Los modelos multifila o de alta resistencia facilitan la cosecha mecanizada a gran escala.<\/p>    <p>Las cosechadoras de cacahuetes se utilizan ampliamente en las principales fincas de cacahuetes y cooperativas rurales en India, Nigeria, Sud\u00e1n, Senegal y Estados Unidos. Algunas empresas agr\u00edcolas especializadas en producci\u00f3n de cacahuetes tambi\u00e9n compran cosechadoras para mejorar la eficiencia del trabajo y reducir la rotura de cacahuetes durante la cosecha.<\/p>    <figure class=\"wp-block-gallery has-nested-images columns-default is-cropped wp-block-gallery-5 is-layout-flex wp-block-gallery-is-layout-flex\"> <figure class=\"wp-block-image size-large\"><img loading=\"lazy\" decoding=\"async\" width=\"720\" height=\"540\" data-id=\"593\" src=\"https:\/\/bestpeanutmachine.com\/wp-content\/uploads\/2025\/11\/groundnut-harvested-by-the-tractor.webp\" alt=\"cacahuete cosechado por el tractor\" class=\"wp-image-593\" srcset=\"https:\/\/bestpeanutmachine.com\/wp-content\/uploads\/2025\/11\/groundnut-harvested-by-the-tractor.webp 720w, https:\/\/bestpeanutmachine.com\/wp-content\/uploads\/2025\/11\/groundnut-harvested-by-the-tractor-300x225.webp 300w, https:\/\/bestpeanutmachine.com\/wp-content\/uploads\/2025\/11\/groundnut-harvested-by-the-tractor-16x12.webp 16w\" sizes=\"auto, (max-width: 720px) 100vw, 720px\" \/><figcaption class=\"wp-element-caption\">cacahuete cosechado por el tractor<\/figcaption><\/figure>    <figure class=\"wp-block-image size-large\"><img loading=\"lazy\" decoding=\"async\" width=\"720\" height=\"540\" data-id=\"594\" src=\"https:\/\/bestpeanutmachine.com\/wp-content\/uploads\/2025\/11\/peanut-harvesting-in-the-farm.webp\" alt=\"cosecha de cacahuetes en la finca\" class=\"wp-image-594\" srcset=\"https:\/\/bestpeanutmachine.com\/wp-content\/uploads\/2025\/11\/peanut-harvesting-in-the-farm.webp 720w, https:\/\/bestpeanutmachine.com\/wp-content\/uploads\/2025\/11\/peanut-harvesting-in-the-farm-300x225.webp 300w, https:\/\/bestpeanutmachine.com\/wp-content\/uploads\/2025\/11\/peanut-harvesting-in-the-farm-16x12.webp 16w\" sizes=\"auto, (max-width: 720px) 100vw, 720px\" \/><figcaption class=\"wp-element-caption\">cosecha de cacahuetes en la finca<\/figcaption><\/figure> <\/figure>    <h2 class=\"wp-block-heading\"><strong>Preguntas frecuentes sobre la excavadora autom\u00e1tica de cacahuetes<\/strong><\/h2>   <div id=\"rank-math-faq\" class=\"rank-math-block\"> <div class=\"rank-math-list\"> <div id=\"faq-question-1762757305668\" class=\"rank-math-list-item\"> <h3 class=\"rank-math-question\">\u00bfSe puede usar la excavadora de cacahuetes en suelos duros o h\u00famedos?<\/h3> <div class=\"rank-math-answer\">  <p>S\u00ed. La m\u00e1quina puede equiparse con cuchillas de acero manganeso reforzado y un sistema de vibraci\u00f3n o sacudida que ayuda a aflojar la tierra y prevenir atascos.<\/p>  <\/div> <\/div> <div id=\"faq-question-1762757336720\" class=\"rank-math-list-item\"> <h3 class=\"rank-math-question\">\u00bfCu\u00e1ntos caballos de fuerza tiene este excavador de cacahuetes como tractor?<\/h3> <div class=\"rank-math-answer\">  <p>20-70HP, ofrecemos diferentes modelos para diferentes requisitos de potencia.<\/p>  <\/div> <\/div> <div id=\"faq-question-1762757820059\" class=\"rank-math-list-item\"> <h3 class=\"rank-math-question\">\u00bfCu\u00e1ntas acres puede cosechar por hora?<\/h3> <div class=\"rank-math-answer\">  <p>El rango es de 0.33-0.99 acres\/hora.<\/p>  <\/div> <\/div> <div id=\"faq-question-1762757843878\" class=\"rank-math-list-item\"> <h3 class=\"rank-math-question\">\u00bfPuedes fabricarlo con mi marca o color?<\/h3> <div class=\"rank-math-answer\">  <p>Ofrecemos servicios de personalizaci\u00f3n, pero solo si se alcanza una cantidad m\u00ednima de pedido.<\/p>  <\/div> <\/div> <div id=\"faq-question-1762757923936\" class=\"rank-math-list-item\"> <h3 class=\"rank-math-question\">\u00bfProporcionan videos o manuales de operaci\u00f3n?<\/h3> <div class=\"rank-math-answer\">  <p>Adem\u00e1s del servicio postventa uno a uno, nuestros t\u00e9cnicos tambi\u00e9n brindar\u00e1n orientaci\u00f3n remota para cualquier problema de operaci\u00f3n de la m\u00e1quina.<\/p>  <\/div> <\/div> <\/div> <\/div>   <p>Si est\u00e1s interesado en esta m\u00e1quina, por favor contacta con nuestro servicio de atenci\u00f3n al cliente para la cotizaci\u00f3n y descuentos m\u00e1s recientes.<\/p>    <p>Somos Taizy, una empresa fabricante especializada en la producci\u00f3n y fabricaci\u00f3n de maquinaria agr\u00edcola, dedicada a ofrecerte las mejores m\u00e1quinas a los precios m\u00e1s favorables.<\/p>    <p>Adem\u00e1s de este cosechador, tambi\u00e9n ofrecemos equipos de procesamiento de cacahuetes posteriores:<\/p>    <ul class=\"wp-block-list\"> <li><a href=\"https:\/\/bestpeanutmachine.com\/es\/product\/peanut-picker-machine\/\">M\u00e1quina recolectora de man\u00ed<\/a><\/li>    <li><a href=\"https:\/\/bestpeanutmachine.com\/es\/product\/peanut-shelling-machine\/\">M\u00e1quina descascaradora de man\u00ed<\/a><\/li>    <li><a href=\"https:\/\/bestpeanutmachine.com\/es\/product\/peanut-peeling-machine\/\">Peladora de man\u00ed<\/a><\/li> <\/ul>    <p>Por favor, cont\u00e1ctanos si tienes alguna pregunta. \u00a1No dudes en comunicarte con nosotros!<\/p>","protected":false},"excerpt":{"rendered":"<p>Taizy proporciona tres tipos de excavadoras de cacahuetes que aumentan la eficiencia de la cosecha y reducen el da\u00f1o a los cultivos. Es adecuada para diferentes suelos y potencias de tractor con operaci\u00f3n simple y fuerte soporte t\u00e9cnico.<\/p>","protected":false},"author":1,"featured_media":578,"parent":0,"template":"","tags":[12,11],"product-type":[69,6],"class_list":["post-577","product","type-product","status-publish","has-post-thumbnail","hentry","tag-groundnut","tag-peanut","product-type-peanut-machine","product-type-product"],"_links":{"self":[{"href":"https:\/\/bestpeanutmachine.com\/es\/wp-json\/wp\/v2\/product\/577","targetHints":{"allow":["GET"]}}],"collection":[{"href":"https:\/\/bestpeanutmachine.com\/es\/wp-json\/wp\/v2\/product"}],"about":[{"href":"https:\/\/bestpeanutmachine.com\/es\/wp-json\/wp\/v2\/types\/product"}],"author":[{"embeddable":true,"href":"https:\/\/bestpeanutmachine.com\/es\/wp-json\/wp\/v2\/users\/1"}],"wp:featuredmedia":[{"embeddable":true,"href":"https:\/\/bestpeanutmachine.com\/es\/wp-json\/wp\/v2\/media\/578"}],"wp:attachment":[{"href":"https:\/\/bestpeanutmachine.com\/es\/wp-json\/wp\/v2\/media?parent=577"}],"wp:term":[{"taxonomy":"post_tag","embeddable":true,"href":"https:\/\/bestpeanutmachine.com\/es\/wp-json\/wp\/v2\/tags?post=577"},{"taxonomy":"product-type","embeddable":true,"href":"https:\/\/bestpeanutmachine.com\/es\/wp-json\/wp\/v2\/product-type?post=577"}],"curies":[{"name":"wp","href":"https:\/\/api.w.org\/{rel}","templated":true}]}}