{"id":596,"date":"2025-11-18T15:56:40","date_gmt":"2025-11-18T07:56:40","guid":{"rendered":"https:\/\/bestpeanutmachine.com\/?post_type=product&#038;p=596"},"modified":"2025-11-18T15:57:49","modified_gmt":"2025-11-18T07:57:49","slug":"peanut-planter-machine","status":"publish","type":"product","link":"https:\/\/bestpeanutmachine.com\/es\/product\/peanut-planter-machine\/","title":{"rendered":"M\u00e1quina sembradora de cacahuetes para una agricultura eficiente"},"content":{"rendered":"<p class=\"translation-block\">Taizy <strong>m\u00e1quina sembradora de cacahuetes<\/strong> puede usarse con tractores de cuatro ruedas de 20 caballos de fuerza o m\u00e1s. Integra funciones como surcado, fertilizaci\u00f3n, siembra y cobertura, que tambi\u00e9n pueden realizar fertilizaci\u00f3n y siembra simult\u00e1neamente. <\/p>    <p>This peanut seeder&#8217;s production efficiency can reach over 0.5-3.2acres per hour with a lower seeding\u00a0rate of >98%. Besides, its sowing depth, spacing, and distance can be adjusted according to the agricultural planting needs of different regions.<\/p>    <h2 class=\"wp-block-heading\"><strong>Aspectos destacados de la m\u00e1quina sembradora de cacahuetes Taizy<\/strong><\/h2>    <ul class=\"wp-block-list\"> <li>Nuestra sembradora de cacahuetes puede realizar m\u00faltiples funciones en una sola operaci\u00f3n, incluyendo surcado, fertilizaci\u00f3n, siembra y cobertura. Esta operaci\u00f3n integrada mejora mucho la eficiencia de la siembra y es adecuada para plantaciones a gran escala.<\/li>    <li>The peanut seeder&#8217;s design incorporates advanced foreign seeding technology, achieving a seeding accuracy of over 98%. This not only ensures uniform seed spacing but also stabilizes seeding depth, resulting in a high germination rate and higher yield.<\/li>    <li>Esta sembradora puede ajustar autom\u00e1ticamente el espaciamiento entre filas (300\u2013350 mm), el espaciamiento entre semillas (80\u2013300 mm) y la profundidad de siembra seg\u00fan las condiciones del suelo local. Por lo tanto, esta sembradora es adecuada para diferentes \u00e1reas agr\u00edcolas, tipos de suelo y h\u00e1bitos de plantaci\u00f3n.<\/li> <\/ul>   <div class=\"wp-block-image\"> <figure class=\"aligncenter size-full\"><img loading=\"lazy\" decoding=\"async\" width=\"720\" height=\"540\" src=\"https:\/\/bestpeanutmachine.com\/wp-content\/uploads\/2025\/11\/peanut-sowing-machine.webp\" alt=\"m\u00e1quina sembradora de cacahuetes\" class=\"wp-image-598\" srcset=\"https:\/\/bestpeanutmachine.com\/wp-content\/uploads\/2025\/11\/peanut-sowing-machine.webp 720w, https:\/\/bestpeanutmachine.com\/wp-content\/uploads\/2025\/11\/peanut-sowing-machine-300x225.webp 300w, https:\/\/bestpeanutmachine.com\/wp-content\/uploads\/2025\/11\/peanut-sowing-machine-16x12.webp 16w\" sizes=\"auto, (max-width: 720px) 100vw, 720px\" \/><figcaption class=\"wp-element-caption\">m\u00e1quina sembradora de cacahuetes<\/figcaption><\/figure> <\/div>   <h2 class=\"wp-block-heading\"><strong>\u00bfQu\u00e9 es una m\u00e1quina sembradora de cacahuetes?<\/strong><\/h2>    <p>The peanut planter is specifically designed for precise and efficient peanut planting. It&#8217;s typically paired with a 20-90 horsepower four-wheel tractor, integrating multiple agricultural steps into a continuous workflow, significantly reducing manual labor and improving field efficiency.<\/p>    <p class=\"translation-block\">Las sembradoras de cacahuetes son adecuadas para diversos entornos agr\u00edcolas, como plantaciones de cacahuetes, \u00e1reas de plantaci\u00f3n en cresta, cultivo de cacahuetes en tierras planas, etc. Adem\u00e1s de cacahuetes, con peque\u00f1os ajustes en las bandejas de semillas personalizadas, tambi\u00e9n puede plantar soja, <a href=\"https:\/\/en.wikipedia.org\/wiki\/Vicia_faba\" target=\"_blank\" rel=\"noopener\">haba<\/a>, jud\u00edas, y otras semillas de tama\u00f1o medio a grande.<\/p>    <p>Adem\u00e1s de crear surcos, sembrar, cubrir con tierra y fertilizar, esta m\u00e1quina tambi\u00e9n puede personalizarse con funciones como pulverizaci\u00f3n de pesticidas, riego por goteo y mulching.<\/p>    <h2 class=\"wp-block-heading\"><strong>Tipos de m\u00e1quinas sembradoras de cacahuetes<\/strong><\/h2>    <p>Las sembradoras de cacahuetes est\u00e1n disponibles en modelos de 2, 4 y 6 filas. Los diferentes modelos est\u00e1n dise\u00f1ados para satisfacer las necesidades de fincas de diferentes tama\u00f1os, potencia de tractor y requisitos de eficiencia de plantaci\u00f3n.<\/p>    <h3 class=\"wp-block-heading\"><strong>Sembradora de cacahuetes de 2 hileras<\/strong><\/h3>    <figure class=\"wp-block-table\"><table class=\"has-fixed-layout\"><tbody><tr><td>Modelo<\/td><td>2BHMF-2<\/td><\/tr><tr><td>Potencia compatible<\/td><td>20-40 hp<\/td><\/tr><tr><td>Tama\u00f1o<\/td><td>2940\u00d71200\u00d71300 mm<\/td><\/tr><tr><td>Peso<\/td><td>180 kg<\/td><\/tr><tr><td>Capacidad de la caja de semillas<\/td><td>10 kg *2<\/td><\/tr><tr><td>N\u00famero de filas<\/td><td>2<\/td><\/tr><tr><td>Espacio entre filas<\/td><td>300-350 mm<\/td><\/tr><tr><td>Espacio de semillas<\/td><td>80-300 mm<\/td><\/tr><tr><td>Productividad<\/td><td>0.5-0.8 acres\/h<\/td><\/tr><tr><td>Tasa de siembra<\/td><td>&gt;98%<\/td><\/tr><\/tbody><\/table><figcaption class=\"wp-element-caption\">par\u00e1metros de la m\u00e1quina sembradora de man\u00ed<\/figcaption><\/figure>    <figure class=\"wp-block-gallery has-nested-images columns-default is-cropped wp-block-gallery-2 is-layout-flex wp-block-gallery-is-layout-flex\"> <figure class=\"wp-block-image size-large\"><img loading=\"lazy\" decoding=\"async\" width=\"720\" height=\"540\" data-id=\"599\" src=\"https:\/\/bestpeanutmachine.com\/wp-content\/uploads\/2025\/11\/2-row-groundnut-planter-machine.webp\" alt=\"m\u00e1quina sembradora de cacahuetes de 2 hileras\" class=\"wp-image-599\" srcset=\"https:\/\/bestpeanutmachine.com\/wp-content\/uploads\/2025\/11\/2-row-groundnut-planter-machine.webp 720w, https:\/\/bestpeanutmachine.com\/wp-content\/uploads\/2025\/11\/2-row-groundnut-planter-machine-300x225.webp 300w, https:\/\/bestpeanutmachine.com\/wp-content\/uploads\/2025\/11\/2-row-groundnut-planter-machine-16x12.webp 16w\" sizes=\"auto, (max-width: 720px) 100vw, 720px\" \/><figcaption class=\"wp-element-caption\">m\u00e1quina sembradora de cacahuetes de 2 hileras<\/figcaption><\/figure>    <figure class=\"wp-block-image size-large\"><img loading=\"lazy\" decoding=\"async\" width=\"720\" height=\"540\" data-id=\"600\" src=\"https:\/\/bestpeanutmachine.com\/wp-content\/uploads\/2025\/11\/2-row-groundnut-seeder-machine.webp\" alt=\"Sembradora de cacahuetes de 2 hileras\" class=\"wp-image-600\" srcset=\"https:\/\/bestpeanutmachine.com\/wp-content\/uploads\/2025\/11\/2-row-groundnut-seeder-machine.webp 720w, https:\/\/bestpeanutmachine.com\/wp-content\/uploads\/2025\/11\/2-row-groundnut-seeder-machine-300x225.webp 300w, https:\/\/bestpeanutmachine.com\/wp-content\/uploads\/2025\/11\/2-row-groundnut-seeder-machine-16x12.webp 16w\" sizes=\"auto, (max-width: 720px) 100vw, 720px\" \/><figcaption class=\"wp-element-caption\">Sembradora de cacahuetes de 2 hileras<\/figcaption><\/figure> <\/figure>    <h3 class=\"wp-block-heading\"><strong>M\u00e1quina sembradora de cacahuetes de 4 hileras<\/strong><\/h3>    <figure class=\"wp-block-table\"><table class=\"has-fixed-layout\"><tbody><tr><td>Modelo<\/td><td>2BHMF-4<\/td><\/tr><tr><td>Potencia compatible<\/td><td>40-70 hp<\/td><\/tr><tr><td>Tama\u00f1o<\/td><td>2940\u00d71600\u00d71300 mm<\/td><\/tr><tr><td>Peso<\/td><td>350 kg<\/td><\/tr><tr><td>Capacidad de la caja de semillas<\/td><td>10 kg *4<\/td><\/tr><tr><td>N\u00famero de filas<\/td><td>4<\/td><\/tr><tr><td>Espacio entre filas<\/td><td>300-350 mm<\/td><\/tr><tr><td>Espacio de semillas<\/td><td>80-300 mm<\/td><\/tr><tr><td>Productividad<\/td><td>0.8-1.6 acres\/h<\/td><\/tr><tr><td>Tasa de siembra<\/td><td>&gt;98%<\/td><\/tr><\/tbody><\/table><figcaption class=\"wp-element-caption\">par\u00e1metros de la m\u00e1quina sembradora de cacahuetes<\/figcaption><\/figure>    <figure class=\"wp-block-gallery has-nested-images columns-default is-cropped wp-block-gallery-3 is-layout-flex wp-block-gallery-is-layout-flex\"> <figure class=\"wp-block-image size-large\"><img loading=\"lazy\" decoding=\"async\" width=\"720\" height=\"540\" data-id=\"601\" src=\"https:\/\/bestpeanutmachine.com\/wp-content\/uploads\/2025\/11\/4-row-peanut-planter-machine.webp\" alt=\"M\u00e1quina sembradora de cacahuetes de 4 hileras\" class=\"wp-image-601\" srcset=\"https:\/\/bestpeanutmachine.com\/wp-content\/uploads\/2025\/11\/4-row-peanut-planter-machine.webp 720w, https:\/\/bestpeanutmachine.com\/wp-content\/uploads\/2025\/11\/4-row-peanut-planter-machine-300x225.webp 300w, https:\/\/bestpeanutmachine.com\/wp-content\/uploads\/2025\/11\/4-row-peanut-planter-machine-16x12.webp 16w\" sizes=\"auto, (max-width: 720px) 100vw, 720px\" \/><figcaption class=\"wp-element-caption\">M\u00e1quina sembradora de cacahuetes de 4 hileras<\/figcaption><\/figure>    <figure class=\"wp-block-image size-large\"><img loading=\"lazy\" decoding=\"async\" width=\"720\" height=\"540\" data-id=\"602\" src=\"https:\/\/bestpeanutmachine.com\/wp-content\/uploads\/2025\/11\/4-row-peanut-seed-planting-machine.webp\" alt=\"M\u00e1quina sembradora de semillas de cacahuete de 4 hileras\" class=\"wp-image-602\" srcset=\"https:\/\/bestpeanutmachine.com\/wp-content\/uploads\/2025\/11\/4-row-peanut-seed-planting-machine.webp 720w, https:\/\/bestpeanutmachine.com\/wp-content\/uploads\/2025\/11\/4-row-peanut-seed-planting-machine-300x225.webp 300w, https:\/\/bestpeanutmachine.com\/wp-content\/uploads\/2025\/11\/4-row-peanut-seed-planting-machine-16x12.webp 16w\" sizes=\"auto, (max-width: 720px) 100vw, 720px\" \/><figcaption class=\"wp-element-caption\">M\u00e1quina sembradora de semillas de cacahuete de 4 hileras<\/figcaption><\/figure> <\/figure>    <h3 class=\"wp-block-heading\"><strong>Sembradora de cacahuetes de 6 hileras<\/strong><\/h3>    <figure class=\"wp-block-table\"><table class=\"has-fixed-layout\"><tbody><tr><td>Modelo<\/td><td>2BHMF-6<\/td><\/tr><tr><td>Potencia compatible<\/td><td>60-90 hp<\/td><\/tr><tr><td>Tama\u00f1o<\/td><td>2940\u00d71900\u00d71300 mm<\/td><\/tr><tr><td>Peso<\/td><td>450 kg<\/td><\/tr><tr><td>Capacidad de la caja de semillas<\/td><td>10 kg *6<\/td><\/tr><tr><td>N\u00famero de filas<\/td><td>6<\/td><\/tr><tr><td>Espacio entre filas<\/td><td>300-350 mm<\/td><\/tr><tr><td>Espacio de semillas<\/td><td>80-300 mm<\/td><\/tr><tr><td>Productividad<\/td><td>1.6-3.2 acres\/h<\/td><\/tr><tr><td>Tasa de siembra<\/td><td>&gt;98%<\/td><\/tr><\/tbody><\/table><figcaption class=\"wp-element-caption\">Especificaci\u00f3n de la m\u00e1quina sembradora de cacahuetes<\/figcaption><\/figure>    <figure class=\"wp-block-gallery has-nested-images columns-default is-cropped wp-block-gallery-4 is-layout-flex wp-block-gallery-is-layout-flex\"> <figure class=\"wp-block-image size-large\"><img loading=\"lazy\" decoding=\"async\" width=\"720\" height=\"540\" data-id=\"603\" src=\"https:\/\/bestpeanutmachine.com\/wp-content\/uploads\/2025\/11\/6-row-groundnut-sowing-machine.webp\" alt=\"Sembradora de cacahuetes de 6 hileras\" class=\"wp-image-603\" srcset=\"https:\/\/bestpeanutmachine.com\/wp-content\/uploads\/2025\/11\/6-row-groundnut-sowing-machine.webp 720w, https:\/\/bestpeanutmachine.com\/wp-content\/uploads\/2025\/11\/6-row-groundnut-sowing-machine-300x225.webp 300w, https:\/\/bestpeanutmachine.com\/wp-content\/uploads\/2025\/11\/6-row-groundnut-sowing-machine-16x12.webp 16w\" sizes=\"auto, (max-width: 720px) 100vw, 720px\" \/><figcaption class=\"wp-element-caption\">Sembradora de cacahuetes de 6 hileras<\/figcaption><\/figure>    <figure class=\"wp-block-image size-large\"><img loading=\"lazy\" decoding=\"async\" width=\"720\" height=\"540\" data-id=\"604\" src=\"https:\/\/bestpeanutmachine.com\/wp-content\/uploads\/2025\/11\/6-row-peanut-sowing-machine.webp\" alt=\"M\u00e1quina sembradora de cacahuetes de 6 hileras\" class=\"wp-image-604\" srcset=\"https:\/\/bestpeanutmachine.com\/wp-content\/uploads\/2025\/11\/6-row-peanut-sowing-machine.webp 720w, https:\/\/bestpeanutmachine.com\/wp-content\/uploads\/2025\/11\/6-row-peanut-sowing-machine-300x225.webp 300w, https:\/\/bestpeanutmachine.com\/wp-content\/uploads\/2025\/11\/6-row-peanut-sowing-machine-16x12.webp 16w\" sizes=\"auto, (max-width: 720px) 100vw, 720px\" \/><figcaption class=\"wp-element-caption\">M\u00e1quina sembradora de cacahuetes de 6 hileras<\/figcaption><\/figure> <\/figure>    <h2 class=\"wp-block-heading\"><strong>Precio y factores de coste de la m\u00e1quina sembradora de cacahuetes<\/strong><\/h2>    <p>Aunque los precios de las sembradoras de cacahuetes var\u00edan entre diferentes fabricantes y configuraciones, los siguientes factores clave influyen en su costo total:<\/p>    <ol class=\"wp-block-list\"> <li>Un mayor n\u00famero de filas requiere marcos m\u00e1s grandes, lo que resulta en mayor eficiencia pero tambi\u00e9n en mayores costos de producci\u00f3n.<\/li>    <li>Materials determine manufacturing quality, in turn, resulting in a higher price. However, thicker steel and reinforced structures extend the machine&#8217;s lifespan and reduce long-term maintenance costs.<\/li>    <li>La importaci\u00f3n de maquinaria requiere considerar aranceles, tarifas de embalaje y costos de env\u00edo. Algunas empresas cobrar\u00e1n una tarifa adicional para gestionar todos estos aspectos, mientras que otras no incluyen estos servicios, y usted tendr\u00e1 que buscar un transitario por su cuenta.<\/li> <\/ol>    <h2 class=\"wp-block-heading\"><strong>Caso de \u00e9xito: m\u00e1quina sembradora de cacahuetes de 6 hileras exportada a Dinamarca<\/strong><\/h2>    <p>A principios de 2025, una empresa agr\u00edcola danesa nos contact\u00f3 respecto a una m\u00e1quina sembradora de cacahuetes de 6 hileras. Este cliente opera una gran granja mixta de 180 hect\u00e1reas y recientemente comenz\u00f3 a plantar cacahuetes para satisfacer la creciente demanda de productos de cacahuete de las plantas de procesamiento de alimentos locales.<\/p>   <div class=\"wp-block-image\"> <figure class=\"aligncenter size-full\"><img loading=\"lazy\" decoding=\"async\" width=\"720\" height=\"540\" src=\"https:\/\/bestpeanutmachine.com\/wp-content\/uploads\/2025\/11\/peanut-planting.webp\" alt=\"siembra de cacahuetes\" class=\"wp-image-605\" srcset=\"https:\/\/bestpeanutmachine.com\/wp-content\/uploads\/2025\/11\/peanut-planting.webp 720w, https:\/\/bestpeanutmachine.com\/wp-content\/uploads\/2025\/11\/peanut-planting-300x225.webp 300w, https:\/\/bestpeanutmachine.com\/wp-content\/uploads\/2025\/11\/peanut-planting-16x12.webp 16w\" sizes=\"auto, (max-width: 720px) 100vw, 720px\" \/><figcaption class=\"wp-element-caption\">siembra de cacahuetes<\/figcaption><\/figure> <\/div>   <p>El cliente buscaba una soluci\u00f3n de siembra de cacahuetes totalmente mecanizada para mejorar la precisi\u00f3n de la plantaci\u00f3n y reducir los costos operativos. Por ello, contact\u00f3 con Taizy a trav\u00e9s de nuestra p\u00e1gina web.<\/p>    <p>Tras comunicarse con nuestros profesionales, el cliente finaliz\u00f3 el pedido: un modelo 2BHMF-6 equipado con un abreboca reforzado y fertilizante de acero inoxidable para exportaci\u00f3n.<\/p>    <p>En los veinte d\u00edas posteriores a la producci\u00f3n, nuestra f\u00e1brica complet\u00f3 los \u00faltimos pasos de aplicaci\u00f3n de aceite anticorrosivo y la adici\u00f3n de marcos protectores. Utilizamos cajas de madera de grado exportaci\u00f3n para el embalaje final y las enviamos en un buque con destino a Dinamarca.<\/p>    <figure class=\"wp-block-gallery has-nested-images columns-2 is-cropped wp-block-gallery-5 is-layout-flex wp-block-gallery-is-layout-flex\"> <figure class=\"wp-block-image size-large\"><img loading=\"lazy\" decoding=\"async\" width=\"720\" height=\"540\" data-id=\"606\" src=\"https:\/\/bestpeanutmachine.com\/wp-content\/uploads\/2025\/11\/groundnut-seeder-machine.webp\" alt=\"m\u00e1quina sembradora de man\u00ed\" class=\"wp-image-606\" srcset=\"https:\/\/bestpeanutmachine.com\/wp-content\/uploads\/2025\/11\/groundnut-seeder-machine.webp 720w, https:\/\/bestpeanutmachine.com\/wp-content\/uploads\/2025\/11\/groundnut-seeder-machine-300x225.webp 300w, https:\/\/bestpeanutmachine.com\/wp-content\/uploads\/2025\/11\/groundnut-seeder-machine-16x12.webp 16w\" sizes=\"auto, (max-width: 720px) 100vw, 720px\" \/><figcaption class=\"wp-element-caption\">m\u00e1quina sembradora de man\u00ed<\/figcaption><\/figure>    <figure class=\"wp-block-image size-large\"><img loading=\"lazy\" decoding=\"async\" width=\"720\" height=\"540\" data-id=\"608\" src=\"https:\/\/bestpeanutmachine.com\/wp-content\/uploads\/2025\/11\/peanut-planter-in-stock.webp\" alt=\"Sembradora de cacahuetes en stock\" class=\"wp-image-608\" srcset=\"https:\/\/bestpeanutmachine.com\/wp-content\/uploads\/2025\/11\/peanut-planter-in-stock.webp 720w, https:\/\/bestpeanutmachine.com\/wp-content\/uploads\/2025\/11\/peanut-planter-in-stock-300x225.webp 300w, https:\/\/bestpeanutmachine.com\/wp-content\/uploads\/2025\/11\/peanut-planter-in-stock-16x12.webp 16w\" sizes=\"auto, (max-width: 720px) 100vw, 720px\" \/><figcaption class=\"wp-element-caption\">Sembradora de cacahuetes en stock<\/figcaption><\/figure>    <figure class=\"wp-block-image size-large\"><img loading=\"lazy\" decoding=\"async\" width=\"720\" height=\"540\" data-id=\"607\" src=\"https:\/\/bestpeanutmachine.com\/wp-content\/uploads\/2025\/11\/peanut-planting-machine-to-Denmark.webp\" alt=\"m\u00e1quina sembradora de cacahuetes para Dinamarca\" class=\"wp-image-607\" srcset=\"https:\/\/bestpeanutmachine.com\/wp-content\/uploads\/2025\/11\/peanut-planting-machine-to-Denmark.webp 720w, https:\/\/bestpeanutmachine.com\/wp-content\/uploads\/2025\/11\/peanut-planting-machine-to-Denmark-300x225.webp 300w, https:\/\/bestpeanutmachine.com\/wp-content\/uploads\/2025\/11\/peanut-planting-machine-to-Denmark-16x12.webp 16w\" sizes=\"auto, (max-width: 720px) 100vw, 720px\" \/><figcaption class=\"wp-element-caption\">m\u00e1quina sembradora de cacahuetes para Dinamarca<\/figcaption><\/figure>    <figure class=\"wp-block-image size-large\"><img loading=\"lazy\" decoding=\"async\" width=\"720\" height=\"540\" data-id=\"609\" src=\"https:\/\/bestpeanutmachine.com\/wp-content\/uploads\/2025\/11\/peanut-seeder-with-wooden-packaging.webp\" alt=\"sembradora de cacahuetes con embalaje de madera\" class=\"wp-image-609\" srcset=\"https:\/\/bestpeanutmachine.com\/wp-content\/uploads\/2025\/11\/peanut-seeder-with-wooden-packaging.webp 720w, https:\/\/bestpeanutmachine.com\/wp-content\/uploads\/2025\/11\/peanut-seeder-with-wooden-packaging-300x225.webp 300w, https:\/\/bestpeanutmachine.com\/wp-content\/uploads\/2025\/11\/peanut-seeder-with-wooden-packaging-16x12.webp 16w\" sizes=\"auto, (max-width: 720px) 100vw, 720px\" \/><figcaption class=\"wp-element-caption\">sembradora de cacahuetes con embalaje de madera<\/figcaption><\/figure> <\/figure>    <p>Como f\u00e1brica proveedora que ha exportado maquinaria agr\u00edcola durante m\u00e1s de una d\u00e9cada, Taizy no solo le ofrece productos con precios transparentes, sino tambi\u00e9n servicios integrales sin preocupaciones, incluyendo transporte personalizado y despacho de aduanas.<\/p>    <p>Si tiene alguna solicitud, por favor cons\u00faltenos.<\/p>    <p>Adem\u00e1s de esta m\u00e1quina, tambi\u00e9n ofrecemos:<\/p>    <ul class=\"wp-block-list\"> <li><a href=\"https:\/\/bestpeanutmachine.com\/es\/product\/peanut-digger-machine\/\">M\u00e1quina excavadora de cacahuetes<\/a><\/li>    <li><a href=\"https:\/\/bestpeanutmachine.com\/es\/product\/peanut-picker-machine\/\">M\u00e1quina recolectora de man\u00ed<\/a><\/li>    <li><a href=\"https:\/\/bestpeanutmachine.com\/es\/product\/peanut-shelling-machine\/\">M\u00e1quina descascaradora de man\u00ed<\/a><\/li> <\/ul>","protected":false},"excerpt":{"rendered":"<p>This high-efficiency peanut planter is suitable for 20-70 horsepower tractors, supporting 2-6 row planting with adjustable planting depth and row spacing, and a planting rate of up to 1.5 acres per hour.<\/p>","protected":false},"author":1,"featured_media":597,"parent":0,"template":"","tags":[12,11],"product-type":[69,6],"class_list":["post-596","product","type-product","status-publish","has-post-thumbnail","hentry","tag-groundnut","tag-peanut","product-type-peanut-machine","product-type-product"],"_links":{"self":[{"href":"https:\/\/bestpeanutmachine.com\/es\/wp-json\/wp\/v2\/product\/596","targetHints":{"allow":["GET"]}}],"collection":[{"href":"https:\/\/bestpeanutmachine.com\/es\/wp-json\/wp\/v2\/product"}],"about":[{"href":"https:\/\/bestpeanutmachine.com\/es\/wp-json\/wp\/v2\/types\/product"}],"author":[{"embeddable":true,"href":"https:\/\/bestpeanutmachine.com\/es\/wp-json\/wp\/v2\/users\/1"}],"wp:featuredmedia":[{"embeddable":true,"href":"https:\/\/bestpeanutmachine.com\/es\/wp-json\/wp\/v2\/media\/597"}],"wp:attachment":[{"href":"https:\/\/bestpeanutmachine.com\/es\/wp-json\/wp\/v2\/media?parent=596"}],"wp:term":[{"taxonomy":"post_tag","embeddable":true,"href":"https:\/\/bestpeanutmachine.com\/es\/wp-json\/wp\/v2\/tags?post=596"},{"taxonomy":"product-type","embeddable":true,"href":"https:\/\/bestpeanutmachine.com\/es\/wp-json\/wp\/v2\/product-type?post=596"}],"curies":[{"name":"wp","href":"https:\/\/api.w.org\/{rel}","templated":true}]}}