{"id":611,"date":"2025-11-26T15:13:59","date_gmt":"2025-11-26T07:13:59","guid":{"rendered":"https:\/\/bestpeanutmachine.com\/?post_type=product&#038;p=611"},"modified":"2025-11-26T16:53:49","modified_gmt":"2025-11-26T08:53:49","slug":"fresh-cocoa-pod-breaking-machine","status":"publish","type":"product","link":"https:\/\/bestpeanutmachine.com\/es\/product\/fresh-cocoa-pod-breaking-machine\/","title":{"rendered":"M\u00e1quina de ruptura de vainas de cacao fresca para el preprocesamiento de granos de cacao"},"content":{"rendered":"<p class=\"translation-block\">Esta <strong>m\u00e1quina de rotura de vainas de cacao<\/strong> consta de un cortador de vainas de cacao fresco y un separador de c\u00e1scaras de vainas de cacao, formando una l\u00ednea de producci\u00f3n completa de procesamiento de vainas de cacao. Divide autom\u00e1ticamente vainas de cacao frescas, separando las vainas de los granos, representando el primer paso en el preprocesamiento del cacao.<\/p>    <p>Nuestro equipo de apertura de vainas de cacao puede procesar de 300 a 1000 kg\/h de vainas de cacao utilizando materiales en contacto de grado alimentario (acero inoxidable 304), lo cual es ideal para el preprocesamiento de granos de cacao de regiones productoras en \u00c1frica, Sudeste Asi\u00e1tico y Am\u00e9rica del Sur.<\/p>    <figure class=\"wp-block-embed aligncenter is-type-video is-provider-youtube wp-block-embed-youtube wp-embed-aspect-16-9 wp-has-aspect-ratio\"><div class=\"wp-block-embed__wrapper\"> <iframe loading=\"lazy\" title=\"\ud83c\udf6bM\u00e1quina de rotura de vainas de cacao Contacto 8617703863868 o Correo: info@bestpeanutmachine.com\" width=\"500\" height=\"281\" src=\"https:\/\/www.youtube.com\/embed\/uf6JMPvDcXw?feature=oembed\" frameborder=\"0\" allow=\"accelerometer; autoplay; clipboard-write; encrypted-media; gyroscope; picture-in-picture; web-share\" referrerpolicy=\"strict-origin-when-cross-origin\" allowfullscreen><\/iframe> <\/div><figcaption class=\"wp-element-caption\">Video de trabajo de la roturadora de vainas de cacao<\/figcaption><\/figure>    <h2 class=\"wp-block-heading\"><strong>Ventajas de la m\u00e1quina de rotura de vainas de cacao<\/strong><\/h2>    <ul class=\"wp-block-list\"> <li>Nuestra m\u00e1quina de rotura de vainas de cacao asegura que los granos de cacao permanezcan intactos durante todo el proceso de separaci\u00f3n, minimizando la rotura de granos y preservando la calidad del grano para una fermentaci\u00f3n exitosa. Es ideal para producir productos de cacao de alta calidad.<\/li>    <li>The cocoa pod crusher is constructed from food-grade stainless steel in all critical contact areas, ensuring the highest hygiene standards. This stainless steel is not only easy to clean but also corrosion-resistant, greatly extending the machine&#8217;s lifespan.<\/li>    <li>Esta m\u00e1quina de descascarado de vainas de cacao ofrece varias opciones de capacidad, que van desde 300 kg\/h hasta 1000 kg\/h, para satisfacer las necesidades de producci\u00f3n de cacao en peque\u00f1a y gran escala.<\/li>    <li>Equipado con una cinta transportadora, se integra perfectamente con otros equipos de la l\u00ednea de producci\u00f3n de cacao, garantizando un flujo de trabajo estable, mejorando la productividad general de las fincas y centros de procesamiento de cacao, y reduciendo los costos laborales.<\/li> <\/ul>    <figure class=\"wp-block-gallery has-nested-images columns-2 is-cropped wp-block-gallery-2 is-layout-flex wp-block-gallery-is-layout-flex\"> <figure class=\"wp-block-image size-large\"><img loading=\"lazy\" decoding=\"async\" width=\"720\" height=\"540\" data-id=\"613\" src=\"https:\/\/bestpeanutmachine.com\/wp-content\/uploads\/2025\/11\/cocoa-bean-separator.webp\" alt=\"Separador de granos de cacao\" class=\"wp-image-613\" srcset=\"https:\/\/bestpeanutmachine.com\/wp-content\/uploads\/2025\/11\/cocoa-bean-separator.webp 720w, https:\/\/bestpeanutmachine.com\/wp-content\/uploads\/2025\/11\/cocoa-bean-separator-300x225.webp 300w, https:\/\/bestpeanutmachine.com\/wp-content\/uploads\/2025\/11\/cocoa-bean-separator-16x12.webp 16w\" sizes=\"auto, (max-width: 720px) 100vw, 720px\" \/><figcaption class=\"wp-element-caption\">Separador de granos de cacao<\/figcaption><\/figure>    <figure class=\"wp-block-image size-large\"><img loading=\"lazy\" decoding=\"async\" width=\"720\" height=\"540\" data-id=\"614\" src=\"https:\/\/bestpeanutmachine.com\/wp-content\/uploads\/2025\/11\/cocoa-pod-breaker.webp\" alt=\"Roturadora de vainas de cacao\" class=\"wp-image-614\" srcset=\"https:\/\/bestpeanutmachine.com\/wp-content\/uploads\/2025\/11\/cocoa-pod-breaker.webp 720w, https:\/\/bestpeanutmachine.com\/wp-content\/uploads\/2025\/11\/cocoa-pod-breaker-300x225.webp 300w, https:\/\/bestpeanutmachine.com\/wp-content\/uploads\/2025\/11\/cocoa-pod-breaker-16x12.webp 16w\" sizes=\"auto, (max-width: 720px) 100vw, 720px\" \/><figcaption class=\"wp-element-caption\">Roturadora de vainas de cacao<\/figcaption><\/figure>    <figure class=\"wp-block-image size-large\"><img loading=\"lazy\" decoding=\"async\" width=\"720\" height=\"540\" data-id=\"615\" src=\"https:\/\/bestpeanutmachine.com\/wp-content\/uploads\/2025\/11\/cocoa-pod-open-equipment.webp\" alt=\"Equipo de apertura de vainas de cacao\" class=\"wp-image-615\" srcset=\"https:\/\/bestpeanutmachine.com\/wp-content\/uploads\/2025\/11\/cocoa-pod-open-equipment.webp 720w, https:\/\/bestpeanutmachine.com\/wp-content\/uploads\/2025\/11\/cocoa-pod-open-equipment-300x225.webp 300w, https:\/\/bestpeanutmachine.com\/wp-content\/uploads\/2025\/11\/cocoa-pod-open-equipment-16x12.webp 16w\" sizes=\"auto, (max-width: 720px) 100vw, 720px\" \/><figcaption class=\"wp-element-caption\">Equipo de apertura de vainas de cacao<\/figcaption><\/figure>    <figure class=\"wp-block-image size-large\"><img loading=\"lazy\" decoding=\"async\" width=\"720\" height=\"540\" data-id=\"616\" src=\"https:\/\/bestpeanutmachine.com\/wp-content\/uploads\/2025\/11\/cocoa-pod-opening-machine.webp\" alt=\"M\u00e1quina de apertura de vainas de cacao\" class=\"wp-image-616\" srcset=\"https:\/\/bestpeanutmachine.com\/wp-content\/uploads\/2025\/11\/cocoa-pod-opening-machine.webp 720w, https:\/\/bestpeanutmachine.com\/wp-content\/uploads\/2025\/11\/cocoa-pod-opening-machine-300x225.webp 300w, https:\/\/bestpeanutmachine.com\/wp-content\/uploads\/2025\/11\/cocoa-pod-opening-machine-16x12.webp 16w\" sizes=\"auto, (max-width: 720px) 100vw, 720px\" \/><figcaption class=\"wp-element-caption\">M\u00e1quina de apertura de vainas de cacao<\/figcaption><\/figure> <\/figure>    <h2 class=\"wp-block-heading\"><strong>Composici\u00f3n del descascarador de vainas de cacao<\/strong><\/h2>    <p>Esta l\u00ednea de producci\u00f3n de separaci\u00f3n de vainas de cacao consta de dos m\u00e1quinas principales: un cortador de vainas de cacao fresco y un separador de c\u00e1scaras de vainas de cacao. <\/p>    <h3 class=\"wp-block-heading\"><strong>Cortador de divisi\u00f3n de vainas de cacao<\/strong><\/h3>    <p>Esta m\u00e1quina de descascarado de vainas de cacao corta las vainas de cacao frescas en dos hemisferios limpios, reemplazando el lento y laborioso proceso manual de apertura. Su mecanismo de corte controlado garantiza da\u00f1os m\u00ednimos en los granos, tama\u00f1os de corte consistentes y mayor recuperaci\u00f3n de granos enteros de cacao.<\/p>   <div class=\"wp-block-image\"> <figure class=\"aligncenter size-full\"><img loading=\"lazy\" decoding=\"async\" width=\"720\" height=\"540\" src=\"https:\/\/bestpeanutmachine.com\/wp-content\/uploads\/2025\/11\/cocoa-pod-cutting-part.webp\" alt=\"Parte de corte de vainas de cacao\" class=\"wp-image-621\" srcset=\"https:\/\/bestpeanutmachine.com\/wp-content\/uploads\/2025\/11\/cocoa-pod-cutting-part.webp 720w, https:\/\/bestpeanutmachine.com\/wp-content\/uploads\/2025\/11\/cocoa-pod-cutting-part-300x225.webp 300w, https:\/\/bestpeanutmachine.com\/wp-content\/uploads\/2025\/11\/cocoa-pod-cutting-part-16x12.webp 16w\" sizes=\"auto, (max-width: 720px) 100vw, 720px\" \/><figcaption class=\"wp-element-caption\">Parte de corte de vainas de cacao<\/figcaption><\/figure> <\/div>   <h3 class=\"wp-block-heading\"><strong>Separador de c\u00e1scara y granos de cacao<\/strong><\/h3>    <p>Despu\u00e9s de dividir, el separador utiliza tambores giratorios y un sistema de vibraci\u00f3n para separar r\u00e1pidamente los granos de las c\u00e1scaras rotas de las vainas. Las superficies de contacto de acero inoxidable especiales garantizan un proceso higi\u00e9nico y reducen la contaminaci\u00f3n, manteniendo la integridad de los granos para su uso directo en la fermentaci\u00f3n.<\/p>   <div class=\"wp-block-image\"> <figure class=\"aligncenter size-full\"><img loading=\"lazy\" decoding=\"async\" width=\"720\" height=\"540\" src=\"https:\/\/bestpeanutmachine.com\/wp-content\/uploads\/2025\/11\/cocoa-husk-and-bean-separating-part.webp\" alt=\"Parte de separaci\u00f3n de c\u00e1scara y grano de cacao\" class=\"wp-image-622\" srcset=\"https:\/\/bestpeanutmachine.com\/wp-content\/uploads\/2025\/11\/cocoa-husk-and-bean-separating-part.webp 720w, https:\/\/bestpeanutmachine.com\/wp-content\/uploads\/2025\/11\/cocoa-husk-and-bean-separating-part-300x225.webp 300w, https:\/\/bestpeanutmachine.com\/wp-content\/uploads\/2025\/11\/cocoa-husk-and-bean-separating-part-16x12.webp 16w\" sizes=\"auto, (max-width: 720px) 100vw, 720px\" \/><figcaption class=\"wp-element-caption\">Parte de separaci\u00f3n de c\u00e1scara y grano de cacao<\/figcaption><\/figure> <\/div>   <p>Taizy&#8217;s integrated design of these cocoa pod breaking machines significantly improves production efficiency, reduces labor costs, and ensures high-quality cocoa bean production.<\/p>    <h2 class=\"wp-block-heading\"><strong>Dos modelos y sus especificaciones t\u00e9cnicas<\/strong><\/h2>    <h3 class=\"wp-block-heading\"><strong>M\u00e1quina de procesamiento de granos de cacao de 800\u20131000 kg\/h<\/strong><\/h3>    <figure class=\"wp-block-table\"><table><tbody><tr><td>M\u00e1quina<\/td><td class=\"has-text-align-center\" data-align=\"center\">M\u00e1quina de divisi\u00f3n de vainas de cacao<\/td><td class=\"has-text-align-center\" data-align=\"center\">Separador de c\u00e1scaras de granos de cacao<\/td><\/tr><tr><td>Capacidad<\/td><td class=\"has-text-align-center\" data-align=\"center\">300\u2013400 kg\/h<\/td><td class=\"has-text-align-center\" data-align=\"center\">300\u2013400 kg\/h<\/td><\/tr><tr><td>Fuerza<\/td><td class=\"has-text-align-center\" data-align=\"center\">0.75 kW<\/td><td class=\"has-text-align-center\" data-align=\"center\">1.1 kW<\/td><\/tr><tr><td>Voltaje<\/td><td class=\"has-text-align-center\" data-align=\"center\">380 V 50 Hz<\/td><td class=\"has-text-align-center\" data-align=\"center\">380 V 50 Hz<\/td><\/tr><tr><td>Dimensiones<\/td><td class=\"has-text-align-center\" data-align=\"center\">1.6*0.6*1.6 m<\/td><td class=\"has-text-align-center\" data-align=\"center\">2*1.3*1.7 m<\/td><\/tr><tr><td>Material<\/td><td class=\"has-text-align-center\" data-align=\"center\">Correa de acero inoxidable 201 y estructura de acero al carbono<\/td><td class=\"has-text-align-center\" data-align=\"center\">Tambor y tolva de acero inoxidable 201, estructura de acero al carbono<\/td><\/tr><tr><td>Peso<\/td><td class=\"has-text-align-center\" data-align=\"center\">150 kg<\/td><td class=\"has-text-align-center\" data-align=\"center\">180 kg<\/td><\/tr><\/tbody><\/table><figcaption class=\"wp-element-caption\">par\u00e1metros de una l\u00ednea de producci\u00f3n de procesamiento de vainas de cacao de peque\u00f1a capacidad<\/figcaption><\/figure>   <div class=\"wp-block-image\"> <figure class=\"aligncenter size-full\"><img loading=\"lazy\" decoding=\"async\" width=\"720\" height=\"540\" src=\"https:\/\/bestpeanutmachine.com\/wp-content\/uploads\/2025\/11\/cocoa-pod-and-beans-separating-machine.webp\" alt=\"M\u00e1quina de separaci\u00f3n de vainas y granos de cacao\" class=\"wp-image-617\" srcset=\"https:\/\/bestpeanutmachine.com\/wp-content\/uploads\/2025\/11\/cocoa-pod-and-beans-separating-machine.webp 720w, https:\/\/bestpeanutmachine.com\/wp-content\/uploads\/2025\/11\/cocoa-pod-and-beans-separating-machine-300x225.webp 300w, https:\/\/bestpeanutmachine.com\/wp-content\/uploads\/2025\/11\/cocoa-pod-and-beans-separating-machine-16x12.webp 16w\" sizes=\"auto, (max-width: 720px) 100vw, 720px\" \/><figcaption class=\"wp-element-caption\">M\u00e1quina de separaci\u00f3n de vainas y granos de cacao<\/figcaption><\/figure> <\/div>   <h3 class=\"wp-block-heading\"><strong>M\u00e1quina de rotura de vainas de cacao de 300\u2013400 kg\/h<\/strong><\/h3>    <figure class=\"wp-block-table\"><table><tbody><tr><td>M\u00e1quina<\/td><td class=\"has-text-align-center\" data-align=\"center\">M\u00e1quina de divisi\u00f3n de vainas de cacao<\/td><td class=\"has-text-align-center\" data-align=\"center\">Separador de c\u00e1scaras de granos de cacao<\/td><\/tr><tr><td>Capacidad<\/td><td class=\"has-text-align-center\" data-align=\"center\">800-1000 kg\/h<\/td><td class=\"has-text-align-center\" data-align=\"center\">800-1000 kg\/h<\/td><\/tr><tr><td>Fuerza<\/td><td class=\"has-text-align-center\" data-align=\"center\">0.75 kW<\/td><td class=\"has-text-align-center\" data-align=\"center\">1.1 kW<\/td><\/tr><tr><td>Voltaje<\/td><td class=\"has-text-align-center\" data-align=\"center\">380 V 50 Hz<\/td><td class=\"has-text-align-center\" data-align=\"center\">380 V 50 Hz<\/td><\/tr><tr><td>Dimensiones<\/td><td class=\"has-text-align-center\" data-align=\"center\">1.6*0.6*2 m<\/td><td class=\"has-text-align-center\" data-align=\"center\">2.8*1.1*2.2 m<\/td><\/tr><tr><td>Material<\/td><td class=\"has-text-align-center\" data-align=\"center\">Acero al carbono<\/td><td class=\"has-text-align-center\" data-align=\"center\">Estructura de acero inoxidable en contacto con alimentos y acero al carbono<\/td><\/tr><tr><td>Peso<\/td><td class=\"has-text-align-center\" data-align=\"center\">160 kg<\/td><td class=\"has-text-align-center\" data-align=\"center\">380 kg<\/td><\/tr><\/tbody><\/table><figcaption class=\"wp-element-caption\">par\u00e1metros de la l\u00ednea de producci\u00f3n de separaci\u00f3n de vainas de cacao de gran capacidad<\/figcaption><\/figure>   <div class=\"wp-block-image\"> <figure class=\"aligncenter size-full\"><img loading=\"lazy\" decoding=\"async\" width=\"720\" height=\"540\" src=\"https:\/\/bestpeanutmachine.com\/wp-content\/uploads\/2025\/11\/cocoa-pod-splitting-machine.webp\" alt=\"M\u00e1quina de divisi\u00f3n de vainas de cacao\" class=\"wp-image-618\" srcset=\"https:\/\/bestpeanutmachine.com\/wp-content\/uploads\/2025\/11\/cocoa-pod-splitting-machine.webp 720w, https:\/\/bestpeanutmachine.com\/wp-content\/uploads\/2025\/11\/cocoa-pod-splitting-machine-300x225.webp 300w, https:\/\/bestpeanutmachine.com\/wp-content\/uploads\/2025\/11\/cocoa-pod-splitting-machine-16x12.webp 16w\" sizes=\"auto, (max-width: 720px) 100vw, 720px\" \/><figcaption class=\"wp-element-caption\">M\u00e1quina de divisi\u00f3n de vainas de cacao<\/figcaption><\/figure> <\/div>   <h2 class=\"wp-block-heading\"><strong>Aplicaciones de esta m\u00e1quina de rotura de vainas de cacao<\/strong><\/h2>    <p>Esta m\u00e1quina se utiliza principalmente para el preprocesamiento de granos de cacao. Para las cooperativas de plantaciones de cacao, esta m\u00e1quina simplifica todo el flujo de procesamiento de vainas de cacao, permitiendo a los miembros de la cooperativa manejar lotes m\u00e1s grandes de granos de cacao con calidad constante.<\/p>    <p>Para los productores de cacao que buscan ampliar la producci\u00f3n, la m\u00e1quina de rotura de vainas de cacao es una herramienta importante para aumentar la capacidad de procesamiento sin afectar la calidad. Con la creciente demanda de cacao, esta m\u00e1quina permite a los productores ampliar la producci\u00f3n sin aumentar significativamente su fuerza laboral.<\/p>    <p>A medida que la demanda mundial de granos de cacao de alta calidad contin\u00faa creciendo, los productores necesitan garantizar que sus productos cumplan con los est\u00e1ndares internacionales. Esta m\u00e1quina ayuda a los productores a mantener una ventaja competitiva mejorando la calidad del cacao, la velocidad de procesamiento y la eficiencia general.<\/p>    <figure class=\"wp-block-gallery has-nested-images columns-default is-cropped wp-block-gallery-3 is-layout-flex wp-block-gallery-is-layout-flex\"> <figure class=\"wp-block-image size-large\"><img loading=\"lazy\" decoding=\"async\" width=\"720\" height=\"540\" data-id=\"624\" src=\"https:\/\/bestpeanutmachine.com\/wp-content\/uploads\/2025\/11\/cocoa-harvest-in-rural-areas.webp\" alt=\"Cosecha de cacao en zonas rurales\" class=\"wp-image-624\" srcset=\"https:\/\/bestpeanutmachine.com\/wp-content\/uploads\/2025\/11\/cocoa-harvest-in-rural-areas.webp 720w, https:\/\/bestpeanutmachine.com\/wp-content\/uploads\/2025\/11\/cocoa-harvest-in-rural-areas-300x225.webp 300w, https:\/\/bestpeanutmachine.com\/wp-content\/uploads\/2025\/11\/cocoa-harvest-in-rural-areas-16x12.webp 16w\" sizes=\"auto, (max-width: 720px) 100vw, 720px\" \/><figcaption class=\"wp-element-caption\">Cosecha de cacao en zonas rurales<\/figcaption><\/figure>    <figure class=\"wp-block-image size-large\"><img loading=\"lazy\" decoding=\"async\" width=\"720\" height=\"540\" data-id=\"623\" src=\"https:\/\/bestpeanutmachine.com\/wp-content\/uploads\/2025\/11\/artificial-opening-of-cocoa-pods.webp\" alt=\"Apertura artificial de vainas de cacao\" class=\"wp-image-623\" srcset=\"https:\/\/bestpeanutmachine.com\/wp-content\/uploads\/2025\/11\/artificial-opening-of-cocoa-pods.webp 720w, https:\/\/bestpeanutmachine.com\/wp-content\/uploads\/2025\/11\/artificial-opening-of-cocoa-pods-300x225.webp 300w, https:\/\/bestpeanutmachine.com\/wp-content\/uploads\/2025\/11\/artificial-opening-of-cocoa-pods-16x12.webp 16w\" sizes=\"auto, (max-width: 720px) 100vw, 720px\" \/><figcaption class=\"wp-element-caption\">Apertura artificial de vainas de cacao<\/figcaption><\/figure> <\/figure>    <h2 class=\"wp-block-heading\"><strong>Casos de \u00e9xito<\/strong><\/h2>    <p>Nuestro cliente es una cooperativa de cacao ubicada en Ghana. La cooperativa trabaja con m\u00e1s de 200 peque\u00f1os agricultores que producen granos de cacao de alta calidad, pero han tenido dificultades con la lentitud en el procesamiento y los altos costos laborales. <\/p>    <p>Los m\u00e9todos tradicionales de trituraci\u00f3n de vainas y separaci\u00f3n de granos de cacao dificultan cada vez m\u00e1s mantener la calidad del producto y satisfacer la creciente demanda de exportaci\u00f3n de cacao. Para mejorar la calidad del producto y asegurar el mejor precio de compra, decidieron invertir en una l\u00ednea de producci\u00f3n de m\u00e1quinas de rotura de vainas de cacao.<\/p>    <p>After transportation, the machines were installed in the cooperative&#8217;s central processing center. With Taizy&#8217;s assistance, the cocoa bean production team received comprehensive equipment operation training and developed a regular maintenance plan to ensure the long-term reliability of the equipment.<\/p>    <figure class=\"wp-block-gallery has-nested-images columns-default is-cropped wp-block-gallery-4 is-layout-flex wp-block-gallery-is-layout-flex\"> <figure class=\"wp-block-image size-large\"><img loading=\"lazy\" decoding=\"async\" width=\"720\" height=\"540\" data-id=\"620\" src=\"https:\/\/bestpeanutmachine.com\/wp-content\/uploads\/2025\/11\/cocoa-husk-splitting-machine-packaging.webp\" alt=\"embalaje de la m\u00e1quina de divisi\u00f3n de c\u00e1scaras de cacao\" class=\"wp-image-620\" srcset=\"https:\/\/bestpeanutmachine.com\/wp-content\/uploads\/2025\/11\/cocoa-husk-splitting-machine-packaging.webp 720w, https:\/\/bestpeanutmachine.com\/wp-content\/uploads\/2025\/11\/cocoa-husk-splitting-machine-packaging-300x225.webp 300w, https:\/\/bestpeanutmachine.com\/wp-content\/uploads\/2025\/11\/cocoa-husk-splitting-machine-packaging-16x12.webp 16w\" sizes=\"auto, (max-width: 720px) 100vw, 720px\" \/><figcaption class=\"wp-element-caption\">embalaje de la m\u00e1quina de divisi\u00f3n de c\u00e1scaras de cacao<\/figcaption><\/figure>    <figure class=\"wp-block-image size-large\"><img loading=\"lazy\" decoding=\"async\" width=\"720\" height=\"540\" data-id=\"619\" src=\"https:\/\/bestpeanutmachine.com\/wp-content\/uploads\/2025\/11\/cocoa-pod-husker.webp\" alt=\"C\u00e1scara de vainas de cacao\" class=\"wp-image-619\" srcset=\"https:\/\/bestpeanutmachine.com\/wp-content\/uploads\/2025\/11\/cocoa-pod-husker.webp 720w, https:\/\/bestpeanutmachine.com\/wp-content\/uploads\/2025\/11\/cocoa-pod-husker-300x225.webp 300w, https:\/\/bestpeanutmachine.com\/wp-content\/uploads\/2025\/11\/cocoa-pod-husker-16x12.webp 16w\" sizes=\"auto, (max-width: 720px) 100vw, 720px\" \/><figcaption class=\"wp-element-caption\">C\u00e1scara de vainas de cacao<\/figcaption><\/figure> <\/figure>    <p>&#8220;Since we installed the machines, our efficiency and quality have improved significantly. Processing time has been reduced. Our cocoa beans are cleaner and of better quality, and we are now able to sell our products at higher prices, which means a lot to our cooperative.&#8221;<\/p>    <figure class=\"wp-block-embed is-type-video is-provider-youtube wp-block-embed-youtube wp-embed-aspect-9-16 wp-has-aspect-ratio\"><div class=\"wp-block-embed__wrapper\"> <iframe loading=\"lazy\" title=\"Revisi\u00f3n de la m\u00e1quina de rotura de vainas de cacao \u2013 \u00a1Apertura de vainas m\u00e1s r\u00e1pida, granos m\u00e1s limpios!Cont\u00e1ctame:  8617703863868\" width=\"422\" height=\"750\" src=\"https:\/\/www.youtube.com\/embed\/HzpWgfV9JHU?feature=oembed\" frameborder=\"0\" allow=\"accelerometer; autoplay; clipboard-write; encrypted-media; gyroscope; picture-in-picture; web-share\" referrerpolicy=\"strict-origin-when-cross-origin\" allowfullscreen><\/iframe> <\/div><figcaption class=\"wp-element-caption\">Video de retroalimentaci\u00f3n del cliente<\/figcaption><\/figure>    <p>This good feedback has become the power that encourages Taizy to launch more products that facilitate food processing. Helping customers achieve better production results is Taizy&#8217;s eternal pursuit. If you have any questions, please contact us.<\/p>    <p>Adem\u00e1s de esta m\u00e1quina, mi madre tambi\u00e9n proporciona otras m\u00e1quinas y l\u00edneas de producci\u00f3n de granos de cacao: <\/p>    <ul class=\"wp-block-list\"> <li><a href=\"https:\/\/bestpeanutmachine.com\/es\/product\/cocoa-bean-peeling-machine\/\">M\u00e1quina de peeling de grano de cacao<\/a><\/li>    <li><a href=\"https:\/\/bestpeanutmachine.com\/es\/product\/2t-cocoa-paste-production-line\/\">L\u00ednea de producci\u00f3n de pasta de cacao 2t<\/a><\/li> <\/ul>","protected":false},"excerpt":{"rendered":"<p>This automated cocoa pod breaking machine improves your cocoa pod processing efficiency. Designed specifically for fresh cocoa pods, it ensures clean and undamaged cocoa beans, reduces labor costs, and supports continuous production in farms and factories.<\/p>","protected":false},"author":1,"featured_media":612,"parent":0,"template":"","tags":[80],"product-type":[76,6],"class_list":["post-611","product","type-product","status-publish","has-post-thumbnail","hentry","tag-cocoa","product-type-other-nuts-machine","product-type-product"],"_links":{"self":[{"href":"https:\/\/bestpeanutmachine.com\/es\/wp-json\/wp\/v2\/product\/611","targetHints":{"allow":["GET"]}}],"collection":[{"href":"https:\/\/bestpeanutmachine.com\/es\/wp-json\/wp\/v2\/product"}],"about":[{"href":"https:\/\/bestpeanutmachine.com\/es\/wp-json\/wp\/v2\/types\/product"}],"author":[{"embeddable":true,"href":"https:\/\/bestpeanutmachine.com\/es\/wp-json\/wp\/v2\/users\/1"}],"wp:featuredmedia":[{"embeddable":true,"href":"https:\/\/bestpeanutmachine.com\/es\/wp-json\/wp\/v2\/media\/612"}],"wp:attachment":[{"href":"https:\/\/bestpeanutmachine.com\/es\/wp-json\/wp\/v2\/media?parent=611"}],"wp:term":[{"taxonomy":"post_tag","embeddable":true,"href":"https:\/\/bestpeanutmachine.com\/es\/wp-json\/wp\/v2\/tags?post=611"},{"taxonomy":"product-type","embeddable":true,"href":"https:\/\/bestpeanutmachine.com\/es\/wp-json\/wp\/v2\/product-type?post=611"}],"curies":[{"name":"wp","href":"https:\/\/api.w.org\/{rel}","templated":true}]}}