{"id":654,"date":"2025-12-01T16:39:28","date_gmt":"2025-12-01T08:39:28","guid":{"rendered":"https:\/\/bestpeanutmachine.com\/?post_type=product&#038;p=654"},"modified":"2025-12-01T17:38:44","modified_gmt":"2025-12-01T09:38:44","slug":"peanut-cutting-machine","status":"publish","type":"product","link":"https:\/\/bestpeanutmachine.com\/es\/product\/peanut-cutting-machine\/","title":{"rendered":"M\u00e1quina para cortar cacahuetes para picar frutos secos"},"content":{"rendered":"<p class=\"translation-block\">Este <strong>m\u00e1quina cortadora de cacahuetes<\/strong> est\u00e1 dise\u00f1ada para producir gr\u00e1nulos de tama\u00f1o uniforme de cacahuetes, anacardos y otros frutos secos, con una capacidad de hasta 200-300 kg\/h. Su producci\u00f3n constante y productos terminados de alta calidad la convierten en una opci\u00f3n ideal para las industrias de panader\u00eda, confiter\u00eda, snacks y procesamiento de alimentos.<\/p>    <figure class=\"wp-block-embed aligncenter is-type-video is-provider-youtube wp-block-embed-youtube wp-embed-aspect-16-9 wp-has-aspect-ratio\"><div class=\"wp-block-embed__wrapper\"> <iframe loading=\"lazy\" title=\"Avanzada m\u00e1quina cortadora de cacahuetes de 200-300 kg\/h para gr\u00e1nulos uniformes Contacto 8617703863868\" width=\"500\" height=\"281\" src=\"https:\/\/www.youtube.com\/embed\/zHH7VbQoO38?feature=oembed\" frameborder=\"0\" allow=\"accelerometer; autoplay; clipboard-write; encrypted-media; gyroscope; picture-in-picture; web-share\" referrerpolicy=\"strict-origin-when-cross-origin\" allowfullscreen><\/iframe> <\/div><figcaption class=\"wp-element-caption\">video de trabajo de la cortadora de cacahuetes<\/figcaption><\/figure>    <h2 class=\"wp-block-heading\"><strong>Caracter\u00edsticas clave de una m\u00e1quina industrial cortadora de cacahuetes<\/strong><\/h2>    <ul class=\"wp-block-list\"> <li>Our badam cutting machine&#8217;s blade gap can be freely adjusted according to the size of the final product requirements. Only one machine can complete the production of multiple particle sizes, effectively reducing equipment purchase costs.<\/li>    <li>Despu\u00e9s de la mejora, nuestra estructura de triturado mejorada con bajo consumo de material y baja contaminaci\u00f3n por aceite puede reducir la proporci\u00f3n de polvo triturado al procesar cacahuetes y frutos secos, reduciendo as\u00ed la p\u00e9rdida de materia prima y aumentando las ganancias.<\/li>    <li>Este equipo de picado de frutos secos est\u00e1 equipado con una pantalla vibratoria de m\u00faltiples capas. Sus pantallas con diferentes tama\u00f1os de apertura pueden separar autom\u00e1ticamente las part\u00edculas que cumplen con las especificaciones, haciendo que el tama\u00f1o de las part\u00edculas sea m\u00e1s uniforme.<\/li> <\/ul>    <figure class=\"wp-block-gallery has-nested-images columns-default is-cropped wp-block-gallery-2 is-layout-flex wp-block-gallery-is-layout-flex\"> <figure class=\"wp-block-image size-large\"><img loading=\"lazy\" decoding=\"async\" width=\"540\" height=\"720\" data-id=\"683\" src=\"https:\/\/bestpeanutmachine.com\/wp-content\/uploads\/2025\/12\/groundnut-chopper-machine.webp\" alt=\"picadora de cacahuetes\" class=\"wp-image-683\" srcset=\"https:\/\/bestpeanutmachine.com\/wp-content\/uploads\/2025\/12\/groundnut-chopper-machine.webp 540w, https:\/\/bestpeanutmachine.com\/wp-content\/uploads\/2025\/12\/groundnut-chopper-machine-225x300.webp 225w, https:\/\/bestpeanutmachine.com\/wp-content\/uploads\/2025\/12\/groundnut-chopper-machine-9x12.webp 9w\" sizes=\"auto, (max-width: 540px) 100vw, 540px\" \/><figcaption class=\"wp-element-caption\">picadora de cacahuetes<\/figcaption><\/figure>    <figure class=\"wp-block-image size-large\"><img loading=\"lazy\" decoding=\"async\" width=\"540\" height=\"720\" data-id=\"682\" src=\"https:\/\/bestpeanutmachine.com\/wp-content\/uploads\/2025\/12\/badam-cutting-machine.webp\" alt=\"m\u00e1quina cortadora de badam\" class=\"wp-image-682\" srcset=\"https:\/\/bestpeanutmachine.com\/wp-content\/uploads\/2025\/12\/badam-cutting-machine.webp 540w, https:\/\/bestpeanutmachine.com\/wp-content\/uploads\/2025\/12\/badam-cutting-machine-225x300.webp 225w, https:\/\/bestpeanutmachine.com\/wp-content\/uploads\/2025\/12\/badam-cutting-machine-9x12.webp 9w\" sizes=\"auto, (max-width: 540px) 100vw, 540px\" \/><figcaption class=\"wp-element-caption\">m\u00e1quina cortadora de badam<\/figcaption><\/figure>    <figure class=\"wp-block-image size-large\"><img loading=\"lazy\" decoding=\"async\" width=\"540\" height=\"720\" data-id=\"684\" src=\"https:\/\/bestpeanutmachine.com\/wp-content\/uploads\/2025\/12\/groundnuts-cutting-machine.webp\" alt=\"m\u00e1quina cortadora de cacahuetes\" class=\"wp-image-684\" srcset=\"https:\/\/bestpeanutmachine.com\/wp-content\/uploads\/2025\/12\/groundnuts-cutting-machine.webp 540w, https:\/\/bestpeanutmachine.com\/wp-content\/uploads\/2025\/12\/groundnuts-cutting-machine-225x300.webp 225w, https:\/\/bestpeanutmachine.com\/wp-content\/uploads\/2025\/12\/groundnuts-cutting-machine-9x12.webp 9w\" sizes=\"auto, (max-width: 540px) 100vw, 540px\" \/><figcaption class=\"wp-element-caption\">m\u00e1quina cortadora de cacahuetes<\/figcaption><\/figure> <\/figure>    <h2 class=\"wp-block-heading\"><strong>Aplicaciones principales de la m\u00e1quina picadora de frutos secos<\/strong><\/h2>    <p>Besides peanuts, it can also cut walnuts, macadamia nuts, etc., which are widely used in the food industry as popular ingredients. Many bakeries use it as a topping for bread, a filling for cakes, and as a pastry filling. It not only enhances the taste and chewiness but also improves the product&#8217;s appearance.<\/p>    <p>Adem\u00e1s, tambi\u00e9n es un ingrediente indispensable en la producci\u00f3n de caramelos y snacks, as\u00ed como en acompa\u00f1amientos alimenticios. Tanto los paquetes de ingredientes premezclados utilizados en la producci\u00f3n de snacks como los ingredientes para mejorar el sabor procesados para uso en cocina requieren frutos secos picados como materia prima.<\/p>    <figure class=\"wp-block-gallery has-nested-images columns-2 is-cropped wp-block-gallery-3 is-layout-flex wp-block-gallery-is-layout-flex\"> <figure class=\"wp-block-image size-large\"><img loading=\"lazy\" decoding=\"async\" width=\"720\" height=\"540\" data-id=\"673\" src=\"https:\/\/bestpeanutmachine.com\/wp-content\/uploads\/2025\/12\/pistachio-crumbles.webp\" alt=\"trozos de pistacho\" class=\"wp-image-673\" srcset=\"https:\/\/bestpeanutmachine.com\/wp-content\/uploads\/2025\/12\/pistachio-crumbles.webp 720w, https:\/\/bestpeanutmachine.com\/wp-content\/uploads\/2025\/12\/pistachio-crumbles-300x225.webp 300w, https:\/\/bestpeanutmachine.com\/wp-content\/uploads\/2025\/12\/pistachio-crumbles-16x12.webp 16w\" sizes=\"auto, (max-width: 720px) 100vw, 720px\" \/><figcaption class=\"wp-element-caption\">trozos de pistacho<\/figcaption><\/figure>    <figure class=\"wp-block-image size-large\"><img loading=\"lazy\" decoding=\"async\" width=\"720\" height=\"540\" data-id=\"674\" src=\"https:\/\/bestpeanutmachine.com\/wp-content\/uploads\/2025\/12\/nut-crumbs-in-bread.webp\" alt=\"migas de frutos secos en pan\" class=\"wp-image-674\" srcset=\"https:\/\/bestpeanutmachine.com\/wp-content\/uploads\/2025\/12\/nut-crumbs-in-bread.webp 720w, https:\/\/bestpeanutmachine.com\/wp-content\/uploads\/2025\/12\/nut-crumbs-in-bread-300x225.webp 300w, https:\/\/bestpeanutmachine.com\/wp-content\/uploads\/2025\/12\/nut-crumbs-in-bread-16x12.webp 16w\" sizes=\"auto, (max-width: 720px) 100vw, 720px\" \/><figcaption class=\"wp-element-caption\">migas de frutos secos en pan<\/figcaption><\/figure>    <figure class=\"wp-block-image size-large\"><img loading=\"lazy\" decoding=\"async\" width=\"720\" height=\"540\" data-id=\"671\" src=\"https:\/\/bestpeanutmachine.com\/wp-content\/uploads\/2025\/12\/nut-chocolate-bars.webp\" alt=\"barra de chocolate de frutos secos\" class=\"wp-image-671\" srcset=\"https:\/\/bestpeanutmachine.com\/wp-content\/uploads\/2025\/12\/nut-chocolate-bars.webp 720w, https:\/\/bestpeanutmachine.com\/wp-content\/uploads\/2025\/12\/nut-chocolate-bars-300x225.webp 300w, https:\/\/bestpeanutmachine.com\/wp-content\/uploads\/2025\/12\/nut-chocolate-bars-16x12.webp 16w\" sizes=\"auto, (max-width: 720px) 100vw, 720px\" \/><figcaption class=\"wp-element-caption\">barra de chocolate de frutos secos<\/figcaption><\/figure>    <figure class=\"wp-block-image size-large\"><img loading=\"lazy\" decoding=\"async\" width=\"720\" height=\"540\" data-id=\"672\" src=\"https:\/\/bestpeanutmachine.com\/wp-content\/uploads\/2025\/12\/crushed-nuts-as-a-salad-topping.webp\" alt=\"frutos secos triturados como cobertura para ensaladas\" class=\"wp-image-672\" srcset=\"https:\/\/bestpeanutmachine.com\/wp-content\/uploads\/2025\/12\/crushed-nuts-as-a-salad-topping.webp 720w, https:\/\/bestpeanutmachine.com\/wp-content\/uploads\/2025\/12\/crushed-nuts-as-a-salad-topping-300x225.webp 300w, https:\/\/bestpeanutmachine.com\/wp-content\/uploads\/2025\/12\/crushed-nuts-as-a-salad-topping-16x12.webp 16w\" sizes=\"auto, (max-width: 720px) 100vw, 720px\" \/><figcaption class=\"wp-element-caption\">frutos secos triturados como cobertura para ensaladas<\/figcaption><\/figure> <\/figure>    <h2 class=\"wp-block-heading\"><strong>\u00bfC\u00f3mo funciona la m\u00e1quina cortadora de cacahuetes?<\/strong><\/h2>    <p>La m\u00e1quina cortadora de cacahuetes funciona mediante una combinaci\u00f3n de sistemas de alimentaci\u00f3n, corte y clasificaci\u00f3n. <\/p>    <p class=\"translation-block\"><strong>Paso 1: <\/strong>Antes de comenzar la operaci\u00f3n, verifique que todos los componentes del equipo funcionen correctamente y arranque la m\u00e1quina en el orden correcto: Inicie la pantalla vibratoria o la pantalla de clasificaci\u00f3n, luego inicie las cuchillas de corte. (Para apagar, invierta la secuencia.)<\/p>    <p class=\"translation-block\"><strong>Paso 2:<\/strong> Vierta el material preparado en la tolva. Ajuste la apertura de la compuerta de la tolva y la velocidad de la cinta de alimentaci\u00f3n para asegurar que la velocidad de alimentaci\u00f3n coincida correctamente con la velocidad de corte. (Una alimentaci\u00f3n uniforme resulta en una mejor consistencia de corte.)<\/p>    <p class=\"translation-block\"><strong>Paso 3:<\/strong> Despu\u00e9s del corte, los frutos secos procesados caen directamente en la pantalla de clasificaci\u00f3n. Las diferentes pantallas separan las part\u00edculas en m\u00faltiples grados de tama\u00f1o. Si desea un tama\u00f1o de part\u00edcula diferente, la placa de la pantalla puede cambiarse para satisfacer sus necesidades.<\/p>   <div class=\"wp-block-image\"> <figure class=\"aligncenter size-full\"><img loading=\"lazy\" decoding=\"async\" width=\"720\" height=\"540\" src=\"https:\/\/bestpeanutmachine.com\/wp-content\/uploads\/2025\/12\/best-machine-for-chopping-nut.webp\" alt=\"mejor m\u00e1quina para picar frutos secos\" class=\"wp-image-681\" srcset=\"https:\/\/bestpeanutmachine.com\/wp-content\/uploads\/2025\/12\/best-machine-for-chopping-nut.webp 720w, https:\/\/bestpeanutmachine.com\/wp-content\/uploads\/2025\/12\/best-machine-for-chopping-nut-300x225.webp 300w, https:\/\/bestpeanutmachine.com\/wp-content\/uploads\/2025\/12\/best-machine-for-chopping-nut-16x12.webp 16w\" sizes=\"auto, (max-width: 720px) 100vw, 720px\" \/><figcaption class=\"wp-element-caption\">mejor m\u00e1quina para picar frutos secos<\/figcaption><\/figure> <\/div>   <h2 class=\"wp-block-heading\"><strong>Modelos y par\u00e1metros de la m\u00e1quina picadora de cacahuetes<\/strong><\/h2>    <p>Ofrecemos dos modelos diferentes, cada uno con una estructura interna diferente. Adem\u00e1s, difieren significativamente en m\u00e9todos de corte, forma del producto terminado, alcance de aplicaci\u00f3n y costos de mantenimiento.<\/p>    <h3 class=\"wp-block-heading\"><strong>m\u00e1quina cortadora autom\u00e1tica de anacardos de hoja recta<\/strong><\/h3>    <p>Este granulador de cacahuetes utiliza una cuchilla recta de alta velocidad para cortar cacahuetes, logrando cortes limpios y n\u00facleos de forma m\u00e1s cuadrada. El efecto de granulometr\u00eda se controla mediante la nitidez de las cuchillas y su velocidad.<\/p>    <figure class=\"wp-block-table\"><table class=\"has-fixed-layout\"><tbody><tr><td>Capacidad<\/td><td>200\u2013300 kg\/h<\/td><\/tr><tr><td>Voltaje<\/td><td>380 V<\/td><\/tr><tr><td>Potencia total<\/td><td>2.25 kW<\/td><\/tr><tr><td>Frecuencia<\/td><td>50 Hz<\/td><\/tr><tr><td>Dimensiones<\/td><td>2250*1050*1400 mm<\/td><\/tr><tr><td>Peso<\/td><td>400 kg<\/td><\/tr><tr><td>Estructura de corte<\/td><td>Hojas de reciprocaci\u00f3n rectas<\/td><\/tr><\/tbody><\/table><figcaption class=\"wp-element-caption\">especificaciones de la m\u00e1quina cortadora autom\u00e1tica de anacardos de hoja recta<\/figcaption><\/figure>    <figure class=\"wp-block-gallery has-nested-images columns-2 is-cropped wp-block-gallery-4 is-layout-flex wp-block-gallery-is-layout-flex\"> <figure class=\"wp-block-image size-large\"><img loading=\"lazy\" decoding=\"async\" width=\"720\" height=\"540\" data-id=\"655\" src=\"https:\/\/bestpeanutmachine.com\/wp-content\/uploads\/2025\/12\/vertical-blade.webp\" alt=\"cuchilla vertical\" class=\"wp-image-655\" srcset=\"https:\/\/bestpeanutmachine.com\/wp-content\/uploads\/2025\/12\/vertical-blade.webp 720w, https:\/\/bestpeanutmachine.com\/wp-content\/uploads\/2025\/12\/vertical-blade-300x225.webp 300w, https:\/\/bestpeanutmachine.com\/wp-content\/uploads\/2025\/12\/vertical-blade-16x12.webp 16w\" sizes=\"auto, (max-width: 720px) 100vw, 720px\" \/><figcaption class=\"wp-element-caption\">cuchilla vertical<\/figcaption><\/figure>    <figure class=\"wp-block-image size-large\"><img loading=\"lazy\" decoding=\"async\" width=\"720\" height=\"540\" data-id=\"656\" src=\"https:\/\/bestpeanutmachine.com\/wp-content\/uploads\/2025\/12\/peanut-chopping-machine.webp\" alt=\"m\u00e1quina cortadora de cacahuetes de hoja recta\" class=\"wp-image-656\" srcset=\"https:\/\/bestpeanutmachine.com\/wp-content\/uploads\/2025\/12\/peanut-chopping-machine.webp 720w, https:\/\/bestpeanutmachine.com\/wp-content\/uploads\/2025\/12\/peanut-chopping-machine-300x225.webp 300w, https:\/\/bestpeanutmachine.com\/wp-content\/uploads\/2025\/12\/peanut-chopping-machine-16x12.webp 16w\" sizes=\"auto, (max-width: 720px) 100vw, 720px\" \/><figcaption class=\"wp-element-caption\">m\u00e1quina cortadora de cacahuetes de hoja recta<\/figcaption><\/figure>    <figure class=\"wp-block-image size-large\"><img loading=\"lazy\" decoding=\"async\" width=\"720\" height=\"540\" data-id=\"657\" src=\"https:\/\/bestpeanutmachine.com\/wp-content\/uploads\/2025\/12\/almond-cutter-machine.webp\" alt=\"m\u00e1quina cortadora de almendras de hoja recta\" class=\"wp-image-657\" srcset=\"https:\/\/bestpeanutmachine.com\/wp-content\/uploads\/2025\/12\/almond-cutter-machine.webp 720w, https:\/\/bestpeanutmachine.com\/wp-content\/uploads\/2025\/12\/almond-cutter-machine-300x225.webp 300w, https:\/\/bestpeanutmachine.com\/wp-content\/uploads\/2025\/12\/almond-cutter-machine-16x12.webp 16w\" sizes=\"auto, (max-width: 720px) 100vw, 720px\" \/><figcaption class=\"wp-element-caption\">m\u00e1quina cortadora de almendras de hoja recta<\/figcaption><\/figure>    <figure class=\"wp-block-image size-large\"><img loading=\"lazy\" decoding=\"async\" width=\"720\" height=\"540\" data-id=\"658\" src=\"https:\/\/bestpeanutmachine.com\/wp-content\/uploads\/2025\/12\/almond-chopping-machine.webp\" alt=\"m\u00e1quina cortadora de almendras de hoja recta\" class=\"wp-image-658\" srcset=\"https:\/\/bestpeanutmachine.com\/wp-content\/uploads\/2025\/12\/almond-chopping-machine.webp 720w, https:\/\/bestpeanutmachine.com\/wp-content\/uploads\/2025\/12\/almond-chopping-machine-300x225.webp 300w, https:\/\/bestpeanutmachine.com\/wp-content\/uploads\/2025\/12\/almond-chopping-machine-16x12.webp 16w\" sizes=\"auto, (max-width: 720px) 100vw, 720px\" \/><figcaption class=\"wp-element-caption\">m\u00e1quina cortadora de almendras de hoja recta<\/figcaption><\/figure> <\/figure>    <h3 class=\"wp-block-heading\"><strong>m\u00e1quina cortadora de cacahuetes de tipo rodillo-cortador<\/strong><\/h3>    <p>Las pellets de frutos secos de tipo rodillo se producen extruyendo y cortando frutos secos con m\u00faltiples juegos de rodillos. Las pellets son en su mayor\u00eda tridimensionales con una forma m\u00e1s natural.<\/p>    <figure class=\"wp-block-table\"><table class=\"has-fixed-layout\"><tbody><tr><td>Capacidad<\/td><td>200-300 kg\/h<\/td><\/tr><tr><td>Voltaje<\/td><td>380 V<\/td><\/tr><tr><td>Potencia total<\/td><td>0.93 kW<\/td><\/tr><tr><td>Frecuencia<\/td><td>50 Hz<\/td><\/tr><tr><td>Dimensiones<\/td><td>1600*800*1500 mm<\/td><\/tr><tr><td>Peso<\/td><td>300 kg<\/td><\/tr><tr><td>Estructura de corte<\/td><td>Sistema de corte de m\u00faltiples rodillos<\/td><\/tr><\/tbody><\/table><figcaption class=\"wp-element-caption\">par\u00e1metros de la cortadora de cacahuetes de tipo rodillo-cortador<\/figcaption><\/figure>    <figure class=\"wp-block-gallery has-nested-images columns-2 is-cropped wp-block-gallery-5 is-layout-flex wp-block-gallery-is-layout-flex\"> <figure class=\"wp-block-image size-large\"><img loading=\"lazy\" decoding=\"async\" width=\"720\" height=\"540\" data-id=\"661\" src=\"https:\/\/bestpeanutmachine.com\/wp-content\/uploads\/2025\/12\/multiple-rollers.webp\" alt=\"m\u00faltiples rodillos\" class=\"wp-image-661\" srcset=\"https:\/\/bestpeanutmachine.com\/wp-content\/uploads\/2025\/12\/multiple-rollers.webp 720w, https:\/\/bestpeanutmachine.com\/wp-content\/uploads\/2025\/12\/multiple-rollers-300x225.webp 300w, https:\/\/bestpeanutmachine.com\/wp-content\/uploads\/2025\/12\/multiple-rollers-16x12.webp 16w\" sizes=\"auto, (max-width: 720px) 100vw, 720px\" \/><figcaption class=\"wp-element-caption\">m\u00faltiples rodillos<\/figcaption><\/figure>    <figure class=\"wp-block-image size-large\"><img loading=\"lazy\" decoding=\"async\" width=\"720\" height=\"540\" data-id=\"659\" src=\"https:\/\/bestpeanutmachine.com\/wp-content\/uploads\/2025\/12\/automatic-cashew-cutting-machine.webp\" alt=\"m\u00e1quina cortadora autom\u00e1tica de anacardos de tipo rodillo-cortador\" class=\"wp-image-659\" srcset=\"https:\/\/bestpeanutmachine.com\/wp-content\/uploads\/2025\/12\/automatic-cashew-cutting-machine.webp 720w, https:\/\/bestpeanutmachine.com\/wp-content\/uploads\/2025\/12\/automatic-cashew-cutting-machine-300x225.webp 300w, https:\/\/bestpeanutmachine.com\/wp-content\/uploads\/2025\/12\/automatic-cashew-cutting-machine-16x12.webp 16w\" sizes=\"auto, (max-width: 720px) 100vw, 720px\" \/><figcaption class=\"wp-element-caption\">m\u00e1quina cortadora autom\u00e1tica de anacardos de tipo rodillo-cortador<\/figcaption><\/figure>    <figure class=\"wp-block-image size-large\"><img loading=\"lazy\" decoding=\"async\" width=\"720\" height=\"540\" data-id=\"660\" src=\"https:\/\/bestpeanutmachine.com\/wp-content\/uploads\/2025\/12\/groundnuts-cutter-machine.webp\" alt=\"m\u00e1quina cortadora de nueces de tipo rodillo-cortador\" class=\"wp-image-660\" srcset=\"https:\/\/bestpeanutmachine.com\/wp-content\/uploads\/2025\/12\/groundnuts-cutter-machine.webp 720w, https:\/\/bestpeanutmachine.com\/wp-content\/uploads\/2025\/12\/groundnuts-cutter-machine-300x225.webp 300w, https:\/\/bestpeanutmachine.com\/wp-content\/uploads\/2025\/12\/groundnuts-cutter-machine-16x12.webp 16w\" sizes=\"auto, (max-width: 720px) 100vw, 720px\" \/><figcaption class=\"wp-element-caption\">m\u00e1quina cortadora de cacahuetes de tipo rodillo-cortador<\/figcaption><\/figure>    <figure class=\"wp-block-image size-large\"><img loading=\"lazy\" decoding=\"async\" width=\"720\" height=\"540\" data-id=\"662\" src=\"https:\/\/bestpeanutmachine.com\/wp-content\/uploads\/2025\/12\/macadamia-nut-cutting-machine.webp\" alt=\"m\u00e1quina cortadora de macadamia de tipo rodillo-cortador\" class=\"wp-image-662\" srcset=\"https:\/\/bestpeanutmachine.com\/wp-content\/uploads\/2025\/12\/macadamia-nut-cutting-machine.webp 720w, https:\/\/bestpeanutmachine.com\/wp-content\/uploads\/2025\/12\/macadamia-nut-cutting-machine-300x225.webp 300w, https:\/\/bestpeanutmachine.com\/wp-content\/uploads\/2025\/12\/macadamia-nut-cutting-machine-16x12.webp 16w\" sizes=\"auto, (max-width: 720px) 100vw, 720px\" \/><figcaption class=\"wp-element-caption\">m\u00e1quina cortadora de macadamia de tipo rodillo-cortador<\/figcaption><\/figure> <\/figure>    <p>Si tiene dificultades para decidir qu\u00e9 m\u00e1quina cortadora de cacahuetes es la adecuada para usted, puede proporcionar a nuestro servicio al cliente su producto terminado y requisitos, y le ofreceremos la m\u00e1s adecuada.<\/p>    <h2 class=\"wp-block-heading\"><strong>Clientes malayos utilizan cortadoras de frutos secos para producir kernels de macadamia de alta calidad<\/strong><\/h2>    <p class=\"translation-block\">Un cliente malasio mejor\u00f3 su l\u00ednea de producci\u00f3n de <a href=\"https:\/\/en.wikipedia.org\/wiki\/Macadamia\" target=\"_blank\" rel=\"noopener\">macadamia<\/a> nueces comprando una cortadora de nueces de acero inoxidable de 200-300 kg\/h para cortar trozos de nueces de 5 mm, 6 mm y 8 mm.<\/p>    <p>Debido a que las nueces de macadamia son ricas en aceite y duras, son m\u00e1s dif\u00edciles de cortar que los cacahuetes y almendras, requiriendo cuchillas m\u00e1s afiladas y equipos m\u00e1s estables. Adem\u00e1s, nuestros clientes necesitan diferentes tama\u00f1os de productos terminados para distintas l\u00edneas de productos:<\/p>    <ul class=\"wp-block-list\"> <li>5mm \u2192 Mezclas de chocolate<\/li>    <li>6mm \u2192 Barras energ\u00e9ticas, rellenos para hornear<\/li>    <li>8mm \u2192 Ingredientes premium para snacks de frutos secos<\/li> <\/ul>    <p>Estos requisitos dificultan que nuestros clientes encuentren m\u00e1quinas de alta calidad a un precio razonable. Despu\u00e9s de varias discusiones, recomendamos la siguiente configuraci\u00f3n del granulador de macadamia a nuestro cliente:<\/p>    <figure class=\"wp-block-table\"><table class=\"has-fixed-layout\"><tbody><tr><td>Capacidad<\/td><td>200\u2013300 kg\/h<\/td><\/tr><tr><td>Voltaje<\/td><td>380 V 50 Hz<\/td><\/tr><tr><td>Potencia total<\/td><td>2.25 kW<\/td><\/tr><tr><td>Dimensiones<\/td><td>2860\u00d7800\u00d71400 mm<\/td><\/tr><tr><td>Peso<\/td><td>400 kg<\/td><\/tr><tr><td>Material<\/td><td>Tolva, tamiz y todas las partes en contacto con alimentos son de acero inoxidable<\/td><\/tr><tr><td>Tama\u00f1o final del gr\u00e1nulo<\/td><td>Ajustable de 5 mm \/ 6 mm \/ 8 mm<\/td><\/tr><\/tbody><\/table><figcaption class=\"wp-element-caption\">par\u00e1metros de este modelo de m\u00e1quina cortadora de cacahuetes<\/figcaption><\/figure>    <p>Finalmente, con la gu\u00eda remota de nuestros ingenieros, esta m\u00e1quina picadora de frutos secos se puso en funcionamiento con \u00e9xito en la l\u00ednea de producci\u00f3n, y nuestros clientes quedaron muy satisfechos con su rendimiento y productos terminados.<\/p>    <figure class=\"wp-block-gallery has-nested-images columns-default is-cropped wp-block-gallery-6 is-layout-flex wp-block-gallery-is-layout-flex\"> <figure class=\"wp-block-image size-large\"><img loading=\"lazy\" decoding=\"async\" width=\"720\" height=\"540\" data-id=\"685\" src=\"https:\/\/bestpeanutmachine.com\/wp-content\/uploads\/2025\/12\/cashew-cutting-machine-packaging.webp\" alt=\"embalaje de m\u00e1quina cortadora de anacardos\" class=\"wp-image-685\" srcset=\"https:\/\/bestpeanutmachine.com\/wp-content\/uploads\/2025\/12\/cashew-cutting-machine-packaging.webp 720w, https:\/\/bestpeanutmachine.com\/wp-content\/uploads\/2025\/12\/cashew-cutting-machine-packaging-300x225.webp 300w, https:\/\/bestpeanutmachine.com\/wp-content\/uploads\/2025\/12\/cashew-cutting-machine-packaging-16x12.webp 16w\" sizes=\"auto, (max-width: 720px) 100vw, 720px\" \/><figcaption class=\"wp-element-caption\">embalaje de m\u00e1quina cortadora de anacardos<\/figcaption><\/figure>    <figure class=\"wp-block-image size-large\"><img loading=\"lazy\" decoding=\"async\" width=\"720\" height=\"540\" data-id=\"686\" src=\"https:\/\/bestpeanutmachine.com\/wp-content\/uploads\/2025\/12\/macadamia-nut-cutting-machine-to-Malaysia.webp\" alt=\"m\u00e1quina cortadora de nueces de macadamia a Malasia\" class=\"wp-image-686\" srcset=\"https:\/\/bestpeanutmachine.com\/wp-content\/uploads\/2025\/12\/macadamia-nut-cutting-machine-to-Malaysia.webp 720w, https:\/\/bestpeanutmachine.com\/wp-content\/uploads\/2025\/12\/macadamia-nut-cutting-machine-to-Malaysia-300x225.webp 300w, https:\/\/bestpeanutmachine.com\/wp-content\/uploads\/2025\/12\/macadamia-nut-cutting-machine-to-Malaysia-16x12.webp 16w\" sizes=\"auto, (max-width: 720px) 100vw, 720px\" \/><figcaption class=\"wp-element-caption\">m\u00e1quina cortadora de nueces de macadamia a Malasia<\/figcaption><\/figure> <\/figure>    <p>Si est\u00e1 interesado en nuestra cortadora de anacardos, \u00a1cont\u00e1ctenos para obtener el precio m\u00e1s reciente y m\u00e1s videos de trabajo!<\/p>    <p class=\"translation-block\">Otras m\u00e1quinas de procesamiento de cacahuetes: <a href=\"https:\/\/bestpeanutmachine.com\/es\/product\/peanut-roasting-machine\/\">M\u00e1quina de Tostado de Cacahuetes<\/a>, <a href=\"https:\/\/bestpeanutmachine.com\/es\/product\/peanut-peeling-machine\/\">M\u00e1quina de Pelado de Cacahuetes<\/a>, etc.<\/p>","protected":false},"excerpt":{"rendered":"<p>Peanut cutting machines are essential equipment for producing uniform peanut kernels and are widely used in the production of nut crumbs, biscuit crumbs, and other baked goods, candies, snack bars, and ice cream ingredients.<\/p>","protected":false},"author":1,"featured_media":663,"parent":0,"template":"","tags":[12,11],"product-type":[69,6],"class_list":["post-654","product","type-product","status-publish","has-post-thumbnail","hentry","tag-groundnut","tag-peanut","product-type-peanut-machine","product-type-product"],"_links":{"self":[{"href":"https:\/\/bestpeanutmachine.com\/es\/wp-json\/wp\/v2\/product\/654","targetHints":{"allow":["GET"]}}],"collection":[{"href":"https:\/\/bestpeanutmachine.com\/es\/wp-json\/wp\/v2\/product"}],"about":[{"href":"https:\/\/bestpeanutmachine.com\/es\/wp-json\/wp\/v2\/types\/product"}],"author":[{"embeddable":true,"href":"https:\/\/bestpeanutmachine.com\/es\/wp-json\/wp\/v2\/users\/1"}],"wp:featuredmedia":[{"embeddable":true,"href":"https:\/\/bestpeanutmachine.com\/es\/wp-json\/wp\/v2\/media\/663"}],"wp:attachment":[{"href":"https:\/\/bestpeanutmachine.com\/es\/wp-json\/wp\/v2\/media?parent=654"}],"wp:term":[{"taxonomy":"post_tag","embeddable":true,"href":"https:\/\/bestpeanutmachine.com\/es\/wp-json\/wp\/v2\/tags?post=654"},{"taxonomy":"product-type","embeddable":true,"href":"https:\/\/bestpeanutmachine.com\/es\/wp-json\/wp\/v2\/product-type?post=654"}],"curies":[{"name":"wp","href":"https:\/\/api.w.org\/{rel}","templated":true}]}}