{"id":70,"date":"2022-08-29T10:49:06","date_gmt":"2022-08-29T02:49:06","guid":{"rendered":"https:\/\/bestpeanutmachine.com\/?post_type=product&#038;p=70"},"modified":"2025-08-28T10:28:00","modified_gmt":"2025-08-28T02:28:00","slug":"peanut-roasting-machine","status":"publish","type":"product","link":"https:\/\/bestpeanutmachine.com\/es\/product\/peanut-roasting-machine\/","title":{"rendered":"M\u00e1quina tostadora de man\u00ed"},"content":{"rendered":"<p>La m\u00e1quina de tostado de man\u00ed es un sistema de tostado de tambor giratorio de alta eficiencia dise\u00f1ado para elevar el procesamiento de tuercas para aplicaciones comerciales y dom\u00e9sticas. Ideal para asar cacahuetes, almendras, casta\u00f1as, semillas de mel\u00f3n y m\u00e1s, este equipo vers\u00e1til es una piedra angular de la producci\u00f3n de mantequilla de man\u00ed, asegurando nueces perfectamente tostadas como materia prima premium. <\/p>    <p>Con capacidades personalizables que van desde 80 kg a 650 kg por hora, ofrecemos soluciones escalables adaptadas a diversas necesidades, desde operaciones a peque\u00f1a escala hasta l\u00edneas industriales. <\/p>    <p>Compacto pero robusto, combina un rendimiento avanzado con un dise\u00f1o f\u00e1cil de usar, por lo que es una opci\u00f3n superior para las empresas que buscan confiabilidad y precisi\u00f3n. \u00a1Cont\u00e1ctenos hoy para explorar los precios y desbloquear el potencial de su l\u00ednea de procesamiento de nueces!<\/p>    <figure class=\"wp-block-embed is-type-video is-provider-youtube wp-block-embed-youtube wp-embed-aspect-16-9 wp-has-aspect-ratio\"><div class=\"wp-block-embed__wrapper\"> <iframe loading=\"lazy\" title=\"Tostado de nueces para un estilo de vida saludable: usando la m\u00e1quina de toster de man\u00ed #roastingMachinesfornuts\" width=\"500\" height=\"281\" src=\"https:\/\/www.youtube.com\/embed\/Z0xsNg-D3JI?feature=oembed\" frameborder=\"0\" allow=\"accelerometer; autoplay; clipboard-write; encrypted-media; gyroscope; picture-in-picture; web-share\" referrerpolicy=\"strict-origin-when-cross-origin\" allowfullscreen><\/iframe> <\/div><figcaption class=\"wp-element-caption\">M\u00e1quina de tostado de man\u00ed Video de trabajo<\/figcaption><\/figure>    <h2 class=\"wp-block-heading\" id=\"h-features-of-peanut-roasting-machine\">Caracter\u00edsticas de la tostadora de man\u00ed<\/h2>    <div class=\"wp-block-media-text is-stacked-on-mobile\"><figure class=\"wp-block-media-text__media\"><img loading=\"lazy\" decoding=\"async\" width=\"720\" height=\"540\" src=\"https:\/\/bestpeanutmachine.com\/wp-content\/uploads\/2022\/08\/peanut-roaster-machine-for-sale.jpg\" alt=\"Vendo maquina tostadora de man\u00ed\" class=\"wp-image-78 size-full\" srcset=\"https:\/\/bestpeanutmachine.com\/wp-content\/uploads\/2022\/08\/peanut-roaster-machine-for-sale.jpg 720w, https:\/\/bestpeanutmachine.com\/wp-content\/uploads\/2022\/08\/peanut-roaster-machine-for-sale-300x225.jpg 300w\" sizes=\"auto, (max-width: 720px) 100vw, 720px\" \/><\/figure><div class=\"wp-block-media-text__content\"> <ul class=\"wp-block-list\"> <li><strong>Asado vers\u00e1til<\/strong> <ul class=\"wp-block-list\"> <li>Adecuado para man\u00ed, semillas, granos de caf\u00e9, almendras y m\u00e1s, ideal para diversas necesidades de producci\u00f3n.<\/li> <\/ul> <\/li>    <li><strong>Temperatura inteligente y control de tiempo<\/strong> <ul class=\"wp-block-list\"> <li>Configuraci\u00f3n ajustable 0\u2013300 \u2103 Asegure un tostado constante para un sabor, color y textura perfectos.<\/li> <\/ul> <\/li> <\/ul> <\/div><\/div>    <div class=\"wp-block-media-text has-media-on-the-right is-stacked-on-mobile\"><div class=\"wp-block-media-text__content\"> <ul class=\"wp-block-list\"> <li><strong>Tostado eficiente y uniforme<\/strong> <ul class=\"wp-block-list\"> <li>Combina la rotaci\u00f3n del rodillo, el intercambio de calor y la radiaci\u00f3n para garantizar un tostado incluso mientras conserva el sabor natural.<\/li> <\/ul> <\/li>    <li><strong>Dise\u00f1o duradero y de grado alimenticio<\/strong> <ul class=\"wp-block-list\"> <li>Hecho de acero inoxidable de alta calidad para durabilidad, resistencia a la corrosi\u00f3n y f\u00e1cil limpieza.<\/li> <\/ul> <\/li>    <li><strong>Ahorrar energ\u00eda y f\u00e1cil de operar<\/strong> <ul class=\"wp-block-list\"> <li>Bajo consumo de energ\u00eda con controles f\u00e1ciles de usar, ideales para la producci\u00f3n peque\u00f1a y a gran escala.<\/li> <\/ul> <\/li> <\/ul> <\/div><figure class=\"wp-block-media-text__media\"><img loading=\"lazy\" decoding=\"async\" width=\"720\" height=\"540\" src=\"https:\/\/bestpeanutmachine.com\/wp-content\/uploads\/2022\/08\/groundnut-roaster.webp\" alt=\"tostador de man\u00ed\" class=\"wp-image-211 size-full\" srcset=\"https:\/\/bestpeanutmachine.com\/wp-content\/uploads\/2022\/08\/groundnut-roaster.webp 720w, https:\/\/bestpeanutmachine.com\/wp-content\/uploads\/2022\/08\/groundnut-roaster-300x225.webp 300w, https:\/\/bestpeanutmachine.com\/wp-content\/uploads\/2022\/08\/groundnut-roaster-16x12.webp 16w\" sizes=\"auto, (max-width: 720px) 100vw, 720px\" \/><\/figure><\/div>    <div class=\"wp-block-media-text is-stacked-on-mobile\"><figure class=\"wp-block-media-text__media\"><img loading=\"lazy\" decoding=\"async\" width=\"720\" height=\"540\" src=\"https:\/\/bestpeanutmachine.com\/wp-content\/uploads\/2022\/08\/groundnut-roasting-machine.webp\" alt=\"m\u00e1quina tostadora de man\u00ed\" class=\"wp-image-212 size-full\" srcset=\"https:\/\/bestpeanutmachine.com\/wp-content\/uploads\/2022\/08\/groundnut-roasting-machine.webp 720w, https:\/\/bestpeanutmachine.com\/wp-content\/uploads\/2022\/08\/groundnut-roasting-machine-300x225.webp 300w, https:\/\/bestpeanutmachine.com\/wp-content\/uploads\/2022\/08\/groundnut-roasting-machine-16x12.webp 16w\" sizes=\"auto, (max-width: 720px) 100vw, 720px\" \/><\/figure><div class=\"wp-block-media-text__content\"> <ul class=\"wp-block-list\"> <li><strong>Capacidad ajustable<\/strong> <ul class=\"wp-block-list\"> <li>Ofrece una salida de 80\u2013650 kg\/h para adaptarse a una producci\u00f3n peque\u00f1a a gran escala.<\/li> <\/ul> <\/li>    <li><strong>Opciones de energ\u00eda m\u00faltiples<\/strong> <ul class=\"wp-block-list\"> <li>Compatible con electricidad, gas licuado y gas natural para una operaci\u00f3n flexible.<\/li> <\/ul> <\/li> <\/ul> <\/div><\/div>    <h2 class=\"wp-block-heading\" id=\"h-parameters-of-taizy-peanut-roaster-machine\">Par\u00e1metros de la m\u00e1quina de tostador de man\u00ed<\/h2>    <figure class=\"wp-block-table\"><table><tbody><tr><td>Modelo<\/td><td>Dimensiones totales (mm)<\/td><td>Capacidad (kg\/h)<\/td><td>Potencia de calefacci\u00f3n el\u00e9ctrica (kW)<\/td><td>Potencia de calefacci\u00f3n el\u00e9ctrica (kw)<\/td><\/tr><tr><td>MHK-1<\/td><td>3000*1200*1700<\/td><td>80-120<\/td><td>1.1<\/td><td>18<\/td><\/tr><tr><td>MHK-2<\/td><td>3000*2200*1700<\/td><td>180-250<\/td><td>2.2<\/td><td>35<\/td><\/tr><tr><td>MHK-3<\/td><td>3000*3300*1700<\/td><td>280-350<\/td><td>3.3<\/td><td>45<\/td><\/tr><tr><td>MHK-4<\/td><td>3000*4400*1700<\/td><td>380-450<\/td><td>4.4<\/td><td>60<\/td><\/tr><tr><td>MHK-5<\/td><td>3000*5500*1700<\/td><td>500-650<\/td><td>5.5<\/td><td>75<\/td><\/tr><\/tbody><\/table><figcaption class=\"wp-element-caption\">Par\u00e1metros de la m\u00e1quina de tostado de man\u00ed<\/figcaption><\/figure>    <h2 class=\"wp-block-heading\" id=\"h-working-principle-of-groundnut-roasting-equipment\">\u00bfC\u00f3mo funciona el equipo de tostado de man\u00ed?<\/h2>    <p>La m\u00e1quina de tostado de cable de cable funciona a trav\u00e9s de una combinaci\u00f3n de mec\u00e1nica de tambor giratoria y principios t\u00e9rmicos avanzados para garantizar un tostado uniforme de alta calidad. Aqu\u00ed hay un desglose de su proceso de trabajo:<\/p>    <div class=\"wp-block-media-text is-stacked-on-mobile\"><figure class=\"wp-block-media-text__media\"><img loading=\"lazy\" decoding=\"async\" width=\"720\" height=\"540\" src=\"https:\/\/bestpeanutmachine.com\/wp-content\/uploads\/2022\/08\/superior-nut-roasting-machine-1.jpg\" alt=\"tostadora de nueces superior\" class=\"wp-image-81 size-full\" srcset=\"https:\/\/bestpeanutmachine.com\/wp-content\/uploads\/2022\/08\/superior-nut-roasting-machine-1.jpg 720w, https:\/\/bestpeanutmachine.com\/wp-content\/uploads\/2022\/08\/superior-nut-roasting-machine-1-300x225.jpg 300w\" sizes=\"auto, (max-width: 720px) 100vw, 720px\" \/><\/figure><div class=\"wp-block-media-text__content\"> <ul class=\"wp-block-list\"> <li><strong>Incluso asando con tambor giratorio<\/strong> <ul class=\"wp-block-list\"> <li>El tambor de acero inoxidable garantiza una distribuci\u00f3n de calor uniforme al volar continuamente nueces y frijoles.<\/li> <\/ul> <\/li>    <li><strong>Calefacci\u00f3n dual eficiente<\/strong> <ul class=\"wp-block-list\"> <li>Combina la conducci\u00f3n de calor y la radiaci\u00f3n para el tostado constante mientras evita la quemadura o la contaminaci\u00f3n del humo.<\/li> <\/ul> <\/li> <\/ul> <\/div><\/div>    <div class=\"wp-block-media-text has-media-on-the-right is-stacked-on-mobile\"><div class=\"wp-block-media-text__content\"> <ul class=\"wp-block-list\"> <li><strong>Control preciso de temperatura y tiempo<\/strong> <ul class=\"wp-block-list\"> <li>Ajustable 0\u2013300 \u2103 Configuraci\u00f3n asegura un tostado \u00f3ptimo, preservar el sabor, el color y la textura.<\/li> <\/ul> <\/li>    <li><strong>Descarga automatizada y salida escalable<\/strong> <ul class=\"wp-block-list\"> <li>Los productos terminados se liberan autom\u00e1ticamente, lo que admite capacidades de 100\u2013600 kg\/h para varias escalas de producci\u00f3n.<\/li> <\/ul> <\/li> <\/ul> <\/div><figure class=\"wp-block-media-text__media\"><img loading=\"lazy\" decoding=\"async\" width=\"720\" height=\"540\" src=\"https:\/\/bestpeanutmachine.com\/wp-content\/uploads\/2022\/08\/peanut-roaster-machine-for-sale.webp\" alt=\"Vendo maquina tostadora de man\u00ed\" class=\"wp-image-213 size-full\" srcset=\"https:\/\/bestpeanutmachine.com\/wp-content\/uploads\/2022\/08\/peanut-roaster-machine-for-sale.webp 720w, https:\/\/bestpeanutmachine.com\/wp-content\/uploads\/2022\/08\/peanut-roaster-machine-for-sale-300x225.webp 300w, https:\/\/bestpeanutmachine.com\/wp-content\/uploads\/2022\/08\/peanut-roaster-machine-for-sale-16x12.webp 16w\" sizes=\"auto, (max-width: 720px) 100vw, 720px\" \/><\/figure><\/div>    <p>Al integrar controles inteligentes con ingenier\u00eda robusta, este equipo ofrece nueces perfectamente tostadas cada vez, ideal para crear bocadillos premium o materias primas para el procesamiento aguas abajo como la fabricaci\u00f3n de mantequilla de man\u00ed.<\/p>    <h2 class=\"wp-block-heading\" id=\"h-what-should-we-consider-when-operating-a-peanut-roasting-machine\">\u00bfQu\u00e9 debemos considerar al operar una m\u00e1quina tostadora de man\u00ed?<\/h2>    <p>Para garantizar un rendimiento \u00f3ptimo y una calidad del producto al usar una m\u00e1quina de tostado de man\u00ed, siga estas pautas cr\u00edticas:<\/p>    <div class=\"wp-block-media-text is-stacked-on-mobile\"><figure class=\"wp-block-media-text__media\"><img loading=\"lazy\" decoding=\"async\" width=\"720\" height=\"540\" src=\"https:\/\/bestpeanutmachine.com\/wp-content\/uploads\/2022\/08\/peanut-roasting-machine-factory.webp\" alt=\"f\u00e1brica de m\u00e1quinas tostadoras de man\u00ed\" class=\"wp-image-82 size-full\" srcset=\"https:\/\/bestpeanutmachine.com\/wp-content\/uploads\/2022\/08\/peanut-roasting-machine-factory.webp 720w, https:\/\/bestpeanutmachine.com\/wp-content\/uploads\/2022\/08\/peanut-roasting-machine-factory-300x225.webp 300w\" sizes=\"auto, (max-width: 720px) 100vw, 720px\" \/><\/figure><div class=\"wp-block-media-text__content\"> <ul class=\"wp-block-list\"> <li><strong>Capacidad por lotes y preparaci\u00f3n de materia prima<\/strong> <ul class=\"wp-block-list\"> <li>Adherirse a los pesos de lotes recomendados:<strong>75 kg para man\u00ed con c\u00e1scara<\/strong>\u00a0y<strong>100 kg para semillas de man\u00ed<\/strong>.<\/li>    <li>Al cambiar las materias primas, explique las diferencias en el contenido de humedad al realizar<strong>1-2 PRISMITAR POSTOS<\/strong>\u00a0para recopilar datos antes de la producci\u00f3n a gran escala.<\/li> <\/ul> <\/li>    <li>\u200b<strong>Control de tiempo de tostado preciso<\/strong> <ul class=\"wp-block-list\"> <li>Ajustar las duraciones de tostado basadas en <a href=\"https:\/\/en.wikipedia.org\/wiki\/Peanut\" data-type=\"link\" data-id=\"https:\/\/en.wikipedia.org\/wiki\/Peanut\" target=\"_blank\" rel=\"noopener\">man\u00ed<\/a> variedad: <ul class=\"wp-block-list\"> <li>\u200b<strong>25 minutos para man\u00ed de piel blanca<\/strong>.<\/li>    <li>\u200b<strong>40 minutos para cacahuetes de c\u00e1rtamo<\/strong>\u00a0o<strong>cacahuetes en la cubierta<\/strong>.<\/li> <\/ul> <\/li> <\/ul> <\/li>    <li>Muestre regularmente de man\u00ed del tambor giratorio para monitorear el color, la textura y la donaci\u00f3n.<\/li> <\/ul> <\/div><\/div>    <div class=\"wp-block-media-text has-media-on-the-right is-stacked-on-mobile\"><div class=\"wp-block-media-text__content\"> <ul class=\"wp-block-list\"> <li><strong>Flujo de trabajo operativo<\/strong> <ul class=\"wp-block-list\"> <li>Una vez deseado se logra el tostado, presione el<strong>bot\u00f3n inverso<\/strong>\u00a0Para abrir la puerta de descarga y liberar el lote.<\/li>    <li>Reanudar la carga presionando el<strong>bot\u00f3n de reenv\u00edo<\/strong>, manteniendo un ciclo de producci\u00f3n continuo.<\/li> <\/ul> <\/li>    <li>\u200b<strong>Seguro de calidad<\/strong> <ul class=\"wp-block-list\"> <li>Evite la sobrecarga al despu\u00e9s de la configuraci\u00f3n de tiempo y temperatura.<\/li>    <li>Documente los datos de asado de prueba (por ejemplo, niveles de humedad, distribuci\u00f3n de calor) para estandarizar futuros lotes.<\/li> <\/ul> <\/li> <\/ul> <\/div><figure class=\"wp-block-media-text__media\"><img loading=\"lazy\" decoding=\"async\" width=\"720\" height=\"540\" src=\"https:\/\/bestpeanutmachine.com\/wp-content\/uploads\/2024\/04\/Peanut-roaster.webp\" alt=\"tostador de man\u00ed\" class=\"wp-image-190 size-full\" srcset=\"https:\/\/bestpeanutmachine.com\/wp-content\/uploads\/2024\/04\/Peanut-roaster.webp 720w, https:\/\/bestpeanutmachine.com\/wp-content\/uploads\/2024\/04\/Peanut-roaster-300x225.webp 300w, https:\/\/bestpeanutmachine.com\/wp-content\/uploads\/2024\/04\/Peanut-roaster-16x12.webp 16w\" sizes=\"auto, (max-width: 720px) 100vw, 720px\" \/><\/figure><\/div>    <p>Al priorizar estos pasos, los operadores pueden maximizar la eficiencia, la consistencia y el atractivo del producto. <\/p>    <h2 class=\"wp-block-heading\" id=\"h-large-capacity-peanut-roaster-machine-for-sale\">Se vende m\u00e1quina tostadora de man\u00ed de gran capacidad<\/h2>    <p class=\"translation-block\">Nuestra <strong>m\u00e1quina de tostado de cacahuetes comercial grande<\/strong> utiliza <strong>aire caliente como medio de secado<\/strong>, asegurando un tostado eficiente y uniforme al eliminar continuamente la humedad de los cacahuetes. El sistema completo incluye una <strong>m\u00e1quina de tostado, elevador, m\u00e1quina de enfriamiento y tamiz vibrante<\/strong>, lo que la hace ideal para <strong><a href=\"https:\/\/bestpeanutmachine.com\/es\/product\/peanut-butter-production-line\/\" data-type=\"link\" data-id=\"https:\/\/bestpeanutmachine.com\/product\/peanut-butter-production-line\/\">l\u00edneas de producci\u00f3n autom\u00e1tica de mantequilla de cacahuete y cacahuetes recubiertos<\/a><\/strong>.<\/p>    <p class=\"translation-block\">Dise\u00f1ada para <strong>alta eficiencia y calidad consistente<\/strong>, este equipo de tostado de cacahuetes aumenta la velocidad de procesamiento mientras mantiene un excelente sabor y textura. Mejora tu producci\u00f3n con nuestra <strong>tostadora de cacahuetes de gran capacidad<\/strong>\u2014<strong>\u00a1cont\u00e1ctanos hoy para precios y detalles!<\/strong><\/p>    <figure class=\"wp-block-image size-full\"><img loading=\"lazy\" decoding=\"async\" width=\"720\" height=\"540\" src=\"https:\/\/bestpeanutmachine.com\/wp-content\/uploads\/2022\/08\/automatic-peanut-butter-production-line.jpg\" alt=\"L\u00ednea autom\u00e1tica de producci\u00f3n de mantequilla de man\u00ed.\" class=\"wp-image-57\" srcset=\"https:\/\/bestpeanutmachine.com\/wp-content\/uploads\/2022\/08\/automatic-peanut-butter-production-line.jpg 720w, https:\/\/bestpeanutmachine.com\/wp-content\/uploads\/2022\/08\/automatic-peanut-butter-production-line-300x225.jpg 300w\" sizes=\"auto, (max-width: 720px) 100vw, 720px\" \/><figcaption class=\"wp-element-caption\">L\u00ednea autom\u00e1tica de producci\u00f3n de mantequilla de man\u00ed.<\/figcaption><\/figure>    <h2 class=\"wp-block-heading\">Conclusi\u00f3n<\/h2>    <p>La m\u00e1quina de tostado de man\u00ed es una inversi\u00f3n esencial para cualquier negocio que tenga como objetivo mejorar la eficiencia del procesamiento de man\u00ed y la calidad del producto. Su dise\u00f1o avanzado garantiza incluso calefacci\u00f3n, secado completo y protecci\u00f3n de los sabores naturales de las nueces. <\/p>    <p>Con aplicaciones vers\u00e1tiles, capacidades personalizables y m\u00faltiples opciones de fuente de calor, esta m\u00e1quina se adapta a la perfecci\u00f3n a diversas necesidades de producci\u00f3n. Actualice sus operaciones hoy contact\u00e1ndonos para obtener precios y especificaciones detallados. Deje que nuestra m\u00e1quina de tostado de man\u00ed de alto rendimiento lo ayude a lograr resultados superiores e impulse su negocio.<\/p>","protected":false},"excerpt":{"rendered":"<p>La m\u00e1quina de tostado de man\u00ed es un sistema de tostado de tambor giratorio de alta eficiencia dise\u00f1ado para elevar el procesamiento de tuercas para aplicaciones comerciales y dom\u00e9sticas.<\/p>","protected":false},"author":1,"featured_media":77,"parent":0,"template":"","tags":[8],"product-type":[6,69],"class_list":["post-70","product","type-product","status-publish","has-post-thumbnail","hentry","tag-peanut-processing-machine","product-type-product","product-type-peanut-machine"],"_links":{"self":[{"href":"https:\/\/bestpeanutmachine.com\/es\/wp-json\/wp\/v2\/product\/70","targetHints":{"allow":["GET"]}}],"collection":[{"href":"https:\/\/bestpeanutmachine.com\/es\/wp-json\/wp\/v2\/product"}],"about":[{"href":"https:\/\/bestpeanutmachine.com\/es\/wp-json\/wp\/v2\/types\/product"}],"author":[{"embeddable":true,"href":"https:\/\/bestpeanutmachine.com\/es\/wp-json\/wp\/v2\/users\/1"}],"wp:featuredmedia":[{"embeddable":true,"href":"https:\/\/bestpeanutmachine.com\/es\/wp-json\/wp\/v2\/media\/77"}],"wp:attachment":[{"href":"https:\/\/bestpeanutmachine.com\/es\/wp-json\/wp\/v2\/media?parent=70"}],"wp:term":[{"taxonomy":"post_tag","embeddable":true,"href":"https:\/\/bestpeanutmachine.com\/es\/wp-json\/wp\/v2\/tags?post=70"},{"taxonomy":"product-type","embeddable":true,"href":"https:\/\/bestpeanutmachine.com\/es\/wp-json\/wp\/v2\/product-type?post=70"}],"curies":[{"name":"wp","href":"https:\/\/api.w.org\/{rel}","templated":true}]}}