{"id":75,"date":"2022-08-30T08:14:53","date_gmt":"2022-08-30T00:14:53","guid":{"rendered":"https:\/\/bestpeanutmachine.com\/?post_type=product&#038;p=75"},"modified":"2026-02-06T13:18:57","modified_gmt":"2026-02-06T05:18:57","slug":"peanut-oil-extraction-machine","status":"publish","type":"product","link":"https:\/\/bestpeanutmachine.com\/es\/product\/peanut-oil-extraction-machine\/","title":{"rendered":"M\u00e1quina de extracci\u00f3n de aceite de man\u00ed"},"content":{"rendered":"<p>La m\u00e1quina de extracci\u00f3n de aceite de man\u00ed es un tornillo de eficiencia de alta eficiencia, una prensa de aceite ideal para presionar en caliente y en fr\u00edo. Cuenta con una estructura integrada y es adecuada para uso comercial y dom\u00e9stico, con capacidades que van desde 40 kg a 600 kg por hora. <\/p>    <p class=\"translation-block\">Como fabricante y proveedor l\u00edder, ofrecemos una gama completa de capacidades para satisfacer sus requisitos espec\u00edficos. Esta m\u00e1quina se puede usar sola o como parte de una l\u00ednea de producci\u00f3n de aceite de cacahuete, que puede completar autom\u00e1ticamente el <a href=\"https:\/\/bestpeanutmachine.com\/es\/product\/peanut-shelling-machine\/\" data-type=\"link\" data-id=\"https:\/\/bestpeanutmachine.com\/product\/peanut-shelling-machine\/\">descascarillado<\/a>, pelado, tostado, extracci\u00f3n y llenado de aceite de cacahuete, lo que la hace perfecta para f\u00e1bricas de aceite de cacahuete medianas y grandes.<\/p>    <figure class=\"wp-block-embed is-type-video is-provider-youtube wp-block-embed-youtube wp-embed-aspect-16-9 wp-has-aspect-ratio\"><div class=\"wp-block-embed__wrapper\"> <iframe loading=\"lazy\" title=\"M\u00e1quina de prensado de aceite en acci\u00f3n: \u00a1alta eficiencia y m\u00e1ximo rendimiento! #OIL #FARMING #AGriculture\" width=\"500\" height=\"281\" src=\"https:\/\/www.youtube.com\/embed\/d2uw5DpkbpE?feature=oembed\" frameborder=\"0\" allow=\"accelerometer; autoplay; clipboard-write; encrypted-media; gyroscope; picture-in-picture; web-share\" referrerpolicy=\"strict-origin-when-cross-origin\" allowfullscreen><\/iframe> <\/div><figcaption class=\"wp-element-caption\">m\u00e1quina de prensado de aceite<\/figcaption><\/figure>    <h2 class=\"wp-block-heading\" id=\"h-features-of-peanut-oil-extraction-machine-for-sale\">Caracter\u00edsticas de la m\u00e1quina de extracci\u00f3n de aceite de man\u00ed a la venta. <\/h2>    <div class=\"wp-block-media-text is-stacked-on-mobile\"><figure class=\"wp-block-media-text__media\"><img loading=\"lazy\" decoding=\"async\" width=\"720\" height=\"540\" src=\"https:\/\/bestpeanutmachine.com\/wp-content\/uploads\/2022\/08\/commercial-Peanut-Oil-Extraction-Machine.webp\" alt=\"M\u00e1quina comercial de extracci\u00f3n de aceite de man\u00ed\" class=\"wp-image-205 size-full\" srcset=\"https:\/\/bestpeanutmachine.com\/wp-content\/uploads\/2022\/08\/commercial-Peanut-Oil-Extraction-Machine.webp 720w, https:\/\/bestpeanutmachine.com\/wp-content\/uploads\/2022\/08\/commercial-Peanut-Oil-Extraction-Machine-300x225.webp 300w, https:\/\/bestpeanutmachine.com\/wp-content\/uploads\/2022\/08\/commercial-Peanut-Oil-Extraction-Machine-16x12.webp 16w\" sizes=\"auto, (max-width: 720px) 100vw, 720px\" \/><\/figure><div class=\"wp-block-media-text__content\"> <p class=\"translation-block\"><strong>Amplias aplicaciones<\/strong><\/p>    <ul class=\"wp-block-list\"> <li>Extractos<strong>Aceite de man\u00ed, aceite de s\u00e9samo, aceite de colza, aceite de soja<\/strong>, y m\u00e1s.<\/li>    <li>Compatible con m\u00faltiples tipos de semillas oleaginosas para la producci\u00f3n vers\u00e1til.<\/li> <\/ul>    <p class=\"translation-block\">\u200b<strong>Alto rendimiento de aceite<\/strong><\/p>    <ul class=\"wp-block-list\"> <li>\u200b<strong>2\u20133% mayor rendimiento de aceite<\/strong>&nbsp;en comparaci\u00f3n con las m\u00e1quinas tradicionales.<\/li>    <li>Procesos<strong>Man\u00ed de 50 kg<\/strong>&nbsp;para ceder<strong>1\u20133 kg de aceite extra<\/strong>, maximizando la eficiencia de los recursos.<\/li> <\/ul> <\/div><\/div>    <div class=\"wp-block-media-text has-media-on-the-right is-stacked-on-mobile\"><div class=\"wp-block-media-text__content\"> <p class=\"translation-block\">\u200b<strong>Dise\u00f1o compacto y seguro<\/strong><\/p>    <ul class=\"wp-block-list\"> <li>\u200b<strong>Espacio-eficiente<\/strong>&nbsp;La estructura se adapta a talleres tan peque\u00f1os como<strong>10\u201320\u33a1<\/strong>.<\/li>    <li>Equipado con<strong>cubiertas protectoras completas<\/strong>&nbsp;Para una operaci\u00f3n segura y f\u00e1cil de usar.<\/li> <\/ul>    <p class=\"translation-block\">\u200b<strong>Tecnolog\u00eda de bajo consumo<\/strong><\/p>    <ul class=\"wp-block-list\"> <li>Cortes<strong>Consumo de energ\u00eda 40%<\/strong>&nbsp;mientras aumenta la productividad por<strong>30%<\/strong>.<\/li>    <li>El dise\u00f1o ecol\u00f3gico se alinea con objetivos de producci\u00f3n sostenibles.<\/li> <\/ul> <\/div><figure class=\"wp-block-media-text__media\"><img loading=\"lazy\" decoding=\"async\" width=\"720\" height=\"540\" src=\"https:\/\/bestpeanutmachine.com\/wp-content\/uploads\/2022\/08\/peanut-oil-extractor-machine-structure-details.jpg\" alt=\"Detalles de la estructura de la m\u00e1quina extractora de aceite de man\u00ed\" class=\"wp-image-99 size-full\" srcset=\"https:\/\/bestpeanutmachine.com\/wp-content\/uploads\/2022\/08\/peanut-oil-extractor-machine-structure-details.jpg 720w, https:\/\/bestpeanutmachine.com\/wp-content\/uploads\/2022\/08\/peanut-oil-extractor-machine-structure-details-300x225.jpg 300w\" sizes=\"auto, (max-width: 720px) 100vw, 720px\" \/><\/figure><\/div>    <div class=\"wp-block-media-text is-stacked-on-mobile\"><figure class=\"wp-block-media-text__media\"><img loading=\"lazy\" decoding=\"async\" width=\"720\" height=\"540\" src=\"https:\/\/bestpeanutmachine.com\/wp-content\/uploads\/2022\/08\/Peanut-Oil-Extraction-Machine-price.webp\" alt=\"Precio de la m\u00e1quina de extracci\u00f3n de aceite de man\u00ed\" class=\"wp-image-315 size-full\" srcset=\"https:\/\/bestpeanutmachine.com\/wp-content\/uploads\/2022\/08\/Peanut-Oil-Extraction-Machine-price.webp 720w, https:\/\/bestpeanutmachine.com\/wp-content\/uploads\/2022\/08\/Peanut-Oil-Extraction-Machine-price-300x225.webp 300w, https:\/\/bestpeanutmachine.com\/wp-content\/uploads\/2022\/08\/Peanut-Oil-Extraction-Machine-price-16x12.webp 16w\" sizes=\"auto, (max-width: 720px) 100vw, 720px\" \/><\/figure><div class=\"wp-block-media-text__content\"> <p class=\"translation-block\">\u200b<strong>Mantenimiento sencillo<\/strong><\/p>    <ul class=\"wp-block-list\"> <li>Ideal para ambos<strong>talleres a peque\u00f1a escala<\/strong>&nbsp;y<strong>grandes f\u00e1bricas<\/strong>.<\/li>    <li>La operaci\u00f3n y el mantenimiento simplificados reducen el tiempo de inactividad.<\/li> <\/ul>    <p class=\"translation-block\">\u200b<strong>Rendimiento estable y duradero<\/strong><\/p>    <ul class=\"wp-block-list\"> <li>Construido con<strong>acero resistente al desgaste<\/strong>&nbsp;y<strong>molduras resistentes a la fatiga<\/strong>.<\/li>    <li>Soporte<strong>Operaci\u00f3n continua 24\/7<\/strong>&nbsp;para demandas de alto volumen.<\/li> <\/ul> <\/div><\/div>    <h2 class=\"wp-block-heading\" id=\"h-peanut-oil-production-process\">\u00bfC\u00f3mo funciona la m\u00e1quina de prensa de aceite de man\u00ed?<\/h2>    <p>El proceso de extracci\u00f3n de aceite de man\u00ed se simplifica en cuatro etapas clave, combinando la automatizaci\u00f3n con precisi\u00f3n para una calidad y eficiencia \u00f3ptimas del aceite:<\/p>    <div class=\"wp-block-media-text is-stacked-on-mobile\"><figure class=\"wp-block-media-text__media\"><img loading=\"lazy\" decoding=\"async\" width=\"720\" height=\"540\" src=\"https:\/\/bestpeanutmachine.com\/wp-content\/uploads\/2022\/08\/groundnut-oil-extractor-factory.jpg\" alt=\"f\u00e1brica de extractores de aceite de man\u00ed\" class=\"wp-image-100 size-full\" srcset=\"https:\/\/bestpeanutmachine.com\/wp-content\/uploads\/2022\/08\/groundnut-oil-extractor-factory.jpg 720w, https:\/\/bestpeanutmachine.com\/wp-content\/uploads\/2022\/08\/groundnut-oil-extractor-factory-300x225.jpg 300w\" sizes=\"auto, (max-width: 720px) 100vw, 720px\" \/><\/figure><div class=\"wp-block-media-text__content\"> <p class=\"translation-block\"><strong>Preparaci\u00f3n de la materia prima<\/strong><\/p>    <ul class=\"wp-block-list\"> <li>\u200b<strong>Selecci\u00f3n y limpieza<\/strong>. Solo se utilizan man\u00ed fresco y sin moho. Las impurezas (por ejemplo, polvo, piedras) se eliminan mediante tamizado para garantizar la pureza y evitar la obstrucci\u00f3n de la m\u00e1quina.<\/li> <\/ul>    <p class=\"translation-block\">\u200b<strong>Tostado y control de humedad<\/strong><\/p>    <ul class=\"wp-block-list\"> <li>\u200b<strong>Deshidraci\u00f3n<\/strong>. Los cacahuetes se tostan en una secadora o tostadores para reducir el contenido de humedad a aproximadamente<strong>8.5%<\/strong>, Mejora de la liberaci\u00f3n de aceite durante el prensado.<\/li>    <li>\u200b<strong>Gesti\u00f3n de la temperatura<\/strong>. El calentamiento controlado conserva el valor nutricional al tiempo que optimiza el rendimiento del aceite.<\/li> <\/ul> <\/div><\/div>    <div class=\"wp-block-media-text has-media-on-the-right is-stacked-on-mobile\"><div class=\"wp-block-media-text__content\"> <p class=\"translation-block\"><strong>Extracci\u00f3n de aceite mediante prensa de tornillo<\/strong><\/p>    <ul class=\"wp-block-list\"> <li>\u200b<strong>Prensado automatizado<\/strong>. Los cacahuetes asados \u200b\u200bse alimentan a la tolva de la m\u00e1quina. La prensa de tornillo se aplica a un apret\u00f3n gradual de alta presi\u00f3n para separar el aceite de los s\u00f3lidos.<\/li>    <li>\u200b<strong>Monitoreo en tiempo real<\/strong>. El grosor del resultado<strong>pastel de aceite<\/strong>&nbsp;Indica la eficiencia de extracci\u00f3n: los pasteles que sugieren una mayor producci\u00f3n de aceite.<\/li>    <li>\u200b<strong>Filtraci\u00f3n simult\u00e1nea<\/strong>. Un filtro de aceite integrado limpia el aceite extra\u00eddo en tiempo real, eliminando los s\u00f3lidos residuales.<\/li> <\/ul> <\/div><figure class=\"wp-block-media-text__media\"><img loading=\"lazy\" decoding=\"async\" width=\"720\" height=\"540\" src=\"https:\/\/bestpeanutmachine.com\/wp-content\/uploads\/2022\/08\/Peanut-Oil-Extraction-Machine-for-business.webp\" alt=\"M\u00e1quina de extracci\u00f3n de aceite de man\u00ed para empresas\" class=\"wp-image-207 size-full\" srcset=\"https:\/\/bestpeanutmachine.com\/wp-content\/uploads\/2022\/08\/Peanut-Oil-Extraction-Machine-for-business.webp 720w, https:\/\/bestpeanutmachine.com\/wp-content\/uploads\/2022\/08\/Peanut-Oil-Extraction-Machine-for-business-300x225.webp 300w, https:\/\/bestpeanutmachine.com\/wp-content\/uploads\/2022\/08\/Peanut-Oil-Extraction-Machine-for-business-16x12.webp 16w\" sizes=\"auto, (max-width: 720px) 100vw, 720px\" \/><\/figure><\/div>    <div class=\"wp-block-media-text is-stacked-on-mobile\"><figure class=\"wp-block-media-text__media\"><img loading=\"lazy\" decoding=\"async\" width=\"720\" height=\"540\" src=\"https:\/\/bestpeanutmachine.com\/wp-content\/uploads\/2022\/08\/Peanut-Oil-Extraction-Machine-1.webp\" alt=\"M\u00e1quina de extracci\u00f3n de aceite de man\u00ed\" class=\"wp-image-316 size-full\" srcset=\"https:\/\/bestpeanutmachine.com\/wp-content\/uploads\/2022\/08\/Peanut-Oil-Extraction-Machine-1.webp 720w, https:\/\/bestpeanutmachine.com\/wp-content\/uploads\/2022\/08\/Peanut-Oil-Extraction-Machine-1-300x225.webp 300w, https:\/\/bestpeanutmachine.com\/wp-content\/uploads\/2022\/08\/Peanut-Oil-Extraction-Machine-1-16x12.webp 16w\" sizes=\"auto, (max-width: 720px) 100vw, 720px\" \/><\/figure><div class=\"wp-block-media-text__content\"> <p class=\"translation-block\">\u200b<strong>Llenado y envasado de aceite<\/strong><\/p>    <ul class=\"wp-block-list\"> <li>\u200b<strong>Purificaci\u00f3n<\/strong>. El aceite filtrado fluye a un tanque de asentamiento para la aclaraci\u00f3n final.<\/li>    <li>\u200b<strong>Embotellado automatizado<\/strong>. Una m\u00e1quina de llenado dispensa el aceite purificado con precisi\u00f3n en contenedores, asegurando la higiene y la consistencia.<\/li> <\/ul> <\/div><\/div>    <h2 class=\"wp-block-heading\" id=\"h-parameters-of-taizy-peanut-oil-extractor-machine\">Par\u00e1metros de la m\u00e1quina de extracci\u00f3n de aceite de man\u00ed<\/h2>    <figure class=\"wp-block-table\"><table><tbody><tr><td>Tipo<\/td><td>Tornillo <br>di\u00e1metro <\/td><td>Prensado <br>velocidad<\/td><td>Principal <br>potencia del motor <\/td><td>Vac\u00edo <br>potencia de la bomba <\/td><td>Calentador <br>potencia <\/td><td>Salida <\/td><td>Peso <\/td><td>Tama\u00f1o<\/td><\/tr><tr><td>6yl-60<\/td><td>55mm<\/td><td>64 rpm<\/td><td>2.2kW<\/td><td>0.75kW<\/td><td>0.9kW<\/td><td>40-60kg\/hora<\/td><td>240 kilos<\/td><td>1020*780*1100mm<\/td><\/tr><tr><td>6yl-80<\/td><td>80mm<\/td><td>47r\/min<\/td><td>5.5kW<\/td><td>0.55kW<\/td><td>2kW<\/td><td>65-130kg\/h<\/td><td>780kg<\/td><td>1700*1200*1500mm<\/td><\/tr><tr><td>6yl-100<\/td><td>101mm<\/td><td>38 rpm<\/td><td>7.5kW<\/td><td>0.75kW<\/td><td>2.2kW<\/td><td>140-280kg\/h<\/td><td>1100kg<\/td><td>1800*1300*1680mm<\/td><\/tr><tr><td>6yl-125<\/td><td>125mm<\/td><td>36r\/min<\/td><td>15kW<\/td><td>1.1kW<\/td><td>2.8kW<\/td><td>300-400kg\/h<\/td><td>1320kg<\/td><td>2100*1400*1700mm<\/td><\/tr><tr><td>6yl-150<\/td><td>150mm<\/td><td>35 rpm<\/td><td>18.5kW<\/td><td>1.5kW<\/td><td>3kW<\/td><td>500-600kg\/h<\/td><td>1420kg<\/td><td>2200*1400*1700mm<\/td><\/tr><\/tbody><\/table><figcaption class=\"wp-element-caption\">Par\u00e1metros de la m\u00e1quina de prensa de aceite<\/figcaption><\/figure>    <figure class=\"wp-block-image size-full\"><img loading=\"lazy\" decoding=\"async\" width=\"720\" height=\"540\" src=\"https:\/\/bestpeanutmachine.com\/wp-content\/uploads\/2022\/08\/groundnut-oil-pressing-machine.webp\" alt=\"Proveedor de m\u00e1quina de extracci\u00f3n de aceite de man\u00ed\" class=\"wp-image-206\" srcset=\"https:\/\/bestpeanutmachine.com\/wp-content\/uploads\/2022\/08\/groundnut-oil-pressing-machine.webp 720w, https:\/\/bestpeanutmachine.com\/wp-content\/uploads\/2022\/08\/groundnut-oil-pressing-machine-300x225.webp 300w, https:\/\/bestpeanutmachine.com\/wp-content\/uploads\/2022\/08\/groundnut-oil-pressing-machine-16x12.webp 16w\" sizes=\"auto, (max-width: 720px) 100vw, 720px\" \/><figcaption class=\"wp-element-caption\">Proveedor de m\u00e1quina de extracci\u00f3n de aceite de man\u00ed<\/figcaption><\/figure>    <h2 class=\"wp-block-heading\" id=\"h-why-peanut-oil-is-so-popular\">\u00bfPor qu\u00e9 el aceite de man\u00ed es tan popular?<\/h2>    <p class=\"translation-block\">El <a href=\"https:\/\/en.wikipedia.org\/wiki\/Peanut_oil\" data-type=\"link\" data-id=\"https:\/\/en.wikipedia.org\/wiki\/Peanut_oil\" target=\"_blank\" rel=\"noopener\">aceite de cacahuete<\/a>, tambi\u00e9n llamado aceite de man\u00ed, es un aceite vegetal com\u00fan extra\u00eddo de los cacahuetes. El aceite tiene un sabor neutro y suave. Se utiliza ampliamente en la cocina china, estadounidense, africana, india y del sudeste asi\u00e1tico, para cocinar en general, o se utiliza como aceite tostado, para a\u00f1adir sabor. <\/p>    <p>Generalmente, el aceite de man\u00ed viene en dos colores diferentes, uno amarillo claro y otro amarillo oscuro. El aceite de man\u00ed contiene el nivel m\u00e1s alto de grasas monosaturadas y es altamente absorbible por el cuerpo. Como resultado, existe un gran n\u00famero de consumidores de aceite de man\u00ed en el mundo.<\/p>    <figure class=\"wp-block-image size-full\"><img loading=\"lazy\" decoding=\"async\" width=\"720\" height=\"540\" src=\"https:\/\/bestpeanutmachine.com\/wp-content\/uploads\/2022\/08\/peanut-oil.jpg\" alt=\"aceite de cacahuete\" class=\"wp-image-101\" srcset=\"https:\/\/bestpeanutmachine.com\/wp-content\/uploads\/2022\/08\/peanut-oil.jpg 720w, https:\/\/bestpeanutmachine.com\/wp-content\/uploads\/2022\/08\/peanut-oil-300x225.jpg 300w\" sizes=\"auto, (max-width: 720px) 100vw, 720px\" \/><figcaption class=\"wp-element-caption\">aceite de cacahuete<\/figcaption><\/figure>    <h2 class=\"wp-block-heading\" id=\"h-how-much-does-an-oil-machine-cost\">\u00bfCu\u00e1nto cuesta una m\u00e1quina de aceite?<\/h2>    <p class=\"translation-block\">El precio de una m\u00e1quina de extracci\u00f3n de aceite de cacahuete var\u00eda seg\u00fan la \u200b<strong>personalizaci\u00f3n, la capacidad y las especificaciones t\u00e9cnicas<\/strong>. Los factores clave que influyen en el coste incluyen:<\/p>    <ul class=\"wp-block-list\"> <li>\u200b<strong>Tipo de m\u00e1quina<\/strong>. Los modelos est\u00e1ndar para uso a peque\u00f1a escala son compuesto, mientras que los sistemas automatizados de alta capacidad (por ejemplo, 600 kg\/hora) o las l\u00edneas de producci\u00f3n completas cuestan m\u00e1s.<\/li>    <li>\u200b<strong>Materiales y durabilidad<\/strong>. M\u00e1quinas construidas con<strong>acero resistente al desgaste<\/strong>&nbsp;o las aleaciones avanzadas aseguran la longevidad, pero pueden aumentar la inversi\u00f3n inicial.<\/li>    <li>\u200b<strong>Funcionalidad<\/strong>. Caracter\u00edsticas como<strong>control autom\u00e1tico<\/strong>, la compatibilidad de m\u00faltiples petr\u00f3leo o la filtraci\u00f3n integrada aumentan los puntos de precio.<\/li>    <li>\u200b<strong>Eficiencia energ\u00e9tica<\/strong>. Los dise\u00f1os de ahorro de energ\u00eda pueden tener costos iniciales m\u00e1s altos, pero reducir los gastos operativos a largo plazo.<\/li> <\/ul>    <figure class=\"wp-block-image size-large\"><img loading=\"lazy\" decoding=\"async\" width=\"720\" height=\"540\" src=\"https:\/\/bestpeanutmachine.com\/wp-content\/uploads\/2022\/08\/Peanut-Oil-Extraction-Machine-in-stock.webp\" alt=\"M\u00e1quina de extracci\u00f3n de aceite de man\u00ed en stock\" class=\"wp-image-208\" srcset=\"https:\/\/bestpeanutmachine.com\/wp-content\/uploads\/2022\/08\/Peanut-Oil-Extraction-Machine-in-stock.webp 720w, https:\/\/bestpeanutmachine.com\/wp-content\/uploads\/2022\/08\/Peanut-Oil-Extraction-Machine-in-stock-300x225.webp 300w, https:\/\/bestpeanutmachine.com\/wp-content\/uploads\/2022\/08\/Peanut-Oil-Extraction-Machine-in-stock-16x12.webp 16w\" sizes=\"auto, (max-width: 720px) 100vw, 720px\" \/><figcaption class=\"wp-element-caption\">M\u00e1quina de extracci\u00f3n de aceite de man\u00ed en stock<\/figcaption><\/figure>    <p>Por ejemplo, un modelo b\u00e1sico de 40 kg\/hora se adapta a los talleres para el hogar a un precio m\u00e1s bajo, mientras que una m\u00e1quina de grado comercial de 600 kg\/hora con automatizaci\u00f3n y garant\u00edas extendidas consumen una prima.<\/p>    <p class=\"translation-block\">Para obtener un \u200b<strong>presupuesto preciso<\/strong>, comparta sus necesidades espec\u00edficas:<\/p>    <ol class=\"wp-block-list\"> <li>\u200b<strong>Producci\u00f3n diaria<\/strong>&nbsp;(por ejemplo, 100 kg frente a 5 toneladas).<\/li>    <li>\u200b<strong>Nivel de automatizaci\u00f3n preferido<\/strong>&nbsp;(Semia-Auto vs. L\u00ednea de producci\u00f3n completa).<\/li>    <li>\u200b<strong>Funciones adicionales<\/strong>&nbsp;(por ejemplo, tostado, filtrado o integraci\u00f3n de empaque).<\/li> <\/ol>    <p class=\"translation-block\">Ofrecemos \u200b<strong>soluciones a medida<\/strong> para equilibrar su presupuesto y sus objetivos de productividad. \u00a1Cont\u00e1ctenos hoy mismo para obtener un \u200b<strong>presupuesto rentable<\/strong> y orientaci\u00f3n t\u00e9cnica para maximizar su ROI!<\/p>    <figure class=\"wp-block-image size-large\"><img loading=\"lazy\" decoding=\"async\" width=\"720\" height=\"540\" src=\"https:\/\/bestpeanutmachine.com\/wp-content\/uploads\/2022\/08\/peanut-oil-extraction-machine.webp\" alt=\"m\u00e1quina de extracci\u00f3n de aceite de man\u00ed\" class=\"wp-image-209\" srcset=\"https:\/\/bestpeanutmachine.com\/wp-content\/uploads\/2022\/08\/peanut-oil-extraction-machine.webp 720w, https:\/\/bestpeanutmachine.com\/wp-content\/uploads\/2022\/08\/peanut-oil-extraction-machine-300x225.webp 300w, https:\/\/bestpeanutmachine.com\/wp-content\/uploads\/2022\/08\/peanut-oil-extraction-machine-16x12.webp 16w\" sizes=\"auto, (max-width: 720px) 100vw, 720px\" \/><figcaption class=\"wp-element-caption\">m\u00e1quina de extracci\u00f3n de aceite de man\u00ed<\/figcaption><\/figure>    <h2 class=\"wp-block-heading\">Conclusi\u00f3n<\/h2>    <p>La m\u00e1quina de extracci\u00f3n de aceite de man\u00ed es una soluci\u00f3n vers\u00e1til y eficiente para las necesidades modernas de producci\u00f3n de aceite. Su dise\u00f1o avanzado y su construcci\u00f3n robusta aseguran una confiabilidad a largo plazo y un rendimiento \u00f3ptimo. <\/p>    <p>Ya sea que est\u00e9 produciendo aceite de man\u00ed, aceite de s\u00e9samo u otros tipos de aceite, esta m\u00e1quina ofrece alta eficiencia, excelente rendimiento del aceite y f\u00e1cil operaci\u00f3n. <\/p>    <p>Actualice su proceso de producci\u00f3n de aceite hoy contact\u00e1ndonos para obtener informaci\u00f3n detallada y precios. Deje que nuestra m\u00e1quina de alto rendimiento lo ayude a lograr resultados superiores y impulse su negocio.<\/p>    <figure class=\"wp-block-image size-full\"><img loading=\"lazy\" decoding=\"async\" width=\"720\" height=\"540\" src=\"https:\/\/bestpeanutmachine.com\/wp-content\/uploads\/2022\/08\/exported-Peanut-Oil-Extraction-Machine.webp\" alt=\"m\u00e1quina de extracci\u00f3n de aceite de man\u00ed exportada\" class=\"wp-image-317\" srcset=\"https:\/\/bestpeanutmachine.com\/wp-content\/uploads\/2022\/08\/exported-Peanut-Oil-Extraction-Machine.webp 720w, https:\/\/bestpeanutmachine.com\/wp-content\/uploads\/2022\/08\/exported-Peanut-Oil-Extraction-Machine-300x225.webp 300w, https:\/\/bestpeanutmachine.com\/wp-content\/uploads\/2022\/08\/exported-Peanut-Oil-Extraction-Machine-16x12.webp 16w\" sizes=\"auto, (max-width: 720px) 100vw, 720px\" \/><figcaption class=\"wp-element-caption\">m\u00e1quina de extracci\u00f3n de aceite de man\u00ed exportada<\/figcaption><\/figure>","protected":false},"excerpt":{"rendered":"<p>La m\u00e1quina de extracci\u00f3n de aceite de cacahuete es una prensa de aceite de tipo tornillo de alta eficiencia, ideal para prensado en fr\u00edo y en caliente. <\/p>","protected":false},"author":1,"featured_media":98,"parent":0,"template":"","tags":[8],"product-type":[6,69],"class_list":["post-75","product","type-product","status-publish","has-post-thumbnail","hentry","tag-peanut-processing-machine","product-type-product","product-type-peanut-machine"],"_links":{"self":[{"href":"https:\/\/bestpeanutmachine.com\/es\/wp-json\/wp\/v2\/product\/75","targetHints":{"allow":["GET"]}}],"collection":[{"href":"https:\/\/bestpeanutmachine.com\/es\/wp-json\/wp\/v2\/product"}],"about":[{"href":"https:\/\/bestpeanutmachine.com\/es\/wp-json\/wp\/v2\/types\/product"}],"author":[{"embeddable":true,"href":"https:\/\/bestpeanutmachine.com\/es\/wp-json\/wp\/v2\/users\/1"}],"wp:featuredmedia":[{"embeddable":true,"href":"https:\/\/bestpeanutmachine.com\/es\/wp-json\/wp\/v2\/media\/98"}],"wp:attachment":[{"href":"https:\/\/bestpeanutmachine.com\/es\/wp-json\/wp\/v2\/media?parent=75"}],"wp:term":[{"taxonomy":"post_tag","embeddable":true,"href":"https:\/\/bestpeanutmachine.com\/es\/wp-json\/wp\/v2\/tags?post=75"},{"taxonomy":"product-type","embeddable":true,"href":"https:\/\/bestpeanutmachine.com\/es\/wp-json\/wp\/v2\/product-type?post=75"}],"curies":[{"name":"wp","href":"https:\/\/api.w.org\/{rel}","templated":true}]}}