{"id":838,"date":"2026-01-16T13:48:12","date_gmt":"2026-01-16T05:48:12","guid":{"rendered":"https:\/\/bestpeanutmachine.com\/?post_type=product&#038;p=838"},"modified":"2026-01-16T13:56:30","modified_gmt":"2026-01-16T05:56:30","slug":"nut-chopping-machine","status":"publish","type":"product","link":"https:\/\/bestpeanutmachine.com\/es\/product\/nut-chopping-machine\/","title":{"rendered":"M\u00e1quina de picar nueces | Soluci\u00f3n industrial para cortar y granulizar nueces"},"content":{"rendered":"<p class=\"translation-block\">Taizy <strong>m\u00e1quina de picar nueces<\/strong> se usa ampliamente en plantas de procesamiento de nueces y l\u00edneas de pretratamiento de materia prima que requieren control preciso del tama\u00f1o de part\u00edcula. Puede picar de manera eficiente y estable varias nueces (como cacahuetes, almendras, etc.) y legumbres en part\u00edculas uniformes con una capacidad de 200\u2013500 kg\/h.<\/p>    <p>La m\u00e1quina de corte de nueces integra una estructura mec\u00e1nica estable, precisi\u00f3n de corte ajustable y funciones de cribado en m\u00faltiples etapas. Puede comprarse por separado para procesamiento de nueces o conectarse a una l\u00ednea de producci\u00f3n para mejorar eficazmente la eficiencia de la producci\u00f3n industrial de alimentos a base de cacahuete.<\/p>    <figure class=\"wp-block-embed is-type-video is-provider-youtube wp-block-embed-youtube wp-embed-aspect-16-9 wp-has-aspect-ratio\"><div class=\"wp-block-embed__wrapper\"> <iframe loading=\"lazy\" title=\"Nut Chopping Machine for Peanut &amp; Almond Processing Contact:+8617703863868\" width=\"500\" height=\"281\" src=\"https:\/\/www.youtube.com\/embed\/OtRhcsLZKgg?feature=oembed\" frameborder=\"0\" allow=\"accelerometer; autoplay; clipboard-write; encrypted-media; gyroscope; picture-in-picture; web-share\" referrerpolicy=\"strict-origin-when-cross-origin\" allowfullscreen><\/iframe> <\/div><figcaption class=\"wp-element-caption\">video de trabajo de la picadora de nueces<\/figcaption><\/figure>    <h2 class=\"wp-block-heading\"><strong>Caracter\u00edsticas principales de la m\u00e1quina de corte de badam<\/strong><\/h2>    <ol class=\"wp-block-list\"> <li>El marco de esta m\u00e1quina de picar nueces est\u00e1 hecho de acero de canal grueso, lo que resulta en un peso total pesado y <strong>vibraci\u00f3n m\u00ednima durante la operaci\u00f3n<\/strong>, evitando eficazmente la deformaci\u00f3n causada por el uso prolongado.<\/li>    <li>Sus principales fundiciones est\u00e1n hechas de <strong>Hierro d\u00factil QT500-7<\/strong>, lo que confiere a toda la m\u00e1quina una alta resistencia a la tracci\u00f3n y una excelente resistencia al desgaste. Las propiedades autolubricantes del hierro d\u00factil tambi\u00e9n reducen la fricci\u00f3n y disminuyen los costos de mantenimiento.<\/li>    <li>Cuenta con un <strong>armario de control el\u00e9ctrico independiente<\/strong>, evitando eficazmente da\u00f1os a los componentes el\u00e9ctricos debido a la vibraci\u00f3n de la m\u00e1quina. Esto tambi\u00e9n mejora la seguridad operativa y facilita la operaci\u00f3n y el mantenimiento diarios.<\/li>    <li>La m\u00e1quina de corte de cacahuetes tiene un <strong>Sistema de cribado de tres etapas<\/strong> con cuatro grados de salida. Su estructura sencilla facilita el desmontaje y la limpieza, siendo especialmente adecuada para f\u00e1bricas de alimentos con cambios frecuentes de productos.<\/li>    <li>Su cuerpo est\u00e1 hecho de acero al carbono con una superficie recubierta de polvo para <strong>buena resistencia a la corrosi\u00f3n<\/strong>. Las partes en contacto con el material est\u00e1n dise\u00f1adas con acero inoxidable de grado alimentario, cumpliendo los requisitos b\u00e1sicos de higiene para aplicaciones de procesamiento de alimentos.<\/li> <\/ol>    <figure class=\"wp-block-gallery has-nested-images columns-2 is-cropped wp-block-gallery-2 is-layout-flex wp-block-gallery-is-layout-flex\"> <figure class=\"wp-block-image size-large\"><img loading=\"lazy\" decoding=\"async\" width=\"720\" height=\"540\" data-id=\"848\" src=\"https:\/\/bestpeanutmachine.com\/wp-content\/uploads\/2026\/01\/independent-electrical-control-cabinet.webp\" alt=\"armario de control el\u00e9ctrico independiente\" class=\"wp-image-848\" srcset=\"https:\/\/bestpeanutmachine.com\/wp-content\/uploads\/2026\/01\/independent-electrical-control-cabinet.webp 720w, https:\/\/bestpeanutmachine.com\/wp-content\/uploads\/2026\/01\/independent-electrical-control-cabinet-300x225.webp 300w, https:\/\/bestpeanutmachine.com\/wp-content\/uploads\/2026\/01\/independent-electrical-control-cabinet-16x12.webp 16w\" sizes=\"auto, (max-width: 720px) 100vw, 720px\" \/><figcaption class=\"wp-element-caption\">armario de control el\u00e9ctrico independiente<\/figcaption><\/figure>    <figure class=\"wp-block-image size-large\"><img loading=\"lazy\" decoding=\"async\" width=\"720\" height=\"540\" data-id=\"851\" src=\"https:\/\/bestpeanutmachine.com\/wp-content\/uploads\/2026\/01\/completed-nut-cutting-machine.webp\" alt=\"m\u00e1quina de corte de nueces terminada\" class=\"wp-image-851\" srcset=\"https:\/\/bestpeanutmachine.com\/wp-content\/uploads\/2026\/01\/completed-nut-cutting-machine.webp 720w, https:\/\/bestpeanutmachine.com\/wp-content\/uploads\/2026\/01\/completed-nut-cutting-machine-300x225.webp 300w, https:\/\/bestpeanutmachine.com\/wp-content\/uploads\/2026\/01\/completed-nut-cutting-machine-16x12.webp 16w\" sizes=\"auto, (max-width: 720px) 100vw, 720px\" \/><figcaption class=\"wp-element-caption\">m\u00e1quina de corte de nueces terminada<\/figcaption><\/figure>    <figure class=\"wp-block-image size-large\"><img loading=\"lazy\" decoding=\"async\" width=\"720\" height=\"540\" data-id=\"849\" src=\"https:\/\/bestpeanutmachine.com\/wp-content\/uploads\/2026\/01\/three-stage-screening-system.webp\" alt=\"Sistema de cribado de tres etapas\" class=\"wp-image-849\" srcset=\"https:\/\/bestpeanutmachine.com\/wp-content\/uploads\/2026\/01\/three-stage-screening-system.webp 720w, https:\/\/bestpeanutmachine.com\/wp-content\/uploads\/2026\/01\/three-stage-screening-system-300x225.webp 300w, https:\/\/bestpeanutmachine.com\/wp-content\/uploads\/2026\/01\/three-stage-screening-system-16x12.webp 16w\" sizes=\"auto, (max-width: 720px) 100vw, 720px\" \/><figcaption class=\"wp-element-caption\">Sistema de cribado de tres etapas<\/figcaption><\/figure>    <figure class=\"wp-block-image size-large\"><img loading=\"lazy\" decoding=\"async\" width=\"720\" height=\"540\" data-id=\"850\" src=\"https:\/\/bestpeanutmachine.com\/wp-content\/uploads\/2026\/01\/best-machine-for-chopping-nuts.webp\" alt=\"mejor m\u00e1quina para picar frutos secos\" class=\"wp-image-850\" srcset=\"https:\/\/bestpeanutmachine.com\/wp-content\/uploads\/2026\/01\/best-machine-for-chopping-nuts.webp 720w, https:\/\/bestpeanutmachine.com\/wp-content\/uploads\/2026\/01\/best-machine-for-chopping-nuts-300x225.webp 300w, https:\/\/bestpeanutmachine.com\/wp-content\/uploads\/2026\/01\/best-machine-for-chopping-nuts-16x12.webp 16w\" sizes=\"auto, (max-width: 720px) 100vw, 720px\" \/><figcaption class=\"wp-element-caption\">mejor m\u00e1quina para picar frutos secos<\/figcaption><\/figure> <\/figure>    <h2 class=\"wp-block-heading\"><strong>\u00bfC\u00f3mo funciona la m\u00e1quina de picar nueces?<\/strong><\/h2>    <p>La m\u00e1quina de picar nueces utiliza un m\u00e9todo de alimentaci\u00f3n continua, realizando cortes reciprocantes en el material en la cinta transportadora, y luego separa las piezas procesadas por tama\u00f1o de part\u00edcula mediante un sistema de cribado vibratorio.<\/p>    <h3 class=\"wp-block-heading\"><strong>1. Alimentaci\u00f3n uniforme<\/strong><\/h3>    <p>Las materias primas como cacahuetes, almendras, nueces o avellanas se alimentan de manera uniforme desde la tolva hacia la cinta transportadora. La velocidad de la cinta transportadora es ajustable. (Para obtener resultados \u00f3ptimos de corte, no debe configurarse demasiado r\u00e1pido.)<\/p>    <h3 class=\"wp-block-heading\"><strong>2. Sistema de corte reciprocante<\/strong><\/h3>    <p>El material se transporta a la c\u00e1mara de corte, donde 10 cuchillas reciprocantes cortan continuamente las nueces. (La velocidad de corte de las cuchillas se mantiene constante para garantizar un rendimiento de corte estable.)<\/p>    <h3 class=\"wp-block-heading\"><strong>3. Tama\u00f1o de part\u00edcula ajustable<\/strong><\/h3>    <p>El tama\u00f1o final de la part\u00edcula puede controlarse ajustando la velocidad de la cinta transportadora.<\/p>    <ul class=\"wp-block-list\"> <li>Velocidad de la cinta transportadora m\u00e1s r\u00e1pida \u2192 Menos cortes \u2192 Part\u00edculas m\u00e1s grandes<\/li>    <li>Velocidad de la cinta transportadora m\u00e1s lenta \u2192 M\u00e1s cortes \u2192 Part\u00edculas m\u00e1s peque\u00f1as<\/li> <\/ul>    <h3 class=\"wp-block-heading\"><strong>4. Cribado vibratorio<\/strong><\/h3>    <p>Despu\u00e9s del picado, el material entra en una criba vibratoria de tres capas, separando el producto en cuatro grados de tama\u00f1o de part\u00edcula diferentes para cumplir con varias especificaciones de producto.<\/p>    <p>Este proceso de corte en fr\u00edo preserva perfectamente el sabor, la textura y el valor nutricional originales de las nueces. Es ideal para el pretratamiento de alimentos a base de nueces.<\/p>    <h2 class=\"wp-block-heading\"><strong>Aplicaciones de la m\u00e1quina de corte de nueces Taizy<\/strong><\/h2>    <p>Los picadores de nueces se utilizan ampliamente en las industrias de procesamiento de alimentos y preparaci\u00f3n de ingredientes, especialmente en l\u00edneas de producci\u00f3n que requieren picar nueces o legumbres en tama\u00f1os de part\u00edcula uniformes y controlables.<\/p>    <p>Esta m\u00e1quina es ideal para picar y granulizar varias nueces, incluyendo cacahuetes, almendras, nueces, avellanas y casta\u00f1as. Las part\u00edculas de nueces picadas se utilizan com\u00fanmente en ingredientes de nueces (para postres o panader\u00eda) y en snacks de nueces mezcladas.<\/p>    <figure class=\"wp-block-gallery has-nested-images columns-2 is-cropped wp-block-gallery-3 is-layout-flex wp-block-gallery-is-layout-flex\"> <figure class=\"wp-block-image size-large\"><img loading=\"lazy\" decoding=\"async\" width=\"750\" height=\"750\" data-id=\"852\" src=\"https:\/\/bestpeanutmachine.com\/wp-content\/uploads\/2026\/01\/chopped-dates.webp\" alt=\"d\u00e1tiles picados\" class=\"wp-image-852\" srcset=\"https:\/\/bestpeanutmachine.com\/wp-content\/uploads\/2026\/01\/chopped-dates.webp 750w, https:\/\/bestpeanutmachine.com\/wp-content\/uploads\/2026\/01\/chopped-dates-300x300.webp 300w, https:\/\/bestpeanutmachine.com\/wp-content\/uploads\/2026\/01\/chopped-dates-150x150.webp 150w, https:\/\/bestpeanutmachine.com\/wp-content\/uploads\/2026\/01\/chopped-dates-12x12.webp 12w\" sizes=\"auto, (max-width: 750px) 100vw, 750px\" \/><figcaption class=\"wp-element-caption\">d\u00e1tiles picados<\/figcaption><\/figure>    <figure class=\"wp-block-image size-large\"><img loading=\"lazy\" decoding=\"async\" width=\"800\" height=\"800\" data-id=\"853\" src=\"https:\/\/bestpeanutmachine.com\/wp-content\/uploads\/2026\/01\/crushed-hazelnuts.webp\" alt=\"Avellanas trituradas\" class=\"wp-image-853\" srcset=\"https:\/\/bestpeanutmachine.com\/wp-content\/uploads\/2026\/01\/crushed-hazelnuts.webp 800w, https:\/\/bestpeanutmachine.com\/wp-content\/uploads\/2026\/01\/crushed-hazelnuts-300x300.webp 300w, https:\/\/bestpeanutmachine.com\/wp-content\/uploads\/2026\/01\/crushed-hazelnuts-150x150.webp 150w, https:\/\/bestpeanutmachine.com\/wp-content\/uploads\/2026\/01\/crushed-hazelnuts-768x768.webp 768w, https:\/\/bestpeanutmachine.com\/wp-content\/uploads\/2026\/01\/crushed-hazelnuts-12x12.webp 12w\" sizes=\"auto, (max-width: 800px) 100vw, 800px\" \/><figcaption class=\"wp-element-caption\">Avellanas trituradas<\/figcaption><\/figure>    <figure class=\"wp-block-image size-large\"><img loading=\"lazy\" decoding=\"async\" width=\"500\" height=\"500\" data-id=\"854\" src=\"https:\/\/bestpeanutmachine.com\/wp-content\/uploads\/2026\/01\/crushed-pistachios.webp\" alt=\"pistachos triturados\" class=\"wp-image-854\" srcset=\"https:\/\/bestpeanutmachine.com\/wp-content\/uploads\/2026\/01\/crushed-pistachios.webp 500w, https:\/\/bestpeanutmachine.com\/wp-content\/uploads\/2026\/01\/crushed-pistachios-300x300.webp 300w, https:\/\/bestpeanutmachine.com\/wp-content\/uploads\/2026\/01\/crushed-pistachios-150x150.webp 150w, https:\/\/bestpeanutmachine.com\/wp-content\/uploads\/2026\/01\/crushed-pistachios-12x12.webp 12w\" sizes=\"auto, (max-width: 500px) 100vw, 500px\" \/><figcaption class=\"wp-element-caption\">pistachos triturados<\/figcaption><\/figure>    <figure class=\"wp-block-image size-large\"><img loading=\"lazy\" decoding=\"async\" width=\"1024\" height=\"1024\" data-id=\"855\" src=\"https:\/\/bestpeanutmachine.com\/wp-content\/uploads\/2026\/01\/macadamia-nut-pieces-1024x1024.webp\" alt=\"trozos de nuez de macadamia\" class=\"wp-image-855\" srcset=\"https:\/\/bestpeanutmachine.com\/wp-content\/uploads\/2026\/01\/macadamia-nut-pieces-1024x1024.webp 1024w, https:\/\/bestpeanutmachine.com\/wp-content\/uploads\/2026\/01\/macadamia-nut-pieces-300x300.webp 300w, https:\/\/bestpeanutmachine.com\/wp-content\/uploads\/2026\/01\/macadamia-nut-pieces-150x150.webp 150w, https:\/\/bestpeanutmachine.com\/wp-content\/uploads\/2026\/01\/macadamia-nut-pieces-768x768.webp 768w, https:\/\/bestpeanutmachine.com\/wp-content\/uploads\/2026\/01\/macadamia-nut-pieces-12x12.webp 12w, https:\/\/bestpeanutmachine.com\/wp-content\/uploads\/2026\/01\/macadamia-nut-pieces.webp 1440w\" sizes=\"auto, (max-width: 1024px) 100vw, 1024px\" \/><figcaption class=\"wp-element-caption\">trozos de nuez de macadamia<\/figcaption><\/figure> <\/figure>    <p>En cocinas centrales y f\u00e1bricas de ingredientes alimentarios, los picadores de nueces pueden usarse para el preprocesamiento por lotes y la clasificaci\u00f3n de materias primas de nueces, proporcionando un suministro continuo y estable de diferentes tama\u00f1os de part\u00edculas de nueces para las l\u00edneas de procesamiento aguas abajo.<\/p>    <p class=\"translation-block\">Furthermore, it can be paired with a <a href=\"https:\/\/bestpeanutmachine.com\/es\/product\/peanut-roasting-machine\/\">peanut roasting machine<\/a>. Roasting the peanuts before cutting them into pieces results in a better color and flavor. Some customers who purchase Taizy&#8217;s <a href=\"https:\/\/bestpeanutmachine.com\/es\/product\/peanut-brittle-making-machine\/\">peanut candy production line<\/a> also request a cutting machine to enhance the texture of the peanut candy.<\/p>    <figure class=\"wp-block-gallery has-nested-images columns-default is-cropped wp-block-gallery-4 is-layout-flex wp-block-gallery-is-layout-flex\"> <figure class=\"wp-block-image size-large\"><img loading=\"lazy\" decoding=\"async\" width=\"720\" height=\"540\" data-id=\"81\" src=\"https:\/\/bestpeanutmachine.com\/wp-content\/uploads\/2022\/08\/superior-nut-roasting-machine-1.jpg\" alt=\"tostadora de nueces superior\" class=\"wp-image-81\" srcset=\"https:\/\/bestpeanutmachine.com\/wp-content\/uploads\/2022\/08\/superior-nut-roasting-machine-1.jpg 720w, https:\/\/bestpeanutmachine.com\/wp-content\/uploads\/2022\/08\/superior-nut-roasting-machine-1-300x225.jpg 300w\" sizes=\"auto, (max-width: 720px) 100vw, 720px\" \/><figcaption class=\"wp-element-caption\">tostadora de nueces superior<\/figcaption><\/figure>    <figure class=\"wp-block-image size-large\"><img loading=\"lazy\" decoding=\"async\" width=\"720\" height=\"540\" data-id=\"769\" src=\"https:\/\/bestpeanutmachine.com\/wp-content\/uploads\/2026\/01\/peanut-brittle-making-machine.webp\" alt=\"producto terminado del cliente\" class=\"wp-image-769\" srcset=\"https:\/\/bestpeanutmachine.com\/wp-content\/uploads\/2026\/01\/peanut-brittle-making-machine.webp 720w, https:\/\/bestpeanutmachine.com\/wp-content\/uploads\/2026\/01\/peanut-brittle-making-machine-300x225.webp 300w, https:\/\/bestpeanutmachine.com\/wp-content\/uploads\/2026\/01\/peanut-brittle-making-machine-16x12.webp 16w\" sizes=\"auto, (max-width: 720px) 100vw, 720px\" \/><figcaption class=\"wp-element-caption\">producto terminado del cliente<\/figcaption><\/figure> <\/figure>    <h2 class=\"wp-block-heading\"><strong>Especificaciones t\u00e9cnicas de la picadora de nueces<\/strong><\/h2>    <figure class=\"wp-block-table\"><table class=\"has-fixed-layout\"><tbody><tr><td>Fuerza<\/td><td>2.25 kW<\/td><\/tr><tr><td>Capacidad<\/td><td>200\u2013500 kg\/h<\/td><\/tr><tr><td>N\u00famero de cuchillas<\/td><td>10 piezas<\/td><\/tr><tr><td>Sistema de cribado<\/td><td>Criba de tres etapas, cuatro grados de tama\u00f1o<\/td><\/tr><tr><td>Voltaje<\/td><td>380 V<\/td><\/tr><tr><td>Frecuencia<\/td><td>50 Hz<\/td><\/tr><tr><td>Tama\u00f1o de la m\u00e1quina<\/td><td>2820 \u00d7 950 \u00d7 1300 mm<\/td><\/tr><tr><td>Material del marco<\/td><td>Acero al carbono con recubrimiento en polvo<\/td><\/tr><tr><td>Material de contacto<\/td><td>Acero inoxidable 201<\/td><\/tr><\/tbody><\/table><figcaption class=\"wp-element-caption\">par\u00e1metros de la m\u00e1quina de picar nueces<\/figcaption><\/figure>    <p>Some parameters are not fixed and can be adjusted according to specific needs, such as the material composition of the machine and the voltage. We will customize the product according to the customer&#8217;s specific requirements.<\/p>   <div class=\"wp-block-image\"> <figure class=\"aligncenter size-full\"><img loading=\"lazy\" decoding=\"async\" width=\"720\" height=\"540\" src=\"https:\/\/bestpeanutmachine.com\/wp-content\/uploads\/2026\/01\/automatic-cashew-cutting-machine.webp\" alt=\"m\u00e1quina autom\u00e1tica de corte de anacardos\" class=\"wp-image-858\" srcset=\"https:\/\/bestpeanutmachine.com\/wp-content\/uploads\/2026\/01\/automatic-cashew-cutting-machine.webp 720w, https:\/\/bestpeanutmachine.com\/wp-content\/uploads\/2026\/01\/automatic-cashew-cutting-machine-300x225.webp 300w, https:\/\/bestpeanutmachine.com\/wp-content\/uploads\/2026\/01\/automatic-cashew-cutting-machine-16x12.webp 16w\" sizes=\"auto, (max-width: 720px) 100vw, 720px\" \/><figcaption class=\"wp-element-caption\">m\u00e1quina autom\u00e1tica de corte de anacardos<\/figcaption><\/figure> <\/div>   <h2 class=\"wp-block-heading\"><strong>\u00bfQu\u00e9 puede ofrecerte Taizy?<\/strong><\/h2>    <p>Debido a las necesidades variables de los clientes, tambi\u00e9n ofrecemos una variedad de servicios para satisfacerle, incluyendo:<\/p>    <h3 class=\"wp-block-heading\"><strong>Personalizaci\u00f3n de materiales<\/strong><\/h3>    <p>Ofrecemos opciones para el material en contacto con el producto, con paneles exteriores en acero inoxidable 304 o 316, y el marco en material mixto 304 201 o acero inoxidable 316.<\/p>    <h3 class=\"wp-block-heading\"><strong>Personalizaci\u00f3n profesional uno a uno<\/strong><\/h3>    <p>Taizy recomendar\u00e1 el equipo m\u00e1s adecuado seg\u00fan los materiales que necesite procesar y los resultados finales deseados. Si tiene otras necesidades, tambi\u00e9n podemos ayudarle a personalizar una l\u00ednea de producci\u00f3n para el procesamiento de nueces.<\/p>    <h3 class=\"wp-block-heading\"><strong>Lista de precios transparente<\/strong><\/h3>    <p>Poseemos nuestra propia f\u00e1brica, garantizando m\u00e1quinas de alta calidad a un valor excelente. Cada una de nuestras m\u00e1quinas de procesamiento de nueces cumple con las certificaciones CE y otras certificaciones de exportaci\u00f3n, y viene con una garant\u00eda de 12 meses.<\/p>    <figure class=\"wp-block-gallery has-nested-images columns-default is-cropped wp-block-gallery-5 is-layout-flex wp-block-gallery-is-layout-flex\"> <figure class=\"wp-block-image size-large\"><img loading=\"lazy\" decoding=\"async\" width=\"720\" height=\"540\" data-id=\"856\" src=\"https:\/\/bestpeanutmachine.com\/wp-content\/uploads\/2026\/01\/nut-cutting-machine-in-Taizy-factory.webp\" alt=\"m\u00e1quina de corte de nueces en la f\u00e1brica de Taizy\" class=\"wp-image-856\" srcset=\"https:\/\/bestpeanutmachine.com\/wp-content\/uploads\/2026\/01\/nut-cutting-machine-in-Taizy-factory.webp 720w, https:\/\/bestpeanutmachine.com\/wp-content\/uploads\/2026\/01\/nut-cutting-machine-in-Taizy-factory-300x225.webp 300w, https:\/\/bestpeanutmachine.com\/wp-content\/uploads\/2026\/01\/nut-cutting-machine-in-Taizy-factory-16x12.webp 16w\" sizes=\"auto, (max-width: 720px) 100vw, 720px\" \/><figcaption class=\"wp-element-caption\">m\u00e1quina de corte de nueces en la f\u00e1brica de Taizy<\/figcaption><\/figure>    <figure class=\"wp-block-image size-large\"><img loading=\"lazy\" decoding=\"async\" width=\"720\" height=\"540\" data-id=\"857\" src=\"https:\/\/bestpeanutmachine.com\/wp-content\/uploads\/2026\/01\/peanut-chopping-machine-in-stock.webp\" alt=\"m\u00e1quina de picar cacahuetes en stock\" class=\"wp-image-857\" srcset=\"https:\/\/bestpeanutmachine.com\/wp-content\/uploads\/2026\/01\/peanut-chopping-machine-in-stock.webp 720w, https:\/\/bestpeanutmachine.com\/wp-content\/uploads\/2026\/01\/peanut-chopping-machine-in-stock-300x225.webp 300w, https:\/\/bestpeanutmachine.com\/wp-content\/uploads\/2026\/01\/peanut-chopping-machine-in-stock-16x12.webp 16w\" sizes=\"auto, (max-width: 720px) 100vw, 720px\" \/><figcaption class=\"wp-element-caption\">m\u00e1quina de picar cacahuetes en stock<\/figcaption><\/figure> <\/figure>    <h3 class=\"wp-block-heading\"><strong>Servicio postventa de alta calidad<\/strong><\/h3>    <p>Despu\u00e9s de completar el pedido, nuestros clientes disfrutan de soporte t\u00e9cnico de por vida, incluyendo soporte t\u00e9cnico remoto y suministro de piezas de repuesto a largo plazo.<\/p>    <p>\u00a1Si tiene m\u00e1s preguntas o desea consultar otra informaci\u00f3n sobre esta m\u00e1quina de picar nueces, cont\u00e1ctenos para las \u00faltimas actualizaciones!<\/p>","protected":false},"excerpt":{"rendered":"<p>This nut chopper is specifically designed to chop peanuts, almonds, walnuts, and other nuts into uniform particles. It allows for adjustment of the finished particle size via a conveyor belt and features a multi-stage screening system for product grading, making it an ideal choice for peanut food processing.<\/p>","protected":false},"author":1,"featured_media":869,"parent":0,"template":"","tags":[11],"product-type":[76,6],"class_list":["post-838","product","type-product","status-publish","has-post-thumbnail","hentry","tag-peanut","product-type-other-nuts-machine","product-type-product"],"_links":{"self":[{"href":"https:\/\/bestpeanutmachine.com\/es\/wp-json\/wp\/v2\/product\/838","targetHints":{"allow":["GET"]}}],"collection":[{"href":"https:\/\/bestpeanutmachine.com\/es\/wp-json\/wp\/v2\/product"}],"about":[{"href":"https:\/\/bestpeanutmachine.com\/es\/wp-json\/wp\/v2\/types\/product"}],"author":[{"embeddable":true,"href":"https:\/\/bestpeanutmachine.com\/es\/wp-json\/wp\/v2\/users\/1"}],"wp:featuredmedia":[{"embeddable":true,"href":"https:\/\/bestpeanutmachine.com\/es\/wp-json\/wp\/v2\/media\/869"}],"wp:attachment":[{"href":"https:\/\/bestpeanutmachine.com\/es\/wp-json\/wp\/v2\/media?parent=838"}],"wp:term":[{"taxonomy":"post_tag","embeddable":true,"href":"https:\/\/bestpeanutmachine.com\/es\/wp-json\/wp\/v2\/tags?post=838"},{"taxonomy":"product-type","embeddable":true,"href":"https:\/\/bestpeanutmachine.com\/es\/wp-json\/wp\/v2\/product-type?post=838"}],"curies":[{"name":"wp","href":"https:\/\/api.w.org\/{rel}","templated":true}]}}