{"id":881,"date":"2026-01-19T14:53:40","date_gmt":"2026-01-19T06:53:40","guid":{"rendered":"https:\/\/bestpeanutmachine.com\/?post_type=product&#038;p=881"},"modified":"2026-01-28T09:20:22","modified_gmt":"2026-01-28T01:20:22","slug":"wet-type-almond-skin-peeler-machine","status":"publish","type":"product","link":"https:\/\/bestpeanutmachine.com\/es\/product\/wet-type-almond-skin-peeler-machine\/","title":{"rendered":"M\u00e1quina de pelado de piel de cacahuete y almendra de alta eficiencia y tipo h\u00famedo"},"content":{"rendered":"<p class=\"translation-block\">La <strong>m\u00e1quina peladora de piel de almendra<\/strong> es un equipo profesional de pelado en h\u00famedo dise\u00f1ado espec\u00edficamente para eliminar las pieles de almendras remojadas, cacahuetes, soja y habas.<\/p>    <p>Utiliza un principio de pelado por fricci\u00f3n con rodillo de goma, logrando una eficiencia de pelado de 150-220 kg\/h y una tasa de pelado del 96%. El producto pelado tiene una tasa de grietas en los granos del 6%, convirti\u00e9ndolo en una m\u00e1quina clave en el preprocesamiento de cacahuetes, almendras y otros frutos secos.<\/p>    <figure class=\"wp-block-embed aligncenter is-type-video is-provider-youtube wp-block-embed-youtube wp-embed-aspect-16-9 wp-has-aspect-ratio\"><div class=\"wp-block-embed__wrapper\"> <iframe loading=\"lazy\" title=\"Tasa de pelado del 96% | Removedor de piel de almendra h\u00famedo Contacto:  8617703863868\" width=\"500\" height=\"281\" src=\"https:\/\/www.youtube.com\/embed\/TgPpSt6FkL4?feature=oembed\" frameborder=\"0\" allow=\"accelerometer; autoplay; clipboard-write; encrypted-media; gyroscope; picture-in-picture; web-share\" referrerpolicy=\"strict-origin-when-cross-origin\" allowfullscreen><\/iframe> <\/div><figcaption class=\"wp-element-caption\">Video de funcionamiento de la m\u00e1quina de pelar piel de almendra<\/figcaption><\/figure>    <h2 class=\"wp-block-heading\"><strong>Aspecto destacado de la m\u00e1quina peladora de almendras<\/strong><\/h2>    <p>En comparaci\u00f3n con el pelado manual tradicional o equipos de pelado en seco, la m\u00e1quina peladora de almendras ofrece ventajas significativas:<\/p>    <ol class=\"wp-block-list\"> <li>Una alta tasa de pelado de hasta el 96% satisface las necesidades de producci\u00f3n industrial.<\/li>    <li>Una baja tasa de rotura (tasa de medio grano \u22646%) de la m\u00e1quina peladora de almendras asegura que los granos permanezcan relativamente intactos.<\/li>    <li>Su proceso de pelado no da\u00f1a la estructura de la prote\u00edna, preservando el color y sabor naturales de los granos.<\/li>    <li>La m\u00e1quina peladora de almendras tiene una estructura compacta, ocupa poco espacio y es f\u00e1cil de instalar.<\/li>    <li>La m\u00e1quina peladora de piel de almendra Taizy est\u00e1 hecha de acero al carbono duradero (tambi\u00e9n disponible en acero inoxidable 304 para personalizaci\u00f3n).<\/li> <\/ol>   <div class=\"wp-block-image\"> <figure class=\"aligncenter size-full\"><img loading=\"lazy\" decoding=\"async\" width=\"925\" height=\"741\" src=\"https:\/\/bestpeanutmachine.com\/wp-content\/uploads\/2026\/01\/almond-peeling-machine.webp\" alt=\"m\u00e1quina peladora de almendras\" class=\"wp-image-891\" srcset=\"https:\/\/bestpeanutmachine.com\/wp-content\/uploads\/2026\/01\/almond-peeling-machine.webp 925w, https:\/\/bestpeanutmachine.com\/wp-content\/uploads\/2026\/01\/almond-peeling-machine-300x240.webp 300w, https:\/\/bestpeanutmachine.com\/wp-content\/uploads\/2026\/01\/almond-peeling-machine-768x615.webp 768w, https:\/\/bestpeanutmachine.com\/wp-content\/uploads\/2026\/01\/almond-peeling-machine-15x12.webp 15w\" sizes=\"auto, (max-width: 925px) 100vw, 925px\" \/><figcaption class=\"wp-element-caption\">m\u00e1quina peladora de almendras<\/figcaption><\/figure> <\/div>   <h2 class=\"wp-block-heading\"><strong>Pasos de trabajo de la m\u00e1quina peladora de almendras<\/strong><\/h2>    <p>La m\u00e1quina peladora de almendras utiliza un principio de pelado por fricci\u00f3n h\u00fameda, que implica pelar frutos secos o legumbres remojados. Este proceso garantiza una alta eficiencia de pelado minimizando el da\u00f1o a los granos. A continuaci\u00f3n, los pasos y el principio de funcionamiento:<\/p>    <p class=\"translation-block\"><strong>Paso 1<\/strong>: Las almendras o cacahuetes se remojan en agua tibia para ablandar la piel roja exterior.<\/p>    <p class=\"translation-block\"><strong>Paso 2<\/strong>: Alimenta las materias primas remojadas en la tolva de la m\u00e1quina descascaradora de piel de almendra.<\/p>    <p class=\"translation-block\"><strong>Paso 3<\/strong>: Las materias primas pasan a trav\u00e9s de una pantalla de alimentaci\u00f3n hacia los rodillos de pelado de goma.<\/p>    <p class=\"translation-block\"><strong>Paso 4<\/strong>: Durante la rotaci\u00f3n de los rodillos, la fricci\u00f3n elimina eficazmente la piel exterior. Y los n\u00facleos y las c\u00e1scaras exteriores se separan autom\u00e1ticamente al descargarse.<\/p>    <p class=\"translation-block\"><strong>Paso 5<\/strong>: Se recogen los n\u00facleos blancos limpios, mientras que las c\u00e1scaras exteriores se descargan por separado.<\/p>    <figure class=\"wp-block-gallery has-nested-images columns-default is-cropped wp-block-gallery-2 is-layout-flex wp-block-gallery-is-layout-flex\"> <figure class=\"wp-block-image size-large\"><img loading=\"lazy\" decoding=\"async\" width=\"540\" height=\"720\" data-id=\"900\" src=\"https:\/\/bestpeanutmachine.com\/wp-content\/uploads\/2026\/01\/inlet-of-almond-peeling-machine.webp\" alt=\"entrada de la m\u00e1quina peladora de almendra\" class=\"wp-image-900\" srcset=\"https:\/\/bestpeanutmachine.com\/wp-content\/uploads\/2026\/01\/inlet-of-almond-peeling-machine.webp 540w, https:\/\/bestpeanutmachine.com\/wp-content\/uploads\/2026\/01\/inlet-of-almond-peeling-machine-225x300.webp 225w, https:\/\/bestpeanutmachine.com\/wp-content\/uploads\/2026\/01\/inlet-of-almond-peeling-machine-9x12.webp 9w\" sizes=\"auto, (max-width: 540px) 100vw, 540px\" \/><figcaption class=\"wp-element-caption\">entrada de la m\u00e1quina peladora de almendra<\/figcaption><\/figure>    <figure class=\"wp-block-image size-large\"><img loading=\"lazy\" decoding=\"async\" width=\"540\" height=\"720\" data-id=\"893\" src=\"https:\/\/bestpeanutmachine.com\/wp-content\/uploads\/2026\/01\/peeling-system-of-almond-skin-peeler-machine.webp\" alt=\"sistema de pelado de la m\u00e1quina peladora de piel de almendra\" class=\"wp-image-893\" srcset=\"https:\/\/bestpeanutmachine.com\/wp-content\/uploads\/2026\/01\/peeling-system-of-almond-skin-peeler-machine.webp 540w, https:\/\/bestpeanutmachine.com\/wp-content\/uploads\/2026\/01\/peeling-system-of-almond-skin-peeler-machine-225x300.webp 225w, https:\/\/bestpeanutmachine.com\/wp-content\/uploads\/2026\/01\/peeling-system-of-almond-skin-peeler-machine-9x12.webp 9w\" sizes=\"auto, (max-width: 540px) 100vw, 540px\" \/><figcaption class=\"wp-element-caption\">sistema de pelado de la m\u00e1quina peladora de piel de almendra<\/figcaption><\/figure>    <figure class=\"wp-block-image size-large\"><img loading=\"lazy\" decoding=\"async\" width=\"540\" height=\"720\" data-id=\"892\" src=\"https:\/\/bestpeanutmachine.com\/wp-content\/uploads\/2026\/01\/outlet-of-peanut-skin-peeling-machine.webp\" alt=\"salida de la m\u00e1quina peladora de piel de cacahuete\" class=\"wp-image-892\" srcset=\"https:\/\/bestpeanutmachine.com\/wp-content\/uploads\/2026\/01\/outlet-of-peanut-skin-peeling-machine.webp 540w, https:\/\/bestpeanutmachine.com\/wp-content\/uploads\/2026\/01\/outlet-of-peanut-skin-peeling-machine-225x300.webp 225w, https:\/\/bestpeanutmachine.com\/wp-content\/uploads\/2026\/01\/outlet-of-peanut-skin-peeling-machine-9x12.webp 9w\" sizes=\"auto, (max-width: 540px) 100vw, 540px\" \/><figcaption class=\"wp-element-caption\">salida de la m\u00e1quina peladora de piel de cacahuete<\/figcaption><\/figure> <\/figure>    <h2 class=\"wp-block-heading\"><strong>Par\u00e1metros de la m\u00e1quina peladora de piel de almendra<\/strong><\/h2>    <figure class=\"wp-block-table\"><table class=\"has-fixed-layout\"><tbody><tr><td>Modelo<\/td><td class=\"has-text-align-center\" data-align=\"center\">ST-11<\/td><td class=\"has-text-align-center\" data-align=\"center\">ST-8<\/td><\/tr><tr><td>Fuerza<\/td><td class=\"has-text-align-center\" data-align=\"center\">1.5 kW<\/td><td class=\"has-text-align-center\" data-align=\"center\">1.5 kW<\/td><\/tr><tr><td>Capacidad<\/td><td class=\"has-text-align-center\" data-align=\"center\">200\u2013220 kg\/h<\/td><td class=\"has-text-align-center\" data-align=\"center\">150\u2013160 kg\/h<\/td><\/tr><tr><td>Tasa de pelado<\/td><td class=\"has-text-align-center\" data-align=\"center\">96%<\/td><td class=\"has-text-align-center\" data-align=\"center\">96%<\/td><\/tr><tr><td>Tasa de medio grano<\/td><td class=\"has-text-align-center\" data-align=\"center\">\u2264 6%<\/td><td class=\"has-text-align-center\" data-align=\"center\">\u2264 6%<\/td><\/tr><tr><td>Tama\u00f1o de la m\u00e1quina<\/td><td class=\"has-text-align-center\" data-align=\"center\">1100 \u00d7 760 \u00d7 1050 mm<\/td><td class=\"has-text-align-center\" data-align=\"center\">1160 \u00d7 760 \u00d7 1100 mm<\/td><\/tr><\/tbody><\/table><figcaption class=\"wp-element-caption\"> especificaciones de la m\u00e1quina peladora de piel de almendra<\/figcaption><\/figure>    <p>Al seleccionar una m\u00e1quina peladora de almendras, considere su capacidad de procesamiento, el tipo de materias primas a procesar y el espacio y suministro de energ\u00eda disponibles en la f\u00e1brica.<\/p>    <p>Adem\u00e1s, ofrecemos servicios de m\u00e1quinas personalizadas. Ya sea para cambiar los materiales de la m\u00e1quina o ajustar el voltaje, podemos fabricar la m\u00e1quina seg\u00fan sus necesidades espec\u00edficas.<\/p>    <figure class=\"wp-block-gallery has-nested-images columns-default is-cropped wp-block-gallery-3 is-layout-flex wp-block-gallery-is-layout-flex\"> <figure class=\"wp-block-image size-large\"><img loading=\"lazy\" decoding=\"async\" width=\"540\" height=\"720\" data-id=\"894\" src=\"https:\/\/bestpeanutmachine.com\/wp-content\/uploads\/2026\/01\/almond-skin-peeling-machine.webp\" alt=\"m\u00e1quina peladora de piel de almendra\" class=\"wp-image-894\" srcset=\"https:\/\/bestpeanutmachine.com\/wp-content\/uploads\/2026\/01\/almond-skin-peeling-machine.webp 540w, https:\/\/bestpeanutmachine.com\/wp-content\/uploads\/2026\/01\/almond-skin-peeling-machine-225x300.webp 225w, https:\/\/bestpeanutmachine.com\/wp-content\/uploads\/2026\/01\/almond-skin-peeling-machine-9x12.webp 9w\" sizes=\"auto, (max-width: 540px) 100vw, 540px\" \/><figcaption class=\"wp-element-caption\">m\u00e1quina peladora de piel de almendra<\/figcaption><\/figure>    <figure class=\"wp-block-image size-large\"><img loading=\"lazy\" decoding=\"async\" width=\"540\" height=\"720\" data-id=\"895\" src=\"https:\/\/bestpeanutmachine.com\/wp-content\/uploads\/2026\/01\/almond-skin-removing-machine.webp\" alt=\"m\u00e1quina para eliminar piel de almendra\" class=\"wp-image-895\" srcset=\"https:\/\/bestpeanutmachine.com\/wp-content\/uploads\/2026\/01\/almond-skin-removing-machine.webp 540w, https:\/\/bestpeanutmachine.com\/wp-content\/uploads\/2026\/01\/almond-skin-removing-machine-225x300.webp 225w, https:\/\/bestpeanutmachine.com\/wp-content\/uploads\/2026\/01\/almond-skin-removing-machine-9x12.webp 9w\" sizes=\"auto, (max-width: 540px) 100vw, 540px\" \/><figcaption class=\"wp-element-caption\">m\u00e1quina para eliminar piel de almendra<\/figcaption><\/figure>    <figure class=\"wp-block-image size-large\"><img loading=\"lazy\" decoding=\"async\" width=\"540\" height=\"720\" data-id=\"896\" src=\"https:\/\/bestpeanutmachine.com\/wp-content\/uploads\/2026\/01\/peanut-skin-removingmachine.webp\" alt=\"m\u00e1quina para quitar la piel de man\u00ed\" class=\"wp-image-896\" srcset=\"https:\/\/bestpeanutmachine.com\/wp-content\/uploads\/2026\/01\/peanut-skin-removingmachine.webp 540w, https:\/\/bestpeanutmachine.com\/wp-content\/uploads\/2026\/01\/peanut-skin-removingmachine-225x300.webp 225w, https:\/\/bestpeanutmachine.com\/wp-content\/uploads\/2026\/01\/peanut-skin-removingmachine-9x12.webp 9w\" sizes=\"auto, (max-width: 540px) 100vw, 540px\" \/><figcaption class=\"wp-element-caption\">m\u00e1quina para quitar la piel de man\u00ed<\/figcaption><\/figure> <\/figure>    <h2 class=\"wp-block-heading\"><strong>\u00bfQu\u00e9 materiales pueden ser pelados por la m\u00e1quina peladora de piel de almendra?<\/strong><\/h2>    <p>La m\u00e1quina peladora de piel de almendra es adecuada para eliminar la piel exterior (piel roja o c\u00e1scara de semilla) de varios frutos secos y legumbres despu\u00e9s de remojar. Puede eliminar eficazmente la piel exterior de los siguientes materiales:<\/p>    <ul class=\"wp-block-list\"> <li>Almendras \u2013 eliminando la piel exterior marr\u00f3n para su posterior procesamiento alimentario<\/li>    <li>Cacahuetes \u2013 eliminando la c\u00e1scara roja exterior (c\u00e1scara de la semilla de cacahuete)<\/li>    <li>Soja \u2013 eliminando la c\u00e1scara de la semilla de soja<\/li>    <li>Habas \u2013 eliminando la piel exterior<\/li> <\/ul>    <p>Los granos de almendra son un ingrediente ideal para diversas aplicaciones en procesamiento de alimentos. Se utilizan ampliamente en la producci\u00f3n de leche de almendra y bebidas de almendra, as\u00ed como en productos de panader\u00eda como copos de almendra y almendras trituradas.<\/p>    <p>Los cacahuetes con c\u00e1scara se pueden usar para hacer cacahuetes fritos, mantequilla de cacahuete, bebidas de cacahuete y otros productos de snack a base de cacahuete como caramelos de cacahuete.<\/p>    <p>En comparaci\u00f3n con las materias primas sin pelar, las almendras y cacahuetes pelados en h\u00famedo tienen un mejor sabor y textura, mejoran significativamente la eficiencia del procesamiento aguas abajo y eliminan eficazmente b<\/p>    <h2 class=\"wp-block-heading\"><strong>Combinaciones comunes de m\u00e1quinas de frutos secos<\/strong><\/h2>    <h3 class=\"wp-block-heading\"><strong>Proceso de corte de almendra:<\/strong><\/h3>    <p class=\"translation-block\">El proceso de corte de almendra requiere dos m\u00e1quinas: una m\u00e1quina peladora de piel de almendra en h\u00famedo y <a href=\"https:\/\/bestpeanutmachine.com\/es\/product\/almond-slicer-machine\/\">una m\u00e1quina de corte de almendra<\/a>. El uso combinado de estas dos m\u00e1quinas reduce significativamente la rotura de almendras durante el corte, mejorando la calidad del producto y la eficiencia de producci\u00f3n.<\/p>    <figure class=\"wp-block-gallery aligncenter has-nested-images columns-default is-cropped wp-block-gallery-4 is-layout-flex wp-block-gallery-is-layout-flex\"> <figure class=\"wp-block-image size-full\"><a href=\"https:\/\/bestpeanutmachine.com\/es\/product\/almond-slicer-machine\/\"><img loading=\"lazy\" decoding=\"async\" width=\"720\" height=\"540\" data-id=\"441\" src=\"https:\/\/bestpeanutmachine.com\/wp-content\/uploads\/2025\/09\/almond-slicing-machine.webp\" alt=\"m\u00e1quina cortadora de almendras\" class=\"wp-image-441\" srcset=\"https:\/\/bestpeanutmachine.com\/wp-content\/uploads\/2025\/09\/almond-slicing-machine.webp 720w, https:\/\/bestpeanutmachine.com\/wp-content\/uploads\/2025\/09\/almond-slicing-machine-300x225.webp 300w, https:\/\/bestpeanutmachine.com\/wp-content\/uploads\/2025\/09\/almond-slicing-machine-16x12.webp 16w\" sizes=\"auto, (max-width: 720px) 100vw, 720px\" \/><\/a><figcaption class=\"wp-element-caption\">m\u00e1quina cortadora de almendras<\/figcaption><\/figure>    <figure class=\"wp-block-image size-full\"><img loading=\"lazy\" decoding=\"async\" width=\"720\" height=\"540\" data-id=\"899\" src=\"https:\/\/bestpeanutmachine.com\/wp-content\/uploads\/2026\/01\/almond-slices.webp\" alt=\"rodajas de almendra\" class=\"wp-image-899\" srcset=\"https:\/\/bestpeanutmachine.com\/wp-content\/uploads\/2026\/01\/almond-slices.webp 720w, https:\/\/bestpeanutmachine.com\/wp-content\/uploads\/2026\/01\/almond-slices-300x225.webp 300w, https:\/\/bestpeanutmachine.com\/wp-content\/uploads\/2026\/01\/almond-slices-16x12.webp 16w\" sizes=\"auto, (max-width: 720px) 100vw, 720px\" \/><figcaption class=\"wp-element-caption\">rodajas de almendra<\/figcaption><\/figure> <\/figure>    <h3 class=\"wp-block-heading\"><strong>Producci\u00f3n de pasta de almendra:<\/strong><\/h3>    <p class=\"translation-block\">Este proceso requiere al menos una m\u00e1quina peladora de almendras y <a href=\"https:\/\/bestpeanutmachine.com\/es\/product\/peanut-butter-grinder-machine\/\">una m\u00e1quina de molienda de almendras<\/a>. Eliminar eficazmente la piel de las almendras reduce la amargura, resultando en una pasta de almendra m\u00e1s dulce y suave.<\/p>    <p>Por lo tanto, una m\u00e1quina peladora de almendras no es solo una m\u00e1quina de preprocesamiento simple, sino que puede afectar directamente la calidad del producto final. Si planea invertir en una l\u00ednea de producci\u00f3n de almendras o cacahuetes, nuestro equipo t\u00e9cnico le proporcionar\u00e1 una soluci\u00f3n personalizada gratuita para satisfacer sus necesidades espec\u00edficas.<\/p>    <figure class=\"wp-block-gallery aligncenter has-nested-images columns-default is-cropped wp-block-gallery-5 is-layout-flex wp-block-gallery-is-layout-flex\"> <figure class=\"wp-block-image size-full\"><a href=\"https:\/\/bestpeanutmachine.com\/es\/product\/peanut-butter-grinder-machine\/\"><img loading=\"lazy\" decoding=\"async\" width=\"720\" height=\"540\" data-id=\"828\" src=\"https:\/\/bestpeanutmachine.com\/wp-content\/uploads\/2025\/09\/commercial-peanut-butter-machine-1.webp\" alt=\"m\u00e1quina comercial de mantequilla de almendra\" class=\"wp-image-828\" srcset=\"https:\/\/bestpeanutmachine.com\/wp-content\/uploads\/2025\/09\/commercial-peanut-butter-machine-1.webp 720w, https:\/\/bestpeanutmachine.com\/wp-content\/uploads\/2025\/09\/commercial-peanut-butter-machine-1-300x225.webp 300w, https:\/\/bestpeanutmachine.com\/wp-content\/uploads\/2025\/09\/commercial-peanut-butter-machine-1-16x12.webp 16w\" sizes=\"auto, (max-width: 720px) 100vw, 720px\" \/><\/a><figcaption class=\"wp-element-caption\">m\u00e1quina comercial de mantequilla de almendra<\/figcaption><\/figure>    <figure class=\"wp-block-image size-full\"><img loading=\"lazy\" decoding=\"async\" width=\"720\" height=\"540\" data-id=\"898\" src=\"https:\/\/bestpeanutmachine.com\/wp-content\/uploads\/2026\/01\/almond-butter.webp\" alt=\"mantequilla de almendra\" class=\"wp-image-898\" srcset=\"https:\/\/bestpeanutmachine.com\/wp-content\/uploads\/2026\/01\/almond-butter.webp 720w, https:\/\/bestpeanutmachine.com\/wp-content\/uploads\/2026\/01\/almond-butter-300x225.webp 300w, https:\/\/bestpeanutmachine.com\/wp-content\/uploads\/2026\/01\/almond-butter-16x12.webp 16w\" sizes=\"auto, (max-width: 720px) 100vw, 720px\" \/><figcaption class=\"wp-element-caption\">mantequilla de almendra<\/figcaption><\/figure> <\/figure>    <h2 class=\"wp-block-heading\"><strong>Problemas comunes y soluciones de la m\u00e1quina peladora de piel de almendra<\/strong><\/h2>    <h3 class=\"wp-block-heading\"><strong>Baja tasa de pelado de la m\u00e1quina peladora de piel de cacahuete<\/strong><\/h3>    <p class=\"translation-block\"><strong>Causas posibles:<\/strong><\/p>    <ul class=\"wp-block-list\"> <li>Tiempo de remojo insuficiente o baja temperatura del agua.<\/li>    <li>Tama\u00f1o desigual de las materias primas.<\/li>    <li>Cuchillas desgastadas o portacuchillas obstruido.<\/li> <\/ul>    <p class=\"translation-block\"><strong>Soluciones:<\/strong><\/p>    <ul class=\"wp-block-list\"> <li>Aumentar el tiempo de remojo y ajustar la temperatura del agua.<\/li>    <li>Clasificar las materias primas por tama\u00f1o.<\/li>    <li>Reemplazar las cuchillas y limpiar los rodillos de goma.<\/li> <\/ul>    <h3 class=\"wp-block-heading\"><strong>Demasiados granos en la c\u00e1scara<\/strong><\/h3>    <p class=\"translation-block\"><strong>Causas posibles:<\/strong> La rueda de descarga est\u00e1 colocada demasiado alta.<\/p>    <p class=\"translation-block\"><strong>Soluciones:<\/strong> Bajar la posici\u00f3n de la rueda de descarga para asegurar contacto cercano con el eje de exprimido de la piel.<\/p>    <h3 class=\"wp-block-heading\"><strong>Demasiado residuo de c\u00e1scara en los granos<\/strong><\/h3>    <p class=\"translation-block\"><strong>Causas posibles:<\/strong> La rueda de descarga est\u00e1 colocada demasiado baja.<\/p>    <p class=\"translation-block\"><strong>Soluciones:<\/strong> Ajustar la altura de la rueda de descarga para asegurar un contacto adecuado.<\/p>    <h3 class=\"wp-block-heading\"><strong>Alta proporci\u00f3n de granos rotos o medio grano<\/strong><\/h3>    <p class=\"translation-block\"><strong>Causas posibles:<\/strong><\/p>    <ul class=\"wp-block-list\"> <li>La separaci\u00f3n entre rodillos de goma es demasiado peque\u00f1a.<\/li>    <li>Materias primas remojadas durante demasiado tiempo.<\/li> <\/ul>    <p class=\"translation-block\"><strong>Soluciones:<\/strong><\/p>    <ul class=\"wp-block-list\"> <li>Aumentar la separaci\u00f3n de rodillos.<\/li>    <li>Controlar estrictamente el tiempo de remojo.<\/li> <\/ul>    <h3 class=\"wp-block-heading\"><strong>Los frutos secos sin pelar salen por la salida<\/strong><\/h3>    <p class=\"translation-block\"><strong>Causas posibles:<\/strong><\/p>    <ul class=\"wp-block-list\"> <li>Gu\u00edas da\u00f1adas o mal instaladas.<\/li>    <li>Tama\u00f1o desigual de las materias primas.<\/li> <\/ul>    <p class=\"translation-block\"><strong>Soluciones:<\/strong><\/p>    <ul class=\"wp-block-list\"> <li>Reemplazar o ajustar las gu\u00edas<\/li>    <li>Clasificar las materias primas antes del pelado<\/li> <\/ul>    <p class=\"translation-block\">Adem\u00e1s de las m\u00e1quinas peladoras de piel de almendra en h\u00famedo, tambi\u00e9n disponemos de <a href=\"https:\/\/bestpeanutmachine.com\/es\/product\/peanut-peeling-machine\/\">m\u00e1quinas de pelado en seco<\/a> adecuadas para pelar frutos secos como cacahuetes despu\u00e9s de tostarlos. <\/p>    <figure class=\"wp-block-gallery has-nested-images columns-default is-cropped wp-block-gallery-6 is-layout-flex wp-block-gallery-is-layout-flex\"> <figure class=\"wp-block-image size-large\"><img loading=\"lazy\" decoding=\"async\" width=\"720\" height=\"540\" data-id=\"897\" src=\"https:\/\/bestpeanutmachine.com\/wp-content\/uploads\/2026\/01\/wet-type-peanut-skin-peeling-machine.webp\" alt=\"m\u00e1quina peladora de piel de cacahuete en h\u00famedo\" class=\"wp-image-897\" srcset=\"https:\/\/bestpeanutmachine.com\/wp-content\/uploads\/2026\/01\/wet-type-peanut-skin-peeling-machine.webp 720w, https:\/\/bestpeanutmachine.com\/wp-content\/uploads\/2026\/01\/wet-type-peanut-skin-peeling-machine-300x225.webp 300w, https:\/\/bestpeanutmachine.com\/wp-content\/uploads\/2026\/01\/wet-type-peanut-skin-peeling-machine-16x12.webp 16w\" sizes=\"auto, (max-width: 720px) 100vw, 720px\" \/><figcaption class=\"wp-element-caption\">m\u00e1quina peladora de piel de cacahuete en h\u00famedo<\/figcaption><\/figure>    <figure class=\"wp-block-image size-large\"><img loading=\"lazy\" decoding=\"async\" width=\"720\" height=\"540\" data-id=\"463\" src=\"https:\/\/bestpeanutmachine.com\/wp-content\/uploads\/2022\/08\/peanut-peeling-machine-1.webp\" alt=\"m\u00e1quina peladora de cacahuete en seco\" class=\"wp-image-463\" srcset=\"https:\/\/bestpeanutmachine.com\/wp-content\/uploads\/2022\/08\/peanut-peeling-machine-1.webp 720w, https:\/\/bestpeanutmachine.com\/wp-content\/uploads\/2022\/08\/peanut-peeling-machine-1-300x225.webp 300w, https:\/\/bestpeanutmachine.com\/wp-content\/uploads\/2022\/08\/peanut-peeling-machine-1-16x12.webp 16w\" sizes=\"auto, (max-width: 720px) 100vw, 720px\" \/><figcaption class=\"wp-element-caption\">m\u00e1quina peladora de cacahuete en seco<\/figcaption><\/figure> <\/figure>    <p>Si no est\u00e1 seguro de qu\u00e9 m\u00e1quina es la m\u00e1s adecuada para sus necesidades, no dude en contactarnos. Puede proporcionar informaci\u00f3n sobre las materias primas que desea procesar y su uso previsto, y le ofreceremos una soluci\u00f3n personalizada.<\/p>","protected":false},"excerpt":{"rendered":"<p>The almond peeling machine is a wet-type peeling equipment suitable for removing the skin of almonds and peanuts. It features high peeling efficiency, low kernel breakage rate, and automatic separation of the peels, which is widely used in nut beverage, fried nut, and nut butter production lines.<\/p>","protected":false},"author":1,"featured_media":901,"parent":0,"template":"","tags":[11],"product-type":[76,6],"class_list":["post-881","product","type-product","status-publish","has-post-thumbnail","hentry","tag-peanut","product-type-other-nuts-machine","product-type-product"],"_links":{"self":[{"href":"https:\/\/bestpeanutmachine.com\/es\/wp-json\/wp\/v2\/product\/881","targetHints":{"allow":["GET"]}}],"collection":[{"href":"https:\/\/bestpeanutmachine.com\/es\/wp-json\/wp\/v2\/product"}],"about":[{"href":"https:\/\/bestpeanutmachine.com\/es\/wp-json\/wp\/v2\/types\/product"}],"author":[{"embeddable":true,"href":"https:\/\/bestpeanutmachine.com\/es\/wp-json\/wp\/v2\/users\/1"}],"wp:featuredmedia":[{"embeddable":true,"href":"https:\/\/bestpeanutmachine.com\/es\/wp-json\/wp\/v2\/media\/901"}],"wp:attachment":[{"href":"https:\/\/bestpeanutmachine.com\/es\/wp-json\/wp\/v2\/media?parent=881"}],"wp:term":[{"taxonomy":"post_tag","embeddable":true,"href":"https:\/\/bestpeanutmachine.com\/es\/wp-json\/wp\/v2\/tags?post=881"},{"taxonomy":"product-type","embeddable":true,"href":"https:\/\/bestpeanutmachine.com\/es\/wp-json\/wp\/v2\/product-type?post=881"}],"curies":[{"name":"wp","href":"https:\/\/api.w.org\/{rel}","templated":true}]}}