{"id":908,"date":"2026-01-21T13:54:12","date_gmt":"2026-01-21T05:54:12","guid":{"rendered":"https:\/\/bestpeanutmachine.com\/?post_type=product&#038;p=908"},"modified":"2026-01-21T14:52:47","modified_gmt":"2026-01-21T06:52:47","slug":"nut-sorting-machine-for-almonds","status":"publish","type":"product","link":"https:\/\/bestpeanutmachine.com\/es\/product\/nut-sorting-machine-for-almonds\/","title":{"rendered":"M\u00e1quina clasificadora de nueces para almendras, avellanas y varias nueces"},"content":{"rendered":"<p class=\"translation-block\">La <strong>m\u00e1quina clasificadora de nueces<\/strong> se usa para separar c\u00e1scaras de los n\u00facleos y clasificarlos con precisi\u00f3n en diferentes grados de tama\u00f1o para almacenamiento, embalaje y venta estandarizados. Es ampliamente utilizada para clasificar y ordenar almendras, avellanas, cacahuetes y varias legumbres, adecuada para el preprocesamiento de nueces.<\/p>    <figure class=\"wp-block-embed aligncenter is-type-video is-provider-youtube wp-block-embed-youtube wp-embed-aspect-16-9 wp-has-aspect-ratio\"><div class=\"wp-block-embed__wrapper\"> <iframe loading=\"lazy\" title=\"M\u00e1quina de clasificaci\u00f3n de nueces de m\u00faltiples niveles para almendras, cacahuetes, nueces Contacto:\" width=\"500\" height=\"281\" src=\"https:\/\/www.youtube.com\/embed\/mBr1bzfMWRg?feature=oembed\" frameborder=\"0\" allow=\"accelerometer; autoplay; clipboard-write; encrypted-media; gyroscope; picture-in-picture; web-share\" referrerpolicy=\"strict-origin-when-cross-origin\" allowfullscreen><\/iframe> <\/div><figcaption class=\"wp-element-caption\">Video de trabajo de la m\u00e1quina de clasificaci\u00f3n de nueces<\/figcaption><\/figure>    <h2 class=\"wp-block-heading\"><strong>Aspectos destacados de la m\u00e1quina clasificadora de nueces Taizy<\/strong><\/h2>    <ul class=\"wp-block-list\"> <li>La m\u00e1quina clasificadora de nueces ofrece niveles de vibraci\u00f3n seleccionables de 1, 2, 3, 4 o 5, permitiendo clasificar en m\u00faltiples grados de tama\u00f1o seg\u00fan los requisitos espec\u00edficos de las nueces.<\/li>    <li>We have optimized the machine&#8217;s vibration frequency and screen structure to ensure minimal cracking and surface damage when processing nuts.<\/li>    <li>La apertura de la placa de tamiz es ajustable de 6 a 10 mm, y las placas de tamiz pueden reemplazarse para lograr resultados de tamizado \u00f3ptimos seg\u00fan el tipo de nuez y los requisitos de clasificaci\u00f3n.<\/li>    <li>Su estructura de acero al carbono garantiza durabilidad y operaci\u00f3n estable en entornos de producci\u00f3n continua. Para requisitos de material m\u00e1s altos, tambi\u00e9n ofrecemos opciones personalizadas de acero inoxidable 304.<\/li> <\/ul>    <h2 class=\"wp-block-heading\"><strong>\u00bfPor qu\u00e9 es importante la m\u00e1quina clasificadora de nueces para el preprocesamiento de nueces?<\/strong><\/h2>    <p>Despu\u00e9s del procesamiento por la m\u00e1quina clasificadora de nueces, los materiales se separan en grados de tama\u00f1o uniformes (grande, mediano, peque\u00f1o o m\u00e1s grados), lo que resulta en un mayor valor de mercado y una fijaci\u00f3n de precios m\u00e1s sencilla.<\/p>    <p>Las nueces de diferentes grados de tama\u00f1o pueden transportarse a diferentes m\u00e1quinas para su procesamiento, mejorando la utilizaci\u00f3n de la materia prima y reduciendo desperdicios:<\/p>    <ul class=\"wp-block-list\"> <li>Nueces grandes \u2192 Venta directa o embalaje premium<\/li>    <li>Nueces de tama\u00f1o mediano \u2192 Cortar en rodajas o asar<\/li>    <li>Nueces peque\u00f1as \u2192 Picarlas, molerlas o hacer salsas<\/li> <\/ul>    <p>Las nueces clasificadas tambi\u00e9n mejoran la eficiencia del embalaje. Durante el embalaje, los materiales pueden fluir suavemente hacia m\u00e1quinas autom\u00e1ticas de pesaje, llenado y embalaje, reduciendo errores y tiempos de inactividad.<\/p>    <figure class=\"wp-block-gallery has-nested-images columns-default is-cropped wp-block-gallery-2 is-layout-flex wp-block-gallery-is-layout-flex\"> <figure class=\"wp-block-image size-large\"><img loading=\"lazy\" decoding=\"async\" width=\"720\" height=\"540\" data-id=\"914\" src=\"https:\/\/bestpeanutmachine.com\/wp-content\/uploads\/2026\/01\/almonds-before-sieving.webp\" alt=\"Antes de tamizar las almendras\" class=\"wp-image-914\" srcset=\"https:\/\/bestpeanutmachine.com\/wp-content\/uploads\/2026\/01\/almonds-before-sieving.webp 720w, https:\/\/bestpeanutmachine.com\/wp-content\/uploads\/2026\/01\/almonds-before-sieving-300x225.webp 300w, https:\/\/bestpeanutmachine.com\/wp-content\/uploads\/2026\/01\/almonds-before-sieving-16x12.webp 16w\" sizes=\"auto, (max-width: 720px) 100vw, 720px\" \/><figcaption class=\"wp-element-caption\">Antes de tamizar las almendras<\/figcaption><\/figure>    <figure class=\"wp-block-image size-large\"><img loading=\"lazy\" decoding=\"async\" width=\"720\" height=\"540\" data-id=\"915\" src=\"https:\/\/bestpeanutmachine.com\/wp-content\/uploads\/2026\/01\/sieved-almonds.webp\" alt=\"Almendras tamizadas\" class=\"wp-image-915\" srcset=\"https:\/\/bestpeanutmachine.com\/wp-content\/uploads\/2026\/01\/sieved-almonds.webp 720w, https:\/\/bestpeanutmachine.com\/wp-content\/uploads\/2026\/01\/sieved-almonds-300x225.webp 300w, https:\/\/bestpeanutmachine.com\/wp-content\/uploads\/2026\/01\/sieved-almonds-16x12.webp 16w\" sizes=\"auto, (max-width: 720px) 100vw, 720px\" \/><figcaption class=\"wp-element-caption\">Almendras tamizadas<\/figcaption><\/figure> <\/figure>    <h2 class=\"wp-block-heading\"><strong>Modelos y par\u00e1metros t\u00e9cnicos de m\u00e1quinas clasificadoras de nueces<\/strong><\/h2>    <h3 class=\"wp-block-heading\"><strong>Pantalla de clasificaci\u00f3n de un nivel<\/strong><\/h3>    <figure class=\"wp-block-table is-style-regular\"><table class=\"has-fixed-layout\"><tbody><tr><td>Capacidad<\/td><td class=\"has-text-align-center\" data-align=\"center\">100-150 kg\/h<\/td><\/tr><tr><td>Fuerza<\/td><td class=\"has-text-align-center\" data-align=\"center\">0.18 kW<\/td><\/tr><tr><td>Voltaje<\/td><td class=\"has-text-align-center\" data-align=\"center\">380V \/ 50Hz<\/td><\/tr><tr><td>Material<\/td><td class=\"has-text-align-center\" data-align=\"center\">Acero al carbono<\/td><\/tr><tr><td>Tama\u00f1o<\/td><td class=\"has-text-align-center\" data-align=\"center\">1.6 \u00d7 0.8 \u00d7 0.6 m<\/td><\/tr><tr><td>Peso<\/td><td class=\"has-text-align-center\" data-align=\"center\">260 kg<\/td><\/tr><\/tbody><\/table><figcaption class=\"wp-element-caption\">Especificaci\u00f3n de la pantalla de clasificaci\u00f3n de 1 nivel<\/figcaption><\/figure>   <div class=\"wp-block-image\"> <figure class=\"aligncenter size-full\"><img loading=\"lazy\" decoding=\"async\" width=\"720\" height=\"540\" src=\"https:\/\/bestpeanutmachine.com\/wp-content\/uploads\/2026\/01\/1-Level-sorting-screen-nut-seiving-machine.webp\" alt=\"Pantalla de clasificaci\u00f3n de 1 nivel para nueces\" class=\"wp-image-916\" srcset=\"https:\/\/bestpeanutmachine.com\/wp-content\/uploads\/2026\/01\/1-Level-sorting-screen-nut-seiving-machine.webp 720w, https:\/\/bestpeanutmachine.com\/wp-content\/uploads\/2026\/01\/1-Level-sorting-screen-nut-seiving-machine-300x225.webp 300w, https:\/\/bestpeanutmachine.com\/wp-content\/uploads\/2026\/01\/1-Level-sorting-screen-nut-seiving-machine-16x12.webp 16w\" sizes=\"auto, (max-width: 720px) 100vw, 720px\" \/><figcaption class=\"wp-element-caption\">M\u00e1quina de clasificaci\u00f3n de nueces de 1 nivel<\/figcaption><\/figure> <\/div>   <h3 class=\"wp-block-heading\"><strong>Pantalla de clasificaci\u00f3n de 2 niveles<\/strong><\/h3>    <figure class=\"wp-block-table\"><table class=\"has-fixed-layout\"><tbody><tr><td>Capacidad<\/td><td class=\"has-text-align-center\" data-align=\"center\">150-200 kg\/h<\/td><\/tr><tr><td>Fuerza<\/td><td class=\"has-text-align-center\" data-align=\"center\">1.1 kW<\/td><\/tr><tr><td>Voltaje<\/td><td class=\"has-text-align-center\" data-align=\"center\">380V \/ 50Hz<\/td><\/tr><tr><td>Material<\/td><td class=\"has-text-align-center\" data-align=\"center\">Acero al carbono<\/td><\/tr><tr><td>Tama\u00f1o<\/td><td class=\"has-text-align-center\" data-align=\"center\">2.4 \u00d7 0.8 \u00d7 1.4 m<\/td><\/tr><tr><td>Peso<\/td><td class=\"has-text-align-center\" data-align=\"center\">260 kg<\/td><\/tr><\/tbody><\/table><figcaption class=\"wp-element-caption\">Especificaci\u00f3n de la m\u00e1quina clasificadora de cacahuetes de 2 niveles<\/figcaption><\/figure>   <div class=\"wp-block-image\"> <figure class=\"aligncenter size-full\"><img loading=\"lazy\" decoding=\"async\" width=\"720\" height=\"540\" src=\"https:\/\/bestpeanutmachine.com\/wp-content\/uploads\/2026\/01\/2-Level-sorting-screen-peanut-sorter.webp\" alt=\"Pantalla de clasificaci\u00f3n de 2 niveles para cacahuetes\" class=\"wp-image-917\" srcset=\"https:\/\/bestpeanutmachine.com\/wp-content\/uploads\/2026\/01\/2-Level-sorting-screen-peanut-sorter.webp 720w, https:\/\/bestpeanutmachine.com\/wp-content\/uploads\/2026\/01\/2-Level-sorting-screen-peanut-sorter-300x225.webp 300w, https:\/\/bestpeanutmachine.com\/wp-content\/uploads\/2026\/01\/2-Level-sorting-screen-peanut-sorter-16x12.webp 16w\" sizes=\"auto, (max-width: 720px) 100vw, 720px\" \/><figcaption class=\"wp-element-caption\">Pantalla de clasificaci\u00f3n de 2 niveles para cacahuetes<\/figcaption><\/figure> <\/div>   <h3 class=\"wp-block-heading\"><strong>Pantalla de clasificaci\u00f3n de 3 niveles<\/strong><\/h3>    <figure class=\"wp-block-table\"><table class=\"has-fixed-layout\"><tbody><tr><td>Capacidad<\/td><td class=\"has-text-align-center\" data-align=\"center\">600\u2013800 kg\/h<\/td><\/tr><tr><td>Fuerza<\/td><td class=\"has-text-align-center\" data-align=\"center\">1.1 kW<\/td><\/tr><tr><td>Voltaje<\/td><td class=\"has-text-align-center\" data-align=\"center\">380V \/ 50Hz<\/td><\/tr><tr><td>Material<\/td><td class=\"has-text-align-center\" data-align=\"center\">Acero al carbono<\/td><\/tr><tr><td>Tama\u00f1o<\/td><td class=\"has-text-align-center\" data-align=\"center\">2.4 \u00d7 0.8 \u00d7 1.6 m<\/td><\/tr><tr><td>Peso<\/td><td class=\"has-text-align-center\" data-align=\"center\">260 kg<\/td><\/tr><\/tbody><\/table><figcaption class=\"wp-element-caption\">Especificaci\u00f3n de la m\u00e1quina de clasificaci\u00f3n de nueces de 3 niveles<\/figcaption><\/figure>   <div class=\"wp-block-image\"> <figure class=\"aligncenter size-full\"><img loading=\"lazy\" decoding=\"async\" width=\"720\" height=\"540\" src=\"https:\/\/bestpeanutmachine.com\/wp-content\/uploads\/2026\/01\/3-Level-sorting-screen-almond-grading-machine.webp\" alt=\"M\u00e1quina de clasificaci\u00f3n de almendras con pantalla de clasificaci\u00f3n de 3 niveles\" class=\"wp-image-918\" srcset=\"https:\/\/bestpeanutmachine.com\/wp-content\/uploads\/2026\/01\/3-Level-sorting-screen-almond-grading-machine.webp 720w, https:\/\/bestpeanutmachine.com\/wp-content\/uploads\/2026\/01\/3-Level-sorting-screen-almond-grading-machine-300x225.webp 300w, https:\/\/bestpeanutmachine.com\/wp-content\/uploads\/2026\/01\/3-Level-sorting-screen-almond-grading-machine-16x12.webp 16w\" sizes=\"auto, (max-width: 720px) 100vw, 720px\" \/><figcaption class=\"wp-element-caption\">M\u00e1quina de clasificaci\u00f3n de almendras con pantalla de clasificaci\u00f3n de 3 niveles<\/figcaption><\/figure> <\/div>   <h3 class=\"wp-block-heading\"><strong>Pantalla de clasificaci\u00f3n de 4 niveles<\/strong><\/h3>    <figure class=\"wp-block-table\"><table class=\"has-fixed-layout\"><tbody><tr><td>Capacidad<\/td><td class=\"has-text-align-center\" data-align=\"center\">600-800kg\/hora<\/td><\/tr><tr><td>Fuerza<\/td><td class=\"has-text-align-center\" data-align=\"center\">1,5 kw<\/td><\/tr><tr><td>Voltaje<\/td><td class=\"has-text-align-center\" data-align=\"center\">380V \/ 50Hz<\/td><\/tr><tr><td>Material<\/td><td class=\"has-text-align-center\" data-align=\"center\">Acero al carbono<\/td><\/tr><tr><td>Tama\u00f1o<\/td><td class=\"has-text-align-center\" data-align=\"center\">2.4 \u00d7 0.8 \u00d7 1.9 m<\/td><\/tr><tr><td>Peso<\/td><td class=\"has-text-align-center\" data-align=\"center\">260 kg<\/td><\/tr><\/tbody><\/table><figcaption class=\"wp-element-caption\">Especificaci\u00f3n de la pantalla de clasificaci\u00f3n de 4 niveles<\/figcaption><\/figure>   <div class=\"wp-block-image\"> <figure class=\"aligncenter size-full\"><img loading=\"lazy\" decoding=\"async\" width=\"720\" height=\"540\" src=\"https:\/\/bestpeanutmachine.com\/wp-content\/uploads\/2026\/01\/4-Level-sorting-screen-bean-grader.webp\" alt=\"Clasificador de frijoles de pantalla de clasificaci\u00f3n de 4 niveles\" class=\"wp-image-919\" srcset=\"https:\/\/bestpeanutmachine.com\/wp-content\/uploads\/2026\/01\/4-Level-sorting-screen-bean-grader.webp 720w, https:\/\/bestpeanutmachine.com\/wp-content\/uploads\/2026\/01\/4-Level-sorting-screen-bean-grader-300x225.webp 300w, https:\/\/bestpeanutmachine.com\/wp-content\/uploads\/2026\/01\/4-Level-sorting-screen-bean-grader-16x12.webp 16w\" sizes=\"auto, (max-width: 720px) 100vw, 720px\" \/><figcaption class=\"wp-element-caption\">Clasificador de frijoles de pantalla de clasificaci\u00f3n de 4 niveles<\/figcaption><\/figure> <\/div>   <h3 class=\"wp-block-heading\"><strong>Pantalla de clasificaci\u00f3n de 5 niveles<\/strong><\/h3>    <figure class=\"wp-block-table\"><table class=\"has-fixed-layout\"><tbody><tr><td>Capacidad<\/td><td class=\"has-text-align-center\" data-align=\"center\">hasta 800 kg\/h<\/td><\/tr><tr><td>Fuerza<\/td><td class=\"has-text-align-center\" data-align=\"center\">1.5 kW<\/td><\/tr><tr><td>Voltaje<\/td><td class=\"has-text-align-center\" data-align=\"center\">380V \/ 50Hz<\/td><\/tr><tr><td>Material<\/td><td class=\"has-text-align-center\" data-align=\"center\">Acero al carbono<\/td><\/tr><tr><td>Tama\u00f1o<\/td><td class=\"has-text-align-center\" data-align=\"center\">2.4 \u00d7 0.8 \u00d7 2.2 m<\/td><\/tr><tr><td>Peso<\/td><td class=\"has-text-align-center\" data-align=\"center\">260 kg<\/td><\/tr><\/tbody><\/table><figcaption class=\"wp-element-caption\">Especificaci\u00f3n de la m\u00e1quina de tamizado de nueces de 5 niveles<\/figcaption><\/figure>   <div class=\"wp-block-image\"> <figure class=\"aligncenter size-full\"><img loading=\"lazy\" decoding=\"async\" width=\"720\" height=\"540\" src=\"https:\/\/bestpeanutmachine.com\/wp-content\/uploads\/2026\/01\/5-Level-sorting-screen-grading-machine.webp\" alt=\"M\u00e1quina de clasificaci\u00f3n de pantalla de 5 niveles\" class=\"wp-image-920\" srcset=\"https:\/\/bestpeanutmachine.com\/wp-content\/uploads\/2026\/01\/5-Level-sorting-screen-grading-machine.webp 720w, https:\/\/bestpeanutmachine.com\/wp-content\/uploads\/2026\/01\/5-Level-sorting-screen-grading-machine-300x225.webp 300w, https:\/\/bestpeanutmachine.com\/wp-content\/uploads\/2026\/01\/5-Level-sorting-screen-grading-machine-16x12.webp 16w\" sizes=\"auto, (max-width: 720px) 100vw, 720px\" \/><figcaption class=\"wp-element-caption\">M\u00e1quina de clasificaci\u00f3n de pantalla de 5 niveles<\/figcaption><\/figure> <\/div>   <h2 class=\"wp-block-heading\"><strong>\u00bfC\u00f3mo elegir la pantalla de clasificaci\u00f3n adecuada para tus nueces?<\/strong><\/h2>    <p>Elegir la configuraci\u00f3n adecuada de la m\u00e1quina clasificadora de nueces depende de varios factores clave, que pueden ayudarte a determinar inicialmente qu\u00e9 tipo de m\u00e1quina necesita tu f\u00e1brica:<\/p>    <h3 class=\"wp-block-heading\"><strong>Tipo y rango de tama\u00f1o de la nuez<\/strong><\/h3>    <ul class=\"wp-block-list\"> <li>Las almendras y los huesos de albaricoque generalmente requieren pantallas de 6-8 mm.<\/li>    <li>Las avellanas y los cacahuetes pueden requerir pantallas de 8-10 mm.<\/li> <\/ul>    <h3 class=\"wp-block-heading\"><strong>Salida requerida<\/strong><\/h3>    <ul class=\"wp-block-list\"> <li>Las plantas de procesamiento peque\u00f1as solo necesitan seleccionar un modelo de pantalla de 1-2 capas para la clasificaci\u00f3n inicial.<\/li>    <li>F\u00e1bricas medianas a grandes: 3 o 5 capas de pantallas para aumentar la producci\u00f3n y mejorar la calidad del producto.<\/li> <\/ul>    <h3 class=\"wp-block-heading\"><strong>Selecci\u00f3n de material<\/strong><\/h3>    <p>El acero al carbono es adecuado para ambientes secos y es rentable. Pero si tiene requisitos altos de producto, recomendamos partes en contacto de acero inoxidable, aptas para alimentos y mercados de exportaci\u00f3n.<\/p>    <h3 class=\"wp-block-heading\"><strong>Consideraciones de precio<\/strong><\/h3>    <p>Los precios var\u00edan seg\u00fan el n\u00famero de capas de pantalla, y los componentes de acero inoxidable aumentar\u00e1n significativamente los costos. El equipo adicional, como los elevadores, tambi\u00e9n afectar\u00e1 la inversi\u00f3n total.<\/p>    <p>Los ingenieros de Taizy pueden ofrecer asesoramiento profesional basado en sus necesidades reales de producci\u00f3n para evitar sobreconfiguraci\u00f3n o capacidad insuficiente.<\/p>    <h2 class=\"wp-block-heading\"><strong>\u00bfPor qu\u00e9 elegir la m\u00e1quina clasificadora de nueces Taizy?<\/strong><\/h2>    <ol class=\"wp-block-list\"> <li>Ofrecemos soluciones personalizadas, incluyendo capas de pantalla, tama\u00f1o de malla, material, voltaje y sistema de alimentaci\u00f3n.<\/li>    <li>Taizy cuenta con ingenieros experimentados que brindan orientaci\u00f3n integral desde la selecci\u00f3n del equipo hasta el dise\u00f1o de la l\u00ednea de producci\u00f3n.<\/li>    <li>Para cada cliente, ofrecemos servicios completos de pedido y entrega, incluyendo especificaciones claras del producto, seguimiento del progreso de producci\u00f3n, videos de prueba y embalaje para exportaci\u00f3n.<\/li>    <li>Las m\u00e1quinas Taizy se suministran directamente del fabricante, sin costos ocultos.<\/li>    <li>Con m\u00e1s de una d\u00e9cada de experiencia, hemos acumulado amplia experiencia en exportaci\u00f3n, y nuestros productos se venden en todo el mundo y son ampliamente elogiados.<\/li> <\/ol>    <figure class=\"wp-block-gallery has-nested-images columns-default is-cropped wp-block-gallery-3 is-layout-flex wp-block-gallery-is-layout-flex\"> <figure class=\"wp-block-image size-large\"><img loading=\"lazy\" decoding=\"async\" width=\"720\" height=\"540\" data-id=\"921\" src=\"https:\/\/bestpeanutmachine.com\/wp-content\/uploads\/2026\/01\/packaging-of-nut-sorting-machine.webp\" alt=\"Embalaje de la m\u00e1quina clasificadora de nueces\" class=\"wp-image-921\" srcset=\"https:\/\/bestpeanutmachine.com\/wp-content\/uploads\/2026\/01\/packaging-of-nut-sorting-machine.webp 720w, https:\/\/bestpeanutmachine.com\/wp-content\/uploads\/2026\/01\/packaging-of-nut-sorting-machine-300x225.webp 300w, https:\/\/bestpeanutmachine.com\/wp-content\/uploads\/2026\/01\/packaging-of-nut-sorting-machine-16x12.webp 16w\" sizes=\"auto, (max-width: 720px) 100vw, 720px\" \/><figcaption class=\"wp-element-caption\">Embalaje de la m\u00e1quina clasificadora de nueces<\/figcaption><\/figure>    <figure class=\"wp-block-image size-large\"><img loading=\"lazy\" decoding=\"async\" width=\"720\" height=\"540\" data-id=\"922\" src=\"https:\/\/bestpeanutmachine.com\/wp-content\/uploads\/2026\/01\/transportation-of-nut-sorting-machine.webp\" alt=\"Transporte de la m\u00e1quina clasificadora de nueces\" class=\"wp-image-922\" srcset=\"https:\/\/bestpeanutmachine.com\/wp-content\/uploads\/2026\/01\/transportation-of-nut-sorting-machine.webp 720w, https:\/\/bestpeanutmachine.com\/wp-content\/uploads\/2026\/01\/transportation-of-nut-sorting-machine-300x225.webp 300w, https:\/\/bestpeanutmachine.com\/wp-content\/uploads\/2026\/01\/transportation-of-nut-sorting-machine-16x12.webp 16w\" sizes=\"auto, (max-width: 720px) 100vw, 720px\" \/><figcaption class=\"wp-element-caption\">Transporte de la m\u00e1quina clasificadora de nueces<\/figcaption><\/figure> <\/figure>    <h2 class=\"wp-block-heading\"><strong>Preguntas frecuentes sobre la m\u00e1quina clasificadora de nueces<\/strong><\/h2>   <div id=\"rank-math-faq\" class=\"rank-math-block\"> <div class=\"rank-math-list\"> <div id=\"faq-question-1768880091518\" class=\"rank-math-list-item\"> <h3 class=\"rank-math-question\">\u00bfPuedo cambiar el tama\u00f1o de la pantalla en la misma m\u00e1quina clasificadora de nueces?<\/h3> <div class=\"rank-math-answer\">  <p>S\u00ed. Las placas de tamiz son reemplazables y pueden personalizarse seg\u00fan diferentes tama\u00f1os de nueces.<\/p>  <\/div> <\/div> <div id=\"faq-question-1768880133665\" class=\"rank-math-list-item\"> <h3 class=\"rank-math-question\">\u00bfLa m\u00e1quina de tamizado de nueces da\u00f1ar\u00e1 las nueces?<\/h3> <div class=\"rank-math-answer\">  <p>No. La estructura de vibraci\u00f3n est\u00e1 optimizada para garantizar una tasa de rotura muy baja.<\/p>  <\/div> <\/div> <div id=\"faq-question-1768880149562\" class=\"rank-math-list-item\"> <h3 class=\"rank-math-question\">\u00bfSe puede integrar el clasificador de almendras en una l\u00ednea de procesamiento completa?<\/h3> <div class=\"rank-math-answer\">  <p>S\u00ed. Puede usarse junto con elevadores, m\u00e1quinas de pelado de nueces, m\u00e1quinas de corte de nueces y m\u00e1quinas de embalaje.<\/p>  <\/div> <\/div> <div id=\"faq-question-1768880162865\" class=\"rank-math-list-item\"> <h3 class=\"rank-math-question\">\u00bfEs obligatorio el material de acero inoxidable para esta m\u00e1quina clasificadora de nueces?<\/h3> <div class=\"rank-math-answer\">  <p>Si los est\u00e1ndares de higiene estrictos o las regulaciones de exportaci\u00f3n lo requieren, se recomienda usar acero inoxidable para las partes en contacto con alimentos.<\/p>  <\/div> <\/div> <\/div> <\/div>   <p><\/p>    <p>\u00bfQuieres saber m\u00e1s sobre la informaci\u00f3n de precios espec\u00edfica de la m\u00e1quina? Cont\u00e1ctanos y proporciona detalles sobre los materiales que procesar\u00e1s y los resultados deseados.<\/p>    <p>Adem\u00e1s, Taizy tambi\u00e9n ofrece otras m\u00e1quinas de procesamiento de nueces:<\/p>    <ul class=\"wp-block-list\"> <li><a href=\"https:\/\/bestpeanutmachine.com\/es\/product\/wet-type-almond-skin-peeler-machine\/\">M\u00e1quina peladora de piel de cacahuete y almendra<\/a><\/li>    <li><a href=\"https:\/\/bestpeanutmachine.com\/es\/product\/almond-slicer-machine\/\">M\u00e1quina rebanadora de almendras para frutos secos y corte de cacahuetes<\/a><\/li> <\/ul>","protected":false},"excerpt":{"rendered":"<p>A high-efficiency nut sorting machine for almonds, hazelnuts, apricot kernels, peanuts, and beans. Multi-level vibrating screens ensure accurate size grading, low damage, and smooth integration into nut processing lines.<\/p>","protected":false},"author":1,"featured_media":929,"parent":0,"template":"","tags":[77,11],"product-type":[76,6],"class_list":["post-908","product","type-product","status-publish","has-post-thumbnail","hentry","tag-almond","tag-peanut","product-type-other-nuts-machine","product-type-product"],"_links":{"self":[{"href":"https:\/\/bestpeanutmachine.com\/es\/wp-json\/wp\/v2\/product\/908","targetHints":{"allow":["GET"]}}],"collection":[{"href":"https:\/\/bestpeanutmachine.com\/es\/wp-json\/wp\/v2\/product"}],"about":[{"href":"https:\/\/bestpeanutmachine.com\/es\/wp-json\/wp\/v2\/types\/product"}],"author":[{"embeddable":true,"href":"https:\/\/bestpeanutmachine.com\/es\/wp-json\/wp\/v2\/users\/1"}],"wp:featuredmedia":[{"embeddable":true,"href":"https:\/\/bestpeanutmachine.com\/es\/wp-json\/wp\/v2\/media\/929"}],"wp:attachment":[{"href":"https:\/\/bestpeanutmachine.com\/es\/wp-json\/wp\/v2\/media?parent=908"}],"wp:term":[{"taxonomy":"post_tag","embeddable":true,"href":"https:\/\/bestpeanutmachine.com\/es\/wp-json\/wp\/v2\/tags?post=908"},{"taxonomy":"product-type","embeddable":true,"href":"https:\/\/bestpeanutmachine.com\/es\/wp-json\/wp\/v2\/product-type?post=908"}],"curies":[{"name":"wp","href":"https:\/\/api.w.org\/{rel}","templated":true}]}}