{"id":989,"date":"2026-01-27T17:44:05","date_gmt":"2026-01-27T09:44:05","guid":{"rendered":"https:\/\/bestpeanutmachine.com\/?post_type=product&#038;p=989"},"modified":"2026-01-28T17:11:41","modified_gmt":"2026-01-28T09:11:41","slug":"peanut-almond-strip-cutting-machine","status":"publish","type":"product","link":"https:\/\/bestpeanutmachine.com\/es\/product\/peanut-almond-strip-cutting-machine\/","title":{"rendered":"C\u00f3mo las m\u00e1quinas descascaradoras de cacahuetes ayudaron a un procesador en Senegal a mejorar la eficiencia y hacer crecer su negocio de procesamiento de cacahuetes para expandir su mercado local."},"content":{"rendered":"<p class=\"translation-block\">La <strong>m\u00e1quina cortadora de tiras de almendra<\/strong> es un equipo especializado de procesamiento de alimentos utilizado para cortar frutos secos como cacahuetes, pistachos o almendras en tiras de aproximadamente 3-5 mm de tama\u00f1o con una capacidad de producci\u00f3n de 100-150 kg por hora.<\/p>    <p>Nuestra m\u00e1quina cortadora de tiras de pistacho se usa ampliamente en la producci\u00f3n de snacks de frutos secos, caramelos, ingredientes para hornear, rellenos de chocolate y diversos alimentos a base de frutos secos, lo que no solo mejora la textura sino que tambi\u00e9n ayuda a que los postres tengan una mejor apariencia.<\/p>    <figure class=\"wp-block-embed is-type-video is-provider-youtube wp-block-embed-youtube wp-embed-aspect-4-3 wp-has-aspect-ratio\"><div class=\"wp-block-embed__wrapper\"> <iframe loading=\"lazy\" title=\"Almond &amp; Pistachio Strip Cutter for Food Processing Contact: +8617703863868\" width=\"500\" height=\"375\" src=\"https:\/\/www.youtube.com\/embed\/pcY1szLq8uY?feature=oembed\" frameborder=\"0\" allow=\"accelerometer; autoplay; clipboard-write; encrypted-media; gyroscope; picture-in-picture; web-share\" referrerpolicy=\"strict-origin-when-cross-origin\" allowfullscreen><\/iframe> <\/div><figcaption class=\"wp-element-caption\">video de prueba de la m\u00e1quina cortadora de tiras de cacahuete<\/figcaption><\/figure>    <h2 class=\"wp-block-heading\"><strong>Ventajas de la m\u00e1quina cortadora de tiras de almendra<\/strong><\/h2>    <ol class=\"wp-block-list\"> <li>Las cuchillas de corte especiales aseguran rebanadas uniformes y completas con m\u00ednimas roturas, facilitando el procesamiento posterior y reduciendo el desperdicio de materia prima.<\/li>    <li>La m\u00e1quina cortadora de tiras de almendra Taizy tiene una estructura sencilla, es f\u00e1cil de operar y utiliza piezas de uso com\u00fan, lo que facilita el mantenimiento y la reparaci\u00f3n.<\/li>    <li>Ofrece una producci\u00f3n estable, con una salida de 100-150 kilogramos por hora, adecuada para producci\u00f3n comercial.<\/li>    <li>La velocidad de alimentaci\u00f3n es ajustable para coincidir con el efecto de corte y la eficiencia de producci\u00f3n.<\/li>    <li>Sus cuchillas son duraderas y tienen una larga vida \u00fatil.<\/li>    <li>El efecto de corte para cacahuetes es ajustable, permitiendo rebanadas de 3-5 mm de ancho.<\/li> <\/ol>   <div class=\"wp-block-image\"> <figure class=\"aligncenter size-full\"><img loading=\"lazy\" decoding=\"async\" width=\"720\" height=\"540\" src=\"https:\/\/bestpeanutmachine.com\/wp-content\/uploads\/2026\/01\/peanut-strip-cutting-machine.webp\" alt=\"M\u00e1quina cortadora de tiras de cacahuete\" class=\"wp-image-997\" srcset=\"https:\/\/bestpeanutmachine.com\/wp-content\/uploads\/2026\/01\/peanut-strip-cutting-machine.webp 720w, https:\/\/bestpeanutmachine.com\/wp-content\/uploads\/2026\/01\/peanut-strip-cutting-machine-300x225.webp 300w, https:\/\/bestpeanutmachine.com\/wp-content\/uploads\/2026\/01\/peanut-strip-cutting-machine-16x12.webp 16w\" sizes=\"auto, (max-width: 720px) 100vw, 720px\" \/><figcaption class=\"wp-element-caption\">M\u00e1quina cortadora de tiras de cacahuete<\/figcaption><\/figure> <\/div>   <h2 class=\"wp-block-heading\"><strong>Par\u00e1metros t\u00e9cnicos de la m\u00e1quina cortadora de tiras de almendra<\/strong><\/h2>    <figure class=\"wp-block-table\"><table class=\"has-fixed-layout\"><tbody><tr><td>Modelo<\/td><td class=\"has-text-align-center\" data-align=\"center\">HT-2<\/td><td class=\"has-text-align-center\" data-align=\"center\">HT-1<\/td><\/tr><tr><td>Estructura<\/td><td class=\"has-text-align-center\" data-align=\"center\">Sistema de alimentaci\u00f3n   corte<\/td><td class=\"has-text-align-center\" data-align=\"center\">Alimentaci\u00f3n   corte <br>sistema de clasificaci\u00f3n<\/td><\/tr><tr><td>Capacidad<\/td><td class=\"has-text-align-center\" data-align=\"center\">100\u2013150 kg\/h<\/td><td class=\"has-text-align-center\" data-align=\"center\">100\u2013150 kg\/h<\/td><\/tr><tr><td>Voltaje<\/td><td class=\"has-text-align-center\" data-align=\"center\">380 V<\/td><td class=\"has-text-align-center\" data-align=\"center\">380 V<\/td><\/tr><tr><td>Frecuencia<\/td><td class=\"has-text-align-center\" data-align=\"center\">50 Hz<\/td><td class=\"has-text-align-center\" data-align=\"center\">50 Hz<\/td><\/tr><tr><td>Fuerza<\/td><td class=\"has-text-align-center\" data-align=\"center\">0.75 kW<\/td><td class=\"has-text-align-center\" data-align=\"center\">1.48 kW<\/td><\/tr><tr><td>Tama\u00f1o de la m\u00e1quina<\/td><td class=\"has-text-align-center\" data-align=\"center\">1.3 \u00d7 0.75 \u00d7 1.3 m<\/td><td class=\"has-text-align-center\" data-align=\"center\">1.5 \u00d7 0.9 \u00d7 1.3 m<\/td><\/tr><tr><td>Peso<\/td><td class=\"has-text-align-center\" data-align=\"center\">160 kg<\/td><td class=\"has-text-align-center\" data-align=\"center\">220 kg<\/td><\/tr><\/tbody><\/table><figcaption class=\"wp-element-caption\">par\u00e1metros de la cortadora de tiras de pistacho<\/figcaption><\/figure>   <div class=\"wp-block-image\"> <figure class=\"aligncenter size-full\"><img loading=\"lazy\" decoding=\"async\" width=\"720\" height=\"540\" src=\"https:\/\/bestpeanutmachine.com\/wp-content\/uploads\/2026\/01\/almond-strip-cutting-machine.webp\" alt=\"M\u00e1quina cortadora de tiras de almendra\" class=\"wp-image-1002\" srcset=\"https:\/\/bestpeanutmachine.com\/wp-content\/uploads\/2026\/01\/almond-strip-cutting-machine.webp 720w, https:\/\/bestpeanutmachine.com\/wp-content\/uploads\/2026\/01\/almond-strip-cutting-machine-300x225.webp 300w, https:\/\/bestpeanutmachine.com\/wp-content\/uploads\/2026\/01\/almond-strip-cutting-machine-16x12.webp 16w\" sizes=\"auto, (max-width: 720px) 100vw, 720px\" \/><figcaption class=\"wp-element-caption\">M\u00e1quina cortadora de tiras de almendra<\/figcaption><\/figure> <\/div>   <h2 class=\"wp-block-heading\"><strong>Aplicaciones de la m\u00e1quina cortadora de tiras de pistacho<\/strong><\/h2>    <p>La m\u00e1quina de corte de pistachos se usa ampliamente en las industrias de procesamiento de frutos secos y alimentos para producir tiras uniformes de cacahuetes, almendras y pistachos. <\/p>    <p>El producto final puede usarse como ingrediente en turr\u00f3n, caramelos duros, barras energ\u00e9ticas y postres tradicionales a base de frutos secos. Su tama\u00f1o uniforme de tiras garantiza una textura consistente y mejores propiedades de uni\u00f3n en productos de confiter\u00eda.<\/p>    <p>Las tiras de almendra tambi\u00e9n se usan ampliamente en pasteles y magdalenas, galletas, croissants y pasteles; como ingrediente en postres, su tama\u00f1o de tira constante mejora significativamente el rendimiento de horneado y el atractivo visual.<\/p>    <figure class=\"wp-block-gallery has-nested-images columns-2 is-cropped wp-block-gallery-2 is-layout-flex wp-block-gallery-is-layout-flex\"> <figure class=\"wp-block-image size-large\"><img loading=\"lazy\" decoding=\"async\" width=\"720\" height=\"540\" data-id=\"999\" src=\"https:\/\/bestpeanutmachine.com\/wp-content\/uploads\/2026\/01\/almond-strips.webp\" alt=\"Tiras de almendra\" class=\"wp-image-999\" srcset=\"https:\/\/bestpeanutmachine.com\/wp-content\/uploads\/2026\/01\/almond-strips.webp 720w, https:\/\/bestpeanutmachine.com\/wp-content\/uploads\/2026\/01\/almond-strips-300x225.webp 300w, https:\/\/bestpeanutmachine.com\/wp-content\/uploads\/2026\/01\/almond-strips-16x12.webp 16w\" sizes=\"auto, (max-width: 720px) 100vw, 720px\" \/><figcaption class=\"wp-element-caption\">Tiras de almendra<\/figcaption><\/figure>    <figure class=\"wp-block-image size-large\"><img loading=\"lazy\" decoding=\"async\" width=\"720\" height=\"540\" data-id=\"998\" src=\"https:\/\/bestpeanutmachine.com\/wp-content\/uploads\/2026\/01\/almond-strips-applied-to-bread.webp\" alt=\"Tiras de almendra aplicadas al pan\" class=\"wp-image-998\" srcset=\"https:\/\/bestpeanutmachine.com\/wp-content\/uploads\/2026\/01\/almond-strips-applied-to-bread.webp 720w, https:\/\/bestpeanutmachine.com\/wp-content\/uploads\/2026\/01\/almond-strips-applied-to-bread-300x225.webp 300w, https:\/\/bestpeanutmachine.com\/wp-content\/uploads\/2026\/01\/almond-strips-applied-to-bread-16x12.webp 16w\" sizes=\"auto, (max-width: 720px) 100vw, 720px\" \/><figcaption class=\"wp-element-caption\">Tiras de almendra aplicadas al pan<\/figcaption><\/figure>    <figure class=\"wp-block-image size-large\"><img loading=\"lazy\" decoding=\"async\" width=\"720\" height=\"540\" data-id=\"1001\" src=\"https:\/\/bestpeanutmachine.com\/wp-content\/uploads\/2026\/01\/pistachio-strips.webp\" alt=\"Tiras de pistacho\" class=\"wp-image-1001\" srcset=\"https:\/\/bestpeanutmachine.com\/wp-content\/uploads\/2026\/01\/pistachio-strips.webp 720w, https:\/\/bestpeanutmachine.com\/wp-content\/uploads\/2026\/01\/pistachio-strips-300x225.webp 300w, https:\/\/bestpeanutmachine.com\/wp-content\/uploads\/2026\/01\/pistachio-strips-16x12.webp 16w\" sizes=\"auto, (max-width: 720px) 100vw, 720px\" \/><figcaption class=\"wp-element-caption\">Tiras de pistacho<\/figcaption><\/figure>    <figure class=\"wp-block-image size-large\"><img loading=\"lazy\" decoding=\"async\" width=\"720\" height=\"540\" data-id=\"1000\" src=\"https:\/\/bestpeanutmachine.com\/wp-content\/uploads\/2026\/01\/pistachio-strips-applied-to-snacks.webp\" alt=\"Tiras de pistacho aplicadas a snacks\" class=\"wp-image-1000\" srcset=\"https:\/\/bestpeanutmachine.com\/wp-content\/uploads\/2026\/01\/pistachio-strips-applied-to-snacks.webp 720w, https:\/\/bestpeanutmachine.com\/wp-content\/uploads\/2026\/01\/pistachio-strips-applied-to-snacks-300x225.webp 300w, https:\/\/bestpeanutmachine.com\/wp-content\/uploads\/2026\/01\/pistachio-strips-applied-to-snacks-16x12.webp 16w\" sizes=\"auto, (max-width: 720px) 100vw, 720px\" \/><figcaption class=\"wp-element-caption\">Tiras de pistacho aplicadas a snacks<\/figcaption><\/figure> <\/figure>    <h2 class=\"wp-block-heading\"><strong>Preguntas frecuentes sobre la cortadora de tiras de cacahuete<\/strong><\/h2>   <div id=\"rank-math-faq\" class=\"rank-math-block\"> <div class=\"rank-math-list\"> <div id=\"faq-question-1769397584533\" class=\"rank-math-list-item\"> <h3 class=\"rank-math-question\"><strong>\u00bfQu\u00e9 materiales puede procesar la m\u00e1quina cortadora de tiras de almendra?<\/strong><\/h3> <div class=\"rank-math-answer\">  <p>La m\u00e1quina de corte de almendras se utiliza principalmente para procesar almendras, cacahuetes, pistachos y otros frutos secos similares. (Especialmente adecuada para frutos secos de media c\u00e1scara)<\/p>  <\/div> <\/div> <div id=\"faq-question-1769397623613\" class=\"rank-math-list-item\"> <h3 class=\"rank-math-question\"><strong>\u00bfPuede la m\u00e1quina cortadora de tiras de almendra ajustar el tama\u00f1o de las tiras?<\/strong><\/h3> <div class=\"rank-math-answer\">  <p>El tama\u00f1o de corte puede ajustarse cortando los frutos secos por la mitad o en tercios.<\/p>  <\/div> <\/div> <div id=\"faq-question-1769397955823\" class=\"rank-math-list-item\"> <h3 class=\"rank-math-question\"><strong>\u00bfCu\u00e1l es el contenido de humedad recomendado para las materias primas?<\/strong><\/h3> <div class=\"rank-math-answer\">  <p>Para obtener resultados de corte \u00f3ptimos, el contenido de humedad de los cacahuetes o almendras debe mantenerse alrededor del 15% para ayudar a reducir roturas y mejorar la integridad de las rebanadas.<\/p>  <\/div> <\/div> <div id=\"faq-question-1769398013134\" class=\"rank-math-list-item\"> <h3 class=\"rank-math-question\"><strong>\u00bfEs necesario preprocesar los cacahuetes antes de cortarlos en tiras?<\/strong><\/h3> <div class=\"rank-math-answer\">  <p>Los cacahuetes deben partirse por la mitad antes de cortarlos, preferiblemente por tama\u00f1o. Esto ayuda a reducir roturas y mejorar la calidad del producto.<\/p>  <\/div> <\/div> <div id=\"faq-question-1769398071862\" class=\"rank-math-list-item\"> <h3 class=\"rank-math-question\"><strong>\u00bfCu\u00e1l es la capacidad de producci\u00f3n de la m\u00e1quina de corte de almendras?<\/strong><\/h3> <div class=\"rank-math-answer\">  <p>Su producci\u00f3n est\u00e1ndar es de 100-150 kg por hora, dependiendo del tipo de fruto seco, la uniformidad del tama\u00f1o del n\u00facleo y la velocidad de alimentaci\u00f3n.<\/p>  <\/div> <\/div> <div id=\"faq-question-1769398192190\" class=\"rank-math-list-item\"> <h3 class=\"rank-math-question\"><strong>\u00bfSe puede personalizar la m\u00e1quina seg\u00fan diferentes est\u00e1ndares de energ\u00eda?<\/strong><\/h3> <div class=\"rank-math-answer\">  <p>La m\u00e1quina cortadora de tiras de almendra puede personalizarse para cumplir con los requisitos de voltaje de diferentes pa\u00edses y regiones, cumpliendo con los est\u00e1ndares de energ\u00eda locales.<\/p>  <\/div> <\/div> <\/div> <\/div>   <h2 class=\"wp-block-heading\"><strong>\u00bfPor qu\u00e9 elegir la m\u00e1quina cortadora de tiras de almendra de Taizy?<\/strong>                                                                                                                                                                                                                               <\/h2>    <ol class=\"wp-block-list\"> <li>Nuestra cortadora de tiras de cacahuete est\u00e1 dise\u00f1ada espec\u00edficamente para rebanar cacahuetes y almendras, ofreciendo un rendimiento estable y una producci\u00f3n confiable.<\/li>    <li>Ofrecemos servicios de voltaje y configuraci\u00f3n personalizables para satisfacer perfectamente sus necesidades.<\/li>    <li>Taizy ofrece precios de f\u00e1brica altamente competitivos y soporte t\u00e9cnico integral.<\/li>    <li>Cada m\u00e1quina tiene una garant\u00eda de calidad de 12 meses y suministro de piezas de repuesto de por vida.<\/li> <\/ol>    <p class=\"translation-block\">Si desea comprar un conjunto completo de equipos de procesamiento de cacahuetes, recomendamos esta <a href=\"https:\/\/bestpeanutmachine.com\/es\/product\/wet-type-almond-skin-peeler-machine\/\">m\u00e1quina de pelado de frutos secos h\u00fameda<\/a>, que puede ayudar a eliminar la piel exterior de frutos secos como cacahuetes y almendras antes de cortarlos, logrando una mejor textura y color en el producto terminado.<\/p>   <div class=\"wp-block-image\"> <figure class=\"aligncenter size-large\"><img loading=\"lazy\" decoding=\"async\" width=\"925\" height=\"741\" src=\"https:\/\/bestpeanutmachine.com\/wp-content\/uploads\/2026\/01\/almond-peeling-machine.webp\" alt=\"m\u00e1quina peladora de almendras\" class=\"wp-image-891\" srcset=\"https:\/\/bestpeanutmachine.com\/wp-content\/uploads\/2026\/01\/almond-peeling-machine.webp 925w, https:\/\/bestpeanutmachine.com\/wp-content\/uploads\/2026\/01\/almond-peeling-machine-300x240.webp 300w, https:\/\/bestpeanutmachine.com\/wp-content\/uploads\/2026\/01\/almond-peeling-machine-768x615.webp 768w, https:\/\/bestpeanutmachine.com\/wp-content\/uploads\/2026\/01\/almond-peeling-machine-15x12.webp 15w\" sizes=\"auto, (max-width: 925px) 100vw, 925px\" \/><figcaption class=\"wp-element-caption\">m\u00e1quina peladora de almendras<\/figcaption><\/figure> <\/div>   <p>Adem\u00e1s de esta m\u00e1quina cortadora de tiras, tambi\u00e9n ofrecemos una m\u00e1quina de dados de cacahuete y una m\u00e1quina de corte de almendras. Cont\u00e1ctenos y proporcione sus materias primas y sus requisitos, y le presentaremos una m\u00e1quina de procesamiento de frutos secos adecuada.<\/p>    <figure class=\"wp-block-gallery has-nested-images columns-2 is-cropped wp-block-gallery-3 is-layout-flex wp-block-gallery-is-layout-flex\"> <figure class=\"wp-block-image size-large\"><img loading=\"lazy\" decoding=\"async\" width=\"720\" height=\"540\" data-id=\"670\" src=\"https:\/\/bestpeanutmachine.com\/wp-content\/uploads\/2025\/12\/best-machine-for-chopping-nuts.webp\" alt=\"mejor m\u00e1quina para picar frutos secos\" class=\"wp-image-670\" srcset=\"https:\/\/bestpeanutmachine.com\/wp-content\/uploads\/2025\/12\/best-machine-for-chopping-nuts.webp 720w, https:\/\/bestpeanutmachine.com\/wp-content\/uploads\/2025\/12\/best-machine-for-chopping-nuts-300x225.webp 300w, https:\/\/bestpeanutmachine.com\/wp-content\/uploads\/2025\/12\/best-machine-for-chopping-nuts-16x12.webp 16w\" sizes=\"auto, (max-width: 720px) 100vw, 720px\" \/><figcaption class=\"wp-element-caption\">mejor m\u00e1quina para picar frutos secos<\/figcaption><\/figure>    <figure class=\"wp-block-image size-large\"><img loading=\"lazy\" decoding=\"async\" width=\"720\" height=\"540\" data-id=\"673\" src=\"https:\/\/bestpeanutmachine.com\/wp-content\/uploads\/2025\/12\/pistachio-crumbles.webp\" alt=\"trozos de pistacho\" class=\"wp-image-673\" srcset=\"https:\/\/bestpeanutmachine.com\/wp-content\/uploads\/2025\/12\/pistachio-crumbles.webp 720w, https:\/\/bestpeanutmachine.com\/wp-content\/uploads\/2025\/12\/pistachio-crumbles-300x225.webp 300w, https:\/\/bestpeanutmachine.com\/wp-content\/uploads\/2025\/12\/pistachio-crumbles-16x12.webp 16w\" sizes=\"auto, (max-width: 720px) 100vw, 720px\" \/><figcaption class=\"wp-element-caption\">trozos de pistacho<\/figcaption><\/figure>    <figure class=\"wp-block-image size-large\"><img loading=\"lazy\" decoding=\"async\" width=\"720\" height=\"540\" data-id=\"436\" src=\"https:\/\/bestpeanutmachine.com\/wp-content\/uploads\/2025\/09\/peanut-slicing-machine.webp\" alt=\"m\u00e1quina de cortar cacahuetes\" class=\"wp-image-436\" srcset=\"https:\/\/bestpeanutmachine.com\/wp-content\/uploads\/2025\/09\/peanut-slicing-machine.webp 720w, https:\/\/bestpeanutmachine.com\/wp-content\/uploads\/2025\/09\/peanut-slicing-machine-300x225.webp 300w, https:\/\/bestpeanutmachine.com\/wp-content\/uploads\/2025\/09\/peanut-slicing-machine-16x12.webp 16w\" sizes=\"auto, (max-width: 720px) 100vw, 720px\" \/><figcaption class=\"wp-element-caption\">m\u00e1quina de cortar cacahuetes<\/figcaption><\/figure>    <figure class=\"wp-block-image size-large\"><img loading=\"lazy\" decoding=\"async\" width=\"720\" height=\"540\" data-id=\"435\" src=\"https:\/\/bestpeanutmachine.com\/wp-content\/uploads\/2025\/09\/toasted-almond-slices-for-baking.webp\" alt=\"l\u00e1minas de almendra tostadas para reposter\u00eda\" class=\"wp-image-435\" srcset=\"https:\/\/bestpeanutmachine.com\/wp-content\/uploads\/2025\/09\/toasted-almond-slices-for-baking.webp 720w, https:\/\/bestpeanutmachine.com\/wp-content\/uploads\/2025\/09\/toasted-almond-slices-for-baking-300x225.webp 300w, https:\/\/bestpeanutmachine.com\/wp-content\/uploads\/2025\/09\/toasted-almond-slices-for-baking-16x12.webp 16w\" sizes=\"auto, (max-width: 720px) 100vw, 720px\" \/><figcaption class=\"wp-element-caption\">l\u00e1minas de almendra tostadas para reposter\u00eda<\/figcaption><\/figure> <\/figure>    <p><\/p>","protected":false},"excerpt":{"rendered":"<p>This almond slicing machine features high production efficiency and adjustable slicing size control, making it suitable for processing peanuts and almonds into ingredients needed for baking and snacks.<\/p>","protected":false},"author":1,"featured_media":1018,"parent":0,"template":"","tags":[77,11],"product-type":[76,6],"class_list":["post-989","product","type-product","status-publish","has-post-thumbnail","hentry","tag-almond","tag-peanut","product-type-other-nuts-machine","product-type-product"],"_links":{"self":[{"href":"https:\/\/bestpeanutmachine.com\/es\/wp-json\/wp\/v2\/product\/989","targetHints":{"allow":["GET"]}}],"collection":[{"href":"https:\/\/bestpeanutmachine.com\/es\/wp-json\/wp\/v2\/product"}],"about":[{"href":"https:\/\/bestpeanutmachine.com\/es\/wp-json\/wp\/v2\/types\/product"}],"author":[{"embeddable":true,"href":"https:\/\/bestpeanutmachine.com\/es\/wp-json\/wp\/v2\/users\/1"}],"wp:featuredmedia":[{"embeddable":true,"href":"https:\/\/bestpeanutmachine.com\/es\/wp-json\/wp\/v2\/media\/1018"}],"wp:attachment":[{"href":"https:\/\/bestpeanutmachine.com\/es\/wp-json\/wp\/v2\/media?parent=989"}],"wp:term":[{"taxonomy":"post_tag","embeddable":true,"href":"https:\/\/bestpeanutmachine.com\/es\/wp-json\/wp\/v2\/tags?post=989"},{"taxonomy":"product-type","embeddable":true,"href":"https:\/\/bestpeanutmachine.com\/es\/wp-json\/wp\/v2\/product-type?post=989"}],"curies":[{"name":"wp","href":"https:\/\/api.w.org\/{rel}","templated":true}]}}