{"id":13,"date":"2022-08-24T10:27:58","date_gmt":"2022-08-24T10:27:58","guid":{"rendered":"https:\/\/bestpeanutmachine.com\/?page_id=13"},"modified":"2022-08-25T06:36:11","modified_gmt":"2022-08-25T06:36:11","slug":"about-us","status":"publish","type":"page","link":"https:\/\/bestpeanutmachine.com\/fr\/about-us\/","title":{"rendered":"\u00c0 propos de nous"},"content":{"rendered":"<p>Taizy Machinery Co., Ltd est une entreprise mondiale int\u00e9gr\u00e9e \u00e0 la fabrication et \u00e0 la commercialisation de mani\u00e8re ind\u00e9pendante, qui poss\u00e8de une \u00e9quipe de techniciens professionnels, un atelier de fabrication moderne et la derni\u00e8re technologie de transformation des arachides. Nous nous consacrons aux pratiques durables et anticipons les besoins de nos clients en termes de produits de qualit\u00e9 et de prix abordables. Jusqu'\u00e0 pr\u00e9sent, nos machines de transformation d'arachides et toutes sortes de lignes d'arachides ont \u00e9t\u00e9 export\u00e9es vers plus de 80 pays et r\u00e9gions du monde, tels que la Russie, l'Arabie Saoudite, Isra\u00ebl, le Ghana, le Soudan, Singapour, la Malaisie, le Nigeria, le N\u00e9pal, le Bangladesh, le Sri Lanka, Pays-Bas, Kazakhstan, Australie, \u00c9tats-Unis, Br\u00e9sil, Cuba, Colombie, Chili, Mexique, Venezuela, P\u00e9rou, Philippines, Afrique du Sud, Turquie, etc.<\/p>    <p>Nos produits couvrent une gamme compl\u00e8te de machines de traitement d'arachide, telles que la machine \u00e0 graines d'arachide, la machine \u00e0 r\u00e9colter les arachides, la machine \u00e0 r\u00e9colter les arachides, la machine \u00e0 \u00e9plucher les arachides, la machine \u00e0 d\u00e9cortiquer les arachides, la rectifieuse d'arachides, la ligne de production de beurre d'arachide, etc. Toutes nos machines sont con\u00e7ues et fabriqu\u00e9 selon les normes internationales. En outre, nous disposons d'un personnel hautement qualifi\u00e9 pour garantir la livraison rapide et la qualit\u00e9 exceptionnelle de nos machines. De nos jours, nos machines \u00e0 cacahu\u00e8tes ont \u00e9t\u00e9 export\u00e9es avec succ\u00e8s vers 80 pays et r\u00e9gions. <\/p>    <h2 class=\"wp-block-heading\" id=\"h-certificates\">Certificats <\/h2>    <figure class=\"wp-block-image size-large\"><img decoding=\"async\" src=\"https:\/\/cnricemill.com\/wp-content\/uploads\/2022\/08\/certificate-1024x323-1.jpg\" alt=\"\"\/><\/figure>","protected":false},"excerpt":{"rendered":"<p>Taizy Machinery Co., Ltd is a global enterprise that is integrated with manufacturing and marketing independently, which owns professional technicians&#8217; team, a modern manufacturing workshop, and the newest peanut processing technology. We are devoted to sustainable practices and anticipates the need of our customers in terms of quality products and affordable price. Until now, our [&hellip;]<\/p>\n","protected":false},"author":1,"featured_media":0,"parent":0,"menu_order":0,"comment_status":"closed","ping_status":"closed","template":"","meta":{"footnotes":""},"class_list":["post-13","page","type-page","status-publish","hentry"],"_links":{"self":[{"href":"https:\/\/bestpeanutmachine.com\/fr\/wp-json\/wp\/v2\/pages\/13","targetHints":{"allow":["GET"]}}],"collection":[{"href":"https:\/\/bestpeanutmachine.com\/fr\/wp-json\/wp\/v2\/pages"}],"about":[{"href":"https:\/\/bestpeanutmachine.com\/fr\/wp-json\/wp\/v2\/types\/page"}],"author":[{"embeddable":true,"href":"https:\/\/bestpeanutmachine.com\/fr\/wp-json\/wp\/v2\/users\/1"}],"replies":[{"embeddable":true,"href":"https:\/\/bestpeanutmachine.com\/fr\/wp-json\/wp\/v2\/comments?post=13"}],"version-history":[{"count":0,"href":"https:\/\/bestpeanutmachine.com\/fr\/wp-json\/wp\/v2\/pages\/13\/revisions"}],"wp:attachment":[{"href":"https:\/\/bestpeanutmachine.com\/fr\/wp-json\/wp\/v2\/media?parent=13"}],"curies":[{"name":"wp","href":"https:\/\/api.w.org\/{rel}","templated":true}]}}