{"id":16,"date":"2022-08-24T10:28:09","date_gmt":"2022-08-24T10:28:09","guid":{"rendered":"https:\/\/bestpeanutmachine.com\/?page_id=16"},"modified":"2025-08-20T16:04:41","modified_gmt":"2025-08-20T08:04:41","slug":"contact","status":"publish","type":"page","link":"https:\/\/bestpeanutmachine.com\/fr\/contact\/","title":{"rendered":"Contact"},"content":{"rendered":"<h2 class=\"wp-block-heading\" id=\"h-ready-to-start-your-peanut-processing-business\">Pr\u00eat \u00e0 d\u00e9marrer votre entreprise de transformation d\u2019arachides\u00a0? <\/h2>    <p>Taizy Machinery Co., Ltd est un fabricant et exportateur professionnel de machines pour l'arachide. Nous sommes une grande entreprise qui int\u00e8gre la conception, la recherche, la fabrication et la commercialisation de diverses machines \u00e0 arachides. En outre, nous disposons d'un personnel hautement qualifi\u00e9 pour garantir la bonne qualit\u00e9, la livraison rapide et les performances stables de nos machines. Un prix abordable est disponible. <\/p>    <div class=\"wp-block-columns is-layout-flex wp-container-core-columns-is-layout-9d6595d7 wp-block-columns-is-layout-flex\"> <div class=\"wp-block-column is-layout-flow wp-block-column-is-layout-flow\"> <div class=\"wp-block-columns is-layout-flex wp-container-core-columns-is-layout-9d6595d7 wp-block-columns-is-layout-flex\"> <div class=\"wp-block-column is-layout-flow wp-block-column-is-layout-flow\"> <figure class=\"wp-block-image size-large\"><img decoding=\"async\" src=\"https:\/\/charcoalplant.com\/wp-content\/uploads\/2022\/03\/smartphone.png\" alt=\"\"\/><\/figure>    <p>+86 17703863868<\/p> <\/div>    <div class=\"wp-block-column is-layout-flow wp-block-column-is-layout-flow\"> <figure class=\"wp-block-image size-large\"><img decoding=\"async\" src=\"https:\/\/charcoalplant.com\/wp-content\/uploads\/2022\/03\/email.png\" alt=\"\"\/><\/figure>    <p>info@bestpeanutmachine.com<\/p> <\/div> <\/div> <\/div>    <div class=\"wp-block-column is-layout-flow wp-block-column-is-layout-flow\"> <div class=\"wp-block-columns is-layout-flex wp-container-core-columns-is-layout-9d6595d7 wp-block-columns-is-layout-flex\"> <div class=\"wp-block-column is-layout-flow wp-block-column-is-layout-flow\"> <figure class=\"wp-block-image size-large\"><img decoding=\"async\" src=\"https:\/\/charcoalplant.com\/wp-content\/uploads\/2022\/03\/whatsapp.png\" alt=\"\"\/><\/figure>    <p>+86 17703863868<\/p> <\/div>    <div class=\"wp-block-column is-layout-flow wp-block-column-is-layout-flow\"> <figure class=\"wp-block-image size-large\"><img decoding=\"async\" src=\"https:\/\/charcoalplant.com\/wp-content\/uploads\/2022\/03\/address.png\" alt=\"\"\/><\/figure>    <p>Hanghai Road East, zone de d\u00e9veloppement \u00e9conomique et technologique de Zhengzhou, ville de Zhengzhou, Henan, Chine<\/p> <\/div> <\/div> <\/div> <\/div>","protected":false},"excerpt":{"rendered":"<p>Ready to start your peanut processing business? Taizy Machinery Co., Ltd is a professional peanut machinery manufacturer and exporter. We are a big company that integrated design, research, manufacturing, and marketing of various peanut machines. Besides, we have highly skilled staff to make sure the good quality, fast delivery, and stable performance of our machines. [&hellip;]<\/p>\n","protected":false},"author":1,"featured_media":0,"parent":0,"menu_order":0,"comment_status":"closed","ping_status":"closed","template":"","meta":{"footnotes":""},"class_list":["post-16","page","type-page","status-publish","hentry"],"_links":{"self":[{"href":"https:\/\/bestpeanutmachine.com\/fr\/wp-json\/wp\/v2\/pages\/16","targetHints":{"allow":["GET"]}}],"collection":[{"href":"https:\/\/bestpeanutmachine.com\/fr\/wp-json\/wp\/v2\/pages"}],"about":[{"href":"https:\/\/bestpeanutmachine.com\/fr\/wp-json\/wp\/v2\/types\/page"}],"author":[{"embeddable":true,"href":"https:\/\/bestpeanutmachine.com\/fr\/wp-json\/wp\/v2\/users\/1"}],"replies":[{"embeddable":true,"href":"https:\/\/bestpeanutmachine.com\/fr\/wp-json\/wp\/v2\/comments?post=16"}],"version-history":[{"count":0,"href":"https:\/\/bestpeanutmachine.com\/fr\/wp-json\/wp\/v2\/pages\/16\/revisions"}],"wp:attachment":[{"href":"https:\/\/bestpeanutmachine.com\/fr\/wp-json\/wp\/v2\/media?parent=16"}],"curies":[{"name":"wp","href":"https:\/\/api.w.org\/{rel}","templated":true}]}}