{"id":1003,"date":"2026-01-27T17:43:30","date_gmt":"2026-01-27T09:43:30","guid":{"rendered":"https:\/\/bestpeanutmachine.com\/?post_type=product&#038;p=1003"},"modified":"2026-01-28T17:57:06","modified_gmt":"2026-01-28T09:57:06","slug":"macadamia-opening-machine","status":"publish","type":"product","link":"https:\/\/bestpeanutmachine.com\/fr\/product\/macadamia-opening-machine\/","title":{"rendered":"Machine d'ouverture de macadamia"},"content":{"rendered":"<p class=\"translation-block\">La <strong>machine d'ouverture de macadamia<\/strong> est utilis\u00e9e pour couper automatiquement les noix de macadamia avant l'\u00e9caillement ou un traitement ult\u00e9rieur. La profondeur de coupe est r\u00e9glable, et la largeur maximale de coupe varie entre 200 et 330 mm, avec une capacit\u00e9 pouvant atteindre 50-90 kg\/h.<\/p>    <figure class=\"wp-block-embed aligncenter is-type-video is-provider-youtube wp-block-embed-youtube wp-embed-aspect-16-9 wp-has-aspect-ratio\"><div class=\"wp-block-embed__wrapper\"> <iframe loading=\"lazy\" title=\"Machine d&#039;ouverture automatique de macadamia pour un \u00e9pluchage efficace Contact :  8617703863868\" width=\"500\" height=\"281\" src=\"https:\/\/www.youtube.com\/embed\/LX7ewMfcwro?feature=oembed\" frameborder=\"0\" allow=\"accelerometer; autoplay; clipboard-write; encrypted-media; gyroscope; picture-in-picture; web-share\" referrerpolicy=\"strict-origin-when-cross-origin\" allowfullscreen><\/iframe> <\/div><figcaption class=\"wp-element-caption\">Fonctionnement de la machine d'ouverture de macadamia<\/figcaption><\/figure>    <h2 class=\"wp-block-heading\"><strong>Principaux avantages de la machine d'ouverture de macadamia<\/strong><\/h2>    <ol class=\"wp-block-list\"> <li>Cette machine d'ouverture de macadamia dispose d'un syst\u00e8me enti\u00e8rement automatique, permettant \u00e0 une seule personne d'effectuer tout le travail, r\u00e9duisant ainsi efficacement les co\u00fbts de main-d'\u0153uvre.<\/li>    <li>La profondeur de coupe et la largeur d'ouverture sont ajustables ind\u00e9pendamment, pour r\u00e9pondre aux exigences de traitement ult\u00e9rieur.<\/li>    <li>Haute pr\u00e9cision d'\u00e9caillement, avec des dimensions d'ouverture et de profondeur constantes, permettant une vente directe des noix.<\/li>    <li>Elle peut am\u00e9liorer l'efficacit\u00e9 de l'\u00e9pluchage et pr\u00e9parer les noix pour un traitement ult\u00e9rieur, en maintenant efficacement l'int\u00e9grit\u00e9 du noyau.<\/li> <\/ol>   <div class=\"wp-block-image\"> <figure class=\"aligncenter size-full\"><img loading=\"lazy\" decoding=\"async\" width=\"720\" height=\"540\" src=\"https:\/\/bestpeanutmachine.com\/wp-content\/uploads\/2026\/01\/XGKK-21-macadamia-opener.webp\" alt=\"Machine d&#039;ouverture de macadamia XGKK-21\" class=\"wp-image-1013\" srcset=\"https:\/\/bestpeanutmachine.com\/wp-content\/uploads\/2026\/01\/XGKK-21-macadamia-opener.webp 720w, https:\/\/bestpeanutmachine.com\/wp-content\/uploads\/2026\/01\/XGKK-21-macadamia-opener-300x225.webp 300w, https:\/\/bestpeanutmachine.com\/wp-content\/uploads\/2026\/01\/XGKK-21-macadamia-opener-16x12.webp 16w\" sizes=\"auto, (max-width: 720px) 100vw, 720px\" \/><figcaption class=\"wp-element-caption\">Machine d'ouverture de macadamia XGKK-21<\/figcaption><\/figure> <\/div>   <h2 class=\"wp-block-heading\"><strong>Principe de fonctionnement d'un ouvre-noix de macadamia commercial<\/strong><\/h2>    <ol class=\"wp-block-list\"> <li><strong>R\u00e9glage<\/strong>: La profondeur de coupe, l'angle et la vitesse sont pr\u00e9-r\u00e9gl\u00e9s en fonction de la taille des noix.<\/li>    <li><strong>Alimentation<\/strong>: Les noix de macadamia sont introduites dans la machine via le port d'alimentation (un \u00e9l\u00e9vateur peut \u00eatre utilis\u00e9 pour un aliment automatique).<\/li>    <li><strong>Positionnement<\/strong>: Les noix sont fix\u00e9es et align\u00e9es pour une coupe pr\u00e9cise.<\/li>    <li><strong>D\u00e9coupe<\/strong>: Le mod\u00e8le standard utilise des lames de coupe pneumatiques pour effectuer une coupe circulaire \u00e0 360\u00b0 sur la coque de la noix.<\/li>    <li><strong>D\u00e9charge<\/strong>: Les noix pr\u00e9-\u00e9cail\u00e9es sont d\u00e9charg\u00e9es, et la macadamia trait\u00e9e sera collect\u00e9e \u00e0 la sortie.<\/li> <\/ol>    <h2 class=\"wp-block-heading\"><strong>Types et param\u00e8tres de la machine d'ouverture de macadamia<\/strong><\/h2>    <figure class=\"wp-block-table\"><table class=\"has-fixed-layout\"><tbody><tr><td>Mod\u00e8le<\/td><td class=\"has-text-align-center\" data-align=\"center\">XGKK-10 <\/td><td class=\"has-text-align-center\" data-align=\"center\">XGKK-21<\/td><\/tr><tr><td>Alimentation \u00e9lectrique<\/td><td class=\"has-text-align-center\" data-align=\"center\">220V \/ 50Hz, Monophas\u00e9<\/td><td class=\"has-text-align-center\" data-align=\"center\">380V \/ 50Hz, Triphas\u00e9<\/td><\/tr><tr><td>Puissance du moteur principal<\/td><td class=\"has-text-align-center\" data-align=\"center\">2.2 kW<\/td><td class=\"has-text-align-center\" data-align=\"center\">3 kW<\/td><\/tr><tr><td>Capacit\u00e9<\/td><td class=\"has-text-align-center\" data-align=\"center\">50 kg\/h<\/td><td class=\"has-text-align-center\" data-align=\"center\">90 kg\/h<\/td><\/tr><tr><td>Poids<\/td><td class=\"has-text-align-center\" data-align=\"center\">250 kg<\/td><td class=\"has-text-align-center\" data-align=\"center\">500 kg<\/td><\/tr><tr><td>Taille de la machine<\/td><td class=\"has-text-align-center\" data-align=\"center\">1200 \u00d7 700 \u00d7 1100 mm<\/td><td class=\"has-text-align-center\" data-align=\"center\">1500 \u00d7 950 \u00d7 1150 mm<\/td><\/tr><tr><td>Taille d'emballage<\/td><td class=\"has-text-align-center\" data-align=\"center\">1350 \u00d7 850 \u00d7 1300 mm<\/td><td class=\"has-text-align-center\" data-align=\"center\">1650 \u00d7 1100 \u00d7 1350 mm<\/td><\/tr><\/tbody><\/table><figcaption class=\"wp-element-caption\">sp\u00e9cification d\u00e9taill\u00e9e du fendeur de macadamia<\/figcaption><\/figure>    <p>Le XGKK-10 utilise une commande pneumatique, combinant pression d'air et contr\u00f4le m\u00e9canique. Il a une empreinte compacte et convient aux usines de traitement de noix de macadamia avec de faibles exigences de production et o\u00f9 un pr\u00e9-traitement simple est n\u00e9cessaire.<\/p>    <figure class=\"wp-block-gallery has-nested-images columns-default is-cropped wp-block-gallery-2 is-layout-flex wp-block-gallery-is-layout-flex\"> <figure class=\"wp-block-image size-large\"><img loading=\"lazy\" decoding=\"async\" width=\"540\" height=\"720\" data-id=\"1008\" src=\"https:\/\/bestpeanutmachine.com\/wp-content\/uploads\/2026\/01\/cost-effective-macadamia-opening-machine.webp\" alt=\"machine d&#039;ouverture de macadamia \u00e9conomique\" class=\"wp-image-1008\" srcset=\"https:\/\/bestpeanutmachine.com\/wp-content\/uploads\/2026\/01\/cost-effective-macadamia-opening-machine.webp 540w, https:\/\/bestpeanutmachine.com\/wp-content\/uploads\/2026\/01\/cost-effective-macadamia-opening-machine-225x300.webp 225w, https:\/\/bestpeanutmachine.com\/wp-content\/uploads\/2026\/01\/cost-effective-macadamia-opening-machine-9x12.webp 9w\" sizes=\"auto, (max-width: 540px) 100vw, 540px\" \/><figcaption class=\"wp-element-caption\">machine d'ouverture de macadamia \u00e9conomique<\/figcaption><\/figure>    <figure class=\"wp-block-image size-large\"><img loading=\"lazy\" decoding=\"async\" width=\"540\" height=\"720\" data-id=\"1009\" src=\"https:\/\/bestpeanutmachine.com\/wp-content\/uploads\/2026\/01\/industrial-macadamia-slitting-machine.webp\" alt=\"machine de fente industrielle pour macadamia\" class=\"wp-image-1009\" srcset=\"https:\/\/bestpeanutmachine.com\/wp-content\/uploads\/2026\/01\/industrial-macadamia-slitting-machine.webp 540w, https:\/\/bestpeanutmachine.com\/wp-content\/uploads\/2026\/01\/industrial-macadamia-slitting-machine-225x300.webp 225w, https:\/\/bestpeanutmachine.com\/wp-content\/uploads\/2026\/01\/industrial-macadamia-slitting-machine-9x12.webp 9w\" sizes=\"auto, (max-width: 540px) 100vw, 540px\" \/><figcaption class=\"wp-element-caption\">machine de fente industrielle pour macadamia<\/figcaption><\/figure> <\/figure>    <p>Le XGKK-21 utilise un syst\u00e8me hybride \u00e9lectrom\u00e9canique avanc\u00e9, employant des programmes de contr\u00f4le automatique pour un traitement pr\u00e9cis. Il offre une efficacit\u00e9 de traitement sup\u00e9rieure et une production accrue, et peut \u00eatre int\u00e9gr\u00e9 dans des lignes de production pour des am\u00e9liorations de ligne.<\/p>    <figure class=\"wp-block-gallery has-nested-images columns-default is-cropped wp-block-gallery-3 is-layout-flex wp-block-gallery-is-layout-flex\"> <figure class=\"wp-block-image size-large\"><img loading=\"lazy\" decoding=\"async\" width=\"720\" height=\"540\" data-id=\"1011\" src=\"https:\/\/bestpeanutmachine.com\/wp-content\/uploads\/2026\/01\/commercial-macadamia-opening-equipment.webp\" alt=\"\u00e9quipement commercial d&#039;ouverture de macadamia\" class=\"wp-image-1011\" srcset=\"https:\/\/bestpeanutmachine.com\/wp-content\/uploads\/2026\/01\/commercial-macadamia-opening-equipment.webp 720w, https:\/\/bestpeanutmachine.com\/wp-content\/uploads\/2026\/01\/commercial-macadamia-opening-equipment-300x225.webp 300w, https:\/\/bestpeanutmachine.com\/wp-content\/uploads\/2026\/01\/commercial-macadamia-opening-equipment-16x12.webp 16w\" sizes=\"auto, (max-width: 720px) 100vw, 720px\" \/><figcaption class=\"wp-element-caption\">\u00e9quipement commercial d'ouverture de macadamia<\/figcaption><\/figure>    <figure class=\"wp-block-image size-large\"><img loading=\"lazy\" decoding=\"async\" width=\"720\" height=\"540\" data-id=\"1010\" src=\"https:\/\/bestpeanutmachine.com\/wp-content\/uploads\/2026\/01\/macadamia-cutting-open-machine.webp\" alt=\"machine \u00e0 ouvrir la macadamia\" class=\"wp-image-1010\" srcset=\"https:\/\/bestpeanutmachine.com\/wp-content\/uploads\/2026\/01\/macadamia-cutting-open-machine.webp 720w, https:\/\/bestpeanutmachine.com\/wp-content\/uploads\/2026\/01\/macadamia-cutting-open-machine-300x225.webp 300w, https:\/\/bestpeanutmachine.com\/wp-content\/uploads\/2026\/01\/macadamia-cutting-open-machine-16x12.webp 16w\" sizes=\"auto, (max-width: 720px) 100vw, 720px\" \/><figcaption class=\"wp-element-caption\">machine \u00e0 ouvrir la macadamia<\/figcaption><\/figure> <\/figure>    <p>If you&#8217;re unsure which machine is best suited for your needs, please contact us and provide details about your raw materials and requirements. Our professional sales team will recommend the most suitable machine for you.<\/p>    <h2 class=\"wp-block-heading\"><strong>Applications de l'\u00e9quipement automatique d'ouverture de macadamia<\/strong><\/h2>    <p>Les machines de fente pour noix de macadamia sont largement utilis\u00e9es dans les usines de traitement primaire de noix de macadamia et dans les usines d'exportation et de tri de noix. Cette machine de traitement de base est id\u00e9ale pour les plantations de macadamia disposant d'installations de traitement sur place, les aidant \u00e0 effectuer le traitement initial et \u00e0 obtenir des prix d'achat plus \u00e9lev\u00e9s.<\/p>    <p>De plus, nos machines d'ouverture de macadamia conviennent \u00e9galement aux petits et moyens transformateurs ainsi qu'aux lignes de traitement industrielles de grande envergure, pouvant \u00eatre int\u00e9gr\u00e9es avec des \u00e9quipements d'\u00e9pluchage, de tri et d'emballage.<\/p>    <p>Les noix de macadamia cass\u00e9es sont moins susceptibles d'\u00eatre endommag\u00e9es lors de l'\u00e9caillement, ce qui augmente l'efficacit\u00e9 du traitement. <\/p>    <figure class=\"wp-block-gallery has-nested-images columns-default is-cropped wp-block-gallery-4 is-layout-flex wp-block-gallery-is-layout-flex\"> <figure class=\"wp-block-image size-large\"><img loading=\"lazy\" decoding=\"async\" width=\"720\" height=\"540\" data-id=\"1014\" src=\"https:\/\/bestpeanutmachine.com\/wp-content\/uploads\/2026\/01\/macadamia-nuts-with-slits.webp\" alt=\"noix de macadamia avec des fentes\" class=\"wp-image-1014\" srcset=\"https:\/\/bestpeanutmachine.com\/wp-content\/uploads\/2026\/01\/macadamia-nuts-with-slits.webp 720w, https:\/\/bestpeanutmachine.com\/wp-content\/uploads\/2026\/01\/macadamia-nuts-with-slits-300x225.webp 300w, https:\/\/bestpeanutmachine.com\/wp-content\/uploads\/2026\/01\/macadamia-nuts-with-slits-16x12.webp 16w\" sizes=\"auto, (max-width: 720px) 100vw, 720px\" \/><figcaption class=\"wp-element-caption\">noix de macadamia avec des fentes<\/figcaption><\/figure>    <figure class=\"wp-block-image size-large\"><img loading=\"lazy\" decoding=\"async\" width=\"720\" height=\"540\" data-id=\"1015\" src=\"https:\/\/bestpeanutmachine.com\/wp-content\/uploads\/2026\/01\/shelled-macadamia-nuts.webp\" alt=\"noix de macadamia \u00e9cal\u00e9es\" class=\"wp-image-1015\" srcset=\"https:\/\/bestpeanutmachine.com\/wp-content\/uploads\/2026\/01\/shelled-macadamia-nuts.webp 720w, https:\/\/bestpeanutmachine.com\/wp-content\/uploads\/2026\/01\/shelled-macadamia-nuts-300x225.webp 300w, https:\/\/bestpeanutmachine.com\/wp-content\/uploads\/2026\/01\/shelled-macadamia-nuts-16x12.webp 16w\" sizes=\"auto, (max-width: 720px) 100vw, 720px\" \/><figcaption class=\"wp-element-caption\">noix de macadamia \u00e9cal\u00e9es<\/figcaption><\/figure> <\/figure>    <h2 class=\"wp-block-heading\"><strong>FAQ \u2013 Machine d'ouverture de macadamia<\/strong><\/h2>   <div id=\"rank-math-faq\" class=\"rank-math-block\"> <div class=\"rank-math-list\"> <div id=\"faq-question-1769482612140\" class=\"rank-math-list-item\"> <h3 class=\"rank-math-question\"><strong>Quel est le but d'ouvrir les noix de macadamia avant de les \u00e9caler ?<\/strong><\/h3> <div class=\"rank-math-answer\">  <p>L'ouverture pr\u00e9liminaire cr\u00e9e une rainure contr\u00f4l\u00e9e qui facilite, acc\u00e9l\u00e8re et s\u00e9curise la fissuration de la coquille pour le noyau.<\/p>  <\/div> <\/div> <div id=\"faq-question-1769482653015\" class=\"rank-math-list-item\"> <h3 class=\"rank-math-question\"><strong>Une seule machine peut-elle g\u00e9rer diff\u00e9rentes tailles de noix de macadamia ?<\/strong><\/h3> <div class=\"rank-math-answer\">  <p>Oui, la profondeur et l'angle de coupe peuvent \u00eatre ajust\u00e9s pour diff\u00e9rentes tailles de noix de macadamia.<\/p>  <\/div> <\/div> <div id=\"faq-question-1769482696834\" class=\"rank-math-list-item\"> <h3 class=\"rank-math-question\"><strong>Pourquoi utiliser une machine de coupe circulaire ?<\/strong><\/h3> <div class=\"rank-math-answer\">  <p>Le design de coupe circulaire r\u00e9partit uniform\u00e9ment la force, r\u00e9duisant consid\u00e9rablement la casse du noyau pendant le processus de coupe.<\/p>  <\/div> <\/div> <div id=\"faq-question-1769482868664\" class=\"rank-math-list-item\"> <h3 class=\"rank-math-question\"><strong>Quelle est la limite maximale d'angle d'ouverture de la machine ?<\/strong><\/h3> <div class=\"rank-math-answer\">  <p>XGKK-10 : r\u00e9glable jusqu'\u00e0 200 degr\u00e9s<br \/>XGKK-21 : r\u00e9glable jusqu'\u00e0 330 degr\u00e9s<\/p>  <\/div> <\/div> <\/div> <\/div>  <div class=\"wp-block-image\"> <figure class=\"aligncenter size-large\"><img loading=\"lazy\" decoding=\"async\" width=\"1024\" height=\"846\" src=\"https:\/\/bestpeanutmachine.com\/wp-content\/uploads\/2026\/01\/XGKK-10-macadamia-slitting-machine-1024x846.webp\" alt=\"XGKK-10 machine de fente de macadamia\" class=\"wp-image-1012\" srcset=\"https:\/\/bestpeanutmachine.com\/wp-content\/uploads\/2026\/01\/XGKK-10-macadamia-slitting-machine-1024x846.webp 1024w, https:\/\/bestpeanutmachine.com\/wp-content\/uploads\/2026\/01\/XGKK-10-macadamia-slitting-machine-300x248.webp 300w, https:\/\/bestpeanutmachine.com\/wp-content\/uploads\/2026\/01\/XGKK-10-macadamia-slitting-machine-768x634.webp 768w, https:\/\/bestpeanutmachine.com\/wp-content\/uploads\/2026\/01\/XGKK-10-macadamia-slitting-machine-15x12.webp 15w, https:\/\/bestpeanutmachine.com\/wp-content\/uploads\/2026\/01\/XGKK-10-macadamia-slitting-machine.webp 1080w\" sizes=\"auto, (max-width: 1024px) 100vw, 1024px\" \/><figcaption class=\"wp-element-caption\">XGKK-10 machine de fente de macadamia<\/figcaption><\/figure> <\/div>   <p>La machine d'ouverture de macadamia est un \u00e9quipement essentiel dans le traitement moderne des noix de macadamia. Si vous envisagez de construire ou de moderniser une ligne de traitement de noix de macadamia, choisir la bonne machine \u00e0 casser la noix de macadamia est une \u00e9tape cruciale pour am\u00e9liorer l'efficacit\u00e9 et la qualit\u00e9 du produit.<\/p>    <p>Contactez-nous, et laissez Taizy vous aider \u00e0 concevoir la solution de traitement des noix la plus adapt\u00e9e !<\/p>    <p>\u00c9quipement connexe de la macadamia : <\/p>    <ul class=\"wp-block-list\"> <li><a href=\"https:\/\/bestpeanutmachine.com\/fr\/product\/2-3t-h-hazelnut-almond-shelling-line\/\">Ligne d'\u00e9caillement de macadamia<\/a><\/li>    <li><a href=\"https:\/\/bestpeanutmachine.com\/fr\/product\/nut-sorting-machine-for-almonds\/\">Machine de tri des noix<\/a><\/li>    <li><a href=\"https:\/\/bestpeanutmachine.com\/fr\/product\/nut-chopping-machine\/\">Machine \u00e0 hacher les noix<\/a><\/li> <\/ul>","protected":false},"excerpt":{"rendered":"<p>This professional nut cracking machine, specifically designed for automatically cracking macadamia nuts, features adjustable cracking depth and high processing efficiency, helping to reduce kernel damage and improve the production efficiency of macadamia nut processing lines.<\/p>","protected":false},"author":1,"featured_media":1017,"parent":0,"template":"","tags":[77,84],"product-type":[76,6],"class_list":["post-1003","product","type-product","status-publish","has-post-thumbnail","hentry","tag-almond","tag-macadamia","product-type-other-nuts-machine","product-type-product"],"_links":{"self":[{"href":"https:\/\/bestpeanutmachine.com\/fr\/wp-json\/wp\/v2\/product\/1003","targetHints":{"allow":["GET"]}}],"collection":[{"href":"https:\/\/bestpeanutmachine.com\/fr\/wp-json\/wp\/v2\/product"}],"about":[{"href":"https:\/\/bestpeanutmachine.com\/fr\/wp-json\/wp\/v2\/types\/product"}],"author":[{"embeddable":true,"href":"https:\/\/bestpeanutmachine.com\/fr\/wp-json\/wp\/v2\/users\/1"}],"wp:featuredmedia":[{"embeddable":true,"href":"https:\/\/bestpeanutmachine.com\/fr\/wp-json\/wp\/v2\/media\/1017"}],"wp:attachment":[{"href":"https:\/\/bestpeanutmachine.com\/fr\/wp-json\/wp\/v2\/media?parent=1003"}],"wp:term":[{"taxonomy":"post_tag","embeddable":true,"href":"https:\/\/bestpeanutmachine.com\/fr\/wp-json\/wp\/v2\/tags?post=1003"},{"taxonomy":"product-type","embeddable":true,"href":"https:\/\/bestpeanutmachine.com\/fr\/wp-json\/wp\/v2\/product-type?post=1003"}],"curies":[{"name":"wp","href":"https:\/\/api.w.org\/{rel}","templated":true}]}}