{"id":1112,"date":"2026-02-06T14:19:53","date_gmt":"2026-02-06T06:19:53","guid":{"rendered":"https:\/\/bestpeanutmachine.com\/?post_type=product&#038;p=1112"},"modified":"2026-02-10T17:59:05","modified_gmt":"2026-02-10T09:59:05","slug":"oil-extraction-machine-nut-opressing","status":"publish","type":"product","link":"https:\/\/bestpeanutmachine.com\/fr\/product\/oil-extraction-machine-nut-opressing\/","title":{"rendered":"Machine d'extraction d'huile hydraulique \u00e0 haute pression"},"content":{"rendered":"<p class=\"translation-block\">La <strong>machine d'extraction d'huile <\/strong>utilise une m\u00e9thode d'extraction purement physique, qui peut presser \u00e0 froid les graines de s\u00e9same et le ma\u00efs ainsi que presser \u00e0 chaud les noix, olives et noix de macadamia. La machine fonctionne \u00e0 jusqu'\u00e0 60 MPa, extrayant efficacement l'huile tout en pr\u00e9servant les nutriments et la saveur.<\/p>    <p>Sa production horaire varie de 12 \u00e0 180 kg selon le mod\u00e8le, avec une temp\u00e9rature de chauffage contr\u00f4lable entre 70\u2103 et 90\u2103. La machine \u00e0 huile par pression \u00e0 froid est facile \u00e0 utiliser avec un manuel d'instructions simple. Une personne peut faire fonctionner 3-4 unit\u00e9s en m\u00eame temps.<\/p>    <figure class=\"wp-block-embed aligncenter is-type-video is-provider-youtube wp-block-embed-youtube wp-embed-aspect-16-9 wp-has-aspect-ratio\"><div class=\"wp-block-embed__wrapper\"> <iframe loading=\"lazy\" title=\"Machine \u00e0 presse hydraulique haute pression pour noix, olives, extraction d&#039;huile d&#039;assaisonnement !  8617703863868\" width=\"500\" height=\"281\" src=\"https:\/\/www.youtube.com\/embed\/JRrwClzesUs?feature=oembed\" frameborder=\"0\" allow=\"accelerometer; autoplay; clipboard-write; encrypted-media; gyroscope; picture-in-picture; web-share\" referrerpolicy=\"strict-origin-when-cross-origin\" allowfullscreen><\/iframe> <\/div><figcaption class=\"wp-element-caption\">Vid\u00e9o de fonctionnement de la machine \u00e0 huile de s\u00e9same<\/figcaption><\/figure>    <h2 class=\"wp-block-heading\"><strong>Principaux avantages de la machine d'extraction d'huile<\/strong><\/h2>    <ol class=\"wp-block-list\"> <li>La machine \u00e0 huile Taizy a un taux d'extraction \u00e9lev\u00e9 : 43%\u201347% pour les graines de s\u00e9same et 50%\u201360% pour les noix.<\/li>    <li>La qualit\u00e9 de l'huile est excellente, utilisant un processus de pressage \u00e0 froid pour maximiser la conservation des nutriments et des compos\u00e9s actifs. Elle produit une huile claire \u00e0 faible impuret\u00e9 et des g\u00e2teaux d'huile de haute valeur.<\/li>    <li>\u00c9quip\u00e9e d'un syst\u00e8me \u00e0 ultra-haute pression, sa pression maximale peut atteindre 60 MPa, fournissant une force de pressage continue et stable, adapt\u00e9e aux mat\u00e9riaux huileux durs et mous.<\/li>    <li>Elle peut effectuer simultan\u00e9ment un pressage \u00e0 chaud et \u00e0 froid avec une large gamme d'applications.<\/li>    <li>Cette machine d'extraction d'huile utilise un design m\u00e9catronique, a un faible taux de d\u00e9faillance, un haut degr\u00e9 d'automatisation, et peut \u00eatre op\u00e9r\u00e9e par une seule personne.<\/li> <\/ol>   <div class=\"wp-block-image\"> <figure class=\"aligncenter size-full\"><img loading=\"lazy\" decoding=\"async\" width=\"720\" height=\"540\" src=\"https:\/\/bestpeanutmachine.com\/wp-content\/uploads\/2026\/02\/oil-press-machine.webp\" alt=\"Machine de presse \u00e0 huile\" class=\"wp-image-1127\" srcset=\"https:\/\/bestpeanutmachine.com\/wp-content\/uploads\/2026\/02\/oil-press-machine.webp 720w, https:\/\/bestpeanutmachine.com\/wp-content\/uploads\/2026\/02\/oil-press-machine-300x225.webp 300w, https:\/\/bestpeanutmachine.com\/wp-content\/uploads\/2026\/02\/oil-press-machine-16x12.webp 16w\" sizes=\"auto, (max-width: 720px) 100vw, 720px\" \/><figcaption class=\"wp-element-caption\">Machine de presse \u00e0 huile<\/figcaption><\/figure> <\/div>   <h2 class=\"wp-block-heading\"><strong>Principe de fonctionnement de la machine d'extraction d'huile<\/strong><\/h2>    <p class=\"translation-block\">Cette machine d'extraction d'huile fonctionne selon le <strong>principe de transmission de pression statique liquide<\/strong>. En utilisant de l'huile hydraulique comme m\u00e9dium de transmission de pression, un syst\u00e8me hydraulique \u00e0 ultra-haute pression applique une pression uniforme sur les mat\u00e9riaux d'huile.<\/p>    <p class=\"translation-block\">Les graines ol\u00e9agineuses sont extraites par <strong>pression m\u00e9canique pure<\/strong>, maximisant l'extraction des huiles naturelles sans ajout d'additifs chimiques.<\/p>    <p class=\"translation-block\">The entire system consists of a <strong>hydraulic power unit and a sealed pressing chamber<\/strong>, forming a closed-loop hydraulic circuit. This ensures that the hydraulic oil circulates continuously within the system, significantly extending the machine&#8217;s lifespan.<\/p>    <p>Ce syst\u00e8me permet \u00e0 la machine de contr\u00f4ler automatiquement la pression pendant le fonctionnement. Lorsque la pression atteint 55\u201360 MPa, la machine s'arr\u00eate automatiquement. Apr\u00e8s la baisse de pression, la machine red\u00e9marre automatiquement, garantissant une extraction d'huile efficace et s\u00fbre.<\/p>    <figure class=\"wp-block-gallery has-nested-images columns-default is-cropped wp-block-gallery-2 is-layout-flex wp-block-gallery-is-layout-flex\"> <figure class=\"wp-block-image size-large\"><img loading=\"lazy\" decoding=\"async\" width=\"720\" height=\"540\" data-id=\"1132\" src=\"https:\/\/bestpeanutmachine.com\/wp-content\/uploads\/2026\/02\/avocado-oil-press-machine.webp\" alt=\"Machine \u00e0 presser l&#039;huile d&#039;avocat\" class=\"wp-image-1132\" srcset=\"https:\/\/bestpeanutmachine.com\/wp-content\/uploads\/2026\/02\/avocado-oil-press-machine.webp 720w, https:\/\/bestpeanutmachine.com\/wp-content\/uploads\/2026\/02\/avocado-oil-press-machine-300x225.webp 300w, https:\/\/bestpeanutmachine.com\/wp-content\/uploads\/2026\/02\/avocado-oil-press-machine-16x12.webp 16w\" sizes=\"auto, (max-width: 720px) 100vw, 720px\" \/><figcaption class=\"wp-element-caption\">Machine \u00e0 presser l'huile d'avocat<\/figcaption><\/figure>    <figure class=\"wp-block-image size-large\"><img loading=\"lazy\" decoding=\"async\" width=\"720\" height=\"540\" data-id=\"1133\" src=\"https:\/\/bestpeanutmachine.com\/wp-content\/uploads\/2026\/02\/hydraulic-cold-press-oil-machine.webp\" alt=\"Machine \u00e0 huile \u00e0 froid hydraulique\" class=\"wp-image-1133\" srcset=\"https:\/\/bestpeanutmachine.com\/wp-content\/uploads\/2026\/02\/hydraulic-cold-press-oil-machine.webp 720w, https:\/\/bestpeanutmachine.com\/wp-content\/uploads\/2026\/02\/hydraulic-cold-press-oil-machine-300x225.webp 300w, https:\/\/bestpeanutmachine.com\/wp-content\/uploads\/2026\/02\/hydraulic-cold-press-oil-machine-16x12.webp 16w\" sizes=\"auto, (max-width: 720px) 100vw, 720px\" \/><figcaption class=\"wp-element-caption\">Machine \u00e0 huile \u00e0 froid hydraulique<\/figcaption><\/figure> <\/figure>    <h2 class=\"wp-block-heading\"><strong>Comment utiliser la machine \u00e0 presser l'huile ?<\/strong><\/h2>    <p>\u00c9tape 1 : Allumez l'alimentation et v\u00e9rifiez les voyants. (Pour la premi\u00e8re utilisation, allumez et \u00e9teignez la machine 10 fois pour purger l'air du syst\u00e8me hydraulique et r\u00e9gler la temp\u00e9rature de chauffage \u00e0 50\u201360\u00b0C.)<\/p>    <p>\u00c9tape 2 : Soulevez soigneusement le piston (sans d\u00e9passer la hauteur s\u00fbre) et placez un filtre en coton au fond.<br>Ajoutez l'huile grill\u00e9e et placez une autre compresse en coton et la plaque de pression.<\/p>    <p>\u00c9tape 3 : D\u00e9marrez la machine et commencez la pression. Apr\u00e8s 2-3 cycles de pression, retirez le g\u00e2teau d'huile et rel\u00e2chez lentement la pression.<\/p>    <p class=\"translation-block\"><strong>Remarque<\/strong> : Avant de commencer le cycle suivant, abaissez compl\u00e8tement le piston. Le sac filtre \u00e0 huile doit g\u00e9n\u00e9ralement \u00eatre remplac\u00e9 apr\u00e8s quelques utilisations.<\/p>    <figure class=\"wp-block-gallery has-nested-images columns-default is-cropped wp-block-gallery-3 is-layout-flex wp-block-gallery-is-layout-flex\"> <figure class=\"wp-block-image size-large\"><img loading=\"lazy\" decoding=\"async\" width=\"540\" height=\"720\" data-id=\"1124\" src=\"https:\/\/bestpeanutmachine.com\/wp-content\/uploads\/2026\/02\/oil-filter-bag.webp\" alt=\"Sac filtre \u00e0 huile\" class=\"wp-image-1124\" srcset=\"https:\/\/bestpeanutmachine.com\/wp-content\/uploads\/2026\/02\/oil-filter-bag.webp 540w, https:\/\/bestpeanutmachine.com\/wp-content\/uploads\/2026\/02\/oil-filter-bag-225x300.webp 225w, https:\/\/bestpeanutmachine.com\/wp-content\/uploads\/2026\/02\/oil-filter-bag-9x12.webp 9w\" sizes=\"auto, (max-width: 540px) 100vw, 540px\" \/><figcaption class=\"wp-element-caption\">Sac filtre \u00e0 huile<\/figcaption><\/figure>    <figure class=\"wp-block-image size-large\"><img loading=\"lazy\" decoding=\"async\" width=\"540\" height=\"720\" data-id=\"1125\" src=\"https:\/\/bestpeanutmachine.com\/wp-content\/uploads\/2026\/02\/pressure-plate.webp\" alt=\"Plaque de pression\" class=\"wp-image-1125\" srcset=\"https:\/\/bestpeanutmachine.com\/wp-content\/uploads\/2026\/02\/pressure-plate.webp 540w, https:\/\/bestpeanutmachine.com\/wp-content\/uploads\/2026\/02\/pressure-plate-225x300.webp 225w, https:\/\/bestpeanutmachine.com\/wp-content\/uploads\/2026\/02\/pressure-plate-9x12.webp 9w\" sizes=\"auto, (max-width: 540px) 100vw, 540px\" \/><figcaption class=\"wp-element-caption\">Plaque de pression<\/figcaption><\/figure>    <figure class=\"wp-block-image size-large\"><img loading=\"lazy\" decoding=\"async\" width=\"540\" height=\"720\" data-id=\"1126\" src=\"https:\/\/bestpeanutmachine.com\/wp-content\/uploads\/2026\/02\/pressure-relief-valve.webp\" alt=\"Vanne de d\u00e9charge de pression\" class=\"wp-image-1126\" srcset=\"https:\/\/bestpeanutmachine.com\/wp-content\/uploads\/2026\/02\/pressure-relief-valve.webp 540w, https:\/\/bestpeanutmachine.com\/wp-content\/uploads\/2026\/02\/pressure-relief-valve-225x300.webp 225w, https:\/\/bestpeanutmachine.com\/wp-content\/uploads\/2026\/02\/pressure-relief-valve-9x12.webp 9w\" sizes=\"auto, (max-width: 540px) 100vw, 540px\" \/><figcaption class=\"wp-element-caption\">Vanne de d\u00e9charge de pression<\/figcaption><\/figure> <\/figure>    <h2 class=\"wp-block-heading\">Sp\u00e9cifications techniques de la machine d'extraction d'huile<\/h2>    <p>Nous proposons une vari\u00e9t\u00e9 de styles pour r\u00e9pondre \u00e0 diff\u00e9rents besoins de production. Vous pouvez choisir selon vos besoins r\u00e9els de production.<\/p>    <p>Si vous n'\u00eates pas s\u00fbr de l'option la mieux adapt\u00e9e, veuillez fournir vos mati\u00e8res premi\u00e8res et vos besoins de production, et nos professionnels vous proposeront une solution bas\u00e9e sur vos informations.<\/p>    <figure class=\"wp-block-table aligncenter\"><table class=\"has-fixed-layout\"><thead><tr><th>Mod\u00e8le<\/th><th>TZ-150<\/th><th>TZ-180<\/th><th>TZ-230<\/th><th>TZ-260<\/th><th>TZ-320<\/th><th>TZ-360<\/th><th>TZ-415<\/th><th>TZ-460<\/th><\/tr><\/thead><tbody><tr><td>Capacit\u00e9<\/td><td>12kg\/h<\/td><td>20kg\/h<\/td><td>40kg\/h<\/td><td>60kg\/h<\/td><td>70kg\/h<\/td><td>90kg\/h<\/td><td>120kg\/h<\/td><td>180kg\/h<\/td><\/tr><tr><td>Baril <br>Capacit\u00e9<\/td><td>2kg<\/td><td>4kg<\/td><td>8kg<\/td><td>12kg<\/td><td>17.5kg<\/td><td>22.5kg<\/td><td>30kg<\/td><td>45kg<\/td><\/tr><tr><td>G\u00e2teau d'huile <br>diam\u00e8tre <\/td><td>155mm<\/td><td>192mm<\/td><td>242mm<\/td><td>268mm<\/td><td>323mm<\/td><td>370mm<\/td><td>415mm<\/td><td>460mm<\/td><\/tr><tr><td>Moteur <br>puissance<\/td><td>0.75 kW<\/td><td>1,5 kW<\/td><td>1,5 kW<\/td><td>1,5 kW<\/td><td>2.2 kW<\/td><td>2.2 kW<\/td><td>2.2 kW<\/td><td>3 kW<\/td><\/tr><tr><td>Chauffage <br>puissance<\/td><td>600 W<\/td><td>720 W<\/td><td>850 W<\/td><td>950 W<\/td><td>1100 W<\/td><td>1250 W<\/td><td>1500 W<\/td><td>2000 W<\/td><\/tr><tr><td>Chauffage <br>Temp\u00e9rature <\/td><td>70\u201390\u2103<\/td><td>70\u201390\u2103<\/td><td>70\u201390\u2103<\/td><td>70\u201390\u2103<\/td><td>70\u201390\u2103<\/td><td>70\u201390\u2103<\/td><td>70\u201390\u2103<\/td><td>70\u201390\u2103<\/td><\/tr><tr><td>Fonctionnement <br>Pression <\/td><td>55\u201360 MPa<\/td><td>55\u201360 MPa<\/td><td>55\u201360 MPa<\/td><td>55\u201360 MPa<\/td><td>55\u201360 MPa<\/td><td>55\u201360 MPa<\/td><td>55\u201360 MPa<\/td><td>55\u201360 MPa<\/td><\/tr><tr><td>Poids <\/td><td>240 kg<\/td><td>550kg<\/td><td>950kg<\/td><td>1200kg<\/td><td>1700kg<\/td><td>2000kg<\/td><td>2200kg<\/td><td>3000kg<\/td><\/tr><\/tbody><\/table><figcaption class=\"wp-element-caption\">Param\u00e8tres de la machine d'extraction d'huile<\/figcaption><\/figure>    <p class=\"translation-block\"><strong>Remarque<\/strong> : Le taux d'extraction d'huile r\u00e9el peut varier en fonction de la qualit\u00e9 des mati\u00e8res premi\u00e8res, de leur teneur en humidit\u00e9 et de la m\u00e9thode de pressage (pression \u00e0 froid ou \u00e0 chaud).<\/p>    <figure class=\"wp-block-gallery has-nested-images columns-default is-cropped wp-block-gallery-4 is-layout-flex wp-block-gallery-is-layout-flex\"> <figure class=\"wp-block-image size-large\"><img loading=\"lazy\" decoding=\"async\" width=\"720\" height=\"540\" data-id=\"1128\" src=\"https:\/\/bestpeanutmachine.com\/wp-content\/uploads\/2026\/02\/cold-press-oil-extraction-machine.webp\" alt=\"Machine \u00e0 extraction d&#039;huile \u00e0 froid\" class=\"wp-image-1128\" srcset=\"https:\/\/bestpeanutmachine.com\/wp-content\/uploads\/2026\/02\/cold-press-oil-extraction-machine.webp 720w, https:\/\/bestpeanutmachine.com\/wp-content\/uploads\/2026\/02\/cold-press-oil-extraction-machine-300x225.webp 300w, https:\/\/bestpeanutmachine.com\/wp-content\/uploads\/2026\/02\/cold-press-oil-extraction-machine-16x12.webp 16w\" sizes=\"auto, (max-width: 720px) 100vw, 720px\" \/><figcaption class=\"wp-element-caption\">Machine \u00e0 extraction d'huile \u00e0 froid<\/figcaption><\/figure>    <figure class=\"wp-block-image size-large\"><img loading=\"lazy\" decoding=\"async\" width=\"720\" height=\"540\" data-id=\"1129\" src=\"https:\/\/bestpeanutmachine.com\/wp-content\/uploads\/2026\/02\/cold-press-oil-machine.webp\" alt=\"Machine \u00e0 huile \u00e0 froid\" class=\"wp-image-1129\" srcset=\"https:\/\/bestpeanutmachine.com\/wp-content\/uploads\/2026\/02\/cold-press-oil-machine.webp 720w, https:\/\/bestpeanutmachine.com\/wp-content\/uploads\/2026\/02\/cold-press-oil-machine-300x225.webp 300w, https:\/\/bestpeanutmachine.com\/wp-content\/uploads\/2026\/02\/cold-press-oil-machine-16x12.webp 16w\" sizes=\"auto, (max-width: 720px) 100vw, 720px\" \/><figcaption class=\"wp-element-caption\">Machine \u00e0 huile \u00e0 froid<\/figcaption><\/figure> <\/figure>    <h2 class=\"wp-block-heading\"><strong>Large gamme d'applications de la machine d'extraction d'huile<\/strong><\/h2>    <p>Cette presse \u00e0 huile supporte \u00e0 la fois le pressage \u00e0 chaud et \u00e0 froid et convient \u00e0 une vari\u00e9t\u00e9 de mati\u00e8res premi\u00e8res :<\/p>    <p class=\"translation-block\"><strong>Huile comestible press\u00e9e \u00e0 chaud :<\/strong><\/p>    <ul class=\"wp-block-list\"> <li>S\u00e9same<\/li>    <li>Lin<\/li>    <li>Arachides<\/li>    <li>Germe de bl\u00e9<\/li>    <li>Germe de ma\u00efs<\/li> <\/ul>    <p class=\"translation-block\"><strong>Huiles saines \u00e0 froid :<\/strong><\/p>    <ul class=\"wp-block-list\"> <li>Noix<\/li>    <li>Noix de pin<\/li>    <li>Amandes<\/li>    <li>Graines de tournesol<\/li>    <li>Olives<\/li>    <li>Noix de macadamia<\/li>    <li>Graines de cam\u00e9lia<\/li> <\/ul>    <p class=\"translation-block\"><strong>Extraction d'huiles d'\u00e9pices et d'herbes :<\/strong><\/p>    <ul class=\"wp-block-list\"> <li>Poivre de Sichuan<\/li>    <li>Graines de moutarde<\/li>    <li>Graines de Perilla<\/li>    <li>Herbes de m\u00e9decine traditionnelle chinoise<\/li> <\/ul>   <div class=\"wp-block-image\"> <figure class=\"aligncenter size-full\"><img loading=\"lazy\" decoding=\"async\" width=\"720\" height=\"540\" src=\"https:\/\/bestpeanutmachine.com\/wp-content\/uploads\/2026\/02\/applications-of-oil-press-machine.webp\" alt=\"Applications de la machine \u00e0 presse d&#039;huile\" class=\"wp-image-1121\" srcset=\"https:\/\/bestpeanutmachine.com\/wp-content\/uploads\/2026\/02\/applications-of-oil-press-machine.webp 720w, https:\/\/bestpeanutmachine.com\/wp-content\/uploads\/2026\/02\/applications-of-oil-press-machine-300x225.webp 300w, https:\/\/bestpeanutmachine.com\/wp-content\/uploads\/2026\/02\/applications-of-oil-press-machine-16x12.webp 16w\" sizes=\"auto, (max-width: 720px) 100vw, 720px\" \/><figcaption class=\"wp-element-caption\">Applications de la machine \u00e0 huile<\/figcaption><\/figure> <\/div>   <p>Voici un tableau montrant le taux d'huile de certains mat\u00e9riaux :<\/p>    <figure class=\"wp-block-table aligncenter\"><table class=\"has-fixed-layout\"><thead><tr><th>Mati\u00e8re premi\u00e8re<\/th><th>Plage d'extraction d'huile<\/th><\/tr><\/thead><tbody><tr><td>Graines de s\u00e9same<\/td><td>43% \u2013 47%<\/td><\/tr><tr><td>Noix<\/td><td>50% \u2013 60%<\/td><\/tr><tr><td>Noix<\/td><td>18% \u2013 22%<\/td><\/tr><tr><td>Graines de th\u00e9 (graines de cam\u00e9lia)<\/td><td>25% \u2013 29%<\/td><\/tr><\/tbody><\/table><figcaption class=\"wp-element-caption\">Mat\u00e9riaux courants et taux d'extraction d'huile<\/figcaption><\/figure>    <h2 class=\"wp-block-heading\">Comment utiliser une presse \u00e0 huile en toute s\u00e9curit\u00e9 ?<\/h2>    <ol class=\"wp-block-list\"> <li>Apr\u00e8s un mois d'utilisation pour une nouvelle machine, l'huile hydraulique doit \u00eatre soigneusement filtr\u00e9e et le r\u00e9servoir d'huile nettoy\u00e9. Ensuite, l'huile hydraulique doit \u00eatre chang\u00e9e annuellement.<\/li>    <li>Pour assurer la s\u00e9curit\u00e9 du syst\u00e8me \u00e9lectrique, des mesures de protection contre la mise \u00e0 la terre doivent \u00eatre prises.<\/li>    <li>Le syst\u00e8me hydraulique de cette machine est \u00e0 ultra-haute pression, avec une pression maximale de 60 MPa. Il est strictement interdit de faire fonctionner \u00e0 une surpression.<\/li>    <li>Les graines d'huile grill\u00e9es doivent \u00eatre ventil\u00e9es avant le pressage ; sinon, une explosion de gaz peut se produire lors du pressage, ce qui pourrait causer des blessures graves.<\/li>    <li>Apr\u00e8s que les graines ont \u00e9t\u00e9 press\u00e9es \u00e0 sec, le g\u00e2teau d'huile doit \u00eatre enlev\u00e9 imm\u00e9diatement ; sinon, une explosion de gaz peut se produire si laiss\u00e9 trop longtemps.<\/li> <\/ol>   <div class=\"wp-block-image\"> <figure class=\"aligncenter size-full\"><img loading=\"lazy\" decoding=\"async\" width=\"720\" height=\"540\" src=\"https:\/\/bestpeanutmachine.com\/wp-content\/uploads\/2026\/02\/nut-oil-press-machines.webp\" alt=\"Machines \u00e0 presser l&#039;huile de noix\" class=\"wp-image-1130\" srcset=\"https:\/\/bestpeanutmachine.com\/wp-content\/uploads\/2026\/02\/nut-oil-press-machines.webp 720w, https:\/\/bestpeanutmachine.com\/wp-content\/uploads\/2026\/02\/nut-oil-press-machines-300x225.webp 300w, https:\/\/bestpeanutmachine.com\/wp-content\/uploads\/2026\/02\/nut-oil-press-machines-16x12.webp 16w\" sizes=\"auto, (max-width: 720px) 100vw, 720px\" \/><figcaption class=\"wp-element-caption\">Machines \u00e0 presser l'huile de noix<\/figcaption><\/figure> <\/div>   <h2 class=\"wp-block-heading\"><strong>Causes et solutions des dysfonctionnements de la machine<\/strong><\/h2>    <p>If the nut oil press machine&#8217;s pressure gauge pointer does not rise, or if it cannot reach high pressure, the following are some possible problems and their solutions:<\/p>    <figure class=\"wp-block-table\"><table><thead><tr><th>Cause possible<\/th><th>Solution<\/th><\/tr><\/thead><tbody><tr><td>Des mati\u00e8res \u00e9trang\u00e8res entrent dans la pompe, emp\u00eachant la bille en acier de la vanne d'entr\u00e9e de revenir \u00e0 sa position d'origine<\/td><td>Le joint d'huile \u00e0 l'int\u00e9rieur du cylindre hydraulique est endommag\u00e9<\/td><\/tr><tr><td>Nettoyez les mati\u00e8res \u00e9trang\u00e8res \u00e0 l'int\u00e9rieur de la pompe et remplacez-la par de l'huile hydraulique propre<\/td><td>D\u00e9montez la vanne manuelle de la station de pompage et nettoyez la vanne manuelle<\/td><\/tr><tr><td>Le piston est fortement us\u00e9<\/td><td>Remplacer par un nouveau joint d'huile<\/td><\/tr><tr><td>Les joints de tuyau d'huile fuient, et l'\u00e9tanch\u00e9it\u00e9 n'est pas serr\u00e9e<\/td><td>Remplacer les composants d'\u00e9tanch\u00e9it\u00e9 et serrer les boulons solidement<\/td><\/tr><tr><td>Le manom\u00e8tre est endommag\u00e9 et l'aiguille ne bouge pas<\/td><td>Remplacer par un nouveau piston<\/td><\/tr><tr><td>Le manom\u00e8tre est endommag\u00e9, et l'aiguille ne bouge pas<\/td><td>Remplacer par un nouveau manom\u00e8tre<\/td><\/tr><\/tbody><\/table><figcaption class=\"wp-element-caption\">Probl\u00e8mes courants et solutions de la machine \u00e0 presser les graines d'huile<\/figcaption><\/figure>   <div class=\"wp-block-image\"> <figure class=\"aligncenter size-full\"><img loading=\"lazy\" decoding=\"async\" width=\"720\" height=\"540\" src=\"https:\/\/bestpeanutmachine.com\/wp-content\/uploads\/2026\/02\/seed-oil-press-machine.webp\" alt=\"Machine \u00e0 presser l&#039;huile de graines\" class=\"wp-image-1131\" srcset=\"https:\/\/bestpeanutmachine.com\/wp-content\/uploads\/2026\/02\/seed-oil-press-machine.webp 720w, https:\/\/bestpeanutmachine.com\/wp-content\/uploads\/2026\/02\/seed-oil-press-machine-300x225.webp 300w, https:\/\/bestpeanutmachine.com\/wp-content\/uploads\/2026\/02\/seed-oil-press-machine-16x12.webp 16w\" sizes=\"auto, (max-width: 720px) 100vw, 720px\" \/><figcaption class=\"wp-element-caption\">Machine \u00e0 presser l'huile de graines<\/figcaption><\/figure> <\/div>   <p>Si vous recherchez des presses \u00e0 huile fiables pour la production d'huile \u00e0 froid ou \u00e0 chaud, contactez-nous pour plus d'informations et des remises.<\/p>    <p class=\"translation-block\">Si vous souhaitez produire des quantit\u00e9s plus importantes d'huile commerciale, nous recommandons cette presse \u00e0 huile : <a href=\"https:\/\/bestpeanutmachine.com\/fr\/product\/peanut-oil-extraction-machine\/\">Machine d'extraction d'huile de cacahu\u00e8te<\/a>, qui offre \u00e9galement un syst\u00e8me d'extraction \u00e0 froid et \u00e0 chaud.<\/p>","protected":false},"excerpt":{"rendered":"<p>This oil extraction machine uses ultra-high-pressure hydraulic technology to produce high-quality edible oil through pure physical pressing. Supporting both cold press and hot press processes can extract peanut oil, olive oil, and sesame oil, etc.<\/p>","protected":false},"author":1,"featured_media":1120,"parent":0,"template":"","tags":[77,80,11],"product-type":[76,6],"class_list":["post-1112","product","type-product","status-publish","has-post-thumbnail","hentry","tag-almond","tag-cocoa","tag-peanut","product-type-other-nuts-machine","product-type-product"],"_links":{"self":[{"href":"https:\/\/bestpeanutmachine.com\/fr\/wp-json\/wp\/v2\/product\/1112","targetHints":{"allow":["GET"]}}],"collection":[{"href":"https:\/\/bestpeanutmachine.com\/fr\/wp-json\/wp\/v2\/product"}],"about":[{"href":"https:\/\/bestpeanutmachine.com\/fr\/wp-json\/wp\/v2\/types\/product"}],"author":[{"embeddable":true,"href":"https:\/\/bestpeanutmachine.com\/fr\/wp-json\/wp\/v2\/users\/1"}],"wp:featuredmedia":[{"embeddable":true,"href":"https:\/\/bestpeanutmachine.com\/fr\/wp-json\/wp\/v2\/media\/1120"}],"wp:attachment":[{"href":"https:\/\/bestpeanutmachine.com\/fr\/wp-json\/wp\/v2\/media?parent=1112"}],"wp:term":[{"taxonomy":"post_tag","embeddable":true,"href":"https:\/\/bestpeanutmachine.com\/fr\/wp-json\/wp\/v2\/tags?post=1112"},{"taxonomy":"product-type","embeddable":true,"href":"https:\/\/bestpeanutmachine.com\/fr\/wp-json\/wp\/v2\/product-type?post=1112"}],"curies":[{"name":"wp","href":"https:\/\/api.w.org\/{rel}","templated":true}]}}