{"id":1139,"date":"2026-02-09T14:37:46","date_gmt":"2026-02-09T06:37:46","guid":{"rendered":"https:\/\/bestpeanutmachine.com\/?post_type=product&#038;p=1139"},"modified":"2026-02-09T14:48:20","modified_gmt":"2026-02-09T06:48:20","slug":"pistachio-grinder-machine","status":"publish","type":"product","link":"https:\/\/bestpeanutmachine.com\/fr\/product\/pistachio-grinder-machine\/","title":{"rendered":"Machine \u00e0 grinder de pistache"},"content":{"rendered":"<p class=\"translation-block\">Notre <strong>machine \u00e0 grinder de pistache<\/strong> peut produire 400-500 kg de p\u00e2te de pistache pure par heure. Gr\u00e2ce \u00e0 sa bonne efficacit\u00e9 et \u00e0 ses mat\u00e9riaux de haute qualit\u00e9 (acier inoxydable 304), elle est devenue une machine privil\u00e9gi\u00e9e pour la production industrielle de p\u00e2te de pistache.<\/p>    <p>De plus, elle peut \u00eatre utilis\u00e9e pour produire du beurre de cacahu\u00e8te, du beurre d'amande, de la sauce chili, de la sauce tomate, etc. Sa large gamme d'applications la rend populaire parmi les usines alimentaires et les fabricants de chocolat aux \u00c9tats-Unis, en Turquie, aux \u00c9mirats arabes unis et dans la plupart des autres pays.<\/p>    <figure class=\"wp-block-embed aligncenter is-type-video is-provider-youtube wp-block-embed-youtube wp-embed-aspect-16-9 wp-has-aspect-ratio\"><div class=\"wp-block-embed__wrapper\"> <iframe loading=\"lazy\" title=\"Machine \u00e0 p\u00e2te de pistache | Comment faire de la p\u00e2te de pistache \u00e9tape par \u00e9tape Contact :  8617703863868\" width=\"500\" height=\"281\" src=\"https:\/\/www.youtube.com\/embed\/6Zx85c-Aolk?feature=oembed\" frameborder=\"0\" allow=\"accelerometer; autoplay; clipboard-write; encrypted-media; gyroscope; picture-in-picture; web-share\" referrerpolicy=\"strict-origin-when-cross-origin\" allowfullscreen><\/iframe> <\/div><figcaption class=\"wp-element-caption\">vid\u00e9o de travail de la machine \u00e0 grinder de pistache<\/figcaption><\/figure>    <h2 class=\"wp-block-heading\"><strong>Quels sont les points forts de la machine \u00e0 grinder de pistache ?<\/strong><\/h2>    <ol class=\"wp-block-list\"> <li><strong>Convient \u00e0 la production commerciale<\/strong>: Cette machine \u00e0 grinder de noix a une capacit\u00e9 de production de 400-500 kg\/h, ce qui la rend id\u00e9ale pour des lignes de production de p\u00e2te de pistache de taille moyenne \u00e0 grande, assurant une production stable et continue pour les usines et ateliers.<\/li>    <li><strong>Mat\u00e9riau de qualit\u00e9 alimentaire<\/strong>: Le corps principal de la machine \u00e0 production de beurre de cacahu\u00e8te Taizy est en acier inoxydable SUS304, qui est non seulement r\u00e9sistant \u00e0 la corrosion mais aussi facile \u00e0 nettoyer et \u00e0 entretenir. Le rotor et le stator sont en mat\u00e9riau 9Cr18 (haute duret\u00e9 et excellente r\u00e9sistance \u00e0 l'usure).<\/li>    <li><strong>Fournir pour un broyage fin et <\/strong><span style=\"box-sizing: border-box; margin: 0px; padding: 0px;\"><strong>une texture lisse<\/strong>: This pistachio grinder machine&#8217;s rotation speed reaches 2950 rpm, producing a fine, uniform pistachio paste with no visible<\/span> particules, tout en pr\u00e9servant la couleur, la saveur et la teneur en huile naturelles des pistaches.<\/li>    <li><strong>Design compact et op\u00e9ration facile<\/strong>: The pistachio paste machine&#8217;s overall dimensions are only 960 \u00d7 500 \u00d7 1150 mm, with a 30-liter hopper, enabling continuous feeding without clogging. This machine is especially suitable for factories with limited processing space.<\/li> <\/ol>    <figure class=\"wp-block-gallery has-nested-images columns-default is-cropped wp-block-gallery-2 is-layout-flex wp-block-gallery-is-layout-flex\"> <figure class=\"wp-block-image size-full\"><img loading=\"lazy\" decoding=\"async\" width=\"720\" height=\"540\" data-id=\"1165\" src=\"https:\/\/bestpeanutmachine.com\/wp-content\/uploads\/2026\/02\/details-of-pistachio-paste-machine.webp\" alt=\"d\u00e9tails de la machine \u00e0 p\u00e2te de pistache\" class=\"wp-image-1165\" srcset=\"https:\/\/bestpeanutmachine.com\/wp-content\/uploads\/2026\/02\/details-of-pistachio-paste-machine.webp 720w, https:\/\/bestpeanutmachine.com\/wp-content\/uploads\/2026\/02\/details-of-pistachio-paste-machine-300x225.webp 300w, https:\/\/bestpeanutmachine.com\/wp-content\/uploads\/2026\/02\/details-of-pistachio-paste-machine-16x12.webp 16w\" sizes=\"auto, (max-width: 720px) 100vw, 720px\" \/><figcaption class=\"wp-element-caption\">d\u00e9tails de la machine \u00e0 p\u00e2te de pistache<\/figcaption><\/figure>    <figure class=\"wp-block-image size-full\"><img loading=\"lazy\" decoding=\"async\" width=\"720\" height=\"540\" data-id=\"1164\" src=\"https:\/\/bestpeanutmachine.com\/wp-content\/uploads\/2026\/02\/pistachio-paste-maker-machine.webp\" alt=\"machine \u00e0 p\u00e2te de pistache\" class=\"wp-image-1164\" srcset=\"https:\/\/bestpeanutmachine.com\/wp-content\/uploads\/2026\/02\/pistachio-paste-maker-machine.webp 720w, https:\/\/bestpeanutmachine.com\/wp-content\/uploads\/2026\/02\/pistachio-paste-maker-machine-300x225.webp 300w, https:\/\/bestpeanutmachine.com\/wp-content\/uploads\/2026\/02\/pistachio-paste-maker-machine-16x12.webp 16w\" sizes=\"auto, (max-width: 720px) 100vw, 720px\" \/><figcaption class=\"wp-element-caption\">machine \u00e0 p\u00e2te de pistache<\/figcaption><\/figure> <\/figure>    <h2 class=\"wp-block-heading\"><strong>Param\u00e8tres techniques de la machine \u00e0 p\u00e2te de pistache<\/strong><\/h2>    <figure class=\"wp-block-table\"><table class=\"has-fixed-layout\"><thead><tr><th>Article<\/th><th>Sp\u00e9cification<\/th><\/tr><\/thead><tbody><tr><td>Mod\u00e8le<\/td><td>SL-180<\/td><\/tr><tr><td>Capacit\u00e9<\/td><td>400\u2013500 kg\/h<\/td><\/tr><tr><td>Pouvoir<\/td><td>18,5 kW<\/td><\/tr><tr><td>Tension<\/td><td>380V, 50Hz, 3 phases<\/td><\/tr><tr><td>Vitesse<\/td><td>2950 r\/min<\/td><\/tr><tr><td>Poids<\/td><td>350 kg<\/td><\/tr><tr><td>Taille<\/td><td>960 \u00d7 500 \u00d7 1150 mm<\/td><\/tr><tr><td>Volume du hopper<\/td><td>30 L<\/td><\/tr><tr><td>Mat\u00e9riau du corps principal<\/td><td>Acier inoxydable SUS304<\/td><\/tr><tr><td>Mat\u00e9riau du rotor et du stator<\/td><td>Mat\u00e9riau 9Cr18<\/td><\/tr><\/tbody><\/table><figcaption class=\"wp-element-caption\">param\u00e8tres de la machine \u00e0 grinder de pistache<\/figcaption><\/figure>    <figure class=\"wp-block-gallery has-nested-images columns-default is-cropped wp-block-gallery-3 is-layout-flex wp-block-gallery-is-layout-flex\"> <figure class=\"wp-block-image size-full\"><img loading=\"lazy\" decoding=\"async\" width=\"720\" height=\"540\" data-id=\"1163\" src=\"https:\/\/bestpeanutmachine.com\/wp-content\/uploads\/2026\/02\/Internal-structure-of-pistachio-paste-machine.webp\" alt=\"Structure interne de la machine \u00e0 p\u00e2te de pistache\" class=\"wp-image-1163\" srcset=\"https:\/\/bestpeanutmachine.com\/wp-content\/uploads\/2026\/02\/Internal-structure-of-pistachio-paste-machine.webp 720w, https:\/\/bestpeanutmachine.com\/wp-content\/uploads\/2026\/02\/Internal-structure-of-pistachio-paste-machine-300x225.webp 300w, https:\/\/bestpeanutmachine.com\/wp-content\/uploads\/2026\/02\/Internal-structure-of-pistachio-paste-machine-16x12.webp 16w\" sizes=\"auto, (max-width: 720px) 100vw, 720px\" \/><figcaption class=\"wp-element-caption\">Structure interne de la machine \u00e0 p\u00e2te de pistache<\/figcaption><\/figure>    <figure class=\"wp-block-image size-full\"><img loading=\"lazy\" decoding=\"async\" width=\"720\" height=\"540\" data-id=\"1162\" src=\"https:\/\/bestpeanutmachine.com\/wp-content\/uploads\/2026\/02\/internal-workings-of-pistachio-grinding-machine.webp\" alt=\"fonctionnement interne de la machine \u00e0 grinder de pistache\" class=\"wp-image-1162\" srcset=\"https:\/\/bestpeanutmachine.com\/wp-content\/uploads\/2026\/02\/internal-workings-of-pistachio-grinding-machine.webp 720w, https:\/\/bestpeanutmachine.com\/wp-content\/uploads\/2026\/02\/internal-workings-of-pistachio-grinding-machine-300x225.webp 300w, https:\/\/bestpeanutmachine.com\/wp-content\/uploads\/2026\/02\/internal-workings-of-pistachio-grinding-machine-16x12.webp 16w\" sizes=\"auto, (max-width: 720px) 100vw, 720px\" \/><figcaption class=\"wp-element-caption\">fonctionnement interne de la machine \u00e0 grinder de pistache<\/figcaption><\/figure> <\/figure>    <p>Ceci est l'un de nos mod\u00e8les les plus vendus et les plus pratiques. Si vous avez besoin d'un mod\u00e8le plus petit ou avec une capacit\u00e9 de production plus \u00e9lev\u00e9e, veuillez nous faire part de vos exigences, et nous vous recommanderons la machine \u00e0 p\u00e2te de pistache la plus adapt\u00e9e.<\/p>    <figure class=\"wp-block-gallery has-nested-images columns-default is-cropped wp-block-gallery-4 is-layout-flex wp-block-gallery-is-layout-flex\"> <figure class=\"wp-block-image size-full\"><img loading=\"lazy\" decoding=\"async\" width=\"720\" height=\"540\" data-id=\"1160\" src=\"https:\/\/bestpeanutmachine.com\/wp-content\/uploads\/2026\/02\/pistachio-butter-machine.webp\" alt=\"Machine \u00e0 beurre de pistache\" class=\"wp-image-1160\" srcset=\"https:\/\/bestpeanutmachine.com\/wp-content\/uploads\/2026\/02\/pistachio-butter-machine.webp 720w, https:\/\/bestpeanutmachine.com\/wp-content\/uploads\/2026\/02\/pistachio-butter-machine-300x225.webp 300w, https:\/\/bestpeanutmachine.com\/wp-content\/uploads\/2026\/02\/pistachio-butter-machine-16x12.webp 16w\" sizes=\"auto, (max-width: 720px) 100vw, 720px\" \/><figcaption class=\"wp-element-caption\">Machine \u00e0 beurre de pistache<\/figcaption><\/figure>    <figure class=\"wp-block-image size-full\"><img loading=\"lazy\" decoding=\"async\" width=\"720\" height=\"540\" data-id=\"1161\" src=\"https:\/\/bestpeanutmachine.com\/wp-content\/uploads\/2026\/02\/commercial-pistachio-grinding-machine.webp\" alt=\"machine \u00e0 grinder de pistache commerciale\" class=\"wp-image-1161\" srcset=\"https:\/\/bestpeanutmachine.com\/wp-content\/uploads\/2026\/02\/commercial-pistachio-grinding-machine.webp 720w, https:\/\/bestpeanutmachine.com\/wp-content\/uploads\/2026\/02\/commercial-pistachio-grinding-machine-300x225.webp 300w, https:\/\/bestpeanutmachine.com\/wp-content\/uploads\/2026\/02\/commercial-pistachio-grinding-machine-16x12.webp 16w\" sizes=\"auto, (max-width: 720px) 100vw, 720px\" \/><figcaption class=\"wp-element-caption\">machine \u00e0 grinder de pistache commerciale<\/figcaption><\/figure> <\/figure>    <h2 class=\"wp-block-heading\"><strong>Investir dans une machine \u00e0 fabriquer du beurre de pistache est-il rentable ?<\/strong><\/h2>    <p>Les produits \u00e0 base de pistache sont consid\u00e9r\u00e9s comme une nourriture de qualit\u00e9 sup\u00e9rieure sur le march\u00e9. La p\u00e2te de pistache a une haute valeur ajout\u00e9e et une demande croissante dans les industries de la p\u00e2tisserie, des desserts et des glaces.<\/p>    <p>De nombreux clients commencent par produire de la p\u00e2te de pistache puis se d\u00e9veloppent dans des produits tels que le chocolat, les garnitures de p\u00e2tisserie ou les beurres de noix de marque. <\/p>    <p>Par exemple, le c\u00e9l\u00e8bre chocolat de Duba\u00ef avec une garniture de pistache en est un exemple. Cette innovation l'a rendu populaire dans le monde entier et a g\u00e9n\u00e9r\u00e9 des retours sur investissement importants.<\/p>    <p>Cette machine \u00e0 grinder de pistache est tr\u00e8s efficace et durable, et peut \u00eatre am\u00e9lior\u00e9e pour se connecter aux lignes de production, ce qui en fait un excellent choix pour de petits investissements lorsque le budget initial est limit\u00e9.<\/p>    <figure class=\"wp-block-gallery has-nested-images columns-default is-cropped wp-block-gallery-5 is-layout-flex wp-block-gallery-is-layout-flex\"> <figure class=\"wp-block-image size-large\"><img loading=\"lazy\" decoding=\"async\" width=\"720\" height=\"540\" data-id=\"1166\" src=\"https:\/\/bestpeanutmachine.com\/wp-content\/uploads\/2026\/02\/pistachio-butter.webp\" alt=\"beurre de pistache\" class=\"wp-image-1166\" srcset=\"https:\/\/bestpeanutmachine.com\/wp-content\/uploads\/2026\/02\/pistachio-butter.webp 720w, https:\/\/bestpeanutmachine.com\/wp-content\/uploads\/2026\/02\/pistachio-butter-300x225.webp 300w, https:\/\/bestpeanutmachine.com\/wp-content\/uploads\/2026\/02\/pistachio-butter-16x12.webp 16w\" sizes=\"auto, (max-width: 720px) 100vw, 720px\" \/><figcaption class=\"wp-element-caption\">beurre de pistache<\/figcaption><\/figure>    <figure class=\"wp-block-image size-large\"><img loading=\"lazy\" decoding=\"async\" width=\"720\" height=\"540\" data-id=\"1180\" src=\"https:\/\/bestpeanutmachine.com\/wp-content\/uploads\/2026\/02\/pistachio-butter-filled-chocolate.webp\" alt=\"Chocolat \u00e0 la pistache rempli de beurre de pistache\" class=\"wp-image-1180\" srcset=\"https:\/\/bestpeanutmachine.com\/wp-content\/uploads\/2026\/02\/pistachio-butter-filled-chocolate.webp 720w, https:\/\/bestpeanutmachine.com\/wp-content\/uploads\/2026\/02\/pistachio-butter-filled-chocolate-300x225.webp 300w, https:\/\/bestpeanutmachine.com\/wp-content\/uploads\/2026\/02\/pistachio-butter-filled-chocolate-16x12.webp 16w\" sizes=\"auto, (max-width: 720px) 100vw, 720px\" \/><figcaption class=\"wp-element-caption\">Chocolat \u00e0 la pistache rempli de beurre de pistache<\/figcaption><\/figure> <\/figure>    <h2 class=\"wp-block-heading\"><strong>Comment faire de la p\u00e2te de pistache ?<\/strong><\/h2>    <p>Faire une p\u00e2te de pistache de haute qualit\u00e9 n\u00e9cessite non seulement une machine \u00e0 grinder de pistache mais aussi un pr\u00e9-traitement appropri\u00e9. <\/p>    <p class=\"translation-block\">Si la mati\u00e8re premi\u00e8re est des noix de pistache, elles doivent \u00eatre torr\u00e9fi\u00e9es par une <a href=\"https:\/\/bestpeanutmachine.com\/fr\/product\/peanut-roasting-machine\/\">machine \u00e0 torr\u00e9fier les noix<\/a> avant de moudre. La torr\u00e9faction am\u00e9liore l'ar\u00f4me et la saveur et aide les pistaches \u00e0 lib\u00e9rer leurs huiles naturelles lors du processus de broyage, augmentant ainsi le parfum.<\/p>   <div class=\"wp-block-image\"> <figure class=\"aligncenter size-full\"><img loading=\"lazy\" decoding=\"async\" width=\"720\" height=\"540\" src=\"https:\/\/bestpeanutmachine.com\/wp-content\/uploads\/2026\/01\/commercial-nut-roaster-machine.webp\" alt=\"machine torr\u00e9factrice commerciale pour noix\" class=\"wp-image-779\" srcset=\"https:\/\/bestpeanutmachine.com\/wp-content\/uploads\/2026\/01\/commercial-nut-roaster-machine.webp 720w, https:\/\/bestpeanutmachine.com\/wp-content\/uploads\/2026\/01\/commercial-nut-roaster-machine-300x225.webp 300w, https:\/\/bestpeanutmachine.com\/wp-content\/uploads\/2026\/01\/commercial-nut-roaster-machine-16x12.webp 16w\" sizes=\"auto, (max-width: 720px) 100vw, 720px\" \/><figcaption class=\"wp-element-caption\">machine torr\u00e9factrice commerciale pour noix<\/figcaption><\/figure> <\/div>   <p>Les pistaches grill\u00e9es sont ensuite plac\u00e9es dans une machine \u00e0 moudre, o\u00f9 un syst\u00e8me rotor-stator \u00e0 haute vitesse \u00e9crase et \u00e9mulsifie les noix, produisant finalement une p\u00e2te de pistache lisse et fine. Cette combinaison de torr\u00e9faction et de broyage est la m\u00e9thode la plus courante pour la production commerciale de p\u00e2te de pistache.<\/p>    <p class=\"translation-block\">Si votre mati\u00e8re premi\u00e8re est des pistaches non \u00e9cal\u00e9es, nous disposons \u00e9galement de machines \u00e0 \u00e9caler les pistaches pour vous aider \u00e0 pr\u00e9-traiter les noix. Pour des exigences plus \u00e9lev\u00e9es en termes de texture et de couleur, et si un pelage est n\u00e9cessaire, nous recommandons une <a href=\"https:\/\/bestpeanutmachine.com\/fr\/product\/wet-type-almond-skin-peeler-machine\/\">machine \u00e0 \u00e9caler humide<\/a>.<\/p>   <div class=\"wp-block-image\"> <figure class=\"aligncenter size-full\"><img loading=\"lazy\" decoding=\"async\" width=\"720\" height=\"540\" src=\"https:\/\/bestpeanutmachine.com\/wp-content\/uploads\/2026\/01\/wet-type-peanut-skin-peeling-machine.webp\" alt=\"Machine \u00e0 \u00e9plucher la peau d\u2019arachide humide\" class=\"wp-image-897\" srcset=\"https:\/\/bestpeanutmachine.com\/wp-content\/uploads\/2026\/01\/wet-type-peanut-skin-peeling-machine.webp 720w, https:\/\/bestpeanutmachine.com\/wp-content\/uploads\/2026\/01\/wet-type-peanut-skin-peeling-machine-300x225.webp 300w, https:\/\/bestpeanutmachine.com\/wp-content\/uploads\/2026\/01\/wet-type-peanut-skin-peeling-machine-16x12.webp 16w\" sizes=\"auto, (max-width: 720px) 100vw, 720px\" \/><figcaption class=\"wp-element-caption\">Machine \u00e0 \u00e9plucher la peau d\u2019arachide humide<\/figcaption><\/figure> <\/div>   <p>Les solutions de traitement des noix peuvent \u00eatre personnalis\u00e9es en fonction de vos mati\u00e8res premi\u00e8res et des exigences du produit fini. Veuillez nous contacter pour un devis d\u00e9taill\u00e9.<\/p>    <h2 class=\"wp-block-heading\"><strong>Pourquoi la p\u00e2te de pistache est-elle si populaire ?<\/strong><\/h2>    <p>La p\u00e2te de pistache est incroyablement polyvalente et indispensable dans les desserts et la p\u00e2tisserie, pouvant \u00eatre utilis\u00e9e dans :<\/p>    <ul class=\"wp-block-list\"> <li>Fabrication de chocolat (barres de chocolat \u00e0 la pistache, garnitures),<\/li>    <li>Produits de boulangerie (garnitures pour g\u00e2teaux, p\u00e2tisseries et biscuits),<\/li>    <li>Cr\u00e8me glac\u00e9e et gelato (saveur pistache premium),<\/li>    <li>Beurres de noix et p\u00e2tes \u00e0 tartiner pour un usage domestique quotidien,<\/li>    <li>D\u00e9coration et production de desserts et bonbons \u00e0 base de pistache.<\/li> <\/ul>    <p>Sa texture fine et sa qualit\u00e9 constante la rendent adapt\u00e9e \u00e0 la fois \u00e0 la production artisanale et industrielle alimentaire, ajoutant une couleur et une saveur plus riches aux produits alimentaires.<\/p>    <figure class=\"wp-block-gallery has-nested-images columns-default is-cropped wp-block-gallery-6 is-layout-flex wp-block-gallery-is-layout-flex\"> <figure class=\"wp-block-image size-full\"><img loading=\"lazy\" decoding=\"async\" width=\"720\" height=\"540\" data-id=\"1167\" src=\"https:\/\/bestpeanutmachine.com\/wp-content\/uploads\/2026\/02\/pistachio-flavored-cake-1.webp\" alt=\"g\u00e2teau aromatis\u00e9 \u00e0 la pistache\" class=\"wp-image-1167\" srcset=\"https:\/\/bestpeanutmachine.com\/wp-content\/uploads\/2026\/02\/pistachio-flavored-cake-1.webp 720w, https:\/\/bestpeanutmachine.com\/wp-content\/uploads\/2026\/02\/pistachio-flavored-cake-1-300x225.webp 300w, https:\/\/bestpeanutmachine.com\/wp-content\/uploads\/2026\/02\/pistachio-flavored-cake-1-16x12.webp 16w\" sizes=\"auto, (max-width: 720px) 100vw, 720px\" \/><figcaption class=\"wp-element-caption\">g\u00e2teau aromatis\u00e9 \u00e0 la pistache<\/figcaption><\/figure>    <figure class=\"wp-block-image size-full\"><img loading=\"lazy\" decoding=\"async\" width=\"720\" height=\"540\" data-id=\"1168\" src=\"https:\/\/bestpeanutmachine.com\/wp-content\/uploads\/2026\/02\/pistachio-filled-bread-1.webp\" alt=\"pain fourr\u00e9 \u00e0 la pistache\" class=\"wp-image-1168\" srcset=\"https:\/\/bestpeanutmachine.com\/wp-content\/uploads\/2026\/02\/pistachio-filled-bread-1.webp 720w, https:\/\/bestpeanutmachine.com\/wp-content\/uploads\/2026\/02\/pistachio-filled-bread-1-300x225.webp 300w, https:\/\/bestpeanutmachine.com\/wp-content\/uploads\/2026\/02\/pistachio-filled-bread-1-16x12.webp 16w\" sizes=\"auto, (max-width: 720px) 100vw, 720px\" \/><figcaption class=\"wp-element-caption\">pain fourr\u00e9 \u00e0 la pistache<\/figcaption><\/figure> <\/figure>    <h2 class=\"wp-block-heading\"><strong>Cas client r\u00e9ussi : production de p\u00e2te de pistache turque<\/strong><\/h2>    <p>A food processing client from Turkey planned to expand their pistachio product business, focusing on developing pistachio paste and baking fillings. After market research, they chose Taizy&#8217;s pistachio grinder machine. Their reasons for choosing this pistachio grinding machine were as follows:<\/p>    <ul class=\"wp-block-list\"> <li>Fourniture locale abondante de pistaches<\/li>    <li>Le besoin d'une p\u00e2te fine et cr\u00e9meuse pour la production de chocolat et de desserts<\/li>    <li>Capacit\u00e9 de production stable adapt\u00e9e \u00e0 une production \u00e0 long terme<\/li> <\/ul>    <p>After production, we received the client&#8217;s material to conduct machine testing on this pistachio grinder machine. The product perfectly meets his needs. So we make strict packaging, then ship it to Turkey before the planned time.<\/p>    <figure class=\"wp-block-gallery has-nested-images columns-2 is-cropped wp-block-gallery-7 is-layout-flex wp-block-gallery-is-layout-flex\"> <figure class=\"wp-block-image size-full\"><img loading=\"lazy\" decoding=\"async\" width=\"720\" height=\"540\" data-id=\"1169\" src=\"https:\/\/bestpeanutmachine.com\/wp-content\/uploads\/2026\/02\/clients-test-run-materials.webp\" alt=\"mat\u00e9riaux de test du client\" class=\"wp-image-1169\" srcset=\"https:\/\/bestpeanutmachine.com\/wp-content\/uploads\/2026\/02\/clients-test-run-materials.webp 720w, https:\/\/bestpeanutmachine.com\/wp-content\/uploads\/2026\/02\/clients-test-run-materials-300x225.webp 300w, https:\/\/bestpeanutmachine.com\/wp-content\/uploads\/2026\/02\/clients-test-run-materials-16x12.webp 16w\" sizes=\"auto, (max-width: 720px) 100vw, 720px\" \/><figcaption class=\"wp-element-caption\">client&#8217;s test run materials<\/figcaption><\/figure>    <figure class=\"wp-block-image size-full\"><img loading=\"lazy\" decoding=\"async\" width=\"720\" height=\"540\" data-id=\"1170\" src=\"https:\/\/bestpeanutmachine.com\/wp-content\/uploads\/2026\/02\/client-tested-finished-product.webp\" alt=\"produit fini test\u00e9 par le client\" class=\"wp-image-1170\" srcset=\"https:\/\/bestpeanutmachine.com\/wp-content\/uploads\/2026\/02\/client-tested-finished-product.webp 720w, https:\/\/bestpeanutmachine.com\/wp-content\/uploads\/2026\/02\/client-tested-finished-product-300x225.webp 300w, https:\/\/bestpeanutmachine.com\/wp-content\/uploads\/2026\/02\/client-tested-finished-product-16x12.webp 16w\" sizes=\"auto, (max-width: 720px) 100vw, 720px\" \/><figcaption class=\"wp-element-caption\">produit fini test\u00e9 par le client<\/figcaption><\/figure>    <figure class=\"wp-block-image size-full\"><img loading=\"lazy\" decoding=\"async\" width=\"720\" height=\"540\" data-id=\"1171\" src=\"https:\/\/bestpeanutmachine.com\/wp-content\/uploads\/2026\/02\/pistachio-paste-machine-with-scratch-resistant-packaging.webp\" alt=\"machine \u00e0 p\u00e2te de pistache avec emballage r\u00e9sistant aux rayures\" class=\"wp-image-1171\" srcset=\"https:\/\/bestpeanutmachine.com\/wp-content\/uploads\/2026\/02\/pistachio-paste-machine-with-scratch-resistant-packaging.webp 720w, https:\/\/bestpeanutmachine.com\/wp-content\/uploads\/2026\/02\/pistachio-paste-machine-with-scratch-resistant-packaging-300x225.webp 300w, https:\/\/bestpeanutmachine.com\/wp-content\/uploads\/2026\/02\/pistachio-paste-machine-with-scratch-resistant-packaging-16x12.webp 16w\" sizes=\"auto, (max-width: 720px) 100vw, 720px\" \/><figcaption class=\"wp-element-caption\">machine \u00e0 p\u00e2te de pistache avec emballage r\u00e9sistant aux rayures<\/figcaption><\/figure>    <figure class=\"wp-block-image size-full\"><img loading=\"lazy\" decoding=\"async\" width=\"720\" height=\"540\" data-id=\"1172\" src=\"https:\/\/bestpeanutmachine.com\/wp-content\/uploads\/2026\/02\/wooden-packaging-for-pistachio-paste-machine.webp\" alt=\"emballage en bois pour la machine \u00e0 p\u00e2te de pistache\" class=\"wp-image-1172\" srcset=\"https:\/\/bestpeanutmachine.com\/wp-content\/uploads\/2026\/02\/wooden-packaging-for-pistachio-paste-machine.webp 720w, https:\/\/bestpeanutmachine.com\/wp-content\/uploads\/2026\/02\/wooden-packaging-for-pistachio-paste-machine-300x225.webp 300w, https:\/\/bestpeanutmachine.com\/wp-content\/uploads\/2026\/02\/wooden-packaging-for-pistachio-paste-machine-16x12.webp 16w\" sizes=\"auto, (max-width: 720px) 100vw, 720px\" \/><figcaption class=\"wp-element-caption\">emballage en bois pour la machine \u00e0 p\u00e2te de pistache<\/figcaption><\/figure> <\/figure>    <p>L'investissement dans la machine \u00e0 p\u00e2te de pistache a consid\u00e9rablement augment\u00e9 l'efficacit\u00e9 de la production tout en r\u00e9duisant les co\u00fbts de main-d'\u0153uvre et de production. Cela leur a permis de lancer avec succ\u00e8s leur gamme de produits \u00e0 base de p\u00e2te de pistache et d'obtenir de nouvelles opportunit\u00e9s commerciales.<\/p>    <h2 class=\"wp-block-heading\"><strong>Contactez-nous pour d\u00e9marrer votre nouvelle activit\u00e9 !<\/strong><\/h2>    <p>Si vous recherchez une machine \u00e0 grinder de pistache fiable, de qualit\u00e9 alimentaire et \u00e0 haute capacit\u00e9, le mod\u00e8le SL-180 est un excellent choix. Contactez-nous, vous b\u00e9n\u00e9ficierez de :  <\/p>    <ul class=\"wp-block-list\"> <li>Suggestions de s\u00e9lection de machine<\/li>    <li>Conseils techniques<\/li>    <li>Support apr\u00e8s-vente<\/li> <\/ul>","protected":false},"excerpt":{"rendered":"<p>This pistachio grinding machine is designed for commercial pistachio paste production. It has a capacity of 400-500 kg\/hour, is made of SUS304 stainless steel, and features a high-speed rotor-stator system to produce finely textured pistachio paste, widely used in the chocolate, baking, and ice cream industries.<\/p>","protected":false},"author":1,"featured_media":1173,"parent":0,"template":"","tags":[77,86],"product-type":[76,6],"class_list":["post-1139","product","type-product","status-publish","has-post-thumbnail","hentry","tag-almond","tag-pistachio","product-type-other-nuts-machine","product-type-product"],"_links":{"self":[{"href":"https:\/\/bestpeanutmachine.com\/fr\/wp-json\/wp\/v2\/product\/1139","targetHints":{"allow":["GET"]}}],"collection":[{"href":"https:\/\/bestpeanutmachine.com\/fr\/wp-json\/wp\/v2\/product"}],"about":[{"href":"https:\/\/bestpeanutmachine.com\/fr\/wp-json\/wp\/v2\/types\/product"}],"author":[{"embeddable":true,"href":"https:\/\/bestpeanutmachine.com\/fr\/wp-json\/wp\/v2\/users\/1"}],"wp:featuredmedia":[{"embeddable":true,"href":"https:\/\/bestpeanutmachine.com\/fr\/wp-json\/wp\/v2\/media\/1173"}],"wp:attachment":[{"href":"https:\/\/bestpeanutmachine.com\/fr\/wp-json\/wp\/v2\/media?parent=1139"}],"wp:term":[{"taxonomy":"post_tag","embeddable":true,"href":"https:\/\/bestpeanutmachine.com\/fr\/wp-json\/wp\/v2\/tags?post=1139"},{"taxonomy":"product-type","embeddable":true,"href":"https:\/\/bestpeanutmachine.com\/fr\/wp-json\/wp\/v2\/product-type?post=1139"}],"curies":[{"name":"wp","href":"https:\/\/api.w.org\/{rel}","templated":true}]}}