{"id":1182,"date":"2026-02-11T14:33:11","date_gmt":"2026-02-11T06:33:11","guid":{"rendered":"https:\/\/bestpeanutmachine.com\/?post_type=product&#038;p=1182"},"modified":"2026-02-11T14:42:12","modified_gmt":"2026-02-11T06:42:12","slug":"pistachio-shelling-machine","status":"publish","type":"product","link":"https:\/\/bestpeanutmachine.com\/fr\/product\/pistachio-shelling-machine\/","title":{"rendered":"Machine \u00e0 \u00e9caler les pistaches"},"content":{"rendered":"<p class=\"translation-block\">La <strong>machine de d\u00e9corticage de pistache<\/strong> est con\u00e7ue pour enlever efficacement la coque ext\u00e9rieure dure des pistaches tout en pr\u00e9servant l\u2019int\u00e9grit\u00e9 du noyau. Avec un taux de d\u00e9corticage \u00e9lev\u00e9 allant jusqu\u2019\u00e0 95% et un taux de casse inf\u00e9rieur \u00e0 8%, elle peut traiter jusqu\u2019\u00e0 120 kg de pistaches crues par heure.<\/p>    <figure class=\"wp-block-embed aligncenter is-type-video is-provider-youtube wp-block-embed-youtube wp-embed-aspect-16-9 wp-has-aspect-ratio\"><div class=\"wp-block-embed__wrapper\"> <iframe loading=\"lazy\" title=\"Machine de d\u00e9corticage de pistache 120 kg\/h | Taux d\u2019\u00e9pluchage 95% Contact :  8617703863868\" width=\"500\" height=\"281\" src=\"https:\/\/www.youtube.com\/embed\/B6yKBL61DP0?feature=oembed\" frameborder=\"0\" allow=\"accelerometer; autoplay; clipboard-write; encrypted-media; gyroscope; picture-in-picture; web-share\" referrerpolicy=\"strict-origin-when-cross-origin\" allowfullscreen><\/iframe> <\/div><figcaption class=\"wp-element-caption\">vid\u00e9o op\u00e9rationnelle de l\u2019\u00e9pluchage des pistaches<\/figcaption><\/figure>    <h2 class=\"wp-block-heading\"><strong>Pourquoi utiliser une machine de d\u00e9corticage Taizy pour le traitement des pistaches ?<\/strong><\/h2>    <ol class=\"wp-block-list\"> <li>La machine de d\u00e9corticage de pistache affiche une haute efficacit\u00e9 et stabilit\u00e9 de d\u00e9corticage, atteignant un taux de d\u00e9corticage jusqu\u2019\u00e0 95 %.<\/li>    <li>La machine de pelage de pistaches Taizy ne produit que 8% de noyaux cass\u00e9s.<\/li>    <li>\u00c9quip\u00e9e d\u2019un moteur \u00e0 vitesse r\u00e9glable de 2,6 kW, la machine convient au pelage de pistaches de diff\u00e9rentes tailles.<\/li>    <li>Con\u00e7ue en acier inoxydable durable, la machine n\u2019est pas seulement r\u00e9sistante \u00e0 la corrosion mais aussi hygi\u00e9nique et facile \u00e0 nettoyer.<\/li> <\/ol>   <div class=\"wp-block-image\"> <figure class=\"aligncenter size-full\"><img loading=\"lazy\" decoding=\"async\" width=\"720\" height=\"540\" src=\"https:\/\/bestpeanutmachine.com\/wp-content\/uploads\/2026\/02\/automatic-pistachio-shelling-machine.webp\" alt=\"machine automatique de d\u00e9corticage de pistache\" class=\"wp-image-1191\" srcset=\"https:\/\/bestpeanutmachine.com\/wp-content\/uploads\/2026\/02\/automatic-pistachio-shelling-machine.webp 720w, https:\/\/bestpeanutmachine.com\/wp-content\/uploads\/2026\/02\/automatic-pistachio-shelling-machine-300x225.webp 300w, https:\/\/bestpeanutmachine.com\/wp-content\/uploads\/2026\/02\/automatic-pistachio-shelling-machine-16x12.webp 16w\" sizes=\"auto, (max-width: 720px) 100vw, 720px\" \/><figcaption class=\"wp-element-caption\">machine automatique de d\u00e9corticage de pistache<\/figcaption><\/figure> <\/div>   <h2 class=\"wp-block-heading\"><strong>Comment fonctionne une machine d\u2019\u00e9pluchage de pistache<\/strong> <strong>fonctionne ?<\/strong><\/h2>    <p class=\"translation-block\">La machine d\u2019\u00e9pluchage de pistache utilise un syst\u00e8me de rupture m\u00e9canique contr\u00f4lable. Son flux de travail comprend : <strong> alimentation \u2192 rupture de coquille \u2192 criblage<\/strong>.<\/p>    <p>Un moteur \u00e0 vitesse r\u00e9glable entra\u00eene des rouleaux internes ou des composants de rupture des coquilles pour briser les coquilles par friction et pression sans endommager les noyaux.<\/p>    <p>Le syst\u00e8me de criblage vibrant s\u00e9pare ensuite les coques des noyaux et les \u00e9jecte par des sorties diff\u00e9rentes. (Les noyaux collect\u00e9s finaux contiendront certaines coquilles. Nous recommandons d\u2019utiliser un tamis pour un criblage suppl\u00e9mentaire.)<\/p>    <p>Les noyaux de pistache nettoy\u00e9s peuvent ensuite \u00eatre trait\u00e9s davantage, comme le pelage ou le broyage. Ce processus m\u00e9canique d\u2019\u00e9pluchage assure un taux d\u2019ouverture des coquilles \u00e9lev\u00e9 et peu de dommages au noyau.<\/p>    <h2 class=\"wp-block-heading\"><strong>Param\u00e8tres techniques de la machine de pelage de pistaches<\/strong><\/h2>    <figure class=\"wp-block-table\"><table class=\"has-fixed-layout\"><tbody><tr><td>Pouvoir<\/td><td>2,6 kW<\/td><\/tr><tr><td>Tension<\/td><td>380V \/ 50Hz<\/td><\/tr><tr><td>Capacit\u00e9<\/td><td>120kg\/h<\/td><\/tr><tr><td>Taux d\u2019\u00e9pluchage<\/td><td>95%<\/td><\/tr><tr><td>Taux cass\u00e9<\/td><td>8%<\/td><\/tr><tr><td>Mat\u00e9riel<\/td><td>Acier inoxydable<\/td><\/tr><tr><td>Taille de la machine<\/td><td>3,2 \u00d7 1 \u00d7 1,9 m<\/td><\/tr><tr><td>Taille d'emballage<\/td><td>3,7 \u00d7 1,1 \u00d7 2 m<\/td><\/tr><tr><td>Poids<\/td><td>Env. 260 kg<\/td><\/tr><\/tbody><\/table><figcaption class=\"wp-element-caption\">sp\u00e9cification de la machine d\u2019\u00e9pluchage de pistaches<\/figcaption><\/figure>    <figure class=\"wp-block-gallery aligncenter has-nested-images columns-default is-cropped wp-block-gallery-2 is-layout-flex wp-block-gallery-is-layout-flex\"> <figure class=\"wp-block-image size-full\"><img loading=\"lazy\" decoding=\"async\" width=\"720\" height=\"540\" data-id=\"1192\" src=\"https:\/\/bestpeanutmachine.com\/wp-content\/uploads\/2026\/02\/pistachio-huller-machine.webp\" alt=\"machine d\u2019\u00e9pluchage de pistache\" class=\"wp-image-1192\" srcset=\"https:\/\/bestpeanutmachine.com\/wp-content\/uploads\/2026\/02\/pistachio-huller-machine.webp 720w, https:\/\/bestpeanutmachine.com\/wp-content\/uploads\/2026\/02\/pistachio-huller-machine-300x225.webp 300w, https:\/\/bestpeanutmachine.com\/wp-content\/uploads\/2026\/02\/pistachio-huller-machine-16x12.webp 16w\" sizes=\"auto, (max-width: 720px) 100vw, 720px\" \/><figcaption class=\"wp-element-caption\">machine d\u2019\u00e9pluchage de pistache<\/figcaption><\/figure>    <figure class=\"wp-block-image size-full\"><img loading=\"lazy\" decoding=\"async\" width=\"720\" height=\"540\" data-id=\"1197\" src=\"https:\/\/bestpeanutmachine.com\/wp-content\/uploads\/2026\/02\/pistachio-shell-removing-machine.webp\" alt=\"machine d\u2019\u00e9pluchage de coquilles de pistache\" class=\"wp-image-1197\" srcset=\"https:\/\/bestpeanutmachine.com\/wp-content\/uploads\/2026\/02\/pistachio-shell-removing-machine.webp 720w, https:\/\/bestpeanutmachine.com\/wp-content\/uploads\/2026\/02\/pistachio-shell-removing-machine-300x225.webp 300w, https:\/\/bestpeanutmachine.com\/wp-content\/uploads\/2026\/02\/pistachio-shell-removing-machine-16x12.webp 16w\" sizes=\"auto, (max-width: 720px) 100vw, 720px\" \/><figcaption class=\"wp-element-caption\">machine d\u2019\u00e9pluchage de coquilles de pistache<\/figcaption><\/figure> <\/figure>    <h2 class=\"wp-block-heading\"><strong>Applications de la machine de d\u00e9corticage de pistaches<\/strong><\/h2>    <p>Cette machine est largement utilis\u00e9e dans les lignes de production de noix et de collations et dans la pr\u00e9paration d\u2019ingr\u00e9dients pour la boulangerie et la confiserie. <\/p>    <p>Les pistaches d\u00e9barrass\u00e9es de leurs coquilles peuvent \u00eatre coup\u00e9es en morceaux, en lani\u00e8res, r\u00e9duites en poudre ou transform\u00e9es en p\u00e2te. Leur couleur exceptionnelle et leur ar\u00f4me unique en font un ingr\u00e9dient tr\u00e8s pris\u00e9 dans les desserts et les p\u00e2tisseries.<\/p>    <figure class=\"wp-block-gallery has-nested-images columns-default is-cropped wp-block-gallery-3 is-layout-flex wp-block-gallery-is-layout-flex\"> <figure class=\"wp-block-image size-large\"><img loading=\"lazy\" decoding=\"async\" width=\"720\" height=\"540\" data-id=\"1202\" src=\"https:\/\/bestpeanutmachine.com\/wp-content\/uploads\/2026\/02\/pistachio-bread.webp\" alt=\"pain \u00e0 base de pistache\" class=\"wp-image-1202\" srcset=\"https:\/\/bestpeanutmachine.com\/wp-content\/uploads\/2026\/02\/pistachio-bread.webp 720w, https:\/\/bestpeanutmachine.com\/wp-content\/uploads\/2026\/02\/pistachio-bread-300x225.webp 300w, https:\/\/bestpeanutmachine.com\/wp-content\/uploads\/2026\/02\/pistachio-bread-16x12.webp 16w\" sizes=\"auto, (max-width: 720px) 100vw, 720px\" \/><figcaption class=\"wp-element-caption\">pain \u00e0 base de pistache<\/figcaption><\/figure>    <figure class=\"wp-block-image size-large\"><img loading=\"lazy\" decoding=\"async\" width=\"720\" height=\"540\" data-id=\"1203\" src=\"https:\/\/bestpeanutmachine.com\/wp-content\/uploads\/2026\/02\/pistachio-cookies.webp\" alt=\"biscuits aux pistaches\" class=\"wp-image-1203\" srcset=\"https:\/\/bestpeanutmachine.com\/wp-content\/uploads\/2026\/02\/pistachio-cookies.webp 720w, https:\/\/bestpeanutmachine.com\/wp-content\/uploads\/2026\/02\/pistachio-cookies-300x225.webp 300w, https:\/\/bestpeanutmachine.com\/wp-content\/uploads\/2026\/02\/pistachio-cookies-16x12.webp 16w\" sizes=\"auto, (max-width: 720px) 100vw, 720px\" \/><figcaption class=\"wp-element-caption\">biscuits aux pistaches<\/figcaption><\/figure> <\/figure>    <h2 class=\"wp-block-heading\"><strong>Autres machines \u00e0 noix compatibles<\/strong><\/h2>    <p>La machine d\u2019\u00e9pluchage peut \u00eatre utilis\u00e9e avec l\u2019\u00e9quipement suivant pour produire d\u2019autres noix \u00e0 plus haute valeur ajout\u00e9e :<\/p>    <h3 class=\"wp-block-heading\"><strong><a href=\"https:\/\/bestpeanutmachine.com\/fr\/product\/nut-sorting-machine-for-almonds\/\">Machine de tri des noix<\/a> : Utilis\u00e9 pour le tri et l\u2019\u00e9limination des impuret\u00e9s<\/strong><\/h3>    <ol class=\"wp-block-list\"> <li>Utilis\u00e9e pour \u00e9liminer les r\u00e9sidus de coquille.<\/li>    <li>Le tri peut consid\u00e9rablement am\u00e9liorer la puret\u00e9 des grains.<\/li> <\/ol>    <figure class=\"wp-block-gallery has-nested-images columns-default is-cropped wp-block-gallery-4 is-layout-flex wp-block-gallery-is-layout-flex\"> <figure class=\"wp-block-image size-large\"><img loading=\"lazy\" decoding=\"async\" width=\"720\" height=\"540\" data-id=\"918\" src=\"https:\/\/bestpeanutmachine.com\/wp-content\/uploads\/2026\/01\/3-Level-sorting-screen-almond-grading-machine.webp\" alt=\"\u00e9cran de tri \u00e9mondage d\u2019amandes\" class=\"wp-image-918\" srcset=\"https:\/\/bestpeanutmachine.com\/wp-content\/uploads\/2026\/01\/3-Level-sorting-screen-almond-grading-machine.webp 720w, https:\/\/bestpeanutmachine.com\/wp-content\/uploads\/2026\/01\/3-Level-sorting-screen-almond-grading-machine-300x225.webp 300w, https:\/\/bestpeanutmachine.com\/wp-content\/uploads\/2026\/01\/3-Level-sorting-screen-almond-grading-machine-16x12.webp 16w\" sizes=\"auto, (max-width: 720px) 100vw, 720px\" \/><figcaption class=\"wp-element-caption\">\u00e9cran de tri \u00e9mondage d\u2019amandes<\/figcaption><\/figure>    <figure class=\"wp-block-image size-large\"><img loading=\"lazy\" decoding=\"async\" width=\"720\" height=\"540\" data-id=\"1198\" src=\"https:\/\/bestpeanutmachine.com\/wp-content\/uploads\/2026\/02\/pistachio-quality-screening.webp\" alt=\"\u00e9cran de qualit\u00e9 de pistache\" class=\"wp-image-1198\" srcset=\"https:\/\/bestpeanutmachine.com\/wp-content\/uploads\/2026\/02\/pistachio-quality-screening.webp 720w, https:\/\/bestpeanutmachine.com\/wp-content\/uploads\/2026\/02\/pistachio-quality-screening-300x225.webp 300w, https:\/\/bestpeanutmachine.com\/wp-content\/uploads\/2026\/02\/pistachio-quality-screening-16x12.webp 16w\" sizes=\"auto, (max-width: 720px) 100vw, 720px\" \/><figcaption class=\"wp-element-caption\">\u00e9cran de qualit\u00e9 de pistache<\/figcaption><\/figure> <\/figure>    <h3 class=\"wp-block-heading\"><strong><a href=\"https:\/\/bestpeanutmachine.com\/fr\/product\/wet-type-almond-skin-peeler-machine\/\">Machine de pelage des pistaches<\/a> : Enl\u00e8ve l\u2019enveloppe rouge des noyaux de pistache<\/strong><\/h3>    <ol class=\"wp-block-list\"> <li>Apr\u00e8s pelage, elle produit des noyaux vert brillant pour le march\u00e9 haut de gamme.<\/li>    <li>Cela peut retirer l\u2019astringence avant un traitement ult\u00e9rieur, am\u00e9liorant la qualit\u00e9 du produit.<\/li> <\/ol>    <figure class=\"wp-block-gallery has-nested-images columns-default is-cropped wp-block-gallery-5 is-layout-flex wp-block-gallery-is-layout-flex\"> <figure class=\"wp-block-image size-large\"><img loading=\"lazy\" decoding=\"async\" width=\"720\" height=\"540\" data-id=\"897\" src=\"https:\/\/bestpeanutmachine.com\/wp-content\/uploads\/2026\/01\/wet-type-peanut-skin-peeling-machine.webp\" alt=\"Machine \u00e0 \u00e9plucher la peau d\u2019arachide humide\" class=\"wp-image-897\" srcset=\"https:\/\/bestpeanutmachine.com\/wp-content\/uploads\/2026\/01\/wet-type-peanut-skin-peeling-machine.webp 720w, https:\/\/bestpeanutmachine.com\/wp-content\/uploads\/2026\/01\/wet-type-peanut-skin-peeling-machine-300x225.webp 300w, https:\/\/bestpeanutmachine.com\/wp-content\/uploads\/2026\/01\/wet-type-peanut-skin-peeling-machine-16x12.webp 16w\" sizes=\"auto, (max-width: 720px) 100vw, 720px\" \/><figcaption class=\"wp-element-caption\">Machine \u00e0 \u00e9plucher la peau d\u2019arachide humide<\/figcaption><\/figure>    <figure class=\"wp-block-image size-large\"><img loading=\"lazy\" decoding=\"async\" width=\"720\" height=\"540\" data-id=\"1199\" src=\"https:\/\/bestpeanutmachine.com\/wp-content\/uploads\/2026\/02\/pistachios-after-peeling.webp\" alt=\"pistaches apr\u00e8s pelage\" class=\"wp-image-1199\" srcset=\"https:\/\/bestpeanutmachine.com\/wp-content\/uploads\/2026\/02\/pistachios-after-peeling.webp 720w, https:\/\/bestpeanutmachine.com\/wp-content\/uploads\/2026\/02\/pistachios-after-peeling-300x225.webp 300w, https:\/\/bestpeanutmachine.com\/wp-content\/uploads\/2026\/02\/pistachios-after-peeling-16x12.webp 16w\" sizes=\"auto, (max-width: 720px) 100vw, 720px\" \/><figcaption class=\"wp-element-caption\">pistaches apr\u00e8s pelage<\/figcaption><\/figure> <\/figure>    <h3 class=\"wp-block-heading\"><strong><a href=\"https:\/\/bestpeanutmachine.com\/fr\/product\/pistachio-grinder-machine\/\">Mouture de pistache<\/a> : Produit du beurre de pistache<\/strong><\/h3>    <ol class=\"wp-block-list\"> <li>Elle est utilis\u00e9e dans les industries de la boulangerie, des glaces et de la confiserie.<\/li>    <li>Ils peuvent \u00eatre m\u00e9lang\u00e9s avec des noyaux de pistache pour cr\u00e9er du beurre de noix savoureux.<\/li> <\/ol>    <figure class=\"wp-block-gallery has-nested-images columns-default is-cropped wp-block-gallery-6 is-layout-flex wp-block-gallery-is-layout-flex\"> <figure class=\"wp-block-image size-large\"><img loading=\"lazy\" decoding=\"async\" width=\"720\" height=\"540\" data-id=\"1164\" src=\"https:\/\/bestpeanutmachine.com\/wp-content\/uploads\/2026\/02\/pistachio-paste-maker-machine.webp\" alt=\"machine \u00e0 p\u00e2te de pistache\" class=\"wp-image-1164\" srcset=\"https:\/\/bestpeanutmachine.com\/wp-content\/uploads\/2026\/02\/pistachio-paste-maker-machine.webp 720w, https:\/\/bestpeanutmachine.com\/wp-content\/uploads\/2026\/02\/pistachio-paste-maker-machine-300x225.webp 300w, https:\/\/bestpeanutmachine.com\/wp-content\/uploads\/2026\/02\/pistachio-paste-maker-machine-16x12.webp 16w\" sizes=\"auto, (max-width: 720px) 100vw, 720px\" \/><figcaption class=\"wp-element-caption\">machine \u00e0 p\u00e2te de pistache<\/figcaption><\/figure>    <figure class=\"wp-block-image size-large\"><img loading=\"lazy\" decoding=\"async\" width=\"720\" height=\"540\" data-id=\"1200\" src=\"https:\/\/bestpeanutmachine.com\/wp-content\/uploads\/2026\/02\/pistachio-paste-1.webp\" alt=\"p\u00e2te de pistache\" class=\"wp-image-1200\" srcset=\"https:\/\/bestpeanutmachine.com\/wp-content\/uploads\/2026\/02\/pistachio-paste-1.webp 720w, https:\/\/bestpeanutmachine.com\/wp-content\/uploads\/2026\/02\/pistachio-paste-1-300x225.webp 300w, https:\/\/bestpeanutmachine.com\/wp-content\/uploads\/2026\/02\/pistachio-paste-1-16x12.webp 16w\" sizes=\"auto, (max-width: 720px) 100vw, 720px\" \/><figcaption class=\"wp-element-caption\">p\u00e2te de pistache<\/figcaption><\/figure> <\/figure>    <h3 class=\"wp-block-heading\"><strong><a href=\"http:\/\/Peanut &amp; Almond Strip Cutting Machine\">Machine de coupe en lames pour pistaches<\/a> : Tranche les noyaux de pistache en lani\u00e8res<\/strong><\/h3>    <ol class=\"wp-block-list\"> <li>Les lani\u00e8res de pistache se marient bien avec des pains ou desserts haut de gamme.<\/li>    <li>Ils peuvent enrichir la texture et l\u2019apparence des aliments.<\/li> <\/ol>    <figure class=\"wp-block-gallery has-nested-images columns-default is-cropped wp-block-gallery-7 is-layout-flex wp-block-gallery-is-layout-flex\"> <figure class=\"wp-block-image size-large\"><img loading=\"lazy\" decoding=\"async\" width=\"720\" height=\"540\" data-id=\"1002\" src=\"https:\/\/bestpeanutmachine.com\/wp-content\/uploads\/2026\/01\/almond-strip-cutting-machine.webp\" alt=\"machine de coupe en lani\u00e8res de noix\" class=\"wp-image-1002\" srcset=\"https:\/\/bestpeanutmachine.com\/wp-content\/uploads\/2026\/01\/almond-strip-cutting-machine.webp 720w, https:\/\/bestpeanutmachine.com\/wp-content\/uploads\/2026\/01\/almond-strip-cutting-machine-300x225.webp 300w, https:\/\/bestpeanutmachine.com\/wp-content\/uploads\/2026\/01\/almond-strip-cutting-machine-16x12.webp 16w\" sizes=\"auto, (max-width: 720px) 100vw, 720px\" \/><figcaption class=\"wp-element-caption\">machine de coupe en lani\u00e8res de noix<\/figcaption><\/figure>    <figure class=\"wp-block-image size-large\"><img loading=\"lazy\" decoding=\"async\" width=\"720\" height=\"540\" data-id=\"1001\" src=\"https:\/\/bestpeanutmachine.com\/wp-content\/uploads\/2026\/01\/pistachio-strips.webp\" alt=\"bandes de pistaches\" class=\"wp-image-1001\" srcset=\"https:\/\/bestpeanutmachine.com\/wp-content\/uploads\/2026\/01\/pistachio-strips.webp 720w, https:\/\/bestpeanutmachine.com\/wp-content\/uploads\/2026\/01\/pistachio-strips-300x225.webp 300w, https:\/\/bestpeanutmachine.com\/wp-content\/uploads\/2026\/01\/pistachio-strips-16x12.webp 16w\" sizes=\"auto, (max-width: 720px) 100vw, 720px\" \/><figcaption class=\"wp-element-caption\">bandes de pistaches<\/figcaption><\/figure> <\/figure>    <h2 class=\"wp-block-heading\"><strong>Ligne de production de d\u00e9corticage de pistache \u00e0 petite \u00e9chelle<\/strong><\/h2>    <p>Une ligne de traitement typique \u00e0 petite \u00e9chelle des pistaches comprend : un \u00e9l\u00e9vateur d\u2019alimentation, une machine de d\u00e9corticage de pistaches et un \u00e9cran vibrant. C\u2019est l\u2019\u00e9quipement le plus basique, capable de traiter efficacement une s\u00e9rie de t\u00e2ches telles que le d\u00e9corticage et le criblage des pistaches.<\/p>    <p>Si vous avez d\u2019autres exigences de traitement avanc\u00e9, vous pouvez pr\u00e9ciser vos besoins ou les r\u00e9sultats souhait\u00e9s, et notre \u00e9quipe professionnelle concevra la solution la plus adapt\u00e9e pour vous.<\/p>    <figure class=\"wp-block-gallery has-nested-images columns-default is-cropped wp-block-gallery-8 is-layout-flex wp-block-gallery-is-layout-flex\"><div class=\"wp-block-image\"> <figure class=\"aligncenter size-large\"><img loading=\"lazy\" decoding=\"async\" width=\"720\" height=\"540\" data-id=\"1193\" src=\"https:\/\/bestpeanutmachine.com\/wp-content\/uploads\/2026\/02\/pistachio-shelling-production-line.webp\" alt=\"Ligne de production de d\u00e9corticage de pistaches\" class=\"wp-image-1193\" srcset=\"https:\/\/bestpeanutmachine.com\/wp-content\/uploads\/2026\/02\/pistachio-shelling-production-line.webp 720w, https:\/\/bestpeanutmachine.com\/wp-content\/uploads\/2026\/02\/pistachio-shelling-production-line-300x225.webp 300w, https:\/\/bestpeanutmachine.com\/wp-content\/uploads\/2026\/02\/pistachio-shelling-production-line-16x12.webp 16w\" sizes=\"auto, (max-width: 720px) 100vw, 720px\" \/><figcaption class=\"wp-element-caption\">Ligne de production de d\u00e9corticage de pistaches<\/figcaption><\/figure> <\/div><\/figure>    <h2 class=\"wp-block-heading\"><strong>Comment choisir un fabricant fiable de machines de d\u00e9corticage de pistaches ?<\/strong><\/h2>    <p>Lors du choix d\u2019un fabricant fiable de machine de d\u00e9corticage de pistache, prenez en compte les facteurs suivants :<\/p>    <ol class=\"wp-block-list\"> <li>Exp\u00e9rience de production : Les fournisseurs ayant des ann\u00e9es d\u2019exp\u00e9rience dans la fabrication d\u2019\u00e9quipements de traitement des noix sont plus professionnels.<\/li>    <li>Cas r\u00e9els de clients : les cas d\u2019installation et les retours des clients offrent de meilleurs retours.<\/li>    <li>Support technique : S\u2019assurer que le fabricant fournit des conseils d\u2019installation, une formation \u00e0 l\u2019exploitation, etc.<\/li>    <li>Certification de qualit\u00e9 : V\u00e9rifier si la machine r\u00e9pond aux normes de s\u00e9curit\u00e9 alimentaire et d\u2019exportation.<\/li> <\/ol>    <p>De plus, un fabricant digne de confiance fournit non seulement l\u2019\u00e9quipement mais aussi des solutions de traitement compl\u00e8tes. Ainsi, pour l\u2019acheteur, trouver un partenaire fiable n\u00e9cessite une \u00e9valuation minutieuse sous plusieurs angles.<\/p>    <p class=\"translation-block\"><strong>Taizy Machinery<\/strong>, une usine sp\u00e9cialis\u00e9e dans les \u00e9quipements de fabrication de noix depuis plus d\u2019une d\u00e9cennie, poss\u00e8de une richesse d\u2019\u00e9tudes de cas mondiales et une vaste exp\u00e9rience d\u2019import\/export. Nous visons \u00e0 fournir \u00e0 nos clients des machines de haute qualit\u00e9 et rentables et des services complets.<\/p>    <figure class=\"wp-block-gallery has-nested-images columns-default is-cropped wp-block-gallery-9 is-layout-flex wp-block-gallery-is-layout-flex\"> <figure class=\"wp-block-image size-full\"><img loading=\"lazy\" decoding=\"async\" width=\"720\" height=\"540\" data-id=\"1196\" src=\"https:\/\/bestpeanutmachine.com\/wp-content\/uploads\/2026\/02\/pistachio-hulling-machine.webp\" alt=\"\" class=\"wp-image-1196\" srcset=\"https:\/\/bestpeanutmachine.com\/wp-content\/uploads\/2026\/02\/pistachio-hulling-machine.webp 720w, https:\/\/bestpeanutmachine.com\/wp-content\/uploads\/2026\/02\/pistachio-hulling-machine-300x225.webp 300w, https:\/\/bestpeanutmachine.com\/wp-content\/uploads\/2026\/02\/pistachio-hulling-machine-16x12.webp 16w\" sizes=\"auto, (max-width: 720px) 100vw, 720px\" \/><figcaption class=\"wp-element-caption\">machine d\u2019\u00e9plucheur de pistaches<\/figcaption><\/figure>    <figure class=\"wp-block-image size-large\"><img loading=\"lazy\" decoding=\"async\" width=\"720\" height=\"540\" data-id=\"1195\" src=\"https:\/\/bestpeanutmachine.com\/wp-content\/uploads\/2026\/02\/Taizy-factory.webp\" alt=\"Usine Taizy\" class=\"wp-image-1195\" srcset=\"https:\/\/bestpeanutmachine.com\/wp-content\/uploads\/2026\/02\/Taizy-factory.webp 720w, https:\/\/bestpeanutmachine.com\/wp-content\/uploads\/2026\/02\/Taizy-factory-300x225.webp 300w, https:\/\/bestpeanutmachine.com\/wp-content\/uploads\/2026\/02\/Taizy-factory-16x12.webp 16w\" sizes=\"auto, (max-width: 720px) 100vw, 720px\" \/><figcaption class=\"wp-element-caption\">Usine Taizy<\/figcaption><\/figure> <\/figure>    <p>Si vous avez des questions sur notre machine d\u2019\u00e9pluchage de pistaches, contactez-nous pour obtenir plus de d\u00e9tails.<\/p>","protected":false},"excerpt":{"rendered":"<p>This pistachio shelling machine efficiently removes pistachio shells with a shelling rate of up to 95% and a breakage rate of only 8%. It can also be integrated with screening machines, peeling machines, and pistachio grinders to create a complete small-scale pistachio production line.<\/p>","protected":false},"author":1,"featured_media":1201,"parent":0,"template":"","tags":[77,84,86],"product-type":[76,6],"class_list":["post-1182","product","type-product","status-publish","has-post-thumbnail","hentry","tag-almond","tag-macadamia","tag-pistachio","product-type-other-nuts-machine","product-type-product"],"_links":{"self":[{"href":"https:\/\/bestpeanutmachine.com\/fr\/wp-json\/wp\/v2\/product\/1182","targetHints":{"allow":["GET"]}}],"collection":[{"href":"https:\/\/bestpeanutmachine.com\/fr\/wp-json\/wp\/v2\/product"}],"about":[{"href":"https:\/\/bestpeanutmachine.com\/fr\/wp-json\/wp\/v2\/types\/product"}],"author":[{"embeddable":true,"href":"https:\/\/bestpeanutmachine.com\/fr\/wp-json\/wp\/v2\/users\/1"}],"wp:featuredmedia":[{"embeddable":true,"href":"https:\/\/bestpeanutmachine.com\/fr\/wp-json\/wp\/v2\/media\/1201"}],"wp:attachment":[{"href":"https:\/\/bestpeanutmachine.com\/fr\/wp-json\/wp\/v2\/media?parent=1182"}],"wp:term":[{"taxonomy":"post_tag","embeddable":true,"href":"https:\/\/bestpeanutmachine.com\/fr\/wp-json\/wp\/v2\/tags?post=1182"},{"taxonomy":"product-type","embeddable":true,"href":"https:\/\/bestpeanutmachine.com\/fr\/wp-json\/wp\/v2\/product-type?post=1182"}],"curies":[{"name":"wp","href":"https:\/\/api.w.org\/{rel}","templated":true}]}}