{"id":1208,"date":"2026-02-24T13:37:56","date_gmt":"2026-02-24T05:37:56","guid":{"rendered":"https:\/\/bestpeanutmachine.com\/?post_type=product&#038;p=1208"},"modified":"2026-02-25T11:00:20","modified_gmt":"2026-02-25T03:00:20","slug":"peanut-cleaning-machine","status":"publish","type":"product","link":"https:\/\/bestpeanutmachine.com\/fr\/product\/peanut-cleaning-machine\/","title":{"rendered":"Machine de nettoyage des cacahu\u00e8tes | Machine de lavage des noyaux de noix"},"content":{"rendered":"<p class=\"translation-block\">Taizy, machine de nettoyage de cacahu\u00e8tes de type tambour , con\u00e7ue sp\u00e9cifiquement pour le nettoyage par pulv\u00e9risation continue de mat\u00e9riaux granulaires. Elle aide efficacement \u00e0 \u00e9liminer la poussi\u00e8re, la salet\u00e9 et les impuret\u00e9s de surface des cacahu\u00e8tes avant qu'elles n'entrent dans des processus tels que la torr\u00e9faction, le broyage, l'enrobage ou l'extraction d'huile.<\/p>    <p>Cette machine peut traiter 1-1,5 tonnes de noyaux de cacahu\u00e8tes par heure. Les noix trait\u00e9es peuvent ensuite \u00eatre utilis\u00e9es dans d'autres processus, tels que l'enrobage de cacahu\u00e8tes et la fabrication de beurre de cacahu\u00e8te, pour am\u00e9liorer la qualit\u00e9 du produit final.<\/p>    <figure class=\"wp-block-embed aligncenter is-type-video is-provider-youtube wp-block-embed-youtube wp-embed-aspect-16-9 wp-has-aspect-ratio\"><div class=\"wp-block-embed__wrapper\"> <iframe loading=\"lazy\" title=\"Machine de nettoyage de noyaux de cacahu\u00e8tes \u00e0 tambour rotatif \u2013 Lavage par pulv\u00e9risation haute efficacit\u00e9 Contact :  8617703863868\" width=\"500\" height=\"281\" src=\"https:\/\/www.youtube.com\/embed\/HQ4NItyi3m0?feature=oembed\" frameborder=\"0\" allow=\"accelerometer; autoplay; clipboard-write; encrypted-media; gyroscope; picture-in-picture; web-share\" referrerpolicy=\"strict-origin-when-cross-origin\" allowfullscreen><\/iframe> <\/div><figcaption class=\"wp-element-caption\">Vid\u00e9o de fonctionnement de la machine de nettoyage de cacahu\u00e8tes<\/figcaption><\/figure>    <h2 class=\"wp-block-heading\"><strong>Principe de fonctionnement de la machine de nettoyage de cacahu\u00e8tes<\/strong><\/h2>    <p>Cette machine de nettoyage de cacahu\u00e8tes utilise une structure \u00e0 tambour rotatif et est \u00e9quip\u00e9e d'un syst\u00e8me d'aspersion d'eau interne. Son processus de fonctionnement est le suivant :<\/p>    <ol class=\"wp-block-list\"> <li>Les noyaux de cacahu\u00e8tes sont introduits dans le tambour rotatif.<\/li>    <li>Les buses \u00e0 haute pression \u00e0 l'int\u00e9rieur du tambour pulv\u00e9risent continuellement de l'eau.<\/li>    <li>Lorsque le tambour tourne, les cacahu\u00e8tes roulent en avant.<\/li>    <li>La poussi\u00e8re, la boue et les impuret\u00e9s mineures sont \u00e9limin\u00e9es par friction et lavage par pulv\u00e9risation.<\/li>    <li>Les cacahu\u00e8tes propres sont automatiquement \u00e9vacu\u00e9es par la sortie.<\/li> <\/ol>    <p>La combinaison de friction de roulement et de lavage par pulv\u00e9risation d'eau garantit un nettoyage en profondeur sans endommager les noyaux de cacahu\u00e8tes. Ce design est particuli\u00e8rement adapt\u00e9 aux mat\u00e9riaux granulaires n\u00e9cessitant un nettoyage de surface.<\/p>    <h2 class=\"wp-block-heading\"><strong>Principaux avantages de la machine de nettoyage de noyaux de cacahu\u00e8tes<\/strong><\/h2>    <ol class=\"wp-block-list\"> <li>La conception de production continue permet \u00e0 cet \u00e9quipement de fonctionner sans interruption, ce qui le rend adapt\u00e9 aux usines de traitement de taille moyenne \u00e0 grande.<\/li>    <li>La m\u00e9thode de nettoyage par tambour emp\u00eache efficacement la casse des noyaux de cacahu\u00e8tes, en maintenant l'int\u00e9grit\u00e9 du produit.<\/li>    <li>Elle convient aux mat\u00e9riaux granulaires, y compris cacahu\u00e8tes, haricots, noix, graines et autres produits agricoles similaires.<\/li>    <li>Notre machine de nettoyage de cacahu\u00e8tes est fabriqu\u00e9e en acier inoxydable durable, dont la structure est simple et facile \u00e0 nettoyer apr\u00e8s utilisation.<\/li> <\/ol>    <figure class=\"wp-block-gallery has-nested-images columns-default is-cropped wp-block-gallery-2 is-layout-flex wp-block-gallery-is-layout-flex\"> <figure class=\"wp-block-image size-large\"><img loading=\"lazy\" decoding=\"async\" width=\"720\" height=\"540\" data-id=\"1223\" src=\"https:\/\/bestpeanutmachine.com\/wp-content\/uploads\/2026\/02\/peanut-kernel-washing-machine.webp\" alt=\"Machine de lavage des noyaux de cacahu\u00e8tes\" class=\"wp-image-1223\" srcset=\"https:\/\/bestpeanutmachine.com\/wp-content\/uploads\/2026\/02\/peanut-kernel-washing-machine.webp 720w, https:\/\/bestpeanutmachine.com\/wp-content\/uploads\/2026\/02\/peanut-kernel-washing-machine-300x225.webp 300w, https:\/\/bestpeanutmachine.com\/wp-content\/uploads\/2026\/02\/peanut-kernel-washing-machine-16x12.webp 16w\" sizes=\"auto, (max-width: 720px) 100vw, 720px\" \/><figcaption class=\"wp-element-caption\">Machine de lavage des noyaux de cacahu\u00e8tes<\/figcaption><\/figure>    <figure class=\"wp-block-image size-large\"><img loading=\"lazy\" decoding=\"async\" width=\"720\" height=\"540\" data-id=\"1215\" src=\"https:\/\/bestpeanutmachine.com\/wp-content\/uploads\/2026\/02\/groundnut-kernel-washing-machine.webp\" alt=\"Machine \u00e0 laver les noyaux de cacahu\u00e8tes\" class=\"wp-image-1215\" srcset=\"https:\/\/bestpeanutmachine.com\/wp-content\/uploads\/2026\/02\/groundnut-kernel-washing-machine.webp 720w, https:\/\/bestpeanutmachine.com\/wp-content\/uploads\/2026\/02\/groundnut-kernel-washing-machine-300x225.webp 300w, https:\/\/bestpeanutmachine.com\/wp-content\/uploads\/2026\/02\/groundnut-kernel-washing-machine-16x12.webp 16w\" sizes=\"auto, (max-width: 720px) 100vw, 720px\" \/><figcaption class=\"wp-element-caption\">Machine \u00e0 laver les noyaux de cacahu\u00e8tes<\/figcaption><\/figure> <\/figure>    <h2 class=\"wp-block-heading\"><strong>Param\u00e8tres techniques de la machine \u00e0 laver les noyaux de cacahu\u00e8tes<\/strong><\/h2>    <figure class=\"wp-block-table\"><table class=\"has-fixed-layout\"><tbody><tr><td>Capacit\u00e9<\/td><td>1\u20131,5 t\/h<\/td><\/tr><tr><td>Taille de la machine<\/td><td>2500\u00d7800\u00d71600 mm<\/td><\/tr><tr><td>Puissance principale<\/td><td>1,1 KW<\/td><\/tr><tr><td>Puissance de la pompe \u00e0 eau<\/td><td>0,75 KW<\/td><\/tr><tr><td>Type de production<\/td><td>Fonctionnement continu<\/td><\/tr><tr><td>\u00c9quipement auxiliaire<\/td><td>\u00c9l\u00e9vateur \u00e0 d\u00e9flecteur requis<\/td><\/tr><\/tbody><\/table><figcaption class=\"wp-element-caption\">sp\u00e9cification de la machine de nettoyage de cacahu\u00e8tes<\/figcaption><\/figure>    <p>Son efficacit\u00e9 de production d\u00e9pend fortement de l'alimentation manuelle du mat\u00e9riau. Si vous souhaitez une automatisation \u00e9lev\u00e9e, vous pouvez la combiner avec une machine d'alimentation automatique. Si vous souhaitez int\u00e9grer cette machine dans votre ligne de production existante, veuillez nous contacter pour des options de configuration.<\/p>   <div class=\"wp-block-image\"> <figure class=\"aligncenter size-full\"><img loading=\"lazy\" decoding=\"async\" width=\"720\" height=\"540\" src=\"https:\/\/bestpeanutmachine.com\/wp-content\/uploads\/2026\/02\/groundnut-kernel-cleaner.webp\" alt=\"nettoyeur de noyaux de cacahu\u00e8tes\" class=\"wp-image-1216\" srcset=\"https:\/\/bestpeanutmachine.com\/wp-content\/uploads\/2026\/02\/groundnut-kernel-cleaner.webp 720w, https:\/\/bestpeanutmachine.com\/wp-content\/uploads\/2026\/02\/groundnut-kernel-cleaner-300x225.webp 300w, https:\/\/bestpeanutmachine.com\/wp-content\/uploads\/2026\/02\/groundnut-kernel-cleaner-16x12.webp 16w\" sizes=\"auto, (max-width: 720px) 100vw, 720px\" \/><figcaption class=\"wp-element-caption\">nettoyeur de noyaux de cacahu\u00e8tes<\/figcaption><\/figure> <\/div>   <h2 class=\"wp-block-heading\"><strong>Applications de cette machine de nettoyage de noyaux de cacahu\u00e8tes dans les lignes de production<\/strong><\/h2>    <p>Les machines \u00e0 laver les cacahu\u00e8tes sont largement utilis\u00e9es dans les lignes de traitement suivantes :<\/p>    <h3 class=\"wp-block-heading\"><strong><a href=\"https:\/\/bestpeanutmachine.com\/fr\/product\/peanut-butter-production-line\/\">Ligne de production de beurre de cacahu\u00e8te<\/a><\/strong><\/h3>    <p>Les cacahu\u00e8tes doivent \u00eatre lav\u00e9es avant la torr\u00e9faction et le broyage. Cette \u00e9tape permet de :<\/p>    <ul class=\"wp-block-list\"> <li>Pr\u00e9venir la contamination de l'\u00e9quipement de torr\u00e9faction<\/li>    <li>Am\u00e9liorer la qualit\u00e9 du beurre de cacahu\u00e8te<\/li>    <li>Emp\u00eacher le beurre de cacahu\u00e8te fini de devenir trop fonc\u00e9<\/li>    <li>Assurer un broyage plus fluide et une meilleure saveur<\/li> <\/ul>    <figure class=\"wp-block-gallery has-nested-images columns-default is-cropped wp-block-gallery-3 is-layout-flex wp-block-gallery-is-layout-flex\"> <figure class=\"wp-block-image size-large\"><img loading=\"lazy\" decoding=\"async\" width=\"720\" height=\"540\" data-id=\"1221\" src=\"https:\/\/bestpeanutmachine.com\/wp-content\/uploads\/2026\/02\/peanut-butter.webp\" alt=\"beurre d&#039;arachide\" class=\"wp-image-1221\" srcset=\"https:\/\/bestpeanutmachine.com\/wp-content\/uploads\/2026\/02\/peanut-butter.webp 720w, https:\/\/bestpeanutmachine.com\/wp-content\/uploads\/2026\/02\/peanut-butter-300x225.webp 300w, https:\/\/bestpeanutmachine.com\/wp-content\/uploads\/2026\/02\/peanut-butter-16x12.webp 16w\" sizes=\"auto, (max-width: 720px) 100vw, 720px\" \/><figcaption class=\"wp-element-caption\">beurre d'arachide<\/figcaption><\/figure>    <figure class=\"wp-block-image size-large\"><img loading=\"lazy\" decoding=\"async\" width=\"720\" height=\"540\" data-id=\"808\" src=\"https:\/\/bestpeanutmachine.com\/wp-content\/uploads\/2022\/08\/300-kgh-peanut-butter-production-line.webp\" alt=\"Ligne de production de beurre de cacahu\u00e8te de 300 kg\/h\" class=\"wp-image-808\" srcset=\"https:\/\/bestpeanutmachine.com\/wp-content\/uploads\/2022\/08\/300-kgh-peanut-butter-production-line.webp 720w, https:\/\/bestpeanutmachine.com\/wp-content\/uploads\/2022\/08\/300-kgh-peanut-butter-production-line-300x225.webp 300w, https:\/\/bestpeanutmachine.com\/wp-content\/uploads\/2022\/08\/300-kgh-peanut-butter-production-line-16x12.webp 16w\" sizes=\"auto, (max-width: 720px) 100vw, 720px\" \/><figcaption class=\"wp-element-caption\">Ligne de production de beurre de cacahu\u00e8te de 300 kg\/h<\/figcaption><\/figure> <\/figure>    <h3 class=\"wp-block-heading\"><strong><a href=\"https:\/\/bestpeanutmachine.com\/fr\/product\/coated-peanut-production-line\/\">Ligne de production de cacahu\u00e8tes enrob\u00e9es<\/a><\/strong><\/h3>    <p>Dans la production de cacahu\u00e8tes enrob\u00e9es (cacahu\u00e8tes assaisonn\u00e9es) :<\/p>    <ul class=\"wp-block-list\"> <li>Une surface de cacahu\u00e8te propre assure une meilleure adh\u00e9rence de l'enrobage<\/li>    <li>Am\u00e9liorer l'apparence et l'uniformit\u00e9 du produit<\/li> <\/ul>    <figure class=\"wp-block-gallery has-nested-images columns-default is-cropped wp-block-gallery-4 is-layout-flex wp-block-gallery-is-layout-flex\"> <figure class=\"wp-block-image size-large\"><img loading=\"lazy\" decoding=\"async\" width=\"720\" height=\"540\" data-id=\"1222\" src=\"https:\/\/bestpeanutmachine.com\/wp-content\/uploads\/2026\/02\/sugar-coated-peanut.webp\" alt=\"arachide enrob\u00e9e de sucre\" class=\"wp-image-1222\" srcset=\"https:\/\/bestpeanutmachine.com\/wp-content\/uploads\/2026\/02\/sugar-coated-peanut.webp 720w, https:\/\/bestpeanutmachine.com\/wp-content\/uploads\/2026\/02\/sugar-coated-peanut-300x225.webp 300w, https:\/\/bestpeanutmachine.com\/wp-content\/uploads\/2026\/02\/sugar-coated-peanut-16x12.webp 16w\" sizes=\"auto, (max-width: 720px) 100vw, 720px\" \/><figcaption class=\"wp-element-caption\">arachide enrob\u00e9e de sucre<\/figcaption><\/figure>    <figure class=\"wp-block-image size-large\"><img loading=\"lazy\" decoding=\"async\" width=\"720\" height=\"540\" data-id=\"554\" src=\"https:\/\/bestpeanutmachine.com\/wp-content\/uploads\/2025\/10\/coated-peanut-production-line-1.webp\" alt=\"ligne de production d&#039;arachides enrob\u00e9es\" class=\"wp-image-554\" srcset=\"https:\/\/bestpeanutmachine.com\/wp-content\/uploads\/2025\/10\/coated-peanut-production-line-1.webp 720w, https:\/\/bestpeanutmachine.com\/wp-content\/uploads\/2025\/10\/coated-peanut-production-line-1-300x225.webp 300w, https:\/\/bestpeanutmachine.com\/wp-content\/uploads\/2025\/10\/coated-peanut-production-line-1-16x12.webp 16w\" sizes=\"auto, (max-width: 720px) 100vw, 720px\" \/><figcaption class=\"wp-element-caption\">ligne de production d'arachides enrob\u00e9es<\/figcaption><\/figure> <\/figure>    <p>De plus, cette machine de nettoyage de noyaux de cacahu\u00e8tes peut \u00e9galement laver des soja, des f\u00e8ves de cacao, des dates rouges et de nombreux autres types de noix granulaires. Si vous avez d'autres besoins de traitement, veuillez nous contacter. Notre \u00e9quipe commerciale professionnelle recommandera la machine la plus adapt\u00e9e en fonction de votre mat\u00e9riau et de vos exigences de production.<\/p>    <figure class=\"wp-block-gallery has-nested-images columns-2 is-cropped wp-block-gallery-5 is-layout-flex wp-block-gallery-is-layout-flex\"> <figure class=\"wp-block-image size-large\"><img loading=\"lazy\" decoding=\"async\" width=\"720\" height=\"540\" data-id=\"1219\" src=\"https:\/\/bestpeanutmachine.com\/wp-content\/uploads\/2026\/02\/soybean.webp\" alt=\"soja\" class=\"wp-image-1219\" srcset=\"https:\/\/bestpeanutmachine.com\/wp-content\/uploads\/2026\/02\/soybean.webp 720w, https:\/\/bestpeanutmachine.com\/wp-content\/uploads\/2026\/02\/soybean-300x225.webp 300w, https:\/\/bestpeanutmachine.com\/wp-content\/uploads\/2026\/02\/soybean-16x12.webp 16w\" sizes=\"auto, (max-width: 720px) 100vw, 720px\" \/><figcaption class=\"wp-element-caption\">soja<\/figcaption><\/figure>    <figure class=\"wp-block-image size-large\"><img loading=\"lazy\" decoding=\"async\" width=\"720\" height=\"540\" data-id=\"1220\" src=\"https:\/\/bestpeanutmachine.com\/wp-content\/uploads\/2026\/02\/groundnut.webp\" alt=\"Arachide\" class=\"wp-image-1220\" srcset=\"https:\/\/bestpeanutmachine.com\/wp-content\/uploads\/2026\/02\/groundnut.webp 720w, https:\/\/bestpeanutmachine.com\/wp-content\/uploads\/2026\/02\/groundnut-300x225.webp 300w, https:\/\/bestpeanutmachine.com\/wp-content\/uploads\/2026\/02\/groundnut-16x12.webp 16w\" sizes=\"auto, (max-width: 720px) 100vw, 720px\" \/><figcaption class=\"wp-element-caption\">Arachide<\/figcaption><\/figure>    <figure class=\"wp-block-image size-large\"><img loading=\"lazy\" decoding=\"async\" width=\"720\" height=\"540\" data-id=\"1217\" src=\"https:\/\/bestpeanutmachine.com\/wp-content\/uploads\/2026\/02\/cocoa-bean.webp\" alt=\"f\u00e8ve de cacao\" class=\"wp-image-1217\" srcset=\"https:\/\/bestpeanutmachine.com\/wp-content\/uploads\/2026\/02\/cocoa-bean.webp 720w, https:\/\/bestpeanutmachine.com\/wp-content\/uploads\/2026\/02\/cocoa-bean-300x225.webp 300w, https:\/\/bestpeanutmachine.com\/wp-content\/uploads\/2026\/02\/cocoa-bean-16x12.webp 16w\" sizes=\"auto, (max-width: 720px) 100vw, 720px\" \/><figcaption class=\"wp-element-caption\">f\u00e8ve de cacao<\/figcaption><\/figure>    <figure class=\"wp-block-image size-large\"><img loading=\"lazy\" decoding=\"async\" width=\"720\" height=\"540\" data-id=\"1218\" src=\"https:\/\/bestpeanutmachine.com\/wp-content\/uploads\/2026\/02\/red-dates.webp\" alt=\"dates rouges\" class=\"wp-image-1218\" srcset=\"https:\/\/bestpeanutmachine.com\/wp-content\/uploads\/2026\/02\/red-dates.webp 720w, https:\/\/bestpeanutmachine.com\/wp-content\/uploads\/2026\/02\/red-dates-300x225.webp 300w, https:\/\/bestpeanutmachine.com\/wp-content\/uploads\/2026\/02\/red-dates-16x12.webp 16w\" sizes=\"auto, (max-width: 720px) 100vw, 720px\" \/><figcaption class=\"wp-element-caption\">dates rouges<\/figcaption><\/figure> <\/figure>    <h2 class=\"wp-block-heading\"><strong>Pourquoi une machine de nettoyage de cacahu\u00e8tes est-elle essentielle ?<\/strong><\/h2>    <p>Un nettoyage inad\u00e9quat des noyaux de cacahu\u00e8tes lors d'autres processus de fabrication peut entra\u00eener une accumulation de poussi\u00e8re dans la machine de torr\u00e9faction et acc\u00e9l\u00e9rer l'usure de l'\u00e9quipement de broyage. Le produit final peut ne pas respecter les normes d'hygi\u00e8ne.<\/p>    <p>Investing in a professional peanut washing machine not only extends the equipment&#8217;s lifespan but also significantly impacts the quality of the final product. If you have strict quality control requirements and high standards for your products, investing in this machine is an excellent choice.<\/p>    <p>Si vous construisez ou am\u00e9liorez une usine de traitement des cacahu\u00e8tes, cette machine de nettoyage sera un choix pratique et \u00e9conomique. Contactez-nous pour un devis !<\/p>","protected":false},"excerpt":{"rendered":"<p>This peanut cleaning machine uses a rotary drum and internal spray system to remove dust and soil from peanuts efficiently. With 1\u20131.5 tons per hour capacity, it is ideal for peanut butter production lines, coated peanut processing, and other granular material washing applications.<\/p>","protected":false},"author":1,"featured_media":1214,"parent":0,"template":"","tags":[12,11],"product-type":[69,6],"class_list":["post-1208","product","type-product","status-publish","has-post-thumbnail","hentry","tag-groundnut","tag-peanut","product-type-peanut-machine","product-type-product"],"_links":{"self":[{"href":"https:\/\/bestpeanutmachine.com\/fr\/wp-json\/wp\/v2\/product\/1208","targetHints":{"allow":["GET"]}}],"collection":[{"href":"https:\/\/bestpeanutmachine.com\/fr\/wp-json\/wp\/v2\/product"}],"about":[{"href":"https:\/\/bestpeanutmachine.com\/fr\/wp-json\/wp\/v2\/types\/product"}],"author":[{"embeddable":true,"href":"https:\/\/bestpeanutmachine.com\/fr\/wp-json\/wp\/v2\/users\/1"}],"wp:featuredmedia":[{"embeddable":true,"href":"https:\/\/bestpeanutmachine.com\/fr\/wp-json\/wp\/v2\/media\/1214"}],"wp:attachment":[{"href":"https:\/\/bestpeanutmachine.com\/fr\/wp-json\/wp\/v2\/media?parent=1208"}],"wp:term":[{"taxonomy":"post_tag","embeddable":true,"href":"https:\/\/bestpeanutmachine.com\/fr\/wp-json\/wp\/v2\/tags?post=1208"},{"taxonomy":"product-type","embeddable":true,"href":"https:\/\/bestpeanutmachine.com\/fr\/wp-json\/wp\/v2\/product-type?post=1208"}],"curies":[{"name":"wp","href":"https:\/\/api.w.org\/{rel}","templated":true}]}}