{"id":1229,"date":"2026-02-25T14:47:06","date_gmt":"2026-02-25T06:47:06","guid":{"rendered":"https:\/\/bestpeanutmachine.com\/?post_type=product&#038;p=1229"},"modified":"2026-02-27T17:56:53","modified_gmt":"2026-02-27T09:56:53","slug":"chestnut-roaster-machine","status":"publish","type":"product","link":"https:\/\/bestpeanutmachine.com\/fr\/product\/chestnut-roaster-machine\/","title":{"rendered":"Machine \u00e0 torr\u00e9fier les ch\u00e2taignes"},"content":{"rendered":"<p class=\"translation-block\">La <strong>machine \u00e0 torr\u00e9fier les ch\u00e2taignes<\/strong> est un syst\u00e8me de torr\u00e9faction en tambour commercial con\u00e7u pour r\u00f4tir uniform\u00e9ment les ch\u00e2taignes, les cacahu\u00e8tes, les graines et autres produits de snack, 15\u201375 kg par lot. Elle utilise un chauffage contr\u00f4l\u00e9 et une rotation continue du tambour pour garantir une cuisson uniforme sans br\u00fbler.<\/p>    <p>Avec des options de chauffage flexibles (gaz ou \u00e9lectrique) et plusieurs choix de mat\u00e9riaux (acier au carbone ou acier inoxydable), il est id\u00e9al pour les ateliers de torr\u00e9faction d\u00e9butants et les entreprises de snacks en expansion.<\/p>    <figure class=\"wp-block-embed aligncenter is-type-video is-provider-youtube wp-block-embed-youtube wp-embed-aspect-16-9 wp-has-aspect-ratio\"><div class=\"wp-block-embed__wrapper\"> <iframe loading=\"lazy\" title=\"Chestnut Roaster Machine | Gas &amp; Electric Drum Roasting Process Contact: +8617703863868\" width=\"500\" height=\"281\" src=\"https:\/\/www.youtube.com\/embed\/2sYTPtqRL0s?feature=oembed\" frameborder=\"0\" allow=\"accelerometer; autoplay; clipboard-write; encrypted-media; gyroscope; picture-in-picture; web-share\" referrerpolicy=\"strict-origin-when-cross-origin\" allowfullscreen><\/iframe> <\/div><figcaption class=\"wp-element-caption\">vid\u00e9o de fonctionnement du petit torr\u00e9facteur de ch\u00e2taignes<\/figcaption><\/figure>    <h2 class=\"wp-block-heading\"><strong>Principaux avantages de la machine \u00e0 torr\u00e9fier les graines de tournesol<\/strong><\/h2>    <ul class=\"wp-block-list\"> <li>Cette machine \u00e0 torr\u00e9fier les ch\u00e2taignes offre deux m\u00e9thodes de chauffage : gaz et \u00e9lectrique. Elle fonctionne proprement, est facile \u00e0 installer, et offre un contr\u00f4le de temp\u00e9rature stable, ce qui la rend adapt\u00e9e \u00e0 divers environnements.<\/li>    <li>Elle peut \u00eatre fabriqu\u00e9e en acier au carbone ou en acier inoxydable. Chaque mat\u00e9riau a ses propres caract\u00e9ristiques et diff\u00e9rences de prix. Taizy recommande d'utiliser le mod\u00e8le en acier inoxydable pour les environnements alimentaires commerciaux.<\/li>    <li>Selon le mod\u00e8le, elle peut produire 15\u201375 kg par lot, ce qui permet aux op\u00e9rateurs de cuire de petites quantit\u00e9s de produit sur demande et d'\u00e9largir leur gamme de produits sans acheter de nouvel \u00e9quipement.<\/li> <\/ul>   <div class=\"wp-block-image\"> <figure class=\"aligncenter size-full\"><img loading=\"lazy\" decoding=\"async\" width=\"720\" height=\"540\" src=\"https:\/\/bestpeanutmachine.com\/wp-content\/uploads\/2026\/02\/nut-roasting-machine.webp\" alt=\"machine \u00e0 torr\u00e9fier les noix\" class=\"wp-image-1235\" srcset=\"https:\/\/bestpeanutmachine.com\/wp-content\/uploads\/2026\/02\/nut-roasting-machine.webp 720w, https:\/\/bestpeanutmachine.com\/wp-content\/uploads\/2026\/02\/nut-roasting-machine-300x225.webp 300w, https:\/\/bestpeanutmachine.com\/wp-content\/uploads\/2026\/02\/nut-roasting-machine-16x12.webp 16w\" sizes=\"auto, (max-width: 720px) 100vw, 720px\" \/><figcaption class=\"wp-element-caption\">machine \u00e0 torr\u00e9fier les noix<\/figcaption><\/figure> <\/div>   <h2 class=\"wp-block-heading\"><strong>Principe de fonctionnement de la machine \u00e0 torr\u00e9fier les arachides<\/strong><\/h2>    <p>La machine de torr\u00e9faction de cacahu\u00e8tes Taizy utilise un syst\u00e8me de chauffage \u00e0 tambour rotatif, qui chauffe uniform\u00e9ment le tambour de torr\u00e9faction via un br\u00fbleur \u00e0 gaz ou un \u00e9l\u00e9ment chauffant \u00e9lectrique. \u00c0 mesure que le tambour tourne en continu, les ch\u00e2taignes ou les arachides sont tourn\u00e9es et torr\u00e9fi\u00e9es uniform\u00e9ment.<\/p>    <p>A built-in temperature controller of this machine allows for the adjustment of the roasting temperature according to different products. After roasting, the drum&#8217;s special structure allows for automatic unloading, facilitating easy discharge.<\/p>    <h2 class=\"wp-block-heading\"><strong>Sp\u00e9cifications du petit torr\u00e9facteur de noix<\/strong><\/h2>    <p>Nos machines de torr\u00e9faction de ch\u00e2taignes commerciales sont disponibles en plusieurs mod\u00e8les pour r\u00e9pondre \u00e0 diff\u00e9rents besoins de production, principalement divis\u00e9s en trois types : 50, 100 et 200.<\/p>    <h3 class=\"wp-block-heading\"><strong>Machine de torr\u00e9faction d'amandes mod\u00e8le 50<\/strong><\/h3>    <figure class=\"wp-block-table\"><table class=\"has-fixed-layout\"><tbody><tr><td>Capacit\u00e9<\/td><td>Environ 15 kg de ch\u00e2taignes par lot<\/td><\/tr><tr><td>Temps de chauffage<\/td><td>Chauffage au gaz : 20-25 minutes<br>Chauffage \u00e9lectrique : 30-40 minutes<\/td><\/tr><tr><td>Domaines d'application<\/td><td>Convient aux petites boutiques de snacks et aux comptoirs de vente au d\u00e9tail.<\/td><\/tr><\/tbody><\/table><figcaption class=\"wp-element-caption\">Param\u00e8tres du petit torr\u00e9facteur de noix mod\u00e8le 50<\/figcaption><\/figure>    <h3 class=\"wp-block-heading\"><strong>Machine de torr\u00e9faction de ch\u00e2taignes mod\u00e8le 100<\/strong><\/h3>    <figure class=\"wp-block-table\"><table class=\"has-fixed-layout\"><tbody><tr><td>Capacit\u00e9<\/td><td>Environ 40 kg de ch\u00e2taignes par lot<\/td><\/tr><tr><td>Temps de chauffage<\/td><td>Chauffage au gaz : environ 20 minutes<br>Chauffage \u00e9lectrique : environ 30-40 minutes<\/td><\/tr><tr><td>Domaines d'application<\/td><td>Convient aux boulangeries de taille moyenne.<\/td><\/tr><\/tbody><\/table><figcaption class=\"wp-element-caption\">Sp\u00e9cification du torr\u00e9facteur de noix mod\u00e8le 100<\/figcaption><\/figure>    <h3 class=\"wp-block-heading\"> <strong>Machine de tambour mod\u00e8le 200<\/strong><\/h3>    <figure class=\"wp-block-table\"><table class=\"has-fixed-layout\"><tbody><tr><td>Capacit\u00e9<\/td><td>Environ 75 kg de ch\u00e2taignes par lot<\/td><\/tr><tr><td>Temps de chauffage<\/td><td>Chauffage au gaz : environ 20-25 minutes<br>Chauffage \u00e9lectrique : environ 35-40 minutes<\/td><\/tr><tr><td>Domaines d'application<\/td><td>Con\u00e7u pour les boutiques de snacks \u00e0 forte demande <br>ou applications semi-industrielles.<\/td><\/tr><\/tbody><\/table><figcaption class=\"wp-element-caption\">Param\u00e8tres techniques de la machine \u00e0 torr\u00e9fier les noix mod\u00e8le 200<\/figcaption><\/figure>    <p>Les suggestions suivantes s'appliquent pour choisir entre les deux m\u00e9thodes de chauffage :<\/p>    <ol class=\"wp-block-list\"> <li><strong>Chauffage au gaz<\/strong> est plus rapide et plus \u00e9conome en \u00e9nergie, adapt\u00e9 \u00e0 la torr\u00e9faction en grande volume.<\/li>    <li><strong>Chauffage \u00e9lectrique<\/strong> permet un contr\u00f4le pr\u00e9cis de la temp\u00e9rature, ce qui en fait un choix id\u00e9al pour les environnements commerciaux int\u00e9rieurs.<\/li> <\/ol>   <div class=\"wp-block-image\"> <figure class=\"aligncenter size-full\"><img loading=\"lazy\" decoding=\"async\" width=\"720\" height=\"540\" src=\"https:\/\/bestpeanutmachine.com\/wp-content\/uploads\/2026\/02\/commercial-chestnut-roaster-machine.webp\" alt=\"machine de torr\u00e9faction de ch\u00e2taignes commerciale\" class=\"wp-image-1236\" srcset=\"https:\/\/bestpeanutmachine.com\/wp-content\/uploads\/2026\/02\/commercial-chestnut-roaster-machine.webp 720w, https:\/\/bestpeanutmachine.com\/wp-content\/uploads\/2026\/02\/commercial-chestnut-roaster-machine-300x225.webp 300w, https:\/\/bestpeanutmachine.com\/wp-content\/uploads\/2026\/02\/commercial-chestnut-roaster-machine-16x12.webp 16w\" sizes=\"auto, (max-width: 720px) 100vw, 720px\" \/><figcaption class=\"wp-element-caption\">machine de torr\u00e9faction de ch\u00e2taignes commerciale<\/figcaption><\/figure> <\/div>   <p>If you still don&#8217;t know which one is better for your business, you can ask us. We will introduce the most suitable one depending on your real needs.<\/p>    <h2 class=\"wp-block-heading\"><strong>Pourquoi investir dans une machine \u00e0 torr\u00e9fier les ch\u00e2taignes ?<\/strong><\/h2>    <ol class=\"wp-block-list\"> <li>Cette machine est plus rapide que la torr\u00e9faction traditionnelle au charbon.<\/li>    <li>Assure une qualit\u00e9 constante \u00e0 chaque lot.<\/li>    <li>Chaque lot peut \u00eatre torr\u00e9fi\u00e9 en quantit\u00e9s de 15 \u00e0 75 kg, r\u00e9pondant aux besoins commerciaux.<\/li> <\/ol>    <p>This commercial chestnut roasting machine is more than just a baking device, and it&#8217;s an ideal solution for snack entrepreneurs to improve production efficiency and profitability.<\/p>   <div class=\"wp-block-image\"> <figure class=\"aligncenter size-full\"><img loading=\"lazy\" decoding=\"async\" width=\"720\" height=\"540\" src=\"https:\/\/bestpeanutmachine.com\/wp-content\/uploads\/2026\/02\/cashew-nut-roaster-machine.webp\" alt=\"machine de torr\u00e9faction de noix de cajou\" class=\"wp-image-1237\" srcset=\"https:\/\/bestpeanutmachine.com\/wp-content\/uploads\/2026\/02\/cashew-nut-roaster-machine.webp 720w, https:\/\/bestpeanutmachine.com\/wp-content\/uploads\/2026\/02\/cashew-nut-roaster-machine-300x225.webp 300w, https:\/\/bestpeanutmachine.com\/wp-content\/uploads\/2026\/02\/cashew-nut-roaster-machine-16x12.webp 16w\" sizes=\"auto, (max-width: 720px) 100vw, 720px\" \/><figcaption class=\"wp-element-caption\">machine de torr\u00e9faction de noix de cajou<\/figcaption><\/figure> <\/div>   <h2 class=\"wp-block-heading\"><strong>Cas r\u00e9ussi : expansion d'une boutique de snacks en Malaisie<\/strong><\/h2>    <p>Le propri\u00e9taire d'une boutique de snacks en Malaisie utilisait auparavant une machine semi-automatique pour torr\u00e9fier les ch\u00e2taignes et les arachides. Mais la production \u00e9tait lente, et \u00e0 mesure que le volume des commandes augmentait, il a d\u00e9cid\u00e9 de moderniser son \u00e9quipement.<\/p>    <p>Apr\u00e8s avoir investi dans un torr\u00e9facteur de ch\u00e2taignes \u00e0 gaz mod\u00e8le 100 de Taizy, il a r\u00e9duit le temps de torr\u00e9faction \u00e0 20 minutes et assur\u00e9 une couleur et une saveur constantes du produit.<\/p>    <p>L'automatisation am\u00e9lior\u00e9e a r\u00e9duit les co\u00fbts de main-d'\u0153uvre, et le propri\u00e9taire a pu \u00e9largir sa gamme de produits pour inclure des arachides grill\u00e9es, des noix aromatis\u00e9es et des ch\u00e2taignes de saison, et a commenc\u00e9 \u00e0 approvisionner les supermarch\u00e9s locaux.<\/p>    <p>Finalement, son entreprise est pass\u00e9e d'un petit stand de rue \u00e0 une usine de torr\u00e9faction et de transformation en gros et d\u00e9tail, r\u00e9alisant une mise \u00e0 niveau industrielle r\u00e9ussie.<\/p>    <figure class=\"wp-block-gallery has-nested-images columns-default is-cropped wp-block-gallery-2 is-layout-flex wp-block-gallery-is-layout-flex\"> <figure class=\"wp-block-image size-large\"><img loading=\"lazy\" decoding=\"async\" width=\"720\" height=\"540\" data-id=\"1233\" src=\"https:\/\/bestpeanutmachine.com\/wp-content\/uploads\/2026\/02\/sugar-roasted-chestnuts.webp\" alt=\"ch\u00e2taignes grill\u00e9es au sucre\" class=\"wp-image-1233\" srcset=\"https:\/\/bestpeanutmachine.com\/wp-content\/uploads\/2026\/02\/sugar-roasted-chestnuts.webp 720w, https:\/\/bestpeanutmachine.com\/wp-content\/uploads\/2026\/02\/sugar-roasted-chestnuts-300x225.webp 300w, https:\/\/bestpeanutmachine.com\/wp-content\/uploads\/2026\/02\/sugar-roasted-chestnuts-16x12.webp 16w\" sizes=\"auto, (max-width: 720px) 100vw, 720px\" \/><figcaption class=\"wp-element-caption\">ch\u00e2taignes grill\u00e9es au sucre<\/figcaption><\/figure>    <figure class=\"wp-block-image size-large\"><img loading=\"lazy\" decoding=\"async\" width=\"720\" height=\"540\" data-id=\"1234\" src=\"https:\/\/bestpeanutmachine.com\/wp-content\/uploads\/2026\/02\/upgraded-roasted-nuts-snack-shop.webp\" alt=\"boutique de snacks de noix torr\u00e9fi\u00e9es am\u00e9lior\u00e9e\" class=\"wp-image-1234\" srcset=\"https:\/\/bestpeanutmachine.com\/wp-content\/uploads\/2026\/02\/upgraded-roasted-nuts-snack-shop.webp 720w, https:\/\/bestpeanutmachine.com\/wp-content\/uploads\/2026\/02\/upgraded-roasted-nuts-snack-shop-300x225.webp 300w, https:\/\/bestpeanutmachine.com\/wp-content\/uploads\/2026\/02\/upgraded-roasted-nuts-snack-shop-16x12.webp 16w\" sizes=\"auto, (max-width: 720px) 100vw, 720px\" \/><figcaption class=\"wp-element-caption\">boutique de snacks de noix torr\u00e9fi\u00e9es am\u00e9lior\u00e9e<\/figcaption><\/figure> <\/figure>    <p>Les machines Taizy sont d\u00e9di\u00e9es \u00e0 aider les gens \u00e0 atteindre une automatisation maximale et \u00e0 fournir un support technique \u00e0 long terme pour le d\u00e9veloppement de l'entreprise. Veuillez nous contacter pour plus d'informations d\u00e9taill\u00e9es si vous avez des besoins.<\/p>    <p>Plus d'\u00e9quipements de traitement des noix : <\/p>    <ul class=\"wp-block-list\"> <li><a href=\"https:\/\/bestpeanutmachine.com\/fr\/product\/peanut-coating-machine\/\">Machine de rev\u00eatement d'arachide<\/a><\/li>    <li><a href=\"https:\/\/bestpeanutmachine.com\/fr\/product\/peanut-roasting-machine\/\">Machine \u00e0 r\u00f4tir les arachides<\/a><\/li> <\/ul>","protected":false},"excerpt":{"rendered":"<p>This chestnut roaster is a commercial rotary drum roasting system designed for snack shops and food businesses. It can be equipped with gas or electric heating to quickly and evenly roast chestnuts, peanuts, and various nuts. With a single roasting capacity of 15-75 kg, it is constructed from durable cast iron or food-grade stainless steel and is suitable for long-term commercial use.<\/p>","protected":false},"author":1,"featured_media":1238,"parent":0,"template":"","tags":[77,80,86],"product-type":[76,6],"class_list":["post-1229","product","type-product","status-publish","has-post-thumbnail","hentry","tag-almond","tag-cocoa","tag-pistachio","product-type-other-nuts-machine","product-type-product"],"_links":{"self":[{"href":"https:\/\/bestpeanutmachine.com\/fr\/wp-json\/wp\/v2\/product\/1229","targetHints":{"allow":["GET"]}}],"collection":[{"href":"https:\/\/bestpeanutmachine.com\/fr\/wp-json\/wp\/v2\/product"}],"about":[{"href":"https:\/\/bestpeanutmachine.com\/fr\/wp-json\/wp\/v2\/types\/product"}],"author":[{"embeddable":true,"href":"https:\/\/bestpeanutmachine.com\/fr\/wp-json\/wp\/v2\/users\/1"}],"wp:featuredmedia":[{"embeddable":true,"href":"https:\/\/bestpeanutmachine.com\/fr\/wp-json\/wp\/v2\/media\/1238"}],"wp:attachment":[{"href":"https:\/\/bestpeanutmachine.com\/fr\/wp-json\/wp\/v2\/media?parent=1229"}],"wp:term":[{"taxonomy":"post_tag","embeddable":true,"href":"https:\/\/bestpeanutmachine.com\/fr\/wp-json\/wp\/v2\/tags?post=1229"},{"taxonomy":"product-type","embeddable":true,"href":"https:\/\/bestpeanutmachine.com\/fr\/wp-json\/wp\/v2\/product-type?post=1229"}],"curies":[{"name":"wp","href":"https:\/\/api.w.org\/{rel}","templated":true}]}}