{"id":1274,"date":"2026-03-04T14:48:22","date_gmt":"2026-03-04T06:48:22","guid":{"rendered":"https:\/\/bestpeanutmachine.com\/?post_type=product&#038;p=1274"},"modified":"2026-03-04T17:27:12","modified_gmt":"2026-03-04T09:27:12","slug":"combined-peanut-shelling-unit","status":"publish","type":"product","link":"https:\/\/bestpeanutmachine.com\/fr\/product\/combined-peanut-shelling-unit\/","title":{"rendered":"Unit\u00e9 de d\u00e9corticage des arachides avec syst\u00e8me de nettoyage et de triage"},"content":{"rendered":"<p class=\"translation-block\">L'unit\u00e9 <strong>d\u00e9corticage d'arachides<\/strong> int\u00e8gre les syst\u00e8mes de nettoyage et d'\u00e9cossage en une seule unit\u00e9, formant une solution de traitement compl\u00e8te qui inclut le nettoyage, l'\u00e9cossage et la s\u00e9paration des arachides. Elle affiche un taux de nettoyage \u226599 %, un taux d'\u00e9cossage \u226599 %, un taux de perte \u22640,5 %, et un taux de casse \u22645 %.<\/p>    <p>Il \u00e9limine d'abord les impuret\u00e9s lourdes et l\u00e9g\u00e8res des arachides, puis effectue un \u00e9cossage multi-\u00e9tapes. La teneur en humidit\u00e9 des arachides doit \u00eatre inf\u00e9rieure \u00e0 10 % pour assurer un taux d'\u00e9cossage \u00e9lev\u00e9 et un faible taux de casse. Il est particuli\u00e8rement utilis\u00e9 dans les r\u00e9gions productrices d'arachides (zones montagneuses, vallonn\u00e9es et de sols sablonneux).<\/p>    <figure class=\"wp-block-embed aligncenter is-type-video is-provider-youtube wp-block-embed-youtube wp-embed-aspect-16-9 wp-has-aspect-ratio\"><div class=\"wp-block-embed__wrapper\"> <iframe loading=\"lazy\" title=\"Ligne de traitement industriel d&#039;arachides de 8000 kg\/h unit\u00e9 d&#039;\u00e9cossage d&#039;arachides combin\u00e9e. Contact :  8617703863868\" width=\"500\" height=\"281\" src=\"https:\/\/www.youtube.com\/embed\/CP013EhPJHc?feature=oembed\" frameborder=\"0\" allow=\"accelerometer; autoplay; clipboard-write; encrypted-media; gyroscope; picture-in-picture; web-share\" referrerpolicy=\"strict-origin-when-cross-origin\" allowfullscreen><\/iframe> <\/div><figcaption class=\"wp-element-caption\">vid\u00e9o de travail de l'unit\u00e9 d'\u00e9cossage d'arachides<\/figcaption><\/figure>    <h2 class=\"wp-block-heading\"><strong>Avantages significatifs de l'unit\u00e9 d'\u00e9cossage d'arachides<\/strong><\/h2>    <ol class=\"wp-block-list\"> <li>Notre unit\u00e9 d'\u00e9cossage d'arachides se compose de deux parties : un syst\u00e8me d'\u00e9limination des impuret\u00e9s et un syst\u00e8me d'\u00e9cossage d'arachides. Cette structure garantit la propret\u00e9 des mati\u00e8res premi\u00e8res avant l'\u00e9cossage, am\u00e9liorant la qualit\u00e9 finale.<\/li>    <li>Cette machine d'\u00e9cossage d'arachides poss\u00e8de un design \u00e0 trois rouleaux qui \u00e9cosse la couche d'arachides couche par couche. L'\u00e9cart r\u00e9glable entre les rouleaux et la grille concave garantit un taux d'\u00e9cossage \u226599 % et un taux de casse \u22645 %.<\/li>    <li>Le syst\u00e8me d'\u00e9cossage est \u00e9quip\u00e9 d'\u00e9crans de tri multicouches pour s\u00e9parer les noyaux d'arachide et les coquilles, am\u00e9liorant l'efficacit\u00e9 globale.<\/li>    <li>Sa section de nettoyage et d'\u00e9limination des impuret\u00e9s est \u00e9quip\u00e9e d'un \u00e9cran vibrant et d'un grand ventilateur, utilisant un syst\u00e8me d'air puissant pour \u00e9liminer les coquilles d'arachides et les impuret\u00e9s mineures.<\/li>    <li>La section d'\u00e9cossage est \u00e9quip\u00e9e d'un syst\u00e8me d'\u00e9cossage automatique, qui peut trier et r\u00e9-\u00e9cosser automatiquement les arachides mal \u00e9coss\u00e9es, am\u00e9liorant consid\u00e9rablement le taux d'\u00e9cossage.<\/li> <\/ol>    <figure class=\"wp-block-gallery has-nested-images columns-default is-cropped wp-block-gallery-2 is-layout-flex wp-block-gallery-is-layout-flex\"> <figure class=\"wp-block-image size-large\"><img loading=\"lazy\" decoding=\"async\" width=\"720\" height=\"540\" data-id=\"1287\" src=\"https:\/\/bestpeanutmachine.com\/wp-content\/uploads\/2026\/03\/grading-screens.webp\" alt=\"\u00c9crans de tri\" class=\"wp-image-1287\" srcset=\"https:\/\/bestpeanutmachine.com\/wp-content\/uploads\/2026\/03\/grading-screens.webp 720w, https:\/\/bestpeanutmachine.com\/wp-content\/uploads\/2026\/03\/grading-screens-300x225.webp 300w, https:\/\/bestpeanutmachine.com\/wp-content\/uploads\/2026\/03\/grading-screens-16x12.webp 16w\" sizes=\"auto, (max-width: 720px) 100vw, 720px\" \/><figcaption class=\"wp-element-caption\">\u00c9crans de tri<\/figcaption><\/figure>    <figure class=\"wp-block-image size-large\"><img loading=\"lazy\" decoding=\"async\" width=\"720\" height=\"540\" data-id=\"1288\" src=\"https:\/\/bestpeanutmachine.com\/wp-content\/uploads\/2026\/03\/peanut-shell-removing-machine.webp\" alt=\"Machine de retrait de la coque de cacahu\u00e8tes\" class=\"wp-image-1288\" srcset=\"https:\/\/bestpeanutmachine.com\/wp-content\/uploads\/2026\/03\/peanut-shell-removing-machine.webp 720w, https:\/\/bestpeanutmachine.com\/wp-content\/uploads\/2026\/03\/peanut-shell-removing-machine-300x225.webp 300w, https:\/\/bestpeanutmachine.com\/wp-content\/uploads\/2026\/03\/peanut-shell-removing-machine-16x12.webp 16w\" sizes=\"auto, (max-width: 720px) 100vw, 720px\" \/><figcaption class=\"wp-element-caption\">Machine de retrait de la coque de cacahu\u00e8tes<\/figcaption><\/figure> <\/figure>    <h2 class=\"wp-block-heading\"><strong>Mod\u00e8les de la machine d'\u00e9cossage d'arachides et param\u00e8tres techniques<\/strong><\/h2>    <figure class=\"wp-block-table\"><table class=\"has-fixed-layout\"><thead><tr><th>Mod\u00e8le<\/th><th>6BHX-35000<\/th><th>6BHX-28000<\/th><th>6BHX-20000<\/th><th>6BHX-3500<\/th><th>6BHX-1500<\/th><\/tr><\/thead><tbody><tr><td>Capacit\u00e9 <\/td><td>\u22658000kg\/h<\/td><td>\u22656000kg\/h<\/td><td>\u22655000kg\/h<\/td><td>\u22652000kg\/h<\/td><td>\u22651000kg\/h<\/td><\/tr><tr><td>Taux de nettoyage<\/td><td>\u226599 %<\/td><td>\u226599 %<\/td><td>\u226599 (%)<\/td><td>\u226599 %<\/td><td>\u226599 %<\/td><\/tr><tr><td>Taux d\u2019\u00e9pluchage<\/td><td>\u226599 %<\/td><td>\u226599 %<\/td><td>\u226599 %<\/td><td>\u226599 %<\/td><td>\u226599 %<\/td><\/tr><tr><td>Taux de perte<\/td><td>\u22640,5 %<\/td><td>\u22640,5 %<\/td><td>\u22640,5 %<\/td><td>\u22640,5 %<\/td><td>\u22640,5 %<\/td><\/tr><tr><td>Taux de casse<\/td><td>\u22645 %<\/td><td>\u22645 %<\/td><td>\u22645 %<\/td><td>\u22645 %<\/td><td>\u22645 %<\/td><\/tr><tr><td>Humidit\u00e9 <\/td><td>10%<\/td><td>10%<\/td><td>10%<\/td><td>10%<\/td><td>10%<\/td><\/tr><\/tbody><\/table><figcaption class=\"wp-element-caption\">param\u00e8tres de l'unit\u00e9 d'\u00e9cossage d'arachides<\/figcaption><\/figure>    <figure class=\"wp-block-gallery has-nested-images columns-default is-cropped wp-block-gallery-3 is-layout-flex wp-block-gallery-is-layout-flex\"> <figure class=\"wp-block-image size-large\"><img loading=\"lazy\" decoding=\"async\" width=\"720\" height=\"540\" data-id=\"1281\" src=\"https:\/\/bestpeanutmachine.com\/wp-content\/uploads\/2026\/03\/6BHX-1500-peanut-shelling-machine.webp\" alt=\"Machine d&#039;\u00e9cossage d&#039;arachides 6BHX-1500\" class=\"wp-image-1281\" srcset=\"https:\/\/bestpeanutmachine.com\/wp-content\/uploads\/2026\/03\/6BHX-1500-peanut-shelling-machine.webp 720w, https:\/\/bestpeanutmachine.com\/wp-content\/uploads\/2026\/03\/6BHX-1500-peanut-shelling-machine-300x225.webp 300w, https:\/\/bestpeanutmachine.com\/wp-content\/uploads\/2026\/03\/6BHX-1500-peanut-shelling-machine-16x12.webp 16w\" sizes=\"auto, (max-width: 720px) 100vw, 720px\" \/><figcaption class=\"wp-element-caption\">Machine d'\u00e9cossage d'arachides 6BHX-1500<\/figcaption><\/figure>    <figure class=\"wp-block-image size-large\"><img loading=\"lazy\" decoding=\"async\" width=\"720\" height=\"540\" data-id=\"1282\" src=\"https:\/\/bestpeanutmachine.com\/wp-content\/uploads\/2026\/03\/6BHX-3500-peanut-shelling-processing-line.webp\" alt=\"Ligne d&#039;\u00e9cossage d&#039;arachides 6BHX-3500\" class=\"wp-image-1282\" srcset=\"https:\/\/bestpeanutmachine.com\/wp-content\/uploads\/2026\/03\/6BHX-3500-peanut-shelling-processing-line.webp 720w, https:\/\/bestpeanutmachine.com\/wp-content\/uploads\/2026\/03\/6BHX-3500-peanut-shelling-processing-line-300x225.webp 300w, https:\/\/bestpeanutmachine.com\/wp-content\/uploads\/2026\/03\/6BHX-3500-peanut-shelling-processing-line-16x12.webp 16w\" sizes=\"auto, (max-width: 720px) 100vw, 720px\" \/><figcaption class=\"wp-element-caption\">Ligne d'\u00e9cossage d'arachides 6BHX-3500<\/figcaption><\/figure> <\/figure>    <p>Suitable for different production scales from 1 ton\/hour to 8 tons\/hour. If you don&#8217;t know which one is more suitable for your requirements, contact us for professional advice.<\/p>    <figure class=\"wp-block-gallery has-nested-images columns-default is-cropped wp-block-gallery-4 is-layout-flex wp-block-gallery-is-layout-flex\"> <figure class=\"wp-block-image size-large\"><img loading=\"lazy\" decoding=\"async\" width=\"720\" height=\"540\" data-id=\"1284\" src=\"https:\/\/bestpeanutmachine.com\/wp-content\/uploads\/2026\/03\/6BHX-20000-groundnut-shelling-plant.webp\" alt=\"Ligne d&#039;\u00e9cossage d&#039;arachides 6BHX-20000\" class=\"wp-image-1284\" srcset=\"https:\/\/bestpeanutmachine.com\/wp-content\/uploads\/2026\/03\/6BHX-20000-groundnut-shelling-plant.webp 720w, https:\/\/bestpeanutmachine.com\/wp-content\/uploads\/2026\/03\/6BHX-20000-groundnut-shelling-plant-300x225.webp 300w, https:\/\/bestpeanutmachine.com\/wp-content\/uploads\/2026\/03\/6BHX-20000-groundnut-shelling-plant-16x12.webp 16w\" sizes=\"auto, (max-width: 720px) 100vw, 720px\" \/><figcaption class=\"wp-element-caption\">Ligne d'\u00e9cossage d'arachides 6BHX-20000<\/figcaption><\/figure>    <figure class=\"wp-block-image size-large\"><img loading=\"lazy\" decoding=\"async\" width=\"720\" height=\"540\" data-id=\"1285\" src=\"https:\/\/bestpeanutmachine.com\/wp-content\/uploads\/2026\/03\/6BHX-28000-peanut-shelling-unit.webp\" alt=\"Unit\u00e9 d&#039;\u00e9cossage d&#039;arachides 6BHX-28000\" class=\"wp-image-1285\" srcset=\"https:\/\/bestpeanutmachine.com\/wp-content\/uploads\/2026\/03\/6BHX-28000-peanut-shelling-unit.webp 720w, https:\/\/bestpeanutmachine.com\/wp-content\/uploads\/2026\/03\/6BHX-28000-peanut-shelling-unit-300x225.webp 300w, https:\/\/bestpeanutmachine.com\/wp-content\/uploads\/2026\/03\/6BHX-28000-peanut-shelling-unit-16x12.webp 16w\" sizes=\"auto, (max-width: 720px) 100vw, 720px\" \/><figcaption class=\"wp-element-caption\">Unit\u00e9 d'\u00e9cossage d'arachides 6BHX-28000<\/figcaption><\/figure>    <figure class=\"wp-block-image size-large\"><img loading=\"lazy\" decoding=\"async\" width=\"720\" height=\"540\" data-id=\"1283\" src=\"https:\/\/bestpeanutmachine.com\/wp-content\/uploads\/2026\/03\/6BHX-35000-peanut-shell-removing-machine.webp\" alt=\"Unit\u00e9 d&#039;\u00e9cossage d&#039;arachides 6BHX-35000\" class=\"wp-image-1283\" srcset=\"https:\/\/bestpeanutmachine.com\/wp-content\/uploads\/2026\/03\/6BHX-35000-peanut-shell-removing-machine.webp 720w, https:\/\/bestpeanutmachine.com\/wp-content\/uploads\/2026\/03\/6BHX-35000-peanut-shell-removing-machine-300x225.webp 300w, https:\/\/bestpeanutmachine.com\/wp-content\/uploads\/2026\/03\/6BHX-35000-peanut-shell-removing-machine-16x12.webp 16w\" sizes=\"auto, (max-width: 720px) 100vw, 720px\" \/><figcaption class=\"wp-element-caption\">Unit\u00e9 d'\u00e9cossage d'arachides 6BHX-35000<\/figcaption><\/figure> <\/figure>    <h2 class=\"wp-block-heading\"><strong>Structure et fonction de la machine \u00e0 \u00e9cossage d'arachides<\/strong><\/h2>    <h3 class=\"wp-block-heading\"><strong>Structure du syst\u00e8me de nettoyage<\/strong><\/h3>    <p class=\"translation-block\"><strong>Composants<\/strong> :<\/p>    <ul class=\"wp-block-list\"> <li>Moteur<\/li>    <li>Tr\u00e9mie d'alimentation<\/li>    <li>\u00c9cran de tri<\/li>    <li>Vilebrequin<\/li>    <li>Ventilateur \u00e0 vide<\/li>    <li>Dispositif de transport par air<\/li> <\/ul>    <p class=\"translation-block\"><strong>Fonctions<\/strong> :<\/p>    <ol class=\"wp-block-list\"> <li>\u00c9limination des impuret\u00e9s lourdes (pierres, mottes de terre)<\/li>    <li>\u00c9limination des impuret\u00e9s l\u00e9g\u00e8res (poussi\u00e8re, feuilles, paille)<\/li>    <li>Protection des rouleaux d'\u00e9cossage<\/li>    <li>Am\u00e9lioration de la qualit\u00e9 des arachides<\/li> <\/ol>    <h3 class=\"wp-block-heading\"><strong>Structure du syst\u00e8me d'\u00e9cossage<\/strong><\/h3>    <p class=\"translation-block\"><strong>Composants<\/strong> :<\/p>    <ul class=\"wp-block-list\"> <li>Moteur<\/li>    <li>Tr\u00e9mie d'alimentation<\/li>    <li>Rouleaux d'\u00e9cossage (I, II, III)<\/li>    <li>Grille concave<\/li>    <li>\u00c9cran de tri et de classement<\/li>    <li>Vilebrequin<\/li>    <li>Ventilateur \u00e0 vide<\/li>    <li>Un dispositif de transport<\/li>    <li>Dispositif de transport B<\/li> <\/ul>    <p class=\"translation-block\"><strong>Fonctions<\/strong> :<\/p>    <ol class=\"wp-block-list\"> <li>Utilisation du frottement entre les rouleaux \u00e0 motifs et la grille concave pour \u00e9cosser les arachides<\/li>    <li>S\u00e9parer le noyau de la coquille<\/li>    <li>Effectuer automatiquement un \u00e9cossage secondaire sur les arachides non trait\u00e9es<\/li>    <li>Minimiser la casse<\/li> <\/ol>   <div class=\"wp-block-image\"> <figure class=\"aligncenter size-full\"><img loading=\"lazy\" decoding=\"async\" width=\"720\" height=\"540\" src=\"https:\/\/bestpeanutmachine.com\/wp-content\/uploads\/2026\/03\/structure-of-peanut-shelling-processing-line.webp\" alt=\"structure de la ligne de traitement de l&#039;\u00e9cossage des arachides\" class=\"wp-image-1280\" srcset=\"https:\/\/bestpeanutmachine.com\/wp-content\/uploads\/2026\/03\/structure-of-peanut-shelling-processing-line.webp 720w, https:\/\/bestpeanutmachine.com\/wp-content\/uploads\/2026\/03\/structure-of-peanut-shelling-processing-line-300x225.webp 300w, https:\/\/bestpeanutmachine.com\/wp-content\/uploads\/2026\/03\/structure-of-peanut-shelling-processing-line-16x12.webp 16w\" sizes=\"auto, (max-width: 720px) 100vw, 720px\" \/><figcaption class=\"wp-element-caption\">structure de la ligne de traitement d'\u00e9cossage d'arachides<\/figcaption><\/figure> <\/div>   <ol class=\"wp-block-list\"> <li><strong>Trou d'alimentation<\/strong>: Mettez l'arachide l\u00e0.<\/li>    <li><strong>Machine \u00e0 d\u00e9noyauter<\/strong>: \u00c9liminez les pierres et autres impuret\u00e9s dans les arachides.<\/li>    <li><strong>Convoyeur<\/strong>: Transf\u00e9rez les arachides vers la machine d'\u00e9cossage.<\/li>    <li><strong>Trou de d\u00e9charge<\/strong>: Sortie de semences d'arachide.<\/li>    <li><strong>\u00c9cossage<\/strong>: Enlevez la coque de l'arachide.<\/li> <\/ol>    <h2 class=\"wp-block-heading\"><strong>Principe de fonctionnement de l'unit\u00e9 d'\u00e9cossage d'arachides<\/strong><\/h2>    <h3 class=\"wp-block-heading\"><strong>\u00c9tape 1 : \u00c9limination des impuret\u00e9s<\/strong><\/h3>    <p>Les arachides crues entrent dans la tr\u00e9mie d'alimentation puis dans l'\u00e9cran de tri. Sous l'action de la vibration du vilebrequin et du flux d'air du ventilateur d'aspiration, les impuret\u00e9s plus lourdes (pierres, mottes de terre) sont \u00e9vacu\u00e9es par la sortie d'impuret\u00e9s, tandis que les impuret\u00e9s plus l\u00e9g\u00e8res (poussi\u00e8re, feuilles) sont aspir\u00e9es par le ventilateur.<\/p>    <p>Enfin, les arachides propres entrent dans le syst\u00e8me de transport par air et sont achemin\u00e9es vers le syst\u00e8me d'\u00e9cossage.<\/p>    <h3 class=\"wp-block-heading\"><strong>\u00c9tape 2 : \u00c9cossage en trois \u00e9tapes<\/strong><\/h3>    <p>Les arachides entrent dans le rouleau d'\u00e9cossage I \u2192 \u00c9cossage primaire<\/p>    <p>Les arachides non \u00e9coss\u00e9es entrent dans le rouleau II \u2192 \u00c9cossage secondaire<\/p>    <p>Les arachides restantes entrent dans le rouleau III \u2192 \u00c9cossage tertiaire<\/p>    <p>Principe d'\u00e9cossage de la machine : L'\u00e9cossage est r\u00e9alis\u00e9 par le frottement r\u00e9p\u00e9t\u00e9 entre les rouleaux et la grille concave.<\/p>    <h3 class=\"wp-block-heading\"><strong>\u00c9tape 3 : Classement et s\u00e9paration<\/strong><\/h3>    <p>Apr\u00e8s que le m\u00e9lange entre dans l'\u00e9cran de tri, les coquilles ext\u00e9rieures sont \u00e9vacu\u00e9es par le ventilateur, tandis que les noyaux sont \u00e9vacu\u00e9s par la sortie. Les arachides non \u00e9coss\u00e9es sont s\u00e9par\u00e9es et retourn\u00e9es automatiquement pour un \u00e9cossage secondaire. Ce cycle peut atteindre un taux d'\u00e9limination des coquilles jusqu'\u00e0 99 %.<\/p>    <h2 class=\"wp-block-heading\"><strong>Applications de cette machine<\/strong><\/h2>    <p>Cette ligne de traitement d'\u00e9cossage d'arachides est fr\u00e9quemment utilis\u00e9e dans les zones de culture d'arachides, notamment dans les r\u00e9gions montagneuses, vallonn\u00e9es et de sols sablonneux, pour \u00e9cosser les arachides, \u00e9liminer les impuret\u00e9s et assurer un \u00e9cossage efficace.<\/p>    <p>De plus, elle est particuli\u00e8rement adapt\u00e9e aux zones productrices d'arachides, aux usines de traitement de semences, aux usines commerciales, aux coop\u00e9ratives agricoles et aux entreprises exportatrices qui n\u00e9cessitent des noyaux d'arachides propres, uniformes et de haute qualit\u00e9.<\/p>    <figure class=\"wp-block-gallery has-nested-images columns-default is-cropped wp-block-gallery-5 is-layout-flex wp-block-gallery-is-layout-flex\"> <figure class=\"wp-block-image size-large\"><img loading=\"lazy\" decoding=\"async\" width=\"720\" height=\"540\" data-id=\"1290\" src=\"https:\/\/bestpeanutmachine.com\/wp-content\/uploads\/2026\/03\/peanut-farm.webp\" alt=\"ferme de cacahu\u00e8tes\" class=\"wp-image-1290\" srcset=\"https:\/\/bestpeanutmachine.com\/wp-content\/uploads\/2026\/03\/peanut-farm.webp 720w, https:\/\/bestpeanutmachine.com\/wp-content\/uploads\/2026\/03\/peanut-farm-300x225.webp 300w, https:\/\/bestpeanutmachine.com\/wp-content\/uploads\/2026\/03\/peanut-farm-16x12.webp 16w\" sizes=\"auto, (max-width: 720px) 100vw, 720px\" \/><figcaption class=\"wp-element-caption\">ferme de cacahu\u00e8tes<\/figcaption><\/figure>    <figure class=\"wp-block-image size-large\"><img loading=\"lazy\" decoding=\"async\" width=\"720\" height=\"540\" data-id=\"1289\" src=\"https:\/\/bestpeanutmachine.com\/wp-content\/uploads\/2026\/03\/industrial-peanut-factory.webp\" alt=\"usine d&#039;arachides industrielle\" class=\"wp-image-1289\" srcset=\"https:\/\/bestpeanutmachine.com\/wp-content\/uploads\/2026\/03\/industrial-peanut-factory.webp 720w, https:\/\/bestpeanutmachine.com\/wp-content\/uploads\/2026\/03\/industrial-peanut-factory-300x225.webp 300w, https:\/\/bestpeanutmachine.com\/wp-content\/uploads\/2026\/03\/industrial-peanut-factory-16x12.webp 16w\" sizes=\"auto, (max-width: 720px) 100vw, 720px\" \/><figcaption class=\"wp-element-caption\">usine d'arachides industrielle<\/figcaption><\/figure> <\/figure>    <p>Si vous recherchez une solution fiable, \u00e9volutive et \u00e0 long terme pour le traitement des arachides, alors une unit\u00e9 d'\u00e9cossage d'arachides est un investissement id\u00e9al pour am\u00e9liorer l'efficacit\u00e9, r\u00e9duire les pertes et renforcer la comp\u00e9titivit\u00e9 sur le march\u00e9. Contactez-nous pour la liste des prix !<\/p>    <p>Plus d'\u00e9quipements de traitement adapt\u00e9s aux fermes d'arachides :<\/p>    <ul class=\"wp-block-list\"> <li><a href=\"https:\/\/bestpeanutmachine.com\/fr\/product\/peanut-picker-machine\/\">Machine \u00e0 cueillir des cacahu\u00e8tes<\/a><\/li>    <li><a href=\"https:\/\/bestpeanutmachine.com\/fr\/product\/peanut-harvesting-machine\/\">Machine de r\u00e9colte d'arachide<\/a><\/li>    <li><a href=\"https:\/\/bestpeanutmachine.com\/fr\/product\/peanut-planter-machine\/\">Machine \u00e0 planter les arachides pour une culture efficace des arachides<\/a><\/li> <\/ul>","protected":false},"excerpt":{"rendered":"<p>This peanut shelling machine integrates impurity removal and three-stage shelling technology, achieving a shelling and cleaning rate of \u226599% and a breakage rate of \u22640.5%. It is suitable for large-scale factories and peanut-growing areas for the initial processing of peanuts.<\/p>","protected":false},"author":1,"featured_media":1286,"parent":0,"template":"","tags":[11],"product-type":[69,6],"class_list":["post-1274","product","type-product","status-publish","has-post-thumbnail","hentry","tag-peanut","product-type-peanut-machine","product-type-product"],"_links":{"self":[{"href":"https:\/\/bestpeanutmachine.com\/fr\/wp-json\/wp\/v2\/product\/1274","targetHints":{"allow":["GET"]}}],"collection":[{"href":"https:\/\/bestpeanutmachine.com\/fr\/wp-json\/wp\/v2\/product"}],"about":[{"href":"https:\/\/bestpeanutmachine.com\/fr\/wp-json\/wp\/v2\/types\/product"}],"author":[{"embeddable":true,"href":"https:\/\/bestpeanutmachine.com\/fr\/wp-json\/wp\/v2\/users\/1"}],"wp:featuredmedia":[{"embeddable":true,"href":"https:\/\/bestpeanutmachine.com\/fr\/wp-json\/wp\/v2\/media\/1286"}],"wp:attachment":[{"href":"https:\/\/bestpeanutmachine.com\/fr\/wp-json\/wp\/v2\/media?parent=1274"}],"wp:term":[{"taxonomy":"post_tag","embeddable":true,"href":"https:\/\/bestpeanutmachine.com\/fr\/wp-json\/wp\/v2\/tags?post=1274"},{"taxonomy":"product-type","embeddable":true,"href":"https:\/\/bestpeanutmachine.com\/fr\/wp-json\/wp\/v2\/product-type?post=1274"}],"curies":[{"name":"wp","href":"https:\/\/api.w.org\/{rel}","templated":true}]}}