{"id":1298,"date":"2026-03-11T15:20:57","date_gmt":"2026-03-11T07:20:57","guid":{"rendered":"https:\/\/bestpeanutmachine.com\/?post_type=product&#038;p=1298"},"modified":"2026-03-12T08:52:36","modified_gmt":"2026-03-12T00:52:36","slug":"hazelnut-opening-line","status":"publish","type":"product","link":"https:\/\/bestpeanutmachine.com\/fr\/product\/hazelnut-opening-line\/","title":{"rendered":"Ligne d'ouverture de noisettes pour un traitement efficace des noisettes"},"content":{"rendered":"<p class=\"translation-block\">La <strong>ligne d'ouverture de noisettes<\/strong> est utilis\u00e9e pour faire une petite ouverture \u00e0 la surface d'une noisette enti\u00e8re sans endommager le noyau. Les noisettes d\u00e9cortiqu\u00e9es sont plus faciles \u00e0 r\u00f4tir, assaisonner et emballer, ce qui rend cette m\u00e9thode de traitement largement utilis\u00e9e dans l'industrie alimentaire.<\/p>    <p>La capacit\u00e9 des lignes de d\u00e9corticage de noisettes peut \u00eatre ajust\u00e9e selon diff\u00e9rentes configurations, allant de 250 kg\/heure \u00e0 600 kg\/heure, pour r\u00e9pondre aux besoins des petites et moyennes usines de traitement de noisettes.<\/p>    <figure class=\"wp-block-embed aligncenter is-type-video is-provider-youtube wp-block-embed-youtube wp-embed-aspect-16-9 wp-has-aspect-ratio\"><div class=\"wp-block-embed__wrapper\"> <iframe loading=\"lazy\" title=\"Processus de fonctionnement de la ligne d&#039;ouverture de noisettes | Machine d&#039;ouverture de noisettes 250\u2013600kg\/h Contact :  8617703863868\" width=\"500\" height=\"281\" src=\"https:\/\/www.youtube.com\/embed\/Is0RZlw_i6k?feature=oembed\" frameborder=\"0\" allow=\"accelerometer; autoplay; clipboard-write; encrypted-media; gyroscope; picture-in-picture; web-share\" referrerpolicy=\"strict-origin-when-cross-origin\" allowfullscreen><\/iframe> <\/div><figcaption class=\"wp-element-caption\">vid\u00e9o de fonctionnement de la ligne d'ouverture de noisettes<\/figcaption><\/figure>    <h2 class=\"wp-block-heading\"><strong>Avantages de l'utilisation d'une ligne de d\u00e9corticage de noisettes<\/strong><\/h2>    <ol class=\"wp-block-list\"> <li>Cette ligne de traitement de noisettes combine chauffage \u00e0 vapeur et extrusion m\u00e9canique, garantissant un taux de d\u00e9corticage plus \u00e9lev\u00e9 tout en prot\u00e9geant les noyaux de noisettes.<\/li>    <li>La ligne enti\u00e8re utilise un syst\u00e8me de convoyeur int\u00e9gr\u00e9, permettant une alimentation et un d\u00e9chargement continus, r\u00e9duisant efficacement les co\u00fbts de main-d'\u0153uvre.<\/li>    <li>Il s'agit d'une ligne de production enti\u00e8rement automatis\u00e9e pouvant \u00eatre facilement connect\u00e9e \u00e0 des s\u00e9choirs \u00e0 noisettes, des machines de torr\u00e9faction, etc., pour former une ligne de traitement compl\u00e8te.<\/li>    <li>Toute la ligne d'ouverture de noisettes est en acier inoxydable 201, et le disque d'extrusion ainsi que les plaques lat\u00e9rales sont en acier inoxydable 2Cr13. La personnalisation est \u00e9galement disponible pour r\u00e9pondre \u00e0 d'autres exigences.<\/li> <\/ol>   <div class=\"wp-block-image\"> <figure class=\"aligncenter size-full\"><img loading=\"lazy\" decoding=\"async\" width=\"720\" height=\"540\" src=\"https:\/\/bestpeanutmachine.com\/wp-content\/uploads\/2026\/03\/automatic-hazelnut-opening-line.webp\" alt=\"ligne d&#039;ouverture automatique de noisettes\" class=\"wp-image-1310\" srcset=\"https:\/\/bestpeanutmachine.com\/wp-content\/uploads\/2026\/03\/automatic-hazelnut-opening-line.webp 720w, https:\/\/bestpeanutmachine.com\/wp-content\/uploads\/2026\/03\/automatic-hazelnut-opening-line-300x225.webp 300w, https:\/\/bestpeanutmachine.com\/wp-content\/uploads\/2026\/03\/automatic-hazelnut-opening-line-16x12.webp 16w\" sizes=\"auto, (max-width: 720px) 100vw, 720px\" \/><figcaption class=\"wp-element-caption\">ligne d'ouverture automatique de noisettes<\/figcaption><\/figure> <\/div>   <h2 class=\"wp-block-heading\"><strong>\u00c9quipement de base de la ligne d'ouverture de noisettes<\/strong><\/h2>    <p>Une ligne de d\u00e9corticage de noisettes standard se compose principalement de trois \u00e9quipements principaux.<\/p>    <h3 class=\"wp-block-heading\"><strong>Ascenseur d'alimentation<\/strong><\/h3>    <p>It is responsible for conveying soaked hazelnuts into the machine&#8217;s hopper, ensuring a stable flow of hazelnuts into the sheller while controlling the feeding speed to prevent machine blockage caused by uneven feeding.<\/p>   <div class=\"wp-block-image\"> <figure class=\"aligncenter size-full\"><img loading=\"lazy\" decoding=\"async\" width=\"720\" height=\"540\" src=\"https:\/\/bestpeanutmachine.com\/wp-content\/uploads\/2026\/03\/feed-elevator.webp\" alt=\"Ascenseur d&#039;alimentation\" class=\"wp-image-1309\" srcset=\"https:\/\/bestpeanutmachine.com\/wp-content\/uploads\/2026\/03\/feed-elevator.webp 720w, https:\/\/bestpeanutmachine.com\/wp-content\/uploads\/2026\/03\/feed-elevator-300x225.webp 300w, https:\/\/bestpeanutmachine.com\/wp-content\/uploads\/2026\/03\/feed-elevator-16x12.webp 16w\" sizes=\"auto, (max-width: 720px) 100vw, 720px\" \/><figcaption class=\"wp-element-caption\">Ascenseur d'alimentation<\/figcaption><\/figure> <\/div>   <h3 class=\"wp-block-heading\"><strong>Machine d'ouverture de noisettes<\/strong><\/h3>    <p>C'est l'\u00e9quipement principal de toute la ligne de production, contenant plusieurs canaux de traitement et utilisant une technologie de d\u00e9corticage assist\u00e9e par vapeur pour ouvrir les noisettes.<\/p>   <div class=\"wp-block-image\"> <figure class=\"aligncenter size-full\"><img loading=\"lazy\" decoding=\"async\" width=\"720\" height=\"540\" src=\"https:\/\/bestpeanutmachine.com\/wp-content\/uploads\/2026\/03\/hazelnut-opening-machine.webp\" alt=\"Machine d&#039;ouverture de noisettes\" class=\"wp-image-1311\" srcset=\"https:\/\/bestpeanutmachine.com\/wp-content\/uploads\/2026\/03\/hazelnut-opening-machine.webp 720w, https:\/\/bestpeanutmachine.com\/wp-content\/uploads\/2026\/03\/hazelnut-opening-machine-300x225.webp 300w, https:\/\/bestpeanutmachine.com\/wp-content\/uploads\/2026\/03\/hazelnut-opening-machine-16x12.webp 16w\" sizes=\"auto, (max-width: 720px) 100vw, 720px\" \/><figcaption class=\"wp-element-caption\">Machine d'ouverture de noisettes<\/figcaption><\/figure> <\/div>   <h3 class=\"wp-block-heading\"><strong>Convoyeur de d\u00e9charge<\/strong><\/h3>    <p>Apr\u00e8s d\u00e9corticage, les noisettes tombent automatiquement sur la bande transporteuse de d\u00e9charge. La bande transporteuse transporte les noisettes trait\u00e9es \u00e0 l'\u00e9tape suivante.<\/p>   <div class=\"wp-block-image\"> <figure class=\"aligncenter size-full\"><img loading=\"lazy\" decoding=\"async\" width=\"720\" height=\"540\" src=\"https:\/\/bestpeanutmachine.com\/wp-content\/uploads\/2026\/03\/discharge-conveyor.webp\" alt=\"Convoyeur de d\u00e9charge\" class=\"wp-image-1312\" srcset=\"https:\/\/bestpeanutmachine.com\/wp-content\/uploads\/2026\/03\/discharge-conveyor.webp 720w, https:\/\/bestpeanutmachine.com\/wp-content\/uploads\/2026\/03\/discharge-conveyor-300x225.webp 300w, https:\/\/bestpeanutmachine.com\/wp-content\/uploads\/2026\/03\/discharge-conveyor-16x12.webp 16w\" sizes=\"auto, (max-width: 720px) 100vw, 720px\" \/><figcaption class=\"wp-element-caption\">Convoyeur de d\u00e9charge<\/figcaption><\/figure> <\/div>   <h2 class=\"wp-block-heading\"><strong>Autres \u00e9quipements optionnels pour les lignes de production de d\u00e9corticage de noisettes<\/strong><\/h2>    <p>Pour am\u00e9liorer l'efficacit\u00e9 du traitement et la qualit\u00e9 du d\u00e9corticage, Taizy propose \u00e9galement des \u00e9quipements suppl\u00e9mentaires pouvant \u00eatre int\u00e9gr\u00e9s \u00e0 la ligne d'ouverture de noisettes :<\/p>    <h3 class=\"wp-block-heading\"><strong>R\u00e9servoir de trempage des noisettes<\/strong><\/h3>    <p>Les coquilles de noisettes ont une structure poreuse, semblable au bois. Le trempage permet \u00e0 l'eau de p\u00e9n\u00e9trer dans la coquille, facilitant son ouverture sans endommager le noyau.<\/p>    <p>Nous proposons des syst\u00e8mes de r\u00e9servoirs de trempage personnalis\u00e9s pour ce processus, qui peuvent \u00eatre int\u00e9gr\u00e9s dans des lignes de production automatis\u00e9es de qualit\u00e9 industrielle pour le traitement de grandes quantit\u00e9s de noisettes.<\/p>    <figure class=\"wp-block-gallery aligncenter has-nested-images columns-default is-cropped wp-block-gallery-2 is-layout-flex wp-block-gallery-is-layout-flex\"> <figure class=\"wp-block-image size-large\"><img loading=\"lazy\" decoding=\"async\" width=\"720\" height=\"540\" data-id=\"1307\" src=\"https:\/\/bestpeanutmachine.com\/wp-content\/uploads\/2026\/03\/hazelnut-soaking-tank.webp\" alt=\"R\u00e9servoir de trempage des noisettes\" class=\"wp-image-1307\" srcset=\"https:\/\/bestpeanutmachine.com\/wp-content\/uploads\/2026\/03\/hazelnut-soaking-tank.webp 720w, https:\/\/bestpeanutmachine.com\/wp-content\/uploads\/2026\/03\/hazelnut-soaking-tank-300x225.webp 300w, https:\/\/bestpeanutmachine.com\/wp-content\/uploads\/2026\/03\/hazelnut-soaking-tank-16x12.webp 16w\" sizes=\"auto, (max-width: 720px) 100vw, 720px\" \/><figcaption class=\"wp-element-caption\">R\u00e9servoir de trempage des noisettes<\/figcaption><\/figure>    <figure class=\"wp-block-image size-large\"><img loading=\"lazy\" decoding=\"async\" width=\"720\" height=\"540\" data-id=\"1308\" src=\"https:\/\/bestpeanutmachine.com\/wp-content\/uploads\/2026\/03\/hazelnut-pretreatment-soaking-line.webp\" alt=\"Ligne de trempage pr\u00e9alable des noisettes\" class=\"wp-image-1308\" srcset=\"https:\/\/bestpeanutmachine.com\/wp-content\/uploads\/2026\/03\/hazelnut-pretreatment-soaking-line.webp 720w, https:\/\/bestpeanutmachine.com\/wp-content\/uploads\/2026\/03\/hazelnut-pretreatment-soaking-line-300x225.webp 300w, https:\/\/bestpeanutmachine.com\/wp-content\/uploads\/2026\/03\/hazelnut-pretreatment-soaking-line-16x12.webp 16w\" sizes=\"auto, (max-width: 720px) 100vw, 720px\" \/><figcaption class=\"wp-element-caption\">Ligne de trempage pr\u00e9alable des noisettes<\/figcaption><\/figure> <\/figure>    <h3 class=\"wp-block-heading\"><strong><a href=\"https:\/\/bestpeanutmachine.com\/fr\/product\/peanut-roasting-machine\/\">Machine de torr\u00e9faction des noix<\/a><\/strong><\/h3>    <p>Apr\u00e8s le d\u00e9corticage, les noisettes doivent \u00eatre r\u00f4ties apr\u00e8s un s\u00e9chage \u00e0 l'air pour maintenir leur texture croquante, \u00e9tape essentielle dans la transformation en snack.<\/p>    <p>Taizy&#8217;s continuous roasting machine can be integrated into the entire hazelnut opening line and is suitable for roasting nuts, drying grains, and other food products.<\/p>    <figure class=\"wp-block-gallery has-nested-images columns-default is-cropped wp-block-gallery-3 is-layout-flex wp-block-gallery-is-layout-flex\"> <figure class=\"wp-block-image size-large\"><img loading=\"lazy\" decoding=\"async\" width=\"720\" height=\"540\" data-id=\"780\" src=\"https:\/\/bestpeanutmachine.com\/wp-content\/uploads\/2026\/01\/roasted-peanut-machine.webp\" alt=\"Machine \u00e0 arachides grill\u00e9es\" class=\"wp-image-780\" srcset=\"https:\/\/bestpeanutmachine.com\/wp-content\/uploads\/2026\/01\/roasted-peanut-machine.webp 720w, https:\/\/bestpeanutmachine.com\/wp-content\/uploads\/2026\/01\/roasted-peanut-machine-300x225.webp 300w, https:\/\/bestpeanutmachine.com\/wp-content\/uploads\/2026\/01\/roasted-peanut-machine-16x12.webp 16w\" sizes=\"auto, (max-width: 720px) 100vw, 720px\" \/><figcaption class=\"wp-element-caption\">Machine \u00e0 arachides grill\u00e9es<\/figcaption><\/figure>    <figure class=\"wp-block-image size-large\"><img loading=\"lazy\" decoding=\"async\" width=\"720\" height=\"540\" data-id=\"779\" src=\"https:\/\/bestpeanutmachine.com\/wp-content\/uploads\/2026\/01\/commercial-nut-roaster-machine.webp\" alt=\"machine torr\u00e9factrice commerciale pour noix\" class=\"wp-image-779\" srcset=\"https:\/\/bestpeanutmachine.com\/wp-content\/uploads\/2026\/01\/commercial-nut-roaster-machine.webp 720w, https:\/\/bestpeanutmachine.com\/wp-content\/uploads\/2026\/01\/commercial-nut-roaster-machine-300x225.webp 300w, https:\/\/bestpeanutmachine.com\/wp-content\/uploads\/2026\/01\/commercial-nut-roaster-machine-16x12.webp 16w\" sizes=\"auto, (max-width: 720px) 100vw, 720px\" \/><figcaption class=\"wp-element-caption\">machine torr\u00e9factrice commerciale pour noix<\/figcaption><\/figure> <\/figure>    <h2 class=\"wp-block-heading\">Principes de fonctionnement de la ligne de traitement des noisettes<\/h2>    <p>Les coquilles de noisettes sont principalement compos\u00e9es de lignocellulose. En raison de cette structure poreuse, les coquilles de noisettes peuvent absorber l'humidit\u00e9 et r\u00e9agir aux changements de temp\u00e9rature.<\/p>    <p>Par cons\u00e9quent, avant d'entrer dans la machine de d\u00e9corticage, les noisettes doivent \u00eatre tremp\u00e9es dans de l'eau chaude \u00e0 environ 50 \u00b0C pendant environ 30 minutes pour des r\u00e9sultats optimaux. Le trempage rend les coquilles de noisettes plus \u00e9lastiques et r\u00e9duit leur fragilit\u00e9, permettant de les ouvrir sans fissures.<\/p>    <p>Pendant le traitement, le g\u00e9n\u00e9rateur de vapeur de la machine de d\u00e9corticage de noisettes transf\u00e8re efficacement la chaleur \u00e0 la surface des coquilles de noisettes, ramollissant la lignine et l'h\u00e9micellulose \u00e0 l'int\u00e9rieur. Ainsi, les coquilles de noisettes sont plus faciles \u00e0 d\u00e9former, pr\u00e9parant leur ouverture ult\u00e9rieure.<\/p>    <p>L'op\u00e9rateur de noisettes applique une pression m\u00e9canique sur les noisettes lorsqu'elles passent \u00e0 travers la plaque d'extrusion. \u00c9tant donn\u00e9 que les coquilles de noisettes ont \u00e9t\u00e9 ramollies par la vapeur, la pression cr\u00e9e des concentrations de stress localis\u00e9es, entra\u00eenant des lignes de fissure contr\u00f4l\u00e9es sur les coquilles et un produit plus esth\u00e9tique.<\/p>    <p>Parall\u00e8lement, l'intensit\u00e9 de la vapeur doit \u00eatre strictement contr\u00f4l\u00e9e lors de l'utilisation de cette ligne de production pour maintenir un \u00e9quilibre entre ramollissement de la coquille et protection du noyau.<\/p>    <ul class=\"wp-block-list\"> <li>Vapeur excessive : la coquille peut devenir trop molle, et la chaleur peut se transf\u00e9rer au noyau, le endommageant potentiellement.<\/li>    <li>Vapeur insuffisante : la coquille reste cassante, les fissures deviennent irr\u00e9guli\u00e8res, et le taux de dommages augmente.<\/li> <\/ul>    <p>Cependant, lors de l'installation de cette ligne d'ouverture de noisettes, nos techniciens fourniront un support technique continu et un manuel d'utilisation complet pour aider les clients \u00e0 utiliser la machine plus efficacement.<\/p>    <h2 class=\"wp-block-heading\"><strong>Param\u00e8tres techniques de la ligne de d\u00e9corticage de noisettes<\/strong><\/h2>    <p>Nous proposons trois solutions de base pour diff\u00e9rentes exigences de capacit\u00e9 de production, avec les param\u00e8tres suivants :<\/p>    <h3 class=\"wp-block-heading\"><strong>Deux ensembles avec 10 canaux<\/strong><\/h3>    <figure class=\"wp-block-table\"><table class=\"has-fixed-layout\"><tbody><tr><td>Capacit\u00e9 de traitement<\/td><td class=\"has-text-align-center\" data-align=\"center\">250\u2013300 kg\/heure<\/td><\/tr><tr><td>Puissance totale<\/td><td class=\"has-text-align-center\" data-align=\"center\">13,1 kW<\/td><\/tr><tr><td>\u00c9vaporation de vapeur<\/td><td class=\"has-text-align-center\" data-align=\"center\">70\u201390 kg\/heure<\/td><\/tr><tr><td>Consommation de gaz naturel<\/td><td class=\"has-text-align-center\" data-align=\"center\">5 m\u00e8tres cubes\/heure<\/td><\/tr><tr><td>Consommation de GPL<\/td><td class=\"has-text-align-center\" data-align=\"center\">3,5 kg\/heure<\/td><\/tr><\/tbody><\/table><figcaption class=\"wp-element-caption\">param\u00e8tres de la ligne d'ouverture de noisettes avec 10 canaux<\/figcaption><\/figure>    <h3 class=\"wp-block-heading\"><strong>Trois ensembles avec 15 canaux<\/strong><\/h3>    <figure class=\"wp-block-table\"><table class=\"has-fixed-layout\"><tbody><tr><td>Capacit\u00e9 de traitement<\/td><td class=\"has-text-align-center\" data-align=\"center\">350\u2013450 kg\/heure<\/td><\/tr><tr><td>Puissance totale<\/td><td class=\"has-text-align-center\" data-align=\"center\">16 kW<\/td><\/tr><tr><td>\u00c9vaporation de vapeur<\/td><td class=\"has-text-align-center\" data-align=\"center\">80\u2013110 kg\/heure<\/td><\/tr><tr><td>Consommation de gaz naturel<\/td><td class=\"has-text-align-center\" data-align=\"center\">7 m\u00e8tres cubes\/heure<\/td><\/tr><tr><td>Consommation de GPL<\/td><td class=\"has-text-align-center\" data-align=\"center\">5 kg\/heure<\/td><\/tr><\/tbody><\/table><figcaption class=\"wp-element-caption\">param\u00e8tres de la ligne de traitement de noisettes avec 15 canaux<\/figcaption><\/figure>    <h3 class=\"wp-block-heading\"><strong>Quatre ensembles avec 20 canaux<\/strong><\/h3>    <figure class=\"wp-block-table\"><table class=\"has-fixed-layout\"><tbody><tr><td>Capacit\u00e9 de traitement<\/td><td class=\"has-text-align-center\" data-align=\"center\">500\u2013600 kg\/heure<\/td><\/tr><tr><td>Puissance totale<\/td><td class=\"has-text-align-center\" data-align=\"center\">18 kW<\/td><\/tr><tr><td>\u00c9vaporation de vapeur<\/td><td class=\"has-text-align-center\" data-align=\"center\">80\u2013110 kg\/heure<\/td><\/tr><tr><td>Consommation de gaz naturel<\/td><td class=\"has-text-align-center\" data-align=\"center\">7 m\u00e8tres cubes\/heure<\/td><\/tr><tr><td>Consommation de GPL<\/td><td class=\"has-text-align-center\" data-align=\"center\">5 kg\/heure<\/td><\/tr><\/tbody><\/table><figcaption class=\"wp-element-caption\">sp\u00e9cification de la machine d'ouverture de noisettes avec 20 canaux<\/figcaption><\/figure>   <div class=\"wp-block-image\"> <figure class=\"aligncenter size-full\"><img loading=\"lazy\" decoding=\"async\" width=\"720\" height=\"540\" src=\"https:\/\/bestpeanutmachine.com\/wp-content\/uploads\/2026\/03\/hazelnut-opening-production-line.webp\" alt=\"ligne de production d&#039;ouverture de noisettes\" class=\"wp-image-1306\" srcset=\"https:\/\/bestpeanutmachine.com\/wp-content\/uploads\/2026\/03\/hazelnut-opening-production-line.webp 720w, https:\/\/bestpeanutmachine.com\/wp-content\/uploads\/2026\/03\/hazelnut-opening-production-line-300x225.webp 300w, https:\/\/bestpeanutmachine.com\/wp-content\/uploads\/2026\/03\/hazelnut-opening-production-line-16x12.webp 16w\" sizes=\"auto, (max-width: 720px) 100vw, 720px\" \/><figcaption class=\"wp-element-caption\">ligne de production d'ouverture de noisettes<\/figcaption><\/figure> <\/div>   <p>De plus, notre cadre principal de cette ligne d'ouverture de noisettes est en acier inoxydable 201, et les pi\u00e8ces usin\u00e9es ainsi que les plaques lat\u00e9rales sont en acier au carbone. Les roulements et les fixations sont des composants standard de l'industrie.<\/p>    <p>Les dimensions de l'\u00e9quipement sont les suivantes :<\/p>    <ul class=\"wp-block-list\"> <li>Longueur : 11 m\u00e8tres<\/li>    <li>Largeur : 1,2 m\u00e8tre<\/li>    <li>Hauteur : 2 m\u00e8tres<\/li> <\/ul>    <p>La capacit\u00e9 de traitement par canal est d'environ 0,5 kg\/min, et la production par unit\u00e9 est d'environ 150 kg\/h (bas\u00e9 sur deux groupes de 10 canaux). Si ces options ne r\u00e9pondent pas \u00e0 vos besoins, vous pouvez nous contacter en fournissant vos informations pr\u00e9cises, et nous concevrons la solution la plus adapt\u00e9e pour vous.<\/p>    <h2 class=\"wp-block-heading\"><strong>Cas de r\u00e9ussite du client de la ligne de production de d\u00e9corticage de noisettes<\/strong><\/h2>    <h3 class=\"wp-block-heading\">Des clients d'Ouzb\u00e9kistan visitent l'usine et commandent une ligne de production d'ouverture de noisettes<\/h3>    <p>Une soci\u00e9t\u00e9 de traitement de noisettes d'Ouzb\u00e9kistan a visit\u00e9 notre usine pour inspecter notre ligne de d\u00e9corticage. Apr\u00e8s avoir test\u00e9 la machine, le client a exprim\u00e9 sa satisfaction quant au taux de d\u00e9corticage et au faible taux de casse du noyau, et a command\u00e9 une ligne de production.<\/p>    <p>After using it for a period of time, they provided us with feedback and photos of their processed hazelnut products, expressing their positive feedback on the product&#8217;s performance.<\/p>    <figure class=\"wp-block-embed aligncenter is-type-video is-provider-youtube wp-block-embed-youtube wp-embed-aspect-16-9 wp-has-aspect-ratio\"><div class=\"wp-block-embed__wrapper\"> <iframe loading=\"lazy\" title=\"Client d&#039;Ouzb\u00e9kistan testant la ligne de production d&#039;ouverture de noisettes Contact :  8617703863868\" width=\"500\" height=\"281\" src=\"https:\/\/www.youtube.com\/embed\/KOBuvit81kM?feature=oembed\" frameborder=\"0\" allow=\"accelerometer; autoplay; clipboard-write; encrypted-media; gyroscope; picture-in-picture; web-share\" referrerpolicy=\"strict-origin-when-cross-origin\" allowfullscreen><\/iframe> <\/div><figcaption class=\"wp-element-caption\">Test de la ligne de production d'ouverture de noisettes par un client ouzbek<\/figcaption><\/figure>    <h3 class=\"wp-block-heading\"><strong>Un client indon\u00e9sien envoie des \u00e9chantillons pour tester la ligne d'ouverture de noisettes personnalis\u00e9e<\/strong><\/h3>    <p>Un client indon\u00e9sien a envoy\u00e9 des \u00e9chantillons de noisettes \u00e0 notre usine pour test. Pendant le test, les noisettes ont \u00e9t\u00e9 tremp\u00e9es puis trait\u00e9es via la ligne de d\u00e9corticage. <\/p>    <p>Toute la ligne a fonctionn\u00e9 de mani\u00e8re stable, produisant des noisettes avec des ouvertures uniformes. Le client a \u00e9t\u00e9 impressionn\u00e9 par la technologie de d\u00e9corticage assist\u00e9e par vapeur et a confirm\u00e9 sa commande apr\u00e8s un essai.<\/p>    <figure class=\"wp-block-gallery has-nested-images columns-default is-cropped wp-block-gallery-4 is-layout-flex wp-block-gallery-is-layout-flex\"> <figure class=\"wp-block-image size-large\"><img loading=\"lazy\" decoding=\"async\" width=\"720\" height=\"540\" data-id=\"1304\" src=\"https:\/\/bestpeanutmachine.com\/wp-content\/uploads\/2026\/03\/indonesian-customers-nut-samples.webp\" alt=\"\u00e9chantillons de noix d&#039;un client indon\u00e9sien\" class=\"wp-image-1304\" srcset=\"https:\/\/bestpeanutmachine.com\/wp-content\/uploads\/2026\/03\/indonesian-customers-nut-samples.webp 720w, https:\/\/bestpeanutmachine.com\/wp-content\/uploads\/2026\/03\/indonesian-customers-nut-samples-300x225.webp 300w, https:\/\/bestpeanutmachine.com\/wp-content\/uploads\/2026\/03\/indonesian-customers-nut-samples-16x12.webp 16w\" sizes=\"auto, (max-width: 720px) 100vw, 720px\" \/><figcaption class=\"wp-element-caption\">\u00e9chantillons de noix d'un client indon\u00e9sien<\/figcaption><\/figure>    <figure class=\"wp-block-image size-large\"><img loading=\"lazy\" decoding=\"async\" width=\"720\" height=\"540\" data-id=\"1305\" src=\"https:\/\/bestpeanutmachine.com\/wp-content\/uploads\/2026\/03\/machine-trial-run-by-indonesian-customer.webp\" alt=\"Essai de machine par un client indon\u00e9sien\" class=\"wp-image-1305\" srcset=\"https:\/\/bestpeanutmachine.com\/wp-content\/uploads\/2026\/03\/machine-trial-run-by-indonesian-customer.webp 720w, https:\/\/bestpeanutmachine.com\/wp-content\/uploads\/2026\/03\/machine-trial-run-by-indonesian-customer-300x225.webp 300w, https:\/\/bestpeanutmachine.com\/wp-content\/uploads\/2026\/03\/machine-trial-run-by-indonesian-customer-16x12.webp 16w\" sizes=\"auto, (max-width: 720px) 100vw, 720px\" \/><figcaption class=\"wp-element-caption\">Essai de machine par un client indon\u00e9sien<\/figcaption><\/figure> <\/figure>    <p>Si vous souhaitez produire des noix mais avez du mal \u00e0 trouver des solutions et machines adapt\u00e9es, veuillez nous contacter pour plus d'informations sur la personnalisation.<\/p>    <p class=\"translation-block\"><strong>Autres lignes de production de noix<\/strong>:<\/p>    <ul class=\"wp-block-list\"> <li><a href=\"https:\/\/bestpeanutmachine.com\/fr\/product\/peanut-butter-production-line\/\">Ligne de production de beurre de noix<\/a><\/li>    <li><a href=\"https:\/\/bestpeanutmachine.com\/fr\/product\/2-3t-h-hazelnut-almond-shelling-line\/\">Ligne automatique de d\u00e9corticage de noix<\/a><\/li> <\/ul>    <p><\/p>","protected":false},"excerpt":{"rendered":"<p>Hazelnut shelling production lines are designed to open hazelnuts completely without damaging the kernels, making them suitable for subsequent processing such as roasting, drying, or flavoring. This efficient solution is ideal for modern hazelnut processing plants. With automated feeding, steam-assisted shelling, and continuous discharge, the system ensures high productivity and low hazelnut kernel damage.<\/p>","protected":false},"author":1,"featured_media":1314,"parent":0,"template":"","tags":[77],"product-type":[60],"class_list":["post-1298","product","type-product","status-publish","has-post-thumbnail","hentry","tag-almond","product-type-production-line"],"_links":{"self":[{"href":"https:\/\/bestpeanutmachine.com\/fr\/wp-json\/wp\/v2\/product\/1298","targetHints":{"allow":["GET"]}}],"collection":[{"href":"https:\/\/bestpeanutmachine.com\/fr\/wp-json\/wp\/v2\/product"}],"about":[{"href":"https:\/\/bestpeanutmachine.com\/fr\/wp-json\/wp\/v2\/types\/product"}],"author":[{"embeddable":true,"href":"https:\/\/bestpeanutmachine.com\/fr\/wp-json\/wp\/v2\/users\/1"}],"wp:featuredmedia":[{"embeddable":true,"href":"https:\/\/bestpeanutmachine.com\/fr\/wp-json\/wp\/v2\/media\/1314"}],"wp:attachment":[{"href":"https:\/\/bestpeanutmachine.com\/fr\/wp-json\/wp\/v2\/media?parent=1298"}],"wp:term":[{"taxonomy":"post_tag","embeddable":true,"href":"https:\/\/bestpeanutmachine.com\/fr\/wp-json\/wp\/v2\/tags?post=1298"},{"taxonomy":"product-type","embeddable":true,"href":"https:\/\/bestpeanutmachine.com\/fr\/wp-json\/wp\/v2\/product-type?post=1298"}],"curies":[{"name":"wp","href":"https:\/\/api.w.org\/{rel}","templated":true}]}}