{"id":1362,"date":"2026-04-02T14:42:31","date_gmt":"2026-04-02T06:42:31","guid":{"rendered":"https:\/\/bestpeanutmachine.com\/?post_type=product&#038;p=1362"},"modified":"2026-04-02T14:50:51","modified_gmt":"2026-04-02T06:50:51","slug":"macadamia-nut-shelling-machine","status":"publish","type":"product","link":"https:\/\/bestpeanutmachine.com\/fr\/product\/macadamia-nut-shelling-machine\/","title":{"rendered":"Machine \u00e0 \u00e9caler les noix de macadamia"},"content":{"rendered":"<p class=\"translation-block\">Ce <strong>machine \u00e0 \u00e9caler les noix de macadamia<\/strong> est sp\u00e9cialement con\u00e7ue pour casser rapidement et efficacement les noix de macadamia. Avec une capacit\u00e9 de sortie \u00e9lev\u00e9e de 300\u2013400 kg\/h et une empreinte compacte (dimensions : 1650\u00d7800\u00d71200 mm), elle convient parfaitement aux petites et moyennes installations de traitement des noix.<\/p>    <p>Son tr\u00e9mie d'alimentation, son corps de tamis et ses \u00e9crans sont tous fabriqu\u00e9s en acier inoxydable 304, et elle est entra\u00een\u00e9e par un moteur de 2,45 kW pour assurer une \u00e9calage stable et constant. En plus des noix de macadamia, cet \u00e9quipement peut \u00e9galement traiter d'autres noix, comme les amandes et les noisettes.<\/p>    <h2 class=\"wp-block-heading\"><strong>Avantages de cette machine \u00e0 \u00e9caler les noix de macadamia<\/strong><\/h2>    <ul class=\"wp-block-list\"> <li><strong>Haute efficacit\u00e9<\/strong>: Capacit\u00e9 d'\u00e9calage jusqu'\u00e0 400 kg par heure.<\/li>    <li><strong>Durabilit\u00e9 robuste<\/strong>: Fabriqu\u00e9 en acier inoxydable 304, garantissant une durabilit\u00e9 durable et la conformit\u00e9 aux normes de s\u00e9curit\u00e9 alimentaire.<\/li>    <li><strong>\u00c9calage pr\u00e9cis<\/strong>: Fonctionnalit\u00e9s avec r\u00e9glages d'\u00e9cart ajustables pour minimiser les dommages aux noyaux.<\/li>    <li><strong>Application polyvalente<\/strong>: Convient pour les noix de macadamia, amandes, noix du Br\u00e9sil, et autres noix \u00e0 coque dure.<\/li>    <li><strong>Conception ax\u00e9e sur la s\u00e9curit\u00e9<\/strong>: \u00c9quip\u00e9 de plusieurs m\u00e9canismes de protection pour assurer un fonctionnement s\u00fbr et fiable.<\/li> <\/ul>    <figure class=\"wp-block-gallery aligncenter has-nested-images columns-default is-cropped wp-block-gallery-2 is-layout-flex wp-block-gallery-is-layout-flex\"> <figure class=\"wp-block-image size-full\"><img loading=\"lazy\" decoding=\"async\" width=\"720\" height=\"540\" data-id=\"1378\" src=\"https:\/\/bestpeanutmachine.com\/wp-content\/uploads\/2026\/04\/electric-motor-of-almond-sheller-machine.webp\" alt=\"moteur \u00e9lectrique de la machine \u00e0 \u00e9caler les amandes\" class=\"wp-image-1378\" srcset=\"https:\/\/bestpeanutmachine.com\/wp-content\/uploads\/2026\/04\/electric-motor-of-almond-sheller-machine.webp 720w, https:\/\/bestpeanutmachine.com\/wp-content\/uploads\/2026\/04\/electric-motor-of-almond-sheller-machine-300x225.webp 300w, https:\/\/bestpeanutmachine.com\/wp-content\/uploads\/2026\/04\/electric-motor-of-almond-sheller-machine-16x12.webp 16w\" sizes=\"auto, (max-width: 720px) 100vw, 720px\" \/><figcaption class=\"wp-element-caption\">moteur \u00e9lectrique de la machine \u00e0 \u00e9caler les amandes<\/figcaption><\/figure>    <figure class=\"wp-block-image size-full\"><img loading=\"lazy\" decoding=\"async\" width=\"720\" height=\"540\" data-id=\"1379\" src=\"https:\/\/bestpeanutmachine.com\/wp-content\/uploads\/2026\/04\/seive-of-nut-cracker-machine.webp\" alt=\"maille de la machine \u00e0 cracker les noix\" class=\"wp-image-1379\" srcset=\"https:\/\/bestpeanutmachine.com\/wp-content\/uploads\/2026\/04\/seive-of-nut-cracker-machine.webp 720w, https:\/\/bestpeanutmachine.com\/wp-content\/uploads\/2026\/04\/seive-of-nut-cracker-machine-300x225.webp 300w, https:\/\/bestpeanutmachine.com\/wp-content\/uploads\/2026\/04\/seive-of-nut-cracker-machine-16x12.webp 16w\" sizes=\"auto, (max-width: 720px) 100vw, 720px\" \/><figcaption class=\"wp-element-caption\">maille de la machine \u00e0 cracker les noix<\/figcaption><\/figure> <\/figure>    <h2 class=\"wp-block-heading\"><strong>Sp\u00e9cifications techniques de la machine \u00e0 \u00e9caler les noix de macadamia<\/strong><\/h2>    <figure class=\"wp-block-table\"><table class=\"has-fixed-layout\"><thead><tr><th>Param\u00e8tre<\/th><th>Sp\u00e9cification<\/th><\/tr><\/thead><tbody><tr><td><strong>Pouvoir<\/strong><\/td><td>2,45 kW<\/td><\/tr><tr><td><strong>Tension \/ Fr\u00e9quence<\/strong><\/td><td>380V, 50Hz, triphas\u00e9<\/td><\/tr><tr><td><strong>Capacit\u00e9<\/strong><\/td><td>300\u2013400 kg\/h<\/td><\/tr><tr><td><strong>Taille de la machine (L\u00d7l\u00d7H)<\/strong><\/td><td>1650 \u00d7 800 \u00d7 1200 mm<\/td><\/tr><tr><td><strong>Poids<\/strong><\/td><td>280 kg<\/td><\/tr><tr><td><strong>Mat\u00e9riau (tr\u00e9mie \/ tamis \/ maille)<\/strong><\/td><td>Acier inoxydable 304<\/td><\/tr><\/tbody><\/table><figcaption class=\"wp-element-caption\">param\u00e8tres de la machine \u00e0 casser les noix de macadamia<\/figcaption><\/figure>   <div class=\"wp-block-image\"> <figure class=\"aligncenter size-full\"><img loading=\"lazy\" decoding=\"async\" width=\"720\" height=\"540\" src=\"https:\/\/bestpeanutmachine.com\/wp-content\/uploads\/2026\/04\/macadamia-nuts-cracking-machine.webp\" alt=\"machine \u00e0 casser les noix de macadamia\" class=\"wp-image-1376\" srcset=\"https:\/\/bestpeanutmachine.com\/wp-content\/uploads\/2026\/04\/macadamia-nuts-cracking-machine.webp 720w, https:\/\/bestpeanutmachine.com\/wp-content\/uploads\/2026\/04\/macadamia-nuts-cracking-machine-300x225.webp 300w, https:\/\/bestpeanutmachine.com\/wp-content\/uploads\/2026\/04\/macadamia-nuts-cracking-machine-16x12.webp 16w\" sizes=\"auto, (max-width: 720px) 100vw, 720px\" \/><figcaption class=\"wp-element-caption\">machine \u00e0 casser les noix de macadamia<\/figcaption><\/figure> <\/div>   <h2 class=\"wp-block-heading\"><strong>Comment fonctionne la machine \u00e0 \u00e9caler les noix de macadamia ?<\/strong><\/h2>    <p>Le principe de fonctionnement d'une machine \u00e0 \u00e9caler les noix de macadamia combine une pression m\u00e9canique avec une technologie de criblage. Les noix \u00e0 traiter sont introduites dans une tr\u00e9mie. <\/p>    <p>Ensuite, un m\u00e9canisme m\u00e9canique entra\u00een\u00e9 par un moteur applique une pression pour casser les coquilles dures sans endommager les noyaux \u00e0 l'int\u00e9rieur. <\/p>    <p>Imm\u00e9diatement apr\u00e8s, un syst\u00e8me de criblage s\u00e9pare les coquilles bris\u00e9es des noyaux intacts, assurant ainsi un taux de perte extr\u00eamement faible et un rendement remarquablement \u00e9lev\u00e9 du produit fini.<\/p>    <p>Les caract\u00e9ristiques cl\u00e9s de ce principe de fonctionnement incluent :<\/p>    <ul class=\"wp-block-list\"> <li><strong>Alimentation par tr\u00e9mie<\/strong> \u2014 Capable de contenir un grand volume de noix de macadamia, permettant un traitement continu et ininterrompu.<\/li>    <li><strong>\u00c9caler m\u00e9caniquement<\/strong> \u2014 Applique une pression pr\u00e9cise via des composants rotatifs pour ouvrir efficacement les coquilles.<\/li>    <li><strong>S\u00e9paration par criblage<\/strong> \u2014 Filtre et \u00e9limine les coquilles bris\u00e9es tout en assurant l'int\u00e9grit\u00e9 des noyaux.<\/li> <\/ul>    <h2 class=\"wp-block-heading\"><strong>Comment choisir une machine \u00e0 \u00e9caler les noix de macadamia ?<\/strong><\/h2>    <p>When selecting a macadamia nut shelling machine, there are numerous factors to consider, as these significantly impact a factory&#8217;s actual production efficiency and profitability:<\/p>    <ol class=\"wp-block-list\"> <li>Choisir un \u00e9quipement avec une capacit\u00e9 de traitement adapt\u00e9e \u00e0 vos besoins quotidiens de production.<\/li>    <li>En g\u00e9n\u00e9ral, il est conseill\u00e9 de choisir un \u00e9quipement en acier inoxydable.<\/li>    <li>Nous recommandons de choisir des mod\u00e8les \u00e9quip\u00e9s d'\u00e9crans ou de rouleaux r\u00e9glables ; cela garantit un \u00e9calage efficace tout en minimisant les dommages aux noyaux.<\/li>    <li>Opter pour des machines avec des syst\u00e8mes de contr\u00f4le conviviaux, des points d'acc\u00e8s intelligents pour la maintenance et l'inspection, et des dispositifs de s\u00e9curit\u00e9 robustes aidera \u00e0 r\u00e9duire efficacement les temps d'arr\u00eat.<\/li> <\/ol>   <div class=\"wp-block-image\"> <figure class=\"aligncenter size-full\"><img loading=\"lazy\" decoding=\"async\" width=\"720\" height=\"540\" src=\"https:\/\/bestpeanutmachine.com\/wp-content\/uploads\/2026\/04\/industrial-macadamia-nut-cracker-machine.webp\" alt=\"Machine industrielle \u00e0 \u00e9caler les noix de macadamia\" class=\"wp-image-1377\" srcset=\"https:\/\/bestpeanutmachine.com\/wp-content\/uploads\/2026\/04\/industrial-macadamia-nut-cracker-machine.webp 720w, https:\/\/bestpeanutmachine.com\/wp-content\/uploads\/2026\/04\/industrial-macadamia-nut-cracker-machine-300x225.webp 300w, https:\/\/bestpeanutmachine.com\/wp-content\/uploads\/2026\/04\/industrial-macadamia-nut-cracker-machine-16x12.webp 16w\" sizes=\"auto, (max-width: 720px) 100vw, 720px\" \/><figcaption class=\"wp-element-caption\">Machine industrielle \u00e0 \u00e9caler les noix de macadamia<\/figcaption><\/figure> <\/div>   <h2 class=\"wp-block-heading\"><strong>Guide d'utilisation de la machine \u00e0 \u00e9caler les noix de macadamia<\/strong><\/h2>    <p>L'utilisation de la machine \u00e0 \u00e9caler les noix de macadamia est remarquablement simple :<\/p>    <ul class=\"wp-block-list\"> <li>Pr\u00e9parer les noix \u2014 Les laver et les s\u00e9cher pour \u00e9viter qu'elles ne bouchent.<\/li>    <li>Ajuster l'\u00e9cart du tamis \u2014 Configurer les param\u00e8tres de la machine industrielle \u00e0 \u00e9caler les noix de macadamia en fonction de la taille et de la duret\u00e9 des noix.<\/li>    <li>Charger la tr\u00e9mie \u2014 \u00c9viter de la surcharger pour assurer une efficacit\u00e9 op\u00e9rationnelle optimale.<\/li>    <li>D\u00e9marrer la machine \u2014 Le moteur appliquera une pression continue et uniforme pour casser les coquilles.<\/li>    <li>Collecter les noyaux et les coquilles \u2014 Utiliser le syst\u00e8me de criblage pour s\u00e9parer les noyaux \u00e9cal\u00e9s des fragments de coquille.<\/li> <\/ul>    <p class=\"translation-block\">En suivant ces \u00e9tapes, vous pouvez maximiser la production tout en minimisant les dommages aux noyaux. De plus, une <a href=\"https:\/\/bestpeanutmachine.com\/fr\/product\/macadamia-opening-machine\/\">machine \u00e0 pr\u00e9-couper les noix<\/a> peut \u00eatre utilis\u00e9e pour traiter les noix en amont. Elle acc\u00e9l\u00e8re non seulement le processus d'\u00e9calage mais r\u00e9duit \u00e9galement efficacement le taux de casse des noyaux.<\/p>   <div class=\"wp-block-image\"> <figure class=\"aligncenter size-full\"><img loading=\"lazy\" decoding=\"async\" width=\"720\" height=\"540\" src=\"https:\/\/bestpeanutmachine.com\/wp-content\/uploads\/2026\/04\/macadamia-nut-shell-cracker-machine.webp\" alt=\"Machine \u00e0 \u00e9caler les noix de macadamia\" class=\"wp-image-1375\" srcset=\"https:\/\/bestpeanutmachine.com\/wp-content\/uploads\/2026\/04\/macadamia-nut-shell-cracker-machine.webp 720w, https:\/\/bestpeanutmachine.com\/wp-content\/uploads\/2026\/04\/macadamia-nut-shell-cracker-machine-300x225.webp 300w, https:\/\/bestpeanutmachine.com\/wp-content\/uploads\/2026\/04\/macadamia-nut-shell-cracker-machine-16x12.webp 16w\" sizes=\"auto, (max-width: 720px) 100vw, 720px\" \/><figcaption class=\"wp-element-caption\">Machine \u00e0 \u00e9caler les noix de macadamia<\/figcaption><\/figure> <\/div>   <h2 class=\"wp-block-heading\"><strong>FAQ de la machine industrielle \u00e0 \u00e9caler les noix de macadamia<\/strong><\/h2>   <div id=\"rank-math-faq\" class=\"rank-math-block\"> <div class=\"rank-math-list\"> <div id=\"faq-question-1775109812208\" class=\"rank-math-list-item\"> <h3 class=\"rank-math-question\">Cette machine \u00e0 \u00e9caler les amandes peut-elle traiter d'autres types de noix ?<\/h3> <div class=\"rank-math-answer\">  <p>Oui. De nombreuses machines \u00e0 \u00e9caler les noix de macadamia peuvent \u00e9galement casser les amandes, noix, noix du Br\u00e9sil, pacanes, et autres noix \u00e0 coque dure \u2014 \u00e0 condition qu'elles disposent de r\u00e9glages d'\u00e9cart ajustables et d'accessoires de tamis compatibles.<\/p>  <\/div> <\/div> <div id=\"faq-question-1775109829052\" class=\"rank-math-list-item\"> <h3 class=\"rank-math-question\">La machine \u00e0 \u00e9caler endommagera-t-elle les noyaux de macadamia ?<\/h3> <div class=\"rank-math-answer\">  <p>Une machine \u00e0 \u00e9caler de qualit\u00e9 est con\u00e7ue pour minimiser la casse des noyaux. Des r\u00e9glages ajustables permettent aux op\u00e9rateurs d'optimiser la taille et la duret\u00e9 des noix. Avec un r\u00e9glage appropri\u00e9, les dommages aux noyaux peuvent \u00eatre tr\u00e8s faibles.<\/p>  <\/div> <\/div> <div id=\"faq-question-1775109879451\" class=\"rank-math-list-item\"> <h3 class=\"rank-math-question\">Quels mat\u00e9riaux sont utilis\u00e9s dans la construction de la machine \u00e0 \u00e9caler les noix de macadamia ?<\/h3> <div class=\"rank-math-answer\">  <p>Les machines \u00e0 \u00e9caler de haute qualit\u00e9 utilisent g\u00e9n\u00e9ralement de l'acier inoxydable 304 pour la tr\u00e9mie, le corps du tamis et la maille. Cela garantit la s\u00e9curit\u00e9 alimentaire, la r\u00e9sistance \u00e0 la corrosion et une longue dur\u00e9e de vie.<\/p>  <\/div> <\/div> <div id=\"faq-question-1775109912022\" class=\"rank-math-list-item\"> <h3 class=\"rank-math-question\">Quels sont les probl\u00e8mes courants, et comment peuvent-ils \u00eatre r\u00e9solus ?<\/h3> <div class=\"rank-math-answer\">  <p>Taux d'\u00e9calage faible \u2192 Ajuster l'\u00e9cart ou ralentir l'alimentation.<br \/>Taux de casse \u00e9lev\u00e9 des noyaux \u2192 R\u00e9duire la pression ou modifier les r\u00e9glages.<br \/>Vibration de la machine \u2192 Assurer une installation stable et v\u00e9rifier la fixation des \u00e9l\u00e9ments.<\/p>  <\/div> <\/div> <div id=\"faq-question-1775109954348\" class=\"rank-math-list-item\"> <h3 class=\"rank-math-question\">Proposez-vous un support d'installation ou des formations ?<\/h3> <div class=\"rank-math-answer\">  <p>Taizy propose des services apr\u00e8s-vente tels que l'assistance \u00e0 distance pour l'installation, le support vid\u00e9o en ligne et la consultation technique.<\/p>  <\/div> <\/div> <div id=\"faq-question-1775110046485\" class=\"rank-math-list-item\"> <h3 class=\"rank-math-question\">Comment nettoyer la machine \u00e0 casser les noix de macadamia apr\u00e8s utilisation ?<\/h3> <div class=\"rank-math-answer\">  <p>Tout d'abord, \u00e9teignez l'alimentation et d\u00e9branchez l'appareil. Ensuite, retirez les noix et coquilles r\u00e9siduelles, et utilisez une brosse \u00e0 poils doux pour nettoyer la grille et la tr\u00e9mie. Enfin, essuyez les surfaces avec un nettoyant alimentaire, et assurez-vous que tous les composants sont compl\u00e8tement secs avant la prochaine utilisation.<\/p>  <\/div> <\/div> <\/div> <\/div>   <h2 class=\"wp-block-heading\"><strong>Fournisseur professionnel de machines de traitement des noix Taizy<\/strong><\/h2>    <p>Pour tout transformateur de noix cherchant \u00e0 am\u00e9liorer l'efficacit\u00e9, r\u00e9duire les co\u00fbts de main-d'\u0153uvre, et maintenir la haute qualit\u00e9 de leurs noyaux, une machine \u00e0 \u00e9caler les noix de macadamia repr\u00e9sente un investissement essentiel.<\/p>    <p>Avec sa construction robuste, sa technologie avanc\u00e9e d'\u00e9calage, et sa large applicabilit\u00e9, cet \u00e9quipement offre une solution fiable pour casser les noix \u00e0 coque dure, tout en garantissant la s\u00e9curit\u00e9 op\u00e9rationnelle et en minimisant la perte de produit.<\/p>    <p class=\"translation-block\">Veuillez nous contacter pour obtenir des d\u00e9tails pr\u00e9cis sur les prix. Si vous \u00eates int\u00e9ress\u00e9 par une ligne compl\u00e8te de traitement des noix de macadamia, cliquez ici pour voir les sp\u00e9cifications techniques les plus pr\u00e9cises : <a href=\"https:\/\/bestpeanutmachine.com\/fr\/product\/2-3t-h-hazelnut-almond-shelling-line\/\">Ligne de traitement approfondi de la macadamia<\/a>.<\/p>","protected":false},"excerpt":{"rendered":"<p>A high-performance macadamia nut shelling machine, specifically designed for the rapid and efficient shelling of hard-shelled nuts. Constructed from stainless steel and featuring adjustable settings, it is ideally suited for medium-scale production requirements.<\/p>","protected":false},"author":1,"featured_media":1374,"parent":0,"template":"","tags":[77],"product-type":[76,6],"class_list":["post-1362","product","type-product","status-publish","has-post-thumbnail","hentry","tag-almond","product-type-other-nuts-machine","product-type-product"],"_links":{"self":[{"href":"https:\/\/bestpeanutmachine.com\/fr\/wp-json\/wp\/v2\/product\/1362","targetHints":{"allow":["GET"]}}],"collection":[{"href":"https:\/\/bestpeanutmachine.com\/fr\/wp-json\/wp\/v2\/product"}],"about":[{"href":"https:\/\/bestpeanutmachine.com\/fr\/wp-json\/wp\/v2\/types\/product"}],"author":[{"embeddable":true,"href":"https:\/\/bestpeanutmachine.com\/fr\/wp-json\/wp\/v2\/users\/1"}],"wp:featuredmedia":[{"embeddable":true,"href":"https:\/\/bestpeanutmachine.com\/fr\/wp-json\/wp\/v2\/media\/1374"}],"wp:attachment":[{"href":"https:\/\/bestpeanutmachine.com\/fr\/wp-json\/wp\/v2\/media?parent=1362"}],"wp:term":[{"taxonomy":"post_tag","embeddable":true,"href":"https:\/\/bestpeanutmachine.com\/fr\/wp-json\/wp\/v2\/tags?post=1362"},{"taxonomy":"product-type","embeddable":true,"href":"https:\/\/bestpeanutmachine.com\/fr\/wp-json\/wp\/v2\/product-type?post=1362"}],"curies":[{"name":"wp","href":"https:\/\/api.w.org\/{rel}","templated":true}]}}