{"id":1397,"date":"2026-04-21T14:24:31","date_gmt":"2026-04-21T06:24:31","guid":{"rendered":"https:\/\/bestpeanutmachine.com\/?post_type=product&#038;p=1397"},"modified":"2026-04-21T17:44:57","modified_gmt":"2026-04-21T09:44:57","slug":"nut-packaging-machine","status":"publish","type":"product","link":"https:\/\/bestpeanutmachine.com\/fr\/product\/nut-packaging-machine\/","title":{"rendered":"Machine d'emballage de noix"},"content":{"rendered":"<p class=\"translation-block\">Une <strong>machine d'emballage de noix<\/strong> automatis\u00e9e con\u00e7ue pour peser, remplir, sceller et couper des sacs d'emballage, adapt\u00e9e \u00e0 divers types de noix, y compris les cacahu\u00e8tes, les amandes et les noisettes.<\/p>    <p>Cette machine rotative d'emballage de granul\u00e9s est particuli\u00e8rement adapt\u00e9e aux produits granulaires avec de bonnes caract\u00e9ristiques de flux, qui int\u00e8gre des syst\u00e8mes de contr\u00f4le m\u00e9caniques et \u00e9lectroniques pour ex\u00e9cuter automatiquement tout le processus, de l'alimentation en mati\u00e8re \u00e0 la sortie des sacs finis.<\/p>    <figure class=\"wp-block-embed aligncenter is-type-video is-provider-youtube wp-block-embed-youtube wp-embed-aspect-16-9 wp-has-aspect-ratio\"><div class=\"wp-block-embed__wrapper\"> <iframe loading=\"lazy\" title=\"Nut Packaging Machine Working Process | Rotary Granule Packing Machine for Peanuts &amp; Almonds\" width=\"500\" height=\"281\" src=\"https:\/\/www.youtube.com\/embed\/0KpAwMMxtrE?feature=oembed\" frameborder=\"0\" allow=\"accelerometer; autoplay; clipboard-write; encrypted-media; gyroscope; picture-in-picture; web-share\" referrerpolicy=\"strict-origin-when-cross-origin\" allowfullscreen><\/iframe> <\/div><figcaption class=\"wp-element-caption\">vid\u00e9o de fonctionnement de la machine d'emballage de cacahu\u00e8tes<\/figcaption><\/figure>    <h2 class=\"wp-block-heading\"><strong>Principaux avantages de la machine d'emballage de noix<\/strong><\/h2>    <ol class=\"wp-block-list\"> <li>La platine tournante rotative r\u00e9partit pr\u00e9cis\u00e9ment la mati\u00e8re en portions individuelles en fonction d'un poids pr\u00e9d\u00e9fini. Les tr\u00e9mies de diff\u00e9rentes tailles peuvent \u00eatre ajust\u00e9es ou \u00e9chang\u00e9es pour r\u00e9pondre \u00e0 diverses exigences d'emballage.<\/li>    <li>Cet \u00e9quipement d'emballage dispose d'une interface \u00e0 \u00e9cran LCD de 5 pouces intuitive et facile \u00e0 utiliser, permettant m\u00eame aux novices de le ma\u00eetriser rapidement. Le syst\u00e8me supporte les interfaces en chinois et en anglais.<\/li>    <li>Notre machine d'emballage de noix est \u00e9quip\u00e9e d'un syst\u00e8me de suivi photo\u00e9lectrique qui mesure pr\u00e9cis\u00e9ment la longueur du sac et garantit une coupe pr\u00e9cise du film, assurant une apparence coh\u00e9rente et esth\u00e9tique pour les emballages finis.<\/li>    <li>Taizy propose une vari\u00e9t\u00e9 d'options de scellement \u2014 y compris les soudures arri\u00e8re, les soudures sur trois c\u00f4t\u00e9s et les soudures sur quatre c\u00f4t\u00e9s. Si plusieurs styles d'emballage sont n\u00e9cessaires, l'unit\u00e9 de formation de sacs doit \u00eatre \u00e9chang\u00e9e en cons\u00e9quence.<\/li>    <li>Elle r\u00e9alise automatiquement tout le processus d'emballage \u2014 formation du sac, remplissage, comptage, scellement et coupe \u2014 assurant une automatisation compl\u00e8te \u00e0 toutes les \u00e9tapes.<\/li>    <li>En tant que client Taizy, vous avez acc\u00e8s \u00e0 une gamme de fonctionnalit\u00e9s optionnelles et de services de personnalisation, y compris le codage de date, le soufflage d'azote, la cr\u00e9ation de rainures faciles \u00e0 d\u00e9chirer et les syst\u00e8mes d'emballage en continu.<\/li> <\/ol>    <figure class=\"wp-block-gallery has-nested-images columns-2 is-cropped wp-block-gallery-2 is-layout-flex wp-block-gallery-is-layout-flex\"> <figure class=\"wp-block-image size-large\"><img loading=\"lazy\" decoding=\"async\" width=\"720\" height=\"540\" data-id=\"1404\" src=\"https:\/\/bestpeanutmachine.com\/wp-content\/uploads\/2026\/04\/turntable.webp\" alt=\"plateau tournant\" class=\"wp-image-1404\" srcset=\"https:\/\/bestpeanutmachine.com\/wp-content\/uploads\/2026\/04\/turntable.webp 720w, https:\/\/bestpeanutmachine.com\/wp-content\/uploads\/2026\/04\/turntable-300x225.webp 300w, https:\/\/bestpeanutmachine.com\/wp-content\/uploads\/2026\/04\/turntable-16x12.webp 16w\" sizes=\"auto, (max-width: 720px) 100vw, 720px\" \/><figcaption class=\"wp-element-caption\">plateau tournant<\/figcaption><\/figure>    <figure class=\"wp-block-image size-large\"><img loading=\"lazy\" decoding=\"async\" width=\"720\" height=\"540\" data-id=\"1402\" src=\"https:\/\/bestpeanutmachine.com\/wp-content\/uploads\/2026\/04\/LCD-touchscreen.webp\" alt=\"\u00c9cran tactile LCD\" class=\"wp-image-1402\" srcset=\"https:\/\/bestpeanutmachine.com\/wp-content\/uploads\/2026\/04\/LCD-touchscreen.webp 720w, https:\/\/bestpeanutmachine.com\/wp-content\/uploads\/2026\/04\/LCD-touchscreen-300x225.webp 300w, https:\/\/bestpeanutmachine.com\/wp-content\/uploads\/2026\/04\/LCD-touchscreen-16x12.webp 16w\" sizes=\"auto, (max-width: 720px) 100vw, 720px\" \/><figcaption class=\"wp-element-caption\">\u00c9cran tactile LCD<\/figcaption><\/figure>    <figure class=\"wp-block-image size-large\"><img loading=\"lazy\" decoding=\"async\" width=\"720\" height=\"540\" data-id=\"1403\" src=\"https:\/\/bestpeanutmachine.com\/wp-content\/uploads\/2026\/04\/former.webp\" alt=\"ancien\" class=\"wp-image-1403\" srcset=\"https:\/\/bestpeanutmachine.com\/wp-content\/uploads\/2026\/04\/former.webp 720w, https:\/\/bestpeanutmachine.com\/wp-content\/uploads\/2026\/04\/former-300x225.webp 300w, https:\/\/bestpeanutmachine.com\/wp-content\/uploads\/2026\/04\/former-16x12.webp 16w\" sizes=\"auto, (max-width: 720px) 100vw, 720px\" \/><figcaption class=\"wp-element-caption\">ancien<\/figcaption><\/figure>    <figure class=\"wp-block-image size-full\"><img loading=\"lazy\" decoding=\"async\" width=\"720\" height=\"540\" data-id=\"1409\" src=\"https:\/\/bestpeanutmachine.com\/wp-content\/uploads\/2026\/04\/peanut-packaging-machine.webp\" alt=\"machine d&#039;emballage de cacahu\u00e8tes\" class=\"wp-image-1409\" srcset=\"https:\/\/bestpeanutmachine.com\/wp-content\/uploads\/2026\/04\/peanut-packaging-machine.webp 720w, https:\/\/bestpeanutmachine.com\/wp-content\/uploads\/2026\/04\/peanut-packaging-machine-300x225.webp 300w, https:\/\/bestpeanutmachine.com\/wp-content\/uploads\/2026\/04\/peanut-packaging-machine-16x12.webp 16w\" sizes=\"auto, (max-width: 720px) 100vw, 720px\" \/><figcaption class=\"wp-element-caption\">machine d'emballage de cacahu\u00e8tes<\/figcaption><\/figure> <\/figure>    <h2 class=\"wp-block-heading\"><strong>Structure principale de la machine d'emballage de noix<\/strong><\/h2>    <ul class=\"wp-block-list\"> <li><strong>Tr\u00e9mie<\/strong>: Stocker le mat\u00e9riau et transporter les noix dans la machine.<\/li>    <li><strong>Plateau tournant<\/strong>: Distribuer pr\u00e9cis\u00e9ment le mat\u00e9riau dans chaque sac d'emballage.<\/li>    <li><strong>Dispositif de formation<\/strong>: Fa\u00e7onner le film en un sac selon la largeur d\u00e9finie.<\/li>    <li><strong>Bobine de film<\/strong>: Soutenir et maintenir le film d'emballage.<\/li>    <li><strong>Levier de contr\u00f4le du film<\/strong>: Mesurer et r\u00e9guler la longueur d'alimentation du film.<\/li>    <li><strong>Syst\u00e8me de vibration<\/strong>: Assurer un transport fluide et pr\u00e9cis du mat\u00e9riau.<\/li>    <li><strong>Tube de chauffage<\/strong>: Fournir de l'\u00e9nergie thermique pour faciliter la scellement.<\/li> <\/ul>    <h2 class=\"wp-block-heading\"><strong>Param\u00e8tres techniques de la machine d'emballage de noix<\/strong><\/h2>    <figure class=\"wp-block-table\"><table class=\"has-fixed-layout\"><thead><tr><th>Mod\u00e8le<\/th><th class=\"has-text-align-center\" data-align=\"center\">TZ-320<\/th><th class=\"has-text-align-center\" data-align=\"center\">TZ-450 <\/th><\/tr><\/thead><tbody><tr><td>Style de sac<\/td><td class=\"has-text-align-center\" data-align=\"center\">Soudure arri\u00e8re \/ Soudure sur trois c\u00f4t\u00e9s<\/td><td class=\"has-text-align-center\" data-align=\"center\">Soudure arri\u00e8re \/ Soudure sur trois c\u00f4t\u00e9s<\/td><\/tr><tr><td>Vitesse d'emballage<\/td><td class=\"has-text-align-center\" data-align=\"center\">20\u201380 sacs\/min<\/td><td class=\"has-text-align-center\" data-align=\"center\">20\u201380 sacs\/min<\/td><\/tr><tr><td>Pouvoir<\/td><td class=\"has-text-align-center\" data-align=\"center\">1,8 kW<\/td><td class=\"has-text-align-center\" data-align=\"center\">2.2 kW<\/td><\/tr><tr><td>Poids<\/td><td class=\"has-text-align-center\" data-align=\"center\">250 kg<\/td><td class=\"has-text-align-center\" data-align=\"center\">420 kg<\/td><\/tr><tr><td>Dimensions<\/td><td class=\"has-text-align-center\" data-align=\"center\">650 \u00d7 1050 \u00d7 1950 mm<\/td><td class=\"has-text-align-center\" data-align=\"center\">750 \u00d7 750 \u00d7 2100 mm<\/td><\/tr><tr><td>Largeur maximale du film<\/td><td class=\"has-text-align-center\" data-align=\"center\">\u2264 30 cm<\/td><td class=\"has-text-align-center\" data-align=\"center\">\u2264 43 cm<\/td><\/tr><tr><td>Gamme d'emballage<\/td><td class=\"has-text-align-center\" data-align=\"center\">\u2264 200 g<\/td><td class=\"has-text-align-center\" data-align=\"center\">\u2264 600 g<\/td><\/tr><tr><td>Mat\u00e9riau de la machine<\/td><td class=\"has-text-align-center\" data-align=\"center\">Acier inoxydable<\/td><td class=\"has-text-align-center\" data-align=\"center\">Acier inoxydable<\/td><\/tr><\/tbody><\/table><figcaption class=\"wp-element-caption\">sp\u00e9cifications de la machine d'emballage de noix<\/figcaption><\/figure>   <div class=\"wp-block-image\"> <figure class=\"aligncenter size-full\"><img decoding=\"async\" src=\"https:\/\/bestpeanutmachine.com\/wp-content\/uploads\/2026\/04\/nuts-filling-packaging-machines-1.webp\" alt=\"machines d&#039;emballage de remplissage de noix\" class=\"wp-image-1407\"\/><figcaption class=\"wp-element-caption\">machines d'emballage de remplissage de noix<\/figcaption><\/figure> <\/div>   <h2 class=\"wp-block-heading\"><strong>Applications de la machine d'emballage de snacks de noix<\/strong><\/h2>    <p>Cette machine d'emballage de noix est largement applicable \u00e0 divers produits alimentaires granulaires et semi-granulaires \u00e0 flux libre, trouvant une utilit\u00e9 particuli\u00e8re dans les industries des noix et des snacks.<\/p>    <p>The nuts packaging machine features a combined design incorporating a &#8220;rotary metering system + vibratory feeding + high-precision photoelectric control.&#8221; Consequently, it delivers exceptional performance when handling nuts and similar food items.<\/p>    <p>Son m\u00e9canisme de manipulation douce minimise les taux de casse pour les noix \u2014 telles que les amandes et les noix de cajou \u2014 garantissant que les produits conservent leur apparence attrayante dans leur emballage de d\u00e9tail.<\/p>    <p>Le processus d'emballage enti\u00e8rement ferm\u00e9 et automatis\u00e9 minimise le contact direct entre les op\u00e9rateurs humains et les produits alimentaires, respectant ainsi pleinement les normes d'hygi\u00e8ne strictes requises pour les environnements de production de qualit\u00e9 alimentaire.<\/p>    <p>En int\u00e9grant harmonieusement pr\u00e9cision, haute vitesse et capacit\u00e9s de protection du produit, cette machine d'emballage de noix r\u00e9sout efficacement les d\u00e9fis complexes inh\u00e9rents \u00e0 l'emballage alimentaire.<\/p>   <div class=\"wp-block-image\"> <figure class=\"aligncenter size-full\"><img loading=\"lazy\" decoding=\"async\" width=\"720\" height=\"540\" src=\"https:\/\/bestpeanutmachine.com\/wp-content\/uploads\/2026\/04\/peanut-snacks.webp\" alt=\"snacks de cacahu\u00e8tes\" class=\"wp-image-1400\" srcset=\"https:\/\/bestpeanutmachine.com\/wp-content\/uploads\/2026\/04\/peanut-snacks.webp 720w, https:\/\/bestpeanutmachine.com\/wp-content\/uploads\/2026\/04\/peanut-snacks-300x225.webp 300w, https:\/\/bestpeanutmachine.com\/wp-content\/uploads\/2026\/04\/peanut-snacks-16x12.webp 16w\" sizes=\"auto, (max-width: 720px) 100vw, 720px\" \/><figcaption class=\"wp-element-caption\">snacks de cacahu\u00e8tes<\/figcaption><\/figure> <\/div>   <h2 class=\"wp-block-heading\"><strong>Comment choisir la bonne machine d'emballage de noix ?<\/strong><\/h2>    <p>Lors de l'achat d'une machine d'emballage de noix, veuillez consid\u00e9rer les facteurs suivants pour vous assurer de choisir l'\u00e9quipement le plus adapt\u00e9 :<\/p>    <ol class=\"wp-block-list\"> <li><strong>Poids d'emballage :<\/strong> Si votre format d'emballage concerne de petits sacs (\u2264200g), le mod\u00e8le 320 est le meilleur choix. Si vous avez besoin de sacs de taille moyenne (\u2264600g), le mod\u00e8le 450 serait plus adapt\u00e9 \u00e0 vos besoins.<\/li>    <li><strong>Dimensions du sac et largeur du film :<\/strong> Ces facteurs sont \u00e9galement cruciaux. Vous pouvez nous fournir vos exigences sp\u00e9cifiques concernant la largeur du film d'emballage, et le personnel professionnel de Taizy vous aidera \u00e0 s\u00e9lectionner le mod\u00e8le de machine correspondant.<\/li>    <li><strong>Fluidit\u00e9 du produit : <\/strong>Veuillez vous assurer que vos noix ou produits enrob\u00e9s poss\u00e8dent une bonne fluidit\u00e9 pour obtenir des r\u00e9sultats d'emballage optimaux. Si vos produits sont collants ou si vous avez des exigences sp\u00e9cifiques suppl\u00e9mentaires, nous pouvons recommander des machines d'emballage granulaires alternatives mieux adapt\u00e9es \u00e0 vos besoins.<\/li>    <li><strong>Fonctionnalit\u00e9s optionnelles :<\/strong> Une fois que vous avez d\u00e9termin\u00e9 le mod\u00e8le de machine appropri\u00e9, veuillez d\u00e9cider si vous avez besoin de fonctions suppl\u00e9mentaires, telles que le soufflage d'azote, l'impression de la date ou une fonction de sac facile \u00e0 d\u00e9chirer.<\/li>    <li><strong>Production :<\/strong> Si vous avez des exigences \u00e9lev\u00e9es en mati\u00e8re de production, nous recommandons d'associer la machine d'emballage \u00e0 un alimentateur \u00e9l\u00e9vateur. Cela acc\u00e9l\u00e8re non seulement la vitesse d'alimentation, mais \u00e9vite \u00e9galement les blocages potentiels caus\u00e9s par un aliment manuel irr\u00e9gulier.<\/li> <\/ol>   <div class=\"wp-block-image\"> <figure class=\"aligncenter size-full\"><img loading=\"lazy\" decoding=\"async\" width=\"720\" height=\"540\" src=\"https:\/\/bestpeanutmachine.com\/wp-content\/uploads\/2026\/04\/nuts-packaging-machine-with-elevator.webp\" alt=\"Machine d&#039;emballage de noix avec \u00e9l\u00e9vateur\" class=\"wp-image-1406\" srcset=\"https:\/\/bestpeanutmachine.com\/wp-content\/uploads\/2026\/04\/nuts-packaging-machine-with-elevator.webp 720w, https:\/\/bestpeanutmachine.com\/wp-content\/uploads\/2026\/04\/nuts-packaging-machine-with-elevator-300x225.webp 300w, https:\/\/bestpeanutmachine.com\/wp-content\/uploads\/2026\/04\/nuts-packaging-machine-with-elevator-16x12.webp 16w\" sizes=\"auto, (max-width: 720px) 100vw, 720px\" \/><figcaption class=\"wp-element-caption\">Machine d'emballage de noix avec \u00e9l\u00e9vateur<\/figcaption><\/figure> <\/div>   <p>Que vous soyez un petit transformateur ou une entreprise alimentaire en croissance, cet \u00e9quipement vous permettra d'effectuer des op\u00e9rations d'emballage automatis\u00e9es, pr\u00e9cises et hygi\u00e9niques \u2014 augmentant ainsi consid\u00e9rablement votre productivit\u00e9 et votre comp\u00e9titivit\u00e9 sur le march\u00e9.<\/p>    <p>Si vous avez des exigences, veuillez contacter Taizy. Nous vous recommanderons la machine d'emballage la plus adapt\u00e9e \u00e0 vos besoins sp\u00e9cifiques.<\/p>    <p>Vous pourriez \u00eatre int\u00e9ress\u00e9 par ceci :<\/p>    <div class=\"wp-block-media-text is-stacked-on-mobile\"><figure class=\"wp-block-media-text__media\"><img loading=\"lazy\" decoding=\"async\" width=\"720\" height=\"540\" src=\"https:\/\/bestpeanutmachine.com\/wp-content\/uploads\/2023\/05\/peanut-coating-machine.jpg\" alt=\"machine d&#039;enrobage d&#039;arachide\" class=\"wp-image-148 size-full\" srcset=\"https:\/\/bestpeanutmachine.com\/wp-content\/uploads\/2023\/05\/peanut-coating-machine.jpg 720w, https:\/\/bestpeanutmachine.com\/wp-content\/uploads\/2023\/05\/peanut-coating-machine-300x225.jpg 300w\" sizes=\"auto, (max-width: 720px) 100vw, 720px\" \/><\/figure><div class=\"wp-block-media-text__content\"> <p><a href=\"https:\/\/bestpeanutmachine.com\/fr\/product\/peanut-coating-machine\/\">Machine de rev\u00eatement d'arachide<\/a><\/p>    <p>Il peut vous aider \u00e0 couvrir les cacahu\u00e8tes de sauce au chocolat ou d'autres condiments pour la fabrication de snacks croustillants.<\/p> <\/div><\/div>    <div class=\"wp-block-media-text has-media-on-the-right is-stacked-on-mobile\"><div class=\"wp-block-media-text__content\"> <p><a href=\"https:\/\/bestpeanutmachine.com\/fr\/product\/peanut-roasting-machine\/\">Machine \u00e0 r\u00f4tir les arachides<\/a><\/p>    <p>As one of the most widely used pieces of nut processing equipment, the peanut roasting machine imparts a rich, earthy flavor to peanut snacks, thereby greatly enhancing the nuts&#8217; natural aroma.<\/p> <\/div><figure class=\"wp-block-media-text__media\"><img loading=\"lazy\" decoding=\"async\" width=\"720\" height=\"540\" src=\"https:\/\/bestpeanutmachine.com\/wp-content\/uploads\/2022\/08\/peanut-roaster-machine-for-sale.jpg\" alt=\"Machine \u00e0 r\u00f4tir les cacahu\u00e8tes \u00e0 vendre\" class=\"wp-image-78 size-full\" srcset=\"https:\/\/bestpeanutmachine.com\/wp-content\/uploads\/2022\/08\/peanut-roaster-machine-for-sale.jpg 720w, https:\/\/bestpeanutmachine.com\/wp-content\/uploads\/2022\/08\/peanut-roaster-machine-for-sale-300x225.jpg 300w\" sizes=\"auto, (max-width: 720px) 100vw, 720px\" \/><\/figure><\/div>","protected":false},"excerpt":{"rendered":"<p>Looking for an efficient nut packaging machine? This rotary granule packing machine offers accurate weighing, fast speed, and reliable sealing\u2014ideal for packaging peanuts, coated nuts, almonds, and hazelnuts.<\/p>","protected":false},"author":1,"featured_media":1408,"parent":0,"template":"","tags":[11],"product-type":[88,6],"class_list":["post-1397","product","type-product","status-publish","has-post-thumbnail","hentry","tag-peanut","product-type-nuts-packaging-machine","product-type-product"],"_links":{"self":[{"href":"https:\/\/bestpeanutmachine.com\/fr\/wp-json\/wp\/v2\/product\/1397","targetHints":{"allow":["GET"]}}],"collection":[{"href":"https:\/\/bestpeanutmachine.com\/fr\/wp-json\/wp\/v2\/product"}],"about":[{"href":"https:\/\/bestpeanutmachine.com\/fr\/wp-json\/wp\/v2\/types\/product"}],"author":[{"embeddable":true,"href":"https:\/\/bestpeanutmachine.com\/fr\/wp-json\/wp\/v2\/users\/1"}],"wp:featuredmedia":[{"embeddable":true,"href":"https:\/\/bestpeanutmachine.com\/fr\/wp-json\/wp\/v2\/media\/1408"}],"wp:attachment":[{"href":"https:\/\/bestpeanutmachine.com\/fr\/wp-json\/wp\/v2\/media?parent=1397"}],"wp:term":[{"taxonomy":"post_tag","embeddable":true,"href":"https:\/\/bestpeanutmachine.com\/fr\/wp-json\/wp\/v2\/tags?post=1397"},{"taxonomy":"product-type","embeddable":true,"href":"https:\/\/bestpeanutmachine.com\/fr\/wp-json\/wp\/v2\/product-type?post=1397"}],"curies":[{"name":"wp","href":"https:\/\/api.w.org\/{rel}","templated":true}]}}