{"id":142,"date":"2023-05-29T16:36:00","date_gmt":"2023-05-29T08:36:00","guid":{"rendered":"https:\/\/bestpeanutmachine.com\/?post_type=product&#038;p=142"},"modified":"2025-08-28T10:25:15","modified_gmt":"2025-08-28T02:25:15","slug":"peanut-coating-machine","status":"publish","type":"product","link":"https:\/\/bestpeanutmachine.com\/fr\/product\/peanut-coating-machine\/","title":{"rendered":"Machine de rev\u00eatement d'arachide"},"content":{"rendered":"<p class=\"translation-block\">La \u200b<strong>Machine d'enrobage d'arachides<\/strong>\u00a0est une solution con\u00e7ue avec pr\u00e9cision pour les fabricants de produits alimentaires cherchant \u00e0 am\u00e9liorer la production de collations avec des enrobages aromatis\u00e9s constants et de haute qualit\u00e9. <\/p>    <p>Con\u00e7u pour automatiser l'int\u00e9gralit\u00e9 du processus de rev\u00eatement, cette machine assure une distribution uniforme des rev\u00eatements - du chocolat et du sucre aux \u00e9pices sal\u00e9es ou aux gla\u00e7ages personnalis\u00e9s - des arachides avec une pr\u00e9cision exceptionnelle. <\/p>    <figure class=\"wp-block-embed is-type-video is-provider-youtube wp-block-embed-youtube wp-embed-aspect-16-9 wp-has-aspect-ratio\"><div class=\"wp-block-embed__wrapper\"> <iframe loading=\"lazy\" title=\"Comment utiliser une machine \u00e0 rev\u00eatement d&#039;arachide pour de d\u00e9licieuses collations #PEANUT #groundNut #FOODMACHINE\" width=\"500\" height=\"281\" src=\"https:\/\/www.youtube.com\/embed\/dNJ5aIpsIho?feature=oembed\" frameborder=\"0\" allow=\"accelerometer; autoplay; clipboard-write; encrypted-media; gyroscope; picture-in-picture; web-share\" referrerpolicy=\"strict-origin-when-cross-origin\" allowfullscreen><\/iframe> <\/div><figcaption class=\"wp-element-caption\">Vid\u00e9o de travail de la machine \u00e0 rev\u00eatement d'arachide<\/figcaption><\/figure>    <p>Son tambour rotatif robuste, \u00e9quip\u00e9 de pagaies r\u00e9glables et de buses de pulv\u00e9risation, d\u00e9gringole doucement les arachides tout en appliquant les rev\u00eatements uniform\u00e9ment, minimisant les d\u00e9chets et maximisant l'adh\u00e9sion \u00e0 la saveur. <\/p>    <p class=\"translation-block\">Avec une \u200b<strong>capacit\u00e9 de 100\u2013120 kg\/h<\/strong>, cette unit\u00e9 polyvalente s'adresse aux petites et moyennes entreprises, rationalisant les flux de travail tout en maintenant des normes d'hygi\u00e8ne strictes gr\u00e2ce \u00e0 sa construction en acier inoxydable de qualit\u00e9 alimentaire. <\/p>    <figure class=\"wp-block-image size-full\"><img loading=\"lazy\" decoding=\"async\" width=\"720\" height=\"540\" src=\"https:\/\/bestpeanutmachine.com\/wp-content\/uploads\/2023\/05\/coated-peanut-machine.jpg\" alt=\"Machine de rev\u00eatement commercial d&#039;arachide\" class=\"wp-image-147\" srcset=\"https:\/\/bestpeanutmachine.com\/wp-content\/uploads\/2023\/05\/coated-peanut-machine.jpg 720w, https:\/\/bestpeanutmachine.com\/wp-content\/uploads\/2023\/05\/coated-peanut-machine-300x225.jpg 300w\" sizes=\"auto, (max-width: 720px) 100vw, 720px\" \/><figcaption class=\"wp-element-caption\">Machine de rev\u00eatement commercial d'arachide<\/figcaption><\/figure>    <h2 class=\"wp-block-heading\">Principe de fonctionnement d'une machine d'enrobage d'arachides <\/h2>    <div class=\"wp-block-media-text is-stacked-on-mobile\"><figure class=\"wp-block-media-text__media\"><img loading=\"lazy\" decoding=\"async\" width=\"720\" height=\"540\" src=\"https:\/\/bestpeanutmachine.com\/wp-content\/uploads\/2023\/05\/commercial-groundnut-coating-machine.webp\" alt=\"machine commerciale d&#039;enrobage d&#039;arachide\" class=\"wp-image-198 size-full\" srcset=\"https:\/\/bestpeanutmachine.com\/wp-content\/uploads\/2023\/05\/commercial-groundnut-coating-machine.webp 720w, https:\/\/bestpeanutmachine.com\/wp-content\/uploads\/2023\/05\/commercial-groundnut-coating-machine-300x225.webp 300w, https:\/\/bestpeanutmachine.com\/wp-content\/uploads\/2023\/05\/commercial-groundnut-coating-machine-16x12.webp 16w\" sizes=\"auto, (max-width: 720px) 100vw, 720px\" \/><\/figure><div class=\"wp-block-media-text__content\"> <ul class=\"wp-block-list\"> <li><strong>Chargement<\/strong>. Les arachides sont introduites dans la machine via un syst\u00e8me de tr\u00e9mie ou de convoyeur, calibr\u00e9 pour g\u00e9rer les capacit\u00e9s jusqu'\u00e0<strong>100\u2013120 kg \/ h<\/strong>, assurer un traitement par lots efficace.<\/li>    <li>\u200b<strong>Rotation du tambour<\/strong>. Les arachides p\u00e9n\u00e8trent dans un tambour ou un gobelet rotatif, o\u00f9 une rotation douce mais coh\u00e9rente emp\u00eache les dommages tout en favorisant un mouvement uniforme. Les vitesses de rotation r\u00e9glables permettent de varier la taille des arachides et les viscosit\u00e9s de rev\u00eatement.<\/li> <\/ul> <\/div><\/div>    <div class=\"wp-block-media-text has-media-on-the-right is-stacked-on-mobile\"><div class=\"wp-block-media-text__content\"> <ul class=\"wp-block-list\"> <li><strong>Application de rev\u00eatement<\/strong>. Des rev\u00eatements liquides ou en poudre (par exemple, chocolat, \u00e9pices, sirop) sont appliqu\u00e9s via des buses de pulv\u00e9risation de pr\u00e9cision ou des distributeurs, atomiser les liquides en brumes fines ou disperser uniform\u00e9ment des m\u00e9langes secs pour une couverture de surface compl\u00e8te pendant le culbutage.<\/li>    <li><strong>M\u00e9lange et adh\u00e9rence<\/strong>. Le mouvement de culbutage garantit que les arachides entrent en collision, en int\u00e9grant les rev\u00eatements de mani\u00e8re transparente. Les pagaies ou les chicanes int\u00e9gr\u00e9es intensifient l'agitation, l'\u00e9radication des touffes et la garantie d'\u00e9paisseur de couche uniforme.<\/li> <\/ul> <\/div><figure class=\"wp-block-media-text__media\"><img loading=\"lazy\" decoding=\"async\" width=\"720\" height=\"540\" src=\"https:\/\/bestpeanutmachine.com\/wp-content\/uploads\/2023\/05\/Peanut-Coating-Machine-for-business.webp\" alt=\"Machine de rev\u00eatement d&#039;arachide pour les entreprises\" class=\"wp-image-199 size-full\" srcset=\"https:\/\/bestpeanutmachine.com\/wp-content\/uploads\/2023\/05\/Peanut-Coating-Machine-for-business.webp 720w, https:\/\/bestpeanutmachine.com\/wp-content\/uploads\/2023\/05\/Peanut-Coating-Machine-for-business-300x225.webp 300w, https:\/\/bestpeanutmachine.com\/wp-content\/uploads\/2023\/05\/Peanut-Coating-Machine-for-business-16x12.webp 16w\" sizes=\"auto, (max-width: 720px) 100vw, 720px\" \/><\/figure><\/div>    <div class=\"wp-block-media-text is-stacked-on-mobile\"><figure class=\"wp-block-media-text__media\"><img loading=\"lazy\" decoding=\"async\" width=\"720\" height=\"540\" src=\"https:\/\/bestpeanutmachine.com\/wp-content\/uploads\/2023\/05\/automatic-groundnut-coating-machine.webp\" alt=\"machine automatique d&#039;enrobage d&#039;arachide\" class=\"wp-image-197 size-full\" srcset=\"https:\/\/bestpeanutmachine.com\/wp-content\/uploads\/2023\/05\/automatic-groundnut-coating-machine.webp 720w, https:\/\/bestpeanutmachine.com\/wp-content\/uploads\/2023\/05\/automatic-groundnut-coating-machine-300x225.webp 300w, https:\/\/bestpeanutmachine.com\/wp-content\/uploads\/2023\/05\/automatic-groundnut-coating-machine-16x12.webp 16w\" sizes=\"auto, (max-width: 720px) 100vw, 720px\" \/><\/figure><div class=\"wp-block-media-text__content\"> <ul class=\"wp-block-list\"> <li><strong>Flux d'air et s\u00e9chage<\/strong>. Un syst\u00e8me de flux d'air int\u00e9gr\u00e9 fournit de l'air cibl\u00e9 pour \u00e9liminer l'exc\u00e8s de rev\u00eatement et acc\u00e9l\u00e9rer le s\u00e9chage, assurant une texture nette et une surface non collante tout en prolongeant la dur\u00e9e de conservation.<\/li>    <li><strong>Commandes personnalis\u00e9es<\/strong>. Les op\u00e9rateurs ajustent la vitesse du tambour, la temp\u00e9rature, l'intensit\u00e9 de pulv\u00e9risation et le flux d'air via un panneau intuitif, permettant des ajustements en temps r\u00e9el \u00e0 l'\u00e9paisseur, \u00e0 la texture et aux cycles de s\u00e9chage pour une ex\u00e9cution pr\u00e9cise des recettes.<\/li> <\/ul> <\/div><\/div>    <div class=\"wp-block-media-text has-media-on-the-right is-stacked-on-mobile\"><div class=\"wp-block-media-text__content\"> <ul class=\"wp-block-list\"> <li><strong>D\u00e9chargement et emballage<\/strong>. Les arachides enduites finies sortent par une goulotte de d\u00e9charge, pr\u00eate pour l'emballage imm\u00e9diat ou le traitement ult\u00e9rieur (par exemple, refroidissement, assaisonnement). Le flux de travail transparent minimise les temps d'arr\u00eat et maximise le d\u00e9bit.<\/li> <\/ul> <\/div><figure class=\"wp-block-media-text__media\"><img loading=\"lazy\" decoding=\"async\" width=\"720\" height=\"540\" src=\"https:\/\/bestpeanutmachine.com\/wp-content\/uploads\/2023\/05\/peanut-coating-machine-price.webp\" alt=\"prix de la machine \u00e0 rev\u00eatement d&#039;arachide\" class=\"wp-image-304 size-full\" srcset=\"https:\/\/bestpeanutmachine.com\/wp-content\/uploads\/2023\/05\/peanut-coating-machine-price.webp 720w, https:\/\/bestpeanutmachine.com\/wp-content\/uploads\/2023\/05\/peanut-coating-machine-price-300x225.webp 300w, https:\/\/bestpeanutmachine.com\/wp-content\/uploads\/2023\/05\/peanut-coating-machine-price-16x12.webp 16w\" sizes=\"auto, (max-width: 720px) 100vw, 720px\" \/><\/figure><\/div>    <p>En combinant la pr\u00e9cision m\u00e9canique, l'automatisation r\u00e9glable et la construction hygi\u00e9nique de qualit\u00e9 alimentaire, la machine garantit des arachides enduites de haute qualit\u00e9 avec un d\u00e9chet minimal, r\u00e9pondant aux exigences de production de collations artisanales et \u00e0 l'\u00e9chelle industrielle.<\/p>    <h2 class=\"wp-block-heading\">Applications d'une machine d'enrobage d'arachide <\/h2>    <p>La machine \u00e0 rev\u00eatement aux arachides est un atout polyvalent dans l'industrie de la transformation des aliments, permettant la cr\u00e9ation d'un large \u00e9ventail de collations rev\u00eatues adapt\u00e9es aux pr\u00e9f\u00e9rences des consommateurs et aux demandes du march\u00e9. Ses applications couvrent plusieurs secteurs:<\/p>    <div class=\"wp-block-media-text is-stacked-on-mobile\"><figure class=\"wp-block-media-text__media\"><img loading=\"lazy\" decoding=\"async\" width=\"720\" height=\"540\" src=\"https:\/\/bestpeanutmachine.com\/wp-content\/uploads\/2023\/05\/applications-of-peanut-coating-machine.jpg\" alt=\"applications de la machine d&#039;enrobage d&#039;arachide\" class=\"wp-image-144 size-full\" srcset=\"https:\/\/bestpeanutmachine.com\/wp-content\/uploads\/2023\/05\/applications-of-peanut-coating-machine.jpg 720w, https:\/\/bestpeanutmachine.com\/wp-content\/uploads\/2023\/05\/applications-of-peanut-coating-machine-300x225.jpg 300w\" sizes=\"auto, (max-width: 720px) 100vw, 720px\" \/><\/figure><div class=\"wp-block-media-text__content\"> <ul class=\"wp-block-list\"> <li><strong>Production de collations aromatis\u00e9es<\/strong> <ul class=\"wp-block-list\"> <li>\u200b<strong>Sweet Variants<\/strong>. Enrober les arachides avec du chocolat, du caramel, du miel ou du sucre pour les friandises confites.<\/li>    <li>\u200b<strong>Options sal\u00e9es et \u00e9pic\u00e9es<\/strong>. Appliquer des assaisonnements comme le sel, le barbecue, le piment ou la poudre de fromage pour cr\u00e9er des collations audacieuses et sal\u00e9es.<\/li>    <li>\u200b<strong>M\u00e9langes innovants<\/strong>. Exp\u00e9rimentez les saveurs de fusion (par exemple, le miel-sriracha, le sel de mer au chocolat) pour r\u00e9pondre aux march\u00e9s de niche.<\/li> <\/ul> <\/li> <\/ul> <\/div><\/div>    <div class=\"wp-block-media-text has-media-on-the-right is-stacked-on-mobile\"><div class=\"wp-block-media-text__content\"> <ul class=\"wp-block-list\"> <li><strong>Ingr\u00e9dients de confiserie et de boulangerie<\/strong> <ul class=\"wp-block-list\"> <li>Alimentez les arachides enduites comme garnitures pour la cr\u00e8me glac\u00e9e, les desserts ou les p\u00e2tisseries (par exemple, biscuits, g\u00e2teaux).<\/li>    <li>Produisez des arachides en forme de chocolat pour des coffrets cadeaux gastronomiques ou des friandises sur le th\u00e8me des vacances.<\/li> <\/ul> <\/li> <\/ul> <\/div><figure class=\"wp-block-media-text__media\"><img loading=\"lazy\" decoding=\"async\" width=\"720\" height=\"540\" src=\"https:\/\/bestpeanutmachine.com\/wp-content\/uploads\/2023\/05\/chocolate-peanuts.webp\" alt=\"cacahu\u00e8tes au chocolat\" class=\"wp-image-200 size-full\" srcset=\"https:\/\/bestpeanutmachine.com\/wp-content\/uploads\/2023\/05\/chocolate-peanuts.webp 720w, https:\/\/bestpeanutmachine.com\/wp-content\/uploads\/2023\/05\/chocolate-peanuts-300x225.webp 300w, https:\/\/bestpeanutmachine.com\/wp-content\/uploads\/2023\/05\/chocolate-peanuts-16x12.webp 16w\" sizes=\"auto, (max-width: 720px) 100vw, 720px\" \/><\/figure><\/div>    <div class=\"wp-block-media-text is-stacked-on-mobile\"><figure class=\"wp-block-media-text__media\"><img loading=\"lazy\" decoding=\"async\" width=\"720\" height=\"540\" src=\"https:\/\/bestpeanutmachine.com\/wp-content\/uploads\/2023\/05\/coated-peanut.webp\" alt=\"cacahu\u00e8te enrob\u00e9e\" class=\"wp-image-201 size-full\" srcset=\"https:\/\/bestpeanutmachine.com\/wp-content\/uploads\/2023\/05\/coated-peanut.webp 720w, https:\/\/bestpeanutmachine.com\/wp-content\/uploads\/2023\/05\/coated-peanut-300x225.webp 300w, https:\/\/bestpeanutmachine.com\/wp-content\/uploads\/2023\/05\/coated-peanut-16x12.webp 16w\" sizes=\"auto, (max-width: 720px) 100vw, 720px\" \/><\/figure><div class=\"wp-block-media-text__content\"> <ul class=\"wp-block-list\"> <li>\u200b<strong>Fabrication \u00e0 l'\u00e9chelle industrielle<\/strong> <ul class=\"wp-block-list\"> <li>Prise en charge de la production \u00e0 haut volume pour les supermarch\u00e9s, les march\u00e9s d'exportation ou les marques de label priv\u00e9 avec une qualit\u00e9 coh\u00e9rente.<\/li>    <li>S'adapter aux recettes personnalis\u00e9es ou aux formulations priv\u00e9es, id\u00e9ales pour les partenariats OEM \/ ODM.<\/li> <\/ul> <\/li>    <li>\u200b<strong>R\u00e9gimes sp\u00e9cialis\u00e9s<\/strong> <ul class=\"wp-block-list\"> <li>Cr\u00e9ez des rev\u00eatements v\u00e9g\u00e9taliens, sans gluten ou \u00e0 faible teneur en sucre pour s'aligner sur les tendances alimentaires.<\/li> <\/ul> <\/li> <\/ul> <\/div><\/div>    <p class=\"translation-block\">\u00c9quip\u00e9e d'une \u200b<strong>construction en acier inoxydable de qualit\u00e9 alimentaire<\/strong>\u00a0et de param\u00e8tres r\u00e9glables, la machine garantit la conformit\u00e9 aux normes d'hygi\u00e8ne tout en s'adaptant \u00e0 diverses textures, viscosit\u00e9s et tailles de lots. <\/p>    <p>Des startups de collations artisanales aux processeurs alimentaires \u00e0 grande \u00e9chelle, il permet aux entreprises d'innover, de faire \u00e9voluer efficacement et de r\u00e9pondre aux go\u00fbts de consommateurs en \u00e9volution avec des produits d'arachide en rev\u00eatement haut de gamme.<\/p>    <h2 class=\"wp-block-heading\">Param\u00e8tres de la machine d'enrobage d'arachide<\/h2>    <figure class=\"wp-block-table\"><table><tbody><tr><td>Mod\u00e8le<\/td><td>TZ-800<\/td><td>TZ-900<\/td><\/tr><tr><td>Diam\u00e8tre de la po\u00eale<\/td><td>Diam\u00e8tre ext\u00e9rieur: 777 mm<br>Diam\u00e8tre int\u00e9rieur: 700 mm<\/td><td>900mm<\/td><\/tr><tr><td>Capacit\u00e9<\/td><td>100 KG\/H<\/td><td>120 kg \/ h<\/td><\/tr><tr><td>Pouvoir<\/td><td>1,5 kW<\/td><td>1,5 kW<\/td><\/tr><tr><td>Dimension<\/td><td>1000 mm \u00d7 900 mm \u00d7 1100 mm<\/td><td>1100 mm \u00d7 900 mm \u00d7 1500 mm<\/td><\/tr><tr><td>Poids<\/td><td>200 kg<\/td><td>220 kg<\/td><\/tr><tr><td>Puissance de chauffage \u00e9lectrique<\/td><td>6 kW<\/td><td>8 kW<\/td><\/tr><\/tbody><\/table><figcaption class=\"wp-element-caption\">Param\u00e8tres de la machine d'enrobage d'arachide<\/figcaption><\/figure>    <h2 class=\"wp-block-heading\">Ligne de production automatique de machine de fabrication d'arachides enrob\u00e9es <\/h2>    <p>Cette ligne int\u00e9gr\u00e9e rationalise la fabrication d'arachide \u00e0 grande \u00e9chelle avec pr\u00e9cision et efficacit\u00e9. Les \u00e9tapes cl\u00e9s comprennent:<\/p>    <div class=\"wp-block-media-text is-stacked-on-mobile\"><figure class=\"wp-block-media-text__media\"><img loading=\"lazy\" decoding=\"async\" width=\"720\" height=\"540\" src=\"https:\/\/bestpeanutmachine.com\/wp-content\/uploads\/2023\/05\/coated-peanut-production-line.jpg\" alt=\"ligne de production d&#039;arachides enrob\u00e9es\" class=\"wp-image-145 size-full\" srcset=\"https:\/\/bestpeanutmachine.com\/wp-content\/uploads\/2023\/05\/coated-peanut-production-line.jpg 720w, https:\/\/bestpeanutmachine.com\/wp-content\/uploads\/2023\/05\/coated-peanut-production-line-300x225.jpg 300w\" sizes=\"auto, (max-width: 720px) 100vw, 720px\" \/><\/figure><div class=\"wp-block-media-text__content\"> <ul class=\"wp-block-list\"> <li><strong>Nettoyage et tri<\/strong>\u00a0- Supprime les impuret\u00e9s pour les noix de qualit\u00e9 sup\u00e9rieure.<\/li>    <li>\u200b<strong><a href=\"https:\/\/bestpeanutmachine.com\/fr\/product\/peanut-roasting-machine\/\">Grillage<\/a><\/strong>\u00a0- Les profils de temp\u00e9rature r\u00e9glables am\u00e9liorent la saveur et la texture.<\/li>    <li>\u200b<strong>Rev\u00eatement<\/strong>\u00a0- Core Machine applique du chocolat, des \u00e9pices ou des gla\u00e7ures via des buses ou des distributeurs de pulv\u00e9risation, assurant une couverture uniforme dans un tambour rotatif.<\/li>    <li>\u200b<strong>Refroidissement \/ s\u00e9chage<\/strong>\u00a0- Stabilise les rev\u00eatements pour la croustillage et la dur\u00e9e de conservation.<\/li>    <li>\u200b<strong>Conditionnement<\/strong>\u00a0- Portion de syst\u00e8mes automatis\u00e9s dans les arachides dans des sacs ou des conteneurs en vrac.<\/li> <\/ul> <\/div><\/div>    <p>Con\u00e7u pour les marques de confiserie et les fabricants de collations, cette solution cl\u00e9 en main propose des produits coh\u00e9rents et pr\u00eats pour le march\u00e9 avec un minimum de d\u00e9chets et une \u00e9volutivit\u00e9 rapide.<\/p>    <h2 class=\"wp-block-heading\">Un cas r\u00e9ussi de machine \u00e0 enrober les arachides<\/h2>    <p>En Arabie saoudite, une entreprise de transformation des aliments a am\u00e9lior\u00e9 l'efficacit\u00e9 de la production et la qualit\u00e9 des produits en utilisant notre machine \u00e0 rev\u00eatement avanc\u00e9e d'arachide. Sa vitesse de rotation r\u00e9glable et ses r\u00e9glages de pulv\u00e9risation pr\u00e9cis ont assur\u00e9 des rev\u00eatements uniformes, am\u00e9liorant le go\u00fbt et l'apparence des arachides. <\/p>    <p>Les fonctionnalit\u00e9s d'automatisation et de personnalisation de la machine ont permis une mise \u00e0 l'\u00e9chelle facile de la production tout en maintenant des normes \u00e9lev\u00e9es. Cet investissement a stimul\u00e9 l'efficacit\u00e9 op\u00e9rationnelle et a donn\u00e9 \u00e0 l'entreprise un avantage du march\u00e9, mettant en \u00e9vidence les avantages de la technologie moderne du rev\u00eatement d'arachide.<\/p>    <figure class=\"wp-block-image size-large\"><img loading=\"lazy\" decoding=\"async\" width=\"720\" height=\"540\" src=\"https:\/\/bestpeanutmachine.com\/wp-content\/uploads\/2023\/05\/Peanut-Coating-Machine-for-sale.webp\" alt=\"Machine de rev\u00eatement d&#039;arachide \u00e0 vendre\" class=\"wp-image-203\" srcset=\"https:\/\/bestpeanutmachine.com\/wp-content\/uploads\/2023\/05\/Peanut-Coating-Machine-for-sale.webp 720w, https:\/\/bestpeanutmachine.com\/wp-content\/uploads\/2023\/05\/Peanut-Coating-Machine-for-sale-300x225.webp 300w, https:\/\/bestpeanutmachine.com\/wp-content\/uploads\/2023\/05\/Peanut-Coating-Machine-for-sale-16x12.webp 16w\" sizes=\"auto, (max-width: 720px) 100vw, 720px\" \/><figcaption class=\"wp-element-caption\">Machine de rev\u00eatement d'arachide \u00e0 vendre<\/figcaption><\/figure>    <h2 class=\"wp-block-heading\">Laissez votre message!<\/h2>    <p class=\"translation-block\">Nous nous engageons \u00e0 fournir \u00e0 nos clients des solutions d'enrobage d'arachides de la plus haute qualit\u00e9. Si vous avez des questions ou si vous souhaitez en savoir plus sur notre machine d'enrobage d'arachides, n'h\u00e9sitez pas \u00e0 laisser un message ci-dessous. Notre \u00e9quipe vous contactera rapidement pour vous fournir une assistance et un support professionnels. <\/p>    <p>Nous sommes impatients de collaborer avec vous pour am\u00e9liorer votre efficacit\u00e9 de production et la qualit\u00e9 de vos produits. Laissez vos informations ci-dessous et laissez-nous vous aider \u00e0 atteindre l\u2019excellence dans vos objectifs de production\u00a0!<\/p>    <figure class=\"wp-block-image size-full\"><img loading=\"lazy\" decoding=\"async\" width=\"720\" height=\"540\" src=\"https:\/\/bestpeanutmachine.com\/wp-content\/uploads\/2023\/05\/nut-coating-machine.webp\" alt=\"rev\u00eatement de noix\" class=\"wp-image-303\" srcset=\"https:\/\/bestpeanutmachine.com\/wp-content\/uploads\/2023\/05\/nut-coating-machine.webp 720w, https:\/\/bestpeanutmachine.com\/wp-content\/uploads\/2023\/05\/nut-coating-machine-300x225.webp 300w, https:\/\/bestpeanutmachine.com\/wp-content\/uploads\/2023\/05\/nut-coating-machine-16x12.webp 16w\" sizes=\"auto, (max-width: 720px) 100vw, 720px\" \/><figcaption class=\"wp-element-caption\">rev\u00eatement de noix<\/figcaption><\/figure>","protected":false},"excerpt":{"rendered":"<p>La machine \u00e0 rev\u00eatement d'arachide est une solution de pr\u00e9cision pour les fabricants d'aliments cherchant \u00e0 \u00e9lever la production de collations avec des rev\u00eatements aromatis\u00e9s coh\u00e9rents et de haute qualit\u00e9. <\/p>","protected":false},"author":1,"featured_media":148,"parent":0,"template":"","tags":[13,12,11],"product-type":[69,6],"class_list":["post-142","product","type-product","status-publish","has-post-thumbnail","hentry","tag-coating-machine","tag-groundnut","tag-peanut","product-type-peanut-machine","product-type-product"],"_links":{"self":[{"href":"https:\/\/bestpeanutmachine.com\/fr\/wp-json\/wp\/v2\/product\/142","targetHints":{"allow":["GET"]}}],"collection":[{"href":"https:\/\/bestpeanutmachine.com\/fr\/wp-json\/wp\/v2\/product"}],"about":[{"href":"https:\/\/bestpeanutmachine.com\/fr\/wp-json\/wp\/v2\/types\/product"}],"author":[{"embeddable":true,"href":"https:\/\/bestpeanutmachine.com\/fr\/wp-json\/wp\/v2\/users\/1"}],"wp:featuredmedia":[{"embeddable":true,"href":"https:\/\/bestpeanutmachine.com\/fr\/wp-json\/wp\/v2\/media\/148"}],"wp:attachment":[{"href":"https:\/\/bestpeanutmachine.com\/fr\/wp-json\/wp\/v2\/media?parent=142"}],"wp:term":[{"taxonomy":"post_tag","embeddable":true,"href":"https:\/\/bestpeanutmachine.com\/fr\/wp-json\/wp\/v2\/tags?post=142"},{"taxonomy":"product-type","embeddable":true,"href":"https:\/\/bestpeanutmachine.com\/fr\/wp-json\/wp\/v2\/product-type?post=142"}],"curies":[{"name":"wp","href":"https:\/\/api.w.org\/{rel}","templated":true}]}}