{"id":33,"date":"2022-08-25T02:28:06","date_gmt":"2022-08-24T18:28:06","guid":{"rendered":"https:\/\/bestpeanutmachine.com\/?post_type=product&#038;p=33"},"modified":"2025-08-28T10:25:41","modified_gmt":"2025-08-28T02:25:41","slug":"peanut-harvesting-machine","status":"publish","type":"product","link":"https:\/\/bestpeanutmachine.com\/fr\/product\/peanut-harvesting-machine\/","title":{"rendered":"Machine de r\u00e9colte d'arachide"},"content":{"rendered":"<p class=\"translation-block\"><strong>La machine de r\u00e9colte des arachides<\/strong> est sp\u00e9cialement con\u00e7ue pour d\u00e9terrer les arachides du sol. G\u00e9n\u00e9ralement, la moissonneuse d\u2019arachides est mont\u00e9e sur un tracteur de 20 \u00e0 35cv. Elle peut r\u00e9colter les arachides automatiquement et efficacement. <\/p>    <p>La r\u00e9colteuse d'arachides a une efficacit\u00e9 assez \u00e9lev\u00e9e, elle peut traiter une superficie de 1 300 \u00e0 2 000 m\u00e8tres carr\u00e9s. De plus, cette machine a un taux de casse tr\u00e8s faible, inf\u00e9rieur \u00e0 1%. Dans le m\u00eame temps, l'\u00e9quipement de r\u00e9colte d'arachides a un taux de nettoyage sup\u00e9rieur \u00e0 95%. <\/p>    <p>Il est \u00e9galement \u00e9conome en \u00e9nergie et son prix est abordable. La machine est parfaitement adapt\u00e9e \u00e0 vos exploitations. Si vous recherchez une petite r\u00e9colteuse d'arachides fiable, n'h\u00e9sitez pas \u00e0 nous contacter pour une liste de prix gratuite.<\/p>    <figure class=\"wp-block-embed is-type-video is-provider-youtube wp-block-embed-youtube wp-embed-aspect-16-9 wp-has-aspect-ratio\"><div class=\"wp-block-embed__wrapper\"> <iframe loading=\"lazy\" title=\"L\u2019art de l\u2019entretien : assurer le bon fonctionnement des r\u00e9colteuses d\u2019arachides #farming #peanut #groundnut\" width=\"500\" height=\"281\" src=\"https:\/\/www.youtube.com\/embed\/uj-5wb4jFbk?start=44&#038;feature=oembed\" frameborder=\"0\" allow=\"accelerometer; autoplay; clipboard-write; encrypted-media; gyroscope; picture-in-picture; web-share\" referrerpolicy=\"strict-origin-when-cross-origin\" allowfullscreen><\/iframe> <\/div><figcaption class=\"wp-element-caption\">Vid\u00e9o de travail de la machine de r\u00e9colte d'arachides<\/figcaption><\/figure>    <h2 class=\"wp-block-heading\" id=\"h-benefits-of-taizy-groundnut-harvester-machine\">Avantages de la r\u00e9colteuse d'arachides TAIZY<\/h2>    <ol class=\"wp-block-list\"> <li>La machine de r\u00e9colte d'arachides peut \u00eatre utilis\u00e9e de mani\u00e8re flexible m\u00eame dans des champs aqueux pour r\u00e9pondre \u00e0 diff\u00e9rentes conditions de terrain.<\/li>    <li>\u00a0Apr\u00e8s une r\u00e9colte sans impuret\u00e9s, le tamis vibrant joue un r\u00f4le essentiel dans la collecte des cacahu\u00e8tes et peut rendre le produit plus propre.<\/li>    <li>La r\u00e9colteuse d'arachides \u00e0 vendre a une efficacit\u00e9 de travail \u00e9lev\u00e9e et permet d'\u00e9conomiser beaucoup de temps de travail. En attendant, nous pouvons faire fonctionner la machine facilement.<\/li>    <li>Le taux de cueillette automatique de la r\u00e9colteuse d'arachides est \u2265 98%, haute efficacit\u00e9.<\/li>    <li>En pelletant le sol selon un angle sp\u00e9cifique, la lame tranchante peut r\u00e9colter enti\u00e8rement les fruits. Ne vous inqui\u00e9tez donc pas, il reste encore beaucoup de fruits dans le sol.<\/li>    <li>Les plants d'arachides sont r\u00e9colt\u00e9s et rapidement transport\u00e9s vers la sortie arri\u00e8re via des cha\u00eenes \u00e0 rouleaux pour \u00e9viter qu'ils ne tombent dans le sol. \u00a0<\/li> <\/ol>    <figure class=\"wp-block-image size-full\"><img loading=\"lazy\" decoding=\"async\" width=\"720\" height=\"540\" src=\"https:\/\/bestpeanutmachine.com\/wp-content\/uploads\/2022\/08\/peanut-harvester-machine.jpg\" alt=\"machine de r\u00e9colte d&#039;arachide\" class=\"wp-image-84\" srcset=\"https:\/\/bestpeanutmachine.com\/wp-content\/uploads\/2022\/08\/peanut-harvester-machine.jpg 720w, https:\/\/bestpeanutmachine.com\/wp-content\/uploads\/2022\/08\/peanut-harvester-machine-300x225.jpg 300w\" sizes=\"auto, (max-width: 720px) 100vw, 720px\" \/><figcaption class=\"wp-element-caption\">machine de r\u00e9colte d'arachide<\/figcaption><\/figure>    <h2 class=\"wp-block-heading\" id=\"h-parameters-of-taizy-peanut-harvesting-machine\">Param\u00e8tres de la machine de r\u00e9colte d'arachides TAIZY<\/h2>    <figure class=\"wp-block-table\"><table><tbody><tr><td>Mod\u00e8le<\/td><td>HS-800<\/td><\/tr><tr><td>Pouvoir<\/td><td>Tracteur 20-35HP<\/td><\/tr><tr><td>Capacit\u00e9<\/td><td>1300-2000m2\/heure<\/td><\/tr><tr><td>Largeur de r\u00e9colte<\/td><td>800mm<\/td><\/tr><tr><td>Poids<\/td><td>280 kg<\/td><\/tr><tr><td>Taille<\/td><td>2100*1050*1030mm<\/td><\/tr><tr><td>Tarif d'emballage<\/td><td>\u226598%<\/td><\/tr><tr><td>Taux de rupture<\/td><td>\u22641%<\/td><\/tr><tr><td>Taux de nettoyage<\/td><td>\u226595%<\/td><\/tr><tr><td>Largeur de la moissonneuse<\/td><td>deux rang\u00e9es<\/td><\/tr><tr><td>Distance entre les rang\u00e9es<\/td><td>750-850mm<\/td><\/tr><tr><td>\u00c9cartement des rangs<\/td><td>180-250mm<\/td><\/tr><tr><td>Dimension<\/td><td>2100*1050*1030mm<\/td><\/tr><\/tbody><\/table><figcaption class=\"wp-element-caption\">param\u00e8tres de la machine de r\u00e9colte d'arachide<\/figcaption><\/figure>    <h2 class=\"wp-block-heading\" id=\"h-what-machine-is-used-to-harvest-peanuts\">Quelle machine est utilis\u00e9e pour r\u00e9colter les cacahu\u00e8tes ?<\/h2>    <p>La machine de r\u00e9colte d'arachides est con\u00e7ue pour r\u00e9colter automatiquement les arachides. En bref, le principe de fonctionnement consiste \u00e0 ramasser les cacahu\u00e8tes du sol \u00e0 la pelle. <\/p>    <p>Apr\u00e8s une s\u00e9rie d'actions, la plupart des morceaux de terre sont bris\u00e9s et les cacahu\u00e8tes et les vignes sont dispers\u00e9es dans les champs. La moissonneuse-batteuse d'arachides pr\u00e9sente les caract\u00e9ristiques d'un rendement \u00e9lev\u00e9, de performances stables et d'une utilisation facile.<\/p>    <figure class=\"wp-block-image size-full\"><img loading=\"lazy\" decoding=\"async\" width=\"720\" height=\"540\" src=\"https:\/\/bestpeanutmachine.com\/wp-content\/uploads\/2022\/08\/ground-nut-harvesting-equipment.jpg\" alt=\"\u00e9quipement de r\u00e9colte d&#039;arachides\" class=\"wp-image-85\" srcset=\"https:\/\/bestpeanutmachine.com\/wp-content\/uploads\/2022\/08\/ground-nut-harvesting-equipment.jpg 720w, https:\/\/bestpeanutmachine.com\/wp-content\/uploads\/2022\/08\/ground-nut-harvesting-equipment-300x225.jpg 300w\" sizes=\"auto, (max-width: 720px) 100vw, 720px\" \/><figcaption class=\"wp-element-caption\">\u00e9quipement de r\u00e9colte d'arachides<\/figcaption><\/figure>    <h2 class=\"wp-block-heading\" id=\"h-how-does-a-peanut-harvester-work\">Comment fonctionne une r\u00e9colteuse de cacahu\u00e8tes ?<\/h2>    <p>Pendant l'op\u00e9ration, la pelle ramasse les cacahu\u00e8tes avec la terre. Sous l'action de la roue de lancement et de la roue de transfert, la terre est bris\u00e9e et s'\u00e9coule partiellement. Ensuite, il est \u00e9ject\u00e9 en continu par les doigts de 3 roues d'indexation. <\/p>    <p>Les fines mottes de terre et les particules de terre bris\u00e9es sont \u00e9vacu\u00e9es \u00e0 travers le tamis \u00e0 tiges incurv\u00e9es. Des gousses d'arachide, un petit nombre de racines fines et de la terre fine sont jet\u00e9es dans le tamis oscillant. La terre fine est \u00e9vacu\u00e9e par les trous du tamis. Les cosses de cacahu\u00e8tes glissent \u00e0 travers le tamis dans la caisse \u00e0 fruits.<\/p>    <figure class=\"wp-block-gallery has-nested-images columns-default is-cropped wp-block-gallery-2 is-layout-flex wp-block-gallery-is-layout-flex\"> <figure class=\"wp-block-image size-large\"><img loading=\"lazy\" decoding=\"async\" width=\"720\" height=\"540\" data-id=\"236\" src=\"https:\/\/bestpeanutmachine.com\/wp-content\/uploads\/2022\/08\/automatic-Peanut-Harvesting-Machine.webp\" alt=\"Machine automatique de r\u00e9colte d&#039;arachides\" class=\"wp-image-236\" srcset=\"https:\/\/bestpeanutmachine.com\/wp-content\/uploads\/2022\/08\/automatic-Peanut-Harvesting-Machine.webp 720w, https:\/\/bestpeanutmachine.com\/wp-content\/uploads\/2022\/08\/automatic-Peanut-Harvesting-Machine-300x225.webp 300w, https:\/\/bestpeanutmachine.com\/wp-content\/uploads\/2022\/08\/automatic-Peanut-Harvesting-Machine-16x12.webp 16w\" sizes=\"auto, (max-width: 720px) 100vw, 720px\" \/><figcaption class=\"wp-element-caption\">Machine automatique de r\u00e9colte d'arachides<\/figcaption><\/figure>    <figure class=\"wp-block-image size-large\"><img loading=\"lazy\" decoding=\"async\" width=\"720\" height=\"540\" data-id=\"237\" src=\"https:\/\/bestpeanutmachine.com\/wp-content\/uploads\/2022\/08\/best-Peanut-Harvesting-Machine.webp\" alt=\"meilleure machine de r\u00e9colte d&#039;arachides\" class=\"wp-image-237\" srcset=\"https:\/\/bestpeanutmachine.com\/wp-content\/uploads\/2022\/08\/best-Peanut-Harvesting-Machine.webp 720w, https:\/\/bestpeanutmachine.com\/wp-content\/uploads\/2022\/08\/best-Peanut-Harvesting-Machine-300x225.webp 300w, https:\/\/bestpeanutmachine.com\/wp-content\/uploads\/2022\/08\/best-Peanut-Harvesting-Machine-16x12.webp 16w\" sizes=\"auto, (max-width: 720px) 100vw, 720px\" \/><figcaption class=\"wp-element-caption\">meilleure machine de r\u00e9colte d'arachides<\/figcaption><\/figure> <\/figure>    <p>Cette moissonneuse convient aux sols limoneux sableux avec une teneur en humidit\u00e9 de 10% \u00e0 18%. Un autre type de r\u00e9colteuse d'arachides de vigne est utilis\u00e9 pour r\u00e9colter des arachides de vigne droites. Sa pelle creuse les cacahu\u00e8tes avec la terre, monte jusqu'\u00e0 la cha\u00eene de levage, d\u00e9tache quelques mottes et les \u00e9vacue, puis les distribue aux roues de s\u00e9paration avant et arri\u00e8re et au tamis \u00e0 barres incurv\u00e9es. <\/p>    <p>Apr\u00e8s quelques lancers, la plupart des morceaux de terre sont bris\u00e9s et s\u00e9par\u00e9s, et les cacahu\u00e8tes avec les vignes sont envoy\u00e9es vers la cha\u00eene de convoyage horizontale pour \u00eatre dispers\u00e9es dans les champs r\u00e9colt\u00e9s.\u00a0\u00a0\u00a0\u00a0<\/p>    <h2 class=\"wp-block-heading\">D\u00e9marrez votre entreprise maintenant<\/h2>    <figure class=\"wp-block-gallery has-nested-images columns-default is-cropped wp-block-gallery-3 is-layout-flex wp-block-gallery-is-layout-flex\"> <figure class=\"wp-block-image size-large\"><img loading=\"lazy\" decoding=\"async\" width=\"720\" height=\"540\" data-id=\"238\" src=\"https:\/\/bestpeanutmachine.com\/wp-content\/uploads\/2022\/08\/commercial-Peanut-Harvesting-Machine.webp\" alt=\"Machine commerciale de r\u00e9colte d&#039;arachides\" class=\"wp-image-238\" srcset=\"https:\/\/bestpeanutmachine.com\/wp-content\/uploads\/2022\/08\/commercial-Peanut-Harvesting-Machine.webp 720w, https:\/\/bestpeanutmachine.com\/wp-content\/uploads\/2022\/08\/commercial-Peanut-Harvesting-Machine-300x225.webp 300w, https:\/\/bestpeanutmachine.com\/wp-content\/uploads\/2022\/08\/commercial-Peanut-Harvesting-Machine-16x12.webp 16w\" sizes=\"auto, (max-width: 720px) 100vw, 720px\" \/><figcaption class=\"wp-element-caption\">Machine commerciale de r\u00e9colte d'arachides<\/figcaption><\/figure>    <figure class=\"wp-block-image size-large\"><img loading=\"lazy\" decoding=\"async\" width=\"720\" height=\"540\" data-id=\"239\" src=\"https:\/\/bestpeanutmachine.com\/wp-content\/uploads\/2022\/08\/Peanut-Harvesting-Machine-for-business.webp\" alt=\"Machine de r\u00e9colte d&#039;arachides pour les entreprises\" class=\"wp-image-239\" srcset=\"https:\/\/bestpeanutmachine.com\/wp-content\/uploads\/2022\/08\/Peanut-Harvesting-Machine-for-business.webp 720w, https:\/\/bestpeanutmachine.com\/wp-content\/uploads\/2022\/08\/Peanut-Harvesting-Machine-for-business-300x225.webp 300w, https:\/\/bestpeanutmachine.com\/wp-content\/uploads\/2022\/08\/Peanut-Harvesting-Machine-for-business-16x12.webp 16w\" sizes=\"auto, (max-width: 720px) 100vw, 720px\" \/><figcaption class=\"wp-element-caption\">Machine de r\u00e9colte d'arachides pour les entreprises<\/figcaption><\/figure> <\/figure>    <p class=\"translation-block\">La machine de r\u00e9colte des arachides est id\u00e9ale pour la r\u00e9colte \u00e0 grande \u00e9chelle d\u2019arachides <a href=\"https:\/\/en.wikipedia.org\/wiki\/Harvest\" data-type=\"link\" data-id=\"https:\/\/en.wikipedia.org\/wiki\/Harvest\" target=\"_blank\" rel=\"noopener\">harvest<\/a>. Elle pr\u00e9sente des caract\u00e9ristiques de haute efficacit\u00e9, longue dur\u00e9e de vie et bonne performance. La machine de r\u00e9colte des arachides est un excellent \u00e9quipement pour vos fermes. Cette moissonneuse arachide\u00e0 deux rangs en vente chez TAIZY est assez populaire. Et a \u00e9t\u00e9 export\u00e9e avec succ\u00e8s vers plus de 30 pays et r\u00e9gions. <\/p>    <p class=\"translation-block\">De plus, nous proposons une gamme compl\u00e8te de machines \u00e0 arachides, y compris <a href=\"https:\/\/bestpeanutmachine.com\/fr\/product\/peanut-picker-machine\/\" data-type=\"link\" data-id=\"https:\/\/bestpeanutmachine.com\/product\/peanut-picker-machine\/\">des machines ramass arachides<\/a>, <a href=\"https:\/\/bestpeanutmachine.com\/fr\/product\/peanut-shelling-machine\/\" data-type=\"link\" data-id=\"https:\/\/bestpeanutmachine.com\/product\/peanut-shelling-machine\/\">des machines d\u00e9cortiqueuses d\u2019arachides<\/a>, <a href=\"https:\/\/bestpeanutmachine.com\/fr\/product\/peanut-peeling-machine\/\" data-type=\"link\" data-id=\"https:\/\/bestpeanutmachine.com\/product\/peanut-peeling-machine\/\">des machines \u00e9plucheuses d\u2019arachides<\/a>, <a href=\"https:\/\/bestpeanutmachine.com\/fr\/product\/peanut-roasting-machine\/\" data-type=\"link\" data-id=\"https:\/\/bestpeanutmachine.com\/product\/peanut-roasting-machine\/\">des machines r\u00f4tisseuses d\u2019arachides<\/a>, etc. Toutes nos machines allient bonne qualit\u00e9 et livraison rapide. N\u2019h\u00e9sitez pas \u00e0 nous contacter pour obtenir le meilleur prix.<\/p>","protected":false},"excerpt":{"rendered":"<p>La machine \u00e0 r\u00e9colter les cacahu\u00e8tes est sp\u00e9cialement con\u00e7ue pour extraire les cacahu\u00e8tes du sol. G\u00e9n\u00e9ralement, la r\u00e9colteuse d'arachides est mont\u00e9e sur un tracteur de 20 \u00e0 35 ch. Il peut r\u00e9colter automatiquement et efficacement les cacahu\u00e8tes. <\/p>","protected":false},"author":1,"featured_media":83,"parent":0,"template":"","tags":[12,14,11,8],"product-type":[6,69],"class_list":["post-33","product","type-product","status-publish","has-post-thumbnail","hentry","tag-groundnut","tag-harvester","tag-peanut","tag-peanut-processing-machine","product-type-product","product-type-peanut-machine"],"_links":{"self":[{"href":"https:\/\/bestpeanutmachine.com\/fr\/wp-json\/wp\/v2\/product\/33","targetHints":{"allow":["GET"]}}],"collection":[{"href":"https:\/\/bestpeanutmachine.com\/fr\/wp-json\/wp\/v2\/product"}],"about":[{"href":"https:\/\/bestpeanutmachine.com\/fr\/wp-json\/wp\/v2\/types\/product"}],"author":[{"embeddable":true,"href":"https:\/\/bestpeanutmachine.com\/fr\/wp-json\/wp\/v2\/users\/1"}],"wp:featuredmedia":[{"embeddable":true,"href":"https:\/\/bestpeanutmachine.com\/fr\/wp-json\/wp\/v2\/media\/83"}],"wp:attachment":[{"href":"https:\/\/bestpeanutmachine.com\/fr\/wp-json\/wp\/v2\/media?parent=33"}],"wp:term":[{"taxonomy":"post_tag","embeddable":true,"href":"https:\/\/bestpeanutmachine.com\/fr\/wp-json\/wp\/v2\/tags?post=33"},{"taxonomy":"product-type","embeddable":true,"href":"https:\/\/bestpeanutmachine.com\/fr\/wp-json\/wp\/v2\/product-type?post=33"}],"curies":[{"name":"wp","href":"https:\/\/api.w.org\/{rel}","templated":true}]}}