{"id":35,"date":"2022-08-25T02:30:34","date_gmt":"2022-08-24T18:30:34","guid":{"rendered":"https:\/\/bestpeanutmachine.com\/?post_type=product&#038;p=35"},"modified":"2025-08-28T10:27:22","modified_gmt":"2025-08-28T02:27:22","slug":"peanut-peeling-machine","status":"publish","type":"product","link":"https:\/\/bestpeanutmachine.com\/fr\/product\/peanut-peeling-machine\/","title":{"rendered":"Machine \u00e0 \u00e9plucher les arachides"},"content":{"rendered":"<p>La machine \u00e0 \u00e9plucher les cacahu\u00e8tes offre une efficacit\u00e9 \u00e9lev\u00e9e et peu de d\u00e9chets, ce qui en fait l'\u00e9quipement id\u00e9al pour enlever la peau des cacahu\u00e8tes. Cette machine utilise une technologie de pointe pour obtenir un pelage rapide et uniforme gr\u00e2ce \u00e0 des m\u00e9thodes de friction et de pelage, garantissant que les cacahu\u00e8tes restent intactes. Sa conception simple et compacte occupe un minimum d\u2019espace, ce qui la rend facile \u00e0 utiliser et \u00e0 entretenir. <\/p>    <p>Adapt\u00e9e aux entreprises de transformation alimentaire de toutes tailles, la machine \u00e0 \u00e9plucher les arachides am\u00e9liore non seulement l'efficacit\u00e9 de la production, mais r\u00e9duit \u00e9galement consid\u00e9rablement les co\u00fbts de main-d'\u0153uvre, ce qui en fait un outil indispensable dans l'industrie de transformation des arachides. Il s'agit d'une partie assez importante de la cha\u00eene de fabrication du beurre de cacahu\u00e8te et de la cha\u00eene de fabrication des arachides enrob\u00e9es. <\/p>    <p>En tant que fournisseur complet de machines \u00e0 \u00e9plucher les arachides, nous fournissons des machines \u00e0 \u00e9plucher les arachides standard et personnalis\u00e9es avec de bonnes performances et des prix abordables. Bienvenue \u00e0 nous contacter au profit de votre entreprise.<\/p>    <figure class=\"wp-block-embed is-type-video is-provider-youtube wp-block-embed-youtube wp-embed-aspect-16-9 wp-has-aspect-ratio\"><div class=\"wp-block-embed__wrapper\"> <iframe loading=\"lazy\" title=\"La perfection des cacahu\u00e8tes\u00a0: obtenir des r\u00e9sultats coh\u00e9rents avec notre \u00e9plucheuse de pointe #peanuts\" width=\"500\" height=\"281\" src=\"https:\/\/www.youtube.com\/embed\/SPfiZD0FZFY?start=5&#038;feature=oembed\" frameborder=\"0\" allow=\"accelerometer; autoplay; clipboard-write; encrypted-media; gyroscope; picture-in-picture; web-share\" referrerpolicy=\"strict-origin-when-cross-origin\" allowfullscreen><\/iframe> <\/div><figcaption class=\"wp-element-caption\">Vid\u00e9o de travail de la machine \u00e0 \u00e9plucher les cacahu\u00e8tes<\/figcaption><\/figure>    <h2 class=\"wp-block-heading\" id=\"h-what-is-peanut-peeling-machine\">Machine \u00e0 \u00e9plucher les cacahu\u00e8tes pour les entreprises<\/h2>    <p>La machine \u00e0 \u00e9plucher les arachides est sp\u00e9cialement con\u00e7ue pour \u00e9liminer la peau rouge des arachides de mani\u00e8re automatique et efficace, rationalisant ainsi le processus de production. <\/p>    <p>Les cacahu\u00e8tes pel\u00e9es produites par cette machine peuvent \u00eatre utilis\u00e9es dans une large gamme de produits, notamment les g\u00e2teaux aux cacahu\u00e8tes, le lait de cacahu\u00e8tes, les cacahu\u00e8tes frites, les bonbons aux cacahu\u00e8tes, les cacahu\u00e8tes aromatis\u00e9es, la poudre de prot\u00e9ines d'arachide et les cacahu\u00e8tes en sauce. <\/p>    <p>En int\u00e9grant une machine \u00e0 \u00e9plucher les arachides dans leurs op\u00e9rations, les entreprises peuvent am\u00e9liorer consid\u00e9rablement la productivit\u00e9 et la qualit\u00e9 des produits, garantissant ainsi un approvisionnement constant en arachides pel\u00e9es de haute qualit\u00e9 pour diverses applications culinaires et commerciales.<\/p>    <figure class=\"wp-block-image size-full\"><img loading=\"lazy\" decoding=\"async\" width=\"720\" height=\"540\" src=\"https:\/\/bestpeanutmachine.com\/wp-content\/uploads\/2022\/08\/peanut-peeler-machine.jpg\" alt=\"machine \u00e0 \u00e9plucher les cacahu\u00e8tes\" class=\"wp-image-63\" srcset=\"https:\/\/bestpeanutmachine.com\/wp-content\/uploads\/2022\/08\/peanut-peeler-machine.jpg 720w, https:\/\/bestpeanutmachine.com\/wp-content\/uploads\/2022\/08\/peanut-peeler-machine-300x225.jpg 300w\" sizes=\"auto, (max-width: 720px) 100vw, 720px\" \/><figcaption class=\"wp-element-caption\">machine \u00e0 \u00e9plucher les cacahu\u00e8tes \u00e0 vendre<\/figcaption><\/figure>    <h2 class=\"wp-block-heading\" id=\"h-features-of-peanut-peeler-machine\">Caract\u00e9ristiques de la machine \u00e0 \u00e9plucher les cacahu\u00e8tes<\/h2>    <ol class=\"wp-block-list\" style=\"list-style-type:1\"> <li>La machine \u00e0 \u00e9plucher les cacahu\u00e8tes a une structure simple et une conception raisonnable, elle est donc facile \u00e0 utiliser et \u00e0 entretenir.<\/li>    <li>Il a un taux de pelage \u00e9lev\u00e9, une efficacit\u00e9 \u00e9lev\u00e9e et aucune pollution.<\/li>    <li>Les cacahu\u00e8tes pel\u00e9es ont de multiples utilisations, telles que le lait de cacahu\u00e8te, le g\u00e2teau aux cacahu\u00e8tes, les cacahu\u00e8tes enrob\u00e9es, les cacahu\u00e8tes frites, la poudre de prot\u00e9ine d'arachide, etc.<\/li>    <li>La machine \u00e0 enlever les arachides pr\u00e9sente les avantages d'une \u00e9conomie d'\u00e9nergie, d'un respect de l'environnement et d'une \u00e9conomie de main-d'\u0153uvre.<\/li>    <li>Toutes les machines utilisaient de l\u2019acier inoxydable, de qualit\u00e9 alimentaire et durable.<\/li>    <li>Nous avons une forte capacit\u00e9 \u00e0 fournir des \u00e9quipements d\u2019\u00e9pluchage d\u2019arachides standards et personnalis\u00e9s.<\/li> <\/ol>    <figure class=\"wp-block-gallery has-nested-images columns-default is-cropped wp-block-gallery-2 is-layout-flex wp-block-gallery-is-layout-flex\"> <figure class=\"wp-block-image size-large\"><img loading=\"lazy\" decoding=\"async\" width=\"720\" height=\"540\" data-id=\"243\" src=\"https:\/\/bestpeanutmachine.com\/wp-content\/uploads\/2022\/08\/groundnut-peeler.webp\" alt=\"\u00e9plucheur d&#039;arachide\" class=\"wp-image-243\" srcset=\"https:\/\/bestpeanutmachine.com\/wp-content\/uploads\/2022\/08\/groundnut-peeler.webp 720w, https:\/\/bestpeanutmachine.com\/wp-content\/uploads\/2022\/08\/groundnut-peeler-300x225.webp 300w, https:\/\/bestpeanutmachine.com\/wp-content\/uploads\/2022\/08\/groundnut-peeler-16x12.webp 16w\" sizes=\"auto, (max-width: 720px) 100vw, 720px\" \/><figcaption class=\"wp-element-caption\">\u00e9plucheur d'arachide<\/figcaption><\/figure>    <figure class=\"wp-block-image size-large\"><img loading=\"lazy\" decoding=\"async\" width=\"720\" height=\"540\" data-id=\"244\" src=\"https:\/\/bestpeanutmachine.com\/wp-content\/uploads\/2022\/08\/groundnut-peeling-machine.webp\" alt=\"machine \u00e0 \u00e9plucher les arachides\" class=\"wp-image-244\" srcset=\"https:\/\/bestpeanutmachine.com\/wp-content\/uploads\/2022\/08\/groundnut-peeling-machine.webp 720w, https:\/\/bestpeanutmachine.com\/wp-content\/uploads\/2022\/08\/groundnut-peeling-machine-300x225.webp 300w, https:\/\/bestpeanutmachine.com\/wp-content\/uploads\/2022\/08\/groundnut-peeling-machine-16x12.webp 16w\" sizes=\"auto, (max-width: 720px) 100vw, 720px\" \/><figcaption class=\"wp-element-caption\">machine \u00e0 \u00e9plucher les arachides<\/figcaption><\/figure> <\/figure>    <h2 class=\"wp-block-heading\" id=\"h-parameters-of-taizy-peanut-peeling-machine\">Param\u00e8tres de la machine \u00e0 \u00e9plucher les cacahu\u00e8tes Taizy<\/h2>    <figure class=\"wp-block-table\"><table><tbody><tr><td>Mod\u00e8le<\/td><td>Capacit\u00e9 (kg\/h)<\/td><td>Ventilateur<br>Puissance (kW)<\/td><td>Ventilateur<br>Puissance (kw)<\/td><td>Tension (v)<\/td><td>taux de battage (%)<\/td><td>Fr\u00e9quence (HZ)<\/td><td>Dimension(mm)<\/td><\/tr><tr><td>TP-1<\/td><td>200-300<\/td><td>0.55<\/td><td>0.37<\/td><td>380\/220<\/td><td>\u226598<\/td><td>50<\/td><td>1100*400*1100<\/td><\/tr><tr><td>TP-2<\/td><td>400-500<\/td><td>0.55*2<\/td><td>0.37<\/td><td>380\/220<\/td><td>\u226598<\/td><td>50<\/td><td>1100*700*1100<\/td><\/tr><tr><td>TP-3<\/td><td>600-800<\/td><td>0.55*3<\/td><td>0.37<\/td><td>380\/220<\/td><td>\u226598<\/td><td>50<\/td><td>1100*1000*1100<\/td><\/tr><tr><td>TP-4<\/td><td>800-1000<\/td><td>0.55*4<\/td><td>0.37<\/td><td>380\/220<\/td><td>\u226598<\/td><td>50<\/td><td>1100*1400*1100<\/td><\/tr><\/tbody><\/table><figcaption class=\"wp-element-caption\">param\u00e8tres de la machine \u00e0 \u00e9plucher les arachides<\/figcaption><\/figure>    <h2 class=\"wp-block-heading\" id=\"h-structure-details-of-roasted-peanut-peeling-machine\">D\u00e9tails de structure de la machine \u00e0 \u00e9plucher les cacahu\u00e8tes grill\u00e9es<\/h2>    <p>La machine \u00e0 \u00e9plucher les arachides se compose d'un groupe motopropulseur (moteur, poulie, courroie, roulement, etc.), d'un ch\u00e2ssis, d'une entr\u00e9e, d'un rouleau d'\u00e9pluchage (rouleau en acier ou rouleau de sable), d'un ventilateur d'aspiration, etc. Syst\u00e8me d'\u00e9chappement et tamis vibrant. <\/p>    <figure class=\"wp-block-image size-full\"><img loading=\"lazy\" decoding=\"async\" width=\"810\" height=\"391\" src=\"https:\/\/bestpeanutmachine.com\/wp-content\/uploads\/2022\/08\/peanut-skin-removing-machine-details.jpg\" alt=\"D\u00e9tails de la machine pour enlever la peau d&#039;arachide\" class=\"wp-image-64\" srcset=\"https:\/\/bestpeanutmachine.com\/wp-content\/uploads\/2022\/08\/peanut-skin-removing-machine-details.jpg 810w, https:\/\/bestpeanutmachine.com\/wp-content\/uploads\/2022\/08\/peanut-skin-removing-machine-details-300x145.jpg 300w, https:\/\/bestpeanutmachine.com\/wp-content\/uploads\/2022\/08\/peanut-skin-removing-machine-details-768x371.jpg 768w\" sizes=\"auto, (max-width: 810px) 100vw, 810px\" \/><figcaption class=\"wp-element-caption\">D\u00e9tails de la machine pour enlever la peau d'arachide<\/figcaption><\/figure>    <h2 class=\"wp-block-heading\" id=\"h-is-there-machines-for-peeling-groundnut\">Comment les usines \u00e9pluchent-elles les cacahu\u00e8tes ?<\/h2>    <p>Lorsque l'\u00e9quipement fonctionne, il roule et transf\u00e8re le mat\u00e9riau par friction \u00e0 diff\u00e9rentes vitesses. Lorsque l\u2019humidit\u00e9 des cacahu\u00e8tes grill\u00e9es est inf\u00e9rieure \u00e0 5% (pour \u00e9viter de br\u00fbler), c\u2019est le meilleur moment pour les peler. <\/p>    <p>\u00c0 ce stade, le syst\u00e8me d\u2019\u00e9chappement de l\u2019\u00e9plucheur aspire la peau rouge\u00e2tre de la cacahu\u00e8te. Un tamis vibrant \u00e9limine les germes d'arachide. Environ 6% des noyaux d'arachide sont divis\u00e9s en deux parties.<\/p>    <p class=\"translation-block\">En termes d'efficacit\u00e9 et de rapport co\u00fbt-efficacit\u00e9 \u00e9lev\u00e9, la machine commerciale \u00e0 \u00e9plucher les cacahu\u00e8tes est le moyen le plus id\u00e9al pour les usines. Et c'est aussi le moyen le plus facile d'\u00e9plucher <a href=\"https:\/\/en.wikipedia.org\/wiki\/Groundnut\" data-type=\"link\" data-id=\"https:\/\/en.wikipedia.org\/wiki\/Groundnut\" target=\"_blank\" rel=\"noopener\">les arachides<\/a>. Compar\u00e9 \u00e0 la m\u00e9thode manuelle d'\u00e9pluchage des cacahu\u00e8tes, il est super efficace et de tr\u00e8s haute qualit\u00e9.<\/p>    <figure class=\"wp-block-image size-full\"><img loading=\"lazy\" decoding=\"async\" width=\"720\" height=\"540\" src=\"https:\/\/bestpeanutmachine.com\/wp-content\/uploads\/2022\/08\/peanut-peeler-factory.jpg\" alt=\"usine d&#039;\u00e9pluchage d&#039;arachides\" class=\"wp-image-65\" srcset=\"https:\/\/bestpeanutmachine.com\/wp-content\/uploads\/2022\/08\/peanut-peeler-factory.jpg 720w, https:\/\/bestpeanutmachine.com\/wp-content\/uploads\/2022\/08\/peanut-peeler-factory-300x225.jpg 300w\" sizes=\"auto, (max-width: 720px) 100vw, 720px\" \/><figcaption class=\"wp-element-caption\">usine d'\u00e9pluchage d'arachides<\/figcaption><\/figure>    <h2 class=\"wp-block-heading\">Cas r\u00e9ussi de machine \u00e0 \u00e9plucher les cacahu\u00e8tes<\/h2>    <p>Dans un r\u00e9cent cas r\u00e9ussi, une entreprise de transformation alimentaire leader au Vietnam a int\u00e9gr\u00e9 notre machine \u00e0 \u00e9plucher les cacahu\u00e8tes dans sa ligne de production. Le rendement \u00e9lev\u00e9 et la m\u00e9thode de pelage douce de la machine ont entra\u00een\u00e9 une augmentation du rendement du 30% et une r\u00e9duction significative des co\u00fbts de main-d'\u0153uvre. Le pelage uniforme et sans dommage a pr\u00e9serv\u00e9 la qualit\u00e9 des cacahu\u00e8tes, am\u00e9liorant ainsi la qualit\u00e9 globale du produit. <\/p>    <p>Cette mise en \u0153uvre r\u00e9ussie d\u00e9montre la fiabilit\u00e9 et l\u2019efficacit\u00e9 de la machine, ce qui en fait un atout pr\u00e9cieux pour les entreprises de transformation d\u2019arachides souhaitant am\u00e9liorer leur productivit\u00e9 et leurs normes de produits.<\/p>    <figure class=\"wp-block-gallery has-nested-images columns-default is-cropped wp-block-gallery-3 is-layout-flex wp-block-gallery-is-layout-flex\"> <figure class=\"wp-block-image size-large\"><img loading=\"lazy\" decoding=\"async\" width=\"720\" height=\"540\" data-id=\"245\" src=\"https:\/\/bestpeanutmachine.com\/wp-content\/uploads\/2022\/08\/groundnut-skin-remover.webp\" alt=\"dissolvant de peau d&#039;arachide\" class=\"wp-image-245\" srcset=\"https:\/\/bestpeanutmachine.com\/wp-content\/uploads\/2022\/08\/groundnut-skin-remover.webp 720w, https:\/\/bestpeanutmachine.com\/wp-content\/uploads\/2022\/08\/groundnut-skin-remover-300x225.webp 300w, https:\/\/bestpeanutmachine.com\/wp-content\/uploads\/2022\/08\/groundnut-skin-remover-16x12.webp 16w\" sizes=\"auto, (max-width: 720px) 100vw, 720px\" \/><figcaption class=\"wp-element-caption\">dissolvant de peau d'arachide<\/figcaption><\/figure>    <figure class=\"wp-block-image size-large\"><img loading=\"lazy\" decoding=\"async\" width=\"720\" height=\"540\" data-id=\"246\" src=\"https:\/\/bestpeanutmachine.com\/wp-content\/uploads\/2022\/08\/Peanut-Peeling-Machine-for-sale.webp\" alt=\"Machine \u00e0 \u00e9plucher les arachides \u00e0 vendre\" class=\"wp-image-246\" srcset=\"https:\/\/bestpeanutmachine.com\/wp-content\/uploads\/2022\/08\/Peanut-Peeling-Machine-for-sale.webp 720w, https:\/\/bestpeanutmachine.com\/wp-content\/uploads\/2022\/08\/Peanut-Peeling-Machine-for-sale-300x225.webp 300w, https:\/\/bestpeanutmachine.com\/wp-content\/uploads\/2022\/08\/Peanut-Peeling-Machine-for-sale-16x12.webp 16w\" sizes=\"auto, (max-width: 720px) 100vw, 720px\" \/><figcaption class=\"wp-element-caption\">Machine \u00e0 \u00e9plucher les arachides \u00e0 vendre<\/figcaption><\/figure> <\/figure>    <h2 class=\"wp-block-heading\">Contactez-nous aujourd'hui pour d\u00e9marrer votre entreprise <\/h2>    <p>La machine \u00e0 \u00e9plucher les arachides ou l'\u00e9plucheur d'arachides est importante pour les usines de transformation d'arachides ou les usines alimentaires. Cela peut grandement am\u00e9liorer votre productivit\u00e9 et profiter \u00e0 votre entreprise. Le processus d\u2019\u00e9pluchage des arachides est n\u00e9cessaire \u00e0 la production de collations aux arachides. <\/p>    <p class=\"translation-block\">En tant que fabricant professionnel de machines de transformation des cacahu\u00e8tes, nous proposons une gamme compl\u00e8te de machines \u00e0 cacahu\u00e8tes, telles que des machines de r\u00e9colte de cacahu\u00e8tes, des cueilleurs de cacahu\u00e8tes, des machines \u00e0 d\u00e9cortiquer les cacahu\u00e8tes, <a href=\"https:\/\/bestpeanutmachine.com\/fr\/product\/peanut-roasting-machine\/\">machine \u00e0 r\u00f4tir les cacahu\u00e8tes<\/a>, <a href=\"https:\/\/bestpeanutmachine.com\/fr\/product\/peanut-oil-extraction-machine\/\">machine d'extraction d'huile de cacahu\u00e8te<\/a>, etc. <\/p>    <p>Toutes nos machines sont con\u00e7ues et produites conform\u00e9ment aux normes internationales. En outre, nous offrons un service personnalis\u00e9 solide pour r\u00e9pondre \u00e0 vos demandes sp\u00e9cifiques.<\/p>    <figure class=\"wp-block-gallery has-nested-images columns-default is-cropped wp-block-gallery-4 is-layout-flex wp-block-gallery-is-layout-flex\"> <figure class=\"wp-block-image size-large\"><img loading=\"lazy\" decoding=\"async\" width=\"720\" height=\"540\" data-id=\"247\" src=\"https:\/\/bestpeanutmachine.com\/wp-content\/uploads\/2022\/08\/Peanut-Peeling-Machine.webp\" alt=\"Machine \u00e0 \u00e9plucher les arachides\" class=\"wp-image-247\" srcset=\"https:\/\/bestpeanutmachine.com\/wp-content\/uploads\/2022\/08\/Peanut-Peeling-Machine.webp 720w, https:\/\/bestpeanutmachine.com\/wp-content\/uploads\/2022\/08\/Peanut-Peeling-Machine-300x225.webp 300w, https:\/\/bestpeanutmachine.com\/wp-content\/uploads\/2022\/08\/Peanut-Peeling-Machine-16x12.webp 16w\" sizes=\"auto, (max-width: 720px) 100vw, 720px\" \/><figcaption class=\"wp-element-caption\">Machine \u00e0 \u00e9plucher les arachides<\/figcaption><\/figure>    <figure class=\"wp-block-image size-large\"><img loading=\"lazy\" decoding=\"async\" width=\"720\" height=\"540\" data-id=\"248\" src=\"https:\/\/bestpeanutmachine.com\/wp-content\/uploads\/2022\/08\/peanut-skin-removing-machine.webp\" alt=\"machine \u00e0 enlever la peau d&#039;arachide\" class=\"wp-image-248\" srcset=\"https:\/\/bestpeanutmachine.com\/wp-content\/uploads\/2022\/08\/peanut-skin-removing-machine.webp 720w, https:\/\/bestpeanutmachine.com\/wp-content\/uploads\/2022\/08\/peanut-skin-removing-machine-300x225.webp 300w, https:\/\/bestpeanutmachine.com\/wp-content\/uploads\/2022\/08\/peanut-skin-removing-machine-16x12.webp 16w\" sizes=\"auto, (max-width: 720px) 100vw, 720px\" \/><figcaption class=\"wp-element-caption\">machine \u00e0 enlever la peau d'arachide<\/figcaption><\/figure> <\/figure>","protected":false},"excerpt":{"rendered":"<p>La machine \u00e0 \u00e9plucher les cacahu\u00e8tes offre une efficacit\u00e9 \u00e9lev\u00e9e et peu de d\u00e9chets, ce qui en fait l'\u00e9quipement id\u00e9al pour enlever la peau des cacahu\u00e8tes.<\/p>","protected":false},"author":1,"featured_media":62,"parent":0,"template":"","tags":[12,11,8],"product-type":[6,69],"class_list":["post-35","product","type-product","status-publish","has-post-thumbnail","hentry","tag-groundnut","tag-peanut","tag-peanut-processing-machine","product-type-product","product-type-peanut-machine"],"_links":{"self":[{"href":"https:\/\/bestpeanutmachine.com\/fr\/wp-json\/wp\/v2\/product\/35","targetHints":{"allow":["GET"]}}],"collection":[{"href":"https:\/\/bestpeanutmachine.com\/fr\/wp-json\/wp\/v2\/product"}],"about":[{"href":"https:\/\/bestpeanutmachine.com\/fr\/wp-json\/wp\/v2\/types\/product"}],"author":[{"embeddable":true,"href":"https:\/\/bestpeanutmachine.com\/fr\/wp-json\/wp\/v2\/users\/1"}],"wp:featuredmedia":[{"embeddable":true,"href":"https:\/\/bestpeanutmachine.com\/fr\/wp-json\/wp\/v2\/media\/62"}],"wp:attachment":[{"href":"https:\/\/bestpeanutmachine.com\/fr\/wp-json\/wp\/v2\/media?parent=35"}],"wp:term":[{"taxonomy":"post_tag","embeddable":true,"href":"https:\/\/bestpeanutmachine.com\/fr\/wp-json\/wp\/v2\/tags?post=35"},{"taxonomy":"product-type","embeddable":true,"href":"https:\/\/bestpeanutmachine.com\/fr\/wp-json\/wp\/v2\/product-type?post=35"}],"curies":[{"name":"wp","href":"https:\/\/api.w.org\/{rel}","templated":true}]}}