{"id":37,"date":"2022-08-25T02:33:00","date_gmt":"2022-08-24T18:33:00","guid":{"rendered":"https:\/\/bestpeanutmachine.com\/?post_type=product&#038;p=37"},"modified":"2025-08-28T10:27:45","modified_gmt":"2025-08-28T02:27:45","slug":"peanut-picker-machine","status":"publish","type":"product","link":"https:\/\/bestpeanutmachine.com\/fr\/product\/peanut-picker-machine\/","title":{"rendered":"Machine \u00e0 cueillir des cacahu\u00e8tes"},"content":{"rendered":"<p class=\"translation-block\">La <strong>machine \u00e0 ramasser les arachides<\/strong> est utilis\u00e9e pour ramasser les fruits d'arachide apr\u00e8s la r\u00e9colte. C'est un excellent \u00e9quipement de transformation des arachides pour les agriculteurs. Elle pr\u00e9sente les caract\u00e9ristiques d'une super efficacit\u00e9, d'une performance stable et d'une longue dur\u00e9e de vie. La <strong>machine \u00e0 ramasser les arachides<\/strong> am\u00e9liorera consid\u00e9rablement votre productivit\u00e9 et vous fera \u00e9conomiser de la main-d'\u0153uvre. <\/p>    <p>La capacit\u00e9 des cueilleurs d'arachides \u00e0 vendre est de 800 kg \u00e0 1 100 kg par heure. Nous fournissons des normes strictes et des machines personnalis\u00e9es pour vos besoins. Un moteur \u00e9lectrique ou un moteur diesel est disponible. Il peut donc correspondre \u00e0 diff\u00e9rents environnements d'utilisation.<\/p>    <p>En outre, la machine a un taux de pr\u00e9l\u00e8vement de 99% et le taux de rupture est inf\u00e9rieur \u00e0 1%. ce sera une aide parfaite pour vos fermes d'arachide. \u00cates-vous int\u00e9ress\u00e9 par cette machine? Contactez-nous pour une liste de prix gratuite. &nbsp;&nbsp;<\/p>    <figure class=\"wp-block-embed is-type-video is-provider-youtube wp-block-embed-youtube wp-embed-aspect-16-9 wp-has-aspect-ratio\"><div class=\"wp-block-embed__wrapper\"> <iframe loading=\"lazy\" title=\"La r\u00e9colte des arachides simplifi\u00e9e\u00a0:\u00a0meilleures pratiques avec un cueilleur d&#039;arachides #arachide #arachide #farming\" width=\"500\" height=\"281\" src=\"https:\/\/www.youtube.com\/embed\/wmhkLU3XioA?feature=oembed\" frameborder=\"0\" allow=\"accelerometer; autoplay; clipboard-write; encrypted-media; gyroscope; picture-in-picture; web-share\" referrerpolicy=\"strict-origin-when-cross-origin\" allowfullscreen><\/iframe> <\/div><figcaption class=\"wp-element-caption\">Vid\u00e9o de travail de la machine \u00e0 cueillir des cacahu\u00e8tes<\/figcaption><\/figure>    <h2 class=\"wp-block-heading\" id=\"h-what-is-a-peanut-picker\">Machine de s\u00e9lecteur d'arachide \u00e0 vendre<\/h2>    <div class=\"wp-block-media-text is-stacked-on-mobile\"><figure class=\"wp-block-media-text__media\"><img loading=\"lazy\" decoding=\"async\" width=\"720\" height=\"540\" src=\"https:\/\/bestpeanutmachine.com\/wp-content\/uploads\/2022\/08\/small-peanut-picking-machine.jpg\" alt=\"petite machine \u00e0 cueillir des cacahu\u00e8tes\" class=\"wp-image-90 size-full\" srcset=\"https:\/\/bestpeanutmachine.com\/wp-content\/uploads\/2022\/08\/small-peanut-picking-machine.jpg 720w, https:\/\/bestpeanutmachine.com\/wp-content\/uploads\/2022\/08\/small-peanut-picking-machine-300x225.jpg 300w\" sizes=\"auto, (max-width: 720px) 100vw, 720px\" \/><\/figure><div class=\"wp-block-media-text__content\"> <ul class=\"wp-block-list\"> <li><strong>Picking efficace aux arachides<\/strong> - Con\u00e7u pour s\u00e9parer les fruits d'arachide des semis rapidement et facilement.<\/li>    <li><strong>Moderne et automatis\u00e9<\/strong> - Un grand progr\u00e8s dans le traitement des arachides, s'alignant avec la tendance de l'agriculture automatis\u00e9e.<\/li>    <li><strong>Efficacit\u00e9 plus \u00e9lev\u00e9e<\/strong> - d\u00e9passe de loin la cueillette manuelle traditionnelle en arachide en vitesse et en productivit\u00e9.<\/li> <\/ul> <\/div><\/div>    <div class=\"wp-block-media-text has-media-on-the-right is-stacked-on-mobile\"><div class=\"wp-block-media-text__content\"> <ul class=\"wp-block-list\"> <li><strong>Deux mod\u00e8les disponibles<\/strong>: <ul class=\"wp-block-list\"> <li><strong>Petite machine de cueillette d'arachide<\/strong> - Capacit\u00e9 de 800 \u00e0 1 000 kg par heure.<\/li>    <li><strong>Grande machine de cueillette d'arachide<\/strong> - Capacit\u00e9 de 1100 kg par heure.<\/li> <\/ul> <\/li>    <li><strong>Haute qualit\u00e9 et abordabilit\u00e9<\/strong> - Machines durables avec des prix comp\u00e9titifs.<\/li> <\/ul> <\/div><figure class=\"wp-block-media-text__media\"><img loading=\"lazy\" decoding=\"async\" width=\"720\" height=\"540\" src=\"https:\/\/bestpeanutmachine.com\/wp-content\/uploads\/2022\/08\/large-capacity-peanut-picker-1.jpg\" alt=\"cueilleur d&#039;arachides de grande capacit\u00e9\" class=\"wp-image-95 size-full\" srcset=\"https:\/\/bestpeanutmachine.com\/wp-content\/uploads\/2022\/08\/large-capacity-peanut-picker-1.jpg 720w, https:\/\/bestpeanutmachine.com\/wp-content\/uploads\/2022\/08\/large-capacity-peanut-picker-1-300x225.jpg 300w\" sizes=\"auto, (max-width: 720px) 100vw, 720px\" \/><\/figure><\/div>    <h2 class=\"wp-block-heading\" id=\"h-features-of-groundnut-picker-machine\">Caract\u00e9ristiques de la machine \u00e0 r\u00e9colter les arachides <\/h2>    <div class=\"wp-block-media-text is-stacked-on-mobile\"><figure class=\"wp-block-media-text__media\"><img loading=\"lazy\" decoding=\"async\" width=\"720\" height=\"540\" src=\"https:\/\/bestpeanutmachine.com\/wp-content\/uploads\/2022\/08\/groundnut-picking-machine-for-business.webp\" alt=\"machine de cueillette d&#039;arachides pour les entreprises\" class=\"wp-image-227 size-full\" srcset=\"https:\/\/bestpeanutmachine.com\/wp-content\/uploads\/2022\/08\/groundnut-picking-machine-for-business.webp 720w, https:\/\/bestpeanutmachine.com\/wp-content\/uploads\/2022\/08\/groundnut-picking-machine-for-business-300x225.webp 300w, https:\/\/bestpeanutmachine.com\/wp-content\/uploads\/2022\/08\/groundnut-picking-machine-for-business-16x12.webp 16w\" sizes=\"auto, (max-width: 720px) 100vw, 720px\" \/><\/figure><div class=\"wp-block-media-text__content\"> <ul class=\"wp-block-list\"> <li><strong class=\"\">\u00c9ventail de vent fort optimis\u00e9<\/strong>. \u00c9poustoufle efficacement les impuret\u00e9s pendant le processus de cueillette, assurant des fruits d'arachide plus propres.<\/li>    <li><strong class=\"\">Pneus larges<\/strong>. Offrez une excellente stabilit\u00e9 \u00e0 la machine lorsque vous fonctionnez sur des terrains agricoles in\u00e9gaux.<\/li>    <li><strong class=\"\">Performance de transmission stable<\/strong>. Assure une transmission de puissance lisse et fiable, r\u00e9duisant les d\u00e9faillances m\u00e9caniques et am\u00e9liorant l'efficacit\u00e9 du travail.<\/li>    <li><strong class=\"\">Deux barres de support \u00e0 l'entr\u00e9e<\/strong>. Am\u00e9liorez la stabilit\u00e9 globale de la machine, l'emp\u00eachant de basculer pendant le fonctionnement.<\/li> <\/ul> <\/div><\/div>    <div class=\"wp-block-media-text has-media-on-the-right is-stacked-on-mobile\"><div class=\"wp-block-media-text__content\"> <ul class=\"wp-block-list\"> <li><strong class=\"\">Ouverture d'alimentation plus large<\/strong>. Permet le transfert automatique des semis d'arachide, la minimisation de l'intervention manuelle et l'augmentation de la vitesse de traitement.<\/li>    <li><strong class=\"\">Roues<\/strong>. \u00c9conomisez consid\u00e9rablement la main-d'\u0153uvre en permettant un mouvement et un transport faciles de la machine autour de la ferme.<\/li>    <li><strong class=\"\">Fixation de vis en U<\/strong>. Offre plus de flexibilit\u00e9 et de commodit\u00e9 dans l'installation et le r\u00e9glage, s'adaptant \u00e0 diff\u00e9rentes conditions de travail.<\/li>    <li><strong class=\"\">Engrais et chargement automatique<\/strong>. Simplifie consid\u00e9rablement le processus post-r\u00e9colte, et le d\u00e9montage flexible du s\u00e9lecteur d'arachide lui-m\u00eame facilite la maintenance et le stockage.<\/li> <\/ul> <\/div><figure class=\"wp-block-media-text__media\"><img loading=\"lazy\" decoding=\"async\" width=\"720\" height=\"540\" src=\"https:\/\/bestpeanutmachine.com\/wp-content\/uploads\/2022\/08\/groundnut-picking-machine.webp\" alt=\"machine \u00e0 cueillir les arachides\" class=\"wp-image-228 size-full\" srcset=\"https:\/\/bestpeanutmachine.com\/wp-content\/uploads\/2022\/08\/groundnut-picking-machine.webp 720w, https:\/\/bestpeanutmachine.com\/wp-content\/uploads\/2022\/08\/groundnut-picking-machine-300x225.webp 300w, https:\/\/bestpeanutmachine.com\/wp-content\/uploads\/2022\/08\/groundnut-picking-machine-16x12.webp 16w\" sizes=\"auto, (max-width: 720px) 100vw, 720px\" \/><\/figure><\/div>    <h2 class=\"wp-block-heading\" id=\"h-how-does-a-peanut-picker-work\">Comment fonctionne un cueilleur de cacahu\u00e8tes ?<\/h2>    <div class=\"wp-block-media-text is-stacked-on-mobile\"><figure class=\"wp-block-media-text__media\"><img loading=\"lazy\" decoding=\"async\" width=\"720\" height=\"540\" src=\"https:\/\/bestpeanutmachine.com\/wp-content\/uploads\/2022\/08\/Peanut-Picker-Machine-with-good-price.webp\" alt=\"Machine de cueillette d&#039;arachides \u00e0 bon prix\" class=\"wp-image-231 size-full\" srcset=\"https:\/\/bestpeanutmachine.com\/wp-content\/uploads\/2022\/08\/Peanut-Picker-Machine-with-good-price.webp 720w, https:\/\/bestpeanutmachine.com\/wp-content\/uploads\/2022\/08\/Peanut-Picker-Machine-with-good-price-300x225.webp 300w, https:\/\/bestpeanutmachine.com\/wp-content\/uploads\/2022\/08\/Peanut-Picker-Machine-with-good-price-16x12.webp 16w\" sizes=\"auto, (max-width: 720px) 100vw, 720px\" \/><\/figure><div class=\"wp-block-media-text__content\"> <ul class=\"wp-block-list\"> <li><strong>Activation de la source d'alimentation<\/strong> - La machine est entra\u00een\u00e9e par un moteur \u00e9lectrique ou un moteur diesel.<\/li>    <li><strong>Alimentation aux arachides<\/strong> - Les arachides entrent dans le syst\u00e8me de cueillette des fruits \u00e0 travers l'entr\u00e9e.<\/li>    <li><strong>M\u00e9canisme de cueillette de tambour<\/strong> - La tige de cueillette de tambour en rotation d\u00e9tache les arachides des tiges \u00e0 l'aide d'un flux d'air.<\/li>    <li><strong>Processus de s\u00e9paration<\/strong> - Les fruits et les d\u00e9bris tombent \u00e0 travers les trous intaglio sur l'\u00e9cran vibrant.<\/li> <\/ul> <\/div><\/div>    <div class=\"wp-block-media-text has-media-on-the-right is-stacked-on-mobile\"><div class=\"wp-block-media-text__content\"> <ul class=\"wp-block-list\"> <li><strong>D\u00e9charge de tracas<\/strong> - Les tiges s\u00e9par\u00e9es sortent par le port de d\u00e9charge.<\/li>    <li><strong>Retrait des d\u00e9bris<\/strong> - Les fruits errants sur l'\u00e9cran vibrant se d\u00e9placent vers le port d'aspiration du ventilateur, o\u00f9 les d\u00e9bris sont d\u00e9charg\u00e9s.<\/li>    <li><strong>Collection de cacahu\u00e8tes propres<\/strong> - Les arachides nettoy\u00e9es sont s\u00e9lectionn\u00e9es et collect\u00e9es, terminant le processus.<\/li> <\/ul> <\/div><figure class=\"wp-block-media-text__media\"><img loading=\"lazy\" decoding=\"async\" width=\"720\" height=\"540\" src=\"https:\/\/bestpeanutmachine.com\/wp-content\/uploads\/2022\/08\/Peanut-Picker-Machine.webp\" alt=\"Machine \u00e0 cueillir des cacahu\u00e8tes\" class=\"wp-image-232 size-full\" srcset=\"https:\/\/bestpeanutmachine.com\/wp-content\/uploads\/2022\/08\/Peanut-Picker-Machine.webp 720w, https:\/\/bestpeanutmachine.com\/wp-content\/uploads\/2022\/08\/Peanut-Picker-Machine-300x225.webp 300w, https:\/\/bestpeanutmachine.com\/wp-content\/uploads\/2022\/08\/Peanut-Picker-Machine-16x12.webp 16w\" sizes=\"auto, (max-width: 720px) 100vw, 720px\" \/><\/figure><\/div>    <h2 class=\"wp-block-heading\" id=\"h-small-type-peanut-picker-parameters\">Param\u00e8tres du cueilleur d'arachides de petit type<\/h2>    <figure class=\"wp-block-table\"><table><tbody><tr><td>Mod\u00e8le<\/td><td>5HZ-600<\/td><\/tr><tr><td>Taille<\/td><td>1960*1500*1370mm<\/td><\/tr><tr><td>Poids<\/td><td>150Kg<\/td><\/tr><tr><td>Pouvoir<\/td><td>Moteur 7,5 kW, moteur diesel 10 CV<\/td><\/tr><tr><td>Capacit\u00e9<\/td><td>800-1000kg\/heure<\/td><\/tr><tr><td>Tarif de pr\u00e9paration<\/td><td>&gt;99%<\/td><\/tr><tr><td>Taux de rupture<\/td><td>\uff1c1%<\/td><\/tr><tr><td>Taux d'impuret\u00e9s<\/td><td>\uff1c1%<\/td><\/tr><tr><td>40QG<\/td><td>45\u00a0ensembles<\/td><\/tr><\/tbody><\/table><figcaption class=\"wp-element-caption\">Param\u00e8tres de la machine \u00e0 cueillir les cacahu\u00e8tes<\/figcaption><\/figure>    <figure class=\"wp-block-image size-full\"><img loading=\"lazy\" decoding=\"async\" width=\"720\" height=\"540\" src=\"https:\/\/bestpeanutmachine.com\/wp-content\/uploads\/2022\/08\/small-peanut-picker-features.jpg\" alt=\"caract\u00e9ristiques du petit cueilleur de cacahu\u00e8tes\" class=\"wp-image-96\" srcset=\"https:\/\/bestpeanutmachine.com\/wp-content\/uploads\/2022\/08\/small-peanut-picker-features.jpg 720w, https:\/\/bestpeanutmachine.com\/wp-content\/uploads\/2022\/08\/small-peanut-picker-features-300x225.jpg 300w\" sizes=\"auto, (max-width: 720px) 100vw, 720px\" \/><figcaption class=\"wp-element-caption\">caract\u00e9ristiques du petit cueilleur de cacahu\u00e8tes<\/figcaption><\/figure>    <h2 class=\"wp-block-heading\" id=\"h-large-capacity-peanut-picker-machine\">Machine \u00e0 cueillir des cacahu\u00e8tes de grande capacit\u00e9<\/h2>    <figure class=\"wp-block-table\"><table><tbody><tr><td>Mod\u00e8le<\/td><td>5HZ-1800<\/td><\/tr><tr><td>Pouvoir<\/td><td>25-37kw<\/td><\/tr><tr><td>Vitesse de rotation du rouleau<\/td><td>550 tr\/min<\/td><\/tr><tr><td>Taux de perte<\/td><td>\u22641%<\/td><\/tr><tr><td>Taux cass\u00e9<\/td><td>\u22643%<\/td><\/tr><tr><td>Taux d'impuret\u00e9s<\/td><td>\u22642%<\/td><\/tr><tr><td>Capacit\u00e9<\/td><td>1100 kg\/h (arachide humide)<\/td><\/tr><tr><td>Dimension d'entr\u00e9e<\/td><td>1100*700mm<\/td><\/tr><tr><td>Les dimensions de l'\u00e9cran<\/td><td>1050mm<\/td><\/tr><tr><td>Poids<\/td><td>720 kg<\/td><\/tr><tr><td>Le mod\u00e8le de s\u00e9paration et de nettoyage<\/td><td>Crible vibrant et ventilateur de tirage<\/td><\/tr><tr><td>La dimension de l'\u00e9cran<\/td><td>3340*640mm<\/td><\/tr><tr><td>Dimension de la machine<\/td><td>5800*2100*1900mm<\/td><\/tr><tr><td>Le diam\u00e8tre du rouleau<\/td><td>600mm<\/td><\/tr><tr><td>La longueur du rouleau<\/td><td>1800mm<\/td><\/tr><tr><td>Puissance de l'unit\u00e9 de capacit\u00e9<\/td><td>\u226530kg\/kWh<\/td><\/tr><\/tbody><\/table><figcaption class=\"wp-element-caption\">Param\u00e8tres de la machine \u00e0 cueillir les cacahu\u00e8tes<\/figcaption><\/figure>    <figure class=\"wp-block-image size-full\"><img loading=\"lazy\" decoding=\"async\" width=\"720\" height=\"540\" src=\"https:\/\/bestpeanutmachine.com\/wp-content\/uploads\/2022\/08\/large-groundnut-picking-machine.jpg\" alt=\"grande machine \u00e0 cueillir les arachides\" class=\"wp-image-97\" srcset=\"https:\/\/bestpeanutmachine.com\/wp-content\/uploads\/2022\/08\/large-groundnut-picking-machine.jpg 720w, https:\/\/bestpeanutmachine.com\/wp-content\/uploads\/2022\/08\/large-groundnut-picking-machine-300x225.jpg 300w\" sizes=\"auto, (max-width: 720px) 100vw, 720px\" \/><figcaption class=\"wp-element-caption\">grande machine \u00e0 cueillir les arachides<\/figcaption><\/figure>    <h2 class=\"wp-block-heading\" id=\"h-what-is-the-peanut-picker-machine-price\">Quel est le prix de la machine \u00e0 cueillir des cacahu\u00e8tes\u00a0?<\/h2>    <p>Les prix des machines \u00e0 cueillir des cacahu\u00e8tes varient en raison de divers param\u00e8tres, mat\u00e9riaux et structures. Le co\u00fbt d\u2019un ramasseur d\u2019arachides n\u2019est donc pas le m\u00eame. Et nous prenons en charge des services de personnalisation solides pour r\u00e9pondre \u00e0 vos demandes sp\u00e9cifiques. Il y aura donc un devis sp\u00e9cifique et d\u00e9taill\u00e9 pour vos besoins, tels que les types, mod\u00e8les, syst\u00e8mes \u00e9lectriques, mat\u00e9riaux, etc. <\/p>    <p>En outre, le prix de la machine \u00e0 cueillir des cacahu\u00e8tes est \u00e9troitement li\u00e9 \u00e0 de nombreux facteurs externes tels que les frais d'exp\u00e9dition et le taux de change international. C'est donc complexe. Faites-nous part de vos besoins et nous vous proposerons la machine la plus adapt\u00e9e et vous proposerons le meilleur et le dernier prix.<\/p>    <figure class=\"wp-block-gallery has-nested-images columns-default is-cropped wp-block-gallery-2 is-layout-flex wp-block-gallery-is-layout-flex\"> <figure class=\"wp-block-image size-large\"><img loading=\"lazy\" decoding=\"async\" width=\"720\" height=\"540\" data-id=\"229\" src=\"https:\/\/bestpeanutmachine.com\/wp-content\/uploads\/2022\/08\/Peanut-Picker-Machine-for-sale.webp\" alt=\"Machine de ramassage d&#039;arachides \u00e0 vendre\" class=\"wp-image-229\" srcset=\"https:\/\/bestpeanutmachine.com\/wp-content\/uploads\/2022\/08\/Peanut-Picker-Machine-for-sale.webp 720w, https:\/\/bestpeanutmachine.com\/wp-content\/uploads\/2022\/08\/Peanut-Picker-Machine-for-sale-300x225.webp 300w, https:\/\/bestpeanutmachine.com\/wp-content\/uploads\/2022\/08\/Peanut-Picker-Machine-for-sale-16x12.webp 16w\" sizes=\"auto, (max-width: 720px) 100vw, 720px\" \/><figcaption class=\"wp-element-caption\">Machine de ramassage d'arachides \u00e0 vendre<\/figcaption><\/figure>    <figure class=\"wp-block-image size-large\"><img loading=\"lazy\" decoding=\"async\" width=\"720\" height=\"540\" data-id=\"230\" src=\"https:\/\/bestpeanutmachine.com\/wp-content\/uploads\/2022\/08\/peanut-picker-price.webp\" alt=\"prix du cueilleur d&#039;arachides\" class=\"wp-image-230\" srcset=\"https:\/\/bestpeanutmachine.com\/wp-content\/uploads\/2022\/08\/peanut-picker-price.webp 720w, https:\/\/bestpeanutmachine.com\/wp-content\/uploads\/2022\/08\/peanut-picker-price-300x225.webp 300w, https:\/\/bestpeanutmachine.com\/wp-content\/uploads\/2022\/08\/peanut-picker-price-16x12.webp 16w\" sizes=\"auto, (max-width: 720px) 100vw, 720px\" \/><figcaption class=\"wp-element-caption\">prix du cueilleur d'arachides<\/figcaption><\/figure> <\/figure>    <h2 class=\"wp-block-heading\">Laissez votre message!<\/h2>    <p class=\"translation-block\">La machine \u00e0 ramasser les arachides est non seulement efficace et durable, mais aussi facile \u00e0 utiliser, ce qui en fait un choix id\u00e9al pour vos besoins de r\u00e9colte d'arachides. Pour am\u00e9liorer encore l'efficacit\u00e9 de votre transformation des arachides, nous vous recommandons de l'associer \u00e0 notre <a href=\"https:\/\/bestpeanutmachine.com\/fr\/product\/peanut-shelling-machine\/\" data-type=\"link\" data-id=\"https:\/\/bestpeanutmachine.com\/product\/peanut-shelling-machine\/\">D\u00e9cortiqueuse d'arachides<\/a> et \u00e0 notre <a href=\"https:\/\/bestpeanutmachine.com\/fr\/product\/peanut-roasting-machine\/\" data-type=\"link\" data-id=\"https:\/\/bestpeanutmachine.com\/product\/peanut-roasting-machine\/\">Torr\u00e9facteur d'arachides<\/a>. <\/p>    <p>Cette combinaison offre un flux de travail transparent depuis la r\u00e9colte jusqu'\u00e0 la transformation, augmentant consid\u00e9rablement l'efficacit\u00e9 de la production et garantissant la qualit\u00e9 et le rendement de vos produits \u00e0 base d'arachide. <\/p>    <p class=\"translation-block\">Contactez-nous d\u00e8s aujourd'hui pour en savoir plus et d\u00e9couvrir la commodit\u00e9 et l'efficacit\u00e9 de nos solutions compl\u00e8tes de transformation des <a href=\"https:\/\/en.wikipedia.org\/wiki\/Peanut\" data-type=\"link\" data-id=\"https:\/\/en.wikipedia.org\/wiki\/Peanut\" target=\"_blank\" rel=\"noopener\">arachides<\/a>.<\/p>    <figure class=\"wp-block-image size-full\"><img loading=\"lazy\" decoding=\"async\" width=\"720\" height=\"540\" src=\"https:\/\/bestpeanutmachine.com\/wp-content\/uploads\/2022\/08\/groundnut-picker.webp\" alt=\"cueilleur d&#039;arachides\" class=\"wp-image-233\" srcset=\"https:\/\/bestpeanutmachine.com\/wp-content\/uploads\/2022\/08\/groundnut-picker.webp 720w, https:\/\/bestpeanutmachine.com\/wp-content\/uploads\/2022\/08\/groundnut-picker-300x225.webp 300w, https:\/\/bestpeanutmachine.com\/wp-content\/uploads\/2022\/08\/groundnut-picker-16x12.webp 16w\" sizes=\"auto, (max-width: 720px) 100vw, 720px\" \/><figcaption class=\"wp-element-caption\">cueilleur d'arachides<\/figcaption><\/figure>","protected":false},"excerpt":{"rendered":"<p>La machine de cueillette d'arachides est utilis\u00e9e pour cueillir des fruits d'arachide apr\u00e8s la r\u00e9colte. C'est un excellent \u00e9quipement de transformation des arachides pour les agriculteurs. <\/p>","protected":false},"author":1,"featured_media":87,"parent":0,"template":"","tags":[22,8],"product-type":[6,69],"class_list":["post-37","product","type-product","status-publish","has-post-thumbnail","hentry","tag-peanut-picker","tag-peanut-processing-machine","product-type-product","product-type-peanut-machine"],"_links":{"self":[{"href":"https:\/\/bestpeanutmachine.com\/fr\/wp-json\/wp\/v2\/product\/37","targetHints":{"allow":["GET"]}}],"collection":[{"href":"https:\/\/bestpeanutmachine.com\/fr\/wp-json\/wp\/v2\/product"}],"about":[{"href":"https:\/\/bestpeanutmachine.com\/fr\/wp-json\/wp\/v2\/types\/product"}],"author":[{"embeddable":true,"href":"https:\/\/bestpeanutmachine.com\/fr\/wp-json\/wp\/v2\/users\/1"}],"wp:featuredmedia":[{"embeddable":true,"href":"https:\/\/bestpeanutmachine.com\/fr\/wp-json\/wp\/v2\/media\/87"}],"wp:attachment":[{"href":"https:\/\/bestpeanutmachine.com\/fr\/wp-json\/wp\/v2\/media?parent=37"}],"wp:term":[{"taxonomy":"post_tag","embeddable":true,"href":"https:\/\/bestpeanutmachine.com\/fr\/wp-json\/wp\/v2\/tags?post=37"},{"taxonomy":"product-type","embeddable":true,"href":"https:\/\/bestpeanutmachine.com\/fr\/wp-json\/wp\/v2\/product-type?post=37"}],"curies":[{"name":"wp","href":"https:\/\/api.w.org\/{rel}","templated":true}]}}