{"id":377,"date":"2025-08-28T16:02:34","date_gmt":"2025-08-28T08:02:34","guid":{"rendered":"https:\/\/bestpeanutmachine.com\/?post_type=product&#038;p=377"},"modified":"2025-09-08T11:35:36","modified_gmt":"2025-09-08T03:35:36","slug":"peanut-powder-machine","status":"publish","type":"product","link":"https:\/\/bestpeanutmachine.com\/fr\/product\/peanut-powder-machine\/","title":{"rendered":"Machine \u00e0 poudre d'arachide pour le broyage de noix de cajou"},"content":{"rendered":"<p class=\"translation-block\">Taizy <strong>peanut powder machine<\/strong> est une meuleuse industrielle pour fabriquer de la poudre de noix, comme de l'arachide, de la noix de cajou, de l'amande, etc. Elle peut produire 200-600 kg de poudre 30 mailles par heure, donc elle est toujours une partie indispensable de diverses lignes de production d'aliments \u00e0 base de noix.<\/p>    <p>La machine n'occupe qu'une petite surface et est facile \u00e0 utiliser. Elle est donc populaire parmi les usines de transformation alimentaire dans divers pays, tels que l'Inde, les \u00c9tats-Unis, le Canada et l'Australie.<\/p>    <h2 class=\"wp-block-heading\"><strong>Vid\u00e9o de test de la machine de broyage d'arachide<\/strong><\/h2>    <p>Cette machine de fraisage de poudre de cacahu\u00e8te ne peut traiter que des cacahu\u00e8tes \u00e9pluch\u00e9es et d'autres noix. Voici une vid\u00e9o de notre usine sur le fonctionnement de la machine \u00e0 poudre de cacahu\u00e8te.<\/p>    <figure class=\"wp-block-embed is-type-video is-provider-youtube wp-block-embed-youtube wp-embed-aspect-16-9 wp-has-aspect-ratio\"><div class=\"wp-block-embed__wrapper\"> <iframe loading=\"lazy\" title=\"\ud83e\udd5cBroyeur de Poudre de Cacahu\u00e8te pour Boulangerie et Collations | Machine de Meulage de Noix Industrielle#peanutpowder\" width=\"500\" height=\"281\" src=\"https:\/\/www.youtube.com\/embed\/F2I767Nd9lc?feature=oembed\" frameborder=\"0\" allow=\"accelerometer; autoplay; clipboard-write; encrypted-media; gyroscope; picture-in-picture; web-share\" referrerpolicy=\"strict-origin-when-cross-origin\" allowfullscreen><\/iframe> <\/div><figcaption class=\"wp-element-caption\">vid\u00e9o de fonctionnement de la machine \u00e0 poudre de cacahu\u00e8te<\/figcaption><\/figure>    <h2 class=\"wp-block-heading\"><strong>Avantages de la machine \u00e0 poudre d'arachide Taizy<\/strong><\/h2>    <ol class=\"wp-block-list\"> <li>Cette machine multifonctionnelle de broyage des noix peut<strong> traiter des mat\u00e9riaux huileux<\/strong>, comme le s\u00e9same, l\u2019arachide, etc.<\/li>    <li>Compar\u00e9 au broyage manuel, cette machine <strong>d\u00e9livre une production horaire plus \u00e9lev\u00e9e,<\/strong> 200-600kg\/h, et permet un fonctionnement continu. Il suffit d\u2019un seul broyage pour obtenir le produit fini.<\/li>    <li>Le broyeur de farine d'amande dispose de <strong>vitesse r\u00e9glable et finesse personnalisable<\/strong>, donc elle convient \u00e0 diverses applications alimentaires (par exemple, p\u00e2tisserie, poudre de prot\u00e9ines).<\/li>    <li>Le r\u00e9sultat <strong>poudre uniforme de 30 mesh <\/strong>r\u00e9pond parfaitement aux exigences de traitement des industries de la boulangerie, de la confiserie et de l'assaisonnement.<\/li>    <li>Machine de broyage de cajou Taizy <strong>peut \u00eatre personnalis\u00e9e avec du mat\u00e9riau 304<\/strong>, assurant efficacement la s\u00e9curit\u00e9 alimentaire et r\u00e9pondant aux besoins de machines de haute qualit\u00e9.<\/li>    <li>Con\u00e7ue pour les petites et moyennes usines, cuisines commerciales et startups, cette petite mais haute capacit\u00e9 de broyage <strong>peut \u00eatre \u00e9quip\u00e9e de roues pour une mobilit\u00e9 facile<\/strong>.<\/li> <\/ol>   <div class=\"wp-block-image\"> <figure class=\"aligncenter size-full\"><img loading=\"lazy\" decoding=\"async\" width=\"720\" height=\"540\" src=\"https:\/\/bestpeanutmachine.com\/wp-content\/uploads\/2025\/08\/peanut-powder-processing-machine-with-wheels.webp\" alt=\"machine de traitement de poudre de cacahu\u00e8te avec roues\" class=\"wp-image-383\" srcset=\"https:\/\/bestpeanutmachine.com\/wp-content\/uploads\/2025\/08\/peanut-powder-processing-machine-with-wheels.webp 720w, https:\/\/bestpeanutmachine.com\/wp-content\/uploads\/2025\/08\/peanut-powder-processing-machine-with-wheels-300x225.webp 300w, https:\/\/bestpeanutmachine.com\/wp-content\/uploads\/2025\/08\/peanut-powder-processing-machine-with-wheels-16x12.webp 16w\" sizes=\"auto, (max-width: 720px) 100vw, 720px\" \/><figcaption class=\"wp-element-caption\">machine de traitement de poudre de cacahu\u00e8te avec roues<\/figcaption><\/figure> <\/div>   <h2 class=\"wp-block-heading\"><strong>Sp\u00e9cifications de la machine de fabrication de poudre d'amande<\/strong><\/h2>    <figure class=\"wp-block-table\"><table class=\"has-fixed-layout\"><tbody><tr><td>Pouvoir<\/td><td class=\"has-text-align-center\" data-align=\"center\">3 KW<\/td><\/tr><tr><td>Capacit\u00e9<\/td><td class=\"has-text-align-center\" data-align=\"center\">200-600 kg\/h<\/td><\/tr><tr><td>Tension<\/td><td class=\"has-text-align-center\" data-align=\"center\">380 V<\/td><\/tr><tr><td>Fr\u00e9quence<\/td><td class=\"has-text-align-center\" data-align=\"center\">50 HZ<\/td><\/tr><tr><td>Dimensions<\/td><td class=\"has-text-align-center\" data-align=\"center\">1200x1050x1400 mm<\/td><\/tr><tr><td>Finesse<\/td><td class=\"has-text-align-center\" data-align=\"center\">Environ 30 mailles<\/td><\/tr><tr><td>Mat\u00e9riaux<\/td><td class=\"has-text-align-center\" data-align=\"center\">SUS201, personnalisation SUS304 optionnelle<\/td><\/tr><\/tbody><\/table><figcaption class=\"wp-element-caption\">param\u00e8tres techniques de la machine de fraisage de poudre de cacahu\u00e8te<\/figcaption><\/figure>    <h2 class=\"wp-block-heading\"><strong>Principe de fonctionnement de la machine de mouture de poudre d'arachide<\/strong><\/h2>    <p>La machine adopte une structure de concassage \u00e0 trois \u00e9tapes pour produire une poudre de noix uniforme :<\/p>    <ul class=\"wp-block-list\"> <li>Les deux premi\u00e8res \u00e9tapes utilisent des rouleaux dent\u00e9s (rouleaux rainur\u00e9s) pour pr\u00e9-broyer et casser les cacahu\u00e8tes en plus petites granules.<\/li>    <li>La derni\u00e8re \u00e9tape utilise des rouleaux lisses pour moudre et frotter les cacahu\u00e8tes broy\u00e9es en fine poudre.<\/li> <\/ul>    <p>Chaque \u00e9tape a deux rouleaux, et il y a un total de six rouleaux dans ce broyeur de farine d'amande. Ce design permet un concassage progressif et un broyage fin, ce qui donne une taille de particule stable pour obtenir une poudre de taille uniforme.<\/p>    <p>Si vous n'utilisez que la plaque et s\u00e9parez les rouleaux de broyage, le produit fini sera granulaire au-dessus de 2 mm, mais la taille ne sera pas si uniforme.<\/p>    <figure class=\"wp-block-gallery has-nested-images columns-default is-cropped wp-block-gallery-2 is-layout-flex wp-block-gallery-is-layout-flex\"> <figure class=\"wp-block-image size-large\"><img loading=\"lazy\" decoding=\"async\" width=\"720\" height=\"540\" data-id=\"384\" src=\"https:\/\/bestpeanutmachine.com\/wp-content\/uploads\/2025\/08\/first-two-stage-of-cashew-grinding-machine.webp\" alt=\"deux premi\u00e8res \u00e9tapes de la machine de broyage de noix de cajou\" class=\"wp-image-384\" srcset=\"https:\/\/bestpeanutmachine.com\/wp-content\/uploads\/2025\/08\/first-two-stage-of-cashew-grinding-machine.webp 720w, https:\/\/bestpeanutmachine.com\/wp-content\/uploads\/2025\/08\/first-two-stage-of-cashew-grinding-machine-300x225.webp 300w, https:\/\/bestpeanutmachine.com\/wp-content\/uploads\/2025\/08\/first-two-stage-of-cashew-grinding-machine-16x12.webp 16w\" sizes=\"auto, (max-width: 720px) 100vw, 720px\" \/><figcaption class=\"wp-element-caption\">deux premi\u00e8res \u00e9tapes de la machine de broyage de noix de cajou<\/figcaption><\/figure>    <figure class=\"wp-block-image size-full\"><img loading=\"lazy\" decoding=\"async\" width=\"720\" height=\"540\" data-id=\"386\" src=\"https:\/\/bestpeanutmachine.com\/wp-content\/uploads\/2025\/08\/final-stage-of-almond-flour-grinder.webp\" alt=\"derni\u00e8re \u00e9tape du broyeur de farine d&#039;amande\" class=\"wp-image-386\" srcset=\"https:\/\/bestpeanutmachine.com\/wp-content\/uploads\/2025\/08\/final-stage-of-almond-flour-grinder.webp 720w, https:\/\/bestpeanutmachine.com\/wp-content\/uploads\/2025\/08\/final-stage-of-almond-flour-grinder-300x225.webp 300w, https:\/\/bestpeanutmachine.com\/wp-content\/uploads\/2025\/08\/final-stage-of-almond-flour-grinder-16x12.webp 16w\" sizes=\"auto, (max-width: 720px) 100vw, 720px\" \/><figcaption class=\"wp-element-caption\">derni\u00e8re \u00e9tape du broyeur de farine d'amande<\/figcaption><\/figure> <\/figure>    <h2 class=\"wp-block-heading\"><strong>Applications de la machine \u00e0 poudre d'arachide<\/strong><\/h2>    <p>Nous savons que les machines de transformation de la farine d'arachide peuvent broyer les noix en une poudre fine, mais pourquoi la farine d'arachide et la farine de cajou sont-elles si populaires ?<br>Peanut flour is commonly used in snacks, sauces, and peanut butter bases. Therefore, it&#8217;s essential equipment for peanut food processing plants.<\/p>    <p>Les produits trait\u00e9s par notre machine \u00e0 poudre d'arachide peuvent \u00e9galement \u00eatre utilis\u00e9s pour les enrobages de fruits \u00e0 coque dans les produits de boulangerie, les bonbons et les desserts. Donc certains fournisseurs d'ingr\u00e9dients pour boulangerie demandent souvent cette machine pour compl\u00e9ter leur ligne de production.<\/p>    <p>Dans l'industrie des boissons, les boissons \u00e0 base de fruits \u00e0 coque telles que le lait d'arachide et la poudre de lait d'amande n\u00e9cessitent de la farine de noix comme ingr\u00e9dient. Certaines marques utilisent cette machine pour le pr\u00e9traitement afin d'obtenir de la poudre d'arachide, donnant \u00e0 leurs boissons un go\u00fbt plus raffin\u00e9.<\/p>    <figure class=\"wp-block-gallery has-nested-images columns-2 is-cropped wp-block-gallery-3 is-layout-flex wp-block-gallery-is-layout-flex\"> <figure class=\"wp-block-image size-large\"><img loading=\"lazy\" decoding=\"async\" width=\"720\" height=\"540\" data-id=\"388\" src=\"https:\/\/bestpeanutmachine.com\/wp-content\/uploads\/2025\/08\/peanut-butter.webp\" alt=\"beurre d&#039;arachide\" class=\"wp-image-388\" srcset=\"https:\/\/bestpeanutmachine.com\/wp-content\/uploads\/2025\/08\/peanut-butter.webp 720w, https:\/\/bestpeanutmachine.com\/wp-content\/uploads\/2025\/08\/peanut-butter-300x225.webp 300w, https:\/\/bestpeanutmachine.com\/wp-content\/uploads\/2025\/08\/peanut-butter-16x12.webp 16w\" sizes=\"auto, (max-width: 720px) 100vw, 720px\" \/><figcaption class=\"wp-element-caption\">beurre d'arachide<\/figcaption><\/figure>    <figure class=\"wp-block-image size-large\"><img loading=\"lazy\" decoding=\"async\" width=\"720\" height=\"540\" data-id=\"387\" src=\"https:\/\/bestpeanutmachine.com\/wp-content\/uploads\/2025\/08\/almond-flour-cake.webp\" alt=\"g\u00e2teau de farine d&#039;amande\" class=\"wp-image-387\" srcset=\"https:\/\/bestpeanutmachine.com\/wp-content\/uploads\/2025\/08\/almond-flour-cake.webp 720w, https:\/\/bestpeanutmachine.com\/wp-content\/uploads\/2025\/08\/almond-flour-cake-300x225.webp 300w, https:\/\/bestpeanutmachine.com\/wp-content\/uploads\/2025\/08\/almond-flour-cake-16x12.webp 16w\" sizes=\"auto, (max-width: 720px) 100vw, 720px\" \/><figcaption class=\"wp-element-caption\">g\u00e2teau de farine d'amande<\/figcaption><\/figure>    <figure class=\"wp-block-image size-large\"><img loading=\"lazy\" decoding=\"async\" width=\"720\" height=\"540\" data-id=\"389\" src=\"https:\/\/bestpeanutmachine.com\/wp-content\/uploads\/2025\/08\/peanut-milk.webp\" alt=\"lait de cacahu\u00e8te\" class=\"wp-image-389\" srcset=\"https:\/\/bestpeanutmachine.com\/wp-content\/uploads\/2025\/08\/peanut-milk.webp 720w, https:\/\/bestpeanutmachine.com\/wp-content\/uploads\/2025\/08\/peanut-milk-300x225.webp 300w, https:\/\/bestpeanutmachine.com\/wp-content\/uploads\/2025\/08\/peanut-milk-16x12.webp 16w\" sizes=\"auto, (max-width: 720px) 100vw, 720px\" \/><figcaption class=\"wp-element-caption\">lait de cacahu\u00e8te<\/figcaption><\/figure>    <figure class=\"wp-block-image size-large\"><img loading=\"lazy\" decoding=\"async\" width=\"720\" height=\"540\" data-id=\"390\" src=\"https:\/\/bestpeanutmachine.com\/wp-content\/uploads\/2025\/08\/peanut-protein-powder.webp\" alt=\"poudre de prot\u00e9ines de cacahu\u00e8te\" class=\"wp-image-390\" srcset=\"https:\/\/bestpeanutmachine.com\/wp-content\/uploads\/2025\/08\/peanut-protein-powder.webp 720w, https:\/\/bestpeanutmachine.com\/wp-content\/uploads\/2025\/08\/peanut-protein-powder-300x225.webp 300w, https:\/\/bestpeanutmachine.com\/wp-content\/uploads\/2025\/08\/peanut-protein-powder-16x12.webp 16w\" sizes=\"auto, (max-width: 720px) 100vw, 720px\" \/><figcaption class=\"wp-element-caption\">poudre de prot\u00e9ines de cacahu\u00e8te<\/figcaption><\/figure> <\/figure>    <p>Si vous \u00eates int\u00e9ress\u00e9 par ce type de machine ou avez des questions \u00e0 son sujet, veuillez me contacter et m'indiquer vos interrogations. Nous vous fournirons un devis gratuit et une liste de mod\u00e8les.<\/p>    <p class=\"translation-block\">Nous proposons \u00e9galement la <a href=\"https:\/\/bestpeanutmachine.com\/fr\/product\/peanut-butter-production-line\/\">ligne de production de beurre d'arachide<\/a> qui inclut cet \u00e9quipement. Si vous souhaitez en savoir plus sur les lignes de production de beurre d'arachide, veuillez nous contacter directement.<\/p>","protected":false},"excerpt":{"rendered":"<p>La machine \u00e0 poudre d'arachide Taizy est une machine industrielle de broyage pour la fabrication de poudre de noix, telles que : cacahu\u00e8te, noix de cajou, amande, etc. Elle peut produire 200-600 kg de poudre de 30-mesh par heure. Elle est populaire parmi les usines de transformation alimentaire dans divers pays, tels que : l'Inde, les \u00c9tats-Unis, le Canada et l'Australie.<\/p>","protected":false},"author":1,"featured_media":382,"parent":0,"template":"","tags":[11],"product-type":[69,6],"class_list":["post-377","product","type-product","status-publish","has-post-thumbnail","hentry","tag-peanut","product-type-peanut-machine","product-type-product"],"_links":{"self":[{"href":"https:\/\/bestpeanutmachine.com\/fr\/wp-json\/wp\/v2\/product\/377","targetHints":{"allow":["GET"]}}],"collection":[{"href":"https:\/\/bestpeanutmachine.com\/fr\/wp-json\/wp\/v2\/product"}],"about":[{"href":"https:\/\/bestpeanutmachine.com\/fr\/wp-json\/wp\/v2\/types\/product"}],"author":[{"embeddable":true,"href":"https:\/\/bestpeanutmachine.com\/fr\/wp-json\/wp\/v2\/users\/1"}],"wp:featuredmedia":[{"embeddable":true,"href":"https:\/\/bestpeanutmachine.com\/fr\/wp-json\/wp\/v2\/media\/382"}],"wp:attachment":[{"href":"https:\/\/bestpeanutmachine.com\/fr\/wp-json\/wp\/v2\/media?parent=377"}],"wp:term":[{"taxonomy":"post_tag","embeddable":true,"href":"https:\/\/bestpeanutmachine.com\/fr\/wp-json\/wp\/v2\/tags?post=377"},{"taxonomy":"product-type","embeddable":true,"href":"https:\/\/bestpeanutmachine.com\/fr\/wp-json\/wp\/v2\/product-type?post=377"}],"curies":[{"name":"wp","href":"https:\/\/api.w.org\/{rel}","templated":true}]}}